{"id":23229,"date":"2023-10-19T10:17:24","date_gmt":"2023-10-19T08:17:24","guid":{"rendered":"https:\/\/nemji.rs-kovarik.cz\/?page_id=23229"},"modified":"2024-02-28T09:11:21","modified_gmt":"2024-02-28T08:11:21","slug":"spektrum-pece","status":"publish","type":"page","link":"https:\/\/webnemji.azurewebsites.net\/en\/oddeleni\/okbmi\/spektrum-pece\/","title":{"rendered":"Spectrum of provided care"},"content":{"rendered":"<div id=\"cmsmasters_row_6iluctg3hk\" class=\"cmsmasters_row cmsmasters_color_scheme_default cmsmasters_row_top_default cmsmasters_row_bot_default cmsmasters_row_boxed\">\n<div class=\"cmsmasters_row_outer_parent\">\n<div class=\"cmsmasters_row_overlay\"><\/div>\n<div class=\"cmsmasters_row_outer\">\n<div class=\"cmsmasters_row_inner\">\n<div class=\"cmsmasters_row_margin\">\n<div id=\"cmsmasters_column_sybg7he2sg\" class=\"cmsmasters_column one_first\">\n<div class=\"cmsmasters_column_inner\"><div id=\"cmsmasters_heading_b3c74b95a0\" class=\"cmsmasters_heading_wrap cmsmasters_heading_align_center pageheadingtitle\">\n\t<h1 class=\"cmsmasters_heading\"> Odd\u011blen\u00ed klinick\u00e9 biochemie, mikrobiologie a imunologie<\/h1>\n<\/div>\n<\/div><\/div>\n<\/div>\n<\/div>\n<\/div>\n<\/div>\n<\/div>\n<div id=\"cmsmasters_row_ly5ze1hf8e\" class=\"cmsmasters_row cmsmasters_color_scheme_default cmsmasters_row_top_default cmsmasters_row_bot_default cmsmasters_row_boxed\">\n<div class=\"cmsmasters_row_outer_parent\">\n<div class=\"cmsmasters_row_outer\">\n<div class=\"cmsmasters_row_inner\">\n<div class=\"cmsmasters_row_margin\">\n<div id=\"cmsmasters_column_v67ee6nvg7\" class=\"cmsmasters_column one_first\">\n<div class=\"cmsmasters_column_inner\"><div class=\"cmsmasters_text\">\n<p><nav aria-label=\"breadcrumbs\">\n            <div class=\"breadcrumb-container theme1\">\n                <ol>\n                                    <\/ol>\n            <\/div>\n        <\/nav>    <script type=\"application\/ld+json\">\n        {\n            \"@context\": \"http:\/\/schema.org\",\n            \"@type\": \"BreadcrumbList\",\n            \"itemListElement\": [\n                            ]\n        }\n    <\/script>\n   \n    <script>\n            <\/script>\n<\/p>\n<\/div>\n<\/div><\/div>\n<\/div>\n<\/div>\n<\/div>\n<\/div>\n<\/div>\n<div id=\"cmsmasters_row_3f2f8816dd\" class=\"cmsmasters_row cmsmasters_color_scheme_default cmsmasters_row_top_default cmsmasters_row_bot_default cmsmasters_row_boxed\">\n<div class=\"cmsmasters_row_outer_parent\">\n<div class=\"cmsmasters_row_outer\">\n<div class=\"cmsmasters_row_inner\">\n<div class=\"cmsmasters_row_margin\">\n<div id=\"cmsmasters_column_0a1c5940f5\" class=\"cmsmasters_column one_third stickyinfocolumn\">\n<div class=\"cmsmasters_column_inner\"><div id=\"cmsmasters_heading_rva6m2t32d\" class=\"cmsmasters_heading_wrap cmsmasters_heading_align_center\">\n\t<h3 class=\"cmsmasters_heading\">Informace o odd\u011blen\u00ed<\/h3>\n<\/div>\n<div id=\"cmsmasters_divider_dpp34mcdj5\" class=\"cmsmasters_divider cmsmasters_divider_width_short cmsmasters_divider_pos_center\"><\/div>\n<div class=\"cmsmasters_sidebar sidebar_layout_11 sidebar-custom-menu\"><aside id=\"nav_menu-36\" class=\"widget widget_nav_menu\"><div class=\"menu-oddeleni-okbmi-container\"><ul id=\"menu-oddeleni-okbmi\" class=\"menu\"><li id=\"menu-item-23135\" class=\"menu-item menu-item-type-custom menu-item-object-custom menu-item-23135\"><a href=\"\/oddeleni\/okbmi\/#popis-oddeleni\" data-ps2id-api=\"true\"><i class=\"fa-solid fa-info\"><\/i> Popis odd\u011blen\u00ed<\/a><\/li>\n<li id=\"menu-item-23136\" class=\"menu-item menu-item-type-custom menu-item-object-custom menu-item-23136\"><a href=\"\/oddeleni\/okbmi\/#personalni-obsazeni\" data-ps2id-api=\"true\"><i class=\"fa-solid fa-user-doctor\"><\/i> Person\u00e1ln\u00ed obsazen\u00ed<\/a><\/li>\n<li id=\"menu-item-23137\" class=\"menu-item menu-item-type-custom menu-item-object-custom menu-item-23137\"><a href=\"\/oddeleni\/okbmi\/#pracovni-doba\" data-ps2id-api=\"true\"><i class=\"fa-regular fa-clock\"><\/i> Pracovn\u00ed doba<\/a><\/li>\n<li id=\"menu-item-23138\" class=\"menu-item menu-item-type-custom menu-item-object-custom menu-item-23138\"><a href=\"\/oddeleni\/okbmi\/#kontaktni-informace\" data-ps2id-api=\"true\"><i class=\"fa-solid fa-phone\"><\/i> Kontaktn\u00ed informace<\/a><\/li>\n<li id=\"menu-item-23139\" class=\"menu-item menu-item-type-custom menu-item-object-custom menu-item-23139\"><a href=\"\/oddeleni\/okbmi\/#kde-nas-najdete\" data-ps2id-api=\"true\"><i class=\"fa-solid fa-location-dot\"><\/i> Kde n\u00e1s najdete<\/a><\/li>\n<li id=\"menu-item-23140\" class=\"menu-item menu-item-type-custom menu-item-object-custom menu-item-23140\"><a href=\"\/oddeleni\/okbmi\/#fotogalerie\" data-ps2id-api=\"true\"><i class=\"fa-solid fa-camera\"><\/i> Fotogalerie<\/a><\/li>\n<li id=\"menu-item-23141\" class=\"menu-custom-separator menu-item menu-item-type-custom menu-item-object-custom menu-item-23141\"><hr class=\"mhm-menu-separator\"><\/li>\n<li id=\"menu-item-23143\" class=\"static-link menu-item menu-item-type-custom menu-item-object-custom menu-item-23143\"><a href=\"\/oddeleni\/okbmi\/zadanky\/\" data-ps2id-api=\"true\"><i class=\"fa-solid fa-list-check\"><\/i> \u017d\u00e1danky<\/a><\/li>\n<li id=\"menu-item-23144\" class=\"static-link menu-item menu-item-type-custom menu-item-object-custom menu-item-23144\"><a href=\"\/oddeleni\/okbmi\/spektrum-pece\/\" data-ps2id-api=\"true\"><i class=\"fa-solid fa-stethoscope\"><\/i> Spektrum p\u00e9\u010de<\/a><\/li>\n<li id=\"menu-item-30998\" class=\"static-link menu-item menu-item-type-custom menu-item-object-custom menu-item-30998\"><a href=\"\/oddeleni\/okbmi\/vzdelavani\/\" data-ps2id-api=\"true\"><i class=\"fa-solid fa-graduation-cap\"><\/i>Vzd\u011bl\u00e1v\u00e1n\u00ed<\/a><\/li>\n<li id=\"menu-item-26863\" class=\"static-link menu-item menu-item-type-custom menu-item-object-custom menu-item-26863\"><a href=\"https:\/\/slp.nemji.cz\/verejna-prirucka\/stranka\/laboratorni-prirucka-okbmi\" data-ps2id-api=\"true\"><i class=\"fa-solid fa-file-medical\"><\/i> Laboratorn\u00ed p\u0159\u00edru\u010dka<\/a><\/li>\n<\/ul><\/div><\/aside><div class=\"cl\"><\/div>\n<\/div>\n<\/div><\/div>\n<div id=\"cmsmasters_column_k7vlyuz4yq\" class=\"cmsmasters_column two_third\">\n<div class=\"cmsmasters_column_inner\"><div id=\"cmsmasters_heading_0cx4mcjjyd\" class=\"cmsmasters_heading_wrap cmsmasters_heading_align_left\">\n\t<h2 class=\"cmsmasters_heading\">Spektrum nab\u00edzen\u00fdch slu\u017eeb<\/h2>\n<\/div>\n<div id=\"cmsmasters_divider_kul4awri6m\" class=\"cmsmasters_divider cmsmasters_divider_width_short cmsmasters_divider_pos_left\"><\/div>\n<div class=\"cmsmasters_text\">\n<h5><strong>Standardn\u00ed slu\u017eby:<\/strong><\/h5>\n<ul>\n<li>Biochemick\u00e1 vy\u0161et\u0159en\u00ed.<\/li>\n<li>Imunologick\u00e1 vy\u0161et\u0159en\u00ed.<\/li>\n<li>Virologick\u00e1 vy\u0161et\u0159en\u00ed.<\/li>\n<li>Bakteriologick\u00e1 vy\u0161et\u0159en\u00ed v\u010detn\u011b bakteri\u00e1ln\u00ed s\u00e9rologie.<\/li>\n<li>Parazitologick\u00e1 vy\u0161et\u0159en\u00ed.<\/li>\n<li>Konzulta\u010dn\u00ed \u010dinnost \u2013 klinick\u00e1 mikrobiologie, racion\u00e1ln\u00ed ATB terapie, klinick\u00e9 biochemie a imunologie.<\/li>\n<li>Vy\u0161et\u0159en\u00ed pro samopl\u00e1tce.<\/li>\n<li>Vy\u0161et\u0159en\u00ed pro veterin\u00e1rn\u00ed \u00fa\u010dely.<\/li>\n<li>Transport biologick\u00e9ho materi\u00e1lu na jin\u00e1 pracovi\u0161t\u011b v p\u0159\u00edpad\u011b, \u017ee po\u017eadovan\u00e1 vy\u0161et\u0159en\u00ed neprov\u00e1d\u00edme.<\/li>\n<li>Distribuce odb\u011brov\u00e9ho syst\u00e9mu a \u017e\u00e1danek.<\/li>\n<\/ul>\n<p>&nbsp;<\/p>\n<h5><strong>Nadstandardn\u00ed slu\u017eby:<\/strong><\/h5>\n<p>Po p\u0159edchoz\u00ed domluv\u011b prov\u00e1d\u00edme laboratorn\u00ed vy\u0161et\u0159en\u00ed pro pot\u0159ebu veterin\u00e1rn\u00edch l\u00e9ka\u0159\u016f.<\/p>\n<p>&nbsp;<\/p>\n<h5><strong>Laborato\u0159 molekul\u00e1rn\u00ed genetiky (LMG)<\/strong><\/h5>\n<p>V Laborato\u0159i molekul\u00e1rn\u00ed genetiky Nemocnice Jihlava se specializujeme na diagnostiku extrahum\u00e1nn\u00edho (viry, bakterie) i hum\u00e1nn\u00edho (lidsk\u00e9ho) genomu.<br \/>\nV oblasti extrahum\u00e1nn\u00edho genomu zam\u011b\u0159ujeme na\u0161i pozornost na n\u011bkolik oblast\u00ed, mezi kter\u00e9 pat\u0159\u00ed sexu\u00e1ln\u011b p\u0159enosn\u00e9 choroby, onemocn\u011bn\u00ed zp\u016fsoben\u00e9 patogeny s afinitou k nervov\u00e9mu syst\u00e9mu, respira\u010dn\u00ed onemocn\u011bn\u00ed a hepatitidy B a C. Vy\u0161et\u0159en\u00ed se prov\u00e1d\u00ed pomoc\u00ed metody RT-PCR v kvantitativn\u00edm i kvalitativn\u00edm re\u017eimu.<br \/>\nV oblasti hum\u00e1nn\u00edho genomu se specializujeme na vy\u0161et\u0159ov\u00e1n\u00ed trombofiln\u00edch mutac\u00ed, chorob asociovan\u00fdch s HLA syst\u00e9mem, hemochromat\u00f3zy, Gilbertova syndromu a na farmakogenetick\u00e1 vy\u0161et\u0159en\u00ed. Pro tato vy\u0161et\u0159en\u00ed vyu\u017e\u00edv\u00e1me metody na z\u00e1klad\u011b RT-PCR a DNA microarray.<br \/>\nDo na\u0161eho portfolia vy\u0161et\u0159ov\u00e1n\u00ed hum\u00e1nn\u00edho genomu pat\u0159\u00ed tak\u00e9 NGS technologie pro diagnostiku heredit\u00e1rn\u00edch onkologick\u00fdch syndrom\u016f. Tato modern\u00ed metoda umo\u017e\u0148uje detailn\u00ed anal\u00fdzu genetick\u00fdch zm\u011bn, co\u017e m\u00e1 kl\u00ed\u010dov\u00fd v\u00fdznam jak pro prevenci, tak pro l\u00e9\u010dbu rakoviny s genetickou predispozic\u00ed.<br \/>\nNa\u0161e laborato\u0159 je vybavena modern\u00edmi technologiemi. Neust\u00e1le se sna\u017e\u00edme inovovat a posouvat na\u0161e diagnostick\u00e9 mo\u017enosti, abychom mohli poskytnout nejlep\u0161\u00ed mo\u017enou genetickou diagnostiku pro na\u0161e pacienty a l\u00e9ka\u0159e.<\/p>\n<\/div>\n\n<div id=\"cmsmasters_divider_hgdnxm8b9\" class=\"cl\"><\/div>\n<\/div><\/div>\n<\/div>\n<\/div>\n<\/div>\n<\/div>\n<\/div>\n<div id=\"cmsmasters_row_4kb0apw7ag\" class=\"cmsmasters_row cmsmasters_color_scheme_default cmsmasters_row_top_default cmsmasters_row_bot_default cmsmasters_row_boxed\">\n<div class=\"cmsmasters_row_outer_parent\">\n<div class=\"cmsmasters_row_outer\">\n<div class=\"cmsmasters_row_inner\">\n<div class=\"cmsmasters_row_margin\">\n<div id=\"cmsmasters_column_nwwitfqy0a\" class=\"cmsmasters_column one_first\">\n<div class=\"cmsmasters_column_inner\"><\/div><\/div>\n<\/div>\n<\/div>\n<\/div>\n<\/div>\n<\/div>\n\n","protected":false},"excerpt":{"rendered":"","protected":false},"author":5,"featured_media":23100,"parent":23037,"menu_order":0,"comment_status":"closed","ping_status":"closed","template":"","meta":{"pgc_sgb_lightbox_settings":"","footnotes":"","_links_to":"","_links_to_target":""},"categories":[85],"class_list":["post-23229","page","type-page","status-publish","has-post-thumbnail","hentry","category-page-oddeleni"],"publishpress_future_action":{"enabled":false,"date":"2026-05-02 16:33:11","action":"change-status","newStatus":"draft","terms":[],"taxonomy":"category","extraData":[]},"publishpress_future_workflow_manual_trigger":{"enabledWorkflows":[]},"_links":{"self":[{"href":"https:\/\/webnemji.azurewebsites.net\/en\/wp-json\/wp\/v2\/pages\/23229","targetHints":{"allow":["GET"]}}],"collection":[{"href":"https:\/\/webnemji.azurewebsites.net\/en\/wp-json\/wp\/v2\/pages"}],"about":[{"href":"https:\/\/webnemji.azurewebsites.net\/en\/wp-json\/wp\/v2\/types\/page"}],"author":[{"embeddable":true,"href":"https:\/\/webnemji.azurewebsites.net\/en\/wp-json\/wp\/v2\/users\/5"}],"replies":[{"embeddable":true,"href":"https:\/\/webnemji.azurewebsites.net\/en\/wp-json\/wp\/v2\/comments?post=23229"}],"version-history":[{"count":0,"href":"https:\/\/webnemji.azurewebsites.net\/en\/wp-json\/wp\/v2\/pages\/23229\/revisions"}],"up":[{"embeddable":true,"href":"https:\/\/webnemji.azurewebsites.net\/en\/wp-json\/wp\/v2\/pages\/23037"}],"wp:featuredmedia":[{"embeddable":true,"href":"https:\/\/webnemji.azurewebsites.net\/en\/wp-json\/wp\/v2\/media\/23100"}],"wp:attachment":[{"href":"https:\/\/webnemji.azurewebsites.net\/en\/wp-json\/wp\/v2\/media?parent=23229"}],"wp:term":[{"taxonomy":"category","embeddable":true,"href":"https:\/\/webnemji.azurewebsites.net\/en\/wp-json\/wp\/v2\/categories?post=23229"}],"curies":[{"name":"wp","href":"https:\/\/api.w.org\/{rel}","templated":true}]}}