{"id":23239,"date":"2023-10-19T10:25:23","date_gmt":"2023-10-19T08:25:23","guid":{"rendered":"https:\/\/nemji.rs-kovarik.cz\/?page_id=23239"},"modified":"2025-12-12T14:26:05","modified_gmt":"2025-12-12T13:26:05","slug":"eticka-komise","status":"publish","type":"page","link":"https:\/\/webnemji.azurewebsites.net\/en\/eticka-komise\/","title":{"rendered":"Ethics Commission"},"content":{"rendered":"<div id=\"cmsmasters_row_ksciwp6ujf\" class=\"cmsmasters_row cmsmasters_color_scheme_default heroblocks cmsmasters_row_top_default cmsmasters_row_bot_default cmsmasters_row_boxed\">\n<div id=\"heroboxes\" class=\"cmsmasters_row_outer_parent\">\n<div class=\"cmsmasters_row_overlay\"><\/div>\n<div class=\"cmsmasters_row_outer\">\n<div class=\"cmsmasters_row_inner\">\n<div class=\"cmsmasters_row_margin\">\n<div id=\"cmsmasters_column_bxgnwqgwt\" class=\"cmsmasters_column one_first\">\n<div class=\"cmsmasters_column_inner\"><div id=\"cmsmasters_heading_mkdgjovddq\" class=\"cmsmasters_heading_wrap cmsmasters_heading_align_center pageheadingtitle\" data-animation=\"fadeIn\" data-delay=\"100\">\n\t<h1 class=\"cmsmasters_heading\">Etick\u00e1 komise<\/h1>\n<\/div><div id=\"cmsmasters_heading_gb7vg9rtje\" class=\"cmsmasters_heading_wrap cmsmasters_heading_align_center\" data-animation=\"fadeIn\" data-delay=\"150\">\n\t<h3 class=\"cmsmasters_heading\">Nemocnice Jihlava, p\u0159\u00edsp\u011bvkov\u00e1 organizace<\/h3>\n<\/div>\n<\/div><\/div>\n<\/div>\n<\/div>\n<\/div>\n<\/div>\n<\/div>\n<div id=\"cmsmasters_row_\" class=\"cmsmasters_row cmsmasters_color_scheme_default cmsmasters_row_top_default cmsmasters_row_bot_default cmsmasters_row_boxed\">\n<div class=\"cmsmasters_row_outer_parent\">\n<div class=\"cmsmasters_row_outer\">\n<div class=\"cmsmasters_row_inner\">\n<div class=\"cmsmasters_row_margin\">\n<div id=\"cmsmasters_column_\" class=\"cmsmasters_column one_first\">\n<div class=\"cmsmasters_column_inner\"><div class=\"cmsmasters_text\">\n<p>&nbsp;<\/p>\n<\/div>\n<\/div><\/div>\n<\/div>\n<\/div>\n<\/div>\n<\/div>\n<\/div>\n<div id=\"cmsmasters_row_bj7zxjapxj\" class=\"cmsmasters_row cmsmasters_color_scheme_default cmsmasters_row_top_default cmsmasters_row_bot_default cmsmasters_row_boxed\">\n<div class=\"cmsmasters_row_outer_parent\">\n<div class=\"cmsmasters_row_outer\">\n<div class=\"cmsmasters_row_inner\">\n<div class=\"cmsmasters_row_margin\">\n<div id=\"cmsmasters_column_22eksm2374\" class=\"cmsmasters_column one_first\">\n<div class=\"cmsmasters_column_inner\"><div class=\"cmsmasters_text\">\n<p><nav aria-label=\"breadcrumbs\">\n            <div class=\"breadcrumb-container theme1\">\n                <ol>\n                                    <\/ol>\n            <\/div>\n        <\/nav>    <script type=\"application\/ld+json\">\n        {\n            \"@context\": \"http:\/\/schema.org\",\n            \"@type\": \"BreadcrumbList\",\n            \"itemListElement\": [\n                            ]\n        }\n    <\/script>\n   \n    <script>\n            <\/script>\n<\/p>\n<\/div>\n<\/div><\/div>\n<\/div>\n<\/div>\n<\/div>\n<\/div>\n<\/div>\n<div id=\"cmsmasters_row_5gr16na4ms\" class=\"cmsmasters_row cmsmasters_color_scheme_default cmsmasters_row_top_default cmsmasters_row_bot_default cmsmasters_row_boxed\">\n<div class=\"cmsmasters_row_outer_parent\">\n<div class=\"cmsmasters_row_outer\">\n<div class=\"cmsmasters_row_inner\">\n<div class=\"cmsmasters_row_margin\">\n<div id=\"cmsmasters_column_xonfjk045g\" class=\"cmsmasters_column one_third stickyinfocolumn\">\n<div class=\"cmsmasters_column_inner\"><div id=\"cmsmasters_heading_luukg1lxw\" class=\"cmsmasters_heading_wrap cmsmasters_heading_align_center\">\n\t<h3 class=\"cmsmasters_heading\">Etick\u00e1 komise<\/h3>\n<\/div>\n<div id=\"cmsmasters_divider_09kab0ikwl\" class=\"cmsmasters_divider cmsmasters_divider_width_short cmsmasters_divider_pos_center\"><\/div>\n<div class=\"cmsmasters_sidebar sidebar_layout_11 sidebar-custom-menu\"><aside id=\"nav_menu-37\" class=\"widget widget_nav_menu\"><div class=\"menu-eticka-komise-container\"><ul id=\"menu-eticka-komise\" class=\"menu\"><li id=\"menu-item-23250\" class=\"static-link menu-item menu-item-type-custom menu-item-object-custom menu-item-23250\"><a href=\"\/eticka-komise\/\" data-ps2id-api=\"true\"><i class=\"fa-regular fa-calendar-days\"><\/i> Zased\u00e1n\u00ed etick\u00e9 komise<\/a><\/li>\n<li id=\"menu-item-23251\" class=\"static-link menu-item menu-item-type-custom menu-item-object-custom menu-item-23251\"><a href=\"\/eticka-komise\/clenove-eticke-komise\/\" data-ps2id-api=\"true\"><i class=\"fa-solid fa-users\"><\/i> \u010clenov\u00e9 etick\u00e9 komise<\/a><\/li>\n<li id=\"menu-item-23252\" class=\"static-link menu-item menu-item-type-custom menu-item-object-custom menu-item-23252\"><a href=\"\/eticka-komise\/pozadavky-k-posouzeni-studie\/\" data-ps2id-api=\"true\"><i class=\"fa-solid fa-circle-exclamation\"><\/i> Po\u017eadavky k posouzen\u00ed studie<\/a><\/li>\n<li id=\"menu-item-23276\" class=\"static-link menu-item menu-item-type-custom menu-item-object-custom menu-item-23276\"><a href=\"\/eticka-komise\/dokumenty-eticke-komise\/\" data-ps2id-api=\"true\"><i class=\"fa-solid fa-file\"><\/i> Dokumenty etick\u00e9 komise<\/a><\/li>\n<\/ul><\/div><\/aside><div class=\"cl\"><\/div>\n<\/div>\n<\/div><\/div>\n<div id=\"cmsmasters_column_bo0xyc1mnm\" class=\"cmsmasters_column two_third\">\n<div class=\"cmsmasters_column_inner\"><div id=\"cmsmasters_heading_19qdr5f6te\" class=\"cmsmasters_heading_wrap cmsmasters_heading_align_left\">\n\t<h2 class=\"cmsmasters_heading\">Zased\u00e1n\u00ed etick\u00e9 komise<\/h2>\n<\/div>\n<div id=\"cmsmasters_divider_55oq46kd3\" class=\"cmsmasters_divider cmsmasters_divider_width_short cmsmasters_divider_pos_left\"><\/div>\n<div class=\"cmsmasters_text\">\n<div id=\"unpobtekane\">\n<div class=\"obsah\">V p\u0159\u00edpad\u011b nal\u00e9havosti kontaktujte p\u0159edsedu Etick\u00e9 komise:\u00a0\u00a0<strong><a href=\"mailto:tocikj@nemji.cz\"><span style=\"text-decoration: underline;\">tocikj@nemji.cz<\/span><\/a><\/strong>, \u00a0nebo tajemnici Etick\u00e9 komise na <span style=\"text-decoration: underline;\"><strong><a href=\"mailto:dobrovolnai@nemji.cz\">buckoval@nemji.cz<\/a><\/strong><\/span><\/div>\n<\/div>\n<div class=\"editor\">\n<p>Jedn\u00e1n\u00ed Etick\u00e9 komise se konaj\u00ed v zasedac\u00ed m\u00edstnosti intern\u00edho odd\u011blen\u00ed (Budova E, 2. poschod\u00ed) od 15:00.<\/p>\n<p>&nbsp;<\/p>\n<h5><b><span class=\"zvyrazneni\">Term\u00edny sch\u016fz\u00ed zased\u00e1n\u00ed etick\u00e9 komise:<\/span><\/b><\/h5>\n<ul>\n<li>\u010ctvrtek <strong>11. 12. 2025<\/strong><\/li>\n<li>\u010ctvrtek <strong>15. 01. 2026<\/strong><\/li>\n<li>\u010ctvrtek <strong>12. 02. 2026<\/strong><\/li>\n<li>\u010ctvrtek <strong>05. 03. 2026<\/strong><\/li>\n<li>\u010ctvrtek <strong>09. 04. 2026<\/strong><\/li>\n<li>\u010ctvrtek <strong>14. 05. 2026<\/strong><\/li>\n<li>\u010ctvrtek <strong>11. 06. 2026<\/strong><\/li>\n<\/ul>\n<\/div>\n<\/div>\n<\/div><\/div>\n<\/div>\n<\/div>\n<\/div>\n<\/div>\n<\/div>\n\n","protected":false},"excerpt":{"rendered":"","protected":false},"author":1,"featured_media":23376,"parent":0,"menu_order":0,"comment_status":"closed","ping_status":"closed","template":"","meta":{"pgc_sgb_lightbox_settings":"","footnotes":"","_links_to":"","_links_to_target":""},"categories":[],"class_list":["post-23239","page","type-page","status-publish","has-post-thumbnail","hentry"],"publishpress_future_action":{"enabled":false,"date":"2026-04-29 11:24:04","action":"change-status","newStatus":"draft","terms":[],"taxonomy":"category","extraData":[]},"publishpress_future_workflow_manual_trigger":{"enabledWorkflows":[]},"_links":{"self":[{"href":"https:\/\/webnemji.azurewebsites.net\/en\/wp-json\/wp\/v2\/pages\/23239","targetHints":{"allow":["GET"]}}],"collection":[{"href":"https:\/\/webnemji.azurewebsites.net\/en\/wp-json\/wp\/v2\/pages"}],"about":[{"href":"https:\/\/webnemji.azurewebsites.net\/en\/wp-json\/wp\/v2\/types\/page"}],"author":[{"embeddable":true,"href":"https:\/\/webnemji.azurewebsites.net\/en\/wp-json\/wp\/v2\/users\/1"}],"replies":[{"embeddable":true,"href":"https:\/\/webnemji.azurewebsites.net\/en\/wp-json\/wp\/v2\/comments?post=23239"}],"version-history":[{"count":0,"href":"https:\/\/webnemji.azurewebsites.net\/en\/wp-json\/wp\/v2\/pages\/23239\/revisions"}],"wp:featuredmedia":[{"embeddable":true,"href":"https:\/\/webnemji.azurewebsites.net\/en\/wp-json\/wp\/v2\/media\/23376"}],"wp:attachment":[{"href":"https:\/\/webnemji.azurewebsites.net\/en\/wp-json\/wp\/v2\/media?parent=23239"}],"wp:term":[{"taxonomy":"category","embeddable":true,"href":"https:\/\/webnemji.azurewebsites.net\/en\/wp-json\/wp\/v2\/categories?post=23239"}],"curies":[{"name":"wp","href":"https:\/\/api.w.org\/{rel}","templated":true}]}}