{"id":23270,"date":"2023-10-19T10:51:21","date_gmt":"2023-10-19T08:51:21","guid":{"rendered":"https:\/\/nemji.rs-kovarik.cz\/?page_id=23270"},"modified":"2024-01-24T08:33:43","modified_gmt":"2024-01-24T07:33:43","slug":"pozadavky-k-posouzeni-studie","status":"publish","type":"page","link":"https:\/\/webnemji.azurewebsites.net\/en\/eticka-komise\/pozadavky-k-posouzeni-studie\/","title":{"rendered":"Study assessment requirements"},"content":{"rendered":"<div id=\"cmsmasters_row_ksciwp6ujf\" class=\"cmsmasters_row cmsmasters_color_scheme_default heroblocks cmsmasters_row_top_default cmsmasters_row_bot_default cmsmasters_row_boxed\">\n<div id=\"heroboxes\" class=\"cmsmasters_row_outer_parent\">\n<div class=\"cmsmasters_row_overlay\"><\/div>\n<div class=\"cmsmasters_row_outer\">\n<div class=\"cmsmasters_row_inner\">\n<div class=\"cmsmasters_row_margin\">\n<div id=\"cmsmasters_column_bxgnwqgwt\" class=\"cmsmasters_column one_first\">\n<div class=\"cmsmasters_column_inner\"><div id=\"cmsmasters_heading_mkdgjovddq\" class=\"cmsmasters_heading_wrap cmsmasters_heading_align_center pageheadingtitle\" data-animation=\"fadeIn\" data-delay=\"100\">\n\t<h1 class=\"cmsmasters_heading\">Etick\u00e1 komise<\/h1>\n<\/div><div id=\"cmsmasters_heading_gb7vg9rtje\" class=\"cmsmasters_heading_wrap cmsmasters_heading_align_center\" data-animation=\"fadeIn\" data-delay=\"150\">\n\t<h3 class=\"cmsmasters_heading\">Nemocnice Jihlava, p\u0159\u00edsp\u011bvkov\u00e1 organizace<\/h3>\n<\/div>\n<\/div><\/div>\n<\/div>\n<\/div>\n<\/div>\n<\/div>\n<\/div>\n<div id=\"cmsmasters_row_bj7zxjapxj\" class=\"cmsmasters_row cmsmasters_color_scheme_default cmsmasters_row_top_default cmsmasters_row_bot_default cmsmasters_row_boxed\">\n<div class=\"cmsmasters_row_outer_parent\">\n<div class=\"cmsmasters_row_outer\">\n<div class=\"cmsmasters_row_inner\">\n<div class=\"cmsmasters_row_margin\">\n<div id=\"cmsmasters_column_22eksm2374\" class=\"cmsmasters_column one_first\">\n<div class=\"cmsmasters_column_inner\"><div class=\"cmsmasters_text\">\n<p><nav aria-label=\"breadcrumbs\">\n            <div class=\"breadcrumb-container theme1\">\n                <ol>\n                                    <\/ol>\n            <\/div>\n        <\/nav>    <script type=\"application\/ld+json\">\n        {\n            \"@context\": \"http:\/\/schema.org\",\n            \"@type\": \"BreadcrumbList\",\n            \"itemListElement\": [\n                            ]\n        }\n    <\/script>\n   \n    <script>\n            <\/script>\n<\/p>\n<\/div>\n<\/div><\/div>\n<\/div>\n<\/div>\n<\/div>\n<\/div>\n<\/div>\n<div id=\"cmsmasters_row_5gr16na4ms\" class=\"cmsmasters_row cmsmasters_color_scheme_default cmsmasters_row_top_default cmsmasters_row_bot_default cmsmasters_row_boxed\">\n<div class=\"cmsmasters_row_outer_parent\">\n<div class=\"cmsmasters_row_outer\">\n<div class=\"cmsmasters_row_inner\">\n<div class=\"cmsmasters_row_margin\">\n<div id=\"cmsmasters_column_xonfjk045g\" class=\"cmsmasters_column one_third stickyinfocolumn\">\n<div class=\"cmsmasters_column_inner\"><div id=\"cmsmasters_heading_luukg1lxw\" class=\"cmsmasters_heading_wrap cmsmasters_heading_align_center\">\n\t<h3 class=\"cmsmasters_heading\">Etick\u00e1 komise<\/h3>\n<\/div>\n<div id=\"cmsmasters_divider_09kab0ikwl\" class=\"cmsmasters_divider cmsmasters_divider_width_short cmsmasters_divider_pos_center\"><\/div>\n<div class=\"cmsmasters_sidebar sidebar_layout_11 sidebar-custom-menu\"><aside id=\"nav_menu-37\" class=\"widget widget_nav_menu\"><div class=\"menu-eticka-komise-container\"><ul id=\"menu-eticka-komise\" class=\"menu\"><li id=\"menu-item-23250\" class=\"static-link menu-item menu-item-type-custom menu-item-object-custom menu-item-23250\"><a href=\"\/eticka-komise\/\" data-ps2id-api=\"true\"><i class=\"fa-regular fa-calendar-days\"><\/i> Zased\u00e1n\u00ed etick\u00e9 komise<\/a><\/li>\n<li id=\"menu-item-23251\" class=\"static-link menu-item menu-item-type-custom menu-item-object-custom menu-item-23251\"><a href=\"\/eticka-komise\/clenove-eticke-komise\/\" data-ps2id-api=\"true\"><i class=\"fa-solid fa-users\"><\/i> \u010clenov\u00e9 etick\u00e9 komise<\/a><\/li>\n<li id=\"menu-item-23252\" class=\"static-link menu-item menu-item-type-custom menu-item-object-custom menu-item-23252\"><a href=\"\/eticka-komise\/pozadavky-k-posouzeni-studie\/\" data-ps2id-api=\"true\"><i class=\"fa-solid fa-circle-exclamation\"><\/i> Po\u017eadavky k posouzen\u00ed studie<\/a><\/li>\n<li id=\"menu-item-23276\" class=\"static-link menu-item menu-item-type-custom menu-item-object-custom menu-item-23276\"><a href=\"\/eticka-komise\/dokumenty-eticke-komise\/\" data-ps2id-api=\"true\"><i class=\"fa-solid fa-file\"><\/i> Dokumenty etick\u00e9 komise<\/a><\/li>\n<\/ul><\/div><\/aside><div class=\"cl\"><\/div>\n<\/div>\n<\/div><\/div>\n<div id=\"cmsmasters_column_bo0xyc1mnm\" class=\"cmsmasters_column two_third\">\n<div class=\"cmsmasters_column_inner\"><div id=\"cmsmasters_heading_19qdr5f6te\" class=\"cmsmasters_heading_wrap cmsmasters_heading_align_left\">\n\t<h2 class=\"cmsmasters_heading\">Po\u017eadavky k posouzen\u00ed studie<\/h2>\n<\/div>\n<div id=\"cmsmasters_divider_55oq46kd3\" class=\"cmsmasters_divider cmsmasters_divider_width_short cmsmasters_divider_pos_left\"><\/div>\n<div class=\"cmsmasters_text\">\n<h5><strong>Dokumenty nutn\u00e9 k posouzen\u00ed studie v r\u00e1mci lok\u00e1ln\u00ed etick\u00e9 komise Nemocnice Jihlava:<\/strong><\/h5>\n<ul>\n<li>\u017d\u00e1dost obsahuj\u00edc\u00ed n\u00e1zev studie, identifika\u010dn\u00ed \u010d\u00edslo studie, jm\u00e9no zkou\u0161ej\u00edc\u00edho.<\/li>\n<li>Protokol a jeho dodatky (2x).<\/li>\n<li>\u017divotopis zkou\u0161ej\u00edc\u00edho (event. dokumenty potvrzuj\u00edc\u00ed kvalifikaci zkou\u0161ej\u00edc\u00edho).<\/li>\n<li>\u00dadaje nutn\u00e9 k fakturaci (adresa zadavatele, I\u010cO, DI\u010c).<\/li>\n<li>Adresa multicentrick\u00e9 etick\u00e9 komise, kter\u00e1 studii posuzuje.<\/li>\n<\/ul>\n<p>&nbsp;<\/p>\n<p>\u017d\u00e1dost a materi\u00e1ly je mo\u017en\u00e9 adresovat tajemn\u00edkovi EK &#8211; viz <span style=\"text-decoration: underline;\"><a href=\"\/eticka-komise\/clenove-eticke-komise\/\"><strong>\u010clenov\u00e9 etick\u00e9 komise<\/strong><\/a><\/span>.<br \/>\nTyto materi\u00e1ly budou projedn\u00e1ny na nejbli\u017e\u0161\u00edm zased\u00e1n\u00ed EK (pokud budou dod\u00e1ny aspo\u0148 s 2 t\u00fddenn\u00edm p\u0159edstihem).<br \/>\nZa posouzen\u00ed studie je stanoven pro zadavatele poplatek <strong>15 000 K\u010d <\/strong>&#8211;\u00a0viz <span style=\"text-decoration: underline;\"><a href=\"\/wp-content\/uploads\/2023\/08\/Cenik-2026-1.pdf\" target=\"_blank\" rel=\"noopener\"><strong>Cen\u00edk Nemocnice Jihlava<\/strong><\/a><\/span>.<br \/>\nV p\u0159\u00edpad\u011b nejasnost\u00ed je mo\u017eno kontaktovat p\u0159edsedu \u010di tajemn\u00edka EK.<br \/>\nTato pravidla plat\u00ed pro lok\u00e1ln\u00ed multicentrickou komisi.<\/p>\n<\/div>\n<\/div><\/div>\n<\/div>\n<\/div>\n<\/div>\n<\/div>\n<\/div>\n\n","protected":false},"excerpt":{"rendered":"","protected":false},"author":1,"featured_media":23376,"parent":23239,"menu_order":0,"comment_status":"closed","ping_status":"closed","template":"","meta":{"pgc_sgb_lightbox_settings":"","footnotes":"","_links_to":"","_links_to_target":""},"categories":[],"class_list":["post-23270","page","type-page","status-publish","has-post-thumbnail","hentry"],"publishpress_future_action":{"enabled":false,"date":"2026-04-22 09:54:53","action":"change-status","newStatus":"draft","terms":[],"taxonomy":"category","extraData":[]},"publishpress_future_workflow_manual_trigger":{"enabledWorkflows":[]},"_links":{"self":[{"href":"https:\/\/webnemji.azurewebsites.net\/en\/wp-json\/wp\/v2\/pages\/23270","targetHints":{"allow":["GET"]}}],"collection":[{"href":"https:\/\/webnemji.azurewebsites.net\/en\/wp-json\/wp\/v2\/pages"}],"about":[{"href":"https:\/\/webnemji.azurewebsites.net\/en\/wp-json\/wp\/v2\/types\/page"}],"author":[{"embeddable":true,"href":"https:\/\/webnemji.azurewebsites.net\/en\/wp-json\/wp\/v2\/users\/1"}],"replies":[{"embeddable":true,"href":"https:\/\/webnemji.azurewebsites.net\/en\/wp-json\/wp\/v2\/comments?post=23270"}],"version-history":[{"count":0,"href":"https:\/\/webnemji.azurewebsites.net\/en\/wp-json\/wp\/v2\/pages\/23270\/revisions"}],"up":[{"embeddable":true,"href":"https:\/\/webnemji.azurewebsites.net\/en\/wp-json\/wp\/v2\/pages\/23239"}],"wp:featuredmedia":[{"embeddable":true,"href":"https:\/\/webnemji.azurewebsites.net\/en\/wp-json\/wp\/v2\/media\/23376"}],"wp:attachment":[{"href":"https:\/\/webnemji.azurewebsites.net\/en\/wp-json\/wp\/v2\/media?parent=23270"}],"wp:term":[{"taxonomy":"category","embeddable":true,"href":"https:\/\/webnemji.azurewebsites.net\/en\/wp-json\/wp\/v2\/categories?post=23270"}],"curies":[{"name":"wp","href":"https:\/\/api.w.org\/{rel}","templated":true}]}}