{"id":23273,"date":"2023-10-19T10:54:59","date_gmt":"2023-10-19T08:54:59","guid":{"rendered":"https:\/\/nemji.rs-kovarik.cz\/?page_id=23273"},"modified":"2025-03-17T14:41:14","modified_gmt":"2025-03-17T13:41:14","slug":"clenove-eticke-komise","status":"publish","type":"page","link":"https:\/\/webnemji.azurewebsites.net\/en\/eticka-komise\/clenove-eticke-komise\/","title":{"rendered":"Ethics Commission members"},"content":{"rendered":"<div id=\"cmsmasters_row_ksciwp6ujf\" class=\"cmsmasters_row cmsmasters_color_scheme_default heroblocks cmsmasters_row_top_default cmsmasters_row_bot_default cmsmasters_row_boxed\">\n<div id=\"heroboxes\" class=\"cmsmasters_row_outer_parent\">\n<div class=\"cmsmasters_row_overlay\"><\/div>\n<div class=\"cmsmasters_row_outer\">\n<div class=\"cmsmasters_row_inner\">\n<div class=\"cmsmasters_row_margin\">\n<div id=\"cmsmasters_column_bxgnwqgwt\" class=\"cmsmasters_column one_first\">\n<div class=\"cmsmasters_column_inner\"><div id=\"cmsmasters_heading_mkdgjovddq\" class=\"cmsmasters_heading_wrap cmsmasters_heading_align_center pageheadingtitle\" data-animation=\"fadeIn\" data-delay=\"100\">\n\t<h1 class=\"cmsmasters_heading\">Etick\u00e1 komise<\/h1>\n<\/div><div id=\"cmsmasters_heading_gb7vg9rtje\" class=\"cmsmasters_heading_wrap cmsmasters_heading_align_center\" data-animation=\"fadeIn\" data-delay=\"150\">\n\t<h3 class=\"cmsmasters_heading\">Nemocnice Jihlava, p\u0159\u00edsp\u011bvkov\u00e1 organizace<\/h3>\n<\/div>\n<\/div><\/div>\n<\/div>\n<\/div>\n<\/div>\n<\/div>\n<\/div>\n<div id=\"cmsmasters_row_bj7zxjapxj\" class=\"cmsmasters_row cmsmasters_color_scheme_default cmsmasters_row_top_default cmsmasters_row_bot_default cmsmasters_row_boxed\">\n<div class=\"cmsmasters_row_outer_parent\">\n<div class=\"cmsmasters_row_outer\">\n<div class=\"cmsmasters_row_inner\">\n<div class=\"cmsmasters_row_margin\">\n<div id=\"cmsmasters_column_22eksm2374\" class=\"cmsmasters_column one_first\">\n<div class=\"cmsmasters_column_inner\"><div class=\"cmsmasters_text\">\n<p><nav aria-label=\"breadcrumbs\">\n            <div class=\"breadcrumb-container theme1\">\n                <ol>\n                                    <\/ol>\n            <\/div>\n        <\/nav>    <script type=\"application\/ld+json\">\n        {\n            \"@context\": \"http:\/\/schema.org\",\n            \"@type\": \"BreadcrumbList\",\n            \"itemListElement\": [\n                            ]\n        }\n    <\/script>\n   \n    <script>\n            <\/script>\n<\/p>\n<\/div>\n<\/div><\/div>\n<\/div>\n<\/div>\n<\/div>\n<\/div>\n<\/div>\n<div id=\"cmsmasters_row_5gr16na4ms\" class=\"cmsmasters_row cmsmasters_color_scheme_default cmsmasters_row_top_default cmsmasters_row_bot_default cmsmasters_row_boxed\">\n<div class=\"cmsmasters_row_outer_parent\">\n<div class=\"cmsmasters_row_outer\">\n<div class=\"cmsmasters_row_inner\">\n<div class=\"cmsmasters_row_margin\">\n<div id=\"cmsmasters_column_xonfjk045g\" class=\"cmsmasters_column one_third stickyinfocolumn\">\n<div class=\"cmsmasters_column_inner\"><div id=\"cmsmasters_heading_luukg1lxw\" class=\"cmsmasters_heading_wrap cmsmasters_heading_align_center\">\n\t<h3 class=\"cmsmasters_heading\">Etick\u00e1 komise<\/h3>\n<\/div>\n<div id=\"cmsmasters_divider_09kab0ikwl\" class=\"cmsmasters_divider cmsmasters_divider_width_short cmsmasters_divider_pos_center\"><\/div>\n<div class=\"cmsmasters_sidebar sidebar_layout_11 sidebar-custom-menu\"><aside id=\"nav_menu-37\" class=\"widget widget_nav_menu\"><div class=\"menu-eticka-komise-container\"><ul id=\"menu-eticka-komise\" class=\"menu\"><li id=\"menu-item-23250\" class=\"static-link menu-item menu-item-type-custom menu-item-object-custom menu-item-23250\"><a href=\"\/eticka-komise\/\" data-ps2id-api=\"true\"><i class=\"fa-regular fa-calendar-days\"><\/i> Zased\u00e1n\u00ed etick\u00e9 komise<\/a><\/li>\n<li id=\"menu-item-23251\" class=\"static-link menu-item menu-item-type-custom menu-item-object-custom menu-item-23251\"><a href=\"\/eticka-komise\/clenove-eticke-komise\/\" data-ps2id-api=\"true\"><i class=\"fa-solid fa-users\"><\/i> \u010clenov\u00e9 etick\u00e9 komise<\/a><\/li>\n<li id=\"menu-item-23252\" class=\"static-link menu-item menu-item-type-custom menu-item-object-custom menu-item-23252\"><a href=\"\/eticka-komise\/pozadavky-k-posouzeni-studie\/\" data-ps2id-api=\"true\"><i class=\"fa-solid fa-circle-exclamation\"><\/i> Po\u017eadavky k posouzen\u00ed studie<\/a><\/li>\n<li id=\"menu-item-23276\" class=\"static-link menu-item menu-item-type-custom menu-item-object-custom menu-item-23276\"><a href=\"\/eticka-komise\/dokumenty-eticke-komise\/\" data-ps2id-api=\"true\"><i class=\"fa-solid fa-file\"><\/i> Dokumenty etick\u00e9 komise<\/a><\/li>\n<\/ul><\/div><\/aside><div class=\"cl\"><\/div>\n<\/div>\n<\/div><\/div>\n<div id=\"cmsmasters_column_bo0xyc1mnm\" class=\"cmsmasters_column two_third\">\n<div class=\"cmsmasters_column_inner\"><div id=\"cmsmasters_heading_19qdr5f6te\" class=\"cmsmasters_heading_wrap cmsmasters_heading_align_left\">\n\t<h2 class=\"cmsmasters_heading\">\u010clenov\u00e9 etick\u00e9 komise<\/h2>\n<\/div>\n<div id=\"cmsmasters_divider_55oq46kd3\" class=\"cmsmasters_divider cmsmasters_divider_width_short cmsmasters_divider_pos_left\"><\/div>\n<div class=\"cmsmasters_text personalni-obsazeni\">\n<div class=\"abcfslGridCntr personalni-obsazeni abcfslMLRAuto slv174_t19992_L abcfslGridCntr_19992\"><div class=\"abcfslItemCntrLst abcfslPadBMB30 abcfClrFix\" style=\"padding-bottom: 0;\"><div class=\"abcfslLstCol abcfslLstCol-4 abcfslImgColLst\"><div class=\"abcfslImgCntrLst abcfslMLRPc\"><img decoding=\"async\"  src=\"\/wp-content\/uploads\/2023\/10\/mnf_00000861pas-797x1024.jpg\" class=\"ProfileImage\" alt=\"MUDr. Jaroslav To\u010d\u00edk\"  itemprop=\"image\"  \/><\/div><\/div><div class=\"abcfslLstCol abcfslLstCol-8 abcfslTxtColLst\"><div class=\"abcfslTxtCntrLst  abcfslPadLPc5\" style=\"padding-left: 20px;\"><h4 class=\"abcfslF18_6 MP-F1\"><span class=\"abcfslSpanMP2\">MUDr. Jaroslav <\/span><span class=\"abcfslSpanMP1\">To\u010d\u00edk <\/span><\/h4><h5 class=\"abcfslF14_6 T-F2\">Prim\u00e1\u0159<\/h5><div class=\"abcfslMT10  abcfslF14 profile-department-link CE-F8\"><p><a href=\"\/oddeleni\/interni-oddeleni\/\">Intern\u00ed odd\u011blen\u00ed<\/a>, <a href=\"\/eticka-komise\/\">Etick\u00e1 komise<\/a><\/p>\n<\/div><div class=\"abcfslMT5  abcfslF14 LT-F5\"><span><i class=\"fa-solid fa-envelope\"><\/i>\u00a0&nbsp;<\/span><span class=\"profile-department-link\"><a href=\"mailto:tocikj@nemji.cz\">tocikj@nemji.cz<\/a><\/span><\/div><div class=\"abcfslMT5  abcfslF14 LT-F4\"><span><i class=\"fa-solid fa-phone\"><\/i>\u00a0&nbsp;<\/span><span class=\"profile-department-link\"><a href=\"tel:+420567157231\">+420 567 157 231<\/a><\/span><\/div><\/div><\/div><\/div><div class=\"abcfslItemCntrLst abcfslPadBMB30 abcfClrFix\" style=\"padding-bottom: 0;\"><div class=\"abcfslLstCol abcfslLstCol-4 abcfslImgColLst\"><div class=\"abcfslImgCntrLst abcfslMLRPc\"><img decoding=\"async\"  src=\"\/wp-content\/uploads\/2023\/10\/nevoralova-1-796x1024.jpg\" class=\"ProfileImage\" alt=\"MUDr. Zuzana Nevoralov\u00e1, Ph.D.\"  itemprop=\"image\"  \/><\/div><\/div><div class=\"abcfslLstCol abcfslLstCol-8 abcfslTxtColLst\"><div class=\"abcfslTxtCntrLst  abcfslPadLPc5\" style=\"padding-left: 20px;\"><h4 class=\"abcfslF18_6 MP-F1\"><span class=\"abcfslSpanMP2\">MUDr. Zuzana <\/span><span class=\"abcfslSpanMP1\">Nevoralov\u00e1, Ph.D. <\/span><\/h4><h5 class=\"abcfslF14_6 T-F2\">P\u0159edsedkyn\u011b V\u011bdeck\u00e9 rady JIMEA, Z\u00e1stupce prim\u00e1\u0159e<\/h5><div class=\"abcfslMT10  abcfslF14 profile-department-link CE-F8\"><p><a href=\"\/oddeleni\/kozni-oddeleni\/\">Ko\u017en\u00ed odd\u011blen\u00ed<\/a>, <a href=\"\/eticka-komise\/\">Etick\u00e1 komise<\/a>,\u00a0<a href=\"\/vedecka-rada\/\">V\u011bdeck\u00e1 rada<\/a>,\u00a0<a href=\"\/jihlavska-medicinska-akademie\/\">JIMEA<\/a><\/p>\n<\/div><div class=\"abcfslMT5  abcfslF14 LT-F5\"><span><i class=\"fa-solid fa-envelope\"><\/i>\u00a0&nbsp;<\/span><span class=\"profile-department-link\"><a href=\"mailto:nevoralovaz@nemji.cz\">nevoralovaz@nemji.cz<\/a><\/span><\/div><div class=\"abcfslMT5  abcfslF14 LT-F4\"><span><i class=\"fa-solid fa-phone\"><\/i>\u00a0&nbsp;<\/span><span class=\"profile-department-link\"><a href=\"tel:+420567157494\">+420 567 157 494<\/a><\/span><\/div><\/div><\/div><\/div><div class=\"abcfslItemCntrLst abcfslPadBMB30 abcfClrFix\" style=\"padding-bottom: 0;\"><div class=\"abcfslLstCol abcfslLstCol-4 abcfslImgColLst\"><div class=\"abcfslImgCntrLst abcfslMLRPc\"><img decoding=\"async\"  src=\"\/wp-content\/uploads\/2023\/08\/AdobeStock_560154975-Prevedeny-801x1024.png\" class=\"ProfileImage\" alt=\"Bc. Lenka Bu\u010dkov\u00e1\"  itemprop=\"image\"  \/><\/div><\/div><div class=\"abcfslLstCol abcfslLstCol-8 abcfslTxtColLst\"><div class=\"abcfslTxtCntrLst  abcfslPadLPc5\" style=\"padding-left: 20px;\"><h4 class=\"abcfslF18_6 MP-F1\"><span class=\"abcfslSpanMP2\">Bc. Lenka <\/span><span class=\"abcfslSpanMP1\">Bu\u010dkov\u00e1 <\/span><\/h4><h5 class=\"abcfslF14_6 T-F2\">Kod\u00e9rka<\/h5><div class=\"abcfslMT10  abcfslF14 profile-department-link CE-F8\"><p><a href=\"\/oddeleni\/interni-oddeleni\/\">Intern\u00ed odd\u011blen\u00ed<\/a>,\u00a0<a href=\"\/eticka-komise\/\">Etick\u00e1 komise<\/a><\/p>\n<\/div><div class=\"abcfslMT5  abcfslF14 LT-F5\"><span><i class=\"fa-solid fa-envelope\"><\/i>\u00a0&nbsp;<\/span><span class=\"profile-department-link\"><a href=\"mailto:buckoval@nemji.cz\">buckoval@nemji.cz<\/a><\/span><\/div><div class=\"abcfslMT5  abcfslF14 LT-F4\"><span><i class=\"fa-solid fa-phone\"><\/i>\u00a0&nbsp;<\/span><span class=\"profile-department-link\"><a href=\"tel:+420567157681\">+420 567 157 681<\/a><\/span><\/div><\/div><\/div><\/div><\/div>\n<\/div>\n<div id=\"cmsmasters_heading_btonryn70x\" class=\"cmsmasters_heading_wrap cmsmasters_heading_align_left oddeleni-lekari-heading\">\n\t<h5 class=\"cmsmasters_heading\">Ostatn\u00ed \u010dlenov\u00e9<\/h5>\n<\/div><div class=\"cmsmasters_text oddeleni-lekari-list\">\n<ul>\n<li>MUDr. Radek Ampapa<\/li>\n<li>MUDr. Michal Fikrle, Ph.D.<\/li>\n<li>MUDr. Josef Fi\u0161ar<\/li>\n<li>MUDr. Pavl\u00edna Musilov\u00e1<\/li>\n<li>JUDr. Hana Kamen\u00edkov\u00e1<\/li>\n<li>Mgr. Du\u0161an V\u00edtek<\/li>\n<li>PharmDr. Helena Kub\u00ednov\u00e1<\/li>\n<li>Bc. Zuzana \u010c\u00ed\u017ekov\u00e1<\/li>\n<\/ul>\n<\/div>\n<\/div><\/div>\n<\/div>\n<\/div>\n<\/div>\n<\/div>\n<\/div>\n\n","protected":false},"excerpt":{"rendered":"","protected":false},"author":1,"featured_media":23376,"parent":23239,"menu_order":0,"comment_status":"closed","ping_status":"closed","template":"","meta":{"pgc_sgb_lightbox_settings":"","footnotes":"","_links_to":"","_links_to_target":""},"categories":[],"class_list":["post-23273","page","type-page","status-publish","has-post-thumbnail","hentry"],"publishpress_future_action":{"enabled":false,"date":"2026-04-26 06:09:26","action":"change-status","newStatus":"draft","terms":[],"taxonomy":"category","extraData":[]},"publishpress_future_workflow_manual_trigger":{"enabledWorkflows":[]},"_links":{"self":[{"href":"https:\/\/webnemji.azurewebsites.net\/en\/wp-json\/wp\/v2\/pages\/23273","targetHints":{"allow":["GET"]}}],"collection":[{"href":"https:\/\/webnemji.azurewebsites.net\/en\/wp-json\/wp\/v2\/pages"}],"about":[{"href":"https:\/\/webnemji.azurewebsites.net\/en\/wp-json\/wp\/v2\/types\/page"}],"author":[{"embeddable":true,"href":"https:\/\/webnemji.azurewebsites.net\/en\/wp-json\/wp\/v2\/users\/1"}],"replies":[{"embeddable":true,"href":"https:\/\/webnemji.azurewebsites.net\/en\/wp-json\/wp\/v2\/comments?post=23273"}],"version-history":[{"count":0,"href":"https:\/\/webnemji.azurewebsites.net\/en\/wp-json\/wp\/v2\/pages\/23273\/revisions"}],"up":[{"embeddable":true,"href":"https:\/\/webnemji.azurewebsites.net\/en\/wp-json\/wp\/v2\/pages\/23239"}],"wp:featuredmedia":[{"embeddable":true,"href":"https:\/\/webnemji.azurewebsites.net\/en\/wp-json\/wp\/v2\/media\/23376"}],"wp:attachment":[{"href":"https:\/\/webnemji.azurewebsites.net\/en\/wp-json\/wp\/v2\/media?parent=23273"}],"wp:term":[{"taxonomy":"category","embeddable":true,"href":"https:\/\/webnemji.azurewebsites.net\/en\/wp-json\/wp\/v2\/categories?post=23273"}],"curies":[{"name":"wp","href":"https:\/\/api.w.org\/{rel}","templated":true}]}}