{"id":23307,"date":"2023-10-19T12:00:49","date_gmt":"2023-10-19T10:00:49","guid":{"rendered":"https:\/\/nemji.rs-kovarik.cz\/?page_id=23307"},"modified":"2025-09-02T09:16:02","modified_gmt":"2025-09-02T07:16:02","slug":"kvalita","status":"publish","type":"page","link":"https:\/\/webnemji.azurewebsites.net\/en\/kvalita\/","title":{"rendered":"Quality of Care"},"content":{"rendered":"<div id=\"cmsmasters_row_ksciwp6ujf\" class=\"cmsmasters_row cmsmasters_color_scheme_default heroblocks cmsmasters_row_top_default cmsmasters_row_bot_default cmsmasters_row_boxed\">\n<div id=\"heroboxes\" class=\"cmsmasters_row_outer_parent\">\n<div class=\"cmsmasters_row_overlay\"><\/div>\n<div class=\"cmsmasters_row_outer\">\n<div class=\"cmsmasters_row_inner\">\n<div class=\"cmsmasters_row_margin\">\n<div id=\"cmsmasters_column_bxgnwqgwt\" class=\"cmsmasters_column one_first\">\n<div class=\"cmsmasters_column_inner\"><div id=\"cmsmasters_heading_mkdgjovddq\" class=\"cmsmasters_heading_wrap cmsmasters_heading_align_center pageheadingtitle\" data-animation=\"fadeIn\" data-delay=\"100\">\n\t<h1 class=\"cmsmasters_heading\">Kvalita a bezpe\u010dn\u00e1 p\u00e9\u010de<\/h1>\n<\/div><div id=\"cmsmasters_heading_gb7vg9rtje\" class=\"cmsmasters_heading_wrap cmsmasters_heading_align_center\" data-animation=\"fadeIn\" data-delay=\"150\">\n\t<h3 class=\"cmsmasters_heading\">Nemocnice Jihlava, p\u0159\u00edsp\u011bvkov\u00e1 organizace<\/h3>\n<\/div>\n<\/div><\/div>\n<\/div>\n<\/div>\n<\/div>\n<\/div>\n<\/div>\n<div id=\"cmsmasters_row_bj7zxjapxj\" class=\"cmsmasters_row cmsmasters_color_scheme_default cmsmasters_row_top_default cmsmasters_row_bot_default cmsmasters_row_boxed\">\n<div class=\"cmsmasters_row_outer_parent\">\n<div class=\"cmsmasters_row_outer\">\n<div class=\"cmsmasters_row_inner\">\n<div class=\"cmsmasters_row_margin\">\n<div id=\"cmsmasters_column_22eksm2374\" class=\"cmsmasters_column one_first\">\n<div class=\"cmsmasters_column_inner\"><div class=\"cmsmasters_text\">\n<p><nav aria-label=\"breadcrumbs\">\n            <div class=\"breadcrumb-container theme1\">\n                <ol>\n                                    <\/ol>\n            <\/div>\n        <\/nav>    <script type=\"application\/ld+json\">\n        {\n            \"@context\": \"http:\/\/schema.org\",\n            \"@type\": \"BreadcrumbList\",\n            \"itemListElement\": [\n                            ]\n        }\n    <\/script>\n   \n    <script>\n            <\/script>\n<\/p>\n<\/div>\n<\/div><\/div>\n<\/div>\n<\/div>\n<\/div>\n<\/div>\n<\/div>\n<div id=\"cmsmasters_row_5gr16na4ms\" class=\"cmsmasters_row cmsmasters_color_scheme_default cmsmasters_row_top_default cmsmasters_row_bot_default cmsmasters_row_boxed\">\n<div class=\"cmsmasters_row_outer_parent\">\n<div class=\"cmsmasters_row_outer\">\n<div class=\"cmsmasters_row_inner\">\n<div class=\"cmsmasters_row_margin\">\n<div id=\"cmsmasters_column_xonfjk045g\" class=\"cmsmasters_column one_third stickyinfocolumn\">\n<div class=\"cmsmasters_column_inner\"><div id=\"cmsmasters_heading_luukg1lxw\" class=\"cmsmasters_heading_wrap cmsmasters_heading_align_center\">\n\t<h3 class=\"cmsmasters_heading\">Kvalita a bezpe\u010dn\u00e1 p\u00e9\u010de<\/h3>\n<\/div>\n<div id=\"cmsmasters_divider_09kab0ikwl\" class=\"cmsmasters_divider cmsmasters_divider_width_short cmsmasters_divider_pos_center\"><\/div>\n<div class=\"cmsmasters_sidebar sidebar_layout_11 sidebar-custom-menu\"><aside id=\"nav_menu-58\" class=\"widget widget_nav_menu\"><div class=\"menu-kvalita-container\"><ul id=\"menu-kvalita\" class=\"menu\"><li id=\"menu-item-27327\" class=\"static-link menu-item menu-item-type-custom menu-item-object-custom menu-item-27327\"><a href=\"\/kvalita\/#namestek\" data-ps2id-api=\"true\"><i class=\"fa-solid fa-person-arrow-up-from-line\"><\/i> Vedouc\u00ed odd\u011blen\u00ed managementu kvality<\/a><\/li>\n<li id=\"menu-item-27329\" class=\"static-link menu-item menu-item-type-custom menu-item-object-custom menu-item-27329\"><a href=\"\/kvalita\/certifikaty\" data-ps2id-api=\"true\"><i class=\"fa-solid fa-certificate\"><\/i> Certifik\u00e1t kvality<\/a><\/li>\n<li id=\"menu-item-27436\" class=\"static-link menu-item menu-item-type-custom menu-item-object-custom menu-item-27436\"><a href=\"\/kvalita\/rizeni_kvality\/\" data-ps2id-api=\"true\"><i class=\"fa-solid fa-file-shield\"><\/i>Syst\u00e9m \u0159\u00edzen\u00ed kvality a bezpe\u010d\u00ed slu\u017eeb<\/a><\/li>\n<li id=\"menu-item-27442\" class=\"static-link menu-item menu-item-type-custom menu-item-object-custom menu-item-27442\"><a href=\"\/kvalita\/cile\/\" data-ps2id-api=\"true\"><i class=\"fa-solid fa-lock-open\"><\/i>Resortn\u00ed bezpe\u010dnostn\u00ed c\u00edle<\/a><\/li>\n<li id=\"menu-item-27328\" class=\"static-link menu-item menu-item-type-custom menu-item-object-custom menu-item-27328\"><a href=\"\/kvalita\/hodnoceni\/\" data-ps2id-api=\"true\"><i class=\"fa-solid fa-newspaper\"><\/i> Hodnocen\u00ed spokojenosti<\/a><\/li>\n<li id=\"menu-item-27452\" class=\"static-link menu-item menu-item-type-custom menu-item-object-custom menu-item-27452\"><a href=\"\/kvalita\/podporujici_zdravi\/\" data-ps2id-api=\"true\"><i class=\"fa-solid fa-house-medical-flag\"><\/i>Nemocnice podporuj\u00edc\u00ed zdrav\u00ed<\/a><\/li>\n<li id=\"menu-item-27453\" class=\"static-link menu-item menu-item-type-custom menu-item-object-custom menu-item-27453\"><a href=\"\/kvalita\/bezpecnost\/\" data-ps2id-api=\"true\"><i class=\"fa-solid fa-shield-halved\"><\/i>Politika bezpe\u010dnosti informac\u00ed<\/a><\/li>\n<\/ul><\/div><\/aside><div class=\"cl\"><\/div>\n<\/div>\n<\/div><\/div>\n<div id=\"cmsmasters_column_bo0xyc1mnm\" class=\"cmsmasters_column two_third\">\n<div class=\"cmsmasters_column_inner\"><div id=\"cmsmasters_heading_7322ygqjb\" class=\"cmsmasters_heading_wrap cmsmasters_heading_align_left\">\n\t<h2 class=\"cmsmasters_heading\">Vedouc\u00ed odd\u011blen\u00ed managementu kvality<\/h2>\n<\/div>\n<div id=\"cmsmasters_divider_2o8xjw31w\" class=\"cmsmasters_divider cmsmasters_divider_width_short cmsmasters_divider_pos_left\"><\/div>\n<div class=\"cmsmasters_text personalni-obsazeni\">\n<div class=\"abcfslGridCntr personalni-obsazeni abcfslMLRAuto slv174_t19992_L abcfslGridCntr_19992\"><div class=\"abcfslItemCntrLst abcfslPadBMB30 abcfClrFix\" style=\"padding-bottom: 0;\"><div class=\"abcfslLstCol abcfslLstCol-4 abcfslImgColLst\"><div class=\"abcfslImgCntrLst abcfslMLRPc\"><a href=\"https:\/\/www.nemji.cz\/profil\/vacova\/\" target=\"_blank\" rel=\"noopener\"><img decoding=\"async\"  src=\"\/wp-content\/uploads\/2025\/11\/kettnerovaj.jpg\" class=\"ProfileImage\" alt=\"Ing. Bc. Jana Kettnerov\u00e1\"  itemprop=\"image\"  \/><\/a><\/div><\/div><div class=\"abcfslLstCol abcfslLstCol-8 abcfslTxtColLst\"><div class=\"abcfslTxtCntrLst  abcfslPadLPc5\" style=\"padding-left: 20px;\"><h4 class=\"abcfslF18_6 MP-F1\"><span class=\"abcfslSpanMP2\">Ing. Bc. Jana <\/span><span class=\"abcfslSpanMP1\">Kettnerov\u00e1 <\/span><\/h4><h5 class=\"abcfslF14_6 T-F2\">Vedouc\u00ed odd\u011blen\u00ed managementu kvality<\/h5><div class=\"abcfslMT10  abcfslF14 profile-department-link CE-F8\"><p><a href=\"https:\/\/www.nemji.cz\/kvalita\/\">Odd\u011blen\u00ed managementu kvality, <\/a><a href=\"\/vedecka-rada\/\">V<\/a><a href=\"\/kontakty\/vedeni-nemocnice\/\">eden\u00ed nemocnice<\/a><\/p>\n<\/div><div class=\"abcfslMT5  abcfslF14 LT-F5\"><span><i class=\"fa-solid fa-envelope\"><\/i>\u00a0&nbsp;<\/span><span class=\"profile-department-link\"><a href=\"mailto:kettnerovaj@nemji.cz\">kettnerovaj@nemji.cz<\/a><\/span><\/div><div class=\"abcfslMT5  abcfslF14 LT-F4\"><span><i class=\"fa-solid fa-phone\"><\/i>\u00a0&nbsp;<\/span><span class=\"profile-department-link\"><a href=\"tel:+420567157856\">+420 567 157 856<\/a><br>\u00a0\u00a0\u00a0\u00a0\u00a0\u00a0<a href=\"tel:+420705749453\">+420 705 749 453<\/a><\/span><\/div><\/div><\/div><\/div><\/div>\n<\/div>\n\n<div id=\"cmsmasters_divider_jdbdwoi3n\" class=\"cl\"><\/div>\n<div id=\"cmsmasters_heading_7zw47ja2t\" class=\"cmsmasters_heading_wrap cmsmasters_heading_align_left\">\n\t<h2 class=\"cmsmasters_heading\">Kvalita a bezpe\u010dn\u00e1 p\u00e9\u010de<\/h2>\n<\/div>\n<div id=\"cmsmasters_divider_fpjk4jzhtn\" class=\"cmsmasters_divider cmsmasters_divider_width_short cmsmasters_divider_pos_left\"><\/div>\n<div class=\"cmsmasters_text personalni-obsazeni\">\n<h5><strong>Vize\u00a0nemocnice:<\/strong><\/h5>\n<p><strong>Modern\u00ed, ekonomicky stabiln\u00ed nemocnice s\u00a0celokrajskou p\u016fsobnost\u00ed, poskytuj\u00edc\u00ed \u0161pi\u010dkov\u00e9 slu\u017eby klient\u016fm, kvalitn\u00edm a motivovan\u00fdm person\u00e1lem.<\/strong><\/p>\n<h5><strong>Motto nemocnice:<\/strong><\/h5>\n<p><strong>&#8222;Nemocnice Jihlava \u2013 Va\u0161e nemocnice&#8220;<\/strong><\/p>\n<p>Nemocnice Jihlava, p\u0159\u00edsp\u011bvkov\u00e1 organizace, je od roku 2008 dr\u017eitelem certifik\u00e1tu extern\u00edho hodnocen\u00ed kvality a bezpe\u010d\u00ed poskytovan\u00fdch slu\u017eeb. Statut akreditovan\u00e9ho zdravotnick\u00e9ho za\u0159\u00edzen\u00ed obh\u00e1jila p\u0159i auditu extern\u00edho hodnocen\u00ed kvality \u010cesk\u00e9 spole\u010dnosti pro akreditaci ve zdravotnictv\u00ed <strong>17. a 18. ledna 2024.<\/strong><\/p>\n<p>Akreditace je n\u00e1ro\u010dn\u00fd proces, p\u0159i kter\u00e9m mus\u00ed nemocnice extern\u00ed nez\u00e1visl\u00e9 akredita\u010dn\u00ed spole\u010dnosti prok\u00e1zat, \u017ee spl\u0148uje stanoven\u00e9 po\u017eadavky kvality a bezpe\u010d\u00ed poskytovan\u00fdch slu\u017eeb. Nez\u00e1visl\u00ed audito\u0159i sleduj\u00ed p\u0159i poskytov\u00e1n\u00ed zdravotn\u00edch slu\u017eeb pacient\u016fm pln\u011bn\u00ed akredita\u010dn\u00edch standard\u016f, kter\u00e9 pokr\u00fdvaj\u00ed v\u0161echny klinick\u00e9 \u010dinnosti zdravotnick\u00e9ho za\u0159\u00edzen\u00ed, a kladou po\u017eadavky i na neklinick\u00e9 oblasti, souvisej\u00edc\u00ed s p\u00e9\u010d\u00ed o pacienty, nap\u0159\u00edklad stravov\u00e1n\u00ed, technick\u00e9 provozy, hygienu nemocni\u010dn\u00edho prost\u0159ed\u00ed, po\u017e\u00e1rn\u00ed ochranu, krizov\u00e9 \u0159\u00edzen\u00ed, management nemocnice. P\u0159i hodnocen\u00ed kladou d\u016fraz na bezpe\u010d\u00ed pacient\u016f p\u0159i poskytov\u00e1n\u00ed zdravotn\u00edch slu\u017eeb a p\u0159i jejich pobytu v nemocnici. Pro pacienty je certifik\u00e1t \u00fasp\u011b\u0161n\u00e9 akreditace z\u00e1rukou, \u017ee nemocnice spl\u0148uje nebo i p\u0159ekra\u010duje z\u00e1kladn\u00ed po\u017eadavky na kvalitu a bezpe\u010d\u00ed poskytovan\u00e9 p\u00e9\u010de.\u00a0Akreditace se ud\u011bluje na t\u0159i roky.<\/p>\n<p>Nejp\u0159\u00edsn\u011bj\u0161\u00ed podm\u00ednky kvality spl\u0148uj\u00ed i odd\u011blen\u00ed komplementu Nemocnice Jihlava. Dr\u017eitelem certifik\u00e1t\u016f extern\u00edho hodnocen\u00ed kvality \u010cesk\u00e9ho institutu pro akreditaci o. p. s. (\u010cIA) a N\u00e1rodn\u00edho autoriza\u010dn\u00edho st\u0159ediska pro klinick\u00e9 laborato\u0159e p\u0159i \u010cesk\u00e9 l\u00e9ka\u0159sk\u00e9 spole\u010dnosti Jana Evangelisty Purkyn\u011b (NASKL) je Odd\u011blen\u00ed klinick\u00e9 biochemie, mikrobiologie a imunologie, Odd\u011blen\u00ed hematologicko-transfuzn\u00ed je dr\u017eitelem certifik\u00e1tu NASKL a Odd\u011blen\u00ed patologicko-anatomick\u00e9 je dr\u017eitelem certifik\u00e1tu NASKL. Radiodiagnostick\u00e1 pracovi\u0161t\u011b pln\u00ed povinnost hodnocen\u00ed kvality a bezpe\u010d\u00ed zdravotn\u00edch slu\u017eeb p\u0159i l\u00e9ka\u0159sk\u00e9m oz\u00e1\u0159en\u00ed dle z\u00e1kona \u010d. 373\/2011 Sb., o specifick\u00fdch zdravotn\u00edch slu\u017eb\u00e1ch. Tato pracovi\u0161t\u011b jsou kontrolov\u00e1na St\u00e1tn\u00edm \u00fa\u0159adem pro jadernou bezpe\u010dnost. Stravovac\u00ed provoz m\u00e1 implementov\u00e1n syst\u00e9m HACCP (Hazard Analysis Critical Control Point), kter\u00fd potvrzuje z\u00e1sady spr\u00e1vn\u00e9 v\u00fdrobn\u00ed a hygienick\u00e9 praxe ve stravovac\u00edch slu\u017eb\u00e1ch. Kontrolou S\u00daKL proch\u00e1z\u00ed nemocni\u010dn\u00ed l\u00e9k\u00e1rna, kostn\u00ed tk\u00e1\u0148ov\u00e1 banka a odb\u011brov\u00e9 za\u0159\u00edzen\u00ed pupe\u010dn\u00edkov\u00e9 krve a tk\u00e1n\u011b placenty.<\/p>\n<\/div>\n<div class=\"cmsmasters_text personalni-obsazeni\">\n<p><\/p>\n<\/div>\n<div class=\"cmsmasters_text personalni-obsazeni\">\n<p><a id=\"certifikat\"><\/a><\/p>\n<\/div>\n<\/div><\/div>\n<\/div>\n<\/div>\n<\/div>\n<\/div>\n<\/div>\n\n","protected":false},"excerpt":{"rendered":"","protected":false},"author":1,"featured_media":23379,"parent":0,"menu_order":0,"comment_status":"closed","ping_status":"closed","template":"","meta":{"pgc_sgb_lightbox_settings":"","footnotes":"","_links_to":"","_links_to_target":""},"categories":[],"class_list":["post-23307","page","type-page","status-publish","has-post-thumbnail","hentry"],"publishpress_future_action":{"enabled":false,"date":"2026-05-05 13:14:08","action":"change-status","newStatus":"draft","terms":[],"taxonomy":"category","extraData":[]},"publishpress_future_workflow_manual_trigger":{"enabledWorkflows":[]},"_links":{"self":[{"href":"https:\/\/webnemji.azurewebsites.net\/en\/wp-json\/wp\/v2\/pages\/23307","targetHints":{"allow":["GET"]}}],"collection":[{"href":"https:\/\/webnemji.azurewebsites.net\/en\/wp-json\/wp\/v2\/pages"}],"about":[{"href":"https:\/\/webnemji.azurewebsites.net\/en\/wp-json\/wp\/v2\/types\/page"}],"author":[{"embeddable":true,"href":"https:\/\/webnemji.azurewebsites.net\/en\/wp-json\/wp\/v2\/users\/1"}],"replies":[{"embeddable":true,"href":"https:\/\/webnemji.azurewebsites.net\/en\/wp-json\/wp\/v2\/comments?post=23307"}],"version-history":[{"count":0,"href":"https:\/\/webnemji.azurewebsites.net\/en\/wp-json\/wp\/v2\/pages\/23307\/revisions"}],"wp:featuredmedia":[{"embeddable":true,"href":"https:\/\/webnemji.azurewebsites.net\/en\/wp-json\/wp\/v2\/media\/23379"}],"wp:attachment":[{"href":"https:\/\/webnemji.azurewebsites.net\/en\/wp-json\/wp\/v2\/media?parent=23307"}],"wp:term":[{"taxonomy":"category","embeddable":true,"href":"https:\/\/webnemji.azurewebsites.net\/en\/wp-json\/wp\/v2\/categories?post=23307"}],"curies":[{"name":"wp","href":"https:\/\/api.w.org\/{rel}","templated":true}]}}