{"id":23323,"date":"2023-10-19T13:07:29","date_gmt":"2023-10-19T11:07:29","guid":{"rendered":"https:\/\/nemji.rs-kovarik.cz\/?page_id=23323"},"modified":"2024-12-04T08:59:38","modified_gmt":"2024-12-04T07:59:38","slug":"rizeni-cinnosti","status":"publish","type":"page","link":"https:\/\/webnemji.azurewebsites.net\/en\/jihlavska-medicinska-akademie\/rizeni-cinnosti\/","title":{"rendered":"Activity management"},"content":{"rendered":"<div id=\"cmsmasters_row_ksciwp6ujf\" class=\"cmsmasters_row cmsmasters_color_scheme_default heroblocks cmsmasters_row_top_default cmsmasters_row_bot_default cmsmasters_row_boxed\">\n<div id=\"heroboxes\" class=\"cmsmasters_row_outer_parent\">\n<div class=\"cmsmasters_row_overlay\"><\/div>\n<div class=\"cmsmasters_row_outer\">\n<div class=\"cmsmasters_row_inner\">\n<div class=\"cmsmasters_row_margin\">\n<div id=\"cmsmasters_column_bxgnwqgwt\" class=\"cmsmasters_column one_first\">\n<div class=\"cmsmasters_column_inner\"><div id=\"cmsmasters_heading_mkdgjovddq\" class=\"cmsmasters_heading_wrap cmsmasters_heading_align_center pageheadingtitle\" data-animation=\"fadeIn\" data-delay=\"100\">\n\t<h1 class=\"cmsmasters_heading\">Jihlavsk\u00e1 medic\u00ednsk\u00e1 akademie<\/h1>\n<\/div><div id=\"cmsmasters_heading_gb7vg9rtje\" class=\"cmsmasters_heading_wrap cmsmasters_heading_align_center\" data-animation=\"fadeIn\" data-delay=\"150\">\n\t<h3 class=\"cmsmasters_heading\">Nemocnice Jihlava, p\u0159\u00edsp\u011bvkov\u00e1 organizace<\/h3>\n<\/div>\n<\/div><\/div>\n<\/div>\n<\/div>\n<\/div>\n<\/div>\n<\/div>\n<div id=\"cmsmasters_row_bj7zxjapxj\" class=\"cmsmasters_row cmsmasters_color_scheme_default cmsmasters_row_top_default cmsmasters_row_bot_default cmsmasters_row_boxed\">\n<div class=\"cmsmasters_row_outer_parent\">\n<div class=\"cmsmasters_row_outer\">\n<div class=\"cmsmasters_row_inner\">\n<div class=\"cmsmasters_row_margin\">\n<div id=\"cmsmasters_column_22eksm2374\" class=\"cmsmasters_column one_first\">\n<div class=\"cmsmasters_column_inner\"><div class=\"cmsmasters_text\">\n<p><nav aria-label=\"breadcrumbs\">\n            <div class=\"breadcrumb-container theme1\">\n                <ol>\n                                    <\/ol>\n            <\/div>\n        <\/nav>    <script type=\"application\/ld+json\">\n        {\n            \"@context\": \"http:\/\/schema.org\",\n            \"@type\": \"BreadcrumbList\",\n            \"itemListElement\": [\n                            ]\n        }\n    <\/script>\n   \n    <script>\n            <\/script>\n<\/p>\n<\/div>\n<\/div><\/div>\n<\/div>\n<\/div>\n<\/div>\n<\/div>\n<\/div>\n<div id=\"cmsmasters_row_5gr16na4ms\" class=\"cmsmasters_row cmsmasters_color_scheme_default cmsmasters_row_top_default cmsmasters_row_bot_default cmsmasters_row_boxed\">\n<div class=\"cmsmasters_row_outer_parent\">\n<div class=\"cmsmasters_row_outer\">\n<div class=\"cmsmasters_row_inner\">\n<div class=\"cmsmasters_row_margin\">\n<div id=\"cmsmasters_column_xonfjk045g\" class=\"cmsmasters_column one_third stickyinfocolumn\">\n<div class=\"cmsmasters_column_inner\"><div id=\"cmsmasters_heading_luukg1lxw\" class=\"cmsmasters_heading_wrap cmsmasters_heading_align_center\">\n\t<h3 class=\"cmsmasters_heading\">Jihlavsk\u00e1 medic\u00ednsk\u00e1 akademie<\/h3>\n<\/div>\n<div id=\"cmsmasters_divider_09kab0ikwl\" class=\"cmsmasters_divider cmsmasters_divider_width_short cmsmasters_divider_pos_center\"><\/div>\n<div class=\"cmsmasters_sidebar sidebar_layout_11 sidebar-custom-menu\"><aside id=\"nav_menu-38\" class=\"widget widget_nav_menu\"><div class=\"menu-jimea-container\"><ul id=\"menu-jimea\" class=\"menu\"><li id=\"menu-item-23316\" class=\"static-link menu-item menu-item-type-custom menu-item-object-custom menu-item-23316\"><a href=\"\/jihlavska-medicinska-akademie\/\" data-ps2id-api=\"true\"><i class=\"fa-solid fa-circle-info\"><\/i> Z\u00e1kladn\u00ed informace<\/a><\/li>\n<li id=\"menu-item-23317\" class=\"static-link menu-item menu-item-type-custom menu-item-object-custom menu-item-23317\"><a href=\"\/jihlavska-medicinska-akademie\/rizeni-cinnosti\/\" data-ps2id-api=\"true\"><i class=\"fa-solid fa-users\"><\/i> \u0158\u00edzen\u00ed \u010dinnosti<\/a><\/li>\n<\/ul><\/div><\/aside><div class=\"cl\"><\/div>\n<\/div>\n<\/div><\/div>\n<div id=\"cmsmasters_column_bo0xyc1mnm\" class=\"cmsmasters_column two_third\">\n<div class=\"cmsmasters_column_inner\"><div id=\"cmsmasters_heading_19qdr5f6te\" class=\"cmsmasters_heading_wrap cmsmasters_heading_align_left\">\n\t<h2 class=\"cmsmasters_heading\">\u0158\u00edzen\u00ed \u010dinnosti<\/h2>\n<\/div>\n<div id=\"cmsmasters_divider_55oq46kd3\" class=\"cmsmasters_divider cmsmasters_divider_width_short cmsmasters_divider_pos_left\"><\/div>\n<div id=\"cmsmasters_divider_e8z77xgxz\" class=\"cl\"><\/div>\n<div id=\"cmsmasters_heading_rz0ad53cuo\" class=\"cmsmasters_heading_wrap cmsmasters_heading_align_left\">\n\t<h3 class=\"cmsmasters_heading\">V\u011bdeck\u00e1 rada JIMEA<\/h3>\n<\/div>\n<div id=\"cmsmasters_divider_xaiw00gug\" class=\"cmsmasters_divider cmsmasters_divider_width_short cmsmasters_divider_pos_left\"><\/div>\n<div class=\"cmsmasters_text personalni-obsazeni\">\n<div class=\"abcfslGridCntr personalni-obsazeni abcfslMLRAuto slv174_t19992_L abcfslGridCntr_19992\"><div class=\"abcfslItemCntrLst abcfslPadBMB30 abcfClrFix\" style=\"padding-bottom: 0;\"><div class=\"abcfslLstCol abcfslLstCol-4 abcfslImgColLst\"><div class=\"abcfslImgCntrLst abcfslMLRPc\"><img decoding=\"async\"  src=\"\/wp-content\/uploads\/2023\/10\/nevoralova-1-796x1024.jpg\" class=\"ProfileImage\" alt=\"MUDr. Zuzana Nevoralov\u00e1, Ph.D.\"  itemprop=\"image\"  \/><\/div><\/div><div class=\"abcfslLstCol abcfslLstCol-8 abcfslTxtColLst\"><div class=\"abcfslTxtCntrLst  abcfslPadLPc5\" style=\"padding-left: 20px;\"><h4 class=\"abcfslF18_6 MP-F1\"><span class=\"abcfslSpanMP2\">MUDr. Zuzana <\/span><span class=\"abcfslSpanMP1\">Nevoralov\u00e1, Ph.D. <\/span><\/h4><h5 class=\"abcfslF14_6 T-F2\">P\u0159edsedkyn\u011b V\u011bdeck\u00e9 rady JIMEA, Z\u00e1stupce prim\u00e1\u0159e<\/h5><div class=\"abcfslMT10  abcfslF14 profile-department-link CE-F8\"><p><a href=\"\/oddeleni\/kozni-oddeleni\/\">Ko\u017en\u00ed odd\u011blen\u00ed<\/a>, <a href=\"\/eticka-komise\/\">Etick\u00e1 komise<\/a>,\u00a0<a href=\"\/vedecka-rada\/\">V\u011bdeck\u00e1 rada<\/a>,\u00a0<a href=\"\/jihlavska-medicinska-akademie\/\">JIMEA<\/a><\/p>\n<\/div><div class=\"abcfslMT5  abcfslF14 LT-F5\"><span><i class=\"fa-solid fa-envelope\"><\/i>\u00a0&nbsp;<\/span><span class=\"profile-department-link\"><a href=\"mailto:nevoralovaz@nemji.cz\">nevoralovaz@nemji.cz<\/a><\/span><\/div><div class=\"abcfslMT5  abcfslF14 LT-F4\"><span><i class=\"fa-solid fa-phone\"><\/i>\u00a0&nbsp;<\/span><span class=\"profile-department-link\"><a href=\"tel:+420567157494\">+420 567 157 494<\/a><\/span><\/div><\/div><\/div><\/div><div class=\"abcfslItemCntrLst abcfslPadBMB30 abcfClrFix\" style=\"padding-bottom: 0;\"><div class=\"abcfslLstCol abcfslLstCol-4 abcfslImgColLst\"><div class=\"abcfslImgCntrLst abcfslMLRPc\"><a href=\"https:\/\/www.nemji.cz\/profil\/skoda\/\" target=\"_blank\" rel=\"noopener\"><img decoding=\"async\"  src=\"\/wp-content\/uploads\/2023\/10\/mnf_00000474pas-797x1024.jpg\" class=\"ProfileImage\" alt=\"MUDr. Ond\u0159ej \u0160koda, Ph.D. FESO\"  itemprop=\"image\"  \/><\/a><\/div><\/div><div class=\"abcfslLstCol abcfslLstCol-8 abcfslTxtColLst\"><div class=\"abcfslTxtCntrLst  abcfslPadLPc5\" style=\"padding-left: 20px;\"><h4 class=\"abcfslF18_6 MP-F1\"><span class=\"abcfslSpanMP2\">MUDr. Ond\u0159ej <\/span><span class=\"abcfslSpanMP1\">\u0160koda, Ph.D. FESO <\/span><\/h4><h5 class=\"abcfslF14_6 T-F2\">N\u00e1m\u011bstek pro v\u011bdu, v\u00fdzkum a \u0161kolstv\u00ed, M\u00edstop\u0159edseda V\u011bdeck\u00e9 rady JIMEA, prim\u00e1\u0159<\/h5><div class=\"abcfslMT10  abcfslF14 profile-department-link CE-F8\"><p><a href=\"\/oddeleni\/neurologicke-oddeleni\/\">Neurologick\u00e9 odd\u011blen\u00ed<\/a>,\u00a0<a href=\"\/vedecka-rada\/\">V\u011bdeck\u00e1 rada, V<\/a><a href=\"\/kontakty\/vedeni-nemocnice\/\">eden\u00ed nemocnice<\/a><\/p>\n<\/div><div class=\"abcfslMT5  abcfslF14 LT-F5\"><span><i class=\"fa-solid fa-envelope\"><\/i>\u00a0&nbsp;<\/span><span class=\"profile-department-link\"><a href=\"mailto:skodao@nemji.cz\">skodao@nemji.cz<\/a><\/span><\/div><div class=\"abcfslMT5  abcfslF14 LT-F4\"><span><i class=\"fa-solid fa-phone\"><\/i>\u00a0&nbsp;<\/span><span class=\"profile-department-link\"><a href=\"tel:+420567157251\">+420 567 157 251<\/a><\/span><\/div><\/div><\/div><\/div><div class=\"abcfslItemCntrLst abcfslPadBMB30 abcfClrFix\" style=\"padding-bottom: 0;\"><div class=\"abcfslLstCol abcfslLstCol-4 abcfslImgColLst\"><div class=\"abcfslImgCntrLst abcfslMLRPc\"><img decoding=\"async\"  src=\"\/wp-content\/uploads\/2023\/10\/zdarsova2-796x1024.jpg\" class=\"ProfileImage\" alt=\"Iva Zdarsov\u00e1\"  itemprop=\"image\"  \/><\/div><\/div><div class=\"abcfslLstCol abcfslLstCol-8 abcfslTxtColLst\"><div class=\"abcfslTxtCntrLst  abcfslPadLPc5\" style=\"padding-left: 20px;\"><h4 class=\"abcfslF18_6 MP-F1\"><span class=\"abcfslSpanMP2\">Iva <\/span><span class=\"abcfslSpanMP1\">Zdarsov\u00e1 <\/span><\/h4><h5 class=\"abcfslF14_6 T-F2\">Tajemn\u00edk V\u011bdeck\u00e9 rady JIMEA, referentka vzd\u011bl\u00e1v\u00e1n\u00ed<\/h5><div class=\"abcfslMT10  abcfslF14 profile-department-link CE-F8\"><p><a href=\"\/kontakty\/ekonomicke-oddeleni\/#oddeleni-personalni-a-mzdove\">Odd\u011blen\u00ed person\u00e1ln\u00ed a mzdov\u00e9<\/a><\/p>\n<\/div><div class=\"abcfslMT5  abcfslF14 LT-F5\"><span><i class=\"fa-solid fa-envelope\"><\/i>\u00a0&nbsp;<\/span><span class=\"profile-department-link\"><a href=\"mailto:zdarsovai@nemji.cz\">zdarsovai@nemji.cz<\/a><\/span><\/div><div class=\"abcfslMT5  abcfslF14 LT-F4\"><span><i class=\"fa-solid fa-phone\"><\/i>\u00a0&nbsp;<\/span><span class=\"profile-department-link\"><a href=\"tel:+420567157161\">+420 567 157 161<\/a><\/span><\/div><\/div><\/div><\/div><\/div>\n<\/div>\n<div id=\"cmsmasters_heading_4nnicl19rk\" class=\"cmsmasters_heading_wrap cmsmasters_heading_align_left oddeleni-lekari-heading\">\n\t<h5 class=\"cmsmasters_heading\">Ostatn\u00ed \u010dlenov\u00e9<\/h5>\n<\/div><div class=\"cmsmasters_text oddeleni-lekari-list\">\n<ul>\n<li><span style=\"text-decoration: underline;\"><a href=\"\/oddeleni\/onkologicke-oddeleni\/\"><span class=\"ui-provider ec bfg bew bfh bfi bfj bfk bfl bfm bfn bfo bfp bfq bfr bfs bft bfu bfv bfw bfx bfy bfz bga bgb bgc bgd bge bgf bgg bgh bgi bgj bgk bgl bgm\" dir=\"ltr\">MUDr. Lubom\u00edr Slav\u00ed\u010dek, Ph.D.<\/span><\/a><\/span><\/li>\n<li><a href=\"\/kontakty\/vedeni-nemocnice\/\"><span style=\"text-decoration: underline;\"><span class=\"ui-provider ec bfg bew bfh bfi bfj bfk bfl bfm bfn bfo bfp bfq bfr bfs bft bfu bfv bfw bfx bfy bfz bga bgb bgc bgd bge bgf bgg bgh bgi bgj bgk bgl bgm\" dir=\"ltr\">Mgr. Hana Hlad\u00edkov\u00e1, MHA<\/span><\/span><\/a><span class=\"ui-provider ec bfg bew bfh bfi bfj bfk bfl bfm bfn bfo bfp bfq bfr bfs bft bfu bfv bfw bfx bfy bfz bga bgb bgc bgd bge bgf bgg bgh bgi bgj bgk bgl bgm\" dir=\"ltr\"><br \/>\n<\/span><\/li>\n<\/ul>\n<\/div>\n<div id=\"cmsmasters_divider_rtzxxi04aj\" class=\"cl\"><\/div>\n<div id=\"cmsmasters_heading_vqheb4ah7\" class=\"cmsmasters_heading_wrap cmsmasters_heading_align_left\">\n\t<h3 class=\"cmsmasters_heading\">Revizn\u00ed komise<\/h3>\n<\/div>\n<div id=\"cmsmasters_divider_7m7hes1uzh\" class=\"cmsmasters_divider cmsmasters_divider_width_short cmsmasters_divider_pos_left\"><\/div>\n<div class=\"cmsmasters_text\">\n<p><span class=\"ui-provider ec bfg bew bfh bfi bfj bfk bfl bfm bfn bfo bfp bfq bfr bfs bft bfu bfv bfw bfx bfy bfz bga bgb bgc bgd bge bgf bgg bgh bgi bgj bgk bgl bgm\" dir=\"ltr\">Je kontroln\u00ed org\u00e1n, kter\u00fd m\u00e1 na starosti finan\u010dn\u00ed a hospod\u00e1\u0159skou \u010dinnost.<\/span><\/p>\n<p>&nbsp;<\/p>\n<\/div>\n<div class=\"cmsmasters_text personalni-obsazeni\">\n<div class=\"abcfslGridCntr personalni-obsazeni abcfslMLRAuto slv174_t19992_L abcfslGridCntr_19992\"><div class=\"abcfslItemCntrLst abcfslPadBMB30 abcfClrFix\" style=\"padding-bottom: 0;\"><div class=\"abcfslLstCol abcfslLstCol-4 abcfslImgColLst\"><div class=\"abcfslImgCntrLst abcfslMLRPc\"><a href=\"https:\/\/www.nemji.cz\/profil\/filip\/\" target=\"_blank\" rel=\"noopener\"><img decoding=\"async\"  src=\"\/wp-content\/uploads\/2024\/02\/sasa.jpg\" class=\"ProfileImage\" alt=\"Ing. Alexander Filip\"  itemprop=\"image\"  \/><\/a><\/div><\/div><div class=\"abcfslLstCol abcfslLstCol-8 abcfslTxtColLst\"><div class=\"abcfslTxtCntrLst  abcfslPadLPc5\" style=\"padding-left: 20px;\"><h4 class=\"abcfslF18_6 MP-F1\"><span class=\"abcfslSpanMP2\">Ing. Alexander <\/span><span class=\"abcfslSpanMP1\">Filip <\/span><\/h4><h5 class=\"abcfslF14_6 T-F2\">\u0158editel<\/h5><div class=\"abcfslMT10  abcfslF14 profile-department-link CE-F8\"><p><a href=\"\/kontakty\/vedeni-nemocnice\/\">Veden\u00ed nemocnice<\/a><\/p>\n<\/div><div class=\"abcfslMT5  abcfslF14 LT-F5\"><span><i class=\"fa-solid fa-envelope\"><\/i>\u00a0&nbsp;<\/span><span class=\"profile-department-link\"><a href=\"mailto:filipa@nemji.cz\">filipa@nemji.cz<\/a><\/span><\/div><div class=\"abcfslMT5  abcfslF14 LT-F4\"><span><i class=\"fa-solid fa-phone\"><\/i>\u00a0&nbsp;<\/span><span class=\"profile-department-link\"><a href=\"tel:+420567157150\">+420 567 157 150<\/a> <br>\u00a0\u00a0\u00a0\u00a0\u00a0\u00a0<a href=\"tel:+420731437857\">+420  731 437 857<\/a><\/span><\/div><\/div><\/div><\/div><div class=\"abcfslItemCntrLst abcfslPadBMB30 abcfClrFix\" style=\"padding-bottom: 0;\"><div class=\"abcfslLstCol abcfslLstCol-4 abcfslImgColLst\"><div class=\"abcfslImgCntrLst abcfslMLRPc\"><img decoding=\"async\"  src=\"\/wp-content\/uploads\/2023\/10\/Navratil-796x1024.jpg\" class=\"ProfileImage\" alt=\"Mgr. Petr Navr\u00e1til\"  itemprop=\"image\"  \/><\/div><\/div><div class=\"abcfslLstCol abcfslLstCol-8 abcfslTxtColLst\"><div class=\"abcfslTxtCntrLst  abcfslPadLPc5\" style=\"padding-left: 20px;\"><h4 class=\"abcfslF18_6 MP-F1\"><span class=\"abcfslSpanMP2\">Mgr. Petr <\/span><span class=\"abcfslSpanMP1\">Navr\u00e1til <\/span><\/h4><h5 class=\"abcfslF14_6 T-F2\">Advok\u00e1t<\/h5><div class=\"abcfslMT10  abcfslF14 profile-department-link CE-F8\"><p><a href=\"\/kontakty\/pravni-oddeleni\/\">Pr\u00e1vn\u00ed odd\u011blen\u00ed<\/a><\/p>\n<\/div><div class=\"abcfslMT5  abcfslF14 LT-F5\"><span><i class=\"fa-solid fa-envelope\"><\/i>\u00a0&nbsp;<\/span><span class=\"profile-department-link\"><a href=\"mailto:navratilp@nemji.cz\">navratilp@nemji.cz<\/a><\/span><\/div><div class=\"abcfslMT5  abcfslF14 LT-F4\"><span><i class=\"fa-solid fa-phone\"><\/i>\u00a0&nbsp;<\/span><span class=\"profile-department-link\"><a href=\"tel:+420567157909\">+420 567 157 909<\/a><\/span><\/div><\/div><\/div><\/div><div class=\"abcfslItemCntrLst abcfslPadBMB30 abcfClrFix\" style=\"padding-bottom: 0;\"><div class=\"abcfslLstCol abcfslLstCol-4 abcfslImgColLst\"><div class=\"abcfslImgCntrLst abcfslMLRPc\"><a href=\"https:\/\/www.nemji.cz\/profil\/hirsova\/\" target=\"_blank\" rel=\"noopener\"><img decoding=\"async\"  src=\"\/wp-content\/uploads\/2023\/09\/mnf_00000180pas-797x1024.jpg\" class=\"ProfileImage\" alt=\"Ing. Jitka Hir\u0161ov\u00e1, MHA\"  itemprop=\"image\"  \/><\/a><\/div><\/div><div class=\"abcfslLstCol abcfslLstCol-8 abcfslTxtColLst\"><div class=\"abcfslTxtCntrLst  abcfslPadLPc5\" style=\"padding-left: 20px;\"><h4 class=\"abcfslF18_6 MP-F1\"><span class=\"abcfslSpanMP2\">Ing. Jitka <\/span><span class=\"abcfslSpanMP1\">Hir\u0161ov\u00e1, MHA <\/span><\/h4><h5 class=\"abcfslF14_6 T-F2\">Ekonomick\u00e1 n\u00e1m\u011bstkyn\u011b<\/h5><div class=\"abcfslMT10  abcfslF14 profile-department-link CE-F8\"><p><a href=\"\/kontakty\/ekonomicke-oddeleni\/\">Ekonomick\u00e9 odd\u011blen\u00ed<\/a>, <a href=\"\/kontakty\/vedeni-nemocnice\/\">veden\u00ed nemocnice<\/a><\/p>\n<\/div><div class=\"abcfslMT5  abcfslF14 LT-F5\"><span><i class=\"fa-solid fa-envelope\"><\/i>\u00a0&nbsp;<\/span><span class=\"profile-department-link\"><a href=\"mailto:hirsovaj@nemji.cz\">hirsovaj@nemji.cz<\/a><\/span><\/div><div class=\"abcfslMT5  abcfslF14 LT-F4\"><span><i class=\"fa-solid fa-phone\"><\/i>\u00a0&nbsp;<\/span><span class=\"profile-department-link\"><a href=\"tel:+420567157616\">+420 567 157 616<\/a><br>\u00a0\u00a0\u00a0\u00a0\u00a0\u00a0<a href=\"tel:+420731542056\">+420 731 542 056<\/a><\/span><\/div><\/div><\/div><\/div><\/div>\n<\/div>\n<div id=\"cmsmasters_divider_yykq7u3mx2\" class=\"cl\"><\/div>\n<div id=\"cmsmasters_heading_0r09apxohi\" class=\"cmsmasters_heading_wrap cmsmasters_heading_align_left\">\n\t<h3 class=\"cmsmasters_heading\">Pokladn\u00edk<\/h3>\n<\/div>\n<div id=\"cmsmasters_divider_ma615k94rl\" class=\"cmsmasters_divider cmsmasters_divider_width_short cmsmasters_divider_pos_left\"><\/div>\n<div class=\"cmsmasters_text personalni-obsazeni\">\n<div class=\"abcfslGridCntr personalni-obsazeni abcfslMLRAuto slv174_t19992_L abcfslGridCntr_19992\"><div class=\"abcfslItemCntrLst abcfslPadBMB30 abcfClrFix\" style=\"padding-bottom: 0;\"><div class=\"abcfslLstCol abcfslLstCol-4 abcfslImgColLst\"><div class=\"abcfslImgCntrLst abcfslMLRPc\"><img decoding=\"async\"  src=\"\/wp-content\/uploads\/2023\/08\/AdobeStock_560154975-Prevedeny.png\" class=\"ProfileImage\" alt=\"Ing. Pavla Karbanov\u00e1\"  itemprop=\"image\"  \/><\/div><\/div><div class=\"abcfslLstCol abcfslLstCol-8 abcfslTxtColLst\"><div class=\"abcfslTxtCntrLst  abcfslPadLPc5\" style=\"padding-left: 20px;\"><h4 class=\"abcfslF18_6 MP-F1\"><span class=\"abcfslSpanMP2\">Ing. Pavla <\/span><span class=\"abcfslSpanMP1\">Karbanov\u00e1 <\/span><\/h4><h5 class=\"abcfslF14_6 T-F2\">Vedouc\u00ed odd\u011blen\u00ed<\/h5><div class=\"abcfslMT10  abcfslF14 profile-department-link CE-F8\"><p><a href=\"\/kontakty\/ekonomicke-oddeleni\/#oddeleni-financniho-ucetnictvi\"><span class=\"ui-provider ec bbk bbl bbm bbn bbo bbp bbq bbr bbs bbt bbu bbv bbw bbx bby bbz bca bcb bcc bcd bce bcf bcg bch bci bcj bck bcl bcm bcn bco bcp bcq bcr\" dir=\"ltr\">Odd\u011blen\u00ed finan\u010dn\u00edho \u00fa\u010detnictv\u00ed<\/span><\/a><\/p>\n<\/div><div class=\"abcfslMT5  abcfslF14 LT-F5\"><span><i class=\"fa-solid fa-envelope\"><\/i>\u00a0&nbsp;<\/span><span class=\"profile-department-link\"><a href=\"mailto:karbanovap@nemji.cz\">karbanovap@nemji.cz<\/a><\/span><\/div><div class=\"abcfslMT5  abcfslF14 LT-F4\"><span><i class=\"fa-solid fa-phone\"><\/i>\u00a0&nbsp;<\/span><span class=\"profile-department-link\"><a href=\"tel:+420567157459\">+420 567 157 459<\/a><\/span><\/div><\/div><\/div><\/div><\/div>\n<\/div>\n<\/div><\/div>\n<\/div>\n<\/div>\n<\/div>\n<\/div>\n<\/div>\n\n","protected":false},"excerpt":{"rendered":"","protected":false},"author":1,"featured_media":23378,"parent":23311,"menu_order":0,"comment_status":"closed","ping_status":"closed","template":"","meta":{"pgc_sgb_lightbox_settings":"","footnotes":"","_links_to":"","_links_to_target":""},"categories":[],"class_list":["post-23323","page","type-page","status-publish","has-post-thumbnail","hentry"],"publishpress_future_action":{"enabled":false,"date":"2026-04-14 01:10:45","action":"change-status","newStatus":"draft","terms":[],"taxonomy":"category","extraData":[]},"publishpress_future_workflow_manual_trigger":{"enabledWorkflows":[]},"_links":{"self":[{"href":"https:\/\/webnemji.azurewebsites.net\/en\/wp-json\/wp\/v2\/pages\/23323","targetHints":{"allow":["GET"]}}],"collection":[{"href":"https:\/\/webnemji.azurewebsites.net\/en\/wp-json\/wp\/v2\/pages"}],"about":[{"href":"https:\/\/webnemji.azurewebsites.net\/en\/wp-json\/wp\/v2\/types\/page"}],"author":[{"embeddable":true,"href":"https:\/\/webnemji.azurewebsites.net\/en\/wp-json\/wp\/v2\/users\/1"}],"replies":[{"embeddable":true,"href":"https:\/\/webnemji.azurewebsites.net\/en\/wp-json\/wp\/v2\/comments?post=23323"}],"version-history":[{"count":0,"href":"https:\/\/webnemji.azurewebsites.net\/en\/wp-json\/wp\/v2\/pages\/23323\/revisions"}],"up":[{"embeddable":true,"href":"https:\/\/webnemji.azurewebsites.net\/en\/wp-json\/wp\/v2\/pages\/23311"}],"wp:featuredmedia":[{"embeddable":true,"href":"https:\/\/webnemji.azurewebsites.net\/en\/wp-json\/wp\/v2\/media\/23378"}],"wp:attachment":[{"href":"https:\/\/webnemji.azurewebsites.net\/en\/wp-json\/wp\/v2\/media?parent=23323"}],"wp:term":[{"taxonomy":"category","embeddable":true,"href":"https:\/\/webnemji.azurewebsites.net\/en\/wp-json\/wp\/v2\/categories?post=23323"}],"curies":[{"name":"wp","href":"https:\/\/api.w.org\/{rel}","templated":true}]}}