{"id":23497,"date":"2023-10-20T12:54:18","date_gmt":"2023-10-20T10:54:18","guid":{"rendered":"https:\/\/nemji.rs-kovarik.cz\/?page_id=23497"},"modified":"2024-01-04T11:44:00","modified_gmt":"2024-01-04T10:44:00","slug":"historie","status":"publish","type":"page","link":"https:\/\/webnemji.azurewebsites.net\/en\/oddeleni\/lekarna\/historie\/","title":{"rendered":"Pharmacy history"},"content":{"rendered":"<div id=\"cmsmasters_row_6iluctg3hk\" class=\"cmsmasters_row cmsmasters_color_scheme_default cmsmasters_row_top_default cmsmasters_row_bot_default cmsmasters_row_boxed\">\n<div class=\"cmsmasters_row_outer_parent\">\n<div class=\"cmsmasters_row_overlay\"><\/div>\n<div class=\"cmsmasters_row_outer\">\n<div class=\"cmsmasters_row_inner\">\n<div class=\"cmsmasters_row_margin\">\n<div id=\"cmsmasters_column_sybg7he2sg\" class=\"cmsmasters_column one_first\">\n<div class=\"cmsmasters_column_inner\"><div id=\"cmsmasters_heading_b3c74b95a0\" class=\"cmsmasters_heading_wrap cmsmasters_heading_align_center pageheadingtitle\">\n\t<h1 class=\"cmsmasters_heading\">L\u00e9k\u00e1rna<\/h1>\n<\/div>\n<\/div><\/div>\n<\/div>\n<\/div>\n<\/div>\n<\/div>\n<\/div>\n<div id=\"cmsmasters_row_ly5ze1hf8e\" class=\"cmsmasters_row cmsmasters_color_scheme_default cmsmasters_row_top_default cmsmasters_row_bot_default cmsmasters_row_boxed\">\n<div class=\"cmsmasters_row_outer_parent\">\n<div class=\"cmsmasters_row_outer\">\n<div class=\"cmsmasters_row_inner\">\n<div class=\"cmsmasters_row_margin\">\n<div id=\"cmsmasters_column_v67ee6nvg7\" class=\"cmsmasters_column one_first\">\n<div class=\"cmsmasters_column_inner\"><div class=\"cmsmasters_text\">\n<p><nav aria-label=\"breadcrumbs\">\n            <div class=\"breadcrumb-container theme1\">\n                <ol>\n                                    <\/ol>\n            <\/div>\n        <\/nav>    <script type=\"application\/ld+json\">\n        {\n            \"@context\": \"http:\/\/schema.org\",\n            \"@type\": \"BreadcrumbList\",\n            \"itemListElement\": [\n                            ]\n        }\n    <\/script>\n   \n    <script>\n            <\/script>\n<\/p>\n<\/div>\n<\/div><\/div>\n<\/div>\n<\/div>\n<\/div>\n<\/div>\n<\/div>\n<div id=\"cmsmasters_row_3f2f8816dd\" class=\"cmsmasters_row cmsmasters_color_scheme_default cmsmasters_row_top_default cmsmasters_row_bot_default cmsmasters_row_boxed\">\n<div class=\"cmsmasters_row_outer_parent\">\n<div class=\"cmsmasters_row_outer\">\n<div class=\"cmsmasters_row_inner\">\n<div class=\"cmsmasters_row_margin\">\n<div id=\"cmsmasters_column_0a1c5940f5\" class=\"cmsmasters_column one_third stickyinfocolumn\">\n<div class=\"cmsmasters_column_inner\"><div id=\"cmsmasters_heading_rva6m2t32d\" class=\"cmsmasters_heading_wrap cmsmasters_heading_align_center\">\n\t<h3 class=\"cmsmasters_heading\">Informace o l\u00e9k\u00e1rn\u011b<\/h3>\n<\/div>\n<div id=\"cmsmasters_divider_dpp34mcdj5\" class=\"cmsmasters_divider cmsmasters_divider_width_short cmsmasters_divider_pos_center\"><\/div>\n<div class=\"cmsmasters_sidebar sidebar_layout_11 sidebar-custom-menu\"><aside id=\"nav_menu-39\" class=\"widget widget_nav_menu\"><div class=\"menu-oddeleni-lekarna-container\"><ul id=\"menu-oddeleni-lekarna\" class=\"menu\"><li id=\"menu-item-23452\" class=\"menu-item menu-item-type-custom menu-item-object-custom menu-item-23452\"><a href=\"\/oddeleni\/lekarna\/#popis-lekarny\" data-ps2id-api=\"true\"><i class=\"fa-solid fa-info\"><\/i> Popis l\u00e9k\u00e1rny<\/a><\/li>\n<li id=\"menu-item-23453\" class=\"menu-item menu-item-type-custom menu-item-object-custom menu-item-23453\"><a href=\"\/oddeleni\/lekarna\/#personalni-obsazeni\" data-ps2id-api=\"true\"><i class=\"fa-solid fa-user-doctor\"><\/i> Person\u00e1ln\u00ed obsazen\u00ed<\/a><\/li>\n<li id=\"menu-item-23454\" class=\"menu-item menu-item-type-custom menu-item-object-custom menu-item-23454\"><a href=\"\/oddeleni\/lekarna\/#oteviraci-hodiny\" data-ps2id-api=\"true\"><i class=\"fa-regular fa-clock\"><\/i> Otev\u00edrac\u00ed hodiny<\/a><\/li>\n<li id=\"menu-item-23455\" class=\"menu-item menu-item-type-custom menu-item-object-custom menu-item-23455\"><a href=\"\/oddeleni\/lekarna\/#kontaktni-informace\" data-ps2id-api=\"true\"><i class=\"fa-solid fa-phone\"><\/i> Kontaktn\u00ed informace<\/a><\/li>\n<li id=\"menu-item-23456\" class=\"menu-item menu-item-type-custom menu-item-object-custom menu-item-23456\"><a href=\"\/oddeleni\/lekarna\/#kde-nas-najdete\" data-ps2id-api=\"true\"><i class=\"fa-solid fa-location-dot\"><\/i> Kde n\u00e1s najdete<\/a><\/li>\n<li id=\"menu-item-23457\" class=\"menu-item menu-item-type-custom menu-item-object-custom menu-item-23457\"><a href=\"\/oddeleni\/lekarna\/#fotogalerie\" data-ps2id-api=\"true\"><i class=\"fa-solid fa-camera\"><\/i> Fotogalerie<\/a><\/li>\n<li id=\"menu-item-23458\" class=\"menu-custom-separator menu-item menu-item-type-custom menu-item-object-custom menu-item-23458\"><hr class=\"mhm-menu-separator\"><\/li>\n<li id=\"menu-item-23460\" class=\"static-link menu-item menu-item-type-custom menu-item-object-custom menu-item-23460\"><a href=\"\/oddeleni\/lekarna\/historie\/\" data-ps2id-api=\"true\"><i class=\"fa-solid fa-book-medical\"><\/i> Historie<\/a><\/li>\n<li id=\"menu-item-23516\" class=\"static-link menu-item menu-item-type-custom menu-item-object-custom menu-item-23516\"><a href=\"\/oddeleni\/lekarna\/rezervace-leku-na-predpis\/\" data-ps2id-api=\"true\"><i class=\"fa-solid fa-tablets\"><\/i> Rezervace l\u00e9k\u016f na p\u0159edpis<\/a><\/li>\n<li id=\"menu-item-23517\" class=\"static-link menu-item menu-item-type-custom menu-item-object-custom menu-item-23517\"><a href=\"\/oddeleni\/lekarna\/akce-lekarny\/\" data-ps2id-api=\"true\"><i class=\"fa-solid fa-tag\"><\/i> Akce l\u00e9k\u00e1rny<\/a><\/li>\n<\/ul><\/div><\/aside><div class=\"cl\"><\/div>\n<\/div>\n<\/div><\/div>\n<div id=\"cmsmasters_column_k7vlyuz4yq\" class=\"cmsmasters_column two_third\">\n<div class=\"cmsmasters_column_inner\"><div id=\"cmsmasters_heading_0cx4mcjjyd\" class=\"cmsmasters_heading_wrap cmsmasters_heading_align_left\">\n\t<h2 class=\"cmsmasters_heading\">Historie l\u00e9k\u00e1rny<\/h2>\n<\/div>\n<div id=\"cmsmasters_divider_kul4awri6m\" class=\"cmsmasters_divider cmsmasters_divider_width_short cmsmasters_divider_pos_left\"><\/div>\n<div class=\"cmsmasters_text\">\n<p>Nemocnice\u00a0 v Jihlav\u011b byla do roku 1950 z\u00e1sobov\u00e1na pololetn\u011b z ve\u0159ejn\u00fdch l\u00e9k\u00e1ren. Od roku 1950 p\u0159evzala z\u00e1sobov\u00e1n\u00ed nemocnice Vone\u0161ova l\u00e9k\u00e1rna u Tab\u00e1kov\u00e9 tov\u00e1rny. Pro rychlej\u0161\u00ed z\u00e1sobov\u00e1n\u00ed z\u0159\u00eddila spr\u00e1va nemocnice v\u00fddejnu v p\u0159\u00edzem\u00ed chirurgick\u00e9ho pavil\u00f3nu. Rozr\u016fstaj\u00edc\u00ed se nemocnice za\u010dala pak budovat vlastn\u00ed l\u00e9k\u00e1rnu v prostor\u00e1ch arch\u00edvu. Byla otev\u0159ena v roce 1952 a jej\u00edm prvn\u00edm zam\u011bstnancem byl PhMr. Ji\u0159\u00ed Fi\u0161er. Po zru\u0161en\u00ed Jihlavsk\u00e9ho kraje v roce 1960 a vzniku O\u00daNZ byla pov\u011b\u0159ena funkc\u00ed\u00a0 okresn\u00ed l\u00e9k\u00e1rny. Vedouc\u00edm l\u00e9k\u00e1rn\u00edkem se stal PhMr. Franti\u0161ek Landsmann. V roce 1961 vzniklo nov\u00e9 odd\u011blen\u00ed komplexn\u00edho z\u00e1sobov\u00e1n\u00ed zdravotnick\u00fdm materi\u00e1lem.<\/p>\n<p>V roce 1952 se na Ministerstvu zdravotnictv\u00ed poda\u0159ilo prosadit v\u00fdstavbu odd\u011blen\u00ed pro v\u00fdrobu infuzn\u00edch roztok\u016f (VIR),\u00a0\u00a0kter\u00e9 vzniklo v prostor\u00e1ch zru\u0161en\u00e9ho v\u011bze\u0148sk\u00e9ho odd\u011blen\u00ed a zah\u00e1jilo provoz\u00a0\u00a05. kv\u011btna 1966. Vedouc\u00edm VIR se stal RNDr. Lev V\u00e1lek.\u00a0\u00a0VIR z\u00e1sobovala infuzn\u00edmi roztoky nemocnice v Jihlav\u011b, T\u0159eb\u00ed\u010di, Nov\u00e9m M\u011bst\u011b na Morav\u011b, Znojm\u011b, Vy\u0161kov\u011b. V\u00fdroba byla ukon\u010dena v \u0159\u00edjnu 1993, nebo\u0165 rekonstrukce podle nov\u00fdch po\u017eadavk\u016f by byla p\u0159\u00edli\u0161 n\u00e1kladn\u00e1 a vlastn\u00ed v\u00fdroba v mal\u00fdch \u0161ar\u017e\u00edch se stala neekonomickou. Cel\u00fd sortiment infuzn\u00edch roztok\u016f za\u010dala nemocnice nakupovat jinde, zejm\u00e9na od velk\u00fdch v\u00fdrobc\u016f.<\/p>\n<p>St\u00e1vaj\u00edc\u00ed prostory l\u00e9k\u00e1rny se st\u00e1valy nevyhovuj\u00edc\u00ed, tak\u017ee v roce 1990 se l\u00e9k\u00e1rna (je\u0161t\u011b v are\u00e1lu star\u00e9 nemocnice)\u00a0p\u0159est\u011bhovala krom\u011b VIR\u00a0do nov\u00fdch prostor, z\u00edskan\u00fdch adaptac\u00ed b\u00fdval\u00e9ho intern\u00edho pavilonu. Za\u010d\u00e1tkem roku 1997 byla po stavebn\u00edch \u00faprav\u00e1ch spu\u0161t\u011bna p\u0159\u00edprava vak\u016f \u201eall in one\u201c (p\u0159\u00edprava kompletn\u00ed parenter\u00e1ln\u00ed v\u00fd\u017eivy pro pacienty na JIP a ARO), kter\u00e1 byla ukon\u010dena v roce 2001 v d\u016fsledku dostate\u010dn\u00e9 nab\u00eddky\u00a0t\u011bchto vak\u016f\u00a0od v\u00fdrobc\u016f l\u00e9\u010div.<\/p>\n<p>Po rozpadu l\u00e9k\u00e1rensk\u00e9 slu\u017eby se l\u00e9k\u00e1rna stala jedn\u00edm z\u00a0odd\u011blen\u00ed nemocnice. V\u00a0listopadu 2003 bylo dokon\u010deno p\u0159em\u00edst\u011bn\u00ed l\u00e9k\u00e1rny do\u00a0dostav\u011bn\u00e9\u00a0nov\u00e9 nemocnice.<br \/>\nV\u00a0polovin\u011b \u010dervna 2007 bylo uvedeno do provozu nov\u00e9 odd\u011blen\u00ed l\u00e9k\u00e1rny\u00a0 pro centr\u00e1ln\u00ed p\u0159\u00edpravu cytostatik.<\/p>\n<p>16. 9. 2013 byla otev\u0159ena prodejna zdravotnick\u00fdch pom\u016fcek.<br \/>\nV roce 2017 bylo na odd\u011blen\u00ed nukle\u00e1rn\u00ed medic\u00edny vybudov\u00e1no nov\u00e9 pracovi\u0161t\u011b pro p\u0159\u00edpravu SPECT radiofarmak a v roce 2018 bylo dovybaveno p\u0159\u00edstrojem pro \u0159ed\u011bn\u00ed PET radiofarmak. P\u0159\u00edpravu zaji\u0161\u0165uj\u00ed pro\u0161kolen\u00ed pracovn\u00edci l\u00e9k\u00e1rny.<\/p>\n<p>V \u010dervenci 2019 byl zah\u00e1jen provoz na nov\u00e9m a modern\u00edm pracovi\u0161ti p\u0159\u00edpravy cytostatik, vybaven\u00e9m 2 izol\u00e1tory a vlastn\u00ed vzduchotechnikou.<\/p>\n<p>V roce 2021 prob\u011bhla pl\u00e1novan\u00e1 rekonstrukce v\u00fddejn\u00ed \u010d\u00e1sti l\u00e9k\u00e1rny pro ve\u0159ejnost. Byla roz\u0161\u00ed\u0159ena plocha pro z\u00e1kazn\u00edky a po\u010det v\u00fddejn\u00edch m\u00edst se zv\u00fd\u0161il ze 3 na 6.<\/p>\n<p>&nbsp;<\/p>\n<div class=\"pgc-sgb-cb wp-block-pgcsimplygalleryblock-grid \" data-gallery-id=\"88838848\"><div class=\"sgb-preloader\" id=\"pr_88838848\">\n\t<div class=\"sgb-square\" style=\"background:#d4d4d4\"><\/div>\n\t<div class=\"sgb-square\" style=\"background:#d4d4d4\"><\/div>\n\t<div class=\"sgb-square\" style=\"background:#d4d4d4\"><\/div>\n\t<div class=\"sgb-square\" style=\"background:#d4d4d4\"><\/div><\/div><div class=\"simply-gallery-amp pgc_sgb_slider \"><noscript><div class=\"sgb-gallery\"><div class=\"sgb-item\"><a href=\"https:\/\/nemji.rs-kovarik.cz\/?attachment_id=23502\" target=\"_blank\"><img decoding=\"async\" alt=\"\" width=\"208\" height=\"300\" loading=\"lazy\" src=\"\/wp-content\/uploads\/2023\/10\/Image-32-208x300.jpg\" srcset=\"\/wp-content\/uploads\/2023\/10\/Image-32-208x300.jpg 208w,\/wp-content\/uploads\/2023\/10\/Image-32.jpg 700w\" sizes=\"auto, 250px\"\/><\/a><div class=\"sgb-item-caption\"><em>Pr\u00e1ce na VIR<\/em><\/div><\/div><div class=\"sgb-item\"><a href=\"https:\/\/nemji.rs-kovarik.cz\/?attachment_id=23503\" target=\"_blank\"><img decoding=\"async\" alt=\"\" width=\"300\" height=\"211\" loading=\"lazy\" src=\"\/wp-content\/uploads\/2023\/10\/Image-31-300x211.jpg\" srcset=\"\/wp-content\/uploads\/2023\/10\/Image-31-300x211.jpg 300w,\/wp-content\/uploads\/2023\/10\/Image-31.jpg 700w\" sizes=\"auto, 250px\"\/><\/a><div class=\"sgb-item-caption\"><em>P\u0159\u00edprava roztok\u016f pro dial\u00fdzu<\/em><\/div><\/div><div class=\"sgb-item\"><a href=\"https:\/\/nemji.rs-kovarik.cz\/?attachment_id=23504\" target=\"_blank\"><img decoding=\"async\" alt=\"\" width=\"227\" height=\"300\" loading=\"lazy\" src=\"\/wp-content\/uploads\/2023\/10\/Image-30-227x300.jpg\" srcset=\"\/wp-content\/uploads\/2023\/10\/Image-30-227x300.jpg 227w,\/wp-content\/uploads\/2023\/10\/Image-30.jpg 700w\" sizes=\"auto, 250px\"\/><\/a><div class=\"sgb-item-caption\"><em>PhMr. Franti\u0161ek Landsmann<\/em><\/div><\/div><div class=\"sgb-item\"><a href=\"https:\/\/nemji.rs-kovarik.cz\/?attachment_id=23505\" target=\"_blank\"><img decoding=\"async\" alt=\"\" width=\"300\" height=\"253\" loading=\"lazy\" src=\"\/wp-content\/uploads\/2023\/10\/Image-29-300x253.jpg\" srcset=\"\/wp-content\/uploads\/2023\/10\/Image-29-300x253.jpg 300w,\/wp-content\/uploads\/2023\/10\/Image-29.jpg 700w\" sizes=\"auto, 250px\"\/><\/a><div class=\"sgb-item-caption\"><em>Star\u00e1 ofic\u00edna<\/em><\/div><\/div><\/div><\/noscript><\/div><script type=\"application\/json\" class=\"sgb-data\">{\"collectionColumns\":4,\"thumbHieghtRation\":0.8,\"thumbSpacing\":10,\"thumbMobileSpacing\":10,\"externalLink\":false,\"captions\":false,\"captionHAlign\":\"bottom\",\"collectionthumbHoverTitleFontSize\":16,\"collectionthumbRoundedCorners\":20,\"collectionThumbSubMenuDownload\":false,\"collectionThumbSubMenuShare\":false,\"galleryType\":\"pgc_sgb_grid\",\"galleryId\":\"88838848\",\"images\":[{\"id\":23502,\"title\":\"Pr\u00e1ce na VIR\",\"url\":\"\/wp-content\/uploads\/2023\/10\/Image-32.jpg\",\"link\":\"https:\/\/nemji.rs-kovarik.cz\/?attachment_id=23502\",\"alt\":\"\",\"description\":\"Pr\u00e1ce na VIR\",\"caption\":\"Pr\u00e1ce na VIR\",\"mime\":\"image\/jpeg\",\"type\":\"image\",\"width\":700,\"height\":1009,\"sizes\":{\"thumbnail\":{\"height\":150,\"width\":150,\"url\":\"\/wp-content\/uploads\/2023\/10\/Image-32-150x150.jpg\",\"orientation\":\"landscape\"},\"medium\":{\"height\":300,\"width\":208,\"url\":\"\/wp-content\/uploads\/2023\/10\/Image-32-208x300.jpg\",\"orientation\":\"portrait\"},\"full\":{\"url\":\"\/wp-content\/uploads\/2023\/10\/Image-32.jpg\",\"height\":1009,\"width\":700,\"orientation\":\"portrait\"}},\"imageMeta\":{\"aperture\":\"0\",\"credit\":\"\",\"camera\":\"\",\"caption\":\"\",\"created_timestamp\":\"0\",\"copyright\":\"\",\"focal_length\":\"0\",\"iso\":\"0\",\"shutter_speed\":\"0\",\"title\":\"\",\"orientation\":\"0\",\"keywords\":[]},\"meta\":false,\"postlink\":\"https:\/\/nemji.rs-kovarik.cz\/?attachment_id=23502\"},{\"id\":23503,\"title\":\"P\u0159\u00edprava roztok\u016f pro dial\u00fdzu\",\"url\":\"\/wp-content\/uploads\/2023\/10\/Image-31.jpg\",\"link\":\"https:\/\/nemji.rs-kovarik.cz\/?attachment_id=23503\",\"alt\":\"\",\"description\":\"P\u0159\u00edprava roztok\u016f pro dial\u00fdzu\",\"caption\":\"P\u0159\u00edprava roztok\u016f pro dial\u00fdzu\",\"mime\":\"image\/jpeg\",\"type\":\"image\",\"width\":700,\"height\":492,\"sizes\":{\"thumbnail\":{\"height\":150,\"width\":150,\"url\":\"\/wp-content\/uploads\/2023\/10\/Image-31-150x150.jpg\",\"orientation\":\"landscape\"},\"medium\":{\"height\":211,\"width\":300,\"url\":\"\/wp-content\/uploads\/2023\/10\/Image-31-300x211.jpg\",\"orientation\":\"landscape\"},\"full\":{\"url\":\"\/wp-content\/uploads\/2023\/10\/Image-31.jpg\",\"height\":492,\"width\":700,\"orientation\":\"landscape\"}},\"imageMeta\":{\"aperture\":\"0\",\"credit\":\"\",\"camera\":\"\",\"caption\":\"\",\"created_timestamp\":\"0\",\"copyright\":\"\",\"focal_length\":\"0\",\"iso\":\"0\",\"shutter_speed\":\"0\",\"title\":\"\",\"orientation\":\"0\",\"keywords\":[]},\"meta\":false,\"postlink\":\"https:\/\/nemji.rs-kovarik.cz\/?attachment_id=23503\"},{\"id\":23504,\"title\":\"PhMr. Franti\u0161ek Landsmann\",\"url\":\"\/wp-content\/uploads\/2023\/10\/Image-30.jpg\",\"link\":\"https:\/\/nemji.rs-kovarik.cz\/?attachment_id=23504\",\"alt\":\"\",\"description\":\"PhMr. Franti\u0161ek Landsmann\",\"caption\":\"PhMr. Franti\u0161ek Landsmann\",\"mime\":\"image\/jpeg\",\"type\":\"image\",\"width\":700,\"height\":925,\"sizes\":{\"thumbnail\":{\"height\":150,\"width\":150,\"url\":\"\/wp-content\/uploads\/2023\/10\/Image-30-150x150.jpg\",\"orientation\":\"landscape\"},\"medium\":{\"height\":300,\"width\":227,\"url\":\"\/wp-content\/uploads\/2023\/10\/Image-30-227x300.jpg\",\"orientation\":\"portrait\"},\"full\":{\"url\":\"\/wp-content\/uploads\/2023\/10\/Image-30.jpg\",\"height\":925,\"width\":700,\"orientation\":\"portrait\"}},\"imageMeta\":{\"aperture\":\"0\",\"credit\":\"\",\"camera\":\"\",\"caption\":\"\",\"created_timestamp\":\"0\",\"copyright\":\"\",\"focal_length\":\"0\",\"iso\":\"0\",\"shutter_speed\":\"0\",\"title\":\"\",\"orientation\":\"0\",\"keywords\":[]},\"meta\":false,\"postlink\":\"https:\/\/nemji.rs-kovarik.cz\/?attachment_id=23504\"},{\"id\":23505,\"title\":\"Star\u00e1 ofic\u00edna\",\"url\":\"\/wp-content\/uploads\/2023\/10\/Image-29.jpg\",\"link\":\"https:\/\/nemji.rs-kovarik.cz\/?attachment_id=23505\",\"alt\":\"\",\"description\":\"Star\u00e1 ofic\u00edna\",\"caption\":\"Star\u00e1 ofic\u00edna\",\"mime\":\"image\/jpeg\",\"type\":\"image\",\"width\":700,\"height\":590,\"sizes\":{\"thumbnail\":{\"height\":150,\"width\":150,\"url\":\"\/wp-content\/uploads\/2023\/10\/Image-29-150x150.jpg\",\"orientation\":\"landscape\"},\"medium\":{\"height\":253,\"width\":300,\"url\":\"\/wp-content\/uploads\/2023\/10\/Image-29-300x253.jpg\",\"orientation\":\"landscape\"},\"full\":{\"url\":\"\/wp-content\/uploads\/2023\/10\/Image-29.jpg\",\"height\":590,\"width\":700,\"orientation\":\"landscape\"}},\"imageMeta\":{\"aperture\":\"0\",\"credit\":\"\",\"camera\":\"\",\"caption\":\"\",\"created_timestamp\":\"0\",\"copyright\":\"\",\"focal_length\":\"0\",\"iso\":\"0\",\"shutter_speed\":\"0\",\"title\":\"\",\"orientation\":\"0\",\"keywords\":[]},\"meta\":false,\"postlink\":\"https:\/\/nemji.rs-kovarik.cz\/?attachment_id=23505\"}],\"itemsMetaDataCollection\":[],\"useClobalSettings\":true,\"shareFacebook\":false,\"shareTwitter\":false,\"sharePinterest\":false,\"sliderItemDownload\":false,\"shareCopyLink\":false,\"sliderItemTitleEnable\":true,\"sliderItemTitleFontSize\":16,\"sliderSlideshow\":false,\"sliderSlideshowDelay\":6,\"sliderSocialShareEnabled\":false,\"TrpContentRestriction\":{\"restriction_type\":\"exclude\",\"selected_languages\":[],\"panel_open\":true}}<\/script><script>(function(){if(window.PGC_SGB && window.PGC_SGB.searcher){window.PGC_SGB.searcher.initBlocks()}})()<\/script><\/div>\n<\/div>\n<\/div><\/div>\n<\/div>\n<\/div>\n<\/div>\n<\/div>\n<\/div>\n<div id=\"cmsmasters_row_4kb0apw7ag\" class=\"cmsmasters_row cmsmasters_color_scheme_default cmsmasters_row_top_default cmsmasters_row_bot_default cmsmasters_row_boxed\">\n<div class=\"cmsmasters_row_outer_parent\">\n<div class=\"cmsmasters_row_outer\">\n<div class=\"cmsmasters_row_inner\">\n<div class=\"cmsmasters_row_margin\">\n<div id=\"cmsmasters_column_nwwitfqy0a\" class=\"cmsmasters_column one_first\">\n<div class=\"cmsmasters_column_inner\"><\/div><\/div>\n<\/div>\n<\/div>\n<\/div>\n<\/div>\n<\/div>\n\n","protected":false},"excerpt":{"rendered":"","protected":false},"author":1,"featured_media":23514,"parent":23462,"menu_order":0,"comment_status":"closed","ping_status":"closed","template":"","meta":{"pgc_sgb_lightbox_settings":"","footnotes":"","_links_to":"","_links_to_target":""},"categories":[85],"class_list":["post-23497","page","type-page","status-publish","has-post-thumbnail","hentry","category-page-oddeleni"],"publishpress_future_action":{"enabled":false,"date":"2026-04-19 01:47:14","action":"change-status","newStatus":"draft","terms":[],"taxonomy":"category","extraData":[]},"publishpress_future_workflow_manual_trigger":{"enabledWorkflows":[]},"_links":{"self":[{"href":"https:\/\/webnemji.azurewebsites.net\/en\/wp-json\/wp\/v2\/pages\/23497","targetHints":{"allow":["GET"]}}],"collection":[{"href":"https:\/\/webnemji.azurewebsites.net\/en\/wp-json\/wp\/v2\/pages"}],"about":[{"href":"https:\/\/webnemji.azurewebsites.net\/en\/wp-json\/wp\/v2\/types\/page"}],"author":[{"embeddable":true,"href":"https:\/\/webnemji.azurewebsites.net\/en\/wp-json\/wp\/v2\/users\/1"}],"replies":[{"embeddable":true,"href":"https:\/\/webnemji.azurewebsites.net\/en\/wp-json\/wp\/v2\/comments?post=23497"}],"version-history":[{"count":0,"href":"https:\/\/webnemji.azurewebsites.net\/en\/wp-json\/wp\/v2\/pages\/23497\/revisions"}],"up":[{"embeddable":true,"href":"https:\/\/webnemji.azurewebsites.net\/en\/wp-json\/wp\/v2\/pages\/23462"}],"wp:featuredmedia":[{"embeddable":true,"href":"https:\/\/webnemji.azurewebsites.net\/en\/wp-json\/wp\/v2\/media\/23514"}],"wp:attachment":[{"href":"https:\/\/webnemji.azurewebsites.net\/en\/wp-json\/wp\/v2\/media?parent=23497"}],"wp:term":[{"taxonomy":"category","embeddable":true,"href":"https:\/\/webnemji.azurewebsites.net\/en\/wp-json\/wp\/v2\/categories?post=23497"}],"curies":[{"name":"wp","href":"https:\/\/api.w.org\/{rel}","templated":true}]}}