{"id":23498,"date":"2023-10-20T12:55:05","date_gmt":"2023-10-20T10:55:05","guid":{"rendered":"https:\/\/nemji.rs-kovarik.cz\/?page_id=23498"},"modified":"2025-05-13T09:23:30","modified_gmt":"2025-05-13T07:23:30","slug":"zadanky","status":"publish","type":"page","link":"https:\/\/webnemji.azurewebsites.net\/en\/oddeleni\/okbmi\/zadanky\/","title":{"rendered":"Application forms"},"content":{"rendered":"<div id=\"cmsmasters_row_6iluctg3hk\" class=\"cmsmasters_row cmsmasters_color_scheme_default cmsmasters_row_top_default cmsmasters_row_bot_default cmsmasters_row_boxed\">\n<div class=\"cmsmasters_row_outer_parent\">\n<div class=\"cmsmasters_row_overlay\"><\/div>\n<div class=\"cmsmasters_row_outer\">\n<div class=\"cmsmasters_row_inner\">\n<div class=\"cmsmasters_row_margin\">\n<div id=\"cmsmasters_column_sybg7he2sg\" class=\"cmsmasters_column one_first\">\n<div class=\"cmsmasters_column_inner\"><div id=\"cmsmasters_heading_b3c74b95a0\" class=\"cmsmasters_heading_wrap cmsmasters_heading_align_center pageheadingtitle\">\n\t<h1 class=\"cmsmasters_heading\"> Odd\u011blen\u00ed klinick\u00e9 biochemie, mikrobiologie a imunologie<\/h1>\n<\/div>\n<\/div><\/div>\n<\/div>\n<\/div>\n<\/div>\n<\/div>\n<\/div>\n<div id=\"cmsmasters_row_ly5ze1hf8e\" class=\"cmsmasters_row cmsmasters_color_scheme_default cmsmasters_row_top_default cmsmasters_row_bot_default cmsmasters_row_boxed\">\n<div class=\"cmsmasters_row_outer_parent\">\n<div class=\"cmsmasters_row_outer\">\n<div class=\"cmsmasters_row_inner\">\n<div class=\"cmsmasters_row_margin\">\n<div id=\"cmsmasters_column_v67ee6nvg7\" class=\"cmsmasters_column one_first\">\n<div class=\"cmsmasters_column_inner\"><div class=\"cmsmasters_text\">\n<p><nav aria-label=\"breadcrumbs\">\n            <div class=\"breadcrumb-container theme1\">\n                <ol>\n                                    <\/ol>\n            <\/div>\n        <\/nav>    <script type=\"application\/ld+json\">\n        {\n            \"@context\": \"http:\/\/schema.org\",\n            \"@type\": \"BreadcrumbList\",\n            \"itemListElement\": [\n                            ]\n        }\n    <\/script>\n   \n    <script>\n            <\/script>\n<\/p>\n<\/div>\n<\/div><\/div>\n<\/div>\n<\/div>\n<\/div>\n<\/div>\n<\/div>\n<div id=\"cmsmasters_row_3f2f8816dd\" class=\"cmsmasters_row cmsmasters_color_scheme_default cmsmasters_row_top_default cmsmasters_row_bot_default cmsmasters_row_boxed\">\n<div class=\"cmsmasters_row_outer_parent\">\n<div class=\"cmsmasters_row_outer\">\n<div class=\"cmsmasters_row_inner\">\n<div class=\"cmsmasters_row_margin\">\n<div id=\"cmsmasters_column_0a1c5940f5\" class=\"cmsmasters_column one_third stickyinfocolumn\">\n<div class=\"cmsmasters_column_inner\"><div id=\"cmsmasters_heading_rva6m2t32d\" class=\"cmsmasters_heading_wrap cmsmasters_heading_align_center\">\n\t<h3 class=\"cmsmasters_heading\">Informace o odd\u011blen\u00ed<\/h3>\n<\/div>\n<div id=\"cmsmasters_divider_dpp34mcdj5\" class=\"cmsmasters_divider cmsmasters_divider_width_short cmsmasters_divider_pos_center\"><\/div>\n<div class=\"cmsmasters_sidebar sidebar_layout_11 sidebar-custom-menu\"><aside id=\"nav_menu-36\" class=\"widget widget_nav_menu\"><div class=\"menu-oddeleni-okbmi-container\"><ul id=\"menu-oddeleni-okbmi\" class=\"menu\"><li id=\"menu-item-23135\" class=\"menu-item menu-item-type-custom menu-item-object-custom menu-item-23135\"><a href=\"\/oddeleni\/okbmi\/#popis-oddeleni\" data-ps2id-api=\"true\"><i class=\"fa-solid fa-info\"><\/i> Popis odd\u011blen\u00ed<\/a><\/li>\n<li id=\"menu-item-23136\" class=\"menu-item menu-item-type-custom menu-item-object-custom menu-item-23136\"><a href=\"\/oddeleni\/okbmi\/#personalni-obsazeni\" data-ps2id-api=\"true\"><i class=\"fa-solid fa-user-doctor\"><\/i> Person\u00e1ln\u00ed obsazen\u00ed<\/a><\/li>\n<li id=\"menu-item-23137\" class=\"menu-item menu-item-type-custom menu-item-object-custom menu-item-23137\"><a href=\"\/oddeleni\/okbmi\/#pracovni-doba\" data-ps2id-api=\"true\"><i class=\"fa-regular fa-clock\"><\/i> Pracovn\u00ed doba<\/a><\/li>\n<li id=\"menu-item-23138\" class=\"menu-item menu-item-type-custom menu-item-object-custom menu-item-23138\"><a href=\"\/oddeleni\/okbmi\/#kontaktni-informace\" data-ps2id-api=\"true\"><i class=\"fa-solid fa-phone\"><\/i> Kontaktn\u00ed informace<\/a><\/li>\n<li id=\"menu-item-23139\" class=\"menu-item menu-item-type-custom menu-item-object-custom menu-item-23139\"><a href=\"\/oddeleni\/okbmi\/#kde-nas-najdete\" data-ps2id-api=\"true\"><i class=\"fa-solid fa-location-dot\"><\/i> Kde n\u00e1s najdete<\/a><\/li>\n<li id=\"menu-item-23140\" class=\"menu-item menu-item-type-custom menu-item-object-custom menu-item-23140\"><a href=\"\/oddeleni\/okbmi\/#fotogalerie\" data-ps2id-api=\"true\"><i class=\"fa-solid fa-camera\"><\/i> Fotogalerie<\/a><\/li>\n<li id=\"menu-item-23141\" class=\"menu-custom-separator menu-item menu-item-type-custom menu-item-object-custom menu-item-23141\"><hr class=\"mhm-menu-separator\"><\/li>\n<li id=\"menu-item-23143\" class=\"static-link menu-item menu-item-type-custom menu-item-object-custom menu-item-23143\"><a href=\"\/oddeleni\/okbmi\/zadanky\/\" data-ps2id-api=\"true\"><i class=\"fa-solid fa-list-check\"><\/i> \u017d\u00e1danky<\/a><\/li>\n<li id=\"menu-item-23144\" class=\"static-link menu-item menu-item-type-custom menu-item-object-custom menu-item-23144\"><a href=\"\/oddeleni\/okbmi\/spektrum-pece\/\" data-ps2id-api=\"true\"><i class=\"fa-solid fa-stethoscope\"><\/i> Spektrum p\u00e9\u010de<\/a><\/li>\n<li id=\"menu-item-30998\" class=\"static-link menu-item menu-item-type-custom menu-item-object-custom menu-item-30998\"><a href=\"\/oddeleni\/okbmi\/vzdelavani\/\" data-ps2id-api=\"true\"><i class=\"fa-solid fa-graduation-cap\"><\/i>Vzd\u011bl\u00e1v\u00e1n\u00ed<\/a><\/li>\n<li id=\"menu-item-26863\" class=\"static-link menu-item menu-item-type-custom menu-item-object-custom menu-item-26863\"><a href=\"https:\/\/slp.nemji.cz\/verejna-prirucka\/stranka\/laboratorni-prirucka-okbmi\" data-ps2id-api=\"true\"><i class=\"fa-solid fa-file-medical\"><\/i> Laboratorn\u00ed p\u0159\u00edru\u010dka<\/a><\/li>\n<\/ul><\/div><\/aside><div class=\"cl\"><\/div>\n<\/div>\n<\/div><\/div>\n<div id=\"cmsmasters_column_k7vlyuz4yq\" class=\"cmsmasters_column two_third\">\n<div class=\"cmsmasters_column_inner\"><div id=\"cmsmasters_heading_0cx4mcjjyd\" class=\"cmsmasters_heading_wrap cmsmasters_heading_align_left\">\n\t<h2 class=\"cmsmasters_heading\">Dokumenty pro odbornou ve\u0159ejnost<\/h2>\n<\/div>\n<div id=\"cmsmasters_divider_kul4awri6m\" class=\"cmsmasters_divider cmsmasters_divider_width_short cmsmasters_divider_pos_left\"><\/div>\n<div class=\"cmsmasters_text download-links-large\">\n<h5><strong>\u017d\u00e1danky na laboratorn\u00ed vy\u0161et\u0159en\u00ed<\/strong><\/h5>\n<p><a href=\"\/wp-content\/uploads\/2023\/10\/Zadanka-na-biochemicka-vysetreni.pdf\" target=\"_blank\" rel=\"noopener\">\u017d\u00e1danka biochemie<\/a><\/p>\n<p><a href=\"\/wp-content\/uploads\/2023\/10\/Zadanka-MKB-6-2025.pdf\" target=\"_blank\" rel=\"noopener\">\u017d\u00e1danka bakteriologie<\/a><\/p>\n<p><a href=\"\/wp-content\/uploads\/2023\/10\/Zadanka-imuno-IMU4-2020-.pdf\" target=\"_blank\" rel=\"noopener\">\u017d\u00e1danka imunologie a s\u00e9rologie<\/a><\/p>\n<p><a href=\"\/wp-content\/uploads\/2023\/10\/Zadanka-PCR_ver18.pdf\" target=\"_blank\" rel=\"noopener\">\u017d\u00e1danka PCR patogeny<\/a><\/p>\n<p><a href=\"\/wp-content\/uploads\/2025\/05\/Zadanka-a-IS-pro-vysetreni-lidskeho-genomu_LMG-ver.-06-2025.pdf\" target=\"_blank\" rel=\"noopener\">\u017d\u00e1danka hum\u00e1nn\u00ed genom + informovan\u00fd souhlas<\/a><\/p>\n<p><a href=\"\/wp-content\/uploads\/2023\/10\/zadanka_gentamicin_final_v_5.pdf\" target=\"_blank\" rel=\"noopener\">\u017d\u00e1danka na hladiny ATB<\/a><\/p>\n<p><a href=\"\/wp-content\/uploads\/2023\/10\/zadanka_vim_v_1.pdf\" target=\"_blank\" rel=\"noopener\">\u017d\u00e1danka VIM<\/a><\/p>\n<p><a href=\"\/wp-content\/uploads\/2023\/10\/Seznam-alergenu-spec.-IgE.pdf\" target=\"_blank\" rel=\"noopener\">Seznam alergen\u016f specifick\u00e9 IgE<\/a><\/p>\n<\/div>\n\n<div id=\"cmsmasters_divider_senmywqnjx\" class=\"cl\"><\/div>\n<div class=\"cmsmasters_text download-links-large\">\n<h5><strong>Bodov\u00fd cen\u00edk<\/strong><\/h5>\n<p><a href=\"\/wp-content\/uploads\/2023\/10\/Sazebnik-vykonu-OKBMI.pdf\" target=\"_blank\" rel=\"noopener\">Seznam v\u00fdkon\u016f OKBMI pro placen\u00e1 vy\u0161et\u0159en\u00ed<\/a><\/p>\n<\/div>\n<\/div><\/div>\n<\/div>\n<\/div>\n<\/div>\n<\/div>\n<\/div>\n\n","protected":false},"excerpt":{"rendered":"","protected":false},"author":5,"featured_media":23100,"parent":23037,"menu_order":0,"comment_status":"closed","ping_status":"closed","template":"","meta":{"pgc_sgb_lightbox_settings":"","footnotes":"","_links_to":"","_links_to_target":""},"categories":[85],"class_list":["post-23498","page","type-page","status-publish","has-post-thumbnail","hentry","category-page-oddeleni"],"publishpress_future_action":{"enabled":false,"date":"2026-04-25 09:39:25","action":"change-status","newStatus":"draft","terms":[],"taxonomy":"category","extraData":[]},"publishpress_future_workflow_manual_trigger":{"enabledWorkflows":[]},"_links":{"self":[{"href":"https:\/\/webnemji.azurewebsites.net\/en\/wp-json\/wp\/v2\/pages\/23498","targetHints":{"allow":["GET"]}}],"collection":[{"href":"https:\/\/webnemji.azurewebsites.net\/en\/wp-json\/wp\/v2\/pages"}],"about":[{"href":"https:\/\/webnemji.azurewebsites.net\/en\/wp-json\/wp\/v2\/types\/page"}],"author":[{"embeddable":true,"href":"https:\/\/webnemji.azurewebsites.net\/en\/wp-json\/wp\/v2\/users\/5"}],"replies":[{"embeddable":true,"href":"https:\/\/webnemji.azurewebsites.net\/en\/wp-json\/wp\/v2\/comments?post=23498"}],"version-history":[{"count":0,"href":"https:\/\/webnemji.azurewebsites.net\/en\/wp-json\/wp\/v2\/pages\/23498\/revisions"}],"up":[{"embeddable":true,"href":"https:\/\/webnemji.azurewebsites.net\/en\/wp-json\/wp\/v2\/pages\/23037"}],"wp:featuredmedia":[{"embeddable":true,"href":"https:\/\/webnemji.azurewebsites.net\/en\/wp-json\/wp\/v2\/media\/23100"}],"wp:attachment":[{"href":"https:\/\/webnemji.azurewebsites.net\/en\/wp-json\/wp\/v2\/media?parent=23498"}],"wp:term":[{"taxonomy":"category","embeddable":true,"href":"https:\/\/webnemji.azurewebsites.net\/en\/wp-json\/wp\/v2\/categories?post=23498"}],"curies":[{"name":"wp","href":"https:\/\/api.w.org\/{rel}","templated":true}]}}