{"id":23545,"date":"2023-10-23T08:53:27","date_gmt":"2023-10-23T06:53:27","guid":{"rendered":"https:\/\/nemji.rs-kovarik.cz\/?page_id=23545"},"modified":"2025-12-05T09:52:56","modified_gmt":"2025-12-05T08:52:56","slug":"akce-lekarny","status":"publish","type":"page","link":"https:\/\/webnemji.azurewebsites.net\/en\/oddeleni\/lekarna\/akce-lekarny\/","title":{"rendered":"Pharmacy promotions"},"content":{"rendered":"<div id=\"cmsmasters_row_6iluctg3hk\" class=\"cmsmasters_row cmsmasters_color_scheme_default cmsmasters_row_top_default cmsmasters_row_bot_default cmsmasters_row_boxed\">\n<div class=\"cmsmasters_row_outer_parent\">\n<div class=\"cmsmasters_row_overlay\"><\/div>\n<div class=\"cmsmasters_row_outer\">\n<div class=\"cmsmasters_row_inner\">\n<div class=\"cmsmasters_row_margin\">\n<div id=\"cmsmasters_column_sybg7he2sg\" class=\"cmsmasters_column one_first\">\n<div class=\"cmsmasters_column_inner\"><div id=\"cmsmasters_heading_b3c74b95a0\" class=\"cmsmasters_heading_wrap cmsmasters_heading_align_center pageheadingtitle\">\n\t<h1 class=\"cmsmasters_heading\">L\u00e9k\u00e1rna<\/h1>\n<\/div>\n<\/div><\/div>\n<\/div>\n<\/div>\n<\/div>\n<\/div>\n<\/div>\n<div id=\"cmsmasters_row_ly5ze1hf8e\" class=\"cmsmasters_row cmsmasters_color_scheme_default cmsmasters_row_top_default cmsmasters_row_bot_default cmsmasters_row_boxed\">\n<div class=\"cmsmasters_row_outer_parent\">\n<div class=\"cmsmasters_row_outer\">\n<div class=\"cmsmasters_row_inner\">\n<div class=\"cmsmasters_row_margin\">\n<div id=\"cmsmasters_column_v67ee6nvg7\" class=\"cmsmasters_column one_first\">\n<div class=\"cmsmasters_column_inner\"><div class=\"cmsmasters_text\">\n<p><nav aria-label=\"breadcrumbs\">\n            <div class=\"breadcrumb-container theme1\">\n                <ol>\n                                    <\/ol>\n            <\/div>\n        <\/nav>    <script type=\"application\/ld+json\">\n        {\n            \"@context\": \"http:\/\/schema.org\",\n            \"@type\": \"BreadcrumbList\",\n            \"itemListElement\": [\n                            ]\n        }\n    <\/script>\n   \n    <script>\n            <\/script>\n<\/p>\n<\/div>\n<\/div><\/div>\n<\/div>\n<\/div>\n<\/div>\n<\/div>\n<\/div>\n<div id=\"cmsmasters_row_3f2f8816dd\" class=\"cmsmasters_row cmsmasters_color_scheme_default cmsmasters_row_top_default cmsmasters_row_bot_default cmsmasters_row_boxed\">\n<div class=\"cmsmasters_row_outer_parent\">\n<div class=\"cmsmasters_row_outer\">\n<div class=\"cmsmasters_row_inner\">\n<div class=\"cmsmasters_row_margin\">\n<div id=\"cmsmasters_column_0a1c5940f5\" class=\"cmsmasters_column one_third stickyinfocolumn\">\n<div class=\"cmsmasters_column_inner\"><div id=\"cmsmasters_heading_rva6m2t32d\" class=\"cmsmasters_heading_wrap cmsmasters_heading_align_center\">\n\t<h3 class=\"cmsmasters_heading\">Informace o l\u00e9k\u00e1rn\u011b<\/h3>\n<\/div>\n<div id=\"cmsmasters_divider_dpp34mcdj5\" class=\"cmsmasters_divider cmsmasters_divider_width_short cmsmasters_divider_pos_center\"><\/div>\n<div class=\"cmsmasters_sidebar sidebar_layout_11 sidebar-custom-menu\"><aside id=\"nav_menu-39\" class=\"widget widget_nav_menu\"><div class=\"menu-oddeleni-lekarna-container\"><ul id=\"menu-oddeleni-lekarna\" class=\"menu\"><li id=\"menu-item-23452\" class=\"menu-item menu-item-type-custom menu-item-object-custom menu-item-23452\"><a href=\"\/oddeleni\/lekarna\/#popis-lekarny\" data-ps2id-api=\"true\"><i class=\"fa-solid fa-info\"><\/i> Popis l\u00e9k\u00e1rny<\/a><\/li>\n<li id=\"menu-item-23453\" class=\"menu-item menu-item-type-custom menu-item-object-custom menu-item-23453\"><a href=\"\/oddeleni\/lekarna\/#personalni-obsazeni\" data-ps2id-api=\"true\"><i class=\"fa-solid fa-user-doctor\"><\/i> Person\u00e1ln\u00ed obsazen\u00ed<\/a><\/li>\n<li id=\"menu-item-23454\" class=\"menu-item menu-item-type-custom menu-item-object-custom menu-item-23454\"><a href=\"\/oddeleni\/lekarna\/#oteviraci-hodiny\" data-ps2id-api=\"true\"><i class=\"fa-regular fa-clock\"><\/i> Otev\u00edrac\u00ed hodiny<\/a><\/li>\n<li id=\"menu-item-23455\" class=\"menu-item menu-item-type-custom menu-item-object-custom menu-item-23455\"><a href=\"\/oddeleni\/lekarna\/#kontaktni-informace\" data-ps2id-api=\"true\"><i class=\"fa-solid fa-phone\"><\/i> Kontaktn\u00ed informace<\/a><\/li>\n<li id=\"menu-item-23456\" class=\"menu-item menu-item-type-custom menu-item-object-custom menu-item-23456\"><a href=\"\/oddeleni\/lekarna\/#kde-nas-najdete\" data-ps2id-api=\"true\"><i class=\"fa-solid fa-location-dot\"><\/i> Kde n\u00e1s najdete<\/a><\/li>\n<li id=\"menu-item-23457\" class=\"menu-item menu-item-type-custom menu-item-object-custom menu-item-23457\"><a href=\"\/oddeleni\/lekarna\/#fotogalerie\" data-ps2id-api=\"true\"><i class=\"fa-solid fa-camera\"><\/i> Fotogalerie<\/a><\/li>\n<li id=\"menu-item-23458\" class=\"menu-custom-separator menu-item menu-item-type-custom menu-item-object-custom menu-item-23458\"><hr class=\"mhm-menu-separator\"><\/li>\n<li id=\"menu-item-23460\" class=\"static-link menu-item menu-item-type-custom menu-item-object-custom menu-item-23460\"><a href=\"\/oddeleni\/lekarna\/historie\/\" data-ps2id-api=\"true\"><i class=\"fa-solid fa-book-medical\"><\/i> Historie<\/a><\/li>\n<li id=\"menu-item-23516\" class=\"static-link menu-item menu-item-type-custom menu-item-object-custom menu-item-23516\"><a href=\"\/oddeleni\/lekarna\/rezervace-leku-na-predpis\/\" data-ps2id-api=\"true\"><i class=\"fa-solid fa-tablets\"><\/i> Rezervace l\u00e9k\u016f na p\u0159edpis<\/a><\/li>\n<li id=\"menu-item-23517\" class=\"static-link menu-item menu-item-type-custom menu-item-object-custom menu-item-23517\"><a href=\"\/oddeleni\/lekarna\/akce-lekarny\/\" data-ps2id-api=\"true\"><i class=\"fa-solid fa-tag\"><\/i> Akce l\u00e9k\u00e1rny<\/a><\/li>\n<\/ul><\/div><\/aside><div class=\"cl\"><\/div>\n<\/div>\n<\/div><\/div>\n<div id=\"cmsmasters_column_k7vlyuz4yq\" class=\"cmsmasters_column two_third\">\n<div class=\"cmsmasters_column_inner\"><div id=\"cmsmasters_heading_m6qu43pqn\" class=\"cmsmasters_heading_wrap cmsmasters_heading_align_left\">\n\t<h2 class=\"cmsmasters_heading\">Akce l\u00e9k\u00e1rny &#8211; intern\u00ed<\/h2>\n<\/div>\n<div id=\"cmsmasters_divider_kul4awri6m\" class=\"cmsmasters_divider cmsmasters_divider_width_short cmsmasters_divider_pos_left\"><\/div>\n<div class=\"cmsmasters_text\">\n<div class=\"pgc-sgb-cb wp-block-pgcsimplygalleryblock-grid \" data-gallery-id=\"88838848\"><div class=\"sgb-preloader\" id=\"pr_88838848\">\n\t<div class=\"sgb-square\" style=\"background:#d4d4d4\"><\/div>\n\t<div class=\"sgb-square\" style=\"background:#d4d4d4\"><\/div>\n\t<div class=\"sgb-square\" style=\"background:#d4d4d4\"><\/div>\n\t<div class=\"sgb-square\" style=\"background:#d4d4d4\"><\/div><\/div><div class=\"simply-gallery-amp pgc_sgb_slider \"><noscript><div class=\"sgb-gallery\"><div class=\"sgb-item\"><a href=\"https:\/\/webnemji.azurewebsites.net\/letak-lekarny_balzam\/\" target=\"_blank\"><img decoding=\"async\" alt=\"Balz\u00e1m akce\" width=\"300\" height=\"171\" loading=\"lazy\" src=\"\/wp-content\/uploads\/2025\/10\/Letak-lekarny_balzam-300x171.jpg\" srcset=\"\/wp-content\/uploads\/2025\/10\/Letak-lekarny_balzam-300x171.jpg 300w,\/wp-content\/uploads\/2025\/10\/Letak-lekarny_balzam-1024x585.jpg 1024w,\/wp-content\/uploads\/2025\/10\/Letak-lekarny_balzam-scaled.jpg 2560w\" sizes=\"auto, 250px\"\/><\/a><\/div><\/div><\/noscript><\/div><script type=\"application\/json\" class=\"sgb-data\">{\"collectionColumns\":2,\"thumbHieghtRation\":0.6,\"thumbSpacing\":10,\"thumbMobileSpacing\":10,\"externalLink\":false,\"captions\":false,\"captionHAlign\":\"bottom\",\"collectionthumbHoverTitleFontSize\":16,\"collectionthumbRoundedCorners\":20,\"collectionThumbSubMenuDownload\":false,\"collectionThumbSubMenuShare\":false,\"galleryType\":\"pgc_sgb_grid\",\"galleryId\":\"88838848\",\"images\":[{\"id\":34275,\"title\":\"Letak-lekarny_balzam\",\"url\":\"\/wp-content\/uploads\/2025\/10\/Letak-lekarny_balzam-scaled.jpg\",\"link\":\"https:\/\/webnemji.azurewebsites.net\/letak-lekarny_balzam\/\",\"alt\":\"Balz\u00e1m akce\",\"description\":\"\",\"caption\":\"\",\"mime\":\"image\/jpeg\",\"type\":\"image\",\"width\":2560,\"height\":1463,\"sizes\":{\"thumbnail\":{\"height\":150,\"width\":150,\"url\":\"\/wp-content\/uploads\/2025\/10\/Letak-lekarny_balzam-150x150.jpg\",\"orientation\":\"landscape\"},\"medium\":{\"height\":171,\"width\":300,\"url\":\"\/wp-content\/uploads\/2025\/10\/Letak-lekarny_balzam-300x171.jpg\",\"orientation\":\"landscape\"},\"large\":{\"height\":585,\"width\":1024,\"url\":\"\/wp-content\/uploads\/2025\/10\/Letak-lekarny_balzam-1024x585.jpg\",\"orientation\":\"landscape\"},\"full\":{\"url\":\"\/wp-content\/uploads\/2025\/10\/Letak-lekarny_balzam-scaled.jpg\",\"height\":1463,\"width\":2560,\"orientation\":\"landscape\"}},\"imageMeta\":{\"aperture\":\"0\",\"credit\":\"\",\"camera\":\"\",\"caption\":\"\",\"created_timestamp\":\"0\",\"copyright\":\"\",\"focal_length\":\"0\",\"iso\":\"0\",\"shutter_speed\":\"0\",\"title\":\"\",\"orientation\":\"0\",\"keywords\":[]},\"meta\":false,\"postlink\":\"https:\/\/webnemji.azurewebsites.net\/letak-lekarny_balzam\/\"}],\"shareFacebook\":false,\"shareTwitter\":false,\"sharePinterest\":false,\"sliderItemDownload\":false,\"shareCopyLink\":false,\"sliderItemTitleFontSize\":16,\"sliderSlideshow\":false,\"sliderSlideshowDelay\":6,\"sliderSocialShareEnabled\":false,\"TrpContentRestriction\":{\"restriction_type\":\"exclude\",\"selected_languages\":[],\"panel_open\":true},\"itemsMetaDataCollection\":[]}<\/script><script>(function(){if(window.PGC_SGB && window.PGC_SGB.searcher){window.PGC_SGB.searcher.initBlocks()}})()<\/script><\/div>\n<p>&nbsp;<\/p>\n<\/div>\n<div id=\"cmsmasters_heading_0cx4mcjjyd\" class=\"cmsmasters_heading_wrap cmsmasters_heading_align_left\">\n\t<h2 class=\"cmsmasters_heading\">Akce l\u00e9k\u00e1rny &#8211; extern\u00ed<\/h2>\n<\/div>\n<div id=\"cmsmasters_divider_57hnw9h7fc\" class=\"cmsmasters_divider cmsmasters_divider_width_medium cmsmasters_divider_pos_left\"><\/div>\n<div class=\"cmsmasters_text\">\n<div class=\"pgc-sgb-cb wp-block-pgcsimplygalleryblock-grid \" data-gallery-id=\"88838848\"><div class=\"sgb-preloader\" id=\"pr_88838848\">\n\t<div class=\"sgb-square\" style=\"background:#d4d4d4\"><\/div>\n\t<div class=\"sgb-square\" style=\"background:#d4d4d4\"><\/div>\n\t<div class=\"sgb-square\" style=\"background:#d4d4d4\"><\/div>\n\t<div class=\"sgb-square\" style=\"background:#d4d4d4\"><\/div><\/div><div class=\"simply-gallery-amp pgc_sgb_slider \"><noscript><div class=\"sgb-gallery\"><div class=\"sgb-item\"><a href=\"https:\/\/webnemji.azurewebsites.net\/ducray-200kc-do-31-12\/\" target=\"_blank\"><img decoding=\"async\" alt=\"\" width=\"211\" height=\"300\" loading=\"lazy\" src=\"\/wp-content\/uploads\/2025\/12\/DUCRAY-200Kc-DO-31.12-211x300.jpg\" srcset=\"\/wp-content\/uploads\/2025\/12\/DUCRAY-200Kc-DO-31.12-211x300.jpg 211w,\/wp-content\/uploads\/2025\/12\/DUCRAY-200Kc-DO-31.12-722x1024.jpg 722w,\/wp-content\/uploads\/2025\/12\/DUCRAY-200Kc-DO-31.12.jpg 1748w\" sizes=\"auto, 250px\"\/><\/a><\/div><div class=\"sgb-item\"><a href=\"https:\/\/webnemji.azurewebsites.net\/lrp-21\/\" target=\"_blank\"><img decoding=\"async\" alt=\"\" width=\"236\" height=\"300\" loading=\"lazy\" src=\"\/wp-content\/uploads\/2025\/12\/LRP-21-236x300.png\" srcset=\"\/wp-content\/uploads\/2025\/12\/LRP-21-236x300.png 236w,\/wp-content\/uploads\/2025\/12\/LRP-21.png 540w\" sizes=\"auto, 250px\"\/><\/a><\/div><div class=\"sgb-item\"><a href=\"https:\/\/webnemji.azurewebsites.net\/avene-300-do-31-12\/\" target=\"_blank\"><img decoding=\"async\" alt=\"\" width=\"210\" height=\"300\" loading=\"lazy\" src=\"\/wp-content\/uploads\/2025\/12\/AVENE-300-DO-31.12-210x300.jpg\" srcset=\"\/wp-content\/uploads\/2025\/12\/AVENE-300-DO-31.12-210x300.jpg 210w,\/wp-content\/uploads\/2025\/12\/AVENE-300-DO-31.12-716x1024.jpg 716w,\/wp-content\/uploads\/2025\/12\/AVENE-300-DO-31.12.jpg 1748w\" sizes=\"auto, 250px\"\/><\/a><\/div><\/div><\/noscript><\/div><script type=\"application\/json\" class=\"sgb-data\">{\"collectionColumns\":2,\"thumbHieghtRation\":0.6,\"thumbSpacing\":10,\"thumbMobileSpacing\":10,\"externalLink\":false,\"captions\":false,\"captionHAlign\":\"bottom\",\"collectionthumbHoverTitleFontSize\":16,\"collectionthumbRoundedCorners\":20,\"collectionThumbSubMenuDownload\":false,\"collectionThumbSubMenuShare\":false,\"galleryType\":\"pgc_sgb_grid\",\"galleryId\":\"88838848\",\"images\":[{\"id\":34568,\"title\":\"DUCRAY -200K\u010d DO 31.12\",\"url\":\"\/wp-content\/uploads\/2025\/12\/DUCRAY-200Kc-DO-31.12.jpg\",\"link\":\"https:\/\/webnemji.azurewebsites.net\/ducray-200kc-do-31-12\/\",\"alt\":\"\",\"description\":\"\",\"caption\":\"\",\"mime\":\"image\/jpeg\",\"type\":\"image\",\"width\":1748,\"height\":2480,\"sizes\":{\"thumbnail\":{\"height\":150,\"width\":150,\"url\":\"\/wp-content\/uploads\/2025\/12\/DUCRAY-200Kc-DO-31.12-150x150.jpg\",\"orientation\":\"landscape\"},\"medium\":{\"height\":300,\"width\":211,\"url\":\"\/wp-content\/uploads\/2025\/12\/DUCRAY-200Kc-DO-31.12-211x300.jpg\",\"orientation\":\"portrait\"},\"large\":{\"height\":1024,\"width\":722,\"url\":\"\/wp-content\/uploads\/2025\/12\/DUCRAY-200Kc-DO-31.12-722x1024.jpg\",\"orientation\":\"portrait\"},\"full\":{\"url\":\"\/wp-content\/uploads\/2025\/12\/DUCRAY-200Kc-DO-31.12.jpg\",\"height\":2480,\"width\":1748,\"orientation\":\"portrait\"}},\"imageMeta\":{\"aperture\":\"0\",\"credit\":\"\",\"camera\":\"\",\"caption\":\"\",\"created_timestamp\":\"0\",\"copyright\":\"\",\"focal_length\":\"0\",\"iso\":\"0\",\"shutter_speed\":\"0\",\"title\":\"\",\"orientation\":\"0\",\"keywords\":[]},\"meta\":false,\"postlink\":\"https:\/\/webnemji.azurewebsites.net\/ducray-200kc-do-31-12\/\"},{\"id\":34570,\"title\":\"LRP 2+1\",\"url\":\"\/wp-content\/uploads\/2025\/12\/LRP-21.png\",\"link\":\"https:\/\/webnemji.azurewebsites.net\/lrp-21\/\",\"alt\":\"\",\"description\":\"\",\"caption\":\"\",\"mime\":\"image\/png\",\"type\":\"image\",\"width\":540,\"height\":685,\"sizes\":{\"thumbnail\":{\"height\":150,\"width\":150,\"url\":\"\/wp-content\/uploads\/2025\/12\/LRP-21-150x150.png\",\"orientation\":\"landscape\"},\"medium\":{\"height\":300,\"width\":236,\"url\":\"\/wp-content\/uploads\/2025\/12\/LRP-21-236x300.png\",\"orientation\":\"portrait\"},\"full\":{\"url\":\"\/wp-content\/uploads\/2025\/12\/LRP-21.png\",\"height\":685,\"width\":540,\"orientation\":\"portrait\"}},\"imageMeta\":{\"aperture\":\"0\",\"credit\":\"\",\"camera\":\"\",\"caption\":\"\",\"created_timestamp\":\"0\",\"copyright\":\"\",\"focal_length\":\"0\",\"iso\":\"0\",\"shutter_speed\":\"0\",\"title\":\"\",\"orientation\":\"0\",\"keywords\":[]},\"meta\":false,\"postlink\":\"https:\/\/webnemji.azurewebsites.net\/lrp-21\/\"},{\"id\":34569,\"title\":\"AVENE -300 DO 31.12\",\"url\":\"\/wp-content\/uploads\/2025\/12\/AVENE-300-DO-31.12.jpg\",\"link\":\"https:\/\/webnemji.azurewebsites.net\/avene-300-do-31-12\/\",\"alt\":\"\",\"description\":\"\",\"caption\":\"\",\"mime\":\"image\/jpeg\",\"type\":\"image\",\"width\":1748,\"height\":2500,\"sizes\":{\"thumbnail\":{\"height\":150,\"width\":150,\"url\":\"\/wp-content\/uploads\/2025\/12\/AVENE-300-DO-31.12-150x150.jpg\",\"orientation\":\"landscape\"},\"medium\":{\"height\":300,\"width\":210,\"url\":\"\/wp-content\/uploads\/2025\/12\/AVENE-300-DO-31.12-210x300.jpg\",\"orientation\":\"portrait\"},\"large\":{\"height\":1024,\"width\":716,\"url\":\"\/wp-content\/uploads\/2025\/12\/AVENE-300-DO-31.12-716x1024.jpg\",\"orientation\":\"portrait\"},\"full\":{\"url\":\"\/wp-content\/uploads\/2025\/12\/AVENE-300-DO-31.12.jpg\",\"height\":2500,\"width\":1748,\"orientation\":\"portrait\"}},\"imageMeta\":{\"aperture\":\"0\",\"credit\":\"\",\"camera\":\"\",\"caption\":\"\",\"created_timestamp\":\"0\",\"copyright\":\"\",\"focal_length\":\"0\",\"iso\":\"0\",\"shutter_speed\":\"0\",\"title\":\"\",\"orientation\":\"0\",\"keywords\":[]},\"meta\":false,\"postlink\":\"https:\/\/webnemji.azurewebsites.net\/avene-300-do-31-12\/\"}],\"shareFacebook\":false,\"shareTwitter\":false,\"sharePinterest\":false,\"sliderItemDownload\":false,\"shareCopyLink\":false,\"sliderItemTitleFontSize\":16,\"sliderSlideshow\":false,\"sliderSlideshowDelay\":6,\"sliderSocialShareEnabled\":false,\"TrpContentRestriction\":{\"restriction_type\":\"exclude\",\"selected_languages\":[],\"panel_open\":true},\"itemsMetaDataCollection\":[]}<\/script><script>(function(){if(window.PGC_SGB && window.PGC_SGB.searcher){window.PGC_SGB.searcher.initBlocks()}})()<\/script><\/div>\n<\/div>\n<\/div><\/div>\n<\/div>\n<\/div>\n<\/div>\n<\/div>\n<\/div>\n<div id=\"cmsmasters_row_4kb0apw7ag\" class=\"cmsmasters_row cmsmasters_color_scheme_default cmsmasters_row_top_default cmsmasters_row_bot_default cmsmasters_row_boxed\">\n<div class=\"cmsmasters_row_outer_parent\">\n<div class=\"cmsmasters_row_outer\">\n<div class=\"cmsmasters_row_inner\">\n<div class=\"cmsmasters_row_margin\">\n<div id=\"cmsmasters_column_nwwitfqy0a\" class=\"cmsmasters_column one_first\">\n<div class=\"cmsmasters_column_inner\"><\/div><\/div>\n<\/div>\n<\/div>\n<\/div>\n<\/div>\n<\/div>\n\n","protected":false},"excerpt":{"rendered":"","protected":false},"author":1,"featured_media":23514,"parent":23462,"menu_order":0,"comment_status":"closed","ping_status":"closed","template":"","meta":{"pgc_sgb_lightbox_settings":"","footnotes":"","_links_to":"","_links_to_target":""},"categories":[85],"class_list":["post-23545","page","type-page","status-publish","has-post-thumbnail","hentry","category-page-oddeleni"],"publishpress_future_action":{"enabled":false,"date":"2026-04-13 23:06:00","action":"change-status","newStatus":"draft","terms":[],"taxonomy":"category","extraData":[]},"publishpress_future_workflow_manual_trigger":{"enabledWorkflows":[]},"_links":{"self":[{"href":"https:\/\/webnemji.azurewebsites.net\/en\/wp-json\/wp\/v2\/pages\/23545","targetHints":{"allow":["GET"]}}],"collection":[{"href":"https:\/\/webnemji.azurewebsites.net\/en\/wp-json\/wp\/v2\/pages"}],"about":[{"href":"https:\/\/webnemji.azurewebsites.net\/en\/wp-json\/wp\/v2\/types\/page"}],"author":[{"embeddable":true,"href":"https:\/\/webnemji.azurewebsites.net\/en\/wp-json\/wp\/v2\/users\/1"}],"replies":[{"embeddable":true,"href":"https:\/\/webnemji.azurewebsites.net\/en\/wp-json\/wp\/v2\/comments?post=23545"}],"version-history":[{"count":0,"href":"https:\/\/webnemji.azurewebsites.net\/en\/wp-json\/wp\/v2\/pages\/23545\/revisions"}],"up":[{"embeddable":true,"href":"https:\/\/webnemji.azurewebsites.net\/en\/wp-json\/wp\/v2\/pages\/23462"}],"wp:featuredmedia":[{"embeddable":true,"href":"https:\/\/webnemji.azurewebsites.net\/en\/wp-json\/wp\/v2\/media\/23514"}],"wp:attachment":[{"href":"https:\/\/webnemji.azurewebsites.net\/en\/wp-json\/wp\/v2\/media?parent=23545"}],"wp:term":[{"taxonomy":"category","embeddable":true,"href":"https:\/\/webnemji.azurewebsites.net\/en\/wp-json\/wp\/v2\/categories?post=23545"}],"curies":[{"name":"wp","href":"https:\/\/api.w.org\/{rel}","templated":true}]}}