{"id":23551,"date":"2023-10-23T10:19:34","date_gmt":"2023-10-23T08:19:34","guid":{"rendered":"https:\/\/nemji.rs-kovarik.cz\/?page_id=23551"},"modified":"2024-01-29T12:15:26","modified_gmt":"2024-01-29T11:15:26","slug":"socialni-luzka","status":"publish","type":"page","link":"https:\/\/webnemji.azurewebsites.net\/en\/oddeleni\/oddeleni-geriatrie\/socialni-luzka\/","title":{"rendered":"Social beds"},"content":{"rendered":"<div id=\"cmsmasters_row_6iluctg3hk\" class=\"cmsmasters_row cmsmasters_color_scheme_default cmsmasters_row_top_default cmsmasters_row_bot_default cmsmasters_row_boxed\">\n<div class=\"cmsmasters_row_outer_parent\">\n<div class=\"cmsmasters_row_overlay\"><\/div>\n<div class=\"cmsmasters_row_outer\">\n<div class=\"cmsmasters_row_inner\">\n<div class=\"cmsmasters_row_margin\">\n<div id=\"cmsmasters_column_sybg7he2sg\" class=\"cmsmasters_column one_first\">\n<div class=\"cmsmasters_column_inner\"><div id=\"cmsmasters_heading_b3c74b95a0\" class=\"cmsmasters_heading_wrap cmsmasters_heading_align_center pageheadingtitle\">\n\t<h1 class=\"cmsmasters_heading\">Odd\u011blen\u00ed geriatrie a n\u00e1sledn\u00e9 p\u00e9\u010de<\/h1>\n<\/div>\n<\/div><\/div>\n<\/div>\n<\/div>\n<\/div>\n<\/div>\n<\/div>\n<div id=\"cmsmasters_row_ly5ze1hf8e\" class=\"cmsmasters_row cmsmasters_color_scheme_default cmsmasters_row_top_default cmsmasters_row_bot_default cmsmasters_row_boxed\">\n<div class=\"cmsmasters_row_outer_parent\">\n<div class=\"cmsmasters_row_outer\">\n<div class=\"cmsmasters_row_inner\">\n<div class=\"cmsmasters_row_margin\">\n<div id=\"cmsmasters_column_v67ee6nvg7\" class=\"cmsmasters_column one_first\">\n<div class=\"cmsmasters_column_inner\"><div class=\"cmsmasters_text\">\n<p><nav aria-label=\"breadcrumbs\">\n            <div class=\"breadcrumb-container theme1\">\n                <ol>\n                                    <\/ol>\n            <\/div>\n        <\/nav>    <script type=\"application\/ld+json\">\n        {\n            \"@context\": \"http:\/\/schema.org\",\n            \"@type\": \"BreadcrumbList\",\n            \"itemListElement\": [\n                            ]\n        }\n    <\/script>\n   \n    <script>\n            <\/script>\n<\/p>\n<\/div>\n<\/div><\/div>\n<\/div>\n<\/div>\n<\/div>\n<\/div>\n<\/div>\n<div id=\"cmsmasters_row_3f2f8816dd\" class=\"cmsmasters_row cmsmasters_color_scheme_default cmsmasters_row_top_default cmsmasters_row_bot_default cmsmasters_row_boxed\">\n<div class=\"cmsmasters_row_outer_parent\">\n<div class=\"cmsmasters_row_outer\">\n<div class=\"cmsmasters_row_inner\">\n<div class=\"cmsmasters_row_margin\">\n<div id=\"cmsmasters_column_0a1c5940f5\" class=\"cmsmasters_column one_third stickyinfocolumn\">\n<div class=\"cmsmasters_column_inner\"><div id=\"cmsmasters_heading_rva6m2t32d\" class=\"cmsmasters_heading_wrap cmsmasters_heading_align_center\">\n\t<h3 class=\"cmsmasters_heading\">Informace o odd\u011blen\u00ed<\/h3>\n<\/div>\n<div id=\"cmsmasters_divider_dpp34mcdj5\" class=\"cmsmasters_divider cmsmasters_divider_width_short cmsmasters_divider_pos_center\"><\/div>\n<div class=\"cmsmasters_sidebar sidebar_layout_11 sidebar-custom-menu\"><aside id=\"nav_menu-20\" class=\"widget widget_nav_menu\"><div class=\"menu-oddeleni-geriatrie-container\"><ul id=\"menu-oddeleni-geriatrie\" class=\"menu\"><li id=\"menu-item-19835\" class=\"menu-item menu-item-type-custom menu-item-object-custom menu-item-19835\"><a href=\"\/oddeleni\/oddeleni-geriatrie\/#popis-oddeleni\" data-ps2id-api=\"true\"><i class=\"fa-solid fa-info\"><\/i> Popis odd\u011blen\u00ed<\/a><\/li>\n<li id=\"menu-item-19836\" class=\"menu-item menu-item-type-custom menu-item-object-custom menu-item-19836\"><a href=\"\/oddeleni\/oddeleni-geriatrie\/#personalni-obsazeni\" data-ps2id-api=\"true\"><i class=\"fa-solid fa-user-doctor\"><\/i> Person\u00e1ln\u00ed obsazen\u00ed<\/a><\/li>\n<li id=\"menu-item-20060\" class=\"menu-item menu-item-type-custom menu-item-object-custom menu-item-20060\"><a href=\"\/oddeleni\/oddeleni-geriatrie\/#navstevni-hodiny\" data-ps2id-api=\"true\"><i class=\"fa-solid fa-door-open\"><\/i> N\u00e1v\u0161t\u011bvn\u00ed hodiny<\/a><\/li>\n<li id=\"menu-item-19838\" class=\"menu-item menu-item-type-custom menu-item-object-custom menu-item-19838\"><a href=\"\/oddeleni\/oddeleni-geriatrie\/#kontaktni-informace\" data-ps2id-api=\"true\"><i class=\"fa-solid fa-phone\"><\/i> Kontaktn\u00ed informace<\/a><\/li>\n<li id=\"menu-item-19839\" class=\"menu-item menu-item-type-custom menu-item-object-custom menu-item-19839\"><a href=\"\/oddeleni\/oddeleni-geriatrie\/#kde-nas-najdete\" data-ps2id-api=\"true\"><i class=\"fa-solid fa-location-dot\"><\/i> Kde n\u00e1s najdete<\/a><\/li>\n<li id=\"menu-item-19840\" class=\"menu-item menu-item-type-custom menu-item-object-custom menu-item-19840\"><a href=\"\/oddeleni\/oddeleni-geriatrie\/#fotogalerie\" data-ps2id-api=\"true\"><i class=\"fa-solid fa-camera\"><\/i> Fotogalerie<\/a><\/li>\n<li id=\"menu-item-19841\" class=\"menu-custom-separator menu-item menu-item-type-custom menu-item-object-custom menu-item-19841\"><hr class=\"mhm-menu-separator\"><\/li>\n<li id=\"menu-item-24437\" class=\"static-link menu-item menu-item-type-custom menu-item-object-custom menu-item-24437\"><a href=\"\/oddeleni\/oddeleni-geriatrie\/geriatricka-ambulance\/\" data-ps2id-api=\"true\"><i class=\"fa-solid fa-house-medical\"><\/i> Ambulance<\/a><\/li>\n<li id=\"menu-item-23554\" class=\"static-link menu-item menu-item-type-custom menu-item-object-custom menu-item-23554\"><a href=\"\/oddeleni\/oddeleni-geriatrie\/socialni-luzka\/\" data-ps2id-api=\"true\"><i class=\"fa-solid fa-bed\"><\/i>Soci\u00e1ln\u00ed l\u016f\u017eka<\/a><\/li>\n<li id=\"menu-item-28333\" class=\"menu-item menu-item-type-custom menu-item-object-custom menu-item-28333\"><a href=\"\/oddeleni\/oddeleni-geriatrie\/paliativni-pece\/\" data-ps2id-api=\"true\"><i class=\"fa-solid fa-hand-holding-heart\"><\/i>Paliativn\u00ed p\u00e9\u010de<\/a><\/li>\n<li id=\"menu-item-19843\" class=\"static-link menu-item menu-item-type-custom menu-item-object-custom menu-item-19843\"><a href=\"\/oddeleni\/oddeleni-geriatrie\/spektrum-pece\/\" data-ps2id-api=\"true\"><i class=\"fa-solid fa-stethoscope\"><\/i> Spektrum p\u00e9\u010de<\/a><\/li>\n<li id=\"menu-item-19844\" class=\"static-link menu-item menu-item-type-custom menu-item-object-custom menu-item-19844\"><a href=\"\/oddeleni\/oddeleni-geriatrie\/informace-pro-pacienty\/\" data-ps2id-api=\"true\"><i class=\"fa-regular fa-circle-question\"><\/i> Informace pro pacienty<\/a><\/li>\n<li id=\"menu-item-35037\" class=\"menu-item menu-item-type-custom menu-item-object-custom menu-item-35037\"><a href=\"\/oddeleni\/centrum-sp-pece\/socialnici\/\" data-ps2id-api=\"true\"><i class=\"fa-solid fa-people-pulling\"><\/i>Zdravotn\u011b soci\u00e1ln\u00ed pracovn\u00edci<\/a><\/li>\n<\/ul><\/div><\/aside><div class=\"cl\"><\/div>\n<\/div>\n<\/div><\/div>\n<div id=\"cmsmasters_column_k7vlyuz4yq\" class=\"cmsmasters_column two_third\">\n<div class=\"cmsmasters_column_inner\"><div id=\"cmsmasters_heading_0cx4mcjjyd\" class=\"cmsmasters_heading_wrap cmsmasters_heading_align_left\">\n\t<h2 class=\"cmsmasters_heading\">Soci\u00e1ln\u00ed l\u016f\u017eka<\/h2>\n<\/div>\n<div id=\"cmsmasters_divider_kul4awri6m\" class=\"cmsmasters_divider cmsmasters_divider_width_short cmsmasters_divider_pos_left\"><\/div>\n<div class=\"cmsmasters_text\">\n<p>Na z\u00e1klad\u011b paragrafu 52 z\u00e1kona 108\/2006 Sb. o soci\u00e1ln\u00edch slu\u017eb\u00e1ch poskytovan\u00fdch ve zdravotnick\u00fdch za\u0159\u00edzen\u00edch je na OGNP Nemocnice Jihlava z\u0159\u00edzeno 5 soci\u00e1ln\u00edch l\u016f\u017eek<\/p>\n<p>Na soci\u00e1ln\u00ed l\u016f\u017eka jsou p\u0159ij\u00edm\u00e1ni klienti, kte\u0159\u00ed ji\u017e nevy\u017eaduj\u00ed \u00fastavn\u00ed zdravotn\u00ed p\u00e9\u010di, ale vzhledem ke sv\u00e9mu zdravotn\u00edmu stavu a sn\u00ed\u017een\u00e9 sob\u011bsta\u010dnosti vy\u017eaduj\u00ed soustavnou pomoc jin\u00e9 osoby. D\u00e1le osoby, kter\u00e9 nejsou schopny zaji\u0161\u0165ovat sv\u00e9 z\u00e1kladn\u00ed \u017eivotn\u00ed pot\u0159eby ve vlastn\u00edm soci\u00e1ln\u00edm prost\u0159ed\u00ed samostatn\u011b a to a\u017e do t\u00e9 doby, ne\u017e je jim zaji\u0161t\u011bno um\u00edst\u011bn\u00ed v pobytov\u00e9m za\u0159\u00edzen\u00ed soci\u00e1ln\u00edch slu\u017eeb nebo je zabezpe\u010dena p\u00e9\u010de osobou bl\u00edzkou \u010di ter\u00e9nn\u00ed soci\u00e1ln\u00ed slu\u017ebou. Do c\u00edlov\u00e9 skupiny nepat\u0159\u00ed osoby, jejich\u017e \u017eivotn\u00ed zp\u016fsoby jsou v rozporu s Provozn\u00edm \u0159\u00e1dem ODN a z\u0159izovan\u00fdmi soci\u00e1ln\u00edmi l\u016f\u017eky (osoby s v\u00fdznamnou poruchou osobnosti, osoby z\u00e1visl\u00e9 na alkoholu a po\u017e\u00edv\u00e1n\u00ed omamn\u00fdch l\u00e1tek, osoby s demenc\u00ed st\u0159edn\u00edho a t\u011b\u017ek\u00e9ho stupn\u011b, pokud u nich hroz\u00ed naru\u0161ov\u00e1n\u00ed pravidel kolektivn\u00edho sou\u017eit\u00ed). D\u00e1le lid\u00e9, jejich\u017e zdravotn\u00ed stav vy\u017eaduje trvalou a specializovanou zdravotn\u00ed p\u00e9\u010di.<\/p>\n<p>&nbsp;<\/p>\n<h5><strong>Posl\u00e1n\u00ed soci\u00e1ln\u00edch l\u016f\u017eek v\u00a0Nemocnici Jihlava<\/strong><\/h5>\n<p>Posl\u00e1n\u00edm soc. l\u016f\u017eek je poskytovat soci\u00e1ln\u00ed slu\u017eby p\u0159ev\u00e1\u017en\u011b senior\u016fm, kte\u0159\u00ed v\u00a0p\u0159edchoz\u00edm obdob\u00ed byli hospitalizov\u00e1ni na l\u016f\u017ekov\u00fdch odd\u011blen\u00edch nemocnice Jihlava, a kte\u0159\u00ed se nemohou, d\u00edky sv\u00e9 nov\u011b vznikl\u00e9 nep\u0159\u00edzniv\u00e9 situaci, vr\u00e1tit do sv\u00e9ho dom\u00e1c\u00edho prost\u0159ed\u00ed. Usilujeme zde o zachov\u00e1n\u00ed jejich p\u0159irozen\u00fdch kontakt\u016f, podporujeme st\u00e1vaj\u00edc\u00ed dovednosti v\u00a0p\u00e9\u010di o sebe sama a nab\u00edz\u00edme pomoc p\u0159i p\u0159ekon\u00e1n\u00ed \u010di vy\u0159e\u0161en\u00ed nep\u0159\u00edzniv\u00e9 \u017eivotn\u00ed situace.<\/p>\n<p>&nbsp;<\/p>\n<h5><strong>C\u00edle slu\u017eby<\/strong><\/h5>\n<p>Poskytovat v souladu s posl\u00e1n\u00edm cel\u00e9ho zdravotnick\u00e9ho za\u0159\u00edzen\u00ed kvalitn\u00ed slu\u017eby, vytv\u00e1\u0159et p\u0159\u00edjemn\u00e9, bezpe\u010dn\u00e9 a p\u0159irozen\u00e9 prost\u0159ed\u00ed.\u00a0 Podporovat klienty v udr\u017eov\u00e1n\u00ed kontakt\u016f s rodinou a vn\u011bj\u0161\u00edm prost\u0159ed\u00edm, pom\u00e1hat p\u0159ekon\u00e1vat nov\u011b vzniklou nep\u0159\u00edznivou situaci a ztr\u00e1tu soci\u00e1ln\u00edch rol\u00ed. Zapojit klienty do m\u00edstn\u00edch aktiviza\u010dn\u00edch a terapeutick\u00fdch \u010dinnost\u00ed, nab\u00eddnout psychologickou podporu.<\/p>\n<p>&nbsp;<\/p>\n<h5><strong>Druh poskytovan\u00e9 slu\u017eby<\/strong><\/h5>\n<ul>\n<li>Poskytnut\u00ed ubytov\u00e1n\u00ed (do kter\u00e9ho je zahrnut \u00faklid, pran\u00ed lo\u017en\u00edho pr\u00e1dla a v\u00fdjime\u010dn\u011b, pokud klient nem\u00e1 \u017e\u00e1dnou rodinu i osobn\u00ed pr\u00e1dlo).<\/li>\n<li>Poskytnut\u00ed stravy, kter\u00e1 je poskytov\u00e1na celodenn\u011b, jej\u00ed slo\u017een\u00ed odpov\u00edd\u00e1 v\u011bku.<\/li>\n<li>Racion\u00e1ln\u00ed v\u00fd\u017eivy a pot\u0159eb\u00e1m dietn\u00edho stravov\u00e1n\u00ed.<\/li>\n<li>Nezbytn\u00e9 o\u0161et\u0159ovatelsk\u00e9 \u00fakony.<\/li>\n<li>Pomoc p\u0159i osobn\u00ed hygien\u011b.<\/li>\n<li>Pomoc p\u0159i zvl\u00e1d\u00e1n\u00ed b\u011b\u017en\u00fdch \u00fakon\u016f v p\u00e9\u010di o vlastn\u00ed osobu.<\/li>\n<li>Zprost\u0159edkov\u00e1n\u00ed kontaktu se spole\u010densk\u00fdm prost\u0159ed\u00edm &#8211; aktiviza\u010dn\u00ed \u010dinnosti.<\/li>\n<li>Pomoc p\u0159i uplat\u0148ov\u00e1n\u00ed pr\u00e1v, opr\u00e1vn\u011bn\u00fdch z\u00e1jm\u016f a p\u0159i obstar\u00e1v\u00e1n\u00ed osobn\u00edch z\u00e1le\u017eitost\u00ed.<\/li>\n<li>Soci\u00e1ln\u00ed a psychologick\u00e9 poradenstv\u00ed.<\/li>\n<li>Fakultativn\u00ed slu\u017eby dle v\u00fdb\u011bru klienta, jejich\u017e \u00fahrada je dle zvl\u00e1\u0161tn\u00edho cen\u00edku, dostupn\u00e9ho na internetov\u00fdch str\u00e1nk\u00e1ch Nemocnice Jihlava a je i p\u0159\u00edlohou t\u011bchto vnit\u0159n\u00edch pravidel.<\/li>\n<\/ul>\n<p>&nbsp;<\/p>\n<h5><strong>Principy poskytovan\u00e9 slu\u017eby<\/strong><\/h5>\n<p>Principy poskytovan\u00e9 slu\u017eby na soci\u00e1ln\u00edch l\u016f\u017ek\u00e1ch za\u0159\u00edzen\u00ed jsou pln\u011b ve shod\u011b s Etick\u00fdm kodexem pr\u00e1v pacient\u016f, se kter\u00fdmi se klient i jeho rodina mohou sezn\u00e1mit na webov\u00fdch str\u00e1nk\u00e1ch Nemocnice Jihlava nebo p\u0159\u00edmo u kl\u00ed\u010dov\u00e9ho pracovn\u00edka.<\/p>\n<p>&nbsp;<\/p>\n<h5><strong>Slu\u017eby jsou poskytov\u00e1ny na principech:<\/strong><\/h5>\n<ul>\n<li>Dodr\u017eov\u00e1n\u00ed lidsk\u00fdch pr\u00e1v klient\u016f.<\/li>\n<li>Respektov\u00e1n\u00ed individuality, autonomie klienta, jeho nez\u00e1vislosti a skute\u010dn\u00fdch individu\u00e1ln\u00edch pot\u0159eb klienta.<\/li>\n<li>Podpory klienta v dosahov\u00e1n\u00ed odpov\u00eddaj\u00edc\u00ed sob\u011bsta\u010dnosti a nez\u00e1vislosti.<\/li>\n<li>Respektov\u00e1n\u00ed pr\u00e1va volby klienta.<\/li>\n<li>Kvalitn\u00ed a bezpe\u010dn\u00e9 p\u00e9\u010de.<\/li>\n<li>Vz\u00e1jemn\u00e9ho respektu mezi klientem a zam\u011bstnancem.<\/li>\n<li>Ka\u017ed\u00fd klient je v pr\u016fb\u011bhu \u00favodn\u00edho rozhovoru sezn\u00e1men s chodem soci\u00e1ln\u00edch l\u016f\u017eek, s vnit\u0159n\u00edmi pravidly v\u010detn\u011b ostatn\u00edch souvisej\u00edc\u00edch p\u0159edpis\u016f. Je tak\u00e9 informov\u00e1n o tom, jak\u00e9 slu\u017eby mu mohou na soci\u00e1ln\u00edch l\u016f\u017ek\u00e1ch b\u00fdt poskytnuty.<\/li>\n<li>D\u00e1le je informov\u00e1n o mo\u017enostech vyj\u00e1d\u0159en\u00ed po\u017eadavk\u016f, n\u00e1zor\u016f a st\u00ed\u017enost\u00ed.<\/li>\n<\/ul>\n<p>P\u0159i p\u0159ijet\u00ed podepisuje klient souhlas s nakl\u00e1d\u00e1n\u00edm s jeho osobn\u00edmi \u00fadaji v souladu se z\u00e1konem o ochran\u011b osobn\u00edch \u00fadaj\u016f. D\u00e1le je p\u0159i vstupn\u00edm pohovoru sezn\u00e1men se sv\u00fdmi pr\u00e1vy a ubezpe\u010den o snaze person\u00e1lu je respektovat. Jako nap\u0159:<\/p>\n<ul>\n<li>Soukrom\u00ed p\u0159i hygien\u011b, p\u0159i n\u00e1v\u0161t\u011bv\u00e1ch atd.,<\/li>\n<li>\u010dasov\u00fd rozvrh, druhy \u010dinnosti, mobilitu, sdru\u017eov\u00e1n\u00ed, n\u00e1v\u0161t\u011bvy, v\u00fdb\u011br oble\u010den\u00ed,<\/li>\n<li>stravu, l\u00e9ka\u0159e, u\u017e\u00edv\u00e1n\u00ed l\u00e9k\u016f, no\u010dn\u00ed kontroly,<\/li>\n<li>zp\u016fsob \u00fahrady za pobyt,<\/li>\n<li>flexibiln\u00ed podpora individu\u00e1ln\u00edch pot\u0159eb a osobn\u00edch c\u00edl\u016f klienta.<\/li>\n<\/ul>\n<p>Klient je tak\u00e9 informov\u00e1n o mo\u017enosti v\u00fdjime\u010dn\u00e9ho pou\u017eit\u00ed opat\u0159en\u00ed omezuj\u00edc\u00ed pohyb (na z\u00e1klad\u011b doporu\u010den\u00ed l\u00e9ka\u0159e \u010di na vlastn\u00ed p\u0159\u00e1n\u00ed = informovan\u00fd souhlas).<br \/>\nP\u00e9\u010de je poskytov\u00e1na 24 hodin denn\u011b a o klienta pe\u010duje kvalifikovan\u00fd t\u00fdm ve slo\u017een\u00ed: l\u00e9ka\u0159, v\u0161eobecn\u00e9 sestry, zdravotnick\u00fd asistent, rehabilita\u010dn\u00ed sestra, o\u0161et\u0159ovatelky a soci\u00e1ln\u00ed pracovn\u00edk, psycholog.<br \/>\nAby se klient v na\u0161em zdravotnick\u00e9m za\u0159\u00edzen\u00ed na soci\u00e1ln\u00edm l\u016f\u017eku c\u00edtil dob\u0159e, budeme se jist\u011b vz\u00e1jemn\u011b sna\u017eit o dobr\u00e9 a p\u0159\u00e1telsk\u00e9 sou\u017eit\u00ed. Budeme p\u0159\u00e1n\u00edm klient\u016f naslouchat a sna\u017eit se jim v r\u00e1mci mo\u017enost\u00ed provozu flexibiln\u011b p\u0159izp\u016fsobit.<\/p>\n<p>&nbsp;<\/p>\n<h5><strong>Jak\u00e1 je \u00fahrada za soci\u00e1ln\u00ed l\u016f\u017eka?<\/strong><\/h5>\n<ul>\n<li>Soci\u00e1ln\u00ed slu\u017eba je poskytov\u00e1na na z\u00e1klad\u011b uzav\u0159en\u00e9 smlouvy s klientem. Smlouva se uzav\u00edr\u00e1 na dobu ur\u010ditou.<\/li>\n<li>P\u0159i p\u0159ijet\u00ed je vyb\u00edr\u00e1na z\u00e1loha ve v\u00fd\u0161i 3000 K\u010d.<\/li>\n<li>Pokud je klientovi p\u0159izn\u00e1n p\u0159\u00edsp\u011bvek na p\u00e9\u010di, je v souladu se z\u00e1konem tento p\u0159\u00edsp\u011bvek zcela vyu\u017e\u00edv\u00e1n poskytovatelem k zaji\u0161t\u011bn\u00ed soci\u00e1ln\u00edch slu\u017eeb.<\/li>\n<li>Klient je povinen zaplatit \u00fahradu za denn\u00ed ubytov\u00e1n\u00ed, dle aktu\u00e1ln\u00ed ceny, viz <a href=\"\/wp-content\/uploads\/2023\/08\/Cenik-2026-1-1.pdf\" target=\"_blank\" rel=\"noopener\">cen\u00edk<\/a><\/li>\n<li>Pobyt na soci\u00e1ln\u00ed l\u016f\u017eko se stravou <strong>505 K\u010d\/den<\/strong>.<\/li>\n<li>Cena doprovodu pacienta bez stravy <strong>330K\u010d\/den<\/strong>.<\/li>\n<\/ul>\n<p>&nbsp;<\/p>\n<h5><strong>Co d\u011blat v p\u0159\u00edpad\u011b z\u00e1jmu o soci\u00e1ln\u00ed l\u016f\u017eko?<\/strong><\/h5>\n<ul>\n<li>je nutno splnit krit\u00e9ria pro c\u00edlovou skupinu<\/li>\n<li>objedn\u00e1v\u00e1n\u00ed soci\u00e1ln\u00edch hospitalizac\u00ed sm\u011b\u0159ovat prim. OGNP: MUDr. Eva Balnerov\u00e1, tel. 567157671 nebo 567157140<\/li>\n<li>\u00a0nebo na soci\u00e1ln\u00ed pracovn\u00edky nemocnice, kte\u0159\u00ed se \u017eadatelem sep\u00ed\u0161\u00ed smlouvu a poskytnou dal\u0161\u00ed informace.<\/li>\n<\/ul>\n<p>&nbsp;<\/p>\n<h5><strong>Dokumenty ke sta\u017een\u00ed<\/strong><\/h5>\n<\/div>\n<div class=\"cmsmasters_text download-links-small\">\n<p><a href=\"\/wp-content\/uploads\/2023\/10\/Zadost-o-umisteni-na-socialni-luzko-NJ.pdf\" target=\"_blank\" rel=\"noopener\">\u017d\u00e1dost o um\u00edst\u011bn\u00ed na soci\u00e1ln\u00ed l\u016f\u017eko NJ<\/a><\/p>\n<p><a href=\"\/wp-content\/uploads\/2023\/09\/Smlouva-o-poskytnuti-pece-OGNP.doc\" target=\"_blank\" rel=\"noopener\">Smlouva o poskytnut\u00ed p\u00e9\u010de OGNP<\/a><\/p>\n<p><a href=\"\/wp-content\/uploads\/2023\/10\/Prodlouzeni-smlouvy-na-OGNP.doc\" target=\"_blank\" rel=\"noopener\">Prodlou\u017een\u00ed smlouvy o poskytnut\u00ed soci\u00e1ln\u00ed p\u00e9\u010de v NJ<\/a><\/p>\n<\/div>\n<\/div><\/div>\n<\/div>\n<\/div>\n<\/div>\n<\/div>\n<\/div>\n\n","protected":false},"excerpt":{"rendered":"","protected":false},"author":5,"featured_media":17126,"parent":19764,"menu_order":0,"comment_status":"closed","ping_status":"closed","template":"","meta":{"pgc_sgb_lightbox_settings":"","footnotes":"","_links_to":"","_links_to_target":""},"categories":[85],"class_list":["post-23551","page","type-page","status-publish","has-post-thumbnail","hentry","category-page-oddeleni"],"publishpress_future_action":{"enabled":false,"date":"2026-04-29 12:47:24","action":"change-status","newStatus":"draft","terms":[],"taxonomy":"category","extraData":[]},"publishpress_future_workflow_manual_trigger":{"enabledWorkflows":[]},"_links":{"self":[{"href":"https:\/\/webnemji.azurewebsites.net\/en\/wp-json\/wp\/v2\/pages\/23551","targetHints":{"allow":["GET"]}}],"collection":[{"href":"https:\/\/webnemji.azurewebsites.net\/en\/wp-json\/wp\/v2\/pages"}],"about":[{"href":"https:\/\/webnemji.azurewebsites.net\/en\/wp-json\/wp\/v2\/types\/page"}],"author":[{"embeddable":true,"href":"https:\/\/webnemji.azurewebsites.net\/en\/wp-json\/wp\/v2\/users\/5"}],"replies":[{"embeddable":true,"href":"https:\/\/webnemji.azurewebsites.net\/en\/wp-json\/wp\/v2\/comments?post=23551"}],"version-history":[{"count":0,"href":"https:\/\/webnemji.azurewebsites.net\/en\/wp-json\/wp\/v2\/pages\/23551\/revisions"}],"up":[{"embeddable":true,"href":"https:\/\/webnemji.azurewebsites.net\/en\/wp-json\/wp\/v2\/pages\/19764"}],"wp:featuredmedia":[{"embeddable":true,"href":"https:\/\/webnemji.azurewebsites.net\/en\/wp-json\/wp\/v2\/media\/17126"}],"wp:attachment":[{"href":"https:\/\/webnemji.azurewebsites.net\/en\/wp-json\/wp\/v2\/media?parent=23551"}],"wp:term":[{"taxonomy":"category","embeddable":true,"href":"https:\/\/webnemji.azurewebsites.net\/en\/wp-json\/wp\/v2\/categories?post=23551"}],"curies":[{"name":"wp","href":"https:\/\/api.w.org\/{rel}","templated":true}]}}