{"id":23705,"date":"2023-10-24T06:54:12","date_gmt":"2023-10-24T04:54:12","guid":{"rendered":"https:\/\/nemji.rs-kovarik.cz\/?page_id=23705"},"modified":"2023-10-24T06:55:02","modified_gmt":"2023-10-24T04:55:02","slug":"vedecka-rada","status":"publish","type":"page","link":"https:\/\/webnemji.azurewebsites.net\/en\/vedecka-rada\/","title":{"rendered":"Scientific Council"},"content":{"rendered":"<div id=\"cmsmasters_row_ksciwp6ujf\" class=\"cmsmasters_row cmsmasters_color_scheme_default heroblocks cmsmasters_row_top_default cmsmasters_row_bot_default cmsmasters_row_boxed\">\n<div id=\"heroboxes\" class=\"cmsmasters_row_outer_parent\">\n<div class=\"cmsmasters_row_overlay\"><\/div>\n<div class=\"cmsmasters_row_outer\">\n<div class=\"cmsmasters_row_inner\">\n<div class=\"cmsmasters_row_margin\">\n<div id=\"cmsmasters_column_bxgnwqgwt\" class=\"cmsmasters_column one_first\">\n<div class=\"cmsmasters_column_inner\"><div id=\"cmsmasters_heading_mkdgjovddq\" class=\"cmsmasters_heading_wrap cmsmasters_heading_align_center pageheadingtitle\" data-animation=\"fadeIn\" data-delay=\"100\">\n\t<h1 class=\"cmsmasters_heading\">V\u011bdeck\u00e1 rada<\/h1>\n<\/div><div id=\"cmsmasters_heading_gb7vg9rtje\" class=\"cmsmasters_heading_wrap cmsmasters_heading_align_center\" data-animation=\"fadeIn\" data-delay=\"150\">\n\t<h3 class=\"cmsmasters_heading\">Nemocnice Jihlava, p\u0159\u00edsp\u011bvkov\u00e1 organizace<\/h3>\n<\/div>\n<\/div><\/div>\n<\/div>\n<\/div>\n<\/div>\n<\/div>\n<\/div>\n<div id=\"cmsmasters_row_bj7zxjapxj\" class=\"cmsmasters_row cmsmasters_color_scheme_default cmsmasters_row_top_default cmsmasters_row_bot_default cmsmasters_row_boxed\">\n<div class=\"cmsmasters_row_outer_parent\">\n<div class=\"cmsmasters_row_outer\">\n<div class=\"cmsmasters_row_inner\">\n<div class=\"cmsmasters_row_margin\">\n<div id=\"cmsmasters_column_22eksm2374\" class=\"cmsmasters_column one_first\">\n<div class=\"cmsmasters_column_inner\"><div class=\"cmsmasters_text\">\n<p><nav aria-label=\"breadcrumbs\">\n            <div class=\"breadcrumb-container theme1\">\n                <ol>\n                                    <\/ol>\n            <\/div>\n        <\/nav>    <script type=\"application\/ld+json\">\n        {\n            \"@context\": \"http:\/\/schema.org\",\n            \"@type\": \"BreadcrumbList\",\n            \"itemListElement\": [\n                            ]\n        }\n    <\/script>\n   \n    <script>\n            <\/script>\n<\/p>\n<\/div>\n<\/div><\/div>\n<\/div>\n<\/div>\n<\/div>\n<\/div>\n<\/div>\n<div id=\"cmsmasters_row_5gr16na4ms\" class=\"cmsmasters_row cmsmasters_color_scheme_default cmsmasters_row_top_default cmsmasters_row_bot_default cmsmasters_row_boxed\">\n<div class=\"cmsmasters_row_outer_parent\">\n<div class=\"cmsmasters_row_outer\">\n<div class=\"cmsmasters_row_inner\">\n<div class=\"cmsmasters_row_margin\">\n<div id=\"cmsmasters_column_xonfjk045g\" class=\"cmsmasters_column one_third stickyinfocolumn\">\n<div class=\"cmsmasters_column_inner\"><div id=\"cmsmasters_heading_luukg1lxw\" class=\"cmsmasters_heading_wrap cmsmasters_heading_align_center\">\n\t<h3 class=\"cmsmasters_heading\">V\u011bdeck\u00e1 rada<\/h3>\n<\/div>\n<div id=\"cmsmasters_divider_09kab0ikwl\" class=\"cmsmasters_divider cmsmasters_divider_width_short cmsmasters_divider_pos_center\"><\/div>\n<div class=\"cmsmasters_sidebar sidebar_layout_11 sidebar-custom-menu\"><aside id=\"nav_menu-35\" class=\"widget widget_nav_menu\"><div class=\"menu-vedecka-rada-container\"><ul id=\"menu-vedecka-rada\" class=\"menu\"><li id=\"menu-item-23704\" class=\"static-link menu-item menu-item-type-custom menu-item-object-custom menu-item-23704\"><a href=\"\/vedecka-rada\/\" data-ps2id-api=\"true\"><i class=\"fa-solid fa-circle-question\"><\/i> Z\u00e1kladn\u00ed informace<\/a><\/li>\n<li id=\"menu-item-23117\" class=\"static-link menu-item menu-item-type-custom menu-item-object-custom menu-item-23117\"><a href=\"\/vedecka-rada\/clenove-vedecke-rady\/\" data-ps2id-api=\"true\"><i class=\"fa-solid fa-users\"><\/i> \u010clenov\u00e9 v\u011bdeck\u00e9 rady<\/a><\/li>\n<li id=\"menu-item-23118\" class=\"static-link menu-item menu-item-type-custom menu-item-object-custom menu-item-23118\"><a href=\"\/vedecka-rada\/dokumenty\/\" data-ps2id-api=\"true\"><i class=\"fa-solid fa-file\"><\/i> Dokumenty<\/a><\/li>\n<li id=\"menu-item-23119\" class=\"static-link menu-item menu-item-type-custom menu-item-object-custom menu-item-23119\"><a href=\"\/vedecka-rada\/prednaskova-a-publikacni-cinnost\/\" data-ps2id-api=\"true\"><i class=\"fa-solid fa-book-medical\"><\/i> P\u0159edn\u00e1\u0161kov\u00e1 a publika\u010dn\u00ed \u010dinnost<\/a><\/li>\n<\/ul><\/div><\/aside><div class=\"cl\"><\/div>\n<\/div>\n<\/div><\/div>\n<div id=\"cmsmasters_column_bo0xyc1mnm\" class=\"cmsmasters_column two_third\">\n<div class=\"cmsmasters_column_inner\"><div id=\"cmsmasters_heading_19qdr5f6te\" class=\"cmsmasters_heading_wrap cmsmasters_heading_align_left\">\n\t<h2 class=\"cmsmasters_heading\">V\u011bdeck\u00e1 rada Nemocnice Jihlava<\/h2>\n<\/div>\n<div id=\"cmsmasters_divider_55oq46kd3\" class=\"cmsmasters_divider cmsmasters_divider_width_short cmsmasters_divider_pos_left\"><\/div>\n<div class=\"cmsmasters_text personalni-obsazeni\">\n<p>V\u011bdeck\u00e1 rada je poradn\u00edm org\u00e1nem \u0159editele Nemocnice Jihlava. Sch\u00e1z\u00ed se 4x za rok, jej\u00edmi \u010dleny jsou l\u00e9ka\u0159i s v\u011bdeck\u00fdmi \u010di pedagogick\u00fdmi hodnostmi, vybran\u00ed prim\u00e1\u0159i odd\u011blen\u00ed, dal\u0161\u00ed l\u00e9ka\u0159i a jin\u00ed vysoko\u0161kol\u00e1ci \u2013 nel\u00e9ka\u0159i, kte\u0159\u00ed maj\u00ed vztah k v\u011bdeck\u00e9, publika\u010dn\u00ed a p\u0159edn\u00e1\u0161kov\u00e9 \u010dinnosti, pregradu\u00e1ln\u00edmu i postgradu\u00e1ln\u00edmu vzd\u011bl\u00e1v\u00e1n\u00ed. V\u011bdeck\u00e1 rada sleduje a hodnot\u00ed publika\u010dn\u00ed a p\u0159edn\u00e1\u0161kovou aktivitu zam\u011bstnanc\u016f nemocnice, zab\u00fdv\u00e1 se pregradu\u00e1ln\u00ed i postgradu\u00e1ln\u00ed v\u00fdukou ve spolupr\u00e1ci s l\u00e9ka\u0159sk\u00fdmi fakultami, Vysokou \u0161kolou polytechnickou v Jihlav\u011b a dal\u0161\u00edmi vzd\u011bl\u00e1vac\u00edmi institucemi, podporuje v\u0161echny formy v\u011bdeck\u00e9ho v\u00fdzkumu v Nemocnici Jihlava.<\/p>\n<\/div>\n<\/div><\/div>\n<\/div>\n<\/div>\n<\/div>\n<\/div>\n<\/div>\n\n","protected":false},"excerpt":{"rendered":"","protected":false},"author":1,"featured_media":23377,"parent":0,"menu_order":0,"comment_status":"closed","ping_status":"closed","template":"","meta":{"pgc_sgb_lightbox_settings":"","footnotes":"","_links_to":"","_links_to_target":""},"categories":[],"class_list":["post-23705","page","type-page","status-publish","has-post-thumbnail","hentry"],"publishpress_future_action":{"enabled":false,"date":"2026-04-27 12:11:14","action":"change-status","newStatus":"draft","terms":[],"taxonomy":"category","extraData":[]},"publishpress_future_workflow_manual_trigger":{"enabledWorkflows":[]},"_links":{"self":[{"href":"https:\/\/webnemji.azurewebsites.net\/en\/wp-json\/wp\/v2\/pages\/23705","targetHints":{"allow":["GET"]}}],"collection":[{"href":"https:\/\/webnemji.azurewebsites.net\/en\/wp-json\/wp\/v2\/pages"}],"about":[{"href":"https:\/\/webnemji.azurewebsites.net\/en\/wp-json\/wp\/v2\/types\/page"}],"author":[{"embeddable":true,"href":"https:\/\/webnemji.azurewebsites.net\/en\/wp-json\/wp\/v2\/users\/1"}],"replies":[{"embeddable":true,"href":"https:\/\/webnemji.azurewebsites.net\/en\/wp-json\/wp\/v2\/comments?post=23705"}],"version-history":[{"count":0,"href":"https:\/\/webnemji.azurewebsites.net\/en\/wp-json\/wp\/v2\/pages\/23705\/revisions"}],"wp:featuredmedia":[{"embeddable":true,"href":"https:\/\/webnemji.azurewebsites.net\/en\/wp-json\/wp\/v2\/media\/23377"}],"wp:attachment":[{"href":"https:\/\/webnemji.azurewebsites.net\/en\/wp-json\/wp\/v2\/media?parent=23705"}],"wp:term":[{"taxonomy":"category","embeddable":true,"href":"https:\/\/webnemji.azurewebsites.net\/en\/wp-json\/wp\/v2\/categories?post=23705"}],"curies":[{"name":"wp","href":"https:\/\/api.w.org\/{rel}","templated":true}]}}