{"id":23768,"date":"2023-10-24T10:43:06","date_gmt":"2023-10-24T08:43:06","guid":{"rendered":"https:\/\/nemji.rs-kovarik.cz\/?page_id=23768"},"modified":"2023-12-20T10:54:58","modified_gmt":"2023-12-20T09:54:58","slug":"chci-byt-dobrovolnikem","status":"publish","type":"page","link":"https:\/\/webnemji.azurewebsites.net\/en\/oddeleni\/centrum-sp-pece\/dobrovolnici\/chci-byt-dobrovolnikem\/","title":{"rendered":"I want to volunteer"},"content":{"rendered":"<div id=\"cmsmasters_row_6iluctg3hk\" class=\"cmsmasters_row cmsmasters_color_scheme_default cmsmasters_row_top_default cmsmasters_row_bot_default cmsmasters_row_boxed\">\n<div class=\"cmsmasters_row_outer_parent\">\n<div class=\"cmsmasters_row_overlay\"><\/div>\n<div class=\"cmsmasters_row_outer\">\n<div class=\"cmsmasters_row_inner\">\n<div class=\"cmsmasters_row_margin\">\n<div id=\"cmsmasters_column_sybg7he2sg\" class=\"cmsmasters_column one_first\">\n<div class=\"cmsmasters_column_inner\"><div id=\"cmsmasters_heading_b3c74b95a0\" class=\"cmsmasters_heading_wrap cmsmasters_heading_align_center pageheadingtitle\">\n\t<h1 class=\"cmsmasters_heading\">Chci se st\u00e1t dobrovoln\u00edkem<\/h1>\n<\/div>\n<\/div><\/div>\n<\/div>\n<\/div>\n<\/div>\n<\/div>\n<\/div>\n<div id=\"cmsmasters_row_ly5ze1hf8e\" class=\"cmsmasters_row cmsmasters_color_scheme_default cmsmasters_row_top_default cmsmasters_row_bot_default cmsmasters_row_boxed\">\n<div class=\"cmsmasters_row_outer_parent\">\n<div class=\"cmsmasters_row_outer\">\n<div class=\"cmsmasters_row_inner\">\n<div class=\"cmsmasters_row_margin\">\n<div id=\"cmsmasters_column_v67ee6nvg7\" class=\"cmsmasters_column one_first\">\n<div class=\"cmsmasters_column_inner\"><div class=\"cmsmasters_text\">\n<p><nav aria-label=\"breadcrumbs\">\n            <div class=\"breadcrumb-container theme1\">\n                <ol>\n                                    <\/ol>\n            <\/div>\n        <\/nav>    <script type=\"application\/ld+json\">\n        {\n            \"@context\": \"http:\/\/schema.org\",\n            \"@type\": \"BreadcrumbList\",\n            \"itemListElement\": [\n                            ]\n        }\n    <\/script>\n   \n    <script>\n            <\/script>\n<\/p>\n<\/div>\n<\/div><\/div>\n<\/div>\n<\/div>\n<\/div>\n<\/div>\n<\/div>\n<div id=\"cmsmasters_row_3f2f8816dd\" class=\"cmsmasters_row cmsmasters_color_scheme_default cmsmasters_row_top_default cmsmasters_row_bot_default cmsmasters_row_boxed\">\n<div class=\"cmsmasters_row_outer_parent\">\n<div class=\"cmsmasters_row_outer\">\n<div class=\"cmsmasters_row_inner\">\n<div class=\"cmsmasters_row_margin\">\n<div id=\"cmsmasters_column_0a1c5940f5\" class=\"cmsmasters_column one_third stickyinfocolumn\">\n<div class=\"cmsmasters_column_inner\"><div id=\"cmsmasters_heading_rva6m2t32d\" class=\"cmsmasters_heading_wrap cmsmasters_heading_align_center\">\n\t<h3 class=\"cmsmasters_heading\">Informace o odd\u011blen\u00ed<\/h3>\n<\/div>\n<div id=\"cmsmasters_divider_dpp34mcdj5\" class=\"cmsmasters_divider cmsmasters_divider_width_short cmsmasters_divider_pos_center\"><\/div>\n<div class=\"cmsmasters_sidebar sidebar_layout_11 sidebar-custom-menu\"><aside id=\"nav_menu-43\" class=\"widget widget_nav_menu\"><div class=\"menu-dobrovolnici-container\"><ul id=\"menu-dobrovolnici\" class=\"menu\"><li id=\"menu-item-23775\" class=\"menu-item menu-item-type-custom menu-item-object-custom menu-item-23775\"><a href=\"\/oddeleni\/centrum-sp-pece\/dobrovolnici\/#popis-oddeleni\" data-ps2id-api=\"true\"><i class=\"fa-solid fa-info\"><\/i> Popis odd\u011blen\u00ed<\/a><\/li>\n<li id=\"menu-item-23776\" class=\"menu-item menu-item-type-custom menu-item-object-custom menu-item-23776\"><a href=\"\/oddeleni\/centrum-sp-pece\/dobrovolnici\/#personalni-obsazeni\" data-ps2id-api=\"true\"><i class=\"fa-solid fa-user-doctor\"><\/i> Koordin\u00e1to\u0159i<\/a><\/li>\n<li id=\"menu-item-23777\" class=\"menu-item menu-item-type-custom menu-item-object-custom menu-item-23777\"><a href=\"\/oddeleni\/centrum-sp-pece\/dobrovolnici\/#nase-aktivity\" data-ps2id-api=\"true\"><i class=\"fa-solid fa-door-open\"><\/i> Na\u0161e aktivity<\/a><\/li>\n<li id=\"menu-item-23778\" class=\"menu-item menu-item-type-custom menu-item-object-custom menu-item-23778\"><a href=\"\/oddeleni\/centrum-sp-pece\/dobrovolnici\/#kontaktni-informace\" data-ps2id-api=\"true\"><i class=\"fa-solid fa-phone\"><\/i> Kontaktn\u00ed informace<\/a><\/li>\n<li id=\"menu-item-23780\" class=\"menu-item menu-item-type-custom menu-item-object-custom menu-item-23780\"><a href=\"\/oddeleni\/centrum-sp-pece\/dobrovolnici\/#fotogalerie\" data-ps2id-api=\"true\"><i class=\"fa-solid fa-camera\"><\/i> Fotogalerie<\/a><\/li>\n<li id=\"menu-item-23781\" class=\"menu-custom-separator menu-item menu-item-type-custom menu-item-object-custom menu-item-23781\"><hr class=\"mhm-menu-separator\"><\/li>\n<li id=\"menu-item-24328\" class=\"static-link menu-item menu-item-type-custom menu-item-object-custom menu-item-24328\"><a href=\"\/oddeleni\/centrum-sp-pece\/dobrovolnici\/aktualni-akce\/\" data-ps2id-api=\"true\"><i class=\"fa-solid fa-bell\"><\/i>Aktu\u00e1ln\u011b prob\u00edh\u00e1<\/a><\/li>\n<li id=\"menu-item-24330\" class=\"static-link menu-item menu-item-type-custom menu-item-object-custom menu-item-24330\"><a href=\"\/oddeleni\/centrum-sp-pece\/dobrovolnici\/chci-byt-dobrovolnikem\/\" data-ps2id-api=\"true\"><i class=\"fa-solid fa-person-circle-question\"><\/i>Chci se st\u00e1t dobrovoln\u00edkem<\/a><\/li>\n<li id=\"menu-item-23782\" class=\"static-link menu-item menu-item-type-custom menu-item-object-custom menu-item-23782\"><a href=\"\/oddeleni\/centrum-sp-pece\/dobrovolnici\/probehle-akce\" data-ps2id-api=\"true\"><i class=\"fa-solid fa-newspaper\"><\/i>Prob\u011bhl\u00e9 akce<\/a><\/li>\n<\/ul><\/div><\/aside><div class=\"cl\"><\/div>\n<\/div>\n<\/div><\/div>\n<div id=\"cmsmasters_column_k7vlyuz4yq\" class=\"cmsmasters_column two_third\">\n<div class=\"cmsmasters_column_inner\"><div class=\"cmsmasters_text scroll-location\">\n<p><a id=\"popis-oddeleni\"><\/a><\/p>\n<\/div>\n<div id=\"cmsmasters_heading_jg8l908gs\" class=\"cmsmasters_heading_wrap cmsmasters_heading_align_left\">\n\t<h2 class=\"cmsmasters_heading\">Chci se st\u00e1t dobrovoln\u00edkem<\/h2>\n<\/div>\n<div id=\"cmsmasters_divider_w0qg654ryr\" class=\"cmsmasters_divider cmsmasters_divider_width_short cmsmasters_divider_pos_left\"><\/div>\n<div class=\"cmsmasters_text\">\n<h5><strong>Dobrovoln\u00edkem se m\u016f\u017ee st\u00e1t ka\u017ed\u00fd, kdo:<\/strong><\/h5>\n<ul>\n<li>je komunikativn\u00ed a vst\u0159\u00edcn\u00fd k lidem a jejich po\u017eadavk\u016fm i n\u00e1lad\u00e1m,<\/li>\n<li>je ochoten \u010d\u00e1st sv\u00e9ho voln\u00e9ho \u010dasu\u00a0 str\u00e1vit ve prosp\u011bch druh\u00fdch,<\/li>\n<li>je star\u0161\u00ed 15 let,<\/li>\n<li>dok\u00e1\u017ee naslouchat a nevad\u00ed mu prost\u0159ed\u00ed nemocnice,<\/li>\n<li>zav\u00e1\u017ee se spolupr\u00e1ci a um\u00ed dr\u017eet slovo,<\/li>\n<li>je ochoten z\u00fa\u010dastnit se vstupn\u00edho \u0161kolen\u00ed a poskytovat pravidelnou zp\u011btnou vazbu.<\/li>\n<\/ul>\n<p>&nbsp;<\/p>\n<h5><strong>Jak na to?<\/strong><\/h5>\n<ul>\n<li>vypl\u0148te dotazn\u00edk &#8211; sou\u010d\u00e1st\u00ed je napsat i kr\u00e1tk\u00fd motiva\u010dn\u00ed dopis a kr\u00e1tk\u00e9 CV &#8211; <strong><a href=\"https:\/\/forms.office.com\/e\/EiXn3btLSi\" target=\"_blank\" rel=\"noopener\">Odkaz na formul\u00e1\u0159 pro z\u00e1jemce<\/a><\/strong><\/li>\n<li>domluvte si s n\u00e1mi vstupn\u00ed pohovor,<\/li>\n<li>poj\u010fte se pod\u00edvat na odd\u011blen\u00ed a \u010dinnost, kter\u00e1 V\u00e1s zaujala, jestli je to pro V\u00e1s to prav\u00e9 o\u0159echov\u00e9,<\/li>\n<li>absolvujete vstupn\u00ed \u0161kolen\u00ed a spole\u010dn\u011b vypln\u00edme smlouvu a &#8230; pak u\u017e hur\u00e1 do toho!<\/li>\n<\/ul>\n<p>&nbsp;<\/p>\n<p><strong>T\u011b\u0161\u00edme se na V\u00e1s!\u00a0 Koordin\u00e1torky dobrovoln\u00edk\u016f Petra a \u017dofie<\/strong><\/p>\n<p>dobrovolnici@nemji.cz,\u00a0 Tel: <a href=\"tel:+420703847244\"><span style=\"text-decoration: underline;\"><strong>+420 703 847 244<\/strong><\/span><\/a><\/p>\n<p><a href=\"\/wp-content\/uploads\/2023\/10\/aktivity.jpg\"><img loading=\"lazy\" decoding=\"async\" class=\"alignleft wp-image-24492\" src=\"\/wp-content\/uploads\/2023\/10\/aktivity.jpg\" alt=\"\" width=\"337\" height=\"477\" srcset=\"\/wp-content\/uploads\/2023\/10\/aktivity.jpg 734w, \/wp-content\/uploads\/2023\/10\/aktivity-212x300.jpg 212w, \/wp-content\/uploads\/2023\/10\/aktivity-724x1024.jpg 724w, \/wp-content\/uploads\/2023\/10\/aktivity-580x820.jpg 580w\" sizes=\"auto, (max-width: 337px) 100vw, 337px\" \/><\/a><\/p>\n<\/div>\n\n<div id=\"cmsmasters_divider_hgdnxm8b9\" class=\"cl\"><\/div>\n<\/div><\/div>\n<\/div>\n<\/div>\n<\/div>\n<\/div>\n<\/div>\n\n","protected":false},"excerpt":{"rendered":"","protected":false},"author":5,"featured_media":24262,"parent":24116,"menu_order":0,"comment_status":"closed","ping_status":"closed","template":"","meta":{"pgc_sgb_lightbox_settings":"","footnotes":"","_links_to":"","_links_to_target":""},"categories":[85],"class_list":["post-23768","page","type-page","status-publish","has-post-thumbnail","hentry","category-page-oddeleni"],"publishpress_future_action":{"enabled":false,"date":"2026-04-17 19:23:03","action":"change-status","newStatus":"draft","terms":[],"taxonomy":"category","extraData":[]},"publishpress_future_workflow_manual_trigger":{"enabledWorkflows":[]},"_links":{"self":[{"href":"https:\/\/webnemji.azurewebsites.net\/en\/wp-json\/wp\/v2\/pages\/23768","targetHints":{"allow":["GET"]}}],"collection":[{"href":"https:\/\/webnemji.azurewebsites.net\/en\/wp-json\/wp\/v2\/pages"}],"about":[{"href":"https:\/\/webnemji.azurewebsites.net\/en\/wp-json\/wp\/v2\/types\/page"}],"author":[{"embeddable":true,"href":"https:\/\/webnemji.azurewebsites.net\/en\/wp-json\/wp\/v2\/users\/5"}],"replies":[{"embeddable":true,"href":"https:\/\/webnemji.azurewebsites.net\/en\/wp-json\/wp\/v2\/comments?post=23768"}],"version-history":[{"count":0,"href":"https:\/\/webnemji.azurewebsites.net\/en\/wp-json\/wp\/v2\/pages\/23768\/revisions"}],"up":[{"embeddable":true,"href":"https:\/\/webnemji.azurewebsites.net\/en\/wp-json\/wp\/v2\/pages\/24116"}],"wp:featuredmedia":[{"embeddable":true,"href":"https:\/\/webnemji.azurewebsites.net\/en\/wp-json\/wp\/v2\/media\/24262"}],"wp:attachment":[{"href":"https:\/\/webnemji.azurewebsites.net\/en\/wp-json\/wp\/v2\/media?parent=23768"}],"wp:term":[{"taxonomy":"category","embeddable":true,"href":"https:\/\/webnemji.azurewebsites.net\/en\/wp-json\/wp\/v2\/categories?post=23768"}],"curies":[{"name":"wp","href":"https:\/\/api.w.org\/{rel}","templated":true}]}}