{"id":23899,"date":"2023-10-24T13:58:28","date_gmt":"2023-10-24T11:58:28","guid":{"rendered":"https:\/\/nemji.rs-kovarik.cz\/?page_id=23899"},"modified":"2025-02-19T07:42:53","modified_gmt":"2025-02-19T06:42:53","slug":"informace-pro-pacienty","status":"publish","type":"page","link":"https:\/\/webnemji.azurewebsites.net\/en\/oddeleni\/hemodialyza\/informace-pro-pacienty\/","title":{"rendered":"Information for patients"},"content":{"rendered":"<div id=\"cmsmasters_row_6iluctg3hk\" class=\"cmsmasters_row cmsmasters_color_scheme_default cmsmasters_row_top_default cmsmasters_row_bot_default cmsmasters_row_boxed\">\n<div class=\"cmsmasters_row_outer_parent\">\n<div class=\"cmsmasters_row_overlay\"><\/div>\n<div class=\"cmsmasters_row_outer\">\n<div class=\"cmsmasters_row_inner\">\n<div class=\"cmsmasters_row_margin\">\n<div id=\"cmsmasters_column_sybg7he2sg\" class=\"cmsmasters_column one_first\">\n<div class=\"cmsmasters_column_inner\"><div id=\"cmsmasters_heading_b3c74b95a0\" class=\"cmsmasters_heading_wrap cmsmasters_heading_align_center pageheadingtitle\">\n\t<h1 class=\"cmsmasters_heading\">Hemodial\u00fdza<\/h1>\n<\/div>\n<\/div><\/div>\n<\/div>\n<\/div>\n<\/div>\n<\/div>\n<\/div>\n<div id=\"cmsmasters_row_ly5ze1hf8e\" class=\"cmsmasters_row cmsmasters_color_scheme_default cmsmasters_row_top_default cmsmasters_row_bot_default cmsmasters_row_boxed\">\n<div class=\"cmsmasters_row_outer_parent\">\n<div class=\"cmsmasters_row_outer\">\n<div class=\"cmsmasters_row_inner\">\n<div class=\"cmsmasters_row_margin\">\n<div id=\"cmsmasters_column_v67ee6nvg7\" class=\"cmsmasters_column one_first\">\n<div class=\"cmsmasters_column_inner\"><div class=\"cmsmasters_text\">\n<p><nav aria-label=\"breadcrumbs\">\n            <div class=\"breadcrumb-container theme1\">\n                <ol>\n                                    <\/ol>\n            <\/div>\n        <\/nav>    <script type=\"application\/ld+json\">\n        {\n            \"@context\": \"http:\/\/schema.org\",\n            \"@type\": \"BreadcrumbList\",\n            \"itemListElement\": [\n                            ]\n        }\n    <\/script>\n   \n    <script>\n            <\/script>\n<\/p>\n<\/div>\n<\/div><\/div>\n<\/div>\n<\/div>\n<\/div>\n<\/div>\n<\/div>\n<div id=\"cmsmasters_row_3f2f8816dd\" class=\"cmsmasters_row cmsmasters_color_scheme_default cmsmasters_row_top_default cmsmasters_row_bot_default cmsmasters_row_boxed\">\n<div class=\"cmsmasters_row_outer_parent\">\n<div class=\"cmsmasters_row_outer\">\n<div class=\"cmsmasters_row_inner\">\n<div class=\"cmsmasters_row_margin\">\n<div id=\"cmsmasters_column_0a1c5940f5\" class=\"cmsmasters_column one_third stickyinfocolumn\">\n<div class=\"cmsmasters_column_inner\"><div id=\"cmsmasters_heading_rva6m2t32d\" class=\"cmsmasters_heading_wrap cmsmasters_heading_align_center\">\n\t<h3 class=\"cmsmasters_heading\">Informace o odd\u011blen\u00ed<\/h3>\n<\/div>\n<div id=\"cmsmasters_divider_dpp34mcdj5\" class=\"cmsmasters_divider cmsmasters_divider_width_short cmsmasters_divider_pos_center\"><\/div>\n<div class=\"cmsmasters_sidebar sidebar_layout_11 sidebar-custom-menu\"><aside id=\"nav_menu-44\" class=\"widget widget_nav_menu\"><div class=\"menu-oddeleni-hds-container\"><ul id=\"menu-oddeleni-hds\" class=\"menu\"><li id=\"menu-item-23885\" class=\"menu-item menu-item-type-custom menu-item-object-custom menu-item-23885\"><a href=\"\/oddeleni\/hemodialyza\/#popis-oddeleni\" data-ps2id-api=\"true\"><i class=\"fa-solid fa-info\"><\/i> Popis odd\u011blen\u00ed<\/a><\/li>\n<li id=\"menu-item-23886\" class=\"menu-item menu-item-type-custom menu-item-object-custom menu-item-23886\"><a href=\"\/oddeleni\/hemodialyza\/#personalni-obsazeni\" data-ps2id-api=\"true\"><i class=\"fa-solid fa-user-doctor\"><\/i> Person\u00e1ln\u00ed obsazen\u00ed<\/a><\/li>\n<li id=\"menu-item-23887\" class=\"menu-item menu-item-type-custom menu-item-object-custom menu-item-23887\"><a href=\"\/oddeleni\/hemodialyza\/#ordinacni-hodiny\" data-ps2id-api=\"true\"><i class=\"fa-regular fa-clock\"><\/i> Ordina\u010dn\u00ed hodiny<\/a><\/li>\n<li id=\"menu-item-23888\" class=\"menu-item menu-item-type-custom menu-item-object-custom menu-item-23888\"><a href=\"\/oddeleni\/hemodialyza\/#kontaktni-informace\" data-ps2id-api=\"true\"><i class=\"fa-solid fa-phone\"><\/i> Kontaktn\u00ed informace<\/a><\/li>\n<li id=\"menu-item-23889\" class=\"menu-item menu-item-type-custom menu-item-object-custom menu-item-23889\"><a href=\"\/oddeleni\/hemodialyza\/#kde-nas-najdete\" data-ps2id-api=\"true\"><i class=\"fa-solid fa-location-dot\"><\/i> Kde n\u00e1s najdete<\/a><\/li>\n<li id=\"menu-item-23890\" class=\"menu-item menu-item-type-custom menu-item-object-custom menu-item-23890\"><a href=\"\/oddeleni\/hemodialyza\/#fotogalerie\" data-ps2id-api=\"true\"><i class=\"fa-solid fa-camera\"><\/i> Fotogalerie<\/a><\/li>\n<li id=\"menu-item-23891\" class=\"menu-custom-separator menu-item menu-item-type-custom menu-item-object-custom menu-item-23891\"><hr class=\"mhm-menu-separator\"><\/li>\n<li id=\"menu-item-23894\" class=\"static-link menu-item menu-item-type-custom menu-item-object-custom menu-item-23894\"><a href=\"\/oddeleni\/hemodialyza\/informace-pro-pacienty\/\" data-ps2id-api=\"true\"><i class=\"fa-regular fa-circle-question\"><\/i> Informace pro pacienty<\/a><\/li>\n<li id=\"menu-item-23898\" class=\"static-link menu-item menu-item-type-custom menu-item-object-custom menu-item-23898\"><a href=\"\/oddeleni\/hemodialyza\/nabizene-sluzby\/\" data-ps2id-api=\"true\"><i class=\"fa-solid fa-hand-holding-medical\"><\/i> Nab\u00edzen\u00e9 slu\u017eby<\/a><\/li>\n<\/ul><\/div><\/aside><div class=\"cl\"><\/div>\n<\/div>\n<\/div><\/div>\n<div id=\"cmsmasters_column_k7vlyuz4yq\" class=\"cmsmasters_column two_third\">\n<div class=\"cmsmasters_column_inner\"><div id=\"cmsmasters_heading_0cx4mcjjyd\" class=\"cmsmasters_heading_wrap cmsmasters_heading_align_left\">\n\t<h2 class=\"cmsmasters_heading\">Informace pro pacienty<\/h2>\n<\/div>\n<div id=\"cmsmasters_divider_kul4awri6m\" class=\"cmsmasters_divider cmsmasters_divider_width_short cmsmasters_divider_pos_left\"><\/div>\n<div class=\"cmsmasters_text\">\n<h5><strong>Spr\u00e1vn\u00e9 o\u0161et\u0159ov\u00e1n\u00ed c\u00e9vn\u00edho p\u0159\u00edstupu = prevence komplikac\u00ed<\/strong><\/h5>\n<ul>\n<li>P\u0159ed ka\u017edou dial\u00fdzou si omyjte kon\u010detinu s AV spojkou m\u00fddlem a vodou!!!!!<\/li>\n<li>Nem\u011b\u0159te si krevn\u00ed tlak na kon\u010detin\u011b s AV spojkou!<\/li>\n<li>Je nutno udr\u017eovat \u010distotu kon\u010detiny s AV spojkou.<\/li>\n<li>Chra\u0148te c\u00e9vn\u00ed p\u0159\u00edstup p\u0159ed poran\u011bn\u00edm \u2013 \u00faderem, pro\u0159\u00edznut\u00edm.<\/li>\n<li>Ne\u0161kr\u00e1bejte si k\u016f\u017ei v okol\u00ed AV spojky \u2013 velk\u00e9 riziko zanesen\u00ed infekce!!!<\/li>\n<li>Na kon\u010detin\u011b s AV spojkou nenoste t\u011bsn\u00e9 n\u00e1ramky, hodinky, oble\u010den\u00ed.<\/li>\n<li>Ve span\u00ed nele\u017ete s kon\u010detinou s c\u00e9vn\u00edm p\u0159\u00edstupem pod hlavou nebo pod trupem.<\/li>\n<li>Nezvedejte t\u011b\u017ek\u00e9 p\u0159edm\u011bty nebo nevystavujte kon\u010detinu tlaku.<\/li>\n<li>Pravideln\u011b si kontrolujte pulsaci AV spojky.<\/li>\n<li>Obvaz nebo n\u00e1plast po dial\u00fdze odstra\u0148te do 6 hodin.<\/li>\n<li>K\u016f\u017ei kolem AV spojky lehce o\u0161et\u0159ujte doporu\u010denou mast\u00ed.<\/li>\n<\/ul>\n<p>&nbsp;<\/p>\n<h5><strong>Aplikace masti Heparoidu na hematomy (mod\u0159iny) v\u00a0okol\u00ed AV spojky:<\/strong><\/h5>\n<ul>\n<li>Naneste tenkou vrstvu masti.<\/li>\n<li>P\u0159es mast p\u0159ilo\u017ete igelit (s\u00e1\u010dek).<\/li>\n<li>Lehce zava\u017ete obinadlem (neza\u0161krtit ruku!!!).<\/li>\n<li>Nechte p\u016fsobit p\u0159es noc.<\/li>\n<li>Opakujte do vymizen\u00ed mod\u0159iny.<\/li>\n<\/ul>\n<p>&nbsp;<\/p>\n<\/div>\n<div class=\"cmsmasters_text download-links-small\">\n<p><a href=\"\/wp-content\/uploads\/2023\/10\/HDS_potraviny_energie.xlsx\">Potraviny s nejlep\u0161\u00edm pom\u011brem Fosfor\/Energie<\/a><\/p>\n<p><a href=\"\/wp-content\/uploads\/2023\/10\/HDS_potraviny_kalium.xlsx\">Obsah kalia (drasl\u00edku) v n\u011bkter\u00fdch potravin\u00e1ch<\/a><\/p>\n<\/div>\n<\/div><\/div>\n<\/div>\n<\/div>\n<\/div>\n<\/div>\n<\/div>\n\n","protected":false},"excerpt":{"rendered":"","protected":false},"author":1,"featured_media":17138,"parent":23862,"menu_order":0,"comment_status":"closed","ping_status":"closed","template":"","meta":{"pgc_sgb_lightbox_settings":"","footnotes":"","_links_to":"","_links_to_target":""},"categories":[85],"class_list":["post-23899","page","type-page","status-publish","has-post-thumbnail","hentry","category-page-oddeleni"],"publishpress_future_action":{"enabled":false,"date":"2026-04-27 10:43:38","action":"change-status","newStatus":"draft","terms":[],"taxonomy":"category","extraData":[]},"publishpress_future_workflow_manual_trigger":{"enabledWorkflows":[]},"_links":{"self":[{"href":"https:\/\/webnemji.azurewebsites.net\/en\/wp-json\/wp\/v2\/pages\/23899","targetHints":{"allow":["GET"]}}],"collection":[{"href":"https:\/\/webnemji.azurewebsites.net\/en\/wp-json\/wp\/v2\/pages"}],"about":[{"href":"https:\/\/webnemji.azurewebsites.net\/en\/wp-json\/wp\/v2\/types\/page"}],"author":[{"embeddable":true,"href":"https:\/\/webnemji.azurewebsites.net\/en\/wp-json\/wp\/v2\/users\/1"}],"replies":[{"embeddable":true,"href":"https:\/\/webnemji.azurewebsites.net\/en\/wp-json\/wp\/v2\/comments?post=23899"}],"version-history":[{"count":0,"href":"https:\/\/webnemji.azurewebsites.net\/en\/wp-json\/wp\/v2\/pages\/23899\/revisions"}],"up":[{"embeddable":true,"href":"https:\/\/webnemji.azurewebsites.net\/en\/wp-json\/wp\/v2\/pages\/23862"}],"wp:featuredmedia":[{"embeddable":true,"href":"https:\/\/webnemji.azurewebsites.net\/en\/wp-json\/wp\/v2\/media\/17138"}],"wp:attachment":[{"href":"https:\/\/webnemji.azurewebsites.net\/en\/wp-json\/wp\/v2\/media?parent=23899"}],"wp:term":[{"taxonomy":"category","embeddable":true,"href":"https:\/\/webnemji.azurewebsites.net\/en\/wp-json\/wp\/v2\/categories?post=23899"}],"curies":[{"name":"wp","href":"https:\/\/api.w.org\/{rel}","templated":true}]}}