{"id":23914,"date":"2023-10-24T14:18:04","date_gmt":"2023-10-24T12:18:04","guid":{"rendered":"https:\/\/nemji.rs-kovarik.cz\/?page_id=23914"},"modified":"2025-02-19T07:36:44","modified_gmt":"2025-02-19T06:36:44","slug":"nabizene-sluzby","status":"publish","type":"page","link":"https:\/\/webnemji.azurewebsites.net\/en\/oddeleni\/hemodialyza\/nabizene-sluzby\/","title":{"rendered":"Offered services"},"content":{"rendered":"<div id=\"cmsmasters_row_6iluctg3hk\" class=\"cmsmasters_row cmsmasters_color_scheme_default cmsmasters_row_top_default cmsmasters_row_bot_default cmsmasters_row_boxed\">\n<div class=\"cmsmasters_row_outer_parent\">\n<div class=\"cmsmasters_row_overlay\"><\/div>\n<div class=\"cmsmasters_row_outer\">\n<div class=\"cmsmasters_row_inner\">\n<div class=\"cmsmasters_row_margin\">\n<div id=\"cmsmasters_column_sybg7he2sg\" class=\"cmsmasters_column one_first\">\n<div class=\"cmsmasters_column_inner\"><div id=\"cmsmasters_heading_b3c74b95a0\" class=\"cmsmasters_heading_wrap cmsmasters_heading_align_center pageheadingtitle\">\n\t<h1 class=\"cmsmasters_heading\">Hemodial\u00fdza<\/h1>\n<\/div>\n<\/div><\/div>\n<\/div>\n<\/div>\n<\/div>\n<\/div>\n<\/div>\n<div id=\"cmsmasters_row_ly5ze1hf8e\" class=\"cmsmasters_row cmsmasters_color_scheme_default cmsmasters_row_top_default cmsmasters_row_bot_default cmsmasters_row_boxed\">\n<div class=\"cmsmasters_row_outer_parent\">\n<div class=\"cmsmasters_row_outer\">\n<div class=\"cmsmasters_row_inner\">\n<div class=\"cmsmasters_row_margin\">\n<div id=\"cmsmasters_column_v67ee6nvg7\" class=\"cmsmasters_column one_first\">\n<div class=\"cmsmasters_column_inner\"><div class=\"cmsmasters_text\">\n<p><nav aria-label=\"breadcrumbs\">\n            <div class=\"breadcrumb-container theme1\">\n                <ol>\n                                    <\/ol>\n            <\/div>\n        <\/nav>    <script type=\"application\/ld+json\">\n        {\n            \"@context\": \"http:\/\/schema.org\",\n            \"@type\": \"BreadcrumbList\",\n            \"itemListElement\": [\n                            ]\n        }\n    <\/script>\n   \n    <script>\n            <\/script>\n<\/p>\n<\/div>\n<\/div><\/div>\n<\/div>\n<\/div>\n<\/div>\n<\/div>\n<\/div>\n<div id=\"cmsmasters_row_3f2f8816dd\" class=\"cmsmasters_row cmsmasters_color_scheme_default cmsmasters_row_top_default cmsmasters_row_bot_default cmsmasters_row_boxed\">\n<div class=\"cmsmasters_row_outer_parent\">\n<div class=\"cmsmasters_row_outer\">\n<div class=\"cmsmasters_row_inner\">\n<div class=\"cmsmasters_row_margin\">\n<div id=\"cmsmasters_column_0a1c5940f5\" class=\"cmsmasters_column one_third stickyinfocolumn\">\n<div class=\"cmsmasters_column_inner\"><div id=\"cmsmasters_heading_rva6m2t32d\" class=\"cmsmasters_heading_wrap cmsmasters_heading_align_center\">\n\t<h3 class=\"cmsmasters_heading\">Informace o odd\u011blen\u00ed<\/h3>\n<\/div>\n<div id=\"cmsmasters_divider_dpp34mcdj5\" class=\"cmsmasters_divider cmsmasters_divider_width_short cmsmasters_divider_pos_center\"><\/div>\n<div class=\"cmsmasters_sidebar sidebar_layout_11 sidebar-custom-menu\"><aside id=\"nav_menu-44\" class=\"widget widget_nav_menu\"><div class=\"menu-oddeleni-hds-container\"><ul id=\"menu-oddeleni-hds\" class=\"menu\"><li id=\"menu-item-23885\" class=\"menu-item menu-item-type-custom menu-item-object-custom menu-item-23885\"><a href=\"\/oddeleni\/hemodialyza\/#popis-oddeleni\" data-ps2id-api=\"true\"><i class=\"fa-solid fa-info\"><\/i> Popis odd\u011blen\u00ed<\/a><\/li>\n<li id=\"menu-item-23886\" class=\"menu-item menu-item-type-custom menu-item-object-custom menu-item-23886\"><a href=\"\/oddeleni\/hemodialyza\/#personalni-obsazeni\" data-ps2id-api=\"true\"><i class=\"fa-solid fa-user-doctor\"><\/i> Person\u00e1ln\u00ed obsazen\u00ed<\/a><\/li>\n<li id=\"menu-item-23887\" class=\"menu-item menu-item-type-custom menu-item-object-custom menu-item-23887\"><a href=\"\/oddeleni\/hemodialyza\/#ordinacni-hodiny\" data-ps2id-api=\"true\"><i class=\"fa-regular fa-clock\"><\/i> Ordina\u010dn\u00ed hodiny<\/a><\/li>\n<li id=\"menu-item-23888\" class=\"menu-item menu-item-type-custom menu-item-object-custom menu-item-23888\"><a href=\"\/oddeleni\/hemodialyza\/#kontaktni-informace\" data-ps2id-api=\"true\"><i class=\"fa-solid fa-phone\"><\/i> Kontaktn\u00ed informace<\/a><\/li>\n<li id=\"menu-item-23889\" class=\"menu-item menu-item-type-custom menu-item-object-custom menu-item-23889\"><a href=\"\/oddeleni\/hemodialyza\/#kde-nas-najdete\" data-ps2id-api=\"true\"><i class=\"fa-solid fa-location-dot\"><\/i> Kde n\u00e1s najdete<\/a><\/li>\n<li id=\"menu-item-23890\" class=\"menu-item menu-item-type-custom menu-item-object-custom menu-item-23890\"><a href=\"\/oddeleni\/hemodialyza\/#fotogalerie\" data-ps2id-api=\"true\"><i class=\"fa-solid fa-camera\"><\/i> Fotogalerie<\/a><\/li>\n<li id=\"menu-item-23891\" class=\"menu-custom-separator menu-item menu-item-type-custom menu-item-object-custom menu-item-23891\"><hr class=\"mhm-menu-separator\"><\/li>\n<li id=\"menu-item-23894\" class=\"static-link menu-item menu-item-type-custom menu-item-object-custom menu-item-23894\"><a href=\"\/oddeleni\/hemodialyza\/informace-pro-pacienty\/\" data-ps2id-api=\"true\"><i class=\"fa-regular fa-circle-question\"><\/i> Informace pro pacienty<\/a><\/li>\n<li id=\"menu-item-23898\" class=\"static-link menu-item menu-item-type-custom menu-item-object-custom menu-item-23898\"><a href=\"\/oddeleni\/hemodialyza\/nabizene-sluzby\/\" data-ps2id-api=\"true\"><i class=\"fa-solid fa-hand-holding-medical\"><\/i> Nab\u00edzen\u00e9 slu\u017eby<\/a><\/li>\n<\/ul><\/div><\/aside><div class=\"cl\"><\/div>\n<\/div>\n<\/div><\/div>\n<div id=\"cmsmasters_column_k7vlyuz4yq\" class=\"cmsmasters_column two_third\">\n<div class=\"cmsmasters_column_inner\"><div id=\"cmsmasters_heading_0cx4mcjjyd\" class=\"cmsmasters_heading_wrap cmsmasters_heading_align_left\">\n\t<h2 class=\"cmsmasters_heading\">Nab\u00edzen\u00e9 slu\u017eby<\/h2>\n<\/div>\n<div id=\"cmsmasters_divider_kul4awri6m\" class=\"cmsmasters_divider cmsmasters_divider_width_short cmsmasters_divider_pos_left\"><\/div>\n<div class=\"cmsmasters_text\">\n<ul>\n<li>N\u00e1hradu funkce ledvin p\u0159i akutn\u00edm a chronick\u00e9m selh\u00e1n\u00ed ledvin.<\/li>\n<li>Zaji\u0161t\u011bn\u00ed dialyza\u010dn\u00ed arterioven\u00f3zn\u00ed spojky nativn\u00ed, pop\u0159. um\u011bl\u00e9 (Goretex) c\u00e9vn\u00edm chirurgem na zdej\u0161\u00edm chirurgick\u00e9m odd\u011blen\u00ed ev. u komplikovan\u00fdch pacient\u016f a vy\u0161\u0161\u00edm pracovi\u0161ti (VFN Praha).<\/li>\n<li>Mo\u017enost zaveden\u00ed do\u010dasn\u00e9ho centr\u00e1ln\u00edho \u017eiln\u00edho p\u0159\u00edstupu do jugul\u00e1rn\u00ed \u017e\u00edly, pop\u0159. \u017e\u00edly podkli\u010dkov\u00e9 nebo stehenn\u00ed.<\/li>\n<li>Mo\u017enost zaveden\u00ed dlouhodob\u00e9ho centr\u00e1ln\u00edho \u017eiln\u00edho p\u0159\u00edstupu (permanentn\u00ed dialyza\u010dn\u00ed kanyly do jugul\u00e1rn\u00ed \u017e\u00edly).<\/li>\n<li>Vyu\u017e\u00edv\u00e1n\u00ed modulu BTM (m\u011b\u0159en\u00ed pr\u016ftoku c\u00e9vn\u00edm p\u0159\u00edstupem), BVM (aktivn\u00ed \u0159\u00edzen\u00ed ultrafiltrace tekutin b\u011bhem procedury), m\u011b\u0159en\u00ed slo\u017een\u00ed t\u011bln\u00edch tekutin metodou bioimpedance (BCM).<\/li>\n<li>Proveden\u00ed angiografie \/fistulografie AV spojky na zdej\u0161\u00edm RDO pracovi\u0161ti, proveden\u00ed PTA (plastiky) p\u0159i pr\u016fkazu sten\u00f3zy, pop\u0159. zaji\u0161t\u011bn\u00ed intervence na specializovan\u00e9m pracovi\u0161ti.<\/li>\n<li>Mo\u017enost za\u0159azen\u00ed do transplanta\u010dn\u00edho programu.<\/li>\n<li>Pravideln\u00e9 m\u011bs\u00ed\u010dn\u00ed laboratorn\u00ed zhodnocen\u00ed stavu pacient\u016f.<\/li>\n<li>Edukace pacient\u016f ohledn\u011b dialyza\u010dn\u00ed diety a re\u017eimov\u00fdch opat\u0159en\u00ed.<\/li>\n<li>P\u00e9\u010de \u00fastavn\u00edho psychologa.<\/li>\n<li>Konzili\u00e1rn\u00ed \u010dinnost pro nemocnici i priv\u00e1tn\u00ed l\u00e9ka\u0159e.<\/li>\n<li>Mo\u017enost p\u0159echodn\u00e9ho za\u0159azen\u00ed do dialyza\u010dn\u00edho programu (rekrea\u010dn\u00ed dial\u00fdza).<\/li>\n<li>Kooperace s okoln\u00edmi dialyza\u010dn\u00edmi st\u0159edisky.<\/li>\n<li>Zprost\u0159edkov\u00e1v\u00e1me za\u0161kolen\u00ed k prov\u00e1d\u011bn\u00ed dom\u00e1c\u00ed dial\u00fdzy.<\/li>\n<\/ul>\n<p>&nbsp;<\/p>\n<h5><strong>Spolupracujeme s n\u00e1sleduj\u00edc\u00edmi klinick\u00fdmi pracovi\u0161ti:<\/strong><\/h5>\n<ul>\n<li>IKEM Praha Transplantcentrum \u2013 Klinika nefrologie, Klinika transplanta\u010dn\u00ed chirurigie, Klinika diabetologie.<\/li>\n<li>Nefrologick\u00e1 klinika 1.LF UK a VFN\u00a0 Praha.<\/li>\n<li>I. Chirurgick\u00e1 kardiovaskul\u00e1rn\u00ed\u00a0 klinika 1.LF UK a VFN Praha.<\/li>\n<li>HDS Strahov.<\/li>\n<li>Angiocentrum a.s. P\u0159\u00edbram.<\/li>\n<li>Angiocentrum a.s. Kol\u00edn.<\/li>\n<\/ul>\n<\/div>\n<\/div><\/div>\n<\/div>\n<\/div>\n<\/div>\n<\/div>\n<\/div>\n\n","protected":false},"excerpt":{"rendered":"","protected":false},"author":1,"featured_media":17138,"parent":23862,"menu_order":0,"comment_status":"closed","ping_status":"closed","template":"","meta":{"pgc_sgb_lightbox_settings":"","footnotes":"","_links_to":"","_links_to_target":""},"categories":[85],"class_list":["post-23914","page","type-page","status-publish","has-post-thumbnail","hentry","category-page-oddeleni"],"publishpress_future_action":{"enabled":false,"date":"2026-04-27 13:14:54","action":"change-status","newStatus":"draft","terms":[],"taxonomy":"category","extraData":[]},"publishpress_future_workflow_manual_trigger":{"enabledWorkflows":[]},"_links":{"self":[{"href":"https:\/\/webnemji.azurewebsites.net\/en\/wp-json\/wp\/v2\/pages\/23914","targetHints":{"allow":["GET"]}}],"collection":[{"href":"https:\/\/webnemji.azurewebsites.net\/en\/wp-json\/wp\/v2\/pages"}],"about":[{"href":"https:\/\/webnemji.azurewebsites.net\/en\/wp-json\/wp\/v2\/types\/page"}],"author":[{"embeddable":true,"href":"https:\/\/webnemji.azurewebsites.net\/en\/wp-json\/wp\/v2\/users\/1"}],"replies":[{"embeddable":true,"href":"https:\/\/webnemji.azurewebsites.net\/en\/wp-json\/wp\/v2\/comments?post=23914"}],"version-history":[{"count":0,"href":"https:\/\/webnemji.azurewebsites.net\/en\/wp-json\/wp\/v2\/pages\/23914\/revisions"}],"up":[{"embeddable":true,"href":"https:\/\/webnemji.azurewebsites.net\/en\/wp-json\/wp\/v2\/pages\/23862"}],"wp:featuredmedia":[{"embeddable":true,"href":"https:\/\/webnemji.azurewebsites.net\/en\/wp-json\/wp\/v2\/media\/17138"}],"wp:attachment":[{"href":"https:\/\/webnemji.azurewebsites.net\/en\/wp-json\/wp\/v2\/media?parent=23914"}],"wp:term":[{"taxonomy":"category","embeddable":true,"href":"https:\/\/webnemji.azurewebsites.net\/en\/wp-json\/wp\/v2\/categories?post=23914"}],"curies":[{"name":"wp","href":"https:\/\/api.w.org\/{rel}","templated":true}]}}