{"id":24157,"date":"2023-10-25T10:16:26","date_gmt":"2023-10-25T08:16:26","guid":{"rendered":"https:\/\/nemji.rs-kovarik.cz\/?page_id=24157"},"modified":"2023-10-30T08:36:39","modified_gmt":"2023-10-30T07:36:39","slug":"luzkova-cast","status":"publish","type":"page","link":"https:\/\/webnemji.azurewebsites.net\/en\/oddeleni\/onkologicke-oddeleni\/luzkova-cast\/","title":{"rendered":"Inpatient department"},"content":{"rendered":"<div id=\"cmsmasters_row_6iluctg3hk\" class=\"cmsmasters_row cmsmasters_color_scheme_default cmsmasters_row_top_default cmsmasters_row_bot_default cmsmasters_row_boxed\">\n<div class=\"cmsmasters_row_outer_parent\">\n<div class=\"cmsmasters_row_overlay\"><\/div>\n<div class=\"cmsmasters_row_outer\">\n<div class=\"cmsmasters_row_inner\">\n<div class=\"cmsmasters_row_margin\">\n<div id=\"cmsmasters_column_sybg7he2sg\" class=\"cmsmasters_column one_first\">\n<div class=\"cmsmasters_column_inner\"><div id=\"cmsmasters_heading_b3c74b95a0\" class=\"cmsmasters_heading_wrap cmsmasters_heading_align_center pageheadingtitle\">\n\t<h1 class=\"cmsmasters_heading\">Onkologick\u00e9 odd\u011blen\u00ed<\/h1>\n<\/div>\n<\/div><\/div>\n<\/div>\n<\/div>\n<\/div>\n<\/div>\n<\/div>\n<div id=\"cmsmasters_row_ly5ze1hf8e\" class=\"cmsmasters_row cmsmasters_color_scheme_default cmsmasters_row_top_default cmsmasters_row_bot_default cmsmasters_row_boxed\">\n<div class=\"cmsmasters_row_outer_parent\">\n<div class=\"cmsmasters_row_outer\">\n<div class=\"cmsmasters_row_inner\">\n<div class=\"cmsmasters_row_margin\">\n<div id=\"cmsmasters_column_v67ee6nvg7\" class=\"cmsmasters_column one_first\">\n<div class=\"cmsmasters_column_inner\"><div class=\"cmsmasters_text\">\n<p><nav aria-label=\"breadcrumbs\">\n            <div class=\"breadcrumb-container theme1\">\n                <ol>\n                                    <\/ol>\n            <\/div>\n        <\/nav>    <script type=\"application\/ld+json\">\n        {\n            \"@context\": \"http:\/\/schema.org\",\n            \"@type\": \"BreadcrumbList\",\n            \"itemListElement\": [\n                            ]\n        }\n    <\/script>\n   \n    <script>\n            <\/script>\n<\/p>\n<\/div>\n<\/div><\/div>\n<\/div>\n<\/div>\n<\/div>\n<\/div>\n<\/div>\n<div id=\"cmsmasters_row_3f2f8816dd\" class=\"cmsmasters_row cmsmasters_color_scheme_default cmsmasters_row_top_default cmsmasters_row_bot_default cmsmasters_row_boxed\">\n<div class=\"cmsmasters_row_outer_parent\">\n<div class=\"cmsmasters_row_outer\">\n<div class=\"cmsmasters_row_inner\">\n<div class=\"cmsmasters_row_margin\">\n<div id=\"cmsmasters_column_0a1c5940f5\" class=\"cmsmasters_column one_third stickyinfocolumn\">\n<div class=\"cmsmasters_column_inner\"><div id=\"cmsmasters_heading_rva6m2t32d\" class=\"cmsmasters_heading_wrap cmsmasters_heading_align_center\">\n\t<h3 class=\"cmsmasters_heading\">Informace o odd\u011blen\u00ed<\/h3>\n<\/div>\n<div id=\"cmsmasters_divider_dpp34mcdj5\" class=\"cmsmasters_divider cmsmasters_divider_width_short cmsmasters_divider_pos_center\"><\/div>\n<div class=\"cmsmasters_sidebar sidebar_layout_11 sidebar-custom-menu\"><aside id=\"nav_menu-27\" class=\"widget widget_nav_menu\"><div class=\"menu-oddeleni-onkologie-container\"><ul id=\"menu-oddeleni-onkologie\" class=\"menu\"><li id=\"menu-item-21990\" class=\"menu-item menu-item-type-custom menu-item-object-custom menu-item-21990\"><a href=\"\/oddeleni\/onkologicke-oddeleni\/#popis-oddeleni\" data-ps2id-api=\"true\"><i class=\"fa-solid fa-info\"><\/i> Popis odd\u011blen\u00ed<\/a><\/li>\n<li id=\"menu-item-21991\" class=\"menu-item menu-item-type-custom menu-item-object-custom menu-item-21991\"><a href=\"\/oddeleni\/onkologicke-oddeleni\/#personalni-obsazeni\" data-ps2id-api=\"true\"><i class=\"fa-solid fa-user-doctor\"><\/i> Person\u00e1ln\u00ed obsazen\u00ed<\/a><\/li>\n<li id=\"menu-item-21992\" class=\"menu-item menu-item-type-custom menu-item-object-custom menu-item-21992\"><a href=\"\/oddeleni\/onkologicke-oddeleni\/#ordinacni-hodiny\" data-ps2id-api=\"true\"><i class=\"fa-regular fa-clock\"><\/i> Ordina\u010dn\u00ed hodiny<\/a><\/li>\n<li id=\"menu-item-21993\" class=\"menu-item menu-item-type-custom menu-item-object-custom menu-item-21993\"><a href=\"\/oddeleni\/onkologicke-oddeleni\/#kontaktni-informace\" data-ps2id-api=\"true\"><i class=\"fa-solid fa-phone\"><\/i> Kontaktn\u00ed informace<\/a><\/li>\n<li id=\"menu-item-21994\" class=\"menu-item menu-item-type-custom menu-item-object-custom menu-item-21994\"><a href=\"\/oddeleni\/onkologicke-oddeleni\/#kde-nas-najdete\" data-ps2id-api=\"true\"><i class=\"fa-solid fa-location-dot\"><\/i> Kde n\u00e1s najdete<\/a><\/li>\n<li id=\"menu-item-21995\" class=\"menu-item menu-item-type-custom menu-item-object-custom menu-item-21995\"><a href=\"\/oddeleni\/onkologicke-oddeleni\/#fotogalerie\" data-ps2id-api=\"true\"><i class=\"fa-solid fa-camera\"><\/i> Fotogalerie<\/a><\/li>\n<li id=\"menu-item-21996\" class=\"menu-custom-separator menu-item menu-item-type-custom menu-item-object-custom menu-item-21996\"><hr class=\"mhm-menu-separator\"><\/li>\n<li id=\"menu-item-28403\" class=\"static-link menu-item menu-item-type-custom menu-item-object-custom menu-item-28403\"><a href=\"\/oddeleni\/onkologicke-oddeleni\/onkologicke-ambulance\/\" data-ps2id-api=\"true\"><i class=\"fa-solid fa-house-medical\"><\/i>Ambulance<\/a><\/li>\n<li id=\"menu-item-22052\" class=\"static-link menu-item menu-item-type-custom menu-item-object-custom menu-item-22052\"><a href=\"\/oddeleni\/onkologicke-oddeleni\/spektrum-pece\/\" data-ps2id-api=\"true\"><i class=\"fa-solid fa-stethoscope\"><\/i> Spektrum p\u00e9\u010de<\/a><\/li>\n<li id=\"menu-item-21998\" class=\"static-link menu-item menu-item-type-custom menu-item-object-custom menu-item-21998\"><a href=\"\/oddeleni\/onkologicke-oddeleni\/luzkova-cast\/\" data-ps2id-api=\"true\"><i class=\"fa-solid fa-bed-pulse\"><\/i> L\u016f\u017ekov\u00e1 \u010d\u00e1st<\/a><\/li>\n<li id=\"menu-item-35398\" class=\"static-link menu-item menu-item-type-custom menu-item-object-custom menu-item-35398\"><a href=\"\/oddeleni\/onkologicke-oddeleni\/kooperujici-onkologicke-centrum\/\" data-ps2id-api=\"true\"><i class=\"fa-solid fa-arrows-to-dot\"><\/i>Komplexn\u00ed onkologick\u00e9 centrum<\/a><\/li>\n<li id=\"menu-item-35616\" class=\"static-link menu-item menu-item-type-custom menu-item-object-custom menu-item-35616\"><a href=\"\/oddeleni\/onkologicke-oddeleni\/pacientska-rada\/\" data-ps2id-api=\"true\"><i class=\"fa-solid fa-users\"><\/i> Pacientsk\u00e1 rada<\/a><\/li>\n<li id=\"menu-item-22057\" class=\"static-link menu-item menu-item-type-custom menu-item-object-custom menu-item-22057\"><a href=\"\/oddeleni\/onkologicke-oddeleni\/kooperujici-onkologicka-skupina-kraje-vysocina\/\" data-ps2id-api=\"true\"><i class=\"fa-solid fa-people-group\"><\/i> Kooperuj\u00edc\u00ed onkologick\u00e1 skupina Kraje Vyso\u010dina<\/a><\/li>\n<li id=\"menu-item-35181\" class=\"static-link menu-item menu-item-type-custom menu-item-object-custom menu-item-35181\"><a href=\"\/oddeleni\/onkologicke-oddeleni\/onko-koo\/\" data-ps2id-api=\"true\"><i class=\"fa-solid fa-hand-holding-heart\"><\/i> Koordin\u00e1to\u0159i onkologick\u00e9 p\u00e9\u010de<\/a><\/li>\n<li id=\"menu-item-28218\" class=\"menu-item menu-item-type-custom menu-item-object-custom menu-item-28218\"><a href=\"\/oddeleni\/onkologicke-oddeleni\/historie-onk\/\" data-ps2id-api=\"true\"><i class=\"fa-solid fa-ribbon\"><\/i>Historie Onkologick\u00e9ho odd\u011blen\u00ed<\/a><\/li>\n<\/ul><\/div><\/aside><div class=\"cl\"><\/div>\n<\/div>\n<\/div><\/div>\n<div id=\"cmsmasters_column_k7vlyuz4yq\" class=\"cmsmasters_column two_third\">\n<div class=\"cmsmasters_column_inner\"><div id=\"cmsmasters_heading_0cx4mcjjyd\" class=\"cmsmasters_heading_wrap cmsmasters_heading_align_left\">\n\t<h2 class=\"cmsmasters_heading\">L\u016f\u017ekov\u00e1 \u010d\u00e1st<\/h2>\n<\/div>\n<div id=\"cmsmasters_divider_kul4awri6m\" class=\"cmsmasters_divider cmsmasters_divider_width_short cmsmasters_divider_pos_left\"><\/div>\n<div class=\"cmsmasters_text\">\n<style type=\"text\/css\"><\/style><section id='' \n                class='helpie-faq accordions groupSettings-333__enabled' \n                data-collection='' \n                data-pagination='0' \n                data-search='0' \n                data-pagination-enabled='0'\n                role='region'\n                aria-label='FAQ Section'\n                aria-live='polite'><form class=\"search\" onSubmit=\"return false;\"><div class=\"search__wrapper\"><input type=\"text\" class=\"search__input\" aria-label=\"Search\" role=\"searchbox\" placeholder=\"Vyhledat\"><span class=\"search__icon\"><svg class=\"svg-icon--search\" role=\"img\" xmlns=\"http:\/\/www.w3.org\/2000\/svg\" viewBox=\"0 0 22 22\">\r\n                        <g fill=\"none\" stroke=\"#171717\">\r\n                            <path stroke-linecap=\"square\" stroke-width=\"2\" d=\"M18.5 18.3l-5.4-5.4\"\/>\r\n                            <circle cx=\"8\" cy=\"8\" r=\"7\" stroke-width=\"2\"\/>\r\n                        <\/g>\r\n                    <\/svg><\/span><\/div><div class=\"search__message\"><\/div><\/form><article class=\"accordion \"><div class='helpie-faq-row'><div class='helpie-faq-col helpie-faq-col-12' ><ul><li class=\"accordion__item \"><div class=\"accordion__header \" \r\n                id=\"accordion-header-post-24159\"\r\n                role=\"button\"\r\n                aria-expanded=\"false\"\r\n                aria-controls=\"accordion-content-post-24159\"\r\n                data-id=\"post-24159\" \r\n                data-item=\"hfaq-post-24159\" \r\n                style=\"background:transparent;\" \r\n                data-tags=\"\"\r\n                tabindex=\"0\"><div class=\"accordion__title\">L\u016f\u017ekov\u00e1 \u010d\u00e1st<\/div><\/div><div id=\"accordion-content-post-24159\" \r\n                class=\"accordion__body\" \r\n                role=\"region\"\r\n                aria-labelledby=\"accordion-header-post-24159\"\r\n                style=\"background:transparent;\"><p>L\u016f\u017ekov\u00e1 \u010d\u00e1st m\u00e1 35 l\u016f\u017eek standardn\u00edch (pokoje jsou po 2 &#8211; 3 l\u016f\u017ek\u00e1ch s vlastn\u00edm soci\u00e1ln\u00edm za\u0159\u00edzen\u00edm) a je spole\u010dn\u00e1 pro nemocn\u00e9 l\u00e9\u010den\u00e9 chemo- i radioterapi\u00ed. L\u016f\u017ekov\u00e1 \u010d\u00e1st je zaji\u0161t\u011bna nep\u0159etr\u017eitou l\u00e9ka\u0159skou slu\u017ebou. V r\u00e1mci nov\u011b vybudovan\u00e9ho pavilonu urgentn\u00ed medic\u00edny jsou vy\u010dlen\u011bna 2 l\u016f\u017eka intenzivn\u00ed p\u00e9\u010de pro onkologick\u00e9 pacienty k l\u00e9\u010db\u011b p\u0159\u00edpadn\u00fdch komplikac\u00ed (zejm\u00e9na ob\u011bhov\u00fdch a infek\u010dn\u00edch)\u00a0 modern\u00ed chemoterapie.<\/p>\n<\/div><\/li><\/ul><\/div><\/div><\/article><\/section>\n<\/div>\n<\/div><\/div>\n<\/div>\n<\/div>\n<\/div>\n<\/div>\n<\/div>\n\n","protected":false},"excerpt":{"rendered":"","protected":false},"author":1,"featured_media":17130,"parent":21973,"menu_order":0,"comment_status":"closed","ping_status":"closed","template":"","meta":{"pgc_sgb_lightbox_settings":"","footnotes":"","_links_to":"","_links_to_target":""},"categories":[85],"class_list":["post-24157","page","type-page","status-publish","has-post-thumbnail","hentry","category-page-oddeleni"],"publishpress_future_action":{"enabled":false,"date":"2026-04-20 00:26:03","action":"change-status","newStatus":"draft","terms":[],"taxonomy":"category","extraData":[]},"publishpress_future_workflow_manual_trigger":{"enabledWorkflows":[]},"_links":{"self":[{"href":"https:\/\/webnemji.azurewebsites.net\/en\/wp-json\/wp\/v2\/pages\/24157","targetHints":{"allow":["GET"]}}],"collection":[{"href":"https:\/\/webnemji.azurewebsites.net\/en\/wp-json\/wp\/v2\/pages"}],"about":[{"href":"https:\/\/webnemji.azurewebsites.net\/en\/wp-json\/wp\/v2\/types\/page"}],"author":[{"embeddable":true,"href":"https:\/\/webnemji.azurewebsites.net\/en\/wp-json\/wp\/v2\/users\/1"}],"replies":[{"embeddable":true,"href":"https:\/\/webnemji.azurewebsites.net\/en\/wp-json\/wp\/v2\/comments?post=24157"}],"version-history":[{"count":0,"href":"https:\/\/webnemji.azurewebsites.net\/en\/wp-json\/wp\/v2\/pages\/24157\/revisions"}],"up":[{"embeddable":true,"href":"https:\/\/webnemji.azurewebsites.net\/en\/wp-json\/wp\/v2\/pages\/21973"}],"wp:featuredmedia":[{"embeddable":true,"href":"https:\/\/webnemji.azurewebsites.net\/en\/wp-json\/wp\/v2\/media\/17130"}],"wp:attachment":[{"href":"https:\/\/webnemji.azurewebsites.net\/en\/wp-json\/wp\/v2\/media?parent=24157"}],"wp:term":[{"taxonomy":"category","embeddable":true,"href":"https:\/\/webnemji.azurewebsites.net\/en\/wp-json\/wp\/v2\/categories?post=24157"}],"curies":[{"name":"wp","href":"https:\/\/api.w.org\/{rel}","templated":true}]}}