{"id":24401,"date":"2023-10-25T14:59:17","date_gmt":"2023-10-25T12:59:17","guid":{"rendered":"https:\/\/nemji.rs-kovarik.cz\/?page_id=24401"},"modified":"2023-11-14T14:15:53","modified_gmt":"2023-11-14T13:15:53","slug":"geriatricka-ambulance","status":"publish","type":"page","link":"https:\/\/webnemji.azurewebsites.net\/en\/oddeleni\/oddeleni-geriatrie\/geriatricka-ambulance\/","title":{"rendered":"Geriatric clinic"},"content":{"rendered":"<div id=\"cmsmasters_row_6iluctg3hk\" class=\"cmsmasters_row cmsmasters_color_scheme_default cmsmasters_row_top_default cmsmasters_row_bot_default cmsmasters_row_boxed\">\n<div class=\"cmsmasters_row_outer_parent\">\n<div class=\"cmsmasters_row_overlay\"><\/div>\n<div class=\"cmsmasters_row_outer\">\n<div class=\"cmsmasters_row_inner\">\n<div class=\"cmsmasters_row_margin\">\n<div id=\"cmsmasters_column_sybg7he2sg\" class=\"cmsmasters_column one_first\">\n<div class=\"cmsmasters_column_inner\"><div id=\"cmsmasters_heading_b3c74b95a0\" class=\"cmsmasters_heading_wrap cmsmasters_heading_align_center pageheadingtitle\">\n\t<h1 class=\"cmsmasters_heading\">Geriatrick\u00e1 ambulance<\/h1>\n<\/div>\n<\/div><\/div>\n<\/div>\n<\/div>\n<\/div>\n<\/div>\n<\/div>\n<div id=\"cmsmasters_row_ly5ze1hf8e\" class=\"cmsmasters_row cmsmasters_color_scheme_default cmsmasters_row_top_default cmsmasters_row_bot_default cmsmasters_row_boxed\">\n<div class=\"cmsmasters_row_outer_parent\">\n<div class=\"cmsmasters_row_outer\">\n<div class=\"cmsmasters_row_inner\">\n<div class=\"cmsmasters_row_margin\">\n<div id=\"cmsmasters_column_v67ee6nvg7\" class=\"cmsmasters_column one_first\">\n<div class=\"cmsmasters_column_inner\"><div class=\"cmsmasters_text\">\n<p><nav aria-label=\"breadcrumbs\">\n            <div class=\"breadcrumb-container theme1\">\n                <ol>\n                                    <\/ol>\n            <\/div>\n        <\/nav>    <script type=\"application\/ld+json\">\n        {\n            \"@context\": \"http:\/\/schema.org\",\n            \"@type\": \"BreadcrumbList\",\n            \"itemListElement\": [\n                            ]\n        }\n    <\/script>\n   \n    <script>\n            <\/script>\n<\/p>\n<\/div>\n<\/div><\/div>\n<\/div>\n<\/div>\n<\/div>\n<\/div>\n<\/div>\n<div id=\"cmsmasters_row_3f2f8816dd\" class=\"cmsmasters_row cmsmasters_color_scheme_default cmsmasters_row_top_default cmsmasters_row_bot_default cmsmasters_row_boxed\">\n<div class=\"cmsmasters_row_outer_parent\">\n<div class=\"cmsmasters_row_outer\">\n<div class=\"cmsmasters_row_inner\">\n<div class=\"cmsmasters_row_margin\">\n<div id=\"cmsmasters_column_0a1c5940f5\" class=\"cmsmasters_column one_third stickyinfocolumn\">\n<div class=\"cmsmasters_column_inner\"><div id=\"cmsmasters_heading_rva6m2t32d\" class=\"cmsmasters_heading_wrap cmsmasters_heading_align_center\">\n\t<h3 class=\"cmsmasters_heading\">Informace o odd\u011blen\u00ed<\/h3>\n<\/div>\n<div id=\"cmsmasters_divider_dpp34mcdj5\" class=\"cmsmasters_divider cmsmasters_divider_width_short cmsmasters_divider_pos_center\"><\/div>\n<div class=\"cmsmasters_sidebar sidebar_layout_11 sidebar-custom-menu\"><aside id=\"nav_menu-20\" class=\"widget widget_nav_menu\"><div class=\"menu-oddeleni-geriatrie-container\"><ul id=\"menu-oddeleni-geriatrie\" class=\"menu\"><li id=\"menu-item-19835\" class=\"menu-item menu-item-type-custom menu-item-object-custom menu-item-19835\"><a href=\"\/oddeleni\/oddeleni-geriatrie\/#popis-oddeleni\" data-ps2id-api=\"true\"><i class=\"fa-solid fa-info\"><\/i> Popis odd\u011blen\u00ed<\/a><\/li>\n<li id=\"menu-item-19836\" class=\"menu-item menu-item-type-custom menu-item-object-custom menu-item-19836\"><a href=\"\/oddeleni\/oddeleni-geriatrie\/#personalni-obsazeni\" data-ps2id-api=\"true\"><i class=\"fa-solid fa-user-doctor\"><\/i> Person\u00e1ln\u00ed obsazen\u00ed<\/a><\/li>\n<li id=\"menu-item-20060\" class=\"menu-item menu-item-type-custom menu-item-object-custom menu-item-20060\"><a href=\"\/oddeleni\/oddeleni-geriatrie\/#navstevni-hodiny\" data-ps2id-api=\"true\"><i class=\"fa-solid fa-door-open\"><\/i> N\u00e1v\u0161t\u011bvn\u00ed hodiny<\/a><\/li>\n<li id=\"menu-item-19838\" class=\"menu-item menu-item-type-custom menu-item-object-custom menu-item-19838\"><a href=\"\/oddeleni\/oddeleni-geriatrie\/#kontaktni-informace\" data-ps2id-api=\"true\"><i class=\"fa-solid fa-phone\"><\/i> Kontaktn\u00ed informace<\/a><\/li>\n<li id=\"menu-item-19839\" class=\"menu-item menu-item-type-custom menu-item-object-custom menu-item-19839\"><a href=\"\/oddeleni\/oddeleni-geriatrie\/#kde-nas-najdete\" data-ps2id-api=\"true\"><i class=\"fa-solid fa-location-dot\"><\/i> Kde n\u00e1s najdete<\/a><\/li>\n<li id=\"menu-item-19840\" class=\"menu-item menu-item-type-custom menu-item-object-custom menu-item-19840\"><a href=\"\/oddeleni\/oddeleni-geriatrie\/#fotogalerie\" data-ps2id-api=\"true\"><i class=\"fa-solid fa-camera\"><\/i> Fotogalerie<\/a><\/li>\n<li id=\"menu-item-19841\" class=\"menu-custom-separator menu-item menu-item-type-custom menu-item-object-custom menu-item-19841\"><hr class=\"mhm-menu-separator\"><\/li>\n<li id=\"menu-item-24437\" class=\"static-link menu-item menu-item-type-custom menu-item-object-custom menu-item-24437\"><a href=\"\/oddeleni\/oddeleni-geriatrie\/geriatricka-ambulance\/\" data-ps2id-api=\"true\"><i class=\"fa-solid fa-house-medical\"><\/i> Ambulance<\/a><\/li>\n<li id=\"menu-item-23554\" class=\"static-link menu-item menu-item-type-custom menu-item-object-custom menu-item-23554\"><a href=\"\/oddeleni\/oddeleni-geriatrie\/socialni-luzka\/\" data-ps2id-api=\"true\"><i class=\"fa-solid fa-bed\"><\/i>Soci\u00e1ln\u00ed l\u016f\u017eka<\/a><\/li>\n<li id=\"menu-item-28333\" class=\"menu-item menu-item-type-custom menu-item-object-custom menu-item-28333\"><a href=\"\/oddeleni\/oddeleni-geriatrie\/paliativni-pece\/\" data-ps2id-api=\"true\"><i class=\"fa-solid fa-hand-holding-heart\"><\/i>Paliativn\u00ed p\u00e9\u010de<\/a><\/li>\n<li id=\"menu-item-19843\" class=\"static-link menu-item menu-item-type-custom menu-item-object-custom menu-item-19843\"><a href=\"\/oddeleni\/oddeleni-geriatrie\/spektrum-pece\/\" data-ps2id-api=\"true\"><i class=\"fa-solid fa-stethoscope\"><\/i> Spektrum p\u00e9\u010de<\/a><\/li>\n<li id=\"menu-item-19844\" class=\"static-link menu-item menu-item-type-custom menu-item-object-custom menu-item-19844\"><a href=\"\/oddeleni\/oddeleni-geriatrie\/informace-pro-pacienty\/\" data-ps2id-api=\"true\"><i class=\"fa-regular fa-circle-question\"><\/i> Informace pro pacienty<\/a><\/li>\n<li id=\"menu-item-35037\" class=\"menu-item menu-item-type-custom menu-item-object-custom menu-item-35037\"><a href=\"\/oddeleni\/centrum-sp-pece\/socialnici\/\" data-ps2id-api=\"true\"><i class=\"fa-solid fa-people-pulling\"><\/i>Zdravotn\u011b soci\u00e1ln\u00ed pracovn\u00edci<\/a><\/li>\n<\/ul><\/div><\/aside><div class=\"cl\"><\/div>\n<\/div>\n<\/div><\/div>\n<div id=\"cmsmasters_column_k7vlyuz4yq\" class=\"cmsmasters_column two_third\">\n<div class=\"cmsmasters_column_inner\"><div class=\"cmsmasters_text hide-index\">\n<p>Geriatrick\u00e1 ambulance<\/p>\n<\/div>\n<div id=\"cmsmasters_heading_0cx4mcjjyd\" class=\"cmsmasters_heading_wrap cmsmasters_heading_align_left\">\n\t<h2 class=\"cmsmasters_heading\">Ambulance geriatrick\u00e9ho odd\u011blen\u00ed<\/h2>\n<\/div>\n<div id=\"cmsmasters_divider_hgdnxm8b9\" class=\"cmsmasters_divider cmsmasters_divider_width_short cmsmasters_divider_pos_left\"><\/div>\n<div id=\"cmsmasters_divider_ysg9zz4shf\" class=\"cl\"><\/div>\n<div class=\"cmsmasters_text\">\n<section id='' \n                class='helpie-faq accordions ' \n                data-collection='' \n                data-pagination='0' \n                data-search='0' \n                data-pagination-enabled='0'\n                role='region'\n                aria-label='FAQ Section'\n                aria-live='polite'><article class=\"accordion \"><div class='helpie-faq-row'><div class='helpie-faq-col helpie-faq-col-12' ><ul><li class=\"accordion__item \"><div class=\"accordion__header \" \r\n                id=\"accordion-header-post-24732\"\r\n                role=\"button\"\r\n                aria-expanded=\"false\"\r\n                aria-controls=\"accordion-content-post-24732\"\r\n                data-id=\"post-24732\" \r\n                data-item=\"hfaq-post-24732\" \r\n                style=\"background:transparent;\" \r\n                data-tags=\"\"\r\n                tabindex=\"0\"><div class=\"accordion__title\">Geriatrick\u00e1 ambulance<\/div><\/div><div id=\"accordion-content-post-24732\" \r\n                class=\"accordion__body\" \r\n                role=\"region\"\r\n                aria-labelledby=\"accordion-header-post-24732\"\r\n                style=\"background:transparent;\"><p>Je ur\u010dena\u00a0 nemocn\u00fdm od 65 let p\u0159ev\u00e1\u017en\u011b s chronick\u00fdmi chorobami. Zab\u00fdv\u00e1me se hlavn\u011b poruchami\u00a0pam\u011bti, diagnostikou demenc\u00ed a jejich l\u00e9\u010dbou.<\/p>\n<p>Zavedli jsme eduka\u010dn\u00ed poradnu pro Alzheimerovu demenci. Je ur\u010dena pacient\u016fm i jejich p\u0159\u00edbuzn\u00fdm. Spole\u010dn\u011b vytvo\u0159\u00edme tr\u00e9ninkov\u00fd pl\u00e1n pro rozv\u00edjen\u00ed mozkov\u00fdch aktivit u konkr\u00e9tn\u00edho pacienta. Hranice mezi\u00a0\u00a0fyziologick\u00fdm \u00fabytkem pam\u011bti od\u00a0\u00a0ji\u017e patologick\u00e9ho zapom\u00edn\u00e1n\u00ed je velice k\u0159ehk\u00e1. Rozpoznat zav\u010das\u00a0\u00a0nastupuj\u00edc\u00ed p\u0159\u00edznaky Alzheimerovy demence je \u00fakolem pro l\u00e9ka\u0159e geriatra, neurologa \u010di psychiatra.\u00a0Pokud si Vy sami nebo n\u011bkdo z\u00a0va\u0161ich bl\u00edzk\u00fdch odpov\u00edte\u00a0\u00a0ANO na n\u00e1sleduj\u00edc\u00ed ot\u00e1zky, je nejvy\u0161\u0161\u00ed \u010das kontaktovat odborn\u00edka.<\/p>\n<ul>\n<li>Pozorujete u sebe \u010di sv\u00fdch bl\u00edzk\u00fdch\u00a0\u00a0zhor\u0161en\u00ed pam\u011bti, hlavn\u011b nov\u00fdch ud\u00e1lost\u00ed?<\/li>\n<li>Zapom\u00edn\u00e1te jm\u00e9na rodinn\u00fdch p\u0159\u00edslu\u0161n\u00edk\u016f \u010di zn\u00e1m\u00fdch?<\/li>\n<li>\u0160patn\u011b se orientujete, nem\u016f\u017eete\u00a0\u00a0nal\u00e9zt\u00a0\u00a0zn\u00e1mou cestu dom\u016f nebo do obchodu?<\/li>\n<li>Obt\u00ed\u017en\u011b\u00a0\u00a0hled\u00e1te slova pro zn\u00e1me v\u00fdrazy, vol\u00edte opisy?<\/li>\n<li>Zakl\u00e1d\u00e1te v\u011bci na nezn\u00e1m\u00e9 m\u00edsto a pak je obt\u00ed\u017en\u011b hled\u00e1te?<\/li>\n<li>Za\u010d\u00edn\u00e1 porucha pam\u011bti ovliv\u0148ovat V\u00e1\u0161 ka\u017edodenn\u00ed \u017eivot?<\/li>\n<\/ul>\n<table style=\"border-collapse: collapse;width: 99.2089%;height: 140px\" border=\"1\">\n<tbody>\n<tr style=\"height: 10px\">\n<td style=\"width: 16.9857%;height: 10px\"><strong>L\u00e9ka\u0159i:<\/strong><\/td>\n<td class=\"xl26\" style=\"width: 83.0143%;height: 10px\" width=\"256\"><strong>\u00a0MUDr. Eva Balnerov\u00e1<br \/>\nMUDr. Pavla Bulantov\u00e1<br \/>\n<\/strong><\/td>\n<\/tr>\n<tr>\n<td style=\"width: 16.9857%\"><strong>Sestra:<\/strong><\/td>\n<td style=\"width: 83.0143%\"><strong>\u00a0Bc. Ivona Kalivodov\u00e1 DiS.<\/strong><\/td>\n<\/tr>\n<tr style=\"height: 18px\">\n<td style=\"width: 100%;height: 18px\" colspan=\"2\">\n<div>\n<hr \/>\n<\/div>\n<\/td>\n<\/tr>\n<tr style=\"height: 24px\">\n<td style=\"width: 16.9857%;height: 24px\"><strong>Telefon:<\/strong><\/td>\n<td class=\"xl28\" style=\"width: 83.0143%;height: 24px\" width=\"256\" height=\"17\">Ambulantn\u00ed sestra<br \/>\n+420 778 972 390<br \/>\n+420 567 157 188<\/td>\n<\/tr>\n<tr style=\"height: 18px\">\n<td style=\"width: 100%;height: 18px\" colspan=\"2\">\n<div>\n<hr \/>\n<\/div>\n<\/td>\n<\/tr>\n<tr style=\"height: 28px\">\n<td style=\"width: 16.9857%;height: 28px\">Ordina\u010dn\u00ed hodiny:<\/td>\n<td style=\"width: 83.0143%;height: 28px\">\n<table style=\"border-collapse: collapse;width: 100%;height: 96px\" border=\"1\">\n<tbody>\n<tr style=\"height: 24px\">\n<td style=\"width: 11.6175%;height: 24px\"><strong>Pond\u011bl\u00ed:<\/strong><\/td>\n<td style=\"width: 88.3825%;height: 24px\">10:00 \u2013 12:00<\/td>\n<\/tr>\n<tr style=\"height: 24px\">\n<td style=\"width: 11.6175%;height: 24px\"><strong>\u00dater\u00fd:<\/strong><\/td>\n<td style=\"width: 88.3825%;height: 24px\">10:00 \u2013 12:00<\/td>\n<\/tr>\n<tr style=\"height: 24px\">\n<td style=\"width: 11.6175%;height: 24px\"><strong>St\u0159eda:<\/strong><\/td>\n<td style=\"width: 88.3825%;height: 24px\">10:00 \u2013 12:00<\/td>\n<\/tr>\n<tr style=\"height: 24px\">\n<td style=\"width: 11.6175%;height: 24px\"><strong>\u010ctvrtek:<\/strong><\/td>\n<td style=\"width: 88.3825%;height: 24px\">13:00 \u2013 15:00<\/td>\n<\/tr>\n<\/tbody>\n<\/table>\n<\/td>\n<\/tr>\n<tr style=\"height: 18px\">\n<td style=\"width: 100%;height: 18px\" colspan=\"2\">\n<div>\n<hr \/>\n<\/div>\n<\/td>\n<\/tr>\n<tr style=\"height: 24px\">\n<td style=\"width: 16.9857%;height: 24px\"><strong>Kde n\u00e1s najdete:<br \/>\n<\/strong><\/td>\n<td style=\"width: 83.0143%;height: 24px\">Budova F, 1. p\u0159\u00edzem\u00ed<\/td>\n<\/tr>\n<\/tbody>\n<\/table>\n<\/div><\/li><\/ul><\/div><\/div><\/article><\/section>\n<\/div>\n<\/div><\/div>\n<\/div>\n<\/div>\n<\/div>\n<\/div>\n<\/div>\n<div id=\"cmsmasters_row_\" class=\"cmsmasters_row cmsmasters_color_scheme_default cmsmasters_row_top_default cmsmasters_row_bot_default cmsmasters_row_boxed\">\n<div class=\"cmsmasters_row_outer_parent\">\n<div class=\"cmsmasters_row_outer\">\n<div class=\"cmsmasters_row_inner\">\n<div class=\"cmsmasters_row_margin\">\n<div id=\"cmsmasters_column_\" class=\"cmsmasters_column one_first\">\n<div class=\"cmsmasters_column_inner\"><div class=\"cmsmasters_text\">\n<\/div>\n<\/div><\/div>\n<\/div>\n<\/div>\n<\/div>\n<\/div>\n<\/div>\n<!-- \/wp:post-content -->","protected":false},"excerpt":{"rendered":"","protected":false},"author":5,"featured_media":17126,"parent":19764,"menu_order":0,"comment_status":"closed","ping_status":"closed","template":"","meta":{"pgc_sgb_lightbox_settings":"","footnotes":"","_links_to":"","_links_to_target":""},"categories":[85],"class_list":["post-24401","page","type-page","status-publish","has-post-thumbnail","hentry","category-page-oddeleni"],"publishpress_future_action":{"enabled":false,"date":"2026-05-02 15:14:24","action":"change-status","newStatus":"draft","terms":[],"taxonomy":"category","extraData":[]},"publishpress_future_workflow_manual_trigger":{"enabledWorkflows":[]},"_links":{"self":[{"href":"https:\/\/webnemji.azurewebsites.net\/en\/wp-json\/wp\/v2\/pages\/24401","targetHints":{"allow":["GET"]}}],"collection":[{"href":"https:\/\/webnemji.azurewebsites.net\/en\/wp-json\/wp\/v2\/pages"}],"about":[{"href":"https:\/\/webnemji.azurewebsites.net\/en\/wp-json\/wp\/v2\/types\/page"}],"author":[{"embeddable":true,"href":"https:\/\/webnemji.azurewebsites.net\/en\/wp-json\/wp\/v2\/users\/5"}],"replies":[{"embeddable":true,"href":"https:\/\/webnemji.azurewebsites.net\/en\/wp-json\/wp\/v2\/comments?post=24401"}],"version-history":[{"count":0,"href":"https:\/\/webnemji.azurewebsites.net\/en\/wp-json\/wp\/v2\/pages\/24401\/revisions"}],"up":[{"embeddable":true,"href":"https:\/\/webnemji.azurewebsites.net\/en\/wp-json\/wp\/v2\/pages\/19764"}],"wp:featuredmedia":[{"embeddable":true,"href":"https:\/\/webnemji.azurewebsites.net\/en\/wp-json\/wp\/v2\/media\/17126"}],"wp:attachment":[{"href":"https:\/\/webnemji.azurewebsites.net\/en\/wp-json\/wp\/v2\/media?parent=24401"}],"wp:term":[{"taxonomy":"category","embeddable":true,"href":"https:\/\/webnemji.azurewebsites.net\/en\/wp-json\/wp\/v2\/categories?post=24401"}],"curies":[{"name":"wp","href":"https:\/\/api.w.org\/{rel}","templated":true}]}}