{"id":24406,"date":"2023-10-26T06:45:52","date_gmt":"2023-10-26T04:45:52","guid":{"rendered":"https:\/\/nemji.rs-kovarik.cz\/?page_id=24406"},"modified":"2023-12-11T07:51:54","modified_gmt":"2023-12-11T06:51:54","slug":"spektrum-pece","status":"publish","type":"page","link":"https:\/\/webnemji.azurewebsites.net\/en\/oddeleni\/neurologicke-oddeleni\/spektrum-pece\/","title":{"rendered":"Spectrum of provided care"},"content":{"rendered":"<div id=\"cmsmasters_row_6iluctg3hk\" class=\"cmsmasters_row cmsmasters_color_scheme_default cmsmasters_row_top_default cmsmasters_row_bot_default cmsmasters_row_boxed\">\n<div class=\"cmsmasters_row_outer_parent\">\n<div class=\"cmsmasters_row_overlay\"><\/div>\n<div class=\"cmsmasters_row_outer\">\n<div class=\"cmsmasters_row_inner\">\n<div class=\"cmsmasters_row_margin\">\n<div id=\"cmsmasters_column_sybg7he2sg\" class=\"cmsmasters_column one_first\">\n<div class=\"cmsmasters_column_inner\"><div id=\"cmsmasters_heading_b3c74b95a0\" class=\"cmsmasters_heading_wrap cmsmasters_heading_align_center pageheadingtitle\">\n\t<h1 class=\"cmsmasters_heading\">Neurologick\u00e9 odd\u011blen\u00ed<\/h1>\n<\/div>\n<\/div><\/div>\n<\/div>\n<\/div>\n<\/div>\n<\/div>\n<\/div>\n<div id=\"cmsmasters_row_ly5ze1hf8e\" class=\"cmsmasters_row cmsmasters_color_scheme_default cmsmasters_row_top_default cmsmasters_row_bot_default cmsmasters_row_boxed\">\n<div class=\"cmsmasters_row_outer_parent\">\n<div class=\"cmsmasters_row_outer\">\n<div class=\"cmsmasters_row_inner\">\n<div class=\"cmsmasters_row_margin\">\n<div id=\"cmsmasters_column_v67ee6nvg7\" class=\"cmsmasters_column one_first\">\n<div class=\"cmsmasters_column_inner\"><div class=\"cmsmasters_text\">\n<p><nav aria-label=\"breadcrumbs\">\n            <div class=\"breadcrumb-container theme1\">\n                <ol>\n                                    <\/ol>\n            <\/div>\n        <\/nav>    <script type=\"application\/ld+json\">\n        {\n            \"@context\": \"http:\/\/schema.org\",\n            \"@type\": \"BreadcrumbList\",\n            \"itemListElement\": [\n                            ]\n        }\n    <\/script>\n   \n    <script>\n            <\/script>\n<\/p>\n<\/div>\n<\/div><\/div>\n<\/div>\n<\/div>\n<\/div>\n<\/div>\n<\/div>\n<div id=\"cmsmasters_row_3f2f8816dd\" class=\"cmsmasters_row cmsmasters_color_scheme_default cmsmasters_row_top_default cmsmasters_row_bot_default cmsmasters_row_boxed\">\n<div class=\"cmsmasters_row_outer_parent\">\n<div class=\"cmsmasters_row_outer\">\n<div class=\"cmsmasters_row_inner\">\n<div class=\"cmsmasters_row_margin\">\n<div id=\"cmsmasters_column_0a1c5940f5\" class=\"cmsmasters_column one_third stickyinfocolumn\">\n<div class=\"cmsmasters_column_inner\"><div id=\"cmsmasters_heading_rva6m2t32d\" class=\"cmsmasters_heading_wrap cmsmasters_heading_align_center\">\n\t<h3 class=\"cmsmasters_heading\">Informace o odd\u011blen\u00ed<\/h3>\n<\/div>\n<div id=\"cmsmasters_divider_dpp34mcdj5\" class=\"cmsmasters_divider cmsmasters_divider_width_short cmsmasters_divider_pos_center\"><\/div>\n<div class=\"cmsmasters_sidebar sidebar_layout_11 sidebar-custom-menu\"><aside id=\"nav_menu-41\" class=\"widget widget_nav_menu\"><div class=\"menu-oddeleni-neurologie-container\"><ul id=\"menu-oddeleni-neurologie\" class=\"menu\"><li id=\"menu-item-23600\" class=\"menu-item menu-item-type-custom menu-item-object-custom menu-item-23600\"><a href=\"\/oddeleni\/neurologicke-oddeleni\/#popis-oddeleni\" data-ps2id-api=\"true\"><i class=\"fa-solid fa-info\"><\/i> Popis odd\u011blen\u00ed<\/a><\/li>\n<li id=\"menu-item-23601\" class=\"menu-item menu-item-type-custom menu-item-object-custom menu-item-23601\"><a href=\"\/oddeleni\/neurologicke-oddeleni\/#personalni-obsazeni\" data-ps2id-api=\"true\"><i class=\"fa-solid fa-user-doctor\"><\/i> Person\u00e1ln\u00ed obsazen\u00ed<\/a><\/li>\n<li id=\"menu-item-23602\" class=\"menu-item menu-item-type-custom menu-item-object-custom menu-item-23602\"><a href=\"\/oddeleni\/neurologicke-oddeleni\/#ordinacni-hodiny\" data-ps2id-api=\"true\"><i class=\"fa-regular fa-clock\"><\/i> Ordina\u010dn\u00ed hodiny<\/a><\/li>\n<li id=\"menu-item-23603\" class=\"menu-item menu-item-type-custom menu-item-object-custom menu-item-23603\"><a href=\"\/oddeleni\/neurologicke-oddeleni\/#kontaktni-informace\" data-ps2id-api=\"true\"><i class=\"fa-solid fa-phone\"><\/i> Kontaktn\u00ed informace<\/a><\/li>\n<li id=\"menu-item-23604\" class=\"menu-item menu-item-type-custom menu-item-object-custom menu-item-23604\"><a href=\"\/oddeleni\/neurologicke-oddeleni\/#kde-nas-najdete\" data-ps2id-api=\"true\"><i class=\"fa-solid fa-location-dot\"><\/i> Kde n\u00e1s najdete<\/a><\/li>\n<li id=\"menu-item-23605\" class=\"menu-item menu-item-type-custom menu-item-object-custom menu-item-23605\"><a href=\"\/oddeleni\/neurologicke-oddeleni\/#fotogalerie\" data-ps2id-api=\"true\"><i class=\"fa-solid fa-camera\"><\/i> Fotogalerie<\/a><\/li>\n<li id=\"menu-item-23606\" class=\"menu-custom-separator menu-item menu-item-type-custom menu-item-object-custom menu-item-23606\"><hr class=\"mhm-menu-separator\"><\/li>\n<li id=\"menu-item-23607\" class=\"static-link menu-item menu-item-type-custom menu-item-object-custom menu-item-23607\"><a href=\"\/oddeleni\/neurologicke-oddeleni\/neurologicke-ambulance\/\" data-ps2id-api=\"true\"><i class=\"fa-solid fa-house-medical\"><\/i> Ambulance<\/a><\/li>\n<li id=\"menu-item-23608\" class=\"static-link menu-item menu-item-type-custom menu-item-object-custom menu-item-23608\"><a href=\"\/oddeleni\/neurologicke-oddeleni\/luzkova-cast\/\" data-ps2id-api=\"true\"><i class=\"fa-solid fa-bed\"><\/i> L\u016f\u017ekov\u00e1 \u010d\u00e1st<\/a><\/li>\n<li id=\"menu-item-23609\" class=\"static-link menu-item menu-item-type-custom menu-item-object-custom menu-item-23609\"><a href=\"\/oddeleni\/neurologicke-oddeleni\/spektrum-pece\/\" data-ps2id-api=\"true\"><i class=\"fa-solid fa-stethoscope\"><\/i> Spektrum p\u00e9\u010de<\/a><\/li>\n<li id=\"menu-item-23610\" class=\"static-link menu-item menu-item-type-custom menu-item-object-custom menu-item-23610\"><a href=\"\/oddeleni\/neurologicke-oddeleni\/informace-pro-pacienty\/\" data-ps2id-api=\"true\"><i class=\"fa-solid fa-circle-info\"><\/i> Informace pro pacienty<\/a><\/li>\n<\/ul><\/div><\/aside><div class=\"cl\"><\/div>\n<\/div>\n<\/div><\/div>\n<div id=\"cmsmasters_column_k7vlyuz4yq\" class=\"cmsmasters_column two_third\">\n<div class=\"cmsmasters_column_inner\"><div id=\"cmsmasters_heading_0cx4mcjjyd\" class=\"cmsmasters_heading_wrap cmsmasters_heading_align_left\">\n\t<h2 class=\"cmsmasters_heading\">Spektrum p\u00e9\u010de<\/h2>\n<\/div>\n<div id=\"cmsmasters_divider_kul4awri6m\" class=\"cmsmasters_divider cmsmasters_divider_width_short cmsmasters_divider_pos_left\"><\/div>\n<div id=\"cmsmasters_divider_2sg4ca7n58\" class=\"cl\"><\/div>\n<div class=\"cmsmasters_text\">\n<p style=\"font-weight: 400;\">Neurologick\u00e9 odd\u011blen\u00ed Nemocnice Jihlava je komplexn\u00ed l\u016f\u017ekov\u00e9 a ambulantn\u00ed pracovi\u0161t\u011b, ve sv\u00e9 odbornosti nejv\u011bt\u0161\u00ed v\u00a0kraji Vyso\u010dina, kter\u00e9 poskytuje specializovanou diagnostickou a l\u00e9\u010debnou p\u00e9\u010di pacient\u016fm se \u0161irokou \u0161k\u00e1lou neurologick\u00fdch onemocn\u011bn\u00ed. Pro velkou skupinu nemocn\u00fdch pln\u00ed funkci konzili\u00e1rn\u00edho pracovi\u0161t\u011b s\u00a0nadregion\u00e1ln\u00ed p\u016fsobnost\u00ed. Na\u0161e neurologick\u00e9 odd\u011blen\u00ed se specializovanou JIP a se spolupracuj\u00edc\u00edm l\u016f\u017ekov\u00fdm RHB odd\u011blen\u00edm m\u00e1\u00a0<strong>statut Iktov\u00e9ho centra<\/strong>, akreditovan\u00e9ho Ministerstvem zdravotnictv\u00ed. Na jednotce intenzivn\u00ed p\u00e9\u010de, l\u016f\u017ekov\u00e9m odd\u011blen\u00ed a ve spolupr\u00e1ci s rehabilita\u010dn\u00edm odd\u011blen\u00edm l\u00e9\u010d\u00edme pacienty s akutn\u00ed c\u00e9vn\u00ed mozkovou p\u0159\u00edhodou, dov\u00e1\u017een\u00e9 z\u00e1chrannou slu\u017ebou z v\u011bt\u0161\u00ed \u010d\u00e1sti \u00fazem\u00ed Kraje Vyso\u010dina. Dal\u0161\u00edm odborn\u00fdm centrem, pe\u010duj\u00edc\u00edm o pacienty z cel\u00e9ho kraje Vyso\u010dina, je na\u0161e\u00a0<strong>Centrum pro demyeliniza\u010dn\u00ed onemocn\u011bn\u00ed<\/strong>, certifikovan\u00e9 \u010ceskou neurologickou spole\u010dnost\u00ed JEP, kter\u00e9 prov\u00e1d\u00ed specializovanou diagnostiku a l\u00e9\u010dbu pacient\u016f s\u00a0roztrou\u0161enou skler\u00f3zou mozkom\u00ed\u0161n\u00ed.<\/p>\n<p style=\"font-weight: 400;\">V\u00a0roce 2014 z\u00edskalo na\u0161e pracovi\u0161t\u011b nov\u011b i za\u0159azen\u00ed mezi\u00a0<strong>region\u00e1ln\u00ed centra spasticity,\u00a0<\/strong>kter\u00e1 poskytuj\u00ed specializovanou p\u00e9\u010di pacient\u016fm se spasticitou po CMP i v\u00a0d\u016fsledku dal\u0161\u00edch neurologick\u00fdch onemocn\u011bn\u00ed, v\u010detn\u011b mo\u017enosti aplikace botulotoxinu a n\u00e1vazn\u00e9 specializovan\u00e9 rehabilitace. Krom\u011b centrov\u00e9 p\u00e9\u010de o pacienty s c\u00e9vn\u00edmi mozkov\u00fdmi p\u0159\u00edhodami, demyeliniza\u010dn\u00edmi nemocemi a spasticitou, poskytujeme specializovanou ambulantn\u00ed i l\u016f\u017ekovou p\u00e9\u010di pacient\u016fm se z\u00e1chvatov\u00fdmi onemocn\u011bn\u00edmi, se z\u00e1n\u011btliv\u00fdmi a autoimunitn\u00edmi chorobami nervov\u00e9ho syst\u00e9mu, neuromuskul\u00e1rn\u00edmi a myoskelet\u00e1rn\u00edmi nemocemi, extrapyramidov\u00fdmi a kognitivn\u00edmi poruchami, bolestmi hlavy, onemocn\u011bn\u00edm p\u00e1te\u0159e a dal\u0161\u00edmi nemocemi mozku, m\u00edchy a perifern\u00edho nervov\u00e9ho syst\u00e9mu.<\/p>\n<p><a href=\"\/wp-content\/uploads\/2023\/10\/Image-33.jpg\"><img loading=\"lazy\" decoding=\"async\" class=\"aligncenter wp-image-24429\" src=\"\/wp-content\/uploads\/2023\/10\/Image-33.jpg\" alt=\"\" width=\"534\" height=\"347\" srcset=\"\/wp-content\/uploads\/2023\/10\/Image-33.jpg 734w, \/wp-content\/uploads\/2023\/10\/Image-33-300x195.jpg 300w, \/wp-content\/uploads\/2023\/10\/Image-33-580x377.jpg 580w\" sizes=\"auto, (max-width: 534px) 100vw, 534px\" \/><\/a><\/p>\n<p style=\"font-weight: 400;\">L\u016f\u017ekov\u00e9 odd\u011blen\u00ed disponuje 40 l\u016f\u017eky, od roku 2012 m\u00e1me v Pavilonu urgentn\u00ed a intenzivn\u00ed p\u00e9\u010de 8 l\u016f\u017ekovou specializovanou jednotku intenzivn\u00ed p\u00e9\u010de, kter\u00e1 je p\u0159edev\u0161\u00edm specializovan\u00fdm pracovi\u0161t\u011bm Iktov\u00e9ho centra. D\u00edky p\u0159\u00edsp\u011bvku z\u00a0Evropsk\u00fdch struktur\u00e1ln\u00edch fond\u016f a z\u00a0prost\u0159edk\u016f Kraje Vyso\u010dina jsme z\u00edskali i modern\u00ed vybaven\u00ed pro monitorov\u00e1n\u00ed vit\u00e1ln\u00edch funkc\u00ed pacient\u016f, ultrazvukov\u00e1 vy\u0161et\u0159en\u00ed mozkov\u00fdch tepen a pro specializovanou rehabilitaci, zejm\u00e9na pacient\u016f po CMP. Nad\u00e1le jsme kapacitn\u011b nejv\u011bt\u0161\u00edm neurologick\u00fdm odd\u011blen\u00edm v\u00a0kraji Vyso\u010dina. Po\u010dty modern\u00edch diagnostick\u00fdch a l\u00e9\u010debn\u00fdch v\u00fdkon\u016f maj\u00ed na na\u0161em pracovi\u0161ti st\u00e1le vzestupnou tendenci.<\/p>\n<p style=\"font-weight: 400;\">Celkem pracuje na neurologick\u00e9m odd\u011blen\u00ed 13 l\u00e9ka\u0159\u016f (12 z nich s dosa\u017eenou specializovanou zp\u016fsobilost\u00ed), 1 l\u00e9ka\u0159ka s atestac\u00ed z\u00a0d\u011btsk\u00e9 neurologie, 36 sester.\u00a0Pracuj\u00ed zde d\u00e1le i celkem 3 fyzioterapeutky. Sou\u010d\u00e1st\u00ed na\u0161eho t\u00fdmu je i logopedka.<\/p>\n<p style=\"font-weight: 400;\">Pro pacienty s\u00a0akutn\u00edm c\u00e9vn\u00edm onemocn\u011bn\u00edm mozku je ultrazvukov\u00e9 vy\u0161et\u0159en\u00ed mozkov\u00fdch tepen dostupn\u00e9 nep\u0159etr\u017eit\u011b, stejn\u011b jako vy\u0161et\u0159en\u00ed po\u010d\u00edta\u010dovou tomografi\u00ed (CT), prov\u00e1d\u011bn\u00e9 na odd\u011blen\u00ed zobrazovac\u00edch metod na multidetektorov\u00e9m p\u0159\u00edstroji s\u00a0mo\u017enost\u00ed CT angiografie a perf\u00fazn\u00edch metodik. Od roku 2009 je k\u00a0dispozici i vy\u0161et\u0159en\u00ed magnetickou rezonanc\u00ed, kter\u00e9 v\u00fdrazn\u011b zp\u0159es\u0148uje diagnostiku zejm\u00e9na v\u00a0oblasti demyeliniza\u010dn\u00edch chorob, ale i c\u00e9vn\u00edch, n\u00e1dorov\u00fdch, z\u00e1n\u011btliv\u00fdch a vertebrogenn\u00edch onemocn\u011bn\u00ed.<\/p>\n<p style=\"font-weight: 400;\">Ve spolupr\u00e1ci s\u00a0chirurgick\u00fdm odd\u011blen\u00edm je trvale rozv\u00edjen program revaskulariza\u010dn\u00edch v\u00fdkon\u016f na magistr\u00e1ln\u00edch mozkov\u00fdch tepn\u00e1ch \u2013 p\u0159edev\u0161\u00edm jde o karotick\u00e9 endarterektomie, na kter\u00fdch se neurologick\u00e9 odd\u011blen\u00ed pod\u00edl\u00ed v diagnostick\u00e9m a indika\u010dn\u00edm procesu a tak\u00e9 peropera\u010dn\u00edm ultrazvukov\u00fdm monitoringem. Ve spolupr\u00e1ci s\u00a0radiodiagnostick\u00fdm odd\u011blen\u00edm jsou pacient\u016fm s\u00a0vertebrogenn\u00edmi nemocemi poskytov\u00e1ny epidur\u00e1ln\u00ed i periradikul\u00e1rn\u00ed obst\u0159iky (pod kontrolou CT), dal\u0161\u00ed mo\u017enost\u00ed je specializovan\u00e1 aplikace oz\u00f3nu.\u00a0 Pokra\u010dujeme ve spolupr\u00e1ci s\u00a0neurochirurgick\u00fdmi pracovi\u0161ti (FN Brno U sv. Anny, FN Brno Bohunice d\u00e1le FN v\u00a0Praze \u2013 Kr\u00e1lovsk\u00e9 Vinohrady a \u00daVN ve St\u0159e\u0161ovic\u00edch).<\/p>\n<p style=\"font-weight: 400;\">V\u00a0ambulantn\u00ed \u010d\u00e1sti neurologick\u00e9ho odd\u011blen\u00ed provozujeme krom\u011b v\u0161eobecn\u00e9 ambulance s\u00a0denn\u00edm provozem pro objednan\u00e9 a akutn\u00ed pacienty (objedn\u00e1n\u00ed prob\u00edh\u00e1 p\u0159es elektronick\u00fd syst\u00e9m e-ambulance) i specializovan\u00e9 poradny \u2013 ambulanci pro z\u00e1chvatov\u00e1 onemocn\u011bn\u00ed, cerebrovaskul\u00e1rn\u00ed poradnu, poradnu pro nervosvalov\u00e1 onemocn\u011bn\u00ed, myoskelet\u00e1ln\u00ed poradnu, d\u00e1le poradnu pro extrapyramidov\u00e9 nemoci, bolesti hlavy a kognitivn\u00ed poruchy. Pracovi\u0161t\u011b p\u00e9\u010de o demyeliniza\u010dn\u00ed onemocn\u011bn\u00ed je od roku 2011 certifikovan\u00fdm centrem, poskytuj\u00edc\u00edm specializovanou l\u00e9\u010dbu dispenzarizovan\u00fdm pacient\u016fm z\u00a0cel\u00e9ho Kraje Vyso\u010dina, jejich\u017e po\u010det st\u00e1le nar\u016fst\u00e1. Poskytujeme zde centrovou l\u00e9\u010dbu tzv. DMD l\u00e9ky (l\u00e9ky stabilizuj\u00edc\u00edmi nemoc), \u00fa\u010dastn\u00edme se n\u011bkolika klinick\u00fdch studi\u00ed s\u00a0nov\u00fdmi l\u00e9\u010debn\u00fdmi prepar\u00e1ty.<\/p>\n<p style=\"font-weight: 400;\">Jsme nositeli akreditace k postgradu\u00e1ln\u00edmu specializa\u010dn\u00edmu vzd\u011bl\u00e1v\u00e1n\u00ed v\u00a0oboru neurologie vy\u0161\u0161\u00edho stupn\u011b. Neurosonografick\u00e9 pracovi\u0161t\u011b je postgradu\u00e1ln\u00edm \u0161kol\u00edc\u00edm st\u0159ediskem IPVZ.<\/p>\n<\/div>\n<\/div><\/div>\n<\/div>\n<\/div>\n<\/div>\n<\/div>\n<\/div>\n\n","protected":false},"excerpt":{"rendered":"","protected":false},"author":1,"featured_media":17121,"parent":23599,"menu_order":0,"comment_status":"closed","ping_status":"closed","template":"","meta":{"pgc_sgb_lightbox_settings":"","footnotes":"","_links_to":"","_links_to_target":""},"categories":[85],"class_list":["post-24406","page","type-page","status-publish","has-post-thumbnail","hentry","category-page-oddeleni"],"publishpress_future_action":{"enabled":false,"date":"2026-04-30 02:55:26","action":"change-status","newStatus":"draft","terms":[],"taxonomy":"category","extraData":[]},"publishpress_future_workflow_manual_trigger":{"enabledWorkflows":[]},"_links":{"self":[{"href":"https:\/\/webnemji.azurewebsites.net\/en\/wp-json\/wp\/v2\/pages\/24406","targetHints":{"allow":["GET"]}}],"collection":[{"href":"https:\/\/webnemji.azurewebsites.net\/en\/wp-json\/wp\/v2\/pages"}],"about":[{"href":"https:\/\/webnemji.azurewebsites.net\/en\/wp-json\/wp\/v2\/types\/page"}],"author":[{"embeddable":true,"href":"https:\/\/webnemji.azurewebsites.net\/en\/wp-json\/wp\/v2\/users\/1"}],"replies":[{"embeddable":true,"href":"https:\/\/webnemji.azurewebsites.net\/en\/wp-json\/wp\/v2\/comments?post=24406"}],"version-history":[{"count":0,"href":"https:\/\/webnemji.azurewebsites.net\/en\/wp-json\/wp\/v2\/pages\/24406\/revisions"}],"up":[{"embeddable":true,"href":"https:\/\/webnemji.azurewebsites.net\/en\/wp-json\/wp\/v2\/pages\/23599"}],"wp:featuredmedia":[{"embeddable":true,"href":"https:\/\/webnemji.azurewebsites.net\/en\/wp-json\/wp\/v2\/media\/17121"}],"wp:attachment":[{"href":"https:\/\/webnemji.azurewebsites.net\/en\/wp-json\/wp\/v2\/media?parent=24406"}],"wp:term":[{"taxonomy":"category","embeddable":true,"href":"https:\/\/webnemji.azurewebsites.net\/en\/wp-json\/wp\/v2\/categories?post=24406"}],"curies":[{"name":"wp","href":"https:\/\/api.w.org\/{rel}","templated":true}]}}