{"id":24543,"date":"2023-10-26T09:41:57","date_gmt":"2023-10-26T07:41:57","guid":{"rendered":"https:\/\/nemji.rs-kovarik.cz\/?page_id=24543"},"modified":"2025-11-28T13:33:51","modified_gmt":"2025-11-28T12:33:51","slug":"luzkova-cast","status":"publish","type":"page","link":"https:\/\/webnemji.azurewebsites.net\/en\/oddeleni\/otorinolaryngologicke-oddeleni\/luzkova-cast\/","title":{"rendered":"Inpatient department"},"content":{"rendered":"<div id=\"cmsmasters_row_6iluctg3hk\" class=\"cmsmasters_row cmsmasters_color_scheme_default cmsmasters_row_top_default cmsmasters_row_bot_default cmsmasters_row_boxed\">\n<div class=\"cmsmasters_row_outer_parent\">\n<div class=\"cmsmasters_row_overlay\"><\/div>\n<div class=\"cmsmasters_row_outer\">\n<div class=\"cmsmasters_row_inner\">\n<div class=\"cmsmasters_row_margin\">\n<div id=\"cmsmasters_column_sybg7he2sg\" class=\"cmsmasters_column one_first\">\n<div class=\"cmsmasters_column_inner\"><div id=\"cmsmasters_heading_b3c74b95a0\" class=\"cmsmasters_heading_wrap cmsmasters_heading_align_center pageheadingtitle\">\n\t<h1 class=\"cmsmasters_heading\">Otorinolaryngologick\u00e9 odd\u011blen\u00ed (ORL)<\/h1>\n<\/div>\n<\/div><\/div>\n<\/div>\n<\/div>\n<\/div>\n<\/div>\n<\/div>\n<div id=\"cmsmasters_row_ly5ze1hf8e\" class=\"cmsmasters_row cmsmasters_color_scheme_default cmsmasters_row_top_default cmsmasters_row_bot_default cmsmasters_row_boxed\">\n<div class=\"cmsmasters_row_outer_parent\">\n<div class=\"cmsmasters_row_outer\">\n<div class=\"cmsmasters_row_inner\">\n<div class=\"cmsmasters_row_margin\">\n<div id=\"cmsmasters_column_v67ee6nvg7\" class=\"cmsmasters_column one_first\">\n<div class=\"cmsmasters_column_inner\"><div class=\"cmsmasters_text\">\n<p><nav aria-label=\"breadcrumbs\">\n            <div class=\"breadcrumb-container theme1\">\n                <ol>\n                                    <\/ol>\n            <\/div>\n        <\/nav>    <script type=\"application\/ld+json\">\n        {\n            \"@context\": \"http:\/\/schema.org\",\n            \"@type\": \"BreadcrumbList\",\n            \"itemListElement\": [\n                            ]\n        }\n    <\/script>\n   \n    <script>\n            <\/script>\n<\/p>\n<\/div>\n<\/div><\/div>\n<\/div>\n<\/div>\n<\/div>\n<\/div>\n<\/div>\n<div id=\"cmsmasters_row_3f2f8816dd\" class=\"cmsmasters_row cmsmasters_color_scheme_default cmsmasters_row_top_default cmsmasters_row_bot_default cmsmasters_row_boxed\">\n<div class=\"cmsmasters_row_outer_parent\">\n<div class=\"cmsmasters_row_outer\">\n<div class=\"cmsmasters_row_inner\">\n<div class=\"cmsmasters_row_margin\">\n<div id=\"cmsmasters_column_0a1c5940f5\" class=\"cmsmasters_column one_third stickyinfocolumn\">\n<div class=\"cmsmasters_column_inner\"><div id=\"cmsmasters_heading_rva6m2t32d\" class=\"cmsmasters_heading_wrap cmsmasters_heading_align_center\">\n\t<h3 class=\"cmsmasters_heading\">Informace o odd\u011blen\u00ed<\/h3>\n<\/div>\n<div id=\"cmsmasters_divider_dpp34mcdj5\" class=\"cmsmasters_divider cmsmasters_divider_width_short cmsmasters_divider_pos_center\"><\/div>\n<div class=\"cmsmasters_sidebar sidebar_layout_11 sidebar-custom-menu\"><aside id=\"nav_menu-47\" class=\"widget widget_nav_menu\"><div class=\"menu-oddeleni-orl-container\"><ul id=\"menu-oddeleni-orl\" class=\"menu\"><li id=\"menu-item-24494\" class=\"menu-item menu-item-type-custom menu-item-object-custom menu-item-24494\"><a href=\"\/oddeleni\/otorinolaryngologicke-oddeleni\/#popis-oddeleni\" data-ps2id-api=\"true\"><i class=\"fa-solid fa-info\"><\/i> Popis odd\u011blen\u00ed<\/a><\/li>\n<li id=\"menu-item-24495\" class=\"menu-item menu-item-type-custom menu-item-object-custom menu-item-24495\"><a href=\"\/oddeleni\/otorinolaryngologicke-oddeleni\/#personalni-obsazeni\" data-ps2id-api=\"true\"><i class=\"fa-solid fa-user-doctor\"><\/i> Person\u00e1ln\u00ed obsazen\u00ed<\/a><\/li>\n<li id=\"menu-item-24496\" class=\"menu-item menu-item-type-custom menu-item-object-custom menu-item-24496\"><a href=\"\/oddeleni\/otorinolaryngologicke-oddeleni\/#ordinacni-hodiny\" data-ps2id-api=\"true\"><i class=\"fa-regular fa-clock\"><\/i> Ordina\u010dn\u00ed hodiny<\/a><\/li>\n<li id=\"menu-item-24497\" class=\"menu-item menu-item-type-custom menu-item-object-custom menu-item-24497\"><a href=\"\/oddeleni\/otorinolaryngologicke-oddeleni\/#kontaktni-informace\" data-ps2id-api=\"true\"><i class=\"fa-solid fa-phone\"><\/i> Kontaktn\u00ed informace<\/a><\/li>\n<li id=\"menu-item-24498\" class=\"menu-item menu-item-type-custom menu-item-object-custom menu-item-24498\"><a href=\"\/oddeleni\/otorinolaryngologicke-oddeleni\/#kde-nas-najdete\" data-ps2id-api=\"true\"><i class=\"fa-solid fa-location-dot\"><\/i> Kde n\u00e1s najdete<\/a><\/li>\n<li id=\"menu-item-24499\" class=\"menu-item menu-item-type-custom menu-item-object-custom menu-item-24499\"><a href=\"\/oddeleni\/otorinolaryngologicke-oddeleni\/#fotogalerie\" data-ps2id-api=\"true\"><i class=\"fa-solid fa-camera\"><\/i> Fotogalerie<\/a><\/li>\n<li id=\"menu-item-24500\" class=\"menu-custom-separator menu-item menu-item-type-custom menu-item-object-custom menu-item-24500\"><hr class=\"mhm-menu-separator\"><\/li>\n<li id=\"menu-item-24501\" class=\"static-link menu-item menu-item-type-custom menu-item-object-custom menu-item-24501\"><a href=\"\/oddeleni\/otorinolaryngologicke-oddeleni\/orl-ambulance\/\" data-ps2id-api=\"true\"><i class=\"fa-solid fa-house-medical\"><\/i> Ambulance<\/a><\/li>\n<li id=\"menu-item-24502\" class=\"static-link menu-item menu-item-type-custom menu-item-object-custom menu-item-24502\"><a href=\"\/oddeleni\/otorinolaryngologicke-oddeleni\/luzkova-cast\/\" data-ps2id-api=\"true\"><i class=\"fa-solid fa-bed-pulse\"><\/i> L\u016f\u017ekov\u00e1 \u010d\u00e1st<\/a><\/li>\n<li id=\"menu-item-24503\" class=\"static-link menu-item menu-item-type-custom menu-item-object-custom menu-item-24503\"><a href=\"\/oddeleni\/otorinolaryngologicke-oddeleni\/informace-pro-pacienty\/\" data-ps2id-api=\"true\"><i class=\"fa-regular fa-circle-question\"><\/i> Informace pro pacienty<\/a><\/li>\n<li id=\"menu-item-24601\" class=\"static-link menu-item menu-item-type-custom menu-item-object-custom menu-item-24601\"><a href=\"\/oddeleni\/otorinolaryngologicke-oddeleni\/spektrum-pece\/\" data-ps2id-api=\"true\"><i class=\"fa-solid fa-stethoscope\"><\/i> Spektrum p\u00e9\u010de<\/a><\/li>\n<\/ul><\/div><\/aside><div class=\"cl\"><\/div>\n<\/div>\n<\/div><\/div>\n<div id=\"cmsmasters_column_k7vlyuz4yq\" class=\"cmsmasters_column two_third\">\n<div class=\"cmsmasters_column_inner\"><div id=\"cmsmasters_heading_0cx4mcjjyd\" class=\"cmsmasters_heading_wrap cmsmasters_heading_align_left\">\n\t<h2 class=\"cmsmasters_heading\">L\u016f\u017ekov\u00e1 \u010d\u00e1st<\/h2>\n<\/div>\n<div id=\"cmsmasters_divider_hgdnxm8b9\" class=\"cmsmasters_divider cmsmasters_divider_width_short cmsmasters_divider_pos_left\"><\/div>\n<div id=\"cmsmasters_divider_ysg9zz4shf\" class=\"cl\"><\/div>\n<div class=\"cmsmasters_text\">\n<style type=\"text\/css\"><\/style><section id='' \n                class='helpie-faq accordions faq-toggle groupSettings-342__enabled' \n                data-collection='' \n                data-pagination='0' \n                data-search='0' \n                data-pagination-enabled='0'\n                role='region'\n                aria-label='FAQ Section'\n                aria-live='polite'><form class=\"search\" onSubmit=\"return false;\"><div class=\"search__wrapper\"><input type=\"text\" class=\"search__input\" aria-label=\"Search\" role=\"searchbox\" placeholder=\"Vyhledat\"><span class=\"search__icon\"><svg class=\"svg-icon--search\" role=\"img\" xmlns=\"http:\/\/www.w3.org\/2000\/svg\" viewBox=\"0 0 22 22\">\r\n                        <g fill=\"none\" stroke=\"#171717\">\r\n                            <path stroke-linecap=\"square\" stroke-width=\"2\" d=\"M18.5 18.3l-5.4-5.4\"\/>\r\n                            <circle cx=\"8\" cy=\"8\" r=\"7\" stroke-width=\"2\"\/>\r\n                        <\/g>\r\n                    <\/svg><\/span><\/div><div class=\"search__message\"><\/div><\/form><article class=\"accordion \"><div class='helpie-faq-row'><div class='helpie-faq-col helpie-faq-col-12' ><ul><li class=\"accordion__item \"><div class=\"accordion__header \" \r\n                id=\"accordion-header-post-24553\"\r\n                role=\"button\"\r\n                aria-expanded=\"false\"\r\n                aria-controls=\"accordion-content-post-24553\"\r\n                data-id=\"post-24553\" \r\n                data-item=\"hfaq-post-24553\" \r\n                style=\"background:transparent;\" \r\n                data-tags=\"\"\r\n                tabindex=\"0\"><div class=\"accordion__title\">L\u016f\u017ekov\u00e1 \u010d\u00e1st<\/div><\/div><div id=\"accordion-content-post-24553\" \r\n                class=\"accordion__body\" \r\n                role=\"region\"\r\n                aria-labelledby=\"accordion-header-post-24553\"\r\n                style=\"background:transparent;\"><p>Odd\u011blen\u00ed disponuje 20 l\u016f\u017eky pro dosp\u011bl\u00e9 pacienty, d\u011bti jsou hospitalizov\u00e1ny na D\u011btsk\u00e9m odd\u011blen\u00ed, v\u011bt\u0161inou s mo\u017enost\u00ed doprovodu rodi\u010de. Pokoje jsou t\u0159\u00edl\u016f\u017ekov\u00e9, 2 pokoje jsou nadstandardn\u00ed, jednol\u016f\u017ekov\u00e9, za \u00fahradu dle aktu\u00e1ln\u00edho cen\u00edku Nemocnice Jihlava, p. o. V\u0161echny pokoje maj\u00ed vlastn\u00ed WC a sprchu. Na odd\u011blen\u00ed je mo\u017enost uchov\u00e1vat potraviny ve spole\u010dn\u00e9 lednici pro pacienty, p\u0159ipojen\u00ed k internetu p\u0159es WiFi a zap\u016fj\u010den\u00ed knih z knihovni\u010dky.<\/p>\n<p>O pacienty pe\u010duje t\u00fdm l\u00e9ka\u0159\u016f a sester ORL odd\u011blen\u00ed v nep\u0159etr\u017eit\u00e9m, 24-hodinov\u00e9m, provozu. L\u00e9ka\u0159sk\u00e1 vizita prob\u00edh\u00e1 2x denn\u011b, r\u00e1no a ve\u010der. Vy\u017eaduje-li to povaha onemocn\u011bn\u00ed, spolupracujeme v l\u00e9\u010debn\u00e9 p\u00e9\u010di s kolegy ostatn\u00edch odd\u011blen\u00ed nemocnice nebo specializovan\u00fdmi ORL klinikami.<\/p>\n<table style=\"border-collapse: collapse;width: 99.2089%;height: 58px\" border=\"1\">\n<tbody>\n<tr style=\"height: 10px\">\n<td style=\"width: 16.9857%;height: 10px\"><strong>Vedouc\u00ed l\u00e9ka\u0159:<\/strong><\/td>\n<td class=\"xl26\" style=\"width: 83.0143%;height: 10px\" width=\"256\">MUDr. Eli\u0161ka V\u011btrovcov\u00e1<\/td>\n<\/tr>\n<tr style=\"height: 24px\">\n<td style=\"width: 16.9857%;height: 24px\"><strong>Telefon l\u00e9ka\u0159i:<\/strong><\/td>\n<td class=\"xl28\" style=\"width: 83.0143%;height: 24px\" width=\"256\" height=\"17\">+420 567 157 270<\/td>\n<\/tr>\n<tr>\n<td style=\"width: 16.9857%\"><strong>Vrchn\u00ed sestra:<\/strong><\/td>\n<td style=\"width: 83.0143%\">Bc. Pavl\u00edna\u00a0Sv\u00e1rovsk\u00e1, DiS.<\/td>\n<\/tr>\n<tr style=\"height: 24px\">\n<td style=\"width: 16.9857%;height: 24px\"><strong>Kde n\u00e1s najdete:<\/strong><\/td>\n<td style=\"width: 83.0143%;height: 24px\">Budova E, 6. poschod\u00ed<\/td>\n<\/tr>\n<tr>\n<td style=\"width: 16.9857%\"><strong>N\u00e1v\u0161t\u011bvn\u00ed doba:<\/strong><\/td>\n<td style=\"width: 83.0143%\">\u00a0Doporu\u010den\u00e1 14:30 &#8211; 16:30 &#8211; po domluv\u011b kdykoliv<\/td>\n<\/tr>\n<\/tbody>\n<\/table>\n<\/div><\/li><\/ul><\/div><\/div><\/article><\/section>\n<\/div>\n<\/div><\/div>\n<\/div>\n<\/div>\n<\/div>\n<\/div>\n<\/div>\n\n","protected":false},"excerpt":{"rendered":"","protected":false},"author":1,"featured_media":17152,"parent":24488,"menu_order":0,"comment_status":"closed","ping_status":"closed","template":"","meta":{"pgc_sgb_lightbox_settings":"","footnotes":"","_links_to":"","_links_to_target":""},"categories":[85],"class_list":["post-24543","page","type-page","status-publish","has-post-thumbnail","hentry","category-page-oddeleni"],"publishpress_future_action":{"enabled":false,"date":"2026-05-03 05:12:03","action":"change-status","newStatus":"draft","terms":[],"taxonomy":"category","extraData":[]},"publishpress_future_workflow_manual_trigger":{"enabledWorkflows":[]},"_links":{"self":[{"href":"https:\/\/webnemji.azurewebsites.net\/en\/wp-json\/wp\/v2\/pages\/24543","targetHints":{"allow":["GET"]}}],"collection":[{"href":"https:\/\/webnemji.azurewebsites.net\/en\/wp-json\/wp\/v2\/pages"}],"about":[{"href":"https:\/\/webnemji.azurewebsites.net\/en\/wp-json\/wp\/v2\/types\/page"}],"author":[{"embeddable":true,"href":"https:\/\/webnemji.azurewebsites.net\/en\/wp-json\/wp\/v2\/users\/1"}],"replies":[{"embeddable":true,"href":"https:\/\/webnemji.azurewebsites.net\/en\/wp-json\/wp\/v2\/comments?post=24543"}],"version-history":[{"count":0,"href":"https:\/\/webnemji.azurewebsites.net\/en\/wp-json\/wp\/v2\/pages\/24543\/revisions"}],"up":[{"embeddable":true,"href":"https:\/\/webnemji.azurewebsites.net\/en\/wp-json\/wp\/v2\/pages\/24488"}],"wp:featuredmedia":[{"embeddable":true,"href":"https:\/\/webnemji.azurewebsites.net\/en\/wp-json\/wp\/v2\/media\/17152"}],"wp:attachment":[{"href":"https:\/\/webnemji.azurewebsites.net\/en\/wp-json\/wp\/v2\/media?parent=24543"}],"wp:term":[{"taxonomy":"category","embeddable":true,"href":"https:\/\/webnemji.azurewebsites.net\/en\/wp-json\/wp\/v2\/categories?post=24543"}],"curies":[{"name":"wp","href":"https:\/\/api.w.org\/{rel}","templated":true}]}}