{"id":24569,"date":"2023-10-26T10:26:37","date_gmt":"2023-10-26T08:26:37","guid":{"rendered":"https:\/\/nemji.rs-kovarik.cz\/?page_id=24569"},"modified":"2025-11-27T14:15:39","modified_gmt":"2025-11-27T13:15:39","slug":"informace-pro-pacienty","status":"publish","type":"page","link":"https:\/\/webnemji.azurewebsites.net\/en\/oddeleni\/otorinolaryngologicke-oddeleni\/informace-pro-pacienty\/","title":{"rendered":"Information for patients"},"content":{"rendered":"<div id=\"cmsmasters_row_6iluctg3hk\" class=\"cmsmasters_row cmsmasters_color_scheme_default cmsmasters_row_top_default cmsmasters_row_bot_default cmsmasters_row_boxed\">\n<div class=\"cmsmasters_row_outer_parent\">\n<div class=\"cmsmasters_row_overlay\"><\/div>\n<div class=\"cmsmasters_row_outer\">\n<div class=\"cmsmasters_row_inner\">\n<div class=\"cmsmasters_row_margin\">\n<div id=\"cmsmasters_column_sybg7he2sg\" class=\"cmsmasters_column one_first\">\n<div class=\"cmsmasters_column_inner\"><div id=\"cmsmasters_heading_b3c74b95a0\" class=\"cmsmasters_heading_wrap cmsmasters_heading_align_center pageheadingtitle\">\n\t<h1 class=\"cmsmasters_heading\">Otorinolaryngologick\u00e9 odd\u011blen\u00ed (ORL)<\/h1>\n<\/div>\n<\/div><\/div>\n<\/div>\n<\/div>\n<\/div>\n<\/div>\n<\/div>\n<div id=\"cmsmasters_row_ly5ze1hf8e\" class=\"cmsmasters_row cmsmasters_color_scheme_default cmsmasters_row_top_default cmsmasters_row_bot_default cmsmasters_row_boxed\">\n<div class=\"cmsmasters_row_outer_parent\">\n<div class=\"cmsmasters_row_outer\">\n<div class=\"cmsmasters_row_inner\">\n<div class=\"cmsmasters_row_margin\">\n<div id=\"cmsmasters_column_v67ee6nvg7\" class=\"cmsmasters_column one_first\">\n<div class=\"cmsmasters_column_inner\"><div class=\"cmsmasters_text\">\n<p><nav aria-label=\"breadcrumbs\">\n            <div class=\"breadcrumb-container theme1\">\n                <ol>\n                                    <\/ol>\n            <\/div>\n        <\/nav>    <script type=\"application\/ld+json\">\n        {\n            \"@context\": \"http:\/\/schema.org\",\n            \"@type\": \"BreadcrumbList\",\n            \"itemListElement\": [\n                            ]\n        }\n    <\/script>\n   \n    <script>\n            <\/script>\n<\/p>\n<\/div>\n<\/div><\/div>\n<\/div>\n<\/div>\n<\/div>\n<\/div>\n<\/div>\n<div id=\"cmsmasters_row_3f2f8816dd\" class=\"cmsmasters_row cmsmasters_color_scheme_default cmsmasters_row_top_default cmsmasters_row_bot_default cmsmasters_row_boxed\">\n<div class=\"cmsmasters_row_outer_parent\">\n<div class=\"cmsmasters_row_outer\">\n<div class=\"cmsmasters_row_inner\">\n<div class=\"cmsmasters_row_margin\">\n<div id=\"cmsmasters_column_0a1c5940f5\" class=\"cmsmasters_column one_third stickyinfocolumn\">\n<div class=\"cmsmasters_column_inner\"><div id=\"cmsmasters_heading_rva6m2t32d\" class=\"cmsmasters_heading_wrap cmsmasters_heading_align_center\">\n\t<h3 class=\"cmsmasters_heading\">Informace o odd\u011blen\u00ed<\/h3>\n<\/div>\n<div id=\"cmsmasters_divider_dpp34mcdj5\" class=\"cmsmasters_divider cmsmasters_divider_width_short cmsmasters_divider_pos_center\"><\/div>\n<div class=\"cmsmasters_sidebar sidebar_layout_11 sidebar-custom-menu\"><aside id=\"nav_menu-47\" class=\"widget widget_nav_menu\"><div class=\"menu-oddeleni-orl-container\"><ul id=\"menu-oddeleni-orl\" class=\"menu\"><li id=\"menu-item-24494\" class=\"menu-item menu-item-type-custom menu-item-object-custom menu-item-24494\"><a href=\"\/oddeleni\/otorinolaryngologicke-oddeleni\/#popis-oddeleni\" data-ps2id-api=\"true\"><i class=\"fa-solid fa-info\"><\/i> Popis odd\u011blen\u00ed<\/a><\/li>\n<li id=\"menu-item-24495\" class=\"menu-item menu-item-type-custom menu-item-object-custom menu-item-24495\"><a href=\"\/oddeleni\/otorinolaryngologicke-oddeleni\/#personalni-obsazeni\" data-ps2id-api=\"true\"><i class=\"fa-solid fa-user-doctor\"><\/i> Person\u00e1ln\u00ed obsazen\u00ed<\/a><\/li>\n<li id=\"menu-item-24496\" class=\"menu-item menu-item-type-custom menu-item-object-custom menu-item-24496\"><a href=\"\/oddeleni\/otorinolaryngologicke-oddeleni\/#ordinacni-hodiny\" data-ps2id-api=\"true\"><i class=\"fa-regular fa-clock\"><\/i> Ordina\u010dn\u00ed hodiny<\/a><\/li>\n<li id=\"menu-item-24497\" class=\"menu-item menu-item-type-custom menu-item-object-custom menu-item-24497\"><a href=\"\/oddeleni\/otorinolaryngologicke-oddeleni\/#kontaktni-informace\" data-ps2id-api=\"true\"><i class=\"fa-solid fa-phone\"><\/i> Kontaktn\u00ed informace<\/a><\/li>\n<li id=\"menu-item-24498\" class=\"menu-item menu-item-type-custom menu-item-object-custom menu-item-24498\"><a href=\"\/oddeleni\/otorinolaryngologicke-oddeleni\/#kde-nas-najdete\" data-ps2id-api=\"true\"><i class=\"fa-solid fa-location-dot\"><\/i> Kde n\u00e1s najdete<\/a><\/li>\n<li id=\"menu-item-24499\" class=\"menu-item menu-item-type-custom menu-item-object-custom menu-item-24499\"><a href=\"\/oddeleni\/otorinolaryngologicke-oddeleni\/#fotogalerie\" data-ps2id-api=\"true\"><i class=\"fa-solid fa-camera\"><\/i> Fotogalerie<\/a><\/li>\n<li id=\"menu-item-24500\" class=\"menu-custom-separator menu-item menu-item-type-custom menu-item-object-custom menu-item-24500\"><hr class=\"mhm-menu-separator\"><\/li>\n<li id=\"menu-item-24501\" class=\"static-link menu-item menu-item-type-custom menu-item-object-custom menu-item-24501\"><a href=\"\/oddeleni\/otorinolaryngologicke-oddeleni\/orl-ambulance\/\" data-ps2id-api=\"true\"><i class=\"fa-solid fa-house-medical\"><\/i> Ambulance<\/a><\/li>\n<li id=\"menu-item-24502\" class=\"static-link menu-item menu-item-type-custom menu-item-object-custom menu-item-24502\"><a href=\"\/oddeleni\/otorinolaryngologicke-oddeleni\/luzkova-cast\/\" data-ps2id-api=\"true\"><i class=\"fa-solid fa-bed-pulse\"><\/i> L\u016f\u017ekov\u00e1 \u010d\u00e1st<\/a><\/li>\n<li id=\"menu-item-24503\" class=\"static-link menu-item menu-item-type-custom menu-item-object-custom menu-item-24503\"><a href=\"\/oddeleni\/otorinolaryngologicke-oddeleni\/informace-pro-pacienty\/\" data-ps2id-api=\"true\"><i class=\"fa-regular fa-circle-question\"><\/i> Informace pro pacienty<\/a><\/li>\n<li id=\"menu-item-24601\" class=\"static-link menu-item menu-item-type-custom menu-item-object-custom menu-item-24601\"><a href=\"\/oddeleni\/otorinolaryngologicke-oddeleni\/spektrum-pece\/\" data-ps2id-api=\"true\"><i class=\"fa-solid fa-stethoscope\"><\/i> Spektrum p\u00e9\u010de<\/a><\/li>\n<\/ul><\/div><\/aside><div class=\"cl\"><\/div>\n<\/div>\n<\/div><\/div>\n<div id=\"cmsmasters_column_k7vlyuz4yq\" class=\"cmsmasters_column two_third\">\n<div class=\"cmsmasters_column_inner\"><div id=\"cmsmasters_heading_0cx4mcjjyd\" class=\"cmsmasters_heading_wrap cmsmasters_heading_align_left\">\n\t<h2 class=\"cmsmasters_heading\">Informace pro pacienty<\/h2>\n<\/div>\n<div id=\"cmsmasters_divider_hgdnxm8b9\" class=\"cmsmasters_divider cmsmasters_divider_width_short cmsmasters_divider_pos_left\"><\/div>\n<div class=\"cmsmasters_text\">\n<p>Mil\u00ed pacienti,<br \/>\nn\u00ed\u017ee si m\u016f\u017eete st\u00e1hnout informovan\u00e9 souhlasy k jednotliv\u00fdm v\u00fdkon\u016fm a tak\u00e9 dotazn\u00edk pro rodi\u010de p\u0159ed v\u00fdkony na na\u0161em odd\u011blen\u00ed.<\/p>\n<p>K operac\u00edm se m\u016f\u017eete na z\u00e1klad\u011b p\u0159edchoz\u00edho vy\u0161et\u0159en\u00ed ORL specialisty objednat telefonicky na \u010d\u00edsle 731 628 860 v \u010dase od 10:00 do 12:00 v pracovn\u00ed dny.<br \/>\nK objedn\u00e1n\u00ed je t\u0159eba zn\u00e1t p\u0159esn\u011b rozsah doporu\u010den\u00e9 operace a jm\u00e9no doporu\u010duj\u00edc\u00edho l\u00e9ka\u0159e.<br \/>\nPokud si p\u0159ejete indikaci k operaci konzultovat s l\u00e9ka\u0159i na\u0161eho odd\u011blen\u00ed, je nutn\u00e9 se objednat p\u0159e e-ambulanci k vy\u0161et\u0159en\u00ed.<br \/>\nVedouc\u00ed odd\u011blen\u00ed si vyhrazuje pr\u00e1vo v z\u00e1va\u017en\u00fdch p\u0159\u00edpadech objednanou operaci zru\u0161it, o t\u00e9to skute\u010dnosti bude objednan\u00fd pacient telefonicky informov\u00e1n a domluven n\u00e1hradn\u00ed term\u00edn.<\/p>\n<p>D\u011bti k ORL operac\u00edm se dostav\u00ed na ambulanci d\u011btsk\u00e9ho odd\u011blen\u00ed k p\u0159ijet\u00ed ve 13:00.<br \/>\nDosp\u011bl\u00ed pacienti se k p\u0159ijet\u00ed dostav\u00ed na kontaktn\u00ed centrum do 9:00. O v\u00edkendech a sv\u00e1tc\u00edch pl\u00e1novan\u00e9 p\u0159\u00edjmy se uskute\u010dn\u00ed na ORL odd\u011blen\u00ed do 11:00, v p\u0159\u00edpad\u011b po\u017eadov\u00e1n\u00ed ob\u011bda do 10:00.<\/p>\n<p>&nbsp;<\/p>\n<\/div>\n<div class=\"cmsmasters_text download-links-large\">\n<p><a href=\"\/wp-content\/uploads\/2023\/10\/IS-Adenotomie.pdf\">IS Adenotomie<\/a><\/p>\n<p><a href=\"\/wp-content\/uploads\/2023\/10\/Dotaznik-ke-zjisteni-poruch-krevni-srazlivosti.pdf\">Dotazn\u00edk ke zji\u0161t\u011bn\u00ed poruch krevn\u00ed sr\u00e1\u017elivosti<\/a><\/p>\n<p><a href=\"\/wp-content\/uploads\/2023\/10\/IS-Direktni-laryngoskopie.pdf\">IS Direktn\u00ed laryngoskopie<\/a><\/p>\n<p><a href=\"\/wp-content\/uploads\/2023\/10\/IS-Esofagoskopie-a-bronchoskopie.pdf\">IS Esofagoskopie a bronchoskopie<\/a><\/p>\n<p><a href=\"\/wp-content\/uploads\/2023\/10\/IS-Extirpace-uzlin-a-cyst-na-krku.pdf\">IS Extirpace uzlin a cyst na krku, blokov\u00e1 kr\u010dn\u00ed disekce<\/a><\/p>\n<p><a href=\"\/wp-content\/uploads\/2023\/10\/IS-Osteosynteza-oblicejovych-zlomenin.pdf\">IS Osteosynt\u00e9za obli\u010d.zlomenin<\/a><\/p>\n<p><a href=\"\/wp-content\/uploads\/2023\/10\/IS-Punkce-tenkou-jehlou-FNAB.pdf\">IS FNAB<\/a><\/p>\n<p><a href=\"\/wp-content\/uploads\/2023\/10\/IS-Tonzilektomie-tonzilotomie.pdf\">IS Tonzilektomie, tonzilotomie<\/a><\/p>\n<p><a href=\"\/wp-content\/uploads\/2023\/10\/IS-Slinne-zlazy.pdf\">IS Slinn\u00e9 \u017el\u00e1zy<\/a><\/p>\n<p><a href=\"\/wp-content\/uploads\/2023\/10\/IS-Septoplastika-a-septorhinoplastika.pdf\">IS Septoplastika a septorhinoplastika<\/a><\/p>\n<p><a href=\"\/wp-content\/uploads\/2023\/10\/IS-Sanacni-usni-operace.pdf\">IS Sana\u010dn\u00ed u\u0161n\u00ed operace<\/a><\/p>\n<p><a href=\"\/wp-content\/uploads\/2023\/10\/IS-Repozice-nosnich-kosti-.pdf\">IS Repozice nosn\u00edch kost\u00ed<\/a><\/p>\n<p><a href=\"\/wp-content\/uploads\/2023\/10\/IS-Plastika-boltcu-.pdf\">IS Plastika boltc\u016f<\/a><\/p>\n<p><a href=\"\/wp-content\/uploads\/2023\/10\/IS-Paracenteza-bubinku-a-VT.pdf\">IS Plastika bub\u00ednku<\/a><\/p>\n<p><a href=\"\/wp-content\/uploads\/2024\/09\/IS-screeningove-vysetreni-sluchu-novorozencu.pdf\">IS Screeningov\u00e9 vy\u0161et\u0159en\u00ed sluchu u novorozenc\u016f<\/a><\/p>\n<p><a href=\"\/wp-content\/uploads\/2024\/09\/IS-Screeningove-vysetreni-sluchu-souhlas-s-poskytnutim-osobnich-udaju-ditete.pdf\">IS Screeningov\u00e9 vy\u0161et\u0159en\u00ed sluchu &#8211; souhlas s poskytnut\u00edm osobn\u00edch \u00fadaj\u016f d\u00edt\u011bte<\/a><\/p>\n<p><a href=\"\/wp-content\/uploads\/2024\/09\/IS-Operace-chrapani-a-poruch-dychani-behem-spanku.pdf\">IS Operace chr\u00e1p\u00e1n\u00ed a poruch d\u00fdch\u00e1n\u00ed b\u011bhem sp\u00e1nku<\/a><\/p>\n<p><a href=\"\/wp-content\/uploads\/2024\/09\/IS-Dotaznik-pro-rodice-pred-vykony-na-ORL.pdf\">IS Tracheotomie<\/a><\/p>\n<p><a href=\"\/wp-content\/uploads\/2025\/11\/IS-Otomikroskopie.pdf\">IS Otomikroskopie, zaveden\u00ed VT, z\u00e1kryt perforace bub\u00ednku<\/a><\/p>\n<p><a href=\"\/wp-content\/uploads\/2023\/10\/IS-FESS-endonazalni-chirurgie-DCRS-operace-PND.pdf\">IS FESS, endonaz\u00e1ln\u00ed chirurgie, DCRS, operace PND<\/a><\/p>\n<\/div>\n<\/div><\/div>\n<\/div>\n<\/div>\n<\/div>\n<\/div>\n<\/div>\n\n","protected":false},"excerpt":{"rendered":"","protected":false},"author":1,"featured_media":17152,"parent":24488,"menu_order":0,"comment_status":"closed","ping_status":"closed","template":"","meta":{"pgc_sgb_lightbox_settings":"","footnotes":"","_links_to":"","_links_to_target":""},"categories":[85],"class_list":["post-24569","page","type-page","status-publish","has-post-thumbnail","hentry","category-page-oddeleni"],"publishpress_future_action":{"enabled":false,"date":"2026-04-11 08:52:44","action":"change-status","newStatus":"draft","terms":[],"taxonomy":"category","extraData":[]},"publishpress_future_workflow_manual_trigger":{"enabledWorkflows":[]},"_links":{"self":[{"href":"https:\/\/webnemji.azurewebsites.net\/en\/wp-json\/wp\/v2\/pages\/24569","targetHints":{"allow":["GET"]}}],"collection":[{"href":"https:\/\/webnemji.azurewebsites.net\/en\/wp-json\/wp\/v2\/pages"}],"about":[{"href":"https:\/\/webnemji.azurewebsites.net\/en\/wp-json\/wp\/v2\/types\/page"}],"author":[{"embeddable":true,"href":"https:\/\/webnemji.azurewebsites.net\/en\/wp-json\/wp\/v2\/users\/1"}],"replies":[{"embeddable":true,"href":"https:\/\/webnemji.azurewebsites.net\/en\/wp-json\/wp\/v2\/comments?post=24569"}],"version-history":[{"count":0,"href":"https:\/\/webnemji.azurewebsites.net\/en\/wp-json\/wp\/v2\/pages\/24569\/revisions"}],"up":[{"embeddable":true,"href":"https:\/\/webnemji.azurewebsites.net\/en\/wp-json\/wp\/v2\/pages\/24488"}],"wp:featuredmedia":[{"embeddable":true,"href":"https:\/\/webnemji.azurewebsites.net\/en\/wp-json\/wp\/v2\/media\/17152"}],"wp:attachment":[{"href":"https:\/\/webnemji.azurewebsites.net\/en\/wp-json\/wp\/v2\/media?parent=24569"}],"wp:term":[{"taxonomy":"category","embeddable":true,"href":"https:\/\/webnemji.azurewebsites.net\/en\/wp-json\/wp\/v2\/categories?post=24569"}],"curies":[{"name":"wp","href":"https:\/\/api.w.org\/{rel}","templated":true}]}}