{"id":24602,"date":"2023-10-26T10:43:01","date_gmt":"2023-10-26T08:43:01","guid":{"rendered":"https:\/\/nemji.rs-kovarik.cz\/?page_id=24602"},"modified":"2024-05-14T10:18:19","modified_gmt":"2024-05-14T08:18:19","slug":"spektrum-pece","status":"publish","type":"page","link":"https:\/\/webnemji.azurewebsites.net\/en\/oddeleni\/otorinolaryngologicke-oddeleni\/spektrum-pece\/","title":{"rendered":"Spectrum of provided care"},"content":{"rendered":"<div id=\"cmsmasters_row_6iluctg3hk\" class=\"cmsmasters_row cmsmasters_color_scheme_default cmsmasters_row_top_default cmsmasters_row_bot_default cmsmasters_row_boxed\">\n<div class=\"cmsmasters_row_outer_parent\">\n<div class=\"cmsmasters_row_overlay\"><\/div>\n<div class=\"cmsmasters_row_outer\">\n<div class=\"cmsmasters_row_inner\">\n<div class=\"cmsmasters_row_margin\">\n<div id=\"cmsmasters_column_sybg7he2sg\" class=\"cmsmasters_column one_first\">\n<div class=\"cmsmasters_column_inner\"><div id=\"cmsmasters_heading_b3c74b95a0\" class=\"cmsmasters_heading_wrap cmsmasters_heading_align_center pageheadingtitle\">\n\t<h1 class=\"cmsmasters_heading\">Otorinolaryngologick\u00e9 odd\u011blen\u00ed (ORL)<\/h1>\n<\/div>\n<\/div><\/div>\n<\/div>\n<\/div>\n<\/div>\n<\/div>\n<\/div>\n<div id=\"cmsmasters_row_ly5ze1hf8e\" class=\"cmsmasters_row cmsmasters_color_scheme_default cmsmasters_row_top_default cmsmasters_row_bot_default cmsmasters_row_boxed\">\n<div class=\"cmsmasters_row_outer_parent\">\n<div class=\"cmsmasters_row_outer\">\n<div class=\"cmsmasters_row_inner\">\n<div class=\"cmsmasters_row_margin\">\n<div id=\"cmsmasters_column_v67ee6nvg7\" class=\"cmsmasters_column one_first\">\n<div class=\"cmsmasters_column_inner\"><div class=\"cmsmasters_text\">\n<p><nav aria-label=\"breadcrumbs\">\n            <div class=\"breadcrumb-container theme1\">\n                <ol>\n                                    <\/ol>\n            <\/div>\n        <\/nav>    <script type=\"application\/ld+json\">\n        {\n            \"@context\": \"http:\/\/schema.org\",\n            \"@type\": \"BreadcrumbList\",\n            \"itemListElement\": [\n                            ]\n        }\n    <\/script>\n   \n    <script>\n            <\/script>\n<\/p>\n<\/div>\n<\/div><\/div>\n<\/div>\n<\/div>\n<\/div>\n<\/div>\n<\/div>\n<div id=\"cmsmasters_row_3f2f8816dd\" class=\"cmsmasters_row cmsmasters_color_scheme_default cmsmasters_row_top_default cmsmasters_row_bot_default cmsmasters_row_boxed\">\n<div class=\"cmsmasters_row_outer_parent\">\n<div class=\"cmsmasters_row_outer\">\n<div class=\"cmsmasters_row_inner\">\n<div class=\"cmsmasters_row_margin\">\n<div id=\"cmsmasters_column_0a1c5940f5\" class=\"cmsmasters_column one_third stickyinfocolumn\">\n<div class=\"cmsmasters_column_inner\"><div id=\"cmsmasters_heading_rva6m2t32d\" class=\"cmsmasters_heading_wrap cmsmasters_heading_align_center\">\n\t<h3 class=\"cmsmasters_heading\">Informace o odd\u011blen\u00ed<\/h3>\n<\/div>\n<div id=\"cmsmasters_divider_dpp34mcdj5\" class=\"cmsmasters_divider cmsmasters_divider_width_short cmsmasters_divider_pos_center\"><\/div>\n<div class=\"cmsmasters_sidebar sidebar_layout_11 sidebar-custom-menu\"><aside id=\"nav_menu-47\" class=\"widget widget_nav_menu\"><div class=\"menu-oddeleni-orl-container\"><ul id=\"menu-oddeleni-orl\" class=\"menu\"><li id=\"menu-item-24494\" class=\"menu-item menu-item-type-custom menu-item-object-custom menu-item-24494\"><a href=\"\/oddeleni\/otorinolaryngologicke-oddeleni\/#popis-oddeleni\" data-ps2id-api=\"true\"><i class=\"fa-solid fa-info\"><\/i> Popis odd\u011blen\u00ed<\/a><\/li>\n<li id=\"menu-item-24495\" class=\"menu-item menu-item-type-custom menu-item-object-custom menu-item-24495\"><a href=\"\/oddeleni\/otorinolaryngologicke-oddeleni\/#personalni-obsazeni\" data-ps2id-api=\"true\"><i class=\"fa-solid fa-user-doctor\"><\/i> Person\u00e1ln\u00ed obsazen\u00ed<\/a><\/li>\n<li id=\"menu-item-24496\" class=\"menu-item menu-item-type-custom menu-item-object-custom menu-item-24496\"><a href=\"\/oddeleni\/otorinolaryngologicke-oddeleni\/#ordinacni-hodiny\" data-ps2id-api=\"true\"><i class=\"fa-regular fa-clock\"><\/i> Ordina\u010dn\u00ed hodiny<\/a><\/li>\n<li id=\"menu-item-24497\" class=\"menu-item menu-item-type-custom menu-item-object-custom menu-item-24497\"><a href=\"\/oddeleni\/otorinolaryngologicke-oddeleni\/#kontaktni-informace\" data-ps2id-api=\"true\"><i class=\"fa-solid fa-phone\"><\/i> Kontaktn\u00ed informace<\/a><\/li>\n<li id=\"menu-item-24498\" class=\"menu-item menu-item-type-custom menu-item-object-custom menu-item-24498\"><a href=\"\/oddeleni\/otorinolaryngologicke-oddeleni\/#kde-nas-najdete\" data-ps2id-api=\"true\"><i class=\"fa-solid fa-location-dot\"><\/i> Kde n\u00e1s najdete<\/a><\/li>\n<li id=\"menu-item-24499\" class=\"menu-item menu-item-type-custom menu-item-object-custom menu-item-24499\"><a href=\"\/oddeleni\/otorinolaryngologicke-oddeleni\/#fotogalerie\" data-ps2id-api=\"true\"><i class=\"fa-solid fa-camera\"><\/i> Fotogalerie<\/a><\/li>\n<li id=\"menu-item-24500\" class=\"menu-custom-separator menu-item menu-item-type-custom menu-item-object-custom menu-item-24500\"><hr class=\"mhm-menu-separator\"><\/li>\n<li id=\"menu-item-24501\" class=\"static-link menu-item menu-item-type-custom menu-item-object-custom menu-item-24501\"><a href=\"\/oddeleni\/otorinolaryngologicke-oddeleni\/orl-ambulance\/\" data-ps2id-api=\"true\"><i class=\"fa-solid fa-house-medical\"><\/i> Ambulance<\/a><\/li>\n<li id=\"menu-item-24502\" class=\"static-link menu-item menu-item-type-custom menu-item-object-custom menu-item-24502\"><a href=\"\/oddeleni\/otorinolaryngologicke-oddeleni\/luzkova-cast\/\" data-ps2id-api=\"true\"><i class=\"fa-solid fa-bed-pulse\"><\/i> L\u016f\u017ekov\u00e1 \u010d\u00e1st<\/a><\/li>\n<li id=\"menu-item-24503\" class=\"static-link menu-item menu-item-type-custom menu-item-object-custom menu-item-24503\"><a href=\"\/oddeleni\/otorinolaryngologicke-oddeleni\/informace-pro-pacienty\/\" data-ps2id-api=\"true\"><i class=\"fa-regular fa-circle-question\"><\/i> Informace pro pacienty<\/a><\/li>\n<li id=\"menu-item-24601\" class=\"static-link menu-item menu-item-type-custom menu-item-object-custom menu-item-24601\"><a href=\"\/oddeleni\/otorinolaryngologicke-oddeleni\/spektrum-pece\/\" data-ps2id-api=\"true\"><i class=\"fa-solid fa-stethoscope\"><\/i> Spektrum p\u00e9\u010de<\/a><\/li>\n<\/ul><\/div><\/aside><div class=\"cl\"><\/div>\n<\/div>\n<\/div><\/div>\n<div id=\"cmsmasters_column_k7vlyuz4yq\" class=\"cmsmasters_column two_third\">\n<div class=\"cmsmasters_column_inner\"><div id=\"cmsmasters_heading_0cx4mcjjyd\" class=\"cmsmasters_heading_wrap cmsmasters_heading_align_left\">\n\t<h2 class=\"cmsmasters_heading\">Spektrum p\u00e9\u010de<\/h2>\n<\/div>\n<div id=\"cmsmasters_divider_hgdnxm8b9\" class=\"cmsmasters_divider cmsmasters_divider_width_short cmsmasters_divider_pos_left\"><\/div>\n<div class=\"cmsmasters_text\">\n<p>K operac\u00edm se m\u016f\u017eete na z\u00e1klad\u011b p\u0159edchoz\u00edho vy\u0161et\u0159en\u00ed ORL specialisty objednat telefonicky na \u010d\u00edsle <a href=\"tel:+420731628860\"><strong>+420 731 628 860<\/strong><\/a> v \u010dase od 10:00 do 12:00 v pracovn\u00ed dny. K objedn\u00e1n\u00ed je t\u0159eba zn\u00e1t p\u0159esn\u011b rozsah doporu\u010den\u00e9 operace a jm\u00e9no doporu\u010duj\u00edc\u00edho l\u00e9ka\u0159e.<br \/>\nPokud si p\u0159ejete indikaci k operaci konzultovat s l\u00e9ka\u0159i na\u0161eho odd\u011blen\u00ed, je nutn\u00e9 se objednat p\u0159es e-ambulanci k vy\u0161et\u0159en\u00ed.<br \/>\nVedouc\u00ed odd\u011blen\u00ed si vyhrazuje pr\u00e1vo v z\u00e1va\u017en\u00fdch p\u0159\u00edpadech objednanou operaci zru\u0161it, o t\u00e9to skute\u010dnosti bude objednan\u00fd pacient telefonicky informov\u00e1n a domluven n\u00e1hradn\u00ed term\u00edn.<br \/>\nOperace jsou prov\u00e1d\u011bny na Centr\u00e1ln\u00edch opera\u010dn\u00edch s\u00e1lech nemocnice, prob\u00edhaj\u00ed v\u011bt\u0161inou v celkov\u00e9 anestesii.<\/p>\n<p>&nbsp;<\/p>\n<h5><strong>Spektrum chirurgick\u00e9 p\u00e9\u010de ORL odd\u011blen\u00ed<\/strong><\/h5>\n<ul>\n<li>Resekce ko\u017en\u00edch n\u00e1dor\u016f v oblasti hlavy a krku v\u010detn\u011b rekonstruk\u010dn\u00edch plastick\u00fdch operac\u00ed.<\/li>\n<li>Plastika odst\u00e1t\u00fdch boltc\u016f \u2013 otoplastika.<\/li>\n<li>Plastika perforace u\u0161n\u00edho bub\u00ednku \u2013 myringoplastika.<\/li>\n<li>Sana\u010dn\u00ed operace p\u0159i z\u00e1n\u011btech ucha.<\/li>\n<li>Operace nemoc\u00ed zvukovodu.<\/li>\n<li>Ods\u00e1t\u00ed v\u00fdpotk\u016f ve st\u0159edn\u00edm uchu, p\u0159\u00edpadn\u011b se zaveden\u00edm ventila\u010dn\u00edch trubi\u010dek.<\/li>\n<li>Korek\u010dn\u00ed operace nosn\u00ed p\u0159ep\u00e1\u017eky \u2013 septoplastika.<\/li>\n<li>Endoskopick\u00e9 operace polyp\u00f3zy nosn\u00ed dutiny a vedlej\u0161\u00edch dutin nosn\u00edch (FESS \u2013 funk\u010dn\u00ed endoskopick\u00e1 chirurgie vedlej\u0161\u00edch nosn\u00edch dutin, s vyu\u017eit\u00edm CT navigace).<\/li>\n<li>Korek\u010dn\u00ed operace perforac\u00ed nosn\u00ed p\u0159ep\u00e1\u017eky.<\/li>\n<li>Dacryocystorhinostomie (DCRS) \u2013 n\u00e1hradn\u00ed vy\u00fast\u011bn\u00ed slzn\u00fdch cest do nosn\u00ed dutiny s asistenc\u00ed o\u010dn\u00edho l\u00e9ka\u0159e.<\/li>\n<li>Endoskopick\u00e1 adenotomie \u2013 odstran\u011bn\u00ed adenoidn\u00edch vegetac\u00ed, tzv. nosn\u00edch mandl\u00ed, s kontrolou opera\u010dn\u00edho pole pomoc\u00ed endoskopick\u00e9 optiky s minimalizac\u00ed rizik poopera\u010dn\u00edho krv\u00e1cen\u00ed a pozd\u011bj\u0161\u00edho dor\u016fst\u00e1n\u00ed mandle. \u010cetnost revizn\u00edch operac\u00ed z d\u016fvodu krv\u00e1cen\u00ed po operaci je na na\u0161em pracovi\u0161ti pod 1 %.<\/li>\n<li>Operace kr\u010dn\u00edch mandl\u00ed \u2013 tonzilektomie \u2013 odstran\u011bn\u00ed mandl\u00ed, tonzilotomie \u2013 zmen\u0161en\u00ed kr\u010dn\u00edch mandl\u00ed.<\/li>\n<li>Diagnostick\u00e9 a l\u00e9\u010debn\u00e9 operace n\u00e1dor\u016f a jin\u00fdch patologi\u00ed sliznice dutiny \u00fastn\u00ed, jazyka, hltanu, hrtanu a j\u00edcnu (s vyu\u017eit\u00edm opera\u010dn\u00edho mikroskopu a endoskop\u016f).<\/li>\n<li>Operace v oblasti d\u00fdchac\u00edch cest z d\u016fvodu chr\u00e1p\u00e1n\u00ed a syndromu dechov\u00fdch pauz ve sp\u00e1nku (Sleep apnoe syndrom). N\u011bkter\u00e9 z t\u011bchto v\u00fdkon\u016f prov\u00e1d\u00edme ambulantn\u011b metodou RFITT (radiofrenkven\u010dn\u011b indukovan\u00e1 termoterapie).<\/li>\n<li>Tracheostomie \u2013 n\u00e1hradn\u00ed vy\u00fast\u011bn\u00ed d\u00fdchac\u00edch cest na krku.<\/li>\n<li>Operace z\u00e1n\u011bt\u016f hlubok\u00fdch kr\u010dn\u00edch prostor\u016f.<\/li>\n<li>Exstirpace kr\u010dn\u00edch uzlin a cyst.<\/li>\n<li>Blokov\u00e9 kr\u010dn\u00ed disekce.<\/li>\n<li>Operace p\u0159\u00edu\u0161n\u00edch a pod\u010delistn\u00edch slinn\u00fdch \u017el\u00e1z.<\/li>\n<li>Opera\u010dn\u00ed \u0159e\u0161en\u00ed \u00faraz\u016f hlavy a krku.<\/li>\n<li>Plastick\u00e9 z\u00e1kryty p\u0159etrv\u00e1vaj\u00edc\u00edch komunikac\u00ed po extrakc\u00edch zub\u016f.<\/li>\n<li>Rekonstrukce zlomenin obli\u010dejov\u00e9ho skeletu v\u010detn\u011b o\u010dnice.<\/li>\n<\/ul>\n<\/div>\n<\/div><\/div>\n<\/div>\n<\/div>\n<\/div>\n<\/div>\n<\/div>\n\n","protected":false},"excerpt":{"rendered":"","protected":false},"author":1,"featured_media":17152,"parent":24488,"menu_order":0,"comment_status":"closed","ping_status":"closed","template":"","meta":{"pgc_sgb_lightbox_settings":"","footnotes":"","_links_to":"","_links_to_target":""},"categories":[85],"class_list":["post-24602","page","type-page","status-publish","has-post-thumbnail","hentry","category-page-oddeleni"],"publishpress_future_action":{"enabled":false,"date":"2026-04-19 00:25:28","action":"change-status","newStatus":"draft","terms":[],"taxonomy":"category","extraData":[]},"publishpress_future_workflow_manual_trigger":{"enabledWorkflows":[]},"_links":{"self":[{"href":"https:\/\/webnemji.azurewebsites.net\/en\/wp-json\/wp\/v2\/pages\/24602","targetHints":{"allow":["GET"]}}],"collection":[{"href":"https:\/\/webnemji.azurewebsites.net\/en\/wp-json\/wp\/v2\/pages"}],"about":[{"href":"https:\/\/webnemji.azurewebsites.net\/en\/wp-json\/wp\/v2\/types\/page"}],"author":[{"embeddable":true,"href":"https:\/\/webnemji.azurewebsites.net\/en\/wp-json\/wp\/v2\/users\/1"}],"replies":[{"embeddable":true,"href":"https:\/\/webnemji.azurewebsites.net\/en\/wp-json\/wp\/v2\/comments?post=24602"}],"version-history":[{"count":0,"href":"https:\/\/webnemji.azurewebsites.net\/en\/wp-json\/wp\/v2\/pages\/24602\/revisions"}],"up":[{"embeddable":true,"href":"https:\/\/webnemji.azurewebsites.net\/en\/wp-json\/wp\/v2\/pages\/24488"}],"wp:featuredmedia":[{"embeddable":true,"href":"https:\/\/webnemji.azurewebsites.net\/en\/wp-json\/wp\/v2\/media\/17152"}],"wp:attachment":[{"href":"https:\/\/webnemji.azurewebsites.net\/en\/wp-json\/wp\/v2\/media?parent=24602"}],"wp:term":[{"taxonomy":"category","embeddable":true,"href":"https:\/\/webnemji.azurewebsites.net\/en\/wp-json\/wp\/v2\/categories?post=24602"}],"curies":[{"name":"wp","href":"https:\/\/api.w.org\/{rel}","templated":true}]}}