{"id":24669,"date":"2023-10-26T12:55:03","date_gmt":"2023-10-26T10:55:03","guid":{"rendered":"https:\/\/nemji.rs-kovarik.cz\/?page_id=24669"},"modified":"2025-08-07T14:37:37","modified_gmt":"2025-08-07T12:37:37","slug":"aktualni-akce","status":"publish","type":"page","link":"https:\/\/webnemji.azurewebsites.net\/en\/oddeleni\/centrum-sp-pece\/dobrovolnici\/aktualni-akce\/","title":{"rendered":"In progress"},"content":{"rendered":"<div id=\"cmsmasters_row_6iluctg3hk\" class=\"cmsmasters_row cmsmasters_color_scheme_default cmsmasters_row_top_default cmsmasters_row_bot_default cmsmasters_row_boxed\">\n<div class=\"cmsmasters_row_outer_parent\">\n<div class=\"cmsmasters_row_overlay\"><\/div>\n<div class=\"cmsmasters_row_outer\">\n<div class=\"cmsmasters_row_inner\">\n<div class=\"cmsmasters_row_margin\">\n<div id=\"cmsmasters_column_sybg7he2sg\" class=\"cmsmasters_column one_first\">\n<div class=\"cmsmasters_column_inner\"><div id=\"cmsmasters_heading_b3c74b95a0\" class=\"cmsmasters_heading_wrap cmsmasters_heading_align_center pageheadingtitle\">\n\t<h1 class=\"cmsmasters_heading\">Aktu\u00e1ln\u00ed akce<\/h1>\n<\/div>\n<\/div><\/div>\n<\/div>\n<\/div>\n<\/div>\n<\/div>\n<\/div>\n<div id=\"cmsmasters_row_ly5ze1hf8e\" class=\"cmsmasters_row cmsmasters_color_scheme_default cmsmasters_row_top_default cmsmasters_row_bot_default cmsmasters_row_boxed\">\n<div class=\"cmsmasters_row_outer_parent\">\n<div class=\"cmsmasters_row_outer\">\n<div class=\"cmsmasters_row_inner\">\n<div class=\"cmsmasters_row_margin\">\n<div id=\"cmsmasters_column_v67ee6nvg7\" class=\"cmsmasters_column one_first\">\n<div class=\"cmsmasters_column_inner\"><div class=\"cmsmasters_text\">\n<p><nav aria-label=\"breadcrumbs\">\n            <div class=\"breadcrumb-container theme1\">\n                <ol>\n                                    <\/ol>\n            <\/div>\n        <\/nav>    <script type=\"application\/ld+json\">\n        {\n            \"@context\": \"http:\/\/schema.org\",\n            \"@type\": \"BreadcrumbList\",\n            \"itemListElement\": [\n                            ]\n        }\n    <\/script>\n   \n    <script>\n            <\/script>\n<\/p>\n<\/div>\n<\/div><\/div>\n<\/div>\n<\/div>\n<\/div>\n<\/div>\n<\/div>\n<div id=\"cmsmasters_row_3f2f8816dd\" class=\"cmsmasters_row cmsmasters_color_scheme_default cmsmasters_row_top_default cmsmasters_row_bot_default cmsmasters_row_boxed\">\n<div class=\"cmsmasters_row_outer_parent\">\n<div class=\"cmsmasters_row_outer\">\n<div class=\"cmsmasters_row_inner\">\n<div class=\"cmsmasters_row_margin\">\n<div id=\"cmsmasters_column_0a1c5940f5\" class=\"cmsmasters_column one_third stickyinfocolumn\">\n<div class=\"cmsmasters_column_inner\"><div id=\"cmsmasters_heading_rva6m2t32d\" class=\"cmsmasters_heading_wrap cmsmasters_heading_align_center\">\n\t<h3 class=\"cmsmasters_heading\">Informace o odd\u011blen\u00ed<\/h3>\n<\/div>\n<div id=\"cmsmasters_divider_dpp34mcdj5\" class=\"cmsmasters_divider cmsmasters_divider_width_short cmsmasters_divider_pos_center\"><\/div>\n<div class=\"cmsmasters_sidebar sidebar_layout_11 sidebar-custom-menu\"><aside id=\"nav_menu-43\" class=\"widget widget_nav_menu\"><div class=\"menu-dobrovolnici-container\"><ul id=\"menu-dobrovolnici\" class=\"menu\"><li id=\"menu-item-23775\" class=\"menu-item menu-item-type-custom menu-item-object-custom menu-item-23775\"><a href=\"\/oddeleni\/centrum-sp-pece\/dobrovolnici\/#popis-oddeleni\" data-ps2id-api=\"true\"><i class=\"fa-solid fa-info\"><\/i> Popis odd\u011blen\u00ed<\/a><\/li>\n<li id=\"menu-item-23776\" class=\"menu-item menu-item-type-custom menu-item-object-custom menu-item-23776\"><a href=\"\/oddeleni\/centrum-sp-pece\/dobrovolnici\/#personalni-obsazeni\" data-ps2id-api=\"true\"><i class=\"fa-solid fa-user-doctor\"><\/i> Koordin\u00e1to\u0159i<\/a><\/li>\n<li id=\"menu-item-23777\" class=\"menu-item menu-item-type-custom menu-item-object-custom menu-item-23777\"><a href=\"\/oddeleni\/centrum-sp-pece\/dobrovolnici\/#nase-aktivity\" data-ps2id-api=\"true\"><i class=\"fa-solid fa-door-open\"><\/i> Na\u0161e aktivity<\/a><\/li>\n<li id=\"menu-item-23778\" class=\"menu-item menu-item-type-custom menu-item-object-custom menu-item-23778\"><a href=\"\/oddeleni\/centrum-sp-pece\/dobrovolnici\/#kontaktni-informace\" data-ps2id-api=\"true\"><i class=\"fa-solid fa-phone\"><\/i> Kontaktn\u00ed informace<\/a><\/li>\n<li id=\"menu-item-23780\" class=\"menu-item menu-item-type-custom menu-item-object-custom menu-item-23780\"><a href=\"\/oddeleni\/centrum-sp-pece\/dobrovolnici\/#fotogalerie\" data-ps2id-api=\"true\"><i class=\"fa-solid fa-camera\"><\/i> Fotogalerie<\/a><\/li>\n<li id=\"menu-item-23781\" class=\"menu-custom-separator menu-item menu-item-type-custom menu-item-object-custom menu-item-23781\"><hr class=\"mhm-menu-separator\"><\/li>\n<li id=\"menu-item-24328\" class=\"static-link menu-item menu-item-type-custom menu-item-object-custom menu-item-24328\"><a href=\"\/oddeleni\/centrum-sp-pece\/dobrovolnici\/aktualni-akce\/\" data-ps2id-api=\"true\"><i class=\"fa-solid fa-bell\"><\/i>Aktu\u00e1ln\u011b prob\u00edh\u00e1<\/a><\/li>\n<li id=\"menu-item-24330\" class=\"static-link menu-item menu-item-type-custom menu-item-object-custom menu-item-24330\"><a href=\"\/oddeleni\/centrum-sp-pece\/dobrovolnici\/chci-byt-dobrovolnikem\/\" data-ps2id-api=\"true\"><i class=\"fa-solid fa-person-circle-question\"><\/i>Chci se st\u00e1t dobrovoln\u00edkem<\/a><\/li>\n<li id=\"menu-item-23782\" class=\"static-link menu-item menu-item-type-custom menu-item-object-custom menu-item-23782\"><a href=\"\/oddeleni\/centrum-sp-pece\/dobrovolnici\/probehle-akce\" data-ps2id-api=\"true\"><i class=\"fa-solid fa-newspaper\"><\/i>Prob\u011bhl\u00e9 akce<\/a><\/li>\n<\/ul><\/div><\/aside><div class=\"cl\"><\/div>\n<\/div>\n<\/div><\/div>\n<div id=\"cmsmasters_column_k7vlyuz4yq\" class=\"cmsmasters_column two_third\">\n<div class=\"cmsmasters_column_inner\">\n<div id=\"cmsmasters_divider_w0qg654ryr\" class=\"cmsmasters_divider cmsmasters_divider_width_short cmsmasters_divider_pos_left\"><\/div>\n<div class=\"cmsmasters_text\">\n<p><a href=\"\/wp-content\/uploads\/2025\/08\/PISU-VAm-A4.png\"><img loading=\"lazy\" decoding=\"async\" class=\"aligncenter wp-image-33935\" src=\"\/wp-content\/uploads\/2025\/08\/PISU-VAm-A4.png\" alt=\"\" width=\"400\" height=\"566\" srcset=\"\/wp-content\/uploads\/2025\/08\/PISU-VAm-A4.png 1414w, \/wp-content\/uploads\/2025\/08\/PISU-VAm-A4-212x300.png 212w, \/wp-content\/uploads\/2025\/08\/PISU-VAm-A4-724x1024.png 724w, \/wp-content\/uploads\/2025\/08\/PISU-VAm-A4-768x1086.png 768w, \/wp-content\/uploads\/2025\/08\/PISU-VAm-A4-1086x1536.png 1086w, \/wp-content\/uploads\/2025\/08\/PISU-VAm-A4-8x12.png 8w, \/wp-content\/uploads\/2025\/08\/PISU-VAm-A4-580x820.png 580w, \/wp-content\/uploads\/2025\/08\/PISU-VAm-A4-860x1216.png 860w, \/wp-content\/uploads\/2025\/08\/PISU-VAm-A4-1160x1641.png 1160w\" sizes=\"auto, (max-width: 400px) 100vw, 400px\" \/><\/a><\/p>\n<\/div>\n\n<div id=\"cmsmasters_divider_hgdnxm8b9\" class=\"cl\"><\/div>\n<\/div><\/div>\n<\/div>\n<\/div>\n<\/div>\n<\/div>\n<\/div>\n\n","protected":false},"excerpt":{"rendered":"","protected":false},"author":5,"featured_media":24262,"parent":24116,"menu_order":0,"comment_status":"closed","ping_status":"closed","template":"","meta":{"pgc_sgb_lightbox_settings":"","footnotes":"","_links_to":"","_links_to_target":""},"categories":[85],"class_list":["post-24669","page","type-page","status-publish","has-post-thumbnail","hentry","category-page-oddeleni"],"publishpress_future_action":{"enabled":false,"date":"2026-04-23 20:04:23","action":"change-status","newStatus":"draft","terms":[],"taxonomy":"category","extraData":[]},"publishpress_future_workflow_manual_trigger":{"enabledWorkflows":[]},"_links":{"self":[{"href":"https:\/\/webnemji.azurewebsites.net\/en\/wp-json\/wp\/v2\/pages\/24669","targetHints":{"allow":["GET"]}}],"collection":[{"href":"https:\/\/webnemji.azurewebsites.net\/en\/wp-json\/wp\/v2\/pages"}],"about":[{"href":"https:\/\/webnemji.azurewebsites.net\/en\/wp-json\/wp\/v2\/types\/page"}],"author":[{"embeddable":true,"href":"https:\/\/webnemji.azurewebsites.net\/en\/wp-json\/wp\/v2\/users\/5"}],"replies":[{"embeddable":true,"href":"https:\/\/webnemji.azurewebsites.net\/en\/wp-json\/wp\/v2\/comments?post=24669"}],"version-history":[{"count":0,"href":"https:\/\/webnemji.azurewebsites.net\/en\/wp-json\/wp\/v2\/pages\/24669\/revisions"}],"up":[{"embeddable":true,"href":"https:\/\/webnemji.azurewebsites.net\/en\/wp-json\/wp\/v2\/pages\/24116"}],"wp:featuredmedia":[{"embeddable":true,"href":"https:\/\/webnemji.azurewebsites.net\/en\/wp-json\/wp\/v2\/media\/24262"}],"wp:attachment":[{"href":"https:\/\/webnemji.azurewebsites.net\/en\/wp-json\/wp\/v2\/media?parent=24669"}],"wp:term":[{"taxonomy":"category","embeddable":true,"href":"https:\/\/webnemji.azurewebsites.net\/en\/wp-json\/wp\/v2\/categories?post=24669"}],"curies":[{"name":"wp","href":"https:\/\/api.w.org\/{rel}","templated":true}]}}