{"id":24672,"date":"2023-10-26T12:56:32","date_gmt":"2023-10-26T10:56:32","guid":{"rendered":"https:\/\/nemji.rs-kovarik.cz\/?page_id=24672"},"modified":"2024-11-11T13:54:16","modified_gmt":"2024-11-11T12:54:16","slug":"gastroenterologicke-ambulance","status":"publish","type":"page","link":"https:\/\/webnemji.azurewebsites.net\/en\/oddeleni\/gastroenterologicke-pracoviste\/gastroenterologicke-ambulance\/","title":{"rendered":"Gastroenterology clinics"},"content":{"rendered":"<div id=\"cmsmasters_row_6iluctg3hk\" class=\"cmsmasters_row cmsmasters_color_scheme_default cmsmasters_row_top_default cmsmasters_row_bot_default cmsmasters_row_boxed\">\n<div class=\"cmsmasters_row_outer_parent\">\n<div class=\"cmsmasters_row_overlay\"><\/div>\n<div class=\"cmsmasters_row_outer\">\n<div class=\"cmsmasters_row_inner\">\n<div class=\"cmsmasters_row_margin\">\n<div id=\"cmsmasters_column_sybg7he2sg\" class=\"cmsmasters_column one_first\">\n<div class=\"cmsmasters_column_inner\"><div id=\"cmsmasters_heading_b3c74b95a0\" class=\"cmsmasters_heading_wrap cmsmasters_heading_align_center pageheadingtitle\">\n\t<h1 class=\"cmsmasters_heading\">Gastroenterologick\u00e9 pracovi\u0161t\u011b<\/h1>\n<\/div>\n<\/div><\/div>\n<\/div>\n<\/div>\n<\/div>\n<\/div>\n<\/div>\n<div id=\"cmsmasters_row_ly5ze1hf8e\" class=\"cmsmasters_row cmsmasters_color_scheme_default cmsmasters_row_top_default cmsmasters_row_bot_default cmsmasters_row_boxed\">\n<div class=\"cmsmasters_row_outer_parent\">\n<div class=\"cmsmasters_row_outer\">\n<div class=\"cmsmasters_row_inner\">\n<div class=\"cmsmasters_row_margin\">\n<div id=\"cmsmasters_column_v67ee6nvg7\" class=\"cmsmasters_column one_first\">\n<div class=\"cmsmasters_column_inner\"><div class=\"cmsmasters_text\">\n<p><nav aria-label=\"breadcrumbs\">\n            <div class=\"breadcrumb-container theme1\">\n                <ol>\n                                    <\/ol>\n            <\/div>\n        <\/nav>    <script type=\"application\/ld+json\">\n        {\n            \"@context\": \"http:\/\/schema.org\",\n            \"@type\": \"BreadcrumbList\",\n            \"itemListElement\": [\n                            ]\n        }\n    <\/script>\n   \n    <script>\n            <\/script>\n<\/p>\n<\/div>\n<\/div><\/div>\n<\/div>\n<\/div>\n<\/div>\n<\/div>\n<\/div>\n<div id=\"cmsmasters_row_3f2f8816dd\" class=\"cmsmasters_row cmsmasters_color_scheme_default cmsmasters_row_top_default cmsmasters_row_bot_default cmsmasters_row_boxed\">\n<div class=\"cmsmasters_row_outer_parent\">\n<div class=\"cmsmasters_row_outer\">\n<div class=\"cmsmasters_row_inner\">\n<div class=\"cmsmasters_row_margin\">\n<div id=\"cmsmasters_column_0a1c5940f5\" class=\"cmsmasters_column one_third stickyinfocolumn\">\n<div class=\"cmsmasters_column_inner\"><div id=\"cmsmasters_heading_rva6m2t32d\" class=\"cmsmasters_heading_wrap cmsmasters_heading_align_center\">\n\t<h3 class=\"cmsmasters_heading\">Informace o odd\u011blen\u00ed<\/h3>\n<\/div>\n<div id=\"cmsmasters_divider_dpp34mcdj5\" class=\"cmsmasters_divider cmsmasters_divider_width_short cmsmasters_divider_pos_center\"><\/div>\n<div class=\"cmsmasters_sidebar sidebar_layout_11 sidebar-custom-menu\"><aside id=\"nav_menu-45\" class=\"widget widget_nav_menu\"><div class=\"menu-oddeleni-gas-container\"><ul id=\"menu-oddeleni-gas\" class=\"menu\"><li id=\"menu-item-23957\" class=\"menu-item menu-item-type-custom menu-item-object-custom menu-item-23957\"><a href=\"\/oddeleni\/gastroenterologicke-pracoviste\/#popis-oddeleni\" data-ps2id-api=\"true\"><i class=\"fa-solid fa-info\"><\/i> Popis odd\u011blen\u00ed<\/a><\/li>\n<li id=\"menu-item-23958\" class=\"menu-item menu-item-type-custom menu-item-object-custom menu-item-23958\"><a href=\"\/oddeleni\/gastroenterologicke-pracoviste\/#personalni-obsazeni\" data-ps2id-api=\"true\"><i class=\"fa-solid fa-user-doctor\"><\/i> Person\u00e1ln\u00ed obsazen\u00ed<\/a><\/li>\n<li id=\"menu-item-23959\" class=\"menu-item menu-item-type-custom menu-item-object-custom menu-item-23959\"><a href=\"\/oddeleni\/gastroenterologicke-pracoviste\/#ordinacni-hodiny\" data-ps2id-api=\"true\"><i class=\"fa-regular fa-clock\"><\/i> Ordina\u010dn\u00ed hodiny<\/a><\/li>\n<li id=\"menu-item-23960\" class=\"menu-item menu-item-type-custom menu-item-object-custom menu-item-23960\"><a href=\"\/oddeleni\/gastroenterologicke-pracoviste\/#kontaktni-informace\" data-ps2id-api=\"true\"><i class=\"fa-solid fa-phone\"><\/i> Kontaktn\u00ed informace<\/a><\/li>\n<li id=\"menu-item-23961\" class=\"menu-item menu-item-type-custom menu-item-object-custom menu-item-23961\"><a href=\"\/oddeleni\/gastroenterologicke-pracoviste\/#kde-nas-najdete\" data-ps2id-api=\"true\"><i class=\"fa-solid fa-location-dot\"><\/i> Kde n\u00e1s najdete<\/a><\/li>\n<li id=\"menu-item-23962\" class=\"menu-item menu-item-type-custom menu-item-object-custom menu-item-23962\"><a href=\"\/oddeleni\/gastroenterologicke-pracoviste\/#fotogalerie\" data-ps2id-api=\"true\"><i class=\"fa-solid fa-camera\"><\/i> Fotogalerie<\/a><\/li>\n<li id=\"menu-item-23963\" class=\"menu-custom-separator menu-item menu-item-type-custom menu-item-object-custom menu-item-23963\"><hr class=\"mhm-menu-separator\"><\/li>\n<li id=\"menu-item-24670\" class=\"static-link menu-item menu-item-type-custom menu-item-object-custom menu-item-24670\"><a href=\"\/oddeleni\/gastroenterologicke-pracoviste\/gastroenterologicke-ambulance\/\" data-ps2id-api=\"true\"><i class=\"fa-solid fa-house-medical\"><\/i> Ambulance<\/a><\/li>\n<li id=\"menu-item-23966\" class=\"static-link menu-item menu-item-type-custom menu-item-object-custom menu-item-23966\"><a href=\"\/oddeleni\/gastroenterologicke-pracoviste\/informace-pro-pacienty\/\" data-ps2id-api=\"true\"><i class=\"fa-solid fa-stethoscope\"><\/i> Informace pro pacienty<\/a><\/li>\n<\/ul><\/div><\/aside><div class=\"cl\"><\/div>\n<\/div>\n<\/div><\/div>\n<div id=\"cmsmasters_column_k7vlyuz4yq\" class=\"cmsmasters_column two_third\">\n<div class=\"cmsmasters_column_inner\"><div class=\"cmsmasters_text hide-index\">\n<p>Gastroenterologick\u00e1 ambulance, Gastroskopie, Kolonoskopie, Nutri\u010dn\u00ed ambulance<\/p>\n<\/div>\n<div id=\"cmsmasters_heading_0cx4mcjjyd\" class=\"cmsmasters_heading_wrap cmsmasters_heading_align_left\">\n\t<h2 class=\"cmsmasters_heading\">Gastroenterologick\u00e9 ambulance<\/h2>\n<\/div>\n<div id=\"cmsmasters_divider_kul4awri6m\" class=\"cmsmasters_divider cmsmasters_divider_width_short cmsmasters_divider_pos_left\"><\/div>\n<div class=\"cmsmasters_text\">\n<section id='' \n                class='helpie-faq accordions ' \n                data-collection='' \n                data-pagination='0' \n                data-search='0' \n                data-pagination-enabled='0'\n                role='region'\n                aria-label='FAQ Section'\n                aria-live='polite'><form class=\"search\" onSubmit=\"return false;\"><div class=\"search__wrapper\"><input type=\"text\" class=\"search__input\" aria-label=\"Search\" role=\"searchbox\" placeholder=\"Vyhledat\"><span class=\"search__icon\"><svg class=\"svg-icon--search\" role=\"img\" xmlns=\"http:\/\/www.w3.org\/2000\/svg\" viewBox=\"0 0 22 22\">\r\n                        <g fill=\"none\" stroke=\"#171717\">\r\n                            <path stroke-linecap=\"square\" stroke-width=\"2\" d=\"M18.5 18.3l-5.4-5.4\"\/>\r\n                            <circle cx=\"8\" cy=\"8\" r=\"7\" stroke-width=\"2\"\/>\r\n                        <\/g>\r\n                    <\/svg><\/span><\/div><div class=\"search__message\"><\/div><\/form><article class=\"accordion \"><div class='helpie-faq-row'><div class='helpie-faq-col helpie-faq-col-12' ><ul><li class=\"accordion__item \"><div class=\"accordion__header \" \r\n                id=\"accordion-header-post-29092\"\r\n                role=\"button\"\r\n                aria-expanded=\"false\"\r\n                aria-controls=\"accordion-content-post-29092\"\r\n                data-id=\"post-29092\" \r\n                data-item=\"hfaq-post-29092\" \r\n                style=\"background:transparent;\" \r\n                data-tags=\"\"\r\n                tabindex=\"0\"><div class=\"accordion__title\">Centrum pro aplikaci biologick\u00e9 l\u00e9\u010dby<\/div><\/div><div id=\"accordion-content-post-29092\" \r\n                class=\"accordion__body\" \r\n                role=\"region\"\r\n                aria-labelledby=\"accordion-header-post-29092\"\r\n                style=\"background:transparent;\"><table style=\"border-collapse: collapse;width: 99.2089%;height: 122px\" border=\"1\">\n<tbody>\n<tr style=\"height: 10px\">\n<td style=\"width: 16.9857%;height: 10px\"><strong>L\u00e9ka\u0159i:<\/strong><\/td>\n<td class=\"xl26\" style=\"width: 83.0143%;height: 10px\" width=\"256\">MUDr. Marie Tomanov\u00e1 &#8211; vedouc\u00ed l\u00e9ka\u0159ka,<br \/>\nMUDr. Krist\u00fdna \u010cernochov\u00e1, MUDr. Ond\u0159ej Filip, MUDr. Jan Huml, MUDr. Tereza Jel\u00ednkov\u00e1, MUDr. Al\u017eb\u011bta Kubenov\u00e1, MUDr. Jan \u0160korp\u00edk, MUDr. Jana \u0160v\u00edkov\u00e1<br \/>\nPrim. MUDr. Martin Zimen,\u00a0 MUDr. Veronika \u0160peldov\u00e1 &#8211; d\u011btsk\u00e1 gastroenterologie<\/td>\n<\/tr>\n<tr>\n<td style=\"width: 16.9857%\"><strong>Sestra:<\/strong><\/td>\n<td style=\"width: 83.0143%\">Alena Hlav\u00e1\u010dkov\u00e1<\/td>\n<\/tr>\n<tr style=\"height: 24px\">\n<td style=\"width: 16.9857%;height: 24px\"><strong>Telefon:<\/strong><\/td>\n<td style=\"width: 83.0143%;height: 24px\">+420 567 157 138, (p\u0159\u00edpadn\u011b +420 567 157 195)<\/td>\n<\/tr>\n<tr style=\"height: 24px\">\n<td style=\"width: 16.9857%;height: 10px\">\n<div><strong>Ordina\u010dn\u00ed hodiny:<\/strong><\/div>\n<\/td>\n<td style=\"width: 83.0143%;height: 10px\">\n<table style=\"border-collapse: collapse;width: 99.2022%;height: 10px\" border=\"1\">\n<tbody>\n<tr style=\"height: 10px\">\n<td style=\"width: 13.6156%;height: 10px\"><strong>PO<\/strong><strong>\u00a0&#8211; P\u00c1:<\/strong><\/td>\n<td style=\"width: 86.3844%;vertical-align: middle;height: 10px\">7:00 &#8211; 15:00<\/td>\n<\/tr>\n<\/tbody>\n<\/table>\n<\/td>\n<\/tr>\n<tr style=\"height: 18px\">\n<td style=\"width: 100%;height: 18px\" colspan=\"2\">\n<div>\n<hr \/>\n<\/div>\n<\/td>\n<\/tr>\n<tr style=\"height: 24px\">\n<td style=\"width: 16.9857%;height: 24px\"><strong>Kde n\u00e1s najdete:<\/strong><\/td>\n<td style=\"width: 83.0143%;height: 24px\">Budova G,\u00a0 2. poschod\u00ed<\/td>\n<\/tr>\n<\/tbody>\n<\/table>\n<\/div><\/li><li class=\"accordion__item \"><div class=\"accordion__header \" \r\n                id=\"accordion-header-post-26813\"\r\n                role=\"button\"\r\n                aria-expanded=\"false\"\r\n                aria-controls=\"accordion-content-post-26813\"\r\n                data-id=\"post-26813\" \r\n                data-item=\"hfaq-post-26813\" \r\n                style=\"background:transparent;\" \r\n                data-tags=\"\"\r\n                tabindex=\"0\"><div class=\"accordion__title\">Gastroenterologick\u00e1 ambulance<\/div><\/div><div id=\"accordion-content-post-26813\" \r\n                class=\"accordion__body\" \r\n                role=\"region\"\r\n                aria-labelledby=\"accordion-header-post-26813\"\r\n                style=\"background:transparent;\"><table style=\"border-collapse: collapse;width: 99.2089%;height: 144px\" border=\"1\">\n<tbody>\n<tr style=\"height: 10px\">\n<td style=\"width: 16.9857%;height: 10px\"><strong>L\u00e9ka\u0159i:<\/strong><\/td>\n<td class=\"xl26\" style=\"width: 83.0143%;height: 10px\" width=\"256\">MUDr. Marie Tomanov\u00e1 &#8211; vedouc\u00ed l\u00e9ka\u0159ka,<br \/>\nMUDr. Krist\u00fdna \u010cernochov\u00e1, MUDr. Ond\u0159ej Filip, MUDr. Jan Huml, MUDr. Tereza Jel\u00ednkov\u00e1, MUDr. Al\u017eb\u011bta Kubenov\u00e1, MUDr. Jan \u0160korp\u00edk, MUDr. Jana \u0160v\u00edkov\u00e1<\/td>\n<\/tr>\n<tr style=\"height: 18px\">\n<td style=\"width: 16.9857%;height: 18px\" colspan=\"2\">\n<div>\n<hr \/>\n<\/div>\n<\/td>\n<\/tr>\n<tr style=\"height: 24px\">\n<td style=\"width: 16.9857%;height: 24px\"><strong>Telefon:<\/strong><\/td>\n<td style=\"width: 83.0143%;height: 24px\">+420 567 157 195<\/td>\n<\/tr>\n<tr style=\"height: 24px\">\n<td style=\"width: 16.9857%;height: 10px\">\n<div><strong>Ordina\u010dn\u00ed hodiny:<\/strong><\/div>\n<\/td>\n<td style=\"width: 83.0143%;height: 10px\">\n<table style=\"border-collapse: collapse;width: 99.2022%;height: 10px\" border=\"1\">\n<tbody>\n<tr style=\"height: 10px\">\n<td style=\"width: 13.6156%;height: 10px\"><strong>PO<\/strong><strong>\u00a0&#8211; P\u00c1:<\/strong><\/td>\n<td style=\"width: 86.3844%;vertical-align: middle;height: 10px\">7:00 &#8211; 8:00 &#8211; odb\u011bry krve pro laboratorn\u00ed vy\u0161et\u0159en\u00ed<\/p>\n<p>7:00 &#8211; 15:00 &#8211; n\u00e1v\u0161t\u011bvy pacient\u016f<\/td>\n<\/tr>\n<\/tbody>\n<\/table>\n<\/td>\n<\/tr>\n<tr style=\"height: 18px\">\n<td style=\"width: 16.9857%;height: 18px\" colspan=\"2\">\n<div>\n<hr \/>\n<\/div>\n<\/td>\n<\/tr>\n<tr style=\"height: 24px\">\n<td style=\"width: 16.9857%;height: 24px\"><strong>Kde n\u00e1s najdete:<\/strong><\/td>\n<td style=\"width: 83.0143%;height: 24px\">Budova G,\u00a0 2. poschod\u00ed<\/td>\n<\/tr>\n<\/tbody>\n<\/table>\n<\/div><\/li><li class=\"accordion__item \"><div class=\"accordion__header \" \r\n                id=\"accordion-header-post-26810\"\r\n                role=\"button\"\r\n                aria-expanded=\"false\"\r\n                aria-controls=\"accordion-content-post-26810\"\r\n                data-id=\"post-26810\" \r\n                data-item=\"hfaq-post-26810\" \r\n                style=\"background:transparent;\" \r\n                data-tags=\"\"\r\n                tabindex=\"0\"><div class=\"accordion__title\">Nutri\u010dn\u00ed ambulance<\/div><\/div><div id=\"accordion-content-post-26810\" \r\n                class=\"accordion__body\" \r\n                role=\"region\"\r\n                aria-labelledby=\"accordion-header-post-26810\"\r\n                style=\"background:transparent;\"><table style=\"border-collapse: collapse;width: 99.2089%;height: 158px\" border=\"1\">\n<tbody>\n<tr style=\"height: 10px\">\n<td style=\"width: 16.9857%;height: 10px\"><strong>L\u00e9ka\u0159i:<\/strong><\/td>\n<td class=\"xl26\" style=\"width: 83.0143%;height: 10px\" width=\"256\">MUDr. Jan Huml<\/td>\n<\/tr>\n<tr style=\"height: 18px\">\n<td style=\"width: 16.9857%;height: 18px\" colspan=\"2\">\n<div>\n<hr \/>\n<\/div>\n<\/td>\n<\/tr>\n<tr style=\"height: 24px\">\n<td style=\"width: 16.9857%;height: 24px\"><strong>Telefon:<\/strong><\/td>\n<td style=\"width: 83.0143%;height: 24px\">+420 567 157 195<\/td>\n<\/tr>\n<tr style=\"height: 18px\">\n<td style=\"width: 16.9857%;height: 18px\" colspan=\"2\">\n<div>\n<hr \/>\n<\/div>\n<\/td>\n<\/tr>\n<tr style=\"height: 24px\">\n<td style=\"width: 16.9857%;height: 24px\"><strong>Zdravotn\u00ed sestry:<\/strong><\/td>\n<td style=\"width: 83.0143%;height: 24px\">*<\/td>\n<\/tr>\n<tr style=\"height: 18px\">\n<td style=\"width: 16.9857%;height: 12px\" colspan=\"2\">\n<div>\n<hr \/>\n<\/div>\n<\/td>\n<\/tr>\n<tr style=\"height: 24px\">\n<td style=\"width: 16.9857%;height: 10px\">\n<div><strong>Ordina\u010dn\u00ed hodiny:<\/strong><\/div>\n<\/td>\n<td style=\"width: 83.0143%;height: 10px\">\n<table style=\"border-collapse: collapse;width: 99.2022%;height: 10px\" border=\"1\">\n<tbody>\n<tr style=\"height: 10px\">\n<td style=\"width: 12.1211%;height: 10px\"><strong>\u00dater\u00fd:<\/strong><\/td>\n<td style=\"width: 87.8789%;vertical-align: middle;height: 10px\">12:00 &#8211; 15:30<\/td>\n<\/tr>\n<\/tbody>\n<\/table>\n<\/td>\n<\/tr>\n<tr style=\"height: 18px\">\n<td style=\"width: 16.9857%;height: 18px\" colspan=\"2\">\n<div>\n<hr \/>\n<\/div>\n<\/td>\n<\/tr>\n<tr style=\"height: 24px\">\n<td style=\"width: 16.9857%;height: 24px\"><strong>Kde n\u00e1s najdete:<\/strong><\/td>\n<td style=\"width: 83.0143%;height: 24px\">Budova G,\u00a0 2. poschod\u00ed<\/td>\n<\/tr>\n<\/tbody>\n<\/table>\n<\/div><\/li><\/ul><\/div><\/div><\/article><\/section>\n<\/div>\n<\/div><\/div>\n<\/div>\n<\/div>\n<\/div>\n<\/div>\n<\/div>\n\n","protected":false},"excerpt":{"rendered":"","protected":false},"author":1,"featured_media":17138,"parent":23955,"menu_order":0,"comment_status":"closed","ping_status":"closed","template":"","meta":{"pgc_sgb_lightbox_settings":"","footnotes":"","_links_to":"","_links_to_target":""},"categories":[85],"class_list":["post-24672","page","type-page","status-publish","has-post-thumbnail","hentry","category-page-oddeleni"],"publishpress_future_action":{"enabled":false,"date":"2026-04-15 21:37:59","action":"change-status","newStatus":"draft","terms":[],"taxonomy":"category","extraData":[]},"publishpress_future_workflow_manual_trigger":{"enabledWorkflows":[]},"_links":{"self":[{"href":"https:\/\/webnemji.azurewebsites.net\/en\/wp-json\/wp\/v2\/pages\/24672","targetHints":{"allow":["GET"]}}],"collection":[{"href":"https:\/\/webnemji.azurewebsites.net\/en\/wp-json\/wp\/v2\/pages"}],"about":[{"href":"https:\/\/webnemji.azurewebsites.net\/en\/wp-json\/wp\/v2\/types\/page"}],"author":[{"embeddable":true,"href":"https:\/\/webnemji.azurewebsites.net\/en\/wp-json\/wp\/v2\/users\/1"}],"replies":[{"embeddable":true,"href":"https:\/\/webnemji.azurewebsites.net\/en\/wp-json\/wp\/v2\/comments?post=24672"}],"version-history":[{"count":0,"href":"https:\/\/webnemji.azurewebsites.net\/en\/wp-json\/wp\/v2\/pages\/24672\/revisions"}],"up":[{"embeddable":true,"href":"https:\/\/webnemji.azurewebsites.net\/en\/wp-json\/wp\/v2\/pages\/23955"}],"wp:featuredmedia":[{"embeddable":true,"href":"https:\/\/webnemji.azurewebsites.net\/en\/wp-json\/wp\/v2\/media\/17138"}],"wp:attachment":[{"href":"https:\/\/webnemji.azurewebsites.net\/en\/wp-json\/wp\/v2\/media?parent=24672"}],"wp:term":[{"taxonomy":"category","embeddable":true,"href":"https:\/\/webnemji.azurewebsites.net\/en\/wp-json\/wp\/v2\/categories?post=24672"}],"curies":[{"name":"wp","href":"https:\/\/api.w.org\/{rel}","templated":true}]}}