{"id":24697,"date":"2023-10-26T13:39:23","date_gmt":"2023-10-26T11:39:23","guid":{"rendered":"https:\/\/nemji.rs-kovarik.cz\/?page_id=24697"},"modified":"2024-04-10T09:34:25","modified_gmt":"2024-04-10T07:34:25","slug":"cista-intermitentni-katetrizace","status":"publish","type":"page","link":"https:\/\/webnemji.azurewebsites.net\/en\/oddeleni\/urologicke-oddeleni\/cista-intermitentni-katetrizace\/","title":{"rendered":"Clean intermittent catheterisation"},"content":{"rendered":"<div id=\"cmsmasters_row_6iluctg3hk\" class=\"cmsmasters_row cmsmasters_color_scheme_default cmsmasters_row_top_default cmsmasters_row_bot_default cmsmasters_row_boxed\">\n<div class=\"cmsmasters_row_outer_parent\">\n<div class=\"cmsmasters_row_overlay\"><\/div>\n<div class=\"cmsmasters_row_outer\">\n<div class=\"cmsmasters_row_inner\">\n<div class=\"cmsmasters_row_margin\">\n<div id=\"cmsmasters_column_sybg7he2sg\" class=\"cmsmasters_column one_first\">\n<div class=\"cmsmasters_column_inner\"><div id=\"cmsmasters_heading_b3c74b95a0\" class=\"cmsmasters_heading_wrap cmsmasters_heading_align_center pageheadingtitle\">\n\t<h1 class=\"cmsmasters_heading\">Urologick\u00e9 odd\u011blen\u00ed<\/h1>\n<\/div>\n<\/div><\/div>\n<\/div>\n<\/div>\n<\/div>\n<\/div>\n<\/div>\n<div id=\"cmsmasters_row_ly5ze1hf8e\" class=\"cmsmasters_row cmsmasters_color_scheme_default cmsmasters_row_top_default cmsmasters_row_bot_default cmsmasters_row_boxed\">\n<div class=\"cmsmasters_row_outer_parent\">\n<div class=\"cmsmasters_row_outer\">\n<div class=\"cmsmasters_row_inner\">\n<div class=\"cmsmasters_row_margin\">\n<div id=\"cmsmasters_column_v67ee6nvg7\" class=\"cmsmasters_column one_first\">\n<div class=\"cmsmasters_column_inner\"><div class=\"cmsmasters_text\">\n<p><nav aria-label=\"breadcrumbs\">\n            <div class=\"breadcrumb-container theme1\">\n                <ol>\n                                    <\/ol>\n            <\/div>\n        <\/nav>    <script type=\"application\/ld+json\">\n        {\n            \"@context\": \"http:\/\/schema.org\",\n            \"@type\": \"BreadcrumbList\",\n            \"itemListElement\": [\n                            ]\n        }\n    <\/script>\n   \n    <script>\n            <\/script>\n<\/p>\n<\/div>\n<\/div><\/div>\n<\/div>\n<\/div>\n<\/div>\n<\/div>\n<\/div>\n<div id=\"cmsmasters_row_3f2f8816dd\" class=\"cmsmasters_row cmsmasters_color_scheme_default cmsmasters_row_top_default cmsmasters_row_bot_default cmsmasters_row_boxed\">\n<div class=\"cmsmasters_row_outer_parent\">\n<div class=\"cmsmasters_row_outer\">\n<div class=\"cmsmasters_row_inner\">\n<div class=\"cmsmasters_row_margin\">\n<div id=\"cmsmasters_column_0a1c5940f5\" class=\"cmsmasters_column one_third stickyinfocolumn\">\n<div class=\"cmsmasters_column_inner\"><div id=\"cmsmasters_heading_rva6m2t32d\" class=\"cmsmasters_heading_wrap cmsmasters_heading_align_center\">\n\t<h3 class=\"cmsmasters_heading\">Informace o odd\u011blen\u00ed<\/h3>\n<\/div>\n<div id=\"cmsmasters_divider_dpp34mcdj5\" class=\"cmsmasters_divider cmsmasters_divider_width_short cmsmasters_divider_pos_center\"><\/div>\n<div class=\"cmsmasters_sidebar sidebar_layout_11 sidebar-custom-menu\"><aside id=\"nav_menu-22\" class=\"widget widget_nav_menu\"><div class=\"menu-oddeleni-url-container\"><ul id=\"menu-oddeleni-url\" class=\"menu\"><li id=\"menu-item-20475\" class=\"menu-item menu-item-type-custom menu-item-object-custom menu-item-20475\"><a href=\"\/oddeleni\/urologicke-oddeleni\/#popis-oddeleni\" data-ps2id-api=\"true\"><i class=\"fa-solid fa-info\"><\/i> Popis odd\u011blen\u00ed<\/a><\/li>\n<li id=\"menu-item-20476\" class=\"menu-item menu-item-type-custom menu-item-object-custom menu-item-20476\"><a href=\"\/oddeleni\/urologicke-oddeleni\/#personalni-obsazeni\" data-ps2id-api=\"true\"><i class=\"fa-solid fa-user-doctor\"><\/i> Person\u00e1ln\u00ed obsazen\u00ed<\/a><\/li>\n<li id=\"menu-item-20477\" class=\"menu-item menu-item-type-custom menu-item-object-custom menu-item-20477\"><a href=\"\/oddeleni\/urologicke-oddeleni\/#oteviraci-hodiny\" data-ps2id-api=\"true\"><i class=\"fa-regular fa-clock\"><\/i> Ordina\u010dn\u00ed hodiny<\/a><\/li>\n<li id=\"menu-item-20479\" class=\"menu-item menu-item-type-custom menu-item-object-custom menu-item-20479\"><a href=\"\/oddeleni\/urologicke-oddeleni\/#kontaktni-informace\" data-ps2id-api=\"true\"><i class=\"fa-solid fa-phone\"><\/i> Kontaktn\u00ed informace<\/a><\/li>\n<li id=\"menu-item-20480\" class=\"menu-item menu-item-type-custom menu-item-object-custom menu-item-20480\"><a href=\"\/oddeleni\/urologicke-oddeleni\/#kde-nas-najdete\" data-ps2id-api=\"true\"><i class=\"fa-solid fa-location-dot\"><\/i> Kde n\u00e1s najdete<\/a><\/li>\n<li id=\"menu-item-20481\" class=\"menu-item menu-item-type-custom menu-item-object-custom menu-item-20481\"><a href=\"\/oddeleni\/urologicke-oddeleni\/#fotogalerie\" data-ps2id-api=\"true\"><i class=\"fa-solid fa-camera\"><\/i> Fotogalerie<\/a><\/li>\n<li id=\"menu-item-20482\" class=\"menu-custom-separator menu-item menu-item-type-custom menu-item-object-custom menu-item-20482\"><hr class=\"mhm-menu-separator\"><\/li>\n<li id=\"menu-item-20523\" class=\"static-link menu-item menu-item-type-custom menu-item-object-custom menu-item-20523\"><a href=\"\/oddeleni\/urologicke-oddeleni\/urologicke-ambulance\/\" data-ps2id-api=\"true\"><i class=\"fa-solid fa-house-medical\"><\/i> Ambulance<\/a><\/li>\n<li id=\"menu-item-21753\" class=\"static-link menu-item menu-item-type-custom menu-item-object-custom menu-item-21753\"><a href=\"\/oddeleni\/urologicke-oddeleni\/luzkova-cast\/\" data-ps2id-api=\"true\"><i class=\"fa-solid fa-bed-pulse\"><\/i> L\u016f\u017ekov\u00e1 \u010d\u00e1st<\/a><\/li>\n<li id=\"menu-item-20484\" class=\"static-link menu-item menu-item-type-custom menu-item-object-custom menu-item-20484\"><a href=\"\/oddeleni\/urologicke-oddeleni\/informovane-souhlasy\/\" data-ps2id-api=\"true\"><i class=\"fa-regular fa-circle-question\"><\/i> Informovan\u00e9 souhlasy<\/a><\/li>\n<li id=\"menu-item-20483\" class=\"static-link menu-item menu-item-type-custom menu-item-object-custom menu-item-20483\"><a href=\"\/oddeleni\/urologicke-oddeleni\/spektrum-pece\/\" data-ps2id-api=\"true\"><i class=\"fa-solid fa-stethoscope\"><\/i> Spektrum p\u00e9\u010de<\/a><\/li>\n<li id=\"menu-item-21028\" class=\"static-link menu-item menu-item-type-custom menu-item-object-custom menu-item-21028\"><a href=\"\/oddeleni\/urologicke-oddeleni\/nadstandardni-sluzby\/\" data-ps2id-api=\"true\"><i class=\"fa-solid fa-square-plus\"><\/i> Nadstandardn\u00ed slu\u017eby<\/a><\/li>\n<li id=\"menu-item-24694\" class=\"static-link menu-item menu-item-type-custom menu-item-object-custom menu-item-24694\"><a href=\"\/oddeleni\/urologicke-oddeleni\/cista-intermitentni-katetrizace\/\/\" data-ps2id-api=\"true\"><i class=\"fa-solid fa-toilet\"><\/i> \u010cist\u00e1 intermitentn\u00ed katetrizace<\/a><\/li>\n<\/ul><\/div><\/aside><div class=\"cl\"><\/div>\n<\/div>\n<\/div><\/div>\n<div id=\"cmsmasters_column_k7vlyuz4yq\" class=\"cmsmasters_column two_third\">\n<div class=\"cmsmasters_column_inner\"><div id=\"cmsmasters_heading_0cx4mcjjyd\" class=\"cmsmasters_heading_wrap cmsmasters_heading_align_left\">\n\t<h2 class=\"cmsmasters_heading\">\u010cist\u00e1 intermitentn\u00ed katetrizace<\/h2>\n<\/div>\n<div id=\"cmsmasters_divider_hgdnxm8b9\" class=\"cmsmasters_divider cmsmasters_divider_width_short cmsmasters_divider_pos_left\"><\/div>\n<div class=\"cmsmasters_text\">\n<div id=\"zahlavi\"><\/div>\n<p>\u010cist\u00e1 intermitentn\u00ed katetrizace (\u010cIK) je metoda, kterou vyu\u017e\u00edvaj\u00ed pacienti na cel\u00e9m sv\u011bt\u011b s dobrou funkc\u00ed horn\u00edch kon\u010detin, kte\u0159\u00ed pozbyli mo\u017enosti vyprazd\u0148ovat mo\u010dov\u00fd m\u011bch\u00fd\u0159\u00a0\u00a0v souvislosti s poran\u011bn\u00edm m\u00edchy po \u00farazu p\u00e1te\u0159e, d\u00e1le v p\u0159\u00edpad\u011b n\u011bkter\u00fdch neurologick\u00fdch onemocn\u011bn\u00ed\u00a0\u00a0(roztrou\u0161en\u00e1 skler\u00f3za, multiplicitn\u00ed syst\u00e9mov\u00e1 atrofie, z\u00edskan\u00e1 \u010di vrozen\u00e1 onemocn\u011bn\u00ed m\u00edchy apod.) a\u00a0\u00a0v\u0161ude tam, kde k z\u00e1stav\u011b mo\u010den\u00ed do\u0161lo\u00a0\u00a0z dosud nezji\u0161t\u011bn\u00fdch p\u0159\u00ed\u010din. \u010cist\u00e1 intermitentn\u00ed katetrizace zaji\u0161\u0165uje kvalitn\u00ed vypr\u00e1zdn\u011bn\u00ed mo\u010dov\u00e9ho m\u011bch\u00fd\u0159e bez nutnosti tla\u010dit. V p\u0159\u00edpad\u011b tla\u010den\u00ed i p\u0159es enormn\u00ed \u00fasil\u00ed pacienta zpravidla nedojde ke kompletn\u00edmu vypr\u00e1zdn\u011bn\u00ed.\u00a0\u00a0Vysokotlak\u00e9 vyprazd\u0148ov\u00e1n\u00ed je spole\u010dn\u011b s vysokotlak\u00fdm pln\u011bn\u00edm m\u011bch\u00fd\u0159e spojen\u00e9\u00a0\u00a0s poruchou transportu mo\u010de z ledvin. Tyto zm\u011bny mohou v\u00e9st postupn\u011b ke ztr\u00e1t\u011b funkce ledvin a jejich z\u00e1niku. K tomu jist\u011b p\u0159isp\u00edvaj\u00ed i opakovan\u00e9 z\u00e1n\u011bty mo\u010dov\u00fdch cest a ledvin, kter\u00e9\u00a0\u00a0se \u010dasto p\u0159i t\u011bchto stavech objevuj\u00ed.<br \/>\nFunk\u010dn\u00ed poruchy doln\u00edch cest mo\u010dov\u00fdch je nutn\u00e9 l\u00e9\u010dit. L\u00e9\u010dba se tradi\u010dn\u011b op\u00edr\u00e1 o \u010distou intermitentn\u00ed katetrizaci, kterou dopl\u0148uj\u00ed medikamenty, p\u0159\u00edpadn\u011b aplikace onabotulinumtoxinu A, v\u00fdjime\u010dn\u011b rekonstruk\u010dn\u00ed operace na mo\u010dov\u00e9m m\u011bch\u00fd\u0159i.<br \/>\nSpeci\u00e1ln\u00ed katetry jsou pln\u011b hrazen\u00e9 poji\u0161\u0165ovnou, \u010detnost katetrizace se \u0159\u00edd\u00ed individu\u00e1ln\u00ed pot\u0159ebou pacienta.<br \/>\nP\u0159ed zah\u00e1jen\u00edm autokatetrizace je pacient podrobn\u011b za\u0161kolen erudovanou sestrou v\u00a0klidn\u00e9m intimn\u00edm prost\u0159ed\u00ed. V p\u0159\u00edpad\u011b mal\u00fdch d\u011bt\u00ed jsou edukov\u00e1ni rodi\u010de.<br \/>\nV\u00a0p\u0159\u00edpad\u011b onemocn\u011bn\u00ed spojen\u00e9ho s\u00a0funk\u010dn\u00ed poruchou doln\u00edch cest mo\u010dov\u00fdch je spr\u00e1vn\u00e1 l\u00e9\u010dba z\u00e1kladn\u00edm p\u0159edpokladem pro v\u00fdznamn\u00e9 zlep\u0161en\u00ed kvality \u017eivota.<\/p>\n<div><strong>Kontakt pro objedn\u00e1n\u00ed katetr\u016f \u010di konzultaci:<\/strong><\/div>\n<p>Email:\u00a0<a href=\"mailto:urodynamika@nemji.cz\"><strong>urodynamika@nemji.cz<\/strong><\/a><br \/>\nTelefon:\u00a0<a href=\"tel:+420567157684\"><strong>+420 567 157 684<\/strong><\/a><\/p>\n<p>&nbsp;<\/p>\n<h5><strong>Od pacient\u016f<\/strong><\/h5>\n<p>Je n\u00e1s mnoho, \u010dasto o sob\u011b ani nev\u00edme, a p\u0159itom se potk\u00e1v\u00e1me na ulici, v\u00a0restaurac\u00edch, na \u00fa\u0159adech, ale i p\u0159i sportu \u010di atraktivn\u00edch dovolen\u00fdch na proslun\u011bn\u00fdch pl\u00e1\u017e\u00edch. Ano n\u00e1s, kte\u0159\u00ed vyprazd\u0148ujeme mo\u010dov\u00fd m\u011bch\u00fd\u0159 pomoc\u00ed katetru. Nezn\u00e1me se snad i proto, \u017ee jde o v\u011bc velmi diskr\u00e9tn\u00ed, o kter\u00e9 nikdo nemus\u00ed v\u011bd\u011bt. Snadno c\u00e9vku my \u017eeny p\u0159id\u00e1me do kosmetick\u00e9\u00a0 bra\u0161ny, elegantn\u00ed kabelky, my mu\u017ei do pracovn\u00ed aktovky, batohu \u010di sportovn\u00ed ta\u0161ky. A na toalet\u011b jsme p\u0159eci odjak\u017eiva sami!<br \/>\nP\u0159esto n\u00e1s napad\u00e1 jestli to v\u0161echno nen\u00ed zbyte\u010dn\u00e9 !?<br \/>\nUr\u010dit\u011b nen\u00ed, vr\u00e1tili jsme se do rodinn\u00e9ho, pracovn\u00edho i spole\u010densk\u00e9ho \u017eivota bez hendikepu.<br \/>\nV soukrom\u00ed si u\u017e\u00edv\u00e1me kr\u00e1sn\u00e9 chv\u00edle, v pr\u00e1ci se pln\u011b soust\u0159ed\u00edme na sv\u00e9 \u00fakoly. Bez obav si domlouv\u00e1me r\u016fzn\u00e9 aktivity na mnoho t\u00fddn\u016f dop\u0159edu. Ano, m\u016f\u017eeme, ji\u017e n\u00e1m nep\u0159ekaz\u00ed \u017e\u00e1dn\u00e1 mo\u010dov\u00e1 infekce na\u0161e pl\u00e1ny. Aktivn\u011b toti\u017e katetrizac\u00ed chr\u00e1n\u00edme sv\u00e9 zdrav\u00ed, sv\u00e9 ledviny, kter\u00e9 mohou p\u0159i spr\u00e1vn\u00e9 funkci m\u011bch\u00fd\u0159e neru\u0161en\u011b pracovat. Mo\u010dov\u00fd m\u011bch\u00fd\u0159 je jejich str\u00e1\u017ecem, a s c\u00e9vkou, p\u0159\u00edpadn\u011b\u00a0 s pot\u0159ebn\u00fdmi l\u00e9ky, te\u010f dob\u0159e chr\u00e1n\u00ed na\u0161e ledviny, na\u0161e zdrav\u00ed. Kdo by cht\u011bl sed\u011bt \u010dasto v p\u0159epln\u011bn\u00fdch \u010dek\u00e1rn\u00e1ch ordinac\u00ed p\u0159ed v\u00fdm\u011bnami trvale zaveden\u00e9ho katetru. Nikdo nechce\u00a0 dyskomfort s t\u00edm spojen\u00fd, \u00a0obavu z krv\u00e1cen\u00ed, z tvorby mo\u010dov\u00fdch kamen\u016f. Nikdo nechce\u00a0 opakovan\u011b u\u017e\u00edvat antibiotika. Nav\u00edc opakovan\u00e9 infekce velmi zat\u011b\u017euj\u00ed n\u00e1\u0161 organismus, kter\u00fd \u010dasto pot\u0159ebuje s\u00edlu jinde.<br \/>\nBez n\u00e1mi u\u017e\u00edvan\u00e9ho katetru je slo\u017eit\u00e9 se vyhnout necht\u011bn\u00e9mu \u00faniku mo\u010de! Kdo by si nep\u0159\u00e1l se trvale zbavit t\u011bchto hygienick\u00fdch pot\u00ed\u017e\u00ed i spole\u010densk\u00fdch trapas\u016f? U\u017e si ani nepamatujeme, kdy se to stalo naposledy, v\u017edy\u0165 s nov\u00fdm vyprazd\u0148ov\u00e1n\u00edm m\u011bch\u00fd\u0159e se kr\u00e1sn\u011b zapom\u00edn\u00e1 na tyto nep\u0159\u00edjemn\u00e9 p\u0159\u00edhody! Bez obav m\u016f\u017eeme v\u0161ude, v\u010detn\u011b baz\u00e9n\u016f \u010di l\u00e1zn\u00ed.<br \/>\nNelze tedy ani trochu pochybovat o spr\u00e1vn\u00e9m rozhodnut\u00ed. Katetr v\u00a0na\u0161ich ruk\u00e1ch je spr\u00e1vn\u00e1 volba.<\/p>\n<\/div>\n<\/div><\/div>\n<\/div>\n<\/div>\n<\/div>\n<\/div>\n<\/div>\n\n","protected":false},"excerpt":{"rendered":"","protected":false},"author":1,"featured_media":17120,"parent":19510,"menu_order":0,"comment_status":"closed","ping_status":"closed","template":"","meta":{"pgc_sgb_lightbox_settings":"","footnotes":"","_links_to":"","_links_to_target":""},"categories":[85],"class_list":["post-24697","page","type-page","status-publish","has-post-thumbnail","hentry","category-page-oddeleni"],"publishpress_future_action":{"enabled":false,"date":"2026-04-21 19:29:41","action":"change-status","newStatus":"draft","terms":[],"taxonomy":"category","extraData":[]},"publishpress_future_workflow_manual_trigger":{"enabledWorkflows":[]},"_links":{"self":[{"href":"https:\/\/webnemji.azurewebsites.net\/en\/wp-json\/wp\/v2\/pages\/24697","targetHints":{"allow":["GET"]}}],"collection":[{"href":"https:\/\/webnemji.azurewebsites.net\/en\/wp-json\/wp\/v2\/pages"}],"about":[{"href":"https:\/\/webnemji.azurewebsites.net\/en\/wp-json\/wp\/v2\/types\/page"}],"author":[{"embeddable":true,"href":"https:\/\/webnemji.azurewebsites.net\/en\/wp-json\/wp\/v2\/users\/1"}],"replies":[{"embeddable":true,"href":"https:\/\/webnemji.azurewebsites.net\/en\/wp-json\/wp\/v2\/comments?post=24697"}],"version-history":[{"count":0,"href":"https:\/\/webnemji.azurewebsites.net\/en\/wp-json\/wp\/v2\/pages\/24697\/revisions"}],"up":[{"embeddable":true,"href":"https:\/\/webnemji.azurewebsites.net\/en\/wp-json\/wp\/v2\/pages\/19510"}],"wp:featuredmedia":[{"embeddable":true,"href":"https:\/\/webnemji.azurewebsites.net\/en\/wp-json\/wp\/v2\/media\/17120"}],"wp:attachment":[{"href":"https:\/\/webnemji.azurewebsites.net\/en\/wp-json\/wp\/v2\/media?parent=24697"}],"wp:term":[{"taxonomy":"category","embeddable":true,"href":"https:\/\/webnemji.azurewebsites.net\/en\/wp-json\/wp\/v2\/categories?post=24697"}],"curies":[{"name":"wp","href":"https:\/\/api.w.org\/{rel}","templated":true}]}}