{"id":24730,"date":"2023-10-26T14:16:29","date_gmt":"2023-10-26T12:16:29","guid":{"rendered":"https:\/\/nemji.rs-kovarik.cz\/?page_id=24730"},"modified":"2024-09-30T14:21:58","modified_gmt":"2024-09-30T12:21:58","slug":"ortopedicke-ambulance","status":"publish","type":"page","link":"https:\/\/webnemji.azurewebsites.net\/en\/oddeleni\/ortopedicke-oddeleni\/ortopedicke-ambulance\/","title":{"rendered":"Orthopaedic clinics"},"content":{"rendered":"<div id=\"cmsmasters_row_6iluctg3hk\" class=\"cmsmasters_row cmsmasters_color_scheme_default cmsmasters_row_top_default cmsmasters_row_bot_default cmsmasters_row_boxed\">\n<div class=\"cmsmasters_row_outer_parent\">\n<div class=\"cmsmasters_row_overlay\"><\/div>\n<div class=\"cmsmasters_row_outer\">\n<div class=\"cmsmasters_row_inner\">\n<div class=\"cmsmasters_row_margin\">\n<div id=\"cmsmasters_column_sybg7he2sg\" class=\"cmsmasters_column one_first\">\n<div class=\"cmsmasters_column_inner\"><div id=\"cmsmasters_heading_b3c74b95a0\" class=\"cmsmasters_heading_wrap cmsmasters_heading_align_center pageheadingtitle\">\n\t<h1 class=\"cmsmasters_heading\">Ortopedick\u00e9 odd\u011blen\u00ed<\/h1>\n<\/div>\n<\/div><\/div>\n<\/div>\n<\/div>\n<\/div>\n<\/div>\n<\/div>\n<div id=\"cmsmasters_row_ly5ze1hf8e\" class=\"cmsmasters_row cmsmasters_color_scheme_default cmsmasters_row_top_default cmsmasters_row_bot_default cmsmasters_row_boxed\">\n<div class=\"cmsmasters_row_outer_parent\">\n<div class=\"cmsmasters_row_outer\">\n<div class=\"cmsmasters_row_inner\">\n<div class=\"cmsmasters_row_margin\">\n<div id=\"cmsmasters_column_v67ee6nvg7\" class=\"cmsmasters_column one_first\">\n<div class=\"cmsmasters_column_inner\"><div class=\"cmsmasters_text\">\n<p><nav aria-label=\"breadcrumbs\">\n            <div class=\"breadcrumb-container theme1\">\n                <ol>\n                                    <\/ol>\n            <\/div>\n        <\/nav>    <script type=\"application\/ld+json\">\n        {\n            \"@context\": \"http:\/\/schema.org\",\n            \"@type\": \"BreadcrumbList\",\n            \"itemListElement\": [\n                            ]\n        }\n    <\/script>\n   \n    <script>\n            <\/script>\n<\/p>\n<\/div>\n<\/div><\/div>\n<\/div>\n<\/div>\n<\/div>\n<\/div>\n<\/div>\n<div id=\"cmsmasters_row_3f2f8816dd\" class=\"cmsmasters_row cmsmasters_color_scheme_default cmsmasters_row_top_default cmsmasters_row_bot_default cmsmasters_row_boxed\">\n<div class=\"cmsmasters_row_outer_parent\">\n<div class=\"cmsmasters_row_outer\">\n<div class=\"cmsmasters_row_inner\">\n<div class=\"cmsmasters_row_margin\">\n<div id=\"cmsmasters_column_0a1c5940f5\" class=\"cmsmasters_column one_third stickyinfocolumn\">\n<div class=\"cmsmasters_column_inner\"><div id=\"cmsmasters_heading_rva6m2t32d\" class=\"cmsmasters_heading_wrap cmsmasters_heading_align_center\">\n\t<h3 class=\"cmsmasters_heading\">Informace o odd\u011blen\u00ed<\/h3>\n<\/div>\n<div id=\"cmsmasters_divider_dpp34mcdj5\" class=\"cmsmasters_divider cmsmasters_divider_width_short cmsmasters_divider_pos_center\"><\/div>\n<div class=\"cmsmasters_sidebar sidebar_layout_11 sidebar-custom-menu\"><aside id=\"nav_menu-49\" class=\"widget widget_nav_menu\"><div class=\"menu-oddeleni-ort-container\"><ul id=\"menu-oddeleni-ort\" class=\"menu\"><li id=\"menu-item-24611\" class=\"menu-item menu-item-type-custom menu-item-object-custom menu-item-24611\"><a href=\"\/oddeleni\/ortopedicke-oddeleni\/#popis-oddeleni\" data-ps2id-api=\"true\"><i class=\"fa-solid fa-info\"><\/i> Popis odd\u011blen\u00ed<\/a><\/li>\n<li id=\"menu-item-24612\" class=\"menu-item menu-item-type-custom menu-item-object-custom menu-item-24612\"><a href=\"\/oddeleni\/ortopedicke-oddeleni\/#personalni-obsazeni\" data-ps2id-api=\"true\"><i class=\"fa-solid fa-user-doctor\"><\/i> Person\u00e1ln\u00ed obsazen\u00ed<\/a><\/li>\n<li id=\"menu-item-24613\" class=\"menu-item menu-item-type-custom menu-item-object-custom menu-item-24613\"><a href=\"\/oddeleni\/ortopedicke-oddeleni\/#ordinacni-hodiny\" data-ps2id-api=\"true\"><i class=\"fa-regular fa-clock\"><\/i> Ordina\u010dn\u00ed hodiny<\/a><\/li>\n<li id=\"menu-item-24614\" class=\"menu-item menu-item-type-custom menu-item-object-custom menu-item-24614\"><a href=\"\/oddeleni\/ortopedicke-oddeleni\/#kontaktni-informace\" data-ps2id-api=\"true\"><i class=\"fa-solid fa-phone\"><\/i> Kontaktn\u00ed informace<\/a><\/li>\n<li id=\"menu-item-24615\" class=\"menu-item menu-item-type-custom menu-item-object-custom menu-item-24615\"><a href=\"\/oddeleni\/ortopedicke-oddeleni\/#kde-nas-najdete\" data-ps2id-api=\"true\"><i class=\"fa-solid fa-location-dot\"><\/i> Kde n\u00e1s najdete<\/a><\/li>\n<li id=\"menu-item-24616\" class=\"menu-item menu-item-type-custom menu-item-object-custom menu-item-24616\"><a href=\"\/oddeleni\/ortopedicke-oddeleni\/#fotogalerie\" data-ps2id-api=\"true\"><i class=\"fa-solid fa-camera\"><\/i> Fotogalerie<\/a><\/li>\n<li id=\"menu-item-24617\" class=\"menu-custom-separator menu-item menu-item-type-custom menu-item-object-custom menu-item-24617\"><hr class=\"mhm-menu-separator\"><\/li>\n<li id=\"menu-item-24618\" class=\"static-link menu-item menu-item-type-custom menu-item-object-custom menu-item-24618\"><a href=\"\/oddeleni\/ortopedicke-oddeleni\/ortopedicke-ambulance\/\" data-ps2id-api=\"true\"><i class=\"fa-solid fa-house-medical\"><\/i> Ambulance<\/a><\/li>\n<li id=\"menu-item-24619\" class=\"static-link menu-item menu-item-type-custom menu-item-object-custom menu-item-24619\"><a href=\"\/oddeleni\/ortopedicke-oddeleni\/luzkova-cast\/\" data-ps2id-api=\"true\"><i class=\"fa-solid fa-bed-pulse\"><\/i> L\u016f\u017ekov\u00e1 \u010d\u00e1st + JIP<\/a><\/li>\n<li id=\"menu-item-24620\" class=\"static-link menu-item menu-item-type-custom menu-item-object-custom menu-item-24620\"><a href=\"\/oddeleni\/ortopedicke-oddeleni\/informace-pro-pacienty\/\" data-ps2id-api=\"true\"><i class=\"fa-regular fa-circle-question\"><\/i> Informace pro pacienty<\/a><\/li>\n<li id=\"menu-item-24621\" class=\"static-link menu-item menu-item-type-custom menu-item-object-custom menu-item-24621\"><a href=\"\/oddeleni\/ortopedicke-oddeleni\/nadstandardni-sluzby\/\" data-ps2id-api=\"true\"><i class=\"fa-solid fa-star\"><\/i> Nadstandardn\u00ed slu\u017eby<\/a><\/li>\n<li id=\"menu-item-28690\" class=\"static-link menu-item menu-item-type-custom menu-item-object-custom menu-item-28690\"><a href=\"\/oddeleni\/ortopedicke-oddeleni\/edukacni-setkani\/\" data-ps2id-api=\"true\"><i class=\"fa-solid fa-book-open-reader\"><\/i> Eduka\u010dn\u00ed setk\u00e1n\u00ed<\/a><\/li>\n<\/ul><\/div><\/aside><div class=\"cl\"><\/div>\n<\/div>\n<\/div><\/div>\n<div id=\"cmsmasters_column_k7vlyuz4yq\" class=\"cmsmasters_column two_third\">\n<div class=\"cmsmasters_column_inner\"><div class=\"cmsmasters_text hide-index\">\n<p>Ortopedie dosp\u011bl\u00ed, Ortopedie d\u011bti<\/p>\n<\/div>\n<div id=\"cmsmasters_heading_0cx4mcjjyd\" class=\"cmsmasters_heading_wrap cmsmasters_heading_align_left\">\n\t<h2 class=\"cmsmasters_heading\">Ortopedick\u00e9 ambulance<\/h2>\n<\/div>\n<div id=\"cmsmasters_divider_kul4awri6m\" class=\"cmsmasters_divider cmsmasters_divider_width_short cmsmasters_divider_pos_left\"><\/div>\n<div class=\"cmsmasters_text\">\n<p style=\"font-weight: 400;\">V\u00e1\u017een\u00ed pacienti,<\/p>\n<p style=\"font-weight: 400;\">vzhledem k person\u00e1ln\u00ed situaci jsme nuceni <strong>omezit provoz ortopedick\u00fdch ambulanc\u00ed ze dvou na jednu ambulanci<\/strong>.<\/p>\n<p style=\"font-weight: 400;\">D\u011bkujeme za pochopen\u00ed.<\/p>\n<p>&nbsp;<\/p>\n<section id='' \n                class='helpie-faq accordions ' \n                data-collection='' \n                data-pagination='0' \n                data-search='0' \n                data-pagination-enabled='0'\n                role='region'\n                aria-label='FAQ Section'\n                aria-live='polite'><form class=\"search\" onSubmit=\"return false;\"><div class=\"search__wrapper\"><input type=\"text\" class=\"search__input\" aria-label=\"Search\" role=\"searchbox\" placeholder=\"Vyhledat\"><span class=\"search__icon\"><svg class=\"svg-icon--search\" role=\"img\" xmlns=\"http:\/\/www.w3.org\/2000\/svg\" viewBox=\"0 0 22 22\">\r\n                        <g fill=\"none\" stroke=\"#171717\">\r\n                            <path stroke-linecap=\"square\" stroke-width=\"2\" d=\"M18.5 18.3l-5.4-5.4\"\/>\r\n                            <circle cx=\"8\" cy=\"8\" r=\"7\" stroke-width=\"2\"\/>\r\n                        <\/g>\r\n                    <\/svg><\/span><\/div><div class=\"search__message\"><\/div><\/form><article class=\"accordion \"><div class='helpie-faq-row'><div class='helpie-faq-col helpie-faq-col-12' ><ul><li class=\"accordion__item \"><div class=\"accordion__header \" \r\n                id=\"accordion-header-post-24737\"\r\n                role=\"button\"\r\n                aria-expanded=\"false\"\r\n                aria-controls=\"accordion-content-post-24737\"\r\n                data-id=\"post-24737\" \r\n                data-item=\"hfaq-post-24737\" \r\n                style=\"background:transparent;\" \r\n                data-tags=\"\"\r\n                tabindex=\"0\"><div class=\"accordion__title\">Ortopedie d\u011bti<\/div><\/div><div id=\"accordion-content-post-24737\" \r\n                class=\"accordion__body\" \r\n                role=\"region\"\r\n                aria-labelledby=\"accordion-header-post-24737\"\r\n                style=\"background:transparent;\"><p>Ambulantn\u00ed diagnostika a konzervativn\u00ed terapie onemocn\u011bn\u00ed pohybov\u00e9ho apar\u00e1tu v\u010detn\u011b ultrazvukov\u00e9 diagnostiky a prevence vrozen\u00fdch dyspl\u00e1zi\u00ed ky\u010deln\u00edch kloub\u016f novorozenc\u016f a jeho z\u00e1kladn\u00ed konzervativn\u00ed l\u00e9\u010dba.<br \/>\n\u010cekac\u00ed doby &#8211; TEP kloub\u016f cca 1,5 roku, ASK 1-2m\u011bs\u00edce, miniinvazivn\u00ed operace nohy cca 1 rok.<\/p>\n<table style=\"border-collapse: collapse;width: 99.2089%;height: 58px\" border=\"1\">\n<tbody>\n<tr style=\"height: 10px\">\n<td style=\"width: 16.9857%;height: 10px\"><strong>L\u00e9ka\u0159i:<\/strong><\/td>\n<td class=\"xl26\" style=\"width: 83.0143%;height: 10px\" width=\"256\">MUDr. Bronislav Batou\u0161ek<br \/>\nMUDr. Ji\u0159\u00ed Vos\u00e1hlo<br \/>\nMUDr. Pavel Nechv\u00e1tal<br \/>\nMUDr. Adam Salus<\/td>\n<\/tr>\n<tr>\n<td style=\"width: 16.9857%\" colspan=\"2\">\n<div>\n<hr \/>\n<\/div>\n<\/td>\n<\/tr>\n<tr style=\"height: 24px\">\n<td style=\"width: 16.9857%;height: 24px\"><strong>Telefon:<\/strong><\/td>\n<td class=\"xl28\" style=\"width: 83.0143%;height: 24px\" width=\"256\" height=\"17\">+420 567 157 788<\/td>\n<\/tr>\n<tr>\n<td style=\"width: 16.9857%\" colspan=\"2\">\n<div>\n<hr \/>\n<\/div>\n<\/td>\n<\/tr>\n<tr>\n<td style=\"width: 16.9857%\"><strong>Sestry:<\/strong><\/td>\n<td style=\"width: 83.0143%\">Jana Dubov\u00e1<br \/>\nLucie Proch\u00e1zkov\u00e1<\/td>\n<\/tr>\n<tr>\n<td style=\"width: 16.9857%\" colspan=\"2\">\n<div>\n<hr \/>\n<\/div>\n<\/td>\n<\/tr>\n<tr>\n<td style=\"width: 16.9857%\"><strong>Ordina\u010dn\u00ed hodiny:<\/strong><\/td>\n<td style=\"width: 83.0143%\">\n<table style=\"border-collapse: collapse;width: 100.804%\" border=\"1\">\n<tbody>\n<tr>\n<td style=\"width: 13.389%\"><strong>Pond\u011bl\u00ed:<\/strong><\/td>\n<td style=\"width: 86.611%\">13:00 &#8211; 15:00 (objedn\u00e1n\u00ed p\u0159es eAmbulanci)<\/td>\n<\/tr>\n<tr>\n<td style=\"width: 13.389%\"><strong>St\u0159eda:\u00a0<\/strong><\/td>\n<td style=\"width: 86.611%\">13:00 &#8211; 13:30 (d\u011btsk\u00e9 ky\u010dle bez objedn\u00e1n\u00ed)<br \/>\n13:30 &#8211; 15:00 (objedn\u00e1n\u00ed p\u0159es eAmbulanci)<\/td>\n<\/tr>\n<tr>\n<td style=\"width: 13.389%\"><strong>\u010ctvrtek:<\/strong><\/td>\n<td style=\"width: 86.611%\">13:00 &#8211; 15:00 (objedn\u00e1n\u00ed p\u0159es eAmbulanci)<\/td>\n<\/tr>\n<\/tbody>\n<\/table>\n<\/td>\n<\/tr>\n<tr>\n<td style=\"width: 16.9857%\" colspan=\"2\">\n<div>\n<hr \/>\n<\/div>\n<\/td>\n<\/tr>\n<tr>\n<td style=\"width: 16.9857%\"><strong>Kde n\u00e1s najdete:<\/strong><\/td>\n<td style=\"width: 83.0143%\">Budova B, p\u0159\u00edzem\u00ed \u2013 ambulantn\u00ed trakt<\/td>\n<\/tr>\n<\/tbody>\n<\/table>\n<\/div><\/li><li class=\"accordion__item \"><div class=\"accordion__header \" \r\n                id=\"accordion-header-post-24733\"\r\n                role=\"button\"\r\n                aria-expanded=\"false\"\r\n                aria-controls=\"accordion-content-post-24733\"\r\n                data-id=\"post-24733\" \r\n                data-item=\"hfaq-post-24733\" \r\n                style=\"background:transparent;\" \r\n                data-tags=\"\"\r\n                tabindex=\"0\"><div class=\"accordion__title\">Ortopedie dosp\u011bl\u00ed<\/div><\/div><div id=\"accordion-content-post-24733\" \r\n                class=\"accordion__body\" \r\n                role=\"region\"\r\n                aria-labelledby=\"accordion-header-post-24733\"\r\n                style=\"background:transparent;\"><p>Ambulantn\u00ed diagnostika a konzervativn\u00ed terapie onemocn\u011bn\u00ed pohybov\u00e9ho apar\u00e1tu v\u010detn\u011b ultrazvukov\u00e9 diagnostiky a ambulantn\u00ed opera\u010dn\u00edch z\u00e1krok\u016f po objedn\u00e1n\u00ed.<br \/>\nAkutn\u00ed pacienti v ordina\u010dn\u00edch dob\u00e1ch 7-8hod. nebo dle telefonick\u00e9 domluvy, objedn\u00e1n\u00ed kontaktn\u00ed centrum kl. 555.<br \/>\n\u010cekac\u00ed doby- TEP kloub\u016f cca 1,5 roku, ASK 1-2m\u011bs\u00edce, miniinvazivn\u00ed operace nohy cca 1 rok.<\/p>\n<table style=\"border-collapse: collapse;width: 99.2089%;height: 94px\" border=\"1\">\n<tbody>\n<tr style=\"height: 24px\">\n<td style=\"width: 16.9857%;height: 24px\"><strong>Telefon:<\/strong><\/td>\n<td class=\"xl28\" style=\"width: 83.0143%;height: 24px\" width=\"256\" height=\"17\">+420 567 157 788<br \/>\n+420 567 157 812<\/td>\n<\/tr>\n<tr>\n<td style=\"width: 16.9857%\" colspan=\"2\">\n<div>\n<hr \/>\n<\/div>\n<\/td>\n<\/tr>\n<tr>\n<td style=\"width: 16.9857%\"><strong>Sestry:<\/strong><\/td>\n<td style=\"width: 83.0143%\">Jana Dubov\u00e1<br \/>\nLucie Proch\u00e1zkov\u00e1<\/td>\n<\/tr>\n<tr style=\"height: 18px\">\n<td style=\"width: 16.9857%;height: 18px\" colspan=\"2\">\n<div>\n<hr \/>\n<\/div>\n<\/td>\n<\/tr>\n<tr>\n<td style=\"width: 16.9857%;height: 10px\"><strong>Ordina\u010dn\u00ed hodiny:<\/strong><\/td>\n<td style=\"width: 83.0143%;height: 10px\">\n<table style=\"border-collapse: collapse;width: 99.2567%\" border=\"1\">\n<tbody>\n<tr>\n<td style=\"width: 13.389%\"><strong>PO &#8211; \u010cT:<\/strong><\/td>\n<td style=\"width: 85.1414%\">7:30 &#8211; 12:30, 13:00 &#8211; 15:00 (objedn\u00e1n\u00ed p\u0159es eAmbulanci)<\/td>\n<\/tr>\n<tr>\n<td style=\"width: 13.389%\"><strong>P\u00e1tek:\u00a0<\/strong><\/td>\n<td style=\"width: 85.1414%\">7:30 &#8211; 12:30 (objedn\u00e1n\u00ed p\u0159es eAmbulanci)<\/td>\n<\/tr>\n<\/tbody>\n<\/table>\n<\/td>\n<\/tr>\n<tr>\n<td style=\"width: 16.9857%;height: 18px\" colspan=\"2\">\n<div>\n<hr \/>\n<\/div>\n<\/td>\n<\/tr>\n<tr style=\"height: 24px\">\n<td style=\"width: 16.9857%;height: 24px\"><strong>Kde n\u00e1s najdete:<\/strong><\/td>\n<td style=\"width: 83.0143%;height: 24px\">Budova B, p\u0159\u00edzem\u00ed \u2013 ambulantn\u00ed trakt<\/td>\n<\/tr>\n<\/tbody>\n<\/table>\n<\/div><\/li><\/ul><\/div><\/div><\/article><\/section>\n<\/div>\n<\/div><\/div>\n<\/div>\n<\/div>\n<\/div>\n<\/div>\n<\/div>\n\n","protected":false},"excerpt":{"rendered":"","protected":false},"author":1,"featured_media":17142,"parent":24607,"menu_order":0,"comment_status":"closed","ping_status":"closed","template":"","meta":{"pgc_sgb_lightbox_settings":"","footnotes":"","_links_to":"","_links_to_target":""},"categories":[85],"class_list":["post-24730","page","type-page","status-publish","has-post-thumbnail","hentry","category-page-oddeleni"],"publishpress_future_action":{"enabled":false,"date":"2026-04-24 07:14:14","action":"change-status","newStatus":"draft","terms":[],"taxonomy":"category","extraData":[]},"publishpress_future_workflow_manual_trigger":{"enabledWorkflows":[]},"_links":{"self":[{"href":"https:\/\/webnemji.azurewebsites.net\/en\/wp-json\/wp\/v2\/pages\/24730","targetHints":{"allow":["GET"]}}],"collection":[{"href":"https:\/\/webnemji.azurewebsites.net\/en\/wp-json\/wp\/v2\/pages"}],"about":[{"href":"https:\/\/webnemji.azurewebsites.net\/en\/wp-json\/wp\/v2\/types\/page"}],"author":[{"embeddable":true,"href":"https:\/\/webnemji.azurewebsites.net\/en\/wp-json\/wp\/v2\/users\/1"}],"replies":[{"embeddable":true,"href":"https:\/\/webnemji.azurewebsites.net\/en\/wp-json\/wp\/v2\/comments?post=24730"}],"version-history":[{"count":0,"href":"https:\/\/webnemji.azurewebsites.net\/en\/wp-json\/wp\/v2\/pages\/24730\/revisions"}],"up":[{"embeddable":true,"href":"https:\/\/webnemji.azurewebsites.net\/en\/wp-json\/wp\/v2\/pages\/24607"}],"wp:featuredmedia":[{"embeddable":true,"href":"https:\/\/webnemji.azurewebsites.net\/en\/wp-json\/wp\/v2\/media\/17142"}],"wp:attachment":[{"href":"https:\/\/webnemji.azurewebsites.net\/en\/wp-json\/wp\/v2\/media?parent=24730"}],"wp:term":[{"taxonomy":"category","embeddable":true,"href":"https:\/\/webnemji.azurewebsites.net\/en\/wp-json\/wp\/v2\/categories?post=24730"}],"curies":[{"name":"wp","href":"https:\/\/api.w.org\/{rel}","templated":true}]}}