{"id":24747,"date":"2023-10-27T07:16:30","date_gmt":"2023-10-27T05:16:30","guid":{"rendered":"https:\/\/nemji.rs-kovarik.cz\/?page_id=24747"},"modified":"2025-11-28T12:42:12","modified_gmt":"2025-11-28T11:42:12","slug":"probehle-akce","status":"publish","type":"page","link":"https:\/\/webnemji.azurewebsites.net\/en\/oddeleni\/centrum-sp-pece\/dobrovolnici\/probehle-akce\/","title":{"rendered":"Previous events"},"content":{"rendered":"<div id=\"cmsmasters_row_6iluctg3hk\" class=\"cmsmasters_row cmsmasters_color_scheme_default cmsmasters_row_top_default cmsmasters_row_bot_default cmsmasters_row_boxed\">\n<div class=\"cmsmasters_row_outer_parent\">\n<div class=\"cmsmasters_row_overlay\"><\/div>\n<div class=\"cmsmasters_row_outer\">\n<div class=\"cmsmasters_row_inner\">\n<div class=\"cmsmasters_row_margin\">\n<div id=\"cmsmasters_column_sybg7he2sg\" class=\"cmsmasters_column one_first\">\n<div class=\"cmsmasters_column_inner\"><div id=\"cmsmasters_heading_b3c74b95a0\" class=\"cmsmasters_heading_wrap cmsmasters_heading_align_center pageheadingtitle\">\n\t<h1 class=\"cmsmasters_heading\">Prob\u011bhl\u00e9 akce<\/h1>\n<\/div>\n<\/div><\/div>\n<\/div>\n<\/div>\n<\/div>\n<\/div>\n<\/div>\n<div id=\"cmsmasters_row_ly5ze1hf8e\" class=\"cmsmasters_row cmsmasters_color_scheme_default cmsmasters_row_top_default cmsmasters_row_bot_default cmsmasters_row_boxed\">\n<div class=\"cmsmasters_row_outer_parent\">\n<div class=\"cmsmasters_row_outer\">\n<div class=\"cmsmasters_row_inner\">\n<div class=\"cmsmasters_row_margin\">\n<div id=\"cmsmasters_column_v67ee6nvg7\" class=\"cmsmasters_column one_first\">\n<div class=\"cmsmasters_column_inner\"><div class=\"cmsmasters_text\">\n<p><nav aria-label=\"breadcrumbs\">\n            <div class=\"breadcrumb-container theme1\">\n                <ol>\n                                    <\/ol>\n            <\/div>\n        <\/nav>    <script type=\"application\/ld+json\">\n        {\n            \"@context\": \"http:\/\/schema.org\",\n            \"@type\": \"BreadcrumbList\",\n            \"itemListElement\": [\n                            ]\n        }\n    <\/script>\n   \n    <script>\n            <\/script>\n<\/p>\n<\/div>\n<\/div><\/div>\n<\/div>\n<\/div>\n<\/div>\n<\/div>\n<\/div>\n<div id=\"cmsmasters_row_3f2f8816dd\" class=\"cmsmasters_row cmsmasters_color_scheme_default cmsmasters_row_top_default cmsmasters_row_bot_default cmsmasters_row_boxed\">\n<div class=\"cmsmasters_row_outer_parent\">\n<div class=\"cmsmasters_row_outer\">\n<div class=\"cmsmasters_row_inner\">\n<div class=\"cmsmasters_row_margin\">\n<div id=\"cmsmasters_column_0a1c5940f5\" class=\"cmsmasters_column one_third stickyinfocolumn\">\n<div class=\"cmsmasters_column_inner\"><div id=\"cmsmasters_heading_rva6m2t32d\" class=\"cmsmasters_heading_wrap cmsmasters_heading_align_center\">\n\t<h3 class=\"cmsmasters_heading\">Informace o odd\u011blen\u00ed<\/h3>\n<\/div>\n<div id=\"cmsmasters_divider_dpp34mcdj5\" class=\"cmsmasters_divider cmsmasters_divider_width_short cmsmasters_divider_pos_center\"><\/div>\n<div class=\"cmsmasters_sidebar sidebar_layout_11 sidebar-custom-menu\"><aside id=\"nav_menu-43\" class=\"widget widget_nav_menu\"><div class=\"menu-dobrovolnici-container\"><ul id=\"menu-dobrovolnici\" class=\"menu\"><li id=\"menu-item-23775\" class=\"menu-item menu-item-type-custom menu-item-object-custom menu-item-23775\"><a href=\"\/oddeleni\/centrum-sp-pece\/dobrovolnici\/#popis-oddeleni\" data-ps2id-api=\"true\"><i class=\"fa-solid fa-info\"><\/i> Popis odd\u011blen\u00ed<\/a><\/li>\n<li id=\"menu-item-23776\" class=\"menu-item menu-item-type-custom menu-item-object-custom menu-item-23776\"><a href=\"\/oddeleni\/centrum-sp-pece\/dobrovolnici\/#personalni-obsazeni\" data-ps2id-api=\"true\"><i class=\"fa-solid fa-user-doctor\"><\/i> Koordin\u00e1to\u0159i<\/a><\/li>\n<li id=\"menu-item-23777\" class=\"menu-item menu-item-type-custom menu-item-object-custom menu-item-23777\"><a href=\"\/oddeleni\/centrum-sp-pece\/dobrovolnici\/#nase-aktivity\" data-ps2id-api=\"true\"><i class=\"fa-solid fa-door-open\"><\/i> Na\u0161e aktivity<\/a><\/li>\n<li id=\"menu-item-23778\" class=\"menu-item menu-item-type-custom menu-item-object-custom menu-item-23778\"><a href=\"\/oddeleni\/centrum-sp-pece\/dobrovolnici\/#kontaktni-informace\" data-ps2id-api=\"true\"><i class=\"fa-solid fa-phone\"><\/i> Kontaktn\u00ed informace<\/a><\/li>\n<li id=\"menu-item-23780\" class=\"menu-item menu-item-type-custom menu-item-object-custom menu-item-23780\"><a href=\"\/oddeleni\/centrum-sp-pece\/dobrovolnici\/#fotogalerie\" data-ps2id-api=\"true\"><i class=\"fa-solid fa-camera\"><\/i> Fotogalerie<\/a><\/li>\n<li id=\"menu-item-23781\" class=\"menu-custom-separator menu-item menu-item-type-custom menu-item-object-custom menu-item-23781\"><hr class=\"mhm-menu-separator\"><\/li>\n<li id=\"menu-item-24328\" class=\"static-link menu-item menu-item-type-custom menu-item-object-custom menu-item-24328\"><a href=\"\/oddeleni\/centrum-sp-pece\/dobrovolnici\/aktualni-akce\/\" data-ps2id-api=\"true\"><i class=\"fa-solid fa-bell\"><\/i>Aktu\u00e1ln\u011b prob\u00edh\u00e1<\/a><\/li>\n<li id=\"menu-item-24330\" class=\"static-link menu-item menu-item-type-custom menu-item-object-custom menu-item-24330\"><a href=\"\/oddeleni\/centrum-sp-pece\/dobrovolnici\/chci-byt-dobrovolnikem\/\" data-ps2id-api=\"true\"><i class=\"fa-solid fa-person-circle-question\"><\/i>Chci se st\u00e1t dobrovoln\u00edkem<\/a><\/li>\n<li id=\"menu-item-23782\" class=\"static-link menu-item menu-item-type-custom menu-item-object-custom menu-item-23782\"><a href=\"\/oddeleni\/centrum-sp-pece\/dobrovolnici\/probehle-akce\" data-ps2id-api=\"true\"><i class=\"fa-solid fa-newspaper\"><\/i>Prob\u011bhl\u00e9 akce<\/a><\/li>\n<\/ul><\/div><\/aside><div class=\"cl\"><\/div>\n<\/div>\n<\/div><\/div>\n<div id=\"cmsmasters_column_k7vlyuz4yq\" class=\"cmsmasters_column two_third\">\n<div class=\"cmsmasters_column_inner\"><div id=\"cmsmasters_heading_bcjmrq7eh4\" class=\"cmsmasters_heading_wrap cmsmasters_heading_align_left\">\n\t<h2 class=\"cmsmasters_heading\">Prob\u011bhl\u00e9 akce<\/h2>\n<\/div>\n<div id=\"cmsmasters_divider_w0qg654ryr\" class=\"cmsmasters_divider cmsmasters_divider_width_short cmsmasters_divider_pos_left\"><\/div>\n<div class=\"cmsmasters_text\">\n<style type=\"text\/css\"><\/style><section id='' \n                class='helpie-faq accordions groupSettings-374__enabled' \n                data-collection='' \n                data-pagination='0' \n                data-search='0' \n                data-pagination-enabled='0'\n                role='region'\n                aria-label='FAQ Section'\n                aria-live='polite'><article class=\"accordion \"><div class='helpie-faq-row'><div class='helpie-faq-col helpie-faq-col-12' ><ul><li class=\"accordion__item \"><div class=\"accordion__header \" \r\n                id=\"accordion-header-post-26547\"\r\n                role=\"button\"\r\n                aria-expanded=\"false\"\r\n                aria-controls=\"accordion-content-post-26547\"\r\n                data-id=\"post-26547\" \r\n                data-item=\"hfaq-post-26547\" \r\n                style=\"background:transparent;\" \r\n                data-tags=\"\"\r\n                tabindex=\"0\"><div class=\"accordion__title\">Rozkvetl\u00e1 nemocnice  (2022, 2023, 2024, 2025)<\/div><\/div><div id=\"accordion-content-post-26547\" \r\n                class=\"accordion__body\" \r\n                role=\"region\"\r\n                aria-labelledby=\"accordion-header-post-26547\"\r\n                style=\"background:transparent;\"><p>Op\u011bt jsme mohli d\u00edky na\u0161im sponzor\u016fm a d\u00e1rc\u016fm s pacienty z geriatrie zasadit do 38 truhl\u00edk\u016f\u00a0p\u0159es sto kv\u011btin.<\/p>\n<p>Truhl\u00edky m\u016f\u017eete potkat na r\u016fzn\u00fdch m\u00edstech po cel\u00e9 nemocnici.<\/p>\n<p><img loading=\"lazy\" decoding=\"async\" class=\"alignnone size-full wp-image-26540\" src=\"\/wp-content\/uploads\/2023\/11\/Image.jpg\" alt=\"rozkvetl\u00e1 nemocnice\" width=\"734\" height=\"587\" srcset=\"\/wp-content\/uploads\/2023\/11\/Image.jpg 734w, \/wp-content\/uploads\/2023\/11\/Image-300x240.jpg 300w, \/wp-content\/uploads\/2023\/11\/Image-15x12.jpg 15w, \/wp-content\/uploads\/2023\/11\/Image-580x464.jpg 580w\" sizes=\"auto, (max-width: 734px) 100vw, 734px\" \/><br \/>\nD\u011aKUJEME v\u0161em sponzor\u016fm!<\/p>\n<p><img loading=\"lazy\" decoding=\"async\" class=\"alignnone size-full wp-image-26550\" src=\"\/wp-content\/uploads\/2023\/11\/Image-1.jpg\" alt=\"rozkvetl\u00e1 nemocnice - sponzo\u0159i\" width=\"734\" height=\"587\" srcset=\"\/wp-content\/uploads\/2023\/11\/Image-1.jpg 734w, \/wp-content\/uploads\/2023\/11\/Image-1-300x240.jpg 300w, \/wp-content\/uploads\/2023\/11\/Image-1-15x12.jpg 15w, \/wp-content\/uploads\/2023\/11\/Image-1-580x464.jpg 580w\" sizes=\"auto, (max-width: 734px) 100vw, 734px\" \/><\/p>\n<\/div><\/li><li class=\"accordion__item \"><div class=\"accordion__header \" \r\n                id=\"accordion-header-post-26608\"\r\n                role=\"button\"\r\n                aria-expanded=\"false\"\r\n                aria-controls=\"accordion-content-post-26608\"\r\n                data-id=\"post-26608\" \r\n                data-item=\"hfaq-post-26608\" \r\n                style=\"background:transparent;\" \r\n                data-tags=\"\"\r\n                tabindex=\"0\"><div class=\"accordion__title\">Prom\u00edt\u00e1n\u00ed<\/div><\/div><div id=\"accordion-content-post-26608\" \r\n                class=\"accordion__body\" \r\n                role=\"region\"\r\n                aria-labelledby=\"accordion-header-post-26608\"\r\n                style=\"background:transparent;\"><h4><span style=\"font-size: xx-large\">PROM\u00cdTALI JSME&#8230;<\/span><\/h4>\n<div><span style=\"font-size: xx-large\">\u00a0<\/span><\/div>\n<p><span style=\"font-size: x-large\"><a href=\"https:\/\/www.thomasverny.cz\/in-utero\/\">In utero<\/a><\/span><\/p>\n<p><span style=\"font-size: x-large\"><a href=\"https:\/\/www.ztemnotydusesvetlo.com\/\">Z temnoty du\u0161e sv\u011btlo<\/a><\/span><\/p>\n<p><span style=\"font-size: x-large\"><a href=\"https:\/\/www.thewayofthepsychonaut.com\/watch\">Cesta psychonauta<\/a><\/span><\/p>\n<p><span style=\"font-size: x-large\"><a href=\"https:\/\/thewisdomoftrauma.com\/cz\/\">Moudrost traumatu<\/a><\/span><\/p>\n<p><span style=\"font-size: x-large\"><a href=\"https:\/\/www.csfd.cz\/film\/1246639-fantasticka-terapie\/prehled\/\">Fantastick\u00e1 terapie<\/a><\/span><\/p>\n<\/div><\/li><li class=\"accordion__item \"><div class=\"accordion__header \" \r\n                id=\"accordion-header-post-26611\"\r\n                role=\"button\"\r\n                aria-expanded=\"false\"\r\n                aria-controls=\"accordion-content-post-26611\"\r\n                data-id=\"post-26611\" \r\n                data-item=\"hfaq-post-26611\" \r\n                style=\"background:transparent;\" \r\n                data-tags=\"\"\r\n                tabindex=\"0\"><div class=\"accordion__title\">Ble\u0161\u00ed trhy<\/div><\/div><div id=\"accordion-content-post-26611\" \r\n                class=\"accordion__body\" \r\n                role=\"region\"\r\n                aria-labelledby=\"accordion-header-post-26611\"\r\n                style=\"background:transparent;\"><p><img loading=\"lazy\" decoding=\"async\" class=\"alignnone size-full wp-image-26609\" src=\"\/wp-content\/uploads\/2023\/11\/blesi_trh.jpg\" alt=\"ble\u0161\u00ed trh \" width=\"734\" height=\"349\" srcset=\"\/wp-content\/uploads\/2023\/11\/blesi_trh.jpg 734w, \/wp-content\/uploads\/2023\/11\/blesi_trh-300x143.jpg 300w, \/wp-content\/uploads\/2023\/11\/blesi_trh-18x9.jpg 18w, \/wp-content\/uploads\/2023\/11\/blesi_trh-580x276.jpg 580w\" sizes=\"auto, (max-width: 734px) 100vw, 734px\" \/><\/p>\n<p>V\u00fdt\u011b\u017eek z ble\u0161\u00edch trh\u016f jde na provoz Centra soci\u00e1ln\u00ed a podp\u016frn\u00e9 p\u00e9\u010de v na\u0161\u00ed nemocnici a pro <strong>HEROCLAN.<\/strong><\/p>\n<p><strong>V\u00fdt\u011b\u017eek z leto\u0161n\u00edho jarn\u00edho ble\u0161\u00ed trhu byl 19.505 &#8211; financovali jsme z n\u011bj nap\u0159\u00edklad vzpom\u00ednkov\u00e9 m\u00edsto v na\u0161\u00ed nemocni\u010dn\u00ed kapli, Velikono\u010dn\u00ed d\u00edlnu a projekt P\u00ed\u0161u V\u00e1m<\/strong><\/p>\n<p>MOC D\u011aKUJEME!!<\/p>\n<\/div><\/li><\/ul><\/div><\/div><\/article><\/section>\n<\/div>\n<\/div><\/div>\n<\/div>\n<\/div>\n<\/div>\n<\/div>\n<\/div>\n\n","protected":false},"excerpt":{"rendered":"","protected":false},"author":5,"featured_media":24262,"parent":24116,"menu_order":0,"comment_status":"closed","ping_status":"closed","template":"","meta":{"pgc_sgb_lightbox_settings":"","footnotes":"","_links_to":"","_links_to_target":""},"categories":[85],"class_list":["post-24747","page","type-page","status-publish","has-post-thumbnail","hentry","category-page-oddeleni"],"publishpress_future_action":{"enabled":false,"date":"2026-04-23 18:54:57","action":"change-status","newStatus":"draft","terms":[],"taxonomy":"category","extraData":[]},"publishpress_future_workflow_manual_trigger":{"enabledWorkflows":[]},"_links":{"self":[{"href":"https:\/\/webnemji.azurewebsites.net\/en\/wp-json\/wp\/v2\/pages\/24747","targetHints":{"allow":["GET"]}}],"collection":[{"href":"https:\/\/webnemji.azurewebsites.net\/en\/wp-json\/wp\/v2\/pages"}],"about":[{"href":"https:\/\/webnemji.azurewebsites.net\/en\/wp-json\/wp\/v2\/types\/page"}],"author":[{"embeddable":true,"href":"https:\/\/webnemji.azurewebsites.net\/en\/wp-json\/wp\/v2\/users\/5"}],"replies":[{"embeddable":true,"href":"https:\/\/webnemji.azurewebsites.net\/en\/wp-json\/wp\/v2\/comments?post=24747"}],"version-history":[{"count":0,"href":"https:\/\/webnemji.azurewebsites.net\/en\/wp-json\/wp\/v2\/pages\/24747\/revisions"}],"up":[{"embeddable":true,"href":"https:\/\/webnemji.azurewebsites.net\/en\/wp-json\/wp\/v2\/pages\/24116"}],"wp:featuredmedia":[{"embeddable":true,"href":"https:\/\/webnemji.azurewebsites.net\/en\/wp-json\/wp\/v2\/media\/24262"}],"wp:attachment":[{"href":"https:\/\/webnemji.azurewebsites.net\/en\/wp-json\/wp\/v2\/media?parent=24747"}],"wp:term":[{"taxonomy":"category","embeddable":true,"href":"https:\/\/webnemji.azurewebsites.net\/en\/wp-json\/wp\/v2\/categories?post=24747"}],"curies":[{"name":"wp","href":"https:\/\/api.w.org\/{rel}","templated":true}]}}