{"id":24748,"date":"2023-10-26T14:44:29","date_gmt":"2023-10-26T12:44:29","guid":{"rendered":"https:\/\/nemji.rs-kovarik.cz\/?page_id=24748"},"modified":"2023-11-14T14:07:44","modified_gmt":"2023-11-14T13:07:44","slug":"traumatologicke-ambulance","status":"publish","type":"page","link":"https:\/\/webnemji.azurewebsites.net\/en\/oddeleni\/traumatologicke-oddeleni\/traumatologicke-ambulance\/","title":{"rendered":"Traumatology clinics"},"content":{"rendered":"<div id=\"cmsmasters_row_6iluctg3hk\" class=\"cmsmasters_row cmsmasters_color_scheme_default cmsmasters_row_top_default cmsmasters_row_bot_default cmsmasters_row_boxed\">\n<div class=\"cmsmasters_row_outer_parent\">\n<div class=\"cmsmasters_row_overlay\"><\/div>\n<div class=\"cmsmasters_row_outer\">\n<div class=\"cmsmasters_row_inner\">\n<div class=\"cmsmasters_row_margin\">\n<div id=\"cmsmasters_column_sybg7he2sg\" class=\"cmsmasters_column one_first\">\n<div class=\"cmsmasters_column_inner\"><div id=\"cmsmasters_heading_b3c74b95a0\" class=\"cmsmasters_heading_wrap cmsmasters_heading_align_center pageheadingtitle\">\n\t<h1 class=\"cmsmasters_heading\">Traumatologick\u00e9 odd\u011blen\u00ed<\/h1>\n<\/div>\n<\/div><\/div>\n<\/div>\n<\/div>\n<\/div>\n<\/div>\n<\/div>\n<div id=\"cmsmasters_row_ly5ze1hf8e\" class=\"cmsmasters_row cmsmasters_color_scheme_default cmsmasters_row_top_default cmsmasters_row_bot_default cmsmasters_row_boxed\">\n<div class=\"cmsmasters_row_outer_parent\">\n<div class=\"cmsmasters_row_outer\">\n<div class=\"cmsmasters_row_inner\">\n<div class=\"cmsmasters_row_margin\">\n<div id=\"cmsmasters_column_v67ee6nvg7\" class=\"cmsmasters_column one_first\">\n<div class=\"cmsmasters_column_inner\"><div class=\"cmsmasters_text\">\n<p><nav aria-label=\"breadcrumbs\">\n            <div class=\"breadcrumb-container theme1\">\n                <ol>\n                                    <\/ol>\n            <\/div>\n        <\/nav>    <script type=\"application\/ld+json\">\n        {\n            \"@context\": \"http:\/\/schema.org\",\n            \"@type\": \"BreadcrumbList\",\n            \"itemListElement\": [\n                            ]\n        }\n    <\/script>\n   \n    <script>\n            <\/script>\n<\/p>\n<\/div>\n<\/div><\/div>\n<\/div>\n<\/div>\n<\/div>\n<\/div>\n<\/div>\n<div id=\"cmsmasters_row_3f2f8816dd\" class=\"cmsmasters_row cmsmasters_color_scheme_default cmsmasters_row_top_default cmsmasters_row_bot_default cmsmasters_row_boxed\">\n<div class=\"cmsmasters_row_outer_parent\">\n<div class=\"cmsmasters_row_outer\">\n<div class=\"cmsmasters_row_inner\">\n<div class=\"cmsmasters_row_margin\">\n<div id=\"cmsmasters_column_0a1c5940f5\" class=\"cmsmasters_column one_third stickyinfocolumn\">\n<div class=\"cmsmasters_column_inner\"><div id=\"cmsmasters_heading_rva6m2t32d\" class=\"cmsmasters_heading_wrap cmsmasters_heading_align_center\">\n\t<h3 class=\"cmsmasters_heading\">Informace o odd\u011blen\u00ed<\/h3>\n<\/div>\n<div id=\"cmsmasters_divider_dpp34mcdj5\" class=\"cmsmasters_divider cmsmasters_divider_width_short cmsmasters_divider_pos_center\"><\/div>\n<div class=\"cmsmasters_sidebar sidebar_layout_11 sidebar-custom-menu\"><aside id=\"nav_menu-50\" class=\"widget widget_nav_menu\"><div class=\"menu-oddeleni-trm-container\"><ul id=\"menu-oddeleni-trm\" class=\"menu\"><li id=\"menu-item-24716\" class=\"menu-item menu-item-type-custom menu-item-object-custom menu-item-24716\"><a href=\"\/oddeleni\/traumatologicke-oddeleni\/#popis-oddeleni\" data-ps2id-api=\"true\"><i class=\"fa-solid fa-info\"><\/i> Popis odd\u011blen\u00ed<\/a><\/li>\n<li id=\"menu-item-24717\" class=\"menu-item menu-item-type-custom menu-item-object-custom menu-item-24717\"><a href=\"\/oddeleni\/traumatologicke-oddeleni\/#personalni-obsazeni\" data-ps2id-api=\"true\"><i class=\"fa-solid fa-user-doctor\"><\/i> Person\u00e1ln\u00ed obsazen\u00ed<\/a><\/li>\n<li id=\"menu-item-24718\" class=\"menu-item menu-item-type-custom menu-item-object-custom menu-item-24718\"><a href=\"\/oddeleni\/traumatologicke-oddeleni\/#ordinacni-hodiny\" data-ps2id-api=\"true\"><i class=\"fa-regular fa-clock\"><\/i> Ordina\u010dn\u00ed hodiny<\/a><\/li>\n<li id=\"menu-item-24719\" class=\"menu-item menu-item-type-custom menu-item-object-custom menu-item-24719\"><a href=\"\/oddeleni\/traumatologicke-oddeleni\/#kontaktni-informace\" data-ps2id-api=\"true\"><i class=\"fa-solid fa-phone\"><\/i> Kontaktn\u00ed informace<\/a><\/li>\n<li id=\"menu-item-24720\" class=\"menu-item menu-item-type-custom menu-item-object-custom menu-item-24720\"><a href=\"\/oddeleni\/traumatologicke-oddeleni\/#kde-nas-najdete\" data-ps2id-api=\"true\"><i class=\"fa-solid fa-location-dot\"><\/i> Kde n\u00e1s najdete<\/a><\/li>\n<li id=\"menu-item-24721\" class=\"menu-item menu-item-type-custom menu-item-object-custom menu-item-24721\"><a href=\"\/oddeleni\/traumatologicke-oddeleni\/#fotogalerie\" data-ps2id-api=\"true\"><i class=\"fa-solid fa-camera\"><\/i> Fotogalerie<\/a><\/li>\n<li id=\"menu-item-24722\" class=\"menu-custom-separator menu-item menu-item-type-custom menu-item-object-custom menu-item-24722\"><hr class=\"mhm-menu-separator\"><\/li>\n<li id=\"menu-item-24723\" class=\"static-link menu-item menu-item-type-custom menu-item-object-custom menu-item-24723\"><a href=\"\/oddeleni\/traumatologicke-oddeleni\/traumatologicke-ambulance\/\" data-ps2id-api=\"true\"><i class=\"fa-solid fa-house-medical\"><\/i> Ambulance<\/a><\/li>\n<li id=\"menu-item-24724\" class=\"static-link menu-item menu-item-type-custom menu-item-object-custom menu-item-24724\"><a href=\"\/oddeleni\/traumatologicke-oddeleni\/luzkova-cast\/\" data-ps2id-api=\"true\"><i class=\"fa-solid fa-bed-pulse\"><\/i> L\u016f\u017ekov\u00e1 \u010d\u00e1st + JIP<\/a><\/li>\n<li id=\"menu-item-24726\" class=\"static-link menu-item menu-item-type-custom menu-item-object-custom menu-item-24726\"><a href=\"\/oddeleni\/traumatologicke-oddeleni\/spektrum-pece\/\" data-ps2id-api=\"true\"><i class=\"fa-solid fa-stethoscope\"><\/i> Spektrum p\u00e9\u010de<\/a><\/li>\n<li id=\"menu-item-33509\" class=\"static-link menu-item menu-item-type-custom menu-item-object-custom menu-item-33509\"><a href=\"\/oddeleni\/traumatologicke-oddeleni\/\/informace-pro-pacienty\/\" data-ps2id-api=\"true\"><i class=\"fa-regular fa-circle-question\"><\/i> Informace pro pacienty<\/a><\/li>\n<\/ul><\/div><\/aside><div class=\"cl\"><\/div>\n<\/div>\n<\/div><\/div>\n<div id=\"cmsmasters_column_k7vlyuz4yq\" class=\"cmsmasters_column two_third\">\n<div class=\"cmsmasters_column_inner\"><div class=\"cmsmasters_text hide-index\">\n<p>Traumatologick\u00e1 ambulance 1, Traumatologick\u00e1 ambulance 2, Ambulance d\u011btsk\u00e9 traumatologie, Chirurgie ruky, Ambulance ruky, Ambulance nohy, Traumatologick\u00e9 kontroly<\/p>\n<\/div>\n<div id=\"cmsmasters_heading_0cx4mcjjyd\" class=\"cmsmasters_heading_wrap cmsmasters_heading_align_left\">\n\t<h2 class=\"cmsmasters_heading\">Traumatologick\u00e9 ambulance<\/h2>\n<\/div>\n<div id=\"cmsmasters_divider_kul4awri6m\" class=\"cmsmasters_divider cmsmasters_divider_width_short cmsmasters_divider_pos_left\"><\/div>\n<div class=\"cmsmasters_text\">\n<section id='' \n                class='helpie-faq accordions ' \n                data-collection='' \n                data-pagination='0' \n                data-search='0' \n                data-pagination-enabled='0'\n                role='region'\n                aria-label='FAQ Section'\n                aria-live='polite'><form class=\"search\" onSubmit=\"return false;\"><div class=\"search__wrapper\"><input type=\"text\" class=\"search__input\" aria-label=\"Search\" role=\"searchbox\" placeholder=\"Vyhledat\"><span class=\"search__icon\"><svg class=\"svg-icon--search\" role=\"img\" xmlns=\"http:\/\/www.w3.org\/2000\/svg\" viewBox=\"0 0 22 22\">\r\n                        <g fill=\"none\" stroke=\"#171717\">\r\n                            <path stroke-linecap=\"square\" stroke-width=\"2\" d=\"M18.5 18.3l-5.4-5.4\"\/>\r\n                            <circle cx=\"8\" cy=\"8\" r=\"7\" stroke-width=\"2\"\/>\r\n                        <\/g>\r\n                    <\/svg><\/span><\/div><div class=\"search__message\"><\/div><\/form><article class=\"accordion \"><div class='helpie-faq-row'><div class='helpie-faq-col helpie-faq-col-12' ><ul><li class=\"accordion__item \"><div class=\"accordion__header \" \r\n                id=\"accordion-header-post-24757\"\r\n                role=\"button\"\r\n                aria-expanded=\"false\"\r\n                aria-controls=\"accordion-content-post-24757\"\r\n                data-id=\"post-24757\" \r\n                data-item=\"hfaq-post-24757\" \r\n                style=\"background:transparent;\" \r\n                data-tags=\"\"\r\n                tabindex=\"0\"><div class=\"accordion__title\">Ambulance d\u011btsk\u00e9 traumatologie<\/div><\/div><div id=\"accordion-content-post-24757\" \r\n                class=\"accordion__body\" \r\n                role=\"region\"\r\n                aria-labelledby=\"accordion-header-post-24757\"\r\n                style=\"background:transparent;\"><table style=\"border-collapse: collapse;width: 99.2089%;height: 58px\" border=\"1\">\n<tbody>\n<tr style=\"height: 10px\">\n<td style=\"width: 16.9857%;height: 10px\"><strong>L\u00e9ka\u0159i:<\/strong><\/td>\n<td class=\"xl26\" style=\"width: 83.0143%;height: 10px\" width=\"256\">MUDr. Roman Pavlas<\/td>\n<\/tr>\n<tr>\n<td style=\"width: 16.9857%\" colspan=\"2\">\n<div>\n<hr \/>\n<\/div>\n<\/td>\n<\/tr>\n<tr style=\"height: 24px\">\n<td style=\"width: 16.9857%;height: 24px\"><strong>Telefon:<\/strong><\/td>\n<td class=\"xl28\" style=\"width: 83.0143%;height: 24px\" width=\"256\" height=\"17\">+420 567 157 582<\/td>\n<\/tr>\n<tr>\n<td style=\"width: 16.9857%\" colspan=\"2\">\n<div>\n<hr \/>\n<\/div>\n<\/td>\n<\/tr>\n<tr>\n<td style=\"width: 16.9857%\"><strong>Ordina\u010dn\u00ed hodiny:<\/strong><\/td>\n<td style=\"width: 83.0143%\">\n<table style=\"border-collapse: collapse;width: 100.804%\" border=\"1\">\n<tbody>\n<tr>\n<td style=\"width: 14.7957%\"><strong>St\u0159eda:<\/strong><\/td>\n<td style=\"width: 85.2043%\">11:30 &#8211; 13:00 (pouze na objedn\u00e1n\u00ed)<\/td>\n<\/tr>\n<\/tbody>\n<\/table>\n<\/td>\n<\/tr>\n<tr>\n<td style=\"width: 16.9857%\" colspan=\"2\">\n<div>\n<hr \/>\n<\/div>\n<\/td>\n<\/tr>\n<tr>\n<td style=\"width: 16.9857%\"><strong>Kde n\u00e1s najdete:<\/strong><\/td>\n<td style=\"width: 83.0143%\">Budova C1, p\u0159\u00edzem\u00ed (PUIP)<\/td>\n<\/tr>\n<\/tbody>\n<\/table>\n<\/div><\/li><li class=\"accordion__item \"><div class=\"accordion__header \" \r\n                id=\"accordion-header-post-24763\"\r\n                role=\"button\"\r\n                aria-expanded=\"false\"\r\n                aria-controls=\"accordion-content-post-24763\"\r\n                data-id=\"post-24763\" \r\n                data-item=\"hfaq-post-24763\" \r\n                style=\"background:transparent;\" \r\n                data-tags=\"\"\r\n                tabindex=\"0\"><div class=\"accordion__title\">Ambulance nohy - traumatologie<\/div><\/div><div id=\"accordion-content-post-24763\" \r\n                class=\"accordion__body\" \r\n                role=\"region\"\r\n                aria-labelledby=\"accordion-header-post-24763\"\r\n                style=\"background:transparent;\"><table style=\"border-collapse: collapse;width: 99.2089%;height: 58px\" border=\"1\">\n<tbody>\n<tr style=\"height: 10px\">\n<td style=\"width: 16.9857%;height: 10px\"><strong>L\u00e9ka\u0159i:<\/strong><\/td>\n<td class=\"xl26\" style=\"width: 83.0143%;height: 10px\" width=\"256\">MUDr. Julius Stretavsk\u00fd<\/td>\n<\/tr>\n<tr>\n<td style=\"width: 16.9857%\" colspan=\"2\">\n<div>\n<hr \/>\n<\/div>\n<\/td>\n<\/tr>\n<tr style=\"height: 24px\">\n<td style=\"width: 16.9857%;height: 24px\"><strong>Telefon:<\/strong><\/td>\n<td class=\"xl28\" style=\"width: 83.0143%;height: 24px\" width=\"256\" height=\"17\">+420 567 157 582<\/td>\n<\/tr>\n<tr>\n<td style=\"width: 16.9857%\" colspan=\"2\">\n<div>\n<hr \/>\n<\/div>\n<\/td>\n<\/tr>\n<tr>\n<td style=\"width: 16.9857%\"><strong>Ordina\u010dn\u00ed hodiny:<\/strong><\/td>\n<td style=\"width: 83.0143%\">\n<table style=\"border-collapse: collapse;width: 100.804%\" border=\"1\">\n<tbody>\n<tr>\n<td style=\"width: 14.7957%\"><strong>\u00dater\u00fd:<\/strong><\/td>\n<td style=\"width: 85.2043%\">13:00 &#8211; 15:00 (na objedn\u00e1n\u00ed)<\/td>\n<\/tr>\n<\/tbody>\n<\/table>\n<\/td>\n<\/tr>\n<tr>\n<td style=\"width: 16.9857%\" colspan=\"2\">\n<div>\n<hr \/>\n<\/div>\n<\/td>\n<\/tr>\n<tr>\n<td style=\"width: 16.9857%\"><strong>Kde n\u00e1s najdete:<\/strong><\/td>\n<td style=\"width: 83.0143%\">Budova C1, p\u0159\u00edzem\u00ed (PUIP)<\/td>\n<\/tr>\n<\/tbody>\n<\/table>\n<\/div><\/li><li class=\"accordion__item \"><div class=\"accordion__header \" \r\n                id=\"accordion-header-post-24761\"\r\n                role=\"button\"\r\n                aria-expanded=\"false\"\r\n                aria-controls=\"accordion-content-post-24761\"\r\n                data-id=\"post-24761\" \r\n                data-item=\"hfaq-post-24761\" \r\n                style=\"background:transparent;\" \r\n                data-tags=\"\"\r\n                tabindex=\"0\"><div class=\"accordion__title\">Ambulance ruky - traumatologie<\/div><\/div><div id=\"accordion-content-post-24761\" \r\n                class=\"accordion__body\" \r\n                role=\"region\"\r\n                aria-labelledby=\"accordion-header-post-24761\"\r\n                style=\"background:transparent;\"><table style=\"border-collapse: collapse;width: 99.2089%;height: 58px\" border=\"1\">\n<tbody>\n<tr style=\"height: 10px\">\n<td style=\"width: 16.9857%;height: 10px\"><strong>L\u00e9ka\u0159i:<\/strong><\/td>\n<td class=\"xl26\" style=\"width: 83.0143%;height: 10px\" width=\"256\">MUDr. Ji\u0159\u00ed Bachr<\/td>\n<\/tr>\n<tr>\n<td style=\"width: 16.9857%\" colspan=\"2\">\n<div>\n<hr \/>\n<\/div>\n<\/td>\n<\/tr>\n<tr style=\"height: 24px\">\n<td style=\"width: 16.9857%;height: 24px\"><strong>Telefon:<\/strong><\/td>\n<td class=\"xl28\" style=\"width: 83.0143%;height: 24px\" width=\"256\" height=\"17\">+420 567 157 582<\/td>\n<\/tr>\n<tr>\n<td style=\"width: 16.9857%\" colspan=\"2\">\n<div>\n<hr \/>\n<\/div>\n<\/td>\n<\/tr>\n<tr>\n<td style=\"width: 16.9857%\"><strong>Ordina\u010dn\u00ed hodiny:<\/strong><\/td>\n<td style=\"width: 83.0143%\">\n<table style=\"border-collapse: collapse;width: 100.804%\" border=\"1\">\n<tbody>\n<tr>\n<td style=\"width: 14.7957%\"><strong>\u010ctvrtek:<\/strong><\/td>\n<td style=\"width: 85.2043%\">8:00 &#8211; 11:00 (na objedn\u00e1n\u00ed)<\/td>\n<\/tr>\n<\/tbody>\n<\/table>\n<\/td>\n<\/tr>\n<tr>\n<td style=\"width: 16.9857%\" colspan=\"2\">\n<div>\n<hr \/>\n<\/div>\n<\/td>\n<\/tr>\n<tr>\n<td style=\"width: 16.9857%\"><strong>Kde n\u00e1s najdete:<\/strong><\/td>\n<td style=\"width: 83.0143%\">Budova C1, p\u0159\u00edzem\u00ed (PUIP)<\/td>\n<\/tr>\n<\/tbody>\n<\/table>\n<\/div><\/li><li class=\"accordion__item \"><div class=\"accordion__header \" \r\n                id=\"accordion-header-post-33513\"\r\n                role=\"button\"\r\n                aria-expanded=\"false\"\r\n                aria-controls=\"accordion-content-post-33513\"\r\n                data-id=\"post-33513\" \r\n                data-item=\"hfaq-post-33513\" \r\n                style=\"background:transparent;\" \r\n                data-tags=\"\"\r\n                tabindex=\"0\"><div class=\"accordion__title\">Informace k fixaci pomoc\u00ed Opencastu<\/div><\/div><div id=\"accordion-content-post-33513\" \r\n                class=\"accordion__body\" \r\n                role=\"region\"\r\n                aria-labelledby=\"accordion-header-post-33513\"\r\n                style=\"background:transparent;\"><p>M\u00e1te-li z\u00e1jem o fixaci zlomeniny u d\u00edt\u011bte pomoc\u00ed\u00a0<strong>Opencastu<\/strong>, kontaktujte n\u00e1s pros\u00edm e-mailem. K posouzen\u00ed vhodnosti t\u00e9to metody a k domluv\u011b term\u00ednu pot\u0159ebujeme n\u00e1sleduj\u00edc\u00ed informace:<\/p>\n<ul>\n<li>v\u011bk d\u00edt\u011bte,<\/li>\n<li>v\u00e1hu d\u00edt\u011bte,<\/li>\n<li>typ zlomeniny,<\/li>\n<li>RTG sn\u00edmky zaslan\u00e9 do syst\u00e9mu\u00a0<strong>Jivex Nemocnice Jihlava<\/strong>.<\/li>\n<\/ul>\n<p>Na z\u00e1klad\u011b t\u011bchto \u00fadaj\u016f bude posouzena vhodnost pou\u017eit\u00ed Opencastu a domluven dal\u0161\u00ed postup.<\/p>\n<p><strong>Kontaktn\u00ed e-maily:<\/strong><\/p>\n<ul>\n<li><a href=\"mailto:kohoutp@nemji.cz\" target=\"_parent\"><strong>kohoutp@nemji.cz<\/strong><\/a><\/li>\n<li><a href=\"mailto:ceperal@nemji.cz\" target=\"_parent\"><strong>ceperal@nemji.cz<\/strong><\/a><\/li>\n<\/ul>\n<p><strong>Telefonick\u00e9 konzultace:<\/strong><\/p>\n<p>V p\u0159\u00edpad\u011b pot\u0159eby n\u00e1s m\u016f\u017eete kontaktovat tak\u00e9 telefonicky na \u010d\u00edsle\u00a0<strong>567 157 709<\/strong>, a to\u00a0<strong>v pond\u011bl\u00ed, st\u0159edu a \u010dtvrtek mezi 7:00 a 7:30 hodinou<\/strong>.<\/p>\n<\/div><\/li><li class=\"accordion__item \"><div class=\"accordion__header \" \r\n                id=\"accordion-header-post-24753\"\r\n                role=\"button\"\r\n                aria-expanded=\"false\"\r\n                aria-controls=\"accordion-content-post-24753\"\r\n                data-id=\"post-24753\" \r\n                data-item=\"hfaq-post-24753\" \r\n                style=\"background:transparent;\" \r\n                data-tags=\"\"\r\n                tabindex=\"0\"><div class=\"accordion__title\">Traumatologick\u00e1 ambulance 1<\/div><\/div><div id=\"accordion-content-post-24753\" \r\n                class=\"accordion__body\" \r\n                role=\"region\"\r\n                aria-labelledby=\"accordion-header-post-24753\"\r\n                style=\"background:transparent;\"><table style=\"border-collapse: collapse;width: 99.2089%;height: 94px\" border=\"1\">\n<tbody>\n<tr style=\"height: 24px\">\n<td style=\"width: 16.9857%;height: 24px\"><strong>Telefon:<\/strong><\/td>\n<td class=\"xl28\" style=\"width: 83.0143%;height: 24px\" width=\"256\" height=\"17\">+420 567 157 770<\/td>\n<\/tr>\n<tr style=\"height: 18px\">\n<td style=\"width: 16.9857%;height: 18px\" colspan=\"2\">\n<div>\n<hr \/>\n<\/div>\n<\/td>\n<\/tr>\n<tr>\n<td style=\"width: 16.9857%;height: 10px\"><strong>Ordina\u010dn\u00ed hodiny:<\/strong><\/td>\n<td style=\"width: 83.0143%;height: 10px\"><strong>Nep\u0159etr\u017eit\u00fd provoz<\/strong><\/p>\n<table style=\"border-collapse: collapse;width: 100.804%\" border=\"1\">\n<tbody>\n<tr>\n<td style=\"width: 14.7957%\"><strong>PO &#8211; P\u00c1:<\/strong><\/td>\n<td style=\"width: 85.2043%\">\n<div>7:00 &#8211; 14:00 &#8211; kontroly a p\u0159evazy<\/div>\n<\/td>\n<\/tr>\n<\/tbody>\n<\/table>\n<\/td>\n<\/tr>\n<tr style=\"height: 18px\">\n<td style=\"width: 16.9857%;height: 18px\" colspan=\"2\">\n<div>\n<hr \/>\n<\/div>\n<\/td>\n<\/tr>\n<tr style=\"height: 24px\">\n<td style=\"width: 16.9857%;height: 24px\"><strong>Kde n\u00e1s najdete:<\/strong><\/td>\n<td style=\"width: 83.0143%;height: 24px\">Budova C1, p\u0159\u00edzem\u00ed (PUIP)<\/td>\n<\/tr>\n<\/tbody>\n<\/table>\n<\/div><\/li><li class=\"accordion__item \"><div class=\"accordion__header \" \r\n                id=\"accordion-header-post-24755\"\r\n                role=\"button\"\r\n                aria-expanded=\"false\"\r\n                aria-controls=\"accordion-content-post-24755\"\r\n                data-id=\"post-24755\" \r\n                data-item=\"hfaq-post-24755\" \r\n                style=\"background:transparent;\" \r\n                data-tags=\"\"\r\n                tabindex=\"0\"><div class=\"accordion__title\">Traumatologick\u00e1 ambulance 2<\/div><\/div><div id=\"accordion-content-post-24755\" \r\n                class=\"accordion__body\" \r\n                role=\"region\"\r\n                aria-labelledby=\"accordion-header-post-24755\"\r\n                style=\"background:transparent;\"><table style=\"border-collapse: collapse;width: 99.2089%;height: 58px\" border=\"1\">\n<tbody>\n<tr style=\"height: 24px\">\n<td style=\"width: 16.9857%;height: 24px\"><strong>Telefon:<\/strong><\/td>\n<td class=\"xl28\" style=\"width: 83.0143%;height: 24px\" width=\"256\" height=\"17\">+420 567 157 582<\/td>\n<\/tr>\n<tr>\n<td style=\"width: 16.9857%\" colspan=\"2\">\n<div>\n<hr \/>\n<\/div>\n<\/td>\n<\/tr>\n<tr>\n<td style=\"width: 16.9857%\"><strong>Ordina\u010dn\u00ed hodiny:<\/strong><\/td>\n<td style=\"width: 83.0143%\"><strong>Pouze objednan\u00ed pacienti<\/strong><\/p>\n<table style=\"border-collapse: collapse;width: 100.804%\" border=\"1\">\n<tbody>\n<tr>\n<td style=\"width: 14.7957%\"><strong>Pond\u011bl\u00ed:<\/strong><\/td>\n<td style=\"width: 85.2043%\">10:00 &#8211; 12:00 (MUDr. P\u0159emysl Kohout)<\/td>\n<\/tr>\n<tr>\n<td style=\"width: 14.7957%\"><strong>\u00dater\u00fd:<\/strong><\/td>\n<td style=\"width: 85.2043%\">8:00 &#8211; 11:00 (MUDr. Julius Stretavsk\u00fd)<\/td>\n<\/tr>\n<tr>\n<td style=\"width: 14.7957%\"><strong>St\u0159eda<\/strong><\/td>\n<td style=\"width: 85.2043%\">8:00 &#8211; 11:00 (MUDr. Roman Pavlas)<\/td>\n<\/tr>\n<\/tbody>\n<\/table>\n<\/td>\n<\/tr>\n<tr>\n<td style=\"width: 16.9857%\" colspan=\"2\">\n<div>\n<hr \/>\n<\/div>\n<\/td>\n<\/tr>\n<tr>\n<td style=\"width: 16.9857%\"><strong>Kde n\u00e1s najdete:<\/strong><\/td>\n<td style=\"width: 83.0143%\">Budova C1, p\u0159\u00edzem\u00ed (PUIP)<\/td>\n<\/tr>\n<\/tbody>\n<\/table>\n<\/div><\/li><\/ul><\/div><\/div><\/article><\/section>\n<\/div>\n<\/div><\/div>\n<\/div>\n<\/div>\n<\/div>\n<\/div>\n<\/div>\n\n","protected":false},"excerpt":{"rendered":"","protected":false},"author":1,"featured_media":24998,"parent":24714,"menu_order":0,"comment_status":"closed","ping_status":"closed","template":"","meta":{"pgc_sgb_lightbox_settings":"","footnotes":"","_links_to":"","_links_to_target":""},"categories":[85],"class_list":["post-24748","page","type-page","status-publish","has-post-thumbnail","hentry","category-page-oddeleni"],"publishpress_future_action":{"enabled":false,"date":"2026-04-13 00:54:44","action":"change-status","newStatus":"draft","terms":[],"taxonomy":"category","extraData":[]},"publishpress_future_workflow_manual_trigger":{"enabledWorkflows":[]},"_links":{"self":[{"href":"https:\/\/webnemji.azurewebsites.net\/en\/wp-json\/wp\/v2\/pages\/24748","targetHints":{"allow":["GET"]}}],"collection":[{"href":"https:\/\/webnemji.azurewebsites.net\/en\/wp-json\/wp\/v2\/pages"}],"about":[{"href":"https:\/\/webnemji.azurewebsites.net\/en\/wp-json\/wp\/v2\/types\/page"}],"author":[{"embeddable":true,"href":"https:\/\/webnemji.azurewebsites.net\/en\/wp-json\/wp\/v2\/users\/1"}],"replies":[{"embeddable":true,"href":"https:\/\/webnemji.azurewebsites.net\/en\/wp-json\/wp\/v2\/comments?post=24748"}],"version-history":[{"count":0,"href":"https:\/\/webnemji.azurewebsites.net\/en\/wp-json\/wp\/v2\/pages\/24748\/revisions"}],"up":[{"embeddable":true,"href":"https:\/\/webnemji.azurewebsites.net\/en\/wp-json\/wp\/v2\/pages\/24714"}],"wp:featuredmedia":[{"embeddable":true,"href":"https:\/\/webnemji.azurewebsites.net\/en\/wp-json\/wp\/v2\/media\/24998"}],"wp:attachment":[{"href":"https:\/\/webnemji.azurewebsites.net\/en\/wp-json\/wp\/v2\/media?parent=24748"}],"wp:term":[{"taxonomy":"category","embeddable":true,"href":"https:\/\/webnemji.azurewebsites.net\/en\/wp-json\/wp\/v2\/categories?post=24748"}],"curies":[{"name":"wp","href":"https:\/\/api.w.org\/{rel}","templated":true}]}}