{"id":24865,"date":"2023-10-27T13:13:26","date_gmt":"2023-10-27T11:13:26","guid":{"rendered":"https:\/\/nemji.rs-kovarik.cz\/?page_id=24865"},"modified":"2024-02-15T09:25:16","modified_gmt":"2024-02-15T08:25:16","slug":"roboticke-centrum","status":"publish","type":"page","link":"https:\/\/webnemji.azurewebsites.net\/en\/roboticke-centrum\/","title":{"rendered":"Robotic Centre"},"content":{"rendered":"<div id=\"cmsmasters_row_ksciwp6ujf\" class=\"cmsmasters_row cmsmasters_color_scheme_default heroblocks cmsmasters_row_top_default cmsmasters_row_bot_default cmsmasters_row_boxed\">\n<div id=\"heroboxes\" class=\"cmsmasters_row_outer_parent\">\n<div class=\"cmsmasters_row_overlay\"><\/div>\n<div class=\"cmsmasters_row_outer\">\n<div class=\"cmsmasters_row_inner\">\n<div class=\"cmsmasters_row_margin\">\n<div id=\"cmsmasters_column_bxgnwqgwt\" class=\"cmsmasters_column one_first\">\n<div class=\"cmsmasters_column_inner\"><div id=\"cmsmasters_heading_mkdgjovddq\" class=\"cmsmasters_heading_wrap cmsmasters_heading_align_center pageheadingtitle\" data-animation=\"fadeIn\" data-delay=\"100\">\n\t<h1 class=\"cmsmasters_heading\">Robotick\u00e9 centrum<\/h1>\n<\/div><div id=\"cmsmasters_heading_gb7vg9rtje\" class=\"cmsmasters_heading_wrap cmsmasters_heading_align_center\" data-animation=\"fadeIn\" data-delay=\"150\">\n\t<h3 class=\"cmsmasters_heading\">Nemocnice Jihlava, p\u0159\u00edsp\u011bvkov\u00e1 organizace<\/h3>\n<\/div>\n<\/div><\/div>\n<\/div>\n<\/div>\n<\/div>\n<\/div>\n<\/div>\n<div id=\"cmsmasters_row_5gr16na4ms\" class=\"cmsmasters_row cmsmasters_color_scheme_default cmsmasters_row_top_default cmsmasters_row_bot_default cmsmasters_row_boxed\">\n<div class=\"cmsmasters_row_outer_parent\">\n<div class=\"cmsmasters_row_outer\">\n<div class=\"cmsmasters_row_inner\">\n<div class=\"cmsmasters_row_margin\">\n<div id=\"cmsmasters_column_xonfjk045g\" class=\"cmsmasters_column one_first\">\n<div class=\"cmsmasters_column_inner\"><div class=\"cmsmasters_text\">\n<p style=\"text-align: center;\"><nav aria-label=\"breadcrumbs\">\n            <div class=\"breadcrumb-container theme1\">\n                <ol>\n                                    <\/ol>\n            <\/div>\n        <\/nav>    <script type=\"application\/ld+json\">\n        {\n            \"@context\": \"http:\/\/schema.org\",\n            \"@type\": \"BreadcrumbList\",\n            \"itemListElement\": [\n                            ]\n        }\n    <\/script>\n   \n    <script>\n            <\/script>\n<\/p>\n<\/div>\n<div id=\"cmsmasters_divider_zgb2izg47c\" class=\"cl\"><\/div>\n<div id=\"cmsmasters_heading_neyualjxv\" class=\"cmsmasters_heading_wrap cmsmasters_heading_align_center news-content\">\n\t<h2 class=\"cmsmasters_heading\">Robotick\u00e9 centrum<\/h2>\n<\/div>\n<div id=\"cmsmasters_divider_9fdxyzzdx\" class=\"cmsmasters_divider cmsmasters_divider_width_short cmsmasters_divider_pos_left news-content\"><\/div>\n<div class=\"cmsmasters_text news-content\">\n<div id=\"unpobtekane\">\n<p class=\"obsah\">Za\u010d\u00e1tkem roku 2023 byl spu\u0161t\u011bn provoz robotick\u00e9ho centra jihlavsk\u00e9 nemocnice, kter\u00e1 se tak za\u0159adila mezi 13 poskytovatel\u016f t\u00e9to \u0161pi\u010dkov\u00e9 chirurgick\u00e9 technologie v\u00a0\u010cesk\u00e9 republice. Robotick\u00e1 chirurgie je dnes ned\u00edlnou sou\u010d\u00e1st\u00ed vysp\u011bl\u00e9 onkologick\u00e9 p\u00e9\u010de poskytovan\u00e9 p\u0159i Komplexn\u00edch onkologick\u00fdch centrech ve fakultn\u00edch a krajsk\u00fdch nemocnic\u00edch. Komplexn\u00ed onkologick\u00e9 centrum jihlavsk\u00e9 nemocnice ve spolupr\u00e1ci s\u00a0jednotliv\u00fdmi klinick\u00fdmi obory ji\u017e \u0159adu let poskytuje \u0161pi\u010dkovou p\u00e9\u010di pacient\u016fm z\u00a0Kraje Vyso\u010dina. Zah\u00e1jen\u00ed \u010dinnosti robotick\u00e9ho centra je dokladem snahy veden\u00ed nemocnice udr\u017eet krok p\u0159i poskytov\u00e1n\u00ed t\u00e9 nejmodern\u011bj\u0161\u00ed l\u00e9\u010debn\u00e9 p\u00e9\u010de s\u00a0ostatn\u00edmi pracovi\u0161ti v\u00a0\u010cesk\u00e9 republice.<\/p>\n<div><\/div>\n<div>\n<h5 style=\"font-weight: 400;\"><strong>Robotick\u00e1 chirurgie<\/strong><\/h5>\n<p style=\"font-weight: 400;\">Dlouhodob\u00fdm monitoringem v\u00a0jihlavsk\u00e9 nemocnici byla potvrzena popt\u00e1vka po robotick\u00e9 chirurgii ze strany pacient\u016f, kde tato operativa zkracuje nejen dobu hospitalizace, ale i dobu celkov\u00e9 rekonvalescence a pracovn\u00ed neschopnosti vzhledem k\u00a0n\u00edzk\u00e9 bolesti.\u00a0\u00a0D\u00e1le sni\u017euje v\u00fdskyt ne\u017e\u00e1douc\u00edch poopera\u010dn\u00edch komplikac\u00ed, kter\u00e9 ovliv\u0148uj\u00ed kvalitu \u017eivota a prodlu\u017euj\u00ed n\u00e1vrat do b\u011b\u017en\u00e9ho pracovn\u00edho i osobn\u00edho \u017eivota.<br \/>\nVe srovn\u00e1n\u00ed s\u00a0klasickou chirurgi\u00ed, p\u0159in\u00e1\u0161\u00ed robotick\u00e1 chirurgie v\u011bt\u0161\u00ed preciznost, ni\u017e\u0161\u00ed riziko krevn\u00edch ztr\u00e1t, m\u00e9n\u011b infekc\u00ed, d\u00e1le, ve srovn\u00e1n\u00ed s\u00a0laparoskopi\u00ed, v\u00fdrazn\u011b ni\u017e\u0161\u00ed pot\u0159ebu konverze na otev\u0159en\u00fd opera\u010dn\u00ed v\u00fdkon vzhledem k\u00a0v\u011bt\u0161\u00ed flexibilit\u011b a preciznosti.\u00a0P\u0159i opera\u010dn\u00ed l\u00e9\u010db\u011b zejm\u00e9na onkologick\u00fdch onemocn\u011bn\u00ed je zaznamen\u00e1n v\u00a0posledn\u00edch n\u011bkolika letech rychl\u00fd n\u00e1stup roboticky asistovan\u00fdch v\u00fdkon\u016f, co\u017e souvis\u00ed s\u00a0v\u00fd\u0161e uveden\u00fdmi fakty.<br \/>\nV \u010cesk\u00e9 republice, v urologii, v p\u0159\u00edpad\u011b lokalizovan\u00e9ho n\u00e1dorov\u00e9ho onemocn\u011bn\u00ed prostaty je provedeno jej\u00ed odstran\u011bn\u00ed t\u00e9m\u011b\u0159 v 80 % roboticky, kdy se meziro\u010dn\u00ed n\u00e1r\u016fst, v posledn\u00edch letech, pohyboval okolo 10 %. Rychle rostou i robotick\u00e9 v\u00fdkony v p\u0159\u00edpad\u011b odstran\u011bn\u00ed n\u00e1dor\u016f ledvin (parci\u00e1ln\u00edch nefrektomi\u00ed), v\u00fdznamn\u011b se navy\u0161uj\u00ed roboticky asistovan\u00e9 v\u00fdkony v gynekologii, s meziro\u010dn\u00edm n\u00e1r\u016fstem nad 80 %, podobn\u011b v obecn\u00e9 chirurgii, kde se meziro\u010dn\u00ed n\u00e1r\u016fst pohybuje nad 50 %. Pot\u0159eba konvertovat (na klasickou operaci) robotick\u00fd v\u00fdkon ve srovn\u00e1n\u00ed s laparoskopi\u00ed je v pr\u016fm\u011bru o 50 % ni\u017e\u0161\u00ed.<\/p>\n<p style=\"font-weight: 400;\">V p\u0159\u00edpad\u011b proveden\u00fdch mezin\u00e1rodn\u00edch studi\u00ed u operac\u00ed n\u00e1dor\u016f ledvin je v\u00fdrazn\u011b ni\u017e\u0161\u00ed mortalita, o 44 % ni\u017e\u0161\u00ed pot\u0159eba krevn\u00edch p\u0159evod\u016f, o 42% ni\u017e\u0161\u00ed v\u00fdskyt postopera\u010dn\u00edch komplikac\u00ed, o 39 % ni\u017e\u0161\u00ed v\u00fdskyt komplikac\u00ed v n\u00e1sleduj\u00edc\u00edch 30 dnech po operaci, a tak\u00e9 o 36 % ni\u017e\u0161\u00ed pot\u0159eba rehospitalizace ve srovn\u00e1n\u00ed s otev\u0159enou operac\u00ed. V p\u0159\u00edpad\u011b srovn\u00e1n\u00ed s laparoskopi\u00ed je pot\u0159eba p\u0159eveden\u00ed na otev\u0159enou operaci a revizi o 52 % ni\u017e\u0161\u00ed p\u0159i u\u017eit\u00ed robota. Podobn\u011b je sn\u00ed\u017eena pot\u0159eba krevn\u00edch p\u0159evod\u016f o 24 %, d\u00e1le poopera\u010dn\u00edch komplikac\u00ed o 21%, je evidov\u00e1na ni\u017e\u0161\u00ed pot\u0159eba rehospitalizace o 17 % oproti laparoskopii.<br \/>\nP\u0159i odstran\u011bn\u00ed prostaty, z d\u016fvod\u016f lokalizovan\u00e9ho n\u00e1dorov\u00e9ho onemocn\u011bn\u00ed, dlouhodob\u00e9 statistick\u00e9 v\u00fdsledky up\u0159ednost\u0148uj\u00ed roboticky asistovanou operaci oproti otev\u0159en\u00e9 chirurgii nebo laparoskopii.<br \/>\nD\u016fvodem je v\u00fdznamn\u011b ni\u017e\u0161\u00ed v\u00fdskyt\u00a0\u00a0komplikac\u00ed v\u00a0pr\u016fb\u011bhu operace a bezprost\u0159edn\u011b po n\u00ed, lep\u0161\u00ed v\u00fdsledky spojen\u00e9 s\u00a0radikalitou v\u00fdkonu, ni\u017e\u0161\u00ed po\u010det p\u0159eveden\u00ed na klasickou operaci oproti laparoskopii, ni\u017e\u0161\u00ed pot\u0159eba krevn\u00edch p\u0159evod\u016f, s\u00a0pr\u016fm\u011brnou krevn\u00ed opera\u010dn\u00ed ztr\u00e1tou kolem 200 ml.<\/p>\n<p style=\"font-weight: 400;\">V gynekologick\u00e9 operativ\u011b p\u0159i roboticky asistovan\u00e9 hysterektomii pro karcinom endometria se podle proveden\u00fdch vyhodnocen\u00ed\u00a0 shoduje doba robotick\u00e9ho v\u00fdkonu s laparoskopi\u00ed, ten v\u0161ak umo\u017e\u0148uje men\u0161\u00ed krevn\u00ed ztr\u00e1ty, krat\u0161\u00ed hospitalizaci, kter\u00e1 se v pr\u016fm\u011bru pohybuje okolo 2,7 dne. P\u0159ibli\u017en\u011b o 52 % je ni\u017e\u0161\u00ed pravd\u011bpodobnost otev\u0159en\u00e9 opera\u010dn\u00ed revize a dokon\u010den\u00ed v\u00fdkonu, v\u00fdznamn\u011b\u00a0\u00a0\u00a0se sni\u017euje mo\u017enost \u00famrt\u00ed v poopera\u010dn\u00edm obdob\u00ed. I v oboru gynekologie roboticky asistovan\u00e9 operace p\u0159in\u00e1\u0161\u00ed o 26 % ni\u017e\u0161\u00ed v\u00fdskyt komplikac\u00ed, 25 % m\u00e9n\u011b krevn\u00edch p\u0159evod\u016f a na rozd\u00edl od laparoskopick\u00e9 operace se o 20 % pacientek vrac\u00ed k hospitalizaci.<br \/>\nV chirurgii jsou aktu\u00e1ln\u011b robotick\u00e9 operace indikov\u00e1ny nej\u010dast\u011bji u n\u011bkter\u00fdch typ\u016f n\u00e1dor\u016f tlust\u00e9ho st\u0159eva. Pacienti, u kter\u00fdch je tento typ operace vhodn\u00fd, maj\u00ed ve srovn\u00e1n\u00ed s klasickou operac\u00ed leh\u010d\u00ed poopera\u010dn\u00ed pr\u016fb\u011bh. D\u00edky tomu se zkracuje doba nutn\u00e1 k pobytu na jednotce intenzivn\u00ed p\u00e9\u010de. S vysokou p\u0159esnost\u00ed robotick\u00e9ho syst\u00e9mu souvis\u00ed, stejn\u011b jako v ostatn\u00edch chirurgick\u00fdch oborech, i ni\u017e\u0161\u00ed v\u00fdskyt poopera\u010dn\u00edch komplikac\u00ed a pot\u0159eba krevn\u00edch transf\u00faz\u00ed. Ve srovn\u00e1n\u00ed s laparoskopick\u00fdmi operacemi je v chirurgii p\u0159ibli\u017en\u011b o 40 % m\u00e9n\u011b pravd\u011bpodobn\u00e9, \u017ee operace bude muset b\u00fdt p\u0159evedena na operaci otev\u0159enou. D\u00edky t\u011bmto p\u0159ednostem b\u00fdv\u00e1 v\u00fdznamn\u011b krat\u0161\u00ed celkov\u00e1 d\u00e9lka hospitalizace a asi o 20 % men\u0161\u00ed pravd\u011bpodobnost oproti ostatn\u00edm typ\u016fm operac\u00ed, \u017ee se pacient bude muset vr\u00e1tit do nemocnice s n\u011bjakou komplikac\u00ed. To m\u00e1 velk\u00fd v\u00fdznam zvl\u00e1\u0161t\u011b u pacient\u016f s n\u00e1dorov\u00fdm onemocn\u011bn\u00edm, proto\u017ee d\u00edky krat\u0161\u00ed poopera\u010dn\u00ed rekonvalescenci mohu d\u0159\u00edve podstoupit dal\u0161\u00ed onkologickou l\u00e9\u010dbu, pokud ji pot\u0159ebuj\u00ed.<\/p>\n<p>&nbsp;<\/p>\n<h5 style=\"font-weight: 400;\"><strong>Start robotick\u00e9 chirurgie v\u00a0jihlavsk\u00e9 nemocnici<\/strong><\/h5>\n<p style=\"font-weight: 400;\">Zah\u00e1jen\u00ed provozu p\u0159edch\u00e1zely 2 roky p\u0159\u00edprav. Nemocnice Jihlava, p. o., prost\u0159ednictv\u00edm sv\u00e9ho veden\u00ed, zanalyzovala vhodnost takov\u00e9ho projektu jak ze zdravotnick\u00e9ho tak i ekonomick\u00e9ho hlediska, a pot\u00e9 obst\u00e1la\u00a0\u00a0p\u0159i \u00a0jedn\u00e1n\u00edch p\u0159\u00edstrojov\u00e9 komise Ministerstva zdravotnictv\u00ed. Byly spln\u011bny ve\u0161ker\u00e9 podm\u00ednky pro velkou investici do robotick\u00e9 chirurgie, kter\u00e9 pomohl dota\u010dn\u00ed program REACT-EU z Evropsk\u00e9 unie. Vedle robotick\u00e9ho syst\u00e9mu jihlavsk\u00e1 nemocnice investovala prost\u0159edky do speci\u00e1ln\u00edho opera\u010dn\u00edho stolu, kter\u00fd umo\u017e\u0148uje zm\u011bnu polohy pacienta v pr\u016fb\u011bhu operace, bez nutnosti p\u0159eru\u0161en\u00ed opera\u010dn\u00edho v\u00fdkonu. Bylo nutn\u00e9 p\u0159izp\u016fsobit robotick\u00e9 chirurgii i jeden z opera\u010dn\u00edch s\u00e1l\u016f a prakticky ho vy\u0159adit z u\u017e\u00edv\u00e1n\u00ed pro b\u011b\u017enou klasickou chirurgii. Reorganizace provozu centr\u00e1ln\u00edch opera\u010dn\u00edch s\u00e1l\u016f vy\u017eadovala velkou m\u00edru pochopen\u00ed a spolupr\u00e1ce v\u0161ech opera\u010dn\u00edch obor\u016f.<\/p>\n<p style=\"font-weight: 400;\">V posledn\u00edch 3 m\u011bs\u00edc\u00edch roku 2022 prob\u011bhlo intenzivn\u00ed \u0161kolen\u00ed ve\u0161ker\u00e9ho person\u00e1lu robotick\u00e9ho centra pod dohledem firemn\u00edch odborn\u00edk\u016f, kter\u00e9 prob\u00edhalo v mimopracovn\u00ed dob\u011b. Mnoho \u010dasu bylo v\u011bnov\u00e1no zvl\u00e1dnut\u00ed b\u011b\u017en\u00e9 obsluhy\u00a0\u00a0robotick\u00e9ho syst\u00e9mu ze strany st\u0159edn\u011b zdravotnick\u00e9ho person\u00e1lu a l\u00e9ka\u0159\u016f z p\u0159\u00edslu\u0161n\u00fdch klinick\u00fdch obor\u016f gynekologie, chirurgie a urologie. Samotnou opera\u010dn\u00ed techniku l\u00e9ka\u0159i pilovali na simul\u00e1toru opera\u010dn\u00ed konzole. \u010cas a preciznost \u00fakol\u016f posuzovali odborn\u00ed \u0161kolitel\u00e9. Po 3 m\u011bs\u00edc\u00edch intenzivn\u00ed p\u0159\u00edpravy v\u0161ichni l\u00e9ka\u0159i slo\u017eili z\u00e1v\u011bre\u010dn\u00e9 zkou\u0161ky v zahrani\u010d\u00ed ve v\u00fdukov\u00fdch centrech.<br \/>\nJihlavsk\u00e9 robotick\u00e9 centrum je tak certifikovan\u00fdm pracovi\u0161t\u011bm pro poskytov\u00e1n\u00ed roboticky asistovan\u00e9 chirurgie.<br \/>\nL\u00e9ka\u0159i z jihlavsk\u00e9 nemocnice spolupracuj\u00ed se \u0161pi\u010dkov\u00fdmi robotick\u00fdmi pracovi\u0161ti z fakultn\u00edch nemocnic v Praze a Olomouci, vyu\u017e\u00edvaj\u00ed cenn\u00fdch rad odborn\u00edk\u016f, kte\u0159\u00ed se v\u011bnuj\u00ed t\u00e9to operativ\u011b \u0159adu let a \u010dasto nav\u0161t\u011bvuj\u00ed jihlavsk\u00e9 robotick\u00e9 centrum. P\u0159ipravuje se spolupr\u00e1ce s odborn\u00edky ze zahrani\u010d\u00ed.<\/p>\n<p>&nbsp;<\/p>\n<\/div>\n<div class=\"pgc-sgb-cb wp-block-pgcsimplygalleryblock-grid \" data-gallery-id=\"36328962\"><div class=\"sgb-preloader\" id=\"pr_36328962\">\n\t<div class=\"sgb-square\" style=\"background:#d4d4d4\"><\/div>\n\t<div class=\"sgb-square\" style=\"background:#d4d4d4\"><\/div>\n\t<div class=\"sgb-square\" style=\"background:#d4d4d4\"><\/div>\n\t<div class=\"sgb-square\" style=\"background:#d4d4d4\"><\/div><\/div><div class=\"simply-gallery-amp pgc_sgb_slider \"><noscript><div class=\"sgb-gallery\"><div class=\"sgb-item\"><a href=\"https:\/\/nemji.rs-kovarik.cz\/pgc_simply_gallery\/url-fotogalerie\/robot-foto-1-min\/\" target=\"_blank\"><img decoding=\"async\" alt=\"\" width=\"300\" height=\"202\" loading=\"lazy\" src=\"\/wp-content\/uploads\/2023\/10\/robot-foto-1-min-300x202.jpg\" srcset=\"\/wp-content\/uploads\/2023\/10\/robot-foto-1-min-300x202.jpg 300w,\/wp-content\/uploads\/2023\/10\/robot-foto-1-min-1024x690.jpg 1024w,\/wp-content\/uploads\/2023\/10\/robot-foto-1-min-scaled.jpg 2560w\" sizes=\"auto, 250px\"\/><\/a><\/div><div class=\"sgb-item\"><a href=\"https:\/\/nemji.rs-kovarik.cz\/pgc_simply_gallery\/url-fotogalerie\/robotfoto9-min\/\" target=\"_blank\"><img decoding=\"async\" alt=\"\" width=\"286\" height=\"300\" loading=\"lazy\" src=\"\/wp-content\/uploads\/2023\/10\/robotfoto9-min-286x300.jpg\" srcset=\"\/wp-content\/uploads\/2023\/10\/robotfoto9-min-286x300.jpg 286w,\/wp-content\/uploads\/2023\/10\/robotfoto9-min-976x1024.jpg 976w,\/wp-content\/uploads\/2023\/10\/robotfoto9-min-scaled.jpg 2439w\" sizes=\"auto, 250px\"\/><\/a><\/div><div class=\"sgb-item\"><a href=\"https:\/\/nemji.rs-kovarik.cz\/pgc_simply_gallery\/aktuality-predstavili-jsme-nejmodernejsiho-operacniho-robota\/microsoftteams-image-63\/\" target=\"_blank\"><img decoding=\"async\" alt=\"\" width=\"225\" height=\"300\" loading=\"lazy\" src=\"\/wp-content\/uploads\/2023\/10\/MicrosoftTeams-image-63-225x300.jpg\" srcset=\"\/wp-content\/uploads\/2023\/10\/MicrosoftTeams-image-63-225x300.jpg 225w,\/wp-content\/uploads\/2023\/10\/MicrosoftTeams-image-63-768x1024.jpg 768w,\/wp-content\/uploads\/2023\/10\/MicrosoftTeams-image-63-scaled.jpg 1920w\" sizes=\"auto, 250px\"\/><\/a><\/div><div class=\"sgb-item\"><a href=\"https:\/\/nemji.rs-kovarik.cz\/pgc_simply_gallery\/aktuality-predstavili-jsme-nejmodernejsiho-operacniho-robota\/microsoftteams-image-61\/\" target=\"_blank\"><img decoding=\"async\" alt=\"\" width=\"225\" height=\"300\" loading=\"lazy\" src=\"\/wp-content\/uploads\/2023\/10\/MicrosoftTeams-image-61-225x300.jpg\" srcset=\"\/wp-content\/uploads\/2023\/10\/MicrosoftTeams-image-61-225x300.jpg 225w,\/wp-content\/uploads\/2023\/10\/MicrosoftTeams-image-61-768x1024.jpg 768w,\/wp-content\/uploads\/2023\/10\/MicrosoftTeams-image-61-scaled.jpg 1920w\" sizes=\"auto, 250px\"\/><\/a><\/div><div class=\"sgb-item\"><a href=\"https:\/\/nemji.rs-kovarik.cz\/pgc_simply_gallery\/aktuality-predstavili-jsme-nejmodernejsiho-operacniho-robota\/microsoftteams-image-62\/\" target=\"_blank\"><img decoding=\"async\" alt=\"\" width=\"222\" height=\"300\" loading=\"lazy\" src=\"\/wp-content\/uploads\/2023\/10\/MicrosoftTeams-image-62-222x300.jpg\" srcset=\"\/wp-content\/uploads\/2023\/10\/MicrosoftTeams-image-62-222x300.jpg 222w,\/wp-content\/uploads\/2023\/10\/MicrosoftTeams-image-62-757x1024.jpg 757w,\/wp-content\/uploads\/2023\/10\/MicrosoftTeams-image-62-scaled.jpg 1892w\" sizes=\"auto, 250px\"\/><\/a><\/div><\/div><\/noscript><\/div><script type=\"application\/json\" class=\"sgb-data\">{\"collectionColumns\":4,\"thumbHieghtRation\":0.8,\"thumbSpacing\":10,\"thumbMobileSpacing\":10,\"externalLink\":false,\"captions\":false,\"captionHAlign\":\"bottom\",\"collectionthumbHoverTitleFontSize\":16,\"collectionthumbRoundedCorners\":20,\"collectionThumbSubMenuDownload\":false,\"collectionThumbSubMenuShare\":false,\"galleryType\":\"pgc_sgb_grid\",\"galleryId\":\"36328962\",\"images\":[{\"id\":24708,\"title\":\"robot foto 1-min\",\"url\":\"\/wp-content\/uploads\/2023\/10\/robot-foto-1-min-scaled.jpg\",\"link\":\"https:\/\/nemji.rs-kovarik.cz\/pgc_simply_gallery\/url-fotogalerie\/robot-foto-1-min\/\",\"alt\":\"\",\"description\":\"\",\"caption\":\"\",\"mime\":\"image\/jpeg\",\"type\":\"image\",\"width\":2560,\"height\":1726,\"sizes\":{\"thumbnail\":{\"height\":150,\"width\":150,\"url\":\"\/wp-content\/uploads\/2023\/10\/robot-foto-1-min-150x150.jpg\",\"orientation\":\"landscape\"},\"medium\":{\"height\":202,\"width\":300,\"url\":\"\/wp-content\/uploads\/2023\/10\/robot-foto-1-min-300x202.jpg\",\"orientation\":\"landscape\"},\"large\":{\"height\":690,\"width\":1024,\"url\":\"\/wp-content\/uploads\/2023\/10\/robot-foto-1-min-1024x690.jpg\",\"orientation\":\"landscape\"},\"full\":{\"url\":\"\/wp-content\/uploads\/2023\/10\/robot-foto-1-min-scaled.jpg\",\"height\":1726,\"width\":2560,\"orientation\":\"landscape\"}},\"imageMeta\":{\"aperture\":\"0\",\"credit\":\"\",\"camera\":\"\",\"caption\":\"\",\"created_timestamp\":\"0\",\"copyright\":\"\",\"focal_length\":\"0\",\"iso\":\"0\",\"shutter_speed\":\"0\",\"title\":\"\",\"orientation\":\"0\",\"keywords\":[]},\"meta\":false,\"postlink\":\"https:\/\/nemji.rs-kovarik.cz\/pgc_simply_gallery\/url-fotogalerie\/robot-foto-1-min\/\"},{\"id\":24709,\"title\":\"robotfoto9-min\",\"url\":\"\/wp-content\/uploads\/2023\/10\/robotfoto9-min-scaled.jpg\",\"link\":\"https:\/\/nemji.rs-kovarik.cz\/pgc_simply_gallery\/url-fotogalerie\/robotfoto9-min\/\",\"alt\":\"\",\"description\":\"\",\"caption\":\"\",\"mime\":\"image\/jpeg\",\"type\":\"image\",\"width\":2439,\"height\":2560,\"sizes\":{\"thumbnail\":{\"height\":150,\"width\":150,\"url\":\"\/wp-content\/uploads\/2023\/10\/robotfoto9-min-150x150.jpg\",\"orientation\":\"landscape\"},\"medium\":{\"height\":300,\"width\":286,\"url\":\"\/wp-content\/uploads\/2023\/10\/robotfoto9-min-286x300.jpg\",\"orientation\":\"portrait\"},\"large\":{\"height\":1024,\"width\":976,\"url\":\"\/wp-content\/uploads\/2023\/10\/robotfoto9-min-976x1024.jpg\",\"orientation\":\"portrait\"},\"full\":{\"url\":\"\/wp-content\/uploads\/2023\/10\/robotfoto9-min-scaled.jpg\",\"height\":2560,\"width\":2439,\"orientation\":\"portrait\"}},\"imageMeta\":{\"aperture\":\"0\",\"credit\":\"\",\"camera\":\"\",\"caption\":\"\",\"created_timestamp\":\"0\",\"copyright\":\"\",\"focal_length\":\"0\",\"iso\":\"0\",\"shutter_speed\":\"0\",\"title\":\"\",\"orientation\":\"0\",\"keywords\":[]},\"meta\":false,\"postlink\":\"https:\/\/nemji.rs-kovarik.cz\/pgc_simply_gallery\/url-fotogalerie\/robotfoto9-min\/\"},{\"id\":21519,\"title\":\"MicrosoftTeams-image (63)\",\"url\":\"\/wp-content\/uploads\/2023\/10\/MicrosoftTeams-image-63-scaled.jpg\",\"link\":\"https:\/\/nemji.rs-kovarik.cz\/pgc_simply_gallery\/aktuality-predstavili-jsme-nejmodernejsiho-operacniho-robota\/microsoftteams-image-63\/\",\"alt\":\"\",\"description\":\"\",\"caption\":\"\",\"mime\":\"image\/jpeg\",\"type\":\"image\",\"width\":1920,\"height\":2560,\"sizes\":{\"thumbnail\":{\"height\":150,\"width\":150,\"url\":\"\/wp-content\/uploads\/2023\/10\/MicrosoftTeams-image-63-150x150.jpg\",\"orientation\":\"landscape\"},\"medium\":{\"height\":300,\"width\":225,\"url\":\"\/wp-content\/uploads\/2023\/10\/MicrosoftTeams-image-63-225x300.jpg\",\"orientation\":\"portrait\"},\"large\":{\"height\":1024,\"width\":768,\"url\":\"\/wp-content\/uploads\/2023\/10\/MicrosoftTeams-image-63-768x1024.jpg\",\"orientation\":\"portrait\"},\"full\":{\"url\":\"\/wp-content\/uploads\/2023\/10\/MicrosoftTeams-image-63-scaled.jpg\",\"height\":2560,\"width\":1920,\"orientation\":\"portrait\"}},\"imageMeta\":{\"aperture\":\"1.6\",\"credit\":\"\",\"camera\":\"iPhone 12 mini\",\"caption\":\"\",\"created_timestamp\":\"1674031014\",\"copyright\":\"\",\"focal_length\":\"4.2\",\"iso\":\"200\",\"shutter_speed\":\"0.02\",\"title\":\"\",\"orientation\":\"1\",\"keywords\":[]},\"meta\":false,\"postlink\":\"https:\/\/nemji.rs-kovarik.cz\/pgc_simply_gallery\/aktuality-predstavili-jsme-nejmodernejsiho-operacniho-robota\/microsoftteams-image-63\/\"},{\"id\":21521,\"title\":\"MicrosoftTeams-image (61)\",\"url\":\"\/wp-content\/uploads\/2023\/10\/MicrosoftTeams-image-61-scaled.jpg\",\"link\":\"https:\/\/nemji.rs-kovarik.cz\/pgc_simply_gallery\/aktuality-predstavili-jsme-nejmodernejsiho-operacniho-robota\/microsoftteams-image-61\/\",\"alt\":\"\",\"description\":\"\",\"caption\":\"\",\"mime\":\"image\/jpeg\",\"type\":\"image\",\"width\":1920,\"height\":2560,\"sizes\":{\"thumbnail\":{\"height\":150,\"width\":150,\"url\":\"\/wp-content\/uploads\/2023\/10\/MicrosoftTeams-image-61-150x150.jpg\",\"orientation\":\"landscape\"},\"medium\":{\"height\":300,\"width\":225,\"url\":\"\/wp-content\/uploads\/2023\/10\/MicrosoftTeams-image-61-225x300.jpg\",\"orientation\":\"portrait\"},\"large\":{\"height\":1024,\"width\":768,\"url\":\"\/wp-content\/uploads\/2023\/10\/MicrosoftTeams-image-61-768x1024.jpg\",\"orientation\":\"portrait\"},\"full\":{\"url\":\"\/wp-content\/uploads\/2023\/10\/MicrosoftTeams-image-61-scaled.jpg\",\"height\":2560,\"width\":1920,\"orientation\":\"portrait\"}},\"imageMeta\":{\"aperture\":\"1.6\",\"credit\":\"\",\"camera\":\"iPhone 12 mini\",\"caption\":\"\",\"created_timestamp\":\"1674030986\",\"copyright\":\"\",\"focal_length\":\"4.2\",\"iso\":\"250\",\"shutter_speed\":\"0.02\",\"title\":\"\",\"orientation\":\"1\",\"keywords\":[]},\"meta\":false,\"postlink\":\"https:\/\/nemji.rs-kovarik.cz\/pgc_simply_gallery\/aktuality-predstavili-jsme-nejmodernejsiho-operacniho-robota\/microsoftteams-image-61\/\"},{\"id\":21520,\"title\":\"MicrosoftTeams-image (62)\",\"url\":\"\/wp-content\/uploads\/2023\/10\/MicrosoftTeams-image-62-scaled.jpg\",\"link\":\"https:\/\/nemji.rs-kovarik.cz\/pgc_simply_gallery\/aktuality-predstavili-jsme-nejmodernejsiho-operacniho-robota\/microsoftteams-image-62\/\",\"alt\":\"\",\"description\":\"\",\"caption\":\"\",\"mime\":\"image\/jpeg\",\"type\":\"image\",\"width\":1892,\"height\":2560,\"sizes\":{\"thumbnail\":{\"height\":150,\"width\":150,\"url\":\"\/wp-content\/uploads\/2023\/10\/MicrosoftTeams-image-62-150x150.jpg\",\"orientation\":\"landscape\"},\"medium\":{\"height\":300,\"width\":222,\"url\":\"\/wp-content\/uploads\/2023\/10\/MicrosoftTeams-image-62-222x300.jpg\",\"orientation\":\"portrait\"},\"large\":{\"height\":1024,\"width\":757,\"url\":\"\/wp-content\/uploads\/2023\/10\/MicrosoftTeams-image-62-757x1024.jpg\",\"orientation\":\"portrait\"},\"full\":{\"url\":\"\/wp-content\/uploads\/2023\/10\/MicrosoftTeams-image-62-scaled.jpg\",\"height\":2560,\"width\":1892,\"orientation\":\"portrait\"}},\"imageMeta\":{\"aperture\":\"1.6\",\"credit\":\"\",\"camera\":\"iPhone 12 mini\",\"caption\":\"\",\"created_timestamp\":\"1674031393\",\"copyright\":\"\",\"focal_length\":\"4.2\",\"iso\":\"160\",\"shutter_speed\":\"0.02\",\"title\":\"\",\"orientation\":\"1\",\"keywords\":[]},\"meta\":false,\"postlink\":\"https:\/\/nemji.rs-kovarik.cz\/pgc_simply_gallery\/aktuality-predstavili-jsme-nejmodernejsiho-operacniho-robota\/microsoftteams-image-62\/\"}],\"itemsMetaDataCollection\":[],\"useClobalSettings\":true,\"shareFacebook\":false,\"shareTwitter\":false,\"sharePinterest\":false,\"sliderItemDownload\":false,\"shareCopyLink\":false,\"sliderItemTitleEnable\":true,\"sliderItemTitleFontSize\":16,\"sliderSlideshow\":false,\"sliderSlideshowDelay\":6,\"sliderSocialShareEnabled\":false,\"TrpContentRestriction\":{\"restriction_type\":\"exclude\",\"selected_languages\":[],\"panel_open\":true}}<\/script><script>(function(){if(window.PGC_SGB && window.PGC_SGB.searcher){window.PGC_SGB.searcher.initBlocks()}})()<\/script><\/div>\n<\/div>\n<p>&nbsp;<\/p>\n<p>&nbsp;<\/p>\n<\/div>\n<\/div><\/div>\n<\/div>\n<\/div>\n<\/div>\n<\/div>\n<\/div>\n\n","protected":false},"excerpt":{"rendered":"","protected":false},"author":1,"featured_media":25007,"parent":0,"menu_order":0,"comment_status":"closed","ping_status":"closed","template":"","meta":{"pgc_sgb_lightbox_settings":"","footnotes":"","_links_to":"","_links_to_target":""},"categories":[],"class_list":["post-24865","page","type-page","status-publish","has-post-thumbnail","hentry"],"publishpress_future_action":{"enabled":false,"date":"2026-04-15 00:25:41","action":"change-status","newStatus":"draft","terms":[],"taxonomy":"category","extraData":[]},"publishpress_future_workflow_manual_trigger":{"enabledWorkflows":[]},"_links":{"self":[{"href":"https:\/\/webnemji.azurewebsites.net\/en\/wp-json\/wp\/v2\/pages\/24865","targetHints":{"allow":["GET"]}}],"collection":[{"href":"https:\/\/webnemji.azurewebsites.net\/en\/wp-json\/wp\/v2\/pages"}],"about":[{"href":"https:\/\/webnemji.azurewebsites.net\/en\/wp-json\/wp\/v2\/types\/page"}],"author":[{"embeddable":true,"href":"https:\/\/webnemji.azurewebsites.net\/en\/wp-json\/wp\/v2\/users\/1"}],"replies":[{"embeddable":true,"href":"https:\/\/webnemji.azurewebsites.net\/en\/wp-json\/wp\/v2\/comments?post=24865"}],"version-history":[{"count":0,"href":"https:\/\/webnemji.azurewebsites.net\/en\/wp-json\/wp\/v2\/pages\/24865\/revisions"}],"wp:featuredmedia":[{"embeddable":true,"href":"https:\/\/webnemji.azurewebsites.net\/en\/wp-json\/wp\/v2\/media\/25007"}],"wp:attachment":[{"href":"https:\/\/webnemji.azurewebsites.net\/en\/wp-json\/wp\/v2\/media?parent=24865"}],"wp:term":[{"taxonomy":"category","embeddable":true,"href":"https:\/\/webnemji.azurewebsites.net\/en\/wp-json\/wp\/v2\/categories?post=24865"}],"curies":[{"name":"wp","href":"https:\/\/api.w.org\/{rel}","templated":true}]}}