{"id":24942,"date":"2023-10-30T07:06:10","date_gmt":"2023-10-30T06:06:10","guid":{"rendered":"https:\/\/nemji.rs-kovarik.cz\/?page_id=24942"},"modified":"2026-03-18T13:22:58","modified_gmt":"2026-03-18T12:22:58","slug":"nadstandardni-sluzby","status":"publish","type":"page","link":"https:\/\/webnemji.azurewebsites.net\/en\/oddeleni\/ortopedicke-oddeleni\/nadstandardni-sluzby\/","title":{"rendered":"Premium services"},"content":{"rendered":"<div id=\"cmsmasters_row_6iluctg3hk\" class=\"cmsmasters_row cmsmasters_color_scheme_default cmsmasters_row_top_default cmsmasters_row_bot_default cmsmasters_row_boxed\">\n<div class=\"cmsmasters_row_outer_parent\">\n<div class=\"cmsmasters_row_overlay\"><\/div>\n<div class=\"cmsmasters_row_outer\">\n<div class=\"cmsmasters_row_inner\">\n<div class=\"cmsmasters_row_margin\">\n<div id=\"cmsmasters_column_sybg7he2sg\" class=\"cmsmasters_column one_first\">\n<div class=\"cmsmasters_column_inner\"><div id=\"cmsmasters_heading_b3c74b95a0\" class=\"cmsmasters_heading_wrap cmsmasters_heading_align_center pageheadingtitle\">\n\t<h1 class=\"cmsmasters_heading\">Ortopedick\u00e9 odd\u011blen\u00ed<\/h1>\n<\/div>\n<\/div><\/div>\n<\/div>\n<\/div>\n<\/div>\n<\/div>\n<\/div>\n<div id=\"cmsmasters_row_ly5ze1hf8e\" class=\"cmsmasters_row cmsmasters_color_scheme_default cmsmasters_row_top_default cmsmasters_row_bot_default cmsmasters_row_boxed\">\n<div class=\"cmsmasters_row_outer_parent\">\n<div class=\"cmsmasters_row_outer\">\n<div class=\"cmsmasters_row_inner\">\n<div class=\"cmsmasters_row_margin\">\n<div id=\"cmsmasters_column_v67ee6nvg7\" class=\"cmsmasters_column one_first\">\n<div class=\"cmsmasters_column_inner\"><div class=\"cmsmasters_text\">\n<p><nav aria-label=\"breadcrumbs\">\n            <div class=\"breadcrumb-container theme1\">\n                <ol>\n                                    <\/ol>\n            <\/div>\n        <\/nav>    <script type=\"application\/ld+json\">\n        {\n            \"@context\": \"http:\/\/schema.org\",\n            \"@type\": \"BreadcrumbList\",\n            \"itemListElement\": [\n                            ]\n        }\n    <\/script>\n   \n    <script>\n            <\/script>\n<\/p>\n<\/div>\n<\/div><\/div>\n<\/div>\n<\/div>\n<\/div>\n<\/div>\n<\/div>\n<div id=\"cmsmasters_row_3f2f8816dd\" class=\"cmsmasters_row cmsmasters_color_scheme_default cmsmasters_row_top_default cmsmasters_row_bot_default cmsmasters_row_boxed\">\n<div class=\"cmsmasters_row_outer_parent\">\n<div class=\"cmsmasters_row_outer\">\n<div class=\"cmsmasters_row_inner\">\n<div class=\"cmsmasters_row_margin\">\n<div id=\"cmsmasters_column_0a1c5940f5\" class=\"cmsmasters_column one_third stickyinfocolumn\">\n<div class=\"cmsmasters_column_inner\"><div id=\"cmsmasters_heading_rva6m2t32d\" class=\"cmsmasters_heading_wrap cmsmasters_heading_align_center\">\n\t<h3 class=\"cmsmasters_heading\">Informace o odd\u011blen\u00ed<\/h3>\n<\/div>\n<div id=\"cmsmasters_divider_dpp34mcdj5\" class=\"cmsmasters_divider cmsmasters_divider_width_short cmsmasters_divider_pos_center\"><\/div>\n<div class=\"cmsmasters_sidebar sidebar_layout_11 sidebar-custom-menu\"><aside id=\"nav_menu-49\" class=\"widget widget_nav_menu\"><div class=\"menu-oddeleni-ort-container\"><ul id=\"menu-oddeleni-ort\" class=\"menu\"><li id=\"menu-item-24611\" class=\"menu-item menu-item-type-custom menu-item-object-custom menu-item-24611\"><a href=\"\/oddeleni\/ortopedicke-oddeleni\/#popis-oddeleni\" data-ps2id-api=\"true\"><i class=\"fa-solid fa-info\"><\/i> Popis odd\u011blen\u00ed<\/a><\/li>\n<li id=\"menu-item-24612\" class=\"menu-item menu-item-type-custom menu-item-object-custom menu-item-24612\"><a href=\"\/oddeleni\/ortopedicke-oddeleni\/#personalni-obsazeni\" data-ps2id-api=\"true\"><i class=\"fa-solid fa-user-doctor\"><\/i> Person\u00e1ln\u00ed obsazen\u00ed<\/a><\/li>\n<li id=\"menu-item-24613\" class=\"menu-item menu-item-type-custom menu-item-object-custom menu-item-24613\"><a href=\"\/oddeleni\/ortopedicke-oddeleni\/#ordinacni-hodiny\" data-ps2id-api=\"true\"><i class=\"fa-regular fa-clock\"><\/i> Ordina\u010dn\u00ed hodiny<\/a><\/li>\n<li id=\"menu-item-24614\" class=\"menu-item menu-item-type-custom menu-item-object-custom menu-item-24614\"><a href=\"\/oddeleni\/ortopedicke-oddeleni\/#kontaktni-informace\" data-ps2id-api=\"true\"><i class=\"fa-solid fa-phone\"><\/i> Kontaktn\u00ed informace<\/a><\/li>\n<li id=\"menu-item-24615\" class=\"menu-item menu-item-type-custom menu-item-object-custom menu-item-24615\"><a href=\"\/oddeleni\/ortopedicke-oddeleni\/#kde-nas-najdete\" data-ps2id-api=\"true\"><i class=\"fa-solid fa-location-dot\"><\/i> Kde n\u00e1s najdete<\/a><\/li>\n<li id=\"menu-item-24616\" class=\"menu-item menu-item-type-custom menu-item-object-custom menu-item-24616\"><a href=\"\/oddeleni\/ortopedicke-oddeleni\/#fotogalerie\" data-ps2id-api=\"true\"><i class=\"fa-solid fa-camera\"><\/i> Fotogalerie<\/a><\/li>\n<li id=\"menu-item-24617\" class=\"menu-custom-separator menu-item menu-item-type-custom menu-item-object-custom menu-item-24617\"><hr class=\"mhm-menu-separator\"><\/li>\n<li id=\"menu-item-24618\" class=\"static-link menu-item menu-item-type-custom menu-item-object-custom menu-item-24618\"><a href=\"\/oddeleni\/ortopedicke-oddeleni\/ortopedicke-ambulance\/\" data-ps2id-api=\"true\"><i class=\"fa-solid fa-house-medical\"><\/i> Ambulance<\/a><\/li>\n<li id=\"menu-item-24619\" class=\"static-link menu-item menu-item-type-custom menu-item-object-custom menu-item-24619\"><a href=\"\/oddeleni\/ortopedicke-oddeleni\/luzkova-cast\/\" data-ps2id-api=\"true\"><i class=\"fa-solid fa-bed-pulse\"><\/i> L\u016f\u017ekov\u00e1 \u010d\u00e1st + JIP<\/a><\/li>\n<li id=\"menu-item-24620\" class=\"static-link menu-item menu-item-type-custom menu-item-object-custom menu-item-24620\"><a href=\"\/oddeleni\/ortopedicke-oddeleni\/informace-pro-pacienty\/\" data-ps2id-api=\"true\"><i class=\"fa-regular fa-circle-question\"><\/i> Informace pro pacienty<\/a><\/li>\n<li id=\"menu-item-24621\" class=\"static-link menu-item menu-item-type-custom menu-item-object-custom menu-item-24621\"><a href=\"\/oddeleni\/ortopedicke-oddeleni\/nadstandardni-sluzby\/\" data-ps2id-api=\"true\"><i class=\"fa-solid fa-star\"><\/i> Nadstandardn\u00ed slu\u017eby<\/a><\/li>\n<li id=\"menu-item-28690\" class=\"static-link menu-item menu-item-type-custom menu-item-object-custom menu-item-28690\"><a href=\"\/oddeleni\/ortopedicke-oddeleni\/edukacni-setkani\/\" data-ps2id-api=\"true\"><i class=\"fa-solid fa-book-open-reader\"><\/i> Eduka\u010dn\u00ed setk\u00e1n\u00ed<\/a><\/li>\n<\/ul><\/div><\/aside><div class=\"cl\"><\/div>\n<\/div>\n<\/div><\/div>\n<div id=\"cmsmasters_column_k7vlyuz4yq\" class=\"cmsmasters_column two_third\">\n<div class=\"cmsmasters_column_inner\"><div id=\"cmsmasters_heading_0cx4mcjjyd\" class=\"cmsmasters_heading_wrap cmsmasters_heading_align_left\">\n\t<h2 class=\"cmsmasters_heading\">Nadstandardn\u00ed slu\u017eby<\/h2>\n<\/div>\n<div id=\"cmsmasters_divider_hgdnxm8b9\" class=\"cmsmasters_divider cmsmasters_divider_width_short cmsmasters_divider_pos_left\"><\/div>\n<div class=\"cmsmasters_text\">\n<h5 class=\"Standard\"><b><span class=\"zvyrazneni\">Nadstandardn\u00ed pokoj<\/span><\/b><\/h5>\n<p>Pacienti maj\u00ed mo\u017enost p\u0159ed pl\u00e1novanou hospitalizac\u00ed po\u017e\u00e1dat o rezervaci nadstandardn\u00edho pokoje bu\u010f osobn\u011b v ambulanci nebo telefonicky. Tato rezervace slou\u017e\u00ed pouze jako p\u0159edb\u011b\u017en\u00fd po\u017eadavek na ubytov\u00e1n\u00ed v nadstandardn\u00edm re\u017eimu.\u00a0Upozor\u0148ujeme, \u017ee <strong>rezervace nen\u00ed z\u00e1vazn\u00e1 a\u00a0 nevznik\u00e1 s n\u00ed pr\u00e1vn\u00ed n\u00e1rok na p\u0159id\u011blen\u00ed nadstandardn\u00edho pokoje<\/strong>. P\u0159id\u011blen\u00ed pokoje v\u017edy z\u00e1vis\u00ed na aktu\u00e1ln\u00ed kapacit\u011b a provozn\u00edch mo\u017enostech odd\u011blen\u00ed v dob\u011b p\u0159ijet\u00ed pacienta.\u00a0Person\u00e1l odd\u011blen\u00ed se v\u017edy sna\u017e\u00ed vyhov\u011bt po\u017eadavk\u016fm pacient\u016f v maxim\u00e1ln\u00ed mo\u017en\u00e9 m\u00ed\u0159e. V p\u0159\u00edpad\u011b, \u017ee nadstandardn\u00ed pokoj nebude v dob\u011b p\u0159ijet\u00ed k dispozici, bude pacient hospitalizov\u00e1n na standardn\u00edm pokoji.<\/p>\n<p>D\u011bkujeme za pochopen\u00ed.<\/p>\n<h5 class=\"Textbody\"><b><span class=\"zvyrazneni\">Visionare\u00a0<\/span><\/b><\/h5>\n<p class=\"Textbody\">Od 1.1.2012 jsme na na\u0161em pracovi\u0161ti zavedli novou technologii p\u0159i implantaci endoprot\u00e9zy kolenn\u00edho kloub\u016f. Unik\u00e1tn\u00ed technologie Visionaire umo\u017e\u0148uje spole\u010dnosti Smith&amp;Nephew navrhnout a vyrobit sadu origin\u00e1ln\u00edch \u0159ezac\u00edch blok\u016f na z\u00e1klad\u011b pacientovy vlastn\u00ed anatomie.<br \/>\nV indikaci k t\u00e9to operaci up\u0159ednost\u0148ujeme klienty z Kraje Vyso\u010dina.<\/p>\n<p>&nbsp;<\/p>\n<p><span class=\"zvyrazneni\">Cen\u00edky slu\u017eeb najdete <a href=\"\/wp-content\/uploads\/2023\/08\/Cenik-2026-1.pdf\" target=\"_blank\" rel=\"noopener\"><span style=\"text-decoration: underline;\"><strong>ZDE<\/strong><\/span><\/a>.<\/span><\/p>\n<\/div>\n<\/div><\/div>\n<\/div>\n<\/div>\n<\/div>\n<\/div>\n<\/div>\n\n","protected":false},"excerpt":{"rendered":"","protected":false},"author":1,"featured_media":17142,"parent":24607,"menu_order":0,"comment_status":"closed","ping_status":"closed","template":"","meta":{"pgc_sgb_lightbox_settings":"","footnotes":"","_links_to":"","_links_to_target":""},"categories":[85],"class_list":["post-24942","page","type-page","status-publish","has-post-thumbnail","hentry","category-page-oddeleni"],"publishpress_future_action":{"enabled":false,"date":"2026-04-12 13:36:06","action":"change-status","newStatus":"draft","terms":[],"taxonomy":"category","extraData":[]},"publishpress_future_workflow_manual_trigger":{"enabledWorkflows":[]},"_links":{"self":[{"href":"https:\/\/webnemji.azurewebsites.net\/en\/wp-json\/wp\/v2\/pages\/24942","targetHints":{"allow":["GET"]}}],"collection":[{"href":"https:\/\/webnemji.azurewebsites.net\/en\/wp-json\/wp\/v2\/pages"}],"about":[{"href":"https:\/\/webnemji.azurewebsites.net\/en\/wp-json\/wp\/v2\/types\/page"}],"author":[{"embeddable":true,"href":"https:\/\/webnemji.azurewebsites.net\/en\/wp-json\/wp\/v2\/users\/1"}],"replies":[{"embeddable":true,"href":"https:\/\/webnemji.azurewebsites.net\/en\/wp-json\/wp\/v2\/comments?post=24942"}],"version-history":[{"count":0,"href":"https:\/\/webnemji.azurewebsites.net\/en\/wp-json\/wp\/v2\/pages\/24942\/revisions"}],"up":[{"embeddable":true,"href":"https:\/\/webnemji.azurewebsites.net\/en\/wp-json\/wp\/v2\/pages\/24607"}],"wp:featuredmedia":[{"embeddable":true,"href":"https:\/\/webnemji.azurewebsites.net\/en\/wp-json\/wp\/v2\/media\/17142"}],"wp:attachment":[{"href":"https:\/\/webnemji.azurewebsites.net\/en\/wp-json\/wp\/v2\/media?parent=24942"}],"wp:term":[{"taxonomy":"category","embeddable":true,"href":"https:\/\/webnemji.azurewebsites.net\/en\/wp-json\/wp\/v2\/categories?post=24942"}],"curies":[{"name":"wp","href":"https:\/\/api.w.org\/{rel}","templated":true}]}}