{"id":25005,"date":"2023-10-30T09:34:47","date_gmt":"2023-10-30T08:34:47","guid":{"rendered":"https:\/\/nemji.rs-kovarik.cz\/?page_id=25005"},"modified":"2023-11-08T08:33:38","modified_gmt":"2023-11-08T07:33:38","slug":"spektrum-pece","status":"publish","type":"page","link":"https:\/\/webnemji.azurewebsites.net\/en\/oddeleni\/traumatologicke-oddeleni\/spektrum-pece\/","title":{"rendered":"Spectrum of provided care"},"content":{"rendered":"<div id=\"cmsmasters_row_6iluctg3hk\" class=\"cmsmasters_row cmsmasters_color_scheme_default cmsmasters_row_top_default cmsmasters_row_bot_default cmsmasters_row_boxed\">\n<div class=\"cmsmasters_row_outer_parent\">\n<div class=\"cmsmasters_row_overlay\"><\/div>\n<div class=\"cmsmasters_row_outer\">\n<div class=\"cmsmasters_row_inner\">\n<div class=\"cmsmasters_row_margin\">\n<div id=\"cmsmasters_column_sybg7he2sg\" class=\"cmsmasters_column one_first\">\n<div class=\"cmsmasters_column_inner\"><div id=\"cmsmasters_heading_b3c74b95a0\" class=\"cmsmasters_heading_wrap cmsmasters_heading_align_center pageheadingtitle\">\n\t<h1 class=\"cmsmasters_heading\">Traumatologick\u00e9 odd\u011blen\u00ed<\/h1>\n<\/div>\n<\/div><\/div>\n<\/div>\n<\/div>\n<\/div>\n<\/div>\n<\/div>\n<div id=\"cmsmasters_row_ly5ze1hf8e\" class=\"cmsmasters_row cmsmasters_color_scheme_default cmsmasters_row_top_default cmsmasters_row_bot_default cmsmasters_row_boxed\">\n<div class=\"cmsmasters_row_outer_parent\">\n<div class=\"cmsmasters_row_outer\">\n<div class=\"cmsmasters_row_inner\">\n<div class=\"cmsmasters_row_margin\">\n<div id=\"cmsmasters_column_v67ee6nvg7\" class=\"cmsmasters_column one_first\">\n<div class=\"cmsmasters_column_inner\"><div class=\"cmsmasters_text\">\n<p><nav aria-label=\"breadcrumbs\">\n            <div class=\"breadcrumb-container theme1\">\n                <ol>\n                                    <\/ol>\n            <\/div>\n        <\/nav>    <script type=\"application\/ld+json\">\n        {\n            \"@context\": \"http:\/\/schema.org\",\n            \"@type\": \"BreadcrumbList\",\n            \"itemListElement\": [\n                            ]\n        }\n    <\/script>\n   \n    <script>\n            <\/script>\n<\/p>\n<\/div>\n<\/div><\/div>\n<\/div>\n<\/div>\n<\/div>\n<\/div>\n<\/div>\n<div id=\"cmsmasters_row_3f2f8816dd\" class=\"cmsmasters_row cmsmasters_color_scheme_default cmsmasters_row_top_default cmsmasters_row_bot_default cmsmasters_row_boxed\">\n<div class=\"cmsmasters_row_outer_parent\">\n<div class=\"cmsmasters_row_outer\">\n<div class=\"cmsmasters_row_inner\">\n<div class=\"cmsmasters_row_margin\">\n<div id=\"cmsmasters_column_0a1c5940f5\" class=\"cmsmasters_column one_third stickyinfocolumn\">\n<div class=\"cmsmasters_column_inner\"><div id=\"cmsmasters_heading_rva6m2t32d\" class=\"cmsmasters_heading_wrap cmsmasters_heading_align_center\">\n\t<h3 class=\"cmsmasters_heading\">Informace o odd\u011blen\u00ed<\/h3>\n<\/div>\n<div id=\"cmsmasters_divider_dpp34mcdj5\" class=\"cmsmasters_divider cmsmasters_divider_width_short cmsmasters_divider_pos_center\"><\/div>\n<div class=\"cmsmasters_sidebar sidebar_layout_11 sidebar-custom-menu\"><aside id=\"nav_menu-50\" class=\"widget widget_nav_menu\"><div class=\"menu-oddeleni-trm-container\"><ul id=\"menu-oddeleni-trm\" class=\"menu\"><li id=\"menu-item-24716\" class=\"menu-item menu-item-type-custom menu-item-object-custom menu-item-24716\"><a href=\"\/oddeleni\/traumatologicke-oddeleni\/#popis-oddeleni\" data-ps2id-api=\"true\"><i class=\"fa-solid fa-info\"><\/i> Popis odd\u011blen\u00ed<\/a><\/li>\n<li id=\"menu-item-24717\" class=\"menu-item menu-item-type-custom menu-item-object-custom menu-item-24717\"><a href=\"\/oddeleni\/traumatologicke-oddeleni\/#personalni-obsazeni\" data-ps2id-api=\"true\"><i class=\"fa-solid fa-user-doctor\"><\/i> Person\u00e1ln\u00ed obsazen\u00ed<\/a><\/li>\n<li id=\"menu-item-24718\" class=\"menu-item menu-item-type-custom menu-item-object-custom menu-item-24718\"><a href=\"\/oddeleni\/traumatologicke-oddeleni\/#ordinacni-hodiny\" data-ps2id-api=\"true\"><i class=\"fa-regular fa-clock\"><\/i> Ordina\u010dn\u00ed hodiny<\/a><\/li>\n<li id=\"menu-item-24719\" class=\"menu-item menu-item-type-custom menu-item-object-custom menu-item-24719\"><a href=\"\/oddeleni\/traumatologicke-oddeleni\/#kontaktni-informace\" data-ps2id-api=\"true\"><i class=\"fa-solid fa-phone\"><\/i> Kontaktn\u00ed informace<\/a><\/li>\n<li id=\"menu-item-24720\" class=\"menu-item menu-item-type-custom menu-item-object-custom menu-item-24720\"><a href=\"\/oddeleni\/traumatologicke-oddeleni\/#kde-nas-najdete\" data-ps2id-api=\"true\"><i class=\"fa-solid fa-location-dot\"><\/i> Kde n\u00e1s najdete<\/a><\/li>\n<li id=\"menu-item-24721\" class=\"menu-item menu-item-type-custom menu-item-object-custom menu-item-24721\"><a href=\"\/oddeleni\/traumatologicke-oddeleni\/#fotogalerie\" data-ps2id-api=\"true\"><i class=\"fa-solid fa-camera\"><\/i> Fotogalerie<\/a><\/li>\n<li id=\"menu-item-24722\" class=\"menu-custom-separator menu-item menu-item-type-custom menu-item-object-custom menu-item-24722\"><hr class=\"mhm-menu-separator\"><\/li>\n<li id=\"menu-item-24723\" class=\"static-link menu-item menu-item-type-custom menu-item-object-custom menu-item-24723\"><a href=\"\/oddeleni\/traumatologicke-oddeleni\/traumatologicke-ambulance\/\" data-ps2id-api=\"true\"><i class=\"fa-solid fa-house-medical\"><\/i> Ambulance<\/a><\/li>\n<li id=\"menu-item-24724\" class=\"static-link menu-item menu-item-type-custom menu-item-object-custom menu-item-24724\"><a href=\"\/oddeleni\/traumatologicke-oddeleni\/luzkova-cast\/\" data-ps2id-api=\"true\"><i class=\"fa-solid fa-bed-pulse\"><\/i> L\u016f\u017ekov\u00e1 \u010d\u00e1st + JIP<\/a><\/li>\n<li id=\"menu-item-24726\" class=\"static-link menu-item menu-item-type-custom menu-item-object-custom menu-item-24726\"><a href=\"\/oddeleni\/traumatologicke-oddeleni\/spektrum-pece\/\" data-ps2id-api=\"true\"><i class=\"fa-solid fa-stethoscope\"><\/i> Spektrum p\u00e9\u010de<\/a><\/li>\n<li id=\"menu-item-33509\" class=\"static-link menu-item menu-item-type-custom menu-item-object-custom menu-item-33509\"><a href=\"\/oddeleni\/traumatologicke-oddeleni\/\/informace-pro-pacienty\/\" data-ps2id-api=\"true\"><i class=\"fa-regular fa-circle-question\"><\/i> Informace pro pacienty<\/a><\/li>\n<\/ul><\/div><\/aside><div class=\"cl\"><\/div>\n<\/div>\n<\/div><\/div>\n<div id=\"cmsmasters_column_k7vlyuz4yq\" class=\"cmsmasters_column two_third\">\n<div class=\"cmsmasters_column_inner\"><div id=\"cmsmasters_heading_0cx4mcjjyd\" class=\"cmsmasters_heading_wrap cmsmasters_heading_align_left\">\n\t<h2 class=\"cmsmasters_heading\">Spektrum p\u00e9\u010de<\/h2>\n<\/div>\n<div id=\"cmsmasters_divider_kul4awri6m\" class=\"cmsmasters_divider cmsmasters_divider_width_short cmsmasters_divider_pos_left\"><\/div>\n<div class=\"cmsmasters_text\">\n<h5><strong>Obor \u00daRAZOV\u00c1 CHIRURGIE &#8211; TRAUMATOLOGIE<\/strong><\/h5>\n<p>\u00darazov\u00fd chirurg je specialista, kter\u00fd je schopen posoudit a v\u00e9st management poran\u011bn\u00ed jako celku, tedy krom\u011b kon\u010detinov\u00fdch poran\u011bn\u00ed i poran\u011bn\u00ed dutinov\u00e1, rozpoznat bezprost\u0159edn\u00ed ohro\u017een\u00ed \u017eivota, stanovit priority o\u0161et\u0159en\u00ed a urgentn\u00ed terapii ihned prov\u00e9st. Specializuje na z\u00e1chrany \u017eivot\u016f a minimalizaci n\u00e1sledk\u016f \u00faraz\u016f a invalidity, v\u010detn\u011b hromadn\u00fdch ne\u0161t\u011bst\u00ed a katastrof.<\/p>\n<p><strong>Traumatologick\u00e1 p\u00e9\u010de m\u00e1 t\u0159i stupn\u011b:<\/strong><\/p>\n<ul>\n<li>Z\u00e1kladn\u00ed stupe\u0148 je realizov\u00e1n na chirurgick\u00fdch, traumatologick\u00fdch \u010di ortopedick\u00fdch pracovi\u0161t\u00edch ambulantn\u00edho \u010di l\u016f\u017ekov\u00e9ho typu. Zahrnuje z\u00e1kladn\u00ed traumatologickou p\u00e9\u010di.<\/li>\n<li>Vy\u0161\u0161\u00ed stupe\u0148 p\u00e9\u010de je realizov\u00e1n v l\u016f\u017ekov\u00fdch zdravotnick\u00fdch za\u0159\u00edzen\u00edch, ve kter\u00fdch je mo\u017en\u00e9 sestavit t\u00fdm odborn\u00edk\u016f v\u00edce chirurgick\u00fdch obor\u016f, maj\u00ed dostate\u010dn\u00e9 z\u00e1zem\u00ed intenzivn\u00ed p\u00e9\u010de a zaji\u0161t\u011bnu n\u00e1vaznost p\u00e9\u010de n\u00e1sledn\u00e9, zejm\u00e9na rehabilita\u010dn\u00ed. Zahrnuje ve\u0161kerou specializovanou traumatologickou zdravotn\u00ed p\u00e9\u010di, mimo p\u00e9\u010di poskytovanou v\u00fdhradn\u011b v Traumacentrech pro dosp\u011bl\u00e9 a pro d\u011bti a v Pop\u00e1leninov\u00fdch centrech. Zdravotnick\u00e1 za\u0159\u00edzen\u00ed, kter\u00e1 jsou opr\u00e1vn\u011bna poskytovat vy\u0161\u0161\u00ed stupe\u0148 traumatologick\u00e9 p\u00e9\u010de, si stanov\u00ed zdravotn\u00ed poji\u0161\u0165ovny. Rozsah zdravotn\u00ed p\u00e9\u010de, kter\u00e9 poji\u0161\u0165ovny s konkr\u00e9tn\u00edm poskytovatelem tohoto stupn\u011b traumatologick\u00e9 p\u00e9\u010de nasmlouvaj\u00ed, z\u00e1vis\u00ed zejm\u00e9na na n\u00e1le\u017eit\u00e9m person\u00e1ln\u00edm, v\u011bcn\u00e9m a technick\u00e9m vybaven\u00ed zdravotnick\u00e9ho za\u0159\u00edzen\u00ed a na \u00farovni kvality poskytovan\u00e9 zdravotn\u00ed p\u00e9\u010de.<\/li>\n<li>Nejvy\u0161\u0161\u00ed stupe\u0148 p\u00e9\u010de je poskytov\u00e1n v Traumacentru I. stupn\u011b\u00a0\u00a0pro\u00a0\u00a0dosp\u011bl\u00e9 nebo d\u011bti , Pop\u00e1leninov\u00e9m centru a je vymezen tri\u00e1\u017e\u00ed.<\/li>\n<\/ul>\n<p>&nbsp;<\/p>\n<p><strong>Traumatologick\u00e9 odd\u011blen\u00ed Nemocnice Jihlava je akreditovan\u00e9 pracovi\u0161t\u011b II. stupn\u011b pro obor \u00darazov\u00e1 chirurgie.<\/strong><\/p>\n<p>Traumatologick\u00e9 odd\u011blen\u00ed poskytuje\u00a0\u00a0p\u00e9\u010di\u00a0\u00a0na samostatn\u00e9m standardn\u00edm odd\u011blen\u00ed s 26 l\u016f\u017eky.<br \/>\nAkutn\u00ed l\u016f\u017ekov\u00e1 p\u00e9\u010de intenzivn\u00ed je prim\u00e1rn\u011b poskytovan\u00e1 Ortopedicko &#8211; traumatologickou JIP s 10 l\u016f\u017eky.<br \/>\nTraumatologick\u00e9 odd\u011blen\u00ed zaji\u0161\u0165uje nep\u0159etr\u017eitou p\u00e9\u010di\u00a0\u00a0v rozsahu 24 hodin 7 dn\u00ed v\u00a0t\u00fddnu.<\/p>\n<p>&nbsp;<\/p>\n<h5><strong>Spektrum poskytovan\u00e9 p\u00e9\u010de:<\/strong><\/h5>\n<ul>\n<li>O\u0161et\u0159en\u00ed \u00faraz\u016f jak monotraumat tak\u00a0\u00a0sdru\u017een\u00fdch poran\u011bn\u00ed a polytraumat<\/li>\n<li>Opera\u010dn\u00ed i konzervativn\u00ed l\u00e9\u010dba zlomenin horn\u00edch i doln\u00edch kon\u010detin<\/li>\n<li>Opera\u010dn\u00ed i konzervativn\u00ed l\u00e9\u010dba poran\u011bn\u00ed p\u00e1nve a acetabula<\/li>\n<li>Konzervativn\u00ed l\u00e9\u010dba poran\u011bn\u00ed p\u00e1te\u0159e<\/li>\n<li>Konzervativn\u00ed i opera\u010dn\u00ed\u00a0\u00a0l\u00e9\u010dba\u00a0\u00a0poran\u011bn\u00ed\u00a0\u00a0hrudn\u00edku,\u00a0\u00a0b\u0159icha, retroperitonea\u00a0 (spolupr\u00e1ce CHIR, URO)<\/li>\n<li>Konzervativn\u00ed i opera\u010dn\u00ed l\u00e9\u010dba poran\u011bn\u00ed obli\u010dejov\u00e9ho skeletu (spolupr\u00e1ce ORL)<\/li>\n<li>Operativn\u00ed i konzervativn\u00ed l\u00e9\u010dba svalov\u00fdch, \u0161lachov\u00fdch a vazivov\u00fdch poran\u011bn\u00ed<\/li>\n<li>Konzervativn\u00ed\u00a0\u00a0l\u00e9\u010dba poran\u011bn\u00ed kraniocerebr\u00e1ln\u00edch<\/li>\n<li>P\u00e9\u010de o termick\u00e1 traumata<\/li>\n<li>Poran\u011bn\u00ed d\u011btsk\u00e9ho skeletu, dutinov\u00e9 poran\u011bn\u00ed u d\u011bt\u00ed, organizace p\u00e9\u010de o z\u00e1va\u017en\u00e9 trauma d\u00edt\u011bte (ve spolupr\u00e1ci s DEO)<\/li>\n<li>Person\u00e1ln\u011b se pod\u00edl\u00edme i na pr\u00e1ci Urgentn\u00edho p\u0159\u00edjmu I. typu<\/li>\n<\/ul>\n<p>V pr\u016fm\u011bru ro\u010dn\u011b provedeme 1100 operac\u00ed \u00faraz\u016f a provedeme 18 000 ambulantn\u00edch o\u0161et\u0159en\u00ed<\/p>\n<\/div>\n<\/div><\/div>\n<\/div>\n<\/div>\n<\/div>\n<\/div>\n<\/div>\n\n","protected":false},"excerpt":{"rendered":"","protected":false},"author":1,"featured_media":24998,"parent":24714,"menu_order":0,"comment_status":"closed","ping_status":"closed","template":"","meta":{"pgc_sgb_lightbox_settings":"","footnotes":"","_links_to":"","_links_to_target":""},"categories":[85],"class_list":["post-25005","page","type-page","status-publish","has-post-thumbnail","hentry","category-page-oddeleni"],"publishpress_future_action":{"enabled":false,"date":"2026-04-13 17:16:09","action":"change-status","newStatus":"draft","terms":[],"taxonomy":"category","extraData":[]},"publishpress_future_workflow_manual_trigger":{"enabledWorkflows":[]},"_links":{"self":[{"href":"https:\/\/webnemji.azurewebsites.net\/en\/wp-json\/wp\/v2\/pages\/25005","targetHints":{"allow":["GET"]}}],"collection":[{"href":"https:\/\/webnemji.azurewebsites.net\/en\/wp-json\/wp\/v2\/pages"}],"about":[{"href":"https:\/\/webnemji.azurewebsites.net\/en\/wp-json\/wp\/v2\/types\/page"}],"author":[{"embeddable":true,"href":"https:\/\/webnemji.azurewebsites.net\/en\/wp-json\/wp\/v2\/users\/1"}],"replies":[{"embeddable":true,"href":"https:\/\/webnemji.azurewebsites.net\/en\/wp-json\/wp\/v2\/comments?post=25005"}],"version-history":[{"count":0,"href":"https:\/\/webnemji.azurewebsites.net\/en\/wp-json\/wp\/v2\/pages\/25005\/revisions"}],"up":[{"embeddable":true,"href":"https:\/\/webnemji.azurewebsites.net\/en\/wp-json\/wp\/v2\/pages\/24714"}],"wp:featuredmedia":[{"embeddable":true,"href":"https:\/\/webnemji.azurewebsites.net\/en\/wp-json\/wp\/v2\/media\/24998"}],"wp:attachment":[{"href":"https:\/\/webnemji.azurewebsites.net\/en\/wp-json\/wp\/v2\/media?parent=25005"}],"wp:term":[{"taxonomy":"category","embeddable":true,"href":"https:\/\/webnemji.azurewebsites.net\/en\/wp-json\/wp\/v2\/categories?post=25005"}],"curies":[{"name":"wp","href":"https:\/\/api.w.org\/{rel}","templated":true}]}}