{"id":25342,"date":"2023-11-03T10:50:06","date_gmt":"2023-11-03T09:50:06","guid":{"rendered":"https:\/\/test.nemji.cz\/?page_id=25342"},"modified":"2024-01-17T10:11:24","modified_gmt":"2024-01-17T09:11:24","slug":"oblasti-cinnosti","status":"publish","type":"page","link":"https:\/\/webnemji.azurewebsites.net\/en\/oddeleni\/oddeleni-ustavni-epidemiologie\/oblasti-cinnosti\/","title":{"rendered":"Fields of activity"},"content":{"rendered":"<div id=\"cmsmasters_row_6iluctg3hk\" class=\"cmsmasters_row cmsmasters_color_scheme_default cmsmasters_row_top_default cmsmasters_row_bot_default cmsmasters_row_boxed\">\n<div class=\"cmsmasters_row_outer_parent\">\n<div class=\"cmsmasters_row_overlay\"><\/div>\n<div class=\"cmsmasters_row_outer\">\n<div class=\"cmsmasters_row_inner\">\n<div class=\"cmsmasters_row_margin\">\n<div id=\"cmsmasters_column_sybg7he2sg\" class=\"cmsmasters_column one_first\">\n<div class=\"cmsmasters_column_inner\"><div id=\"cmsmasters_heading_b3c74b95a0\" class=\"cmsmasters_heading_wrap cmsmasters_heading_align_center pageheadingtitle\">\n\t<h1 class=\"cmsmasters_heading\">Odd\u011blen\u00ed \u00fastavn\u00ed epidemiologie<\/h1>\n<\/div>\n<\/div><\/div>\n<\/div>\n<\/div>\n<\/div>\n<\/div>\n<\/div>\n<div id=\"cmsmasters_row_ly5ze1hf8e\" class=\"cmsmasters_row cmsmasters_color_scheme_default cmsmasters_row_top_default cmsmasters_row_bot_default cmsmasters_row_boxed\">\n<div class=\"cmsmasters_row_outer_parent\">\n<div class=\"cmsmasters_row_outer\">\n<div class=\"cmsmasters_row_inner\">\n<div class=\"cmsmasters_row_margin\">\n<div id=\"cmsmasters_column_v67ee6nvg7\" class=\"cmsmasters_column one_first\">\n<div class=\"cmsmasters_column_inner\"><div class=\"cmsmasters_text\">\n<p><nav aria-label=\"breadcrumbs\">\n            <div class=\"breadcrumb-container theme1\">\n                <ol>\n                                    <\/ol>\n            <\/div>\n        <\/nav>    <script type=\"application\/ld+json\">\n        {\n            \"@context\": \"http:\/\/schema.org\",\n            \"@type\": \"BreadcrumbList\",\n            \"itemListElement\": [\n                            ]\n        }\n    <\/script>\n   \n    <script>\n            <\/script>\n<\/p>\n<\/div>\n<\/div><\/div>\n<\/div>\n<\/div>\n<\/div>\n<\/div>\n<\/div>\n<div id=\"cmsmasters_row_3f2f8816dd\" class=\"cmsmasters_row cmsmasters_color_scheme_default cmsmasters_row_top_default cmsmasters_row_bot_default cmsmasters_row_boxed\">\n<div class=\"cmsmasters_row_outer_parent\">\n<div class=\"cmsmasters_row_outer\">\n<div class=\"cmsmasters_row_inner\">\n<div class=\"cmsmasters_row_margin\">\n<div id=\"cmsmasters_column_0a1c5940f5\" class=\"cmsmasters_column one_third stickyinfocolumn\">\n<div class=\"cmsmasters_column_inner\"><div id=\"cmsmasters_heading_rva6m2t32d\" class=\"cmsmasters_heading_wrap cmsmasters_heading_align_center\">\n\t<h3 class=\"cmsmasters_heading\">Informace o odd\u011blen\u00ed<\/h3>\n<\/div>\n<div id=\"cmsmasters_divider_dpp34mcdj5\" class=\"cmsmasters_divider cmsmasters_divider_width_short cmsmasters_divider_pos_center\"><\/div>\n<div class=\"cmsmasters_sidebar sidebar_layout_11 sidebar-custom-menu\"><aside id=\"nav_menu-52\" class=\"widget widget_nav_menu\"><div class=\"menu-oddeleni-epidemiologie-container\"><ul id=\"menu-oddeleni-epidemiologie\" class=\"menu\"><li id=\"menu-item-25314\" class=\"menu-item menu-item-type-custom menu-item-object-custom menu-item-25314\"><a href=\"\/oddeleni\/oddeleni-ustavni-epidemiologie\/#popis-oddeleni\" data-ps2id-api=\"true\"><i class=\"fa-solid fa-info\"><\/i> Popis odd\u011blen\u00ed<\/a><\/li>\n<li id=\"menu-item-25315\" class=\"menu-item menu-item-type-custom menu-item-object-custom menu-item-25315\"><a href=\"\/oddeleni\/oddeleni-ustavni-epidemiologie\/#personalni-obsazeni\" data-ps2id-api=\"true\"><i class=\"fa-solid fa-user-doctor\"><\/i> Person\u00e1ln\u00ed obsazen\u00ed<\/a><\/li>\n<li id=\"menu-item-25316\" class=\"menu-item menu-item-type-custom menu-item-object-custom menu-item-25316\"><a href=\"\/oddeleni\/oddeleni-ustavni-epidemiologie\/#oteviraci-hodiny\" data-ps2id-api=\"true\"><i class=\"fa-regular fa-clock\"><\/i> Otev\u00edrac\u00ed hodiny<\/a><\/li>\n<li id=\"menu-item-25317\" class=\"menu-item menu-item-type-custom menu-item-object-custom menu-item-25317\"><a href=\"\/oddeleni\/oddeleni-ustavni-epidemiologie\/#kontaktni-informace\" data-ps2id-api=\"true\"><i class=\"fa-solid fa-phone\"><\/i> Kontaktn\u00ed informace<\/a><\/li>\n<li id=\"menu-item-25318\" class=\"menu-item menu-item-type-custom menu-item-object-custom menu-item-25318\"><a href=\"\/oddeleni\/oddeleni-ustavni-epidemiologie\/#kde-nas-najdete\" data-ps2id-api=\"true\"><i class=\"fa-solid fa-location-dot\"><\/i> Kde n\u00e1s najdete<\/a><\/li>\n<li id=\"menu-item-25320\" class=\"menu-custom-separator menu-item menu-item-type-custom menu-item-object-custom menu-item-25320\"><hr class=\"mhm-menu-separator\"><\/li>\n<li id=\"menu-item-25325\" class=\"static-link menu-item menu-item-type-custom menu-item-object-custom menu-item-25325\"><a href=\"\/oddeleni\/oddeleni-ustavni-epidemiologie\/oblasti-cinnosti\/\" data-ps2id-api=\"true\"><i class=\"fa-solid fa-stethoscope\"><\/i> Oblasti \u010dinnosti<\/a><\/li>\n<\/ul><\/div><\/aside><div class=\"cl\"><\/div>\n<\/div>\n<\/div><\/div>\n<div id=\"cmsmasters_column_k7vlyuz4yq\" class=\"cmsmasters_column two_third\">\n<div class=\"cmsmasters_column_inner\"><div id=\"cmsmasters_heading_0cx4mcjjyd\" class=\"cmsmasters_heading_wrap cmsmasters_heading_align_left\">\n\t<h2 class=\"cmsmasters_heading\">Oblasti \u010dinnosti<\/h2>\n<\/div>\n<div id=\"cmsmasters_divider_kul4awri6m\" class=\"cmsmasters_divider cmsmasters_divider_width_short cmsmasters_divider_pos_left\"><\/div>\n<div class=\"cmsmasters_text\">\n<style type=\"text\/css\"><\/style><section id='' \n                class='helpie-faq accordions groupSettings-360__enabled' \n                data-collection='' \n                data-pagination='0' \n                data-search='0' \n                data-pagination-enabled='0'\n                role='region'\n                aria-label='FAQ Section'\n                aria-live='polite'><form class=\"search\" onSubmit=\"return false;\"><div class=\"search__wrapper\"><input type=\"text\" class=\"search__input\" aria-label=\"Search\" role=\"searchbox\" placeholder=\"Vyhledat\"><span class=\"search__icon\"><svg class=\"svg-icon--search\" role=\"img\" xmlns=\"http:\/\/www.w3.org\/2000\/svg\" viewBox=\"0 0 22 22\">\r\n                        <g fill=\"none\" stroke=\"#171717\">\r\n                            <path stroke-linecap=\"square\" stroke-width=\"2\" d=\"M18.5 18.3l-5.4-5.4\"\/>\r\n                            <circle cx=\"8\" cy=\"8\" r=\"7\" stroke-width=\"2\"\/>\r\n                        <\/g>\r\n                    <\/svg><\/span><\/div><div class=\"search__message\"><\/div><\/form><article class=\"accordion \"><div class='helpie-faq-row'><div class='helpie-faq-col helpie-faq-col-12' ><ul><li class=\"accordion__item \"><div class=\"accordion__header \" \r\n                id=\"accordion-header-post-25354\"\r\n                role=\"button\"\r\n                aria-expanded=\"false\"\r\n                aria-controls=\"accordion-content-post-25354\"\r\n                data-id=\"post-25354\" \r\n                data-item=\"hfaq-post-25354\" \r\n                style=\"background:transparent;\" \r\n                data-tags=\"\"\r\n                tabindex=\"0\"><div class=\"accordion__title\">1.\u00a0Sou\u010dinnost p\u0159i\u00a0zaji\u0161t\u011bn\u00ed hygienicko-protiepidemick\u00fdch opat\u0159en\u00ed na\u00a0zdravotnick\u00fdch pracovi\u0161t\u00edch a\u00a0pracovi\u0161t\u00edch technick\u00e9ho komplementu<\/div><\/div><div id=\"accordion-content-post-25354\" \r\n                class=\"accordion__body\" \r\n                role=\"region\"\r\n                aria-labelledby=\"accordion-header-post-25354\"\r\n                style=\"background:transparent;\"><ul>\n<li>Spolupr\u00e1ce a sou\u010dinnost s laborato\u0159\u00ed OKBMI NJ.<\/li>\n<li>\u00da\u010dast na porad\u00e1ch T\u00fdmu pro kontrolu nozokomi\u00e1ln\u00edch infekc\u00ed.<\/li>\n<li>Mezioborov\u00e1 spolupr\u00e1ce a sou\u010dinnost s veden\u00edm NemJi, prim\u00e1\u0159i a vrchn\u00edmi sestrami.<\/li>\n<li>\u00da\u010dast na porad\u00e1ch vrchn\u00edch sester, prim\u00e1\u0159\u016f a 1x m\u011bs\u00ed\u010dn\u011b na porad\u011b veden\u00ed.<\/li>\n<li>Anal\u00fdza infek\u010dn\u00edch onemocn\u011bn\u00ed a dal\u0161\u00edch hromadn\u011b se vyskytuj\u00edc\u00edch epidemiologicky z\u00e1va\u017en\u00fdch nemoc\u00ed.<\/li>\n<li>Prevence a kontrola infekc\u00ed zp\u016fsoben\u00fdch multirezistentn\u00edmi kmeny (nap\u0159. MRSA, VRE, CRE, ESBL, AmpCk) a toxigenn\u00edm kmenem Clostridium difficile &#8211; nastaven\u00ed re\u017eimov\u00fdch opat\u0159en\u00ed, izola\u010dn\u00ed re\u017eimy a stanoven\u00ed konkr\u00e9tn\u00edch postup\u016f v prevenci a kontrole infekc\u00ed, spolupr\u00e1ce s odd\u011blen\u00edmi, kde je v\u00fdskyt kmen\u016f.<\/li>\n<li>Konsili\u00e1rn\u00ed \u010dinnost p\u0159i vypracov\u00e1v\u00e1n\u00ed hygienicko-epidemiologick\u00fdch \u0159\u00e1d\u016f a jejich realizaci v praxi.<\/li>\n<li>Uplat\u0148ov\u00e1n\u00ed dekontamina\u010dn\u00edch, dezinfek\u010dn\u00edch a steriliza\u010dn\u00edch postup\u016f v souladu s platnou legislativou a nejnov\u011bj\u0161\u00edmi poznatky v\u011bdy.<\/li>\n<li>Vypracov\u00e1n\u00ed z\u00e1vazn\u00fdch metodick\u00fdch standard\u016f a sm\u011brnic k zaji\u0161t\u011bn\u00ed hygienicko\u2013epidemiologick\u00e9 problematiky v nemocnici.<\/li>\n<li>Spolupr\u00e1ce p\u0159i vypracov\u00e1v\u00e1n\u00ed standard\u016f diagnostick\u00fdch, l\u00e9\u010debn\u00fdch a o\u0161et\u0159ovatelsk\u00fdch postup\u016f nejen s ohledem na \u00fa\u010dinnou prevenci nemocni\u010dn\u00edch n\u00e1kaz.<\/li>\n<li>Monitoring dezinsekce a deratizace a prov\u00e1d\u011bn\u00ed extern\u00ed prostorov\u00e9 dezinfekce a jej\u00ed koordinace.<\/li>\n<li>Sledov\u00e1n\u00ed a zav\u00e1d\u011bn\u00ed protiepidemick\u00fdch opat\u0159en\u00ed u n\u00e1kaz v syst\u00e9mu epidemiologick\u00e9 bd\u011blosti dle vyhl. \u010d. 473\/2008 Sb., ve zn\u011bn\u00ed platn\u00fdch p\u0159edpis\u016f.<\/li>\n<li>Sledov\u00e1n\u00ed dodr\u017eov\u00e1n\u00ed z\u00e1sad bari\u00e9rov\u00e9 o\u0161et\u0159ovatelsk\u00e9 techniky a hygieny rukou.<\/li>\n<li>Anal\u00fdza v\u00fdskytu infekc\u00ed spojen\u00fdch se zdravotn\u00ed p\u00e9\u010d\u00ed, jejich interpretace veden\u00ed NemJi a jednotliv\u00fdch klinick\u00fdch pracovi\u0161\u0165.<\/li>\n<li>Prevence a kontrola infekc\u00ed krevn\u00edho \u0159e\u010di\u0161t\u011b a kat\u00e9trov\u00fdch infekc\u00ed, infekc\u00ed v m\u00edst\u011b chirurgick\u00e9ho v\u00fdkonu, infekc\u00ed d\u00fdchac\u00edch cest, gastrointestin\u00e1ln\u00edho traktu.<\/li>\n<li>Evidence p\u0159eklad\u016f pacient\u016f se z\u00e1va\u017en\u00fdmi epidemiologick\u00fdmi diagn\u00f3zami z jin\u00fdch zdravotnick\u00fdch za\u0159\u00edzen\u00ed do NemJi.<\/li>\n<\/ul>\n<\/div><\/li><li class=\"accordion__item \"><div class=\"accordion__header \" \r\n                id=\"accordion-header-post-25355\"\r\n                role=\"button\"\r\n                aria-expanded=\"false\"\r\n                aria-controls=\"accordion-content-post-25355\"\r\n                data-id=\"post-25355\" \r\n                data-item=\"hfaq-post-25355\" \r\n                style=\"background:transparent;\" \r\n                data-tags=\"\"\r\n                tabindex=\"0\"><div class=\"accordion__title\">2.\u00a0Pracovn\u00ed prost\u0159ed\u00ed a\u00a0pracovn\u00ed podm\u00ednky<\/div><\/div><div id=\"accordion-content-post-25355\" \r\n                class=\"accordion__body\" \r\n                role=\"region\"\r\n                aria-labelledby=\"accordion-header-post-25355\"\r\n                style=\"background:transparent;\"><ul>\n<li>Vyu\u017e\u00edv\u00e1n\u00ed v\u00fdsledk\u016f z\u00edskan\u00fdch \u0161et\u0159en\u00edm pracovn\u00edch podm\u00ednek a zdravotn\u00edho stavu zam\u011bstnanc\u016f pro vytv\u00e1\u0159en\u00ed zdrav\u00fdch pracovn\u00edch podm\u00ednek a ochrany zdrav\u00ed p\u0159i pr\u00e1ci.<\/li>\n<li>Anal\u00fdza v\u00fdskytu nemoc\u00ed z povol\u00e1n\u00ed jako podklad k jejich prevenci.<\/li>\n<li>Sou\u010dinnost s Komis\u00ed pro od\u0161kod\u0148ov\u00e1n\u00ed pracovn\u00edch \u00faraz\u016f a nemoc\u00ed z povol\u00e1n\u00ed.<\/li>\n<li>Spolupr\u00e1ce s odd\u011blen\u00edm BOZP p\u0159i \u0161et\u0159en\u00ed pracovn\u00edch \u00faraz\u016f.<\/li>\n<li>Spolu\u00fa\u010dast na kontrol\u00e1ch bezpe\u010dnosti pr\u00e1ce.<\/li>\n<li>Posuzov\u00e1n\u00ed vhodnosti a vytv\u00e1\u0159en\u00ed z\u00e1sad pou\u017e\u00edv\u00e1n\u00ed osobn\u00edch ochrann\u00fdch pracovn\u00edch prost\u0159edk\u016f.<\/li>\n<\/ul>\n<\/div><\/li><li class=\"accordion__item \"><div class=\"accordion__header \" \r\n                id=\"accordion-header-post-25356\"\r\n                role=\"button\"\r\n                aria-expanded=\"false\"\r\n                aria-controls=\"accordion-content-post-25356\"\r\n                data-id=\"post-25356\" \r\n                data-item=\"hfaq-post-25356\" \r\n                style=\"background:transparent;\" \r\n                data-tags=\"\"\r\n                tabindex=\"0\"><div class=\"accordion__title\">3.\u00a0Konsili\u00e1rn\u00ed \u010dinnost p\u0159i\u00a0investi\u010dn\u00edch akc\u00edch<\/div><\/div><div id=\"accordion-content-post-25356\" \r\n                class=\"accordion__body\" \r\n                role=\"region\"\r\n                aria-labelledby=\"accordion-header-post-25356\"\r\n                style=\"background:transparent;\"><ul>\n<li>Konzultace a vytv\u00e1\u0159en\u00ed podklad\u016f pro v\u00fdstavbu, adaptaci, drobn\u00e9 stavebn\u00ed \u00fapravy a reorganizaci v oblasti hygienicko-epidemiologick\u00e9 problematiky.<\/li>\n<li>Konzultace vybavenosti zdravotnick\u00fdch pracovi\u0161\u0165 v souladu s platnou legislativou.<\/li>\n<\/ul>\n<\/div><\/li><li class=\"accordion__item \"><div class=\"accordion__header \" \r\n                id=\"accordion-header-post-25357\"\r\n                role=\"button\"\r\n                aria-expanded=\"false\"\r\n                aria-controls=\"accordion-content-post-25357\"\r\n                data-id=\"post-25357\" \r\n                data-item=\"hfaq-post-25357\" \r\n                style=\"background:transparent;\" \r\n                data-tags=\"\"\r\n                tabindex=\"0\"><div class=\"accordion__title\">4.\u00a0Spolupr\u00e1ce s\u00a0extern\u00edmi kontroln\u00edmi org\u00e1ny<\/div><\/div><div id=\"accordion-content-post-25357\" \r\n                class=\"accordion__body\" \r\n                role=\"region\"\r\n                aria-labelledby=\"accordion-header-post-25357\"\r\n                style=\"background:transparent;\"><ul>\n<li>Spolupr\u00e1ce s m\u00edstn\u011b p\u0159\u00edslu\u0161n\u00fdm org\u00e1nem ochrany ve\u0159ejn\u00e9ho zdrav\u00ed \u2013 Krajskou hygienickou stanic\u00ed Jihlava \u2013 p\u0159ed\u00e1v\u00e1n\u00ed informac\u00ed, konzultace a pln\u011bn\u00ed p\u0159\u00edpadn\u00fdch na\u0159\u00edzen\u00fdch protiepidem. opat\u0159en\u00ed v r\u00e1mci multioborov\u00e9 spolupr\u00e1ce.<\/li>\n<li>Spolupr\u00e1ce se Zdravotn\u00edm \u00fastavem v Ostrav\u011b \u2013 nastaven\u00ed opat\u0159en\u00ed na z\u00e1klad\u011b v\u00fdstupu sd\u011blen\u00ed v\u00fdsledk\u016f Z\u00da.<\/li>\n<\/ul>\n<\/div><\/li><li class=\"accordion__item \"><div class=\"accordion__header \" \r\n                id=\"accordion-header-post-25358\"\r\n                role=\"button\"\r\n                aria-expanded=\"false\"\r\n                aria-controls=\"accordion-content-post-25358\"\r\n                data-id=\"post-25358\" \r\n                data-item=\"hfaq-post-25358\" \r\n                style=\"background:transparent;\" \r\n                data-tags=\"\"\r\n                tabindex=\"0\"><div class=\"accordion__title\">5. Metodick\u00e1 \u010dinnost<\/div><\/div><div id=\"accordion-content-post-25358\" \r\n                class=\"accordion__body\" \r\n                role=\"region\"\r\n                aria-labelledby=\"accordion-header-post-25358\"\r\n                style=\"background:transparent;\"><ul>\n<li>Koordinace vzd\u011bl\u00e1v\u00e1n\u00ed zam\u011bstnanc\u016f v oblasti hygienick\u00e9 legislativy, dodr\u017eov\u00e1n\u00ed protiepidemick\u00fdch postup\u016f a opat\u0159en\u00ed, z\u00e1sad dekontaminace, dezinfekce a sterilizace.<\/li>\n<li>Spolu\u00fa\u010dast na vzd\u011bl\u00e1v\u00e1n\u00ed v oblasti bezpe\u010dnosti pr\u00e1ce a ochrany zdrav\u00ed p\u0159i pr\u00e1ci ve zdravotnictv\u00ed.<\/li>\n<li>Konsili\u00e1rn\u00ed \u010dinnost v oblasti nemocni\u010dn\u00ed hygieny, p\u0159\u00edprava odborn\u00fdch podklad\u016f pro sm\u011brnice a p\u0159\u00edkazy \u0159editele.<\/li>\n<li>Zpracov\u00e1n\u00ed odborn\u00fdch anal\u00fdz a studi\u00ed v oboru hygieny pro pot\u0159eby \u0159\u00edzen\u00ed a koncepce rozvoje NemJi.<\/li>\n<li>\u00da\u010dast v T\u00fdmu pro kontrolu infekc\u00ed, jako poradn\u00ed org\u00e1n \u0159editele nemocnice a NOP.<\/li>\n<li>Prohlubov\u00e1n\u00ed a roz\u0161i\u0159ov\u00e1n\u00ed odborn\u00fdch znalost\u00ed a p\u0159ed\u00e1v\u00e1n\u00ed informac\u00ed spolupracovn\u00edk\u016fm Nemocnice Jihlava.<\/li>\n<li>\u00da\u010dast na odborn\u00fdch studi\u00edch.<\/li>\n<li>\u00da\u010dast na grantech v r\u00e1mci zaji\u0161t\u011bn\u00ed preventivn\u00edch opat\u0159en\u00edch a zdrav\u00ed populace.<\/li>\n<li>Reprezentace Nemocnice Jihlava &#8211; p\u0159edn\u00e1\u0161kov\u00e1 \u010dinnost pro odbornou i laickou ve\u0159ejnost, zvy\u0161ov\u00e1n\u00ed hygienick\u00e9 \u00farovn\u011b populace.<\/li>\n<li>\u0160kolen\u00ed hygienick\u00e9 dezinfekce a myt\u00ed rukou jako baz\u00e1ln\u00edho prost\u0159edku eliminace vzniku infek\u010dn\u00edch nemoc\u00ed.<\/li>\n<li>Aplikace HAIDi \u2013 implementace v praxi a p\u0159ed\u00e1v\u00e1n\u00ed zku\u0161enost\u00ed jin\u00fdm ZZ.<\/li>\n<li>Surveillance NI.<\/li>\n<li>Tvorba e-learnigov\u00e9ho \u0161kolen\u00ed v Hygien\u011b rukou pro l\u00e9ka\u0159sk\u00e9 a nel\u00e9ka\u0159sk\u00e9 zdravotnick\u00e9 pracovn\u00edky.<\/li>\n<\/ul>\n<\/div><\/li><li class=\"accordion__item \"><div class=\"accordion__header \" \r\n                id=\"accordion-header-post-25359\"\r\n                role=\"button\"\r\n                aria-expanded=\"false\"\r\n                aria-controls=\"accordion-content-post-25359\"\r\n                data-id=\"post-25359\" \r\n                data-item=\"hfaq-post-25359\" \r\n                style=\"background:transparent;\" \r\n                data-tags=\"\"\r\n                tabindex=\"0\"><div class=\"accordion__title\">6. Interven\u010dn\u00ed hygienicko-protiepidemick\u00fd dozor, kontroln\u00ed a auditn\u00ed \u010dinnost<\/div><\/div><div id=\"accordion-content-post-25359\" \r\n                class=\"accordion__body\" \r\n                role=\"region\"\r\n                aria-labelledby=\"accordion-header-post-25359\"\r\n                style=\"background:transparent;\"><ul>\n<li>Periodick\u00e1 auditn\u00ed \u010dinnost k dodr\u017eov\u00e1n\u00ed hygienicko-epidemiologick\u00fdch opat\u0159en\u00edch na jednotliv\u00fdch pracovi\u0161t\u00edch.<\/li>\n<li>Nam\u00e1tkov\u00e9 audity k\u00a0\u00a0dodr\u017eov\u00e1n\u00ed hygienick\u00fdch po\u017eadavk\u016f dan\u00fdch legislativou a z\u00e1vazn\u00fdmi\u00a0 vnit\u0159n\u00edmi p\u0159edpisy nemocnice Jihlava.<\/li>\n<li>Odborn\u00fd dohled nad centr\u00e1ln\u00ed sterilizac\u00ed, prov\u00e1d\u011bn\u00ed pravideln\u00fdch nam\u00e1tkov\u00fdch kontrol hygienick\u00e9 dezinfekce rukou a dodr\u017eov\u00e1n\u00ed hygienicko epidemiologick\u00e9ho re\u017eimu na CS COS,\u00a0 v\u00fdstupn\u00ed kontrola kvality proces\u016f a produkt\u016f centr\u00e1ln\u00ed sterilizace.<\/li>\n<li>Pr\u016fb\u011b\u017en\u00e9 kontroly m\u00fdt\u00ed a dezinfekce endoskopick\u00fdch p\u0159\u00edstroj\u016f dle Vyhl\u00e1\u0161ky 306\/2012 Sb.<\/li>\n<li>Pr\u016fb\u011b\u017en\u00e9 kontroly uplat\u0148ov\u00e1n\u00ed adekv\u00e1tn\u00edch o\u010distn\u00fdch, dezinfek\u010dn\u00edch a steriliza\u010dn\u00edch postup\u016f v\u010detn\u011b vyhodnocov\u00e1n\u00ed kontrol \u00fa\u010dinnosti steriliz\u00e1tor\u016f.<\/li>\n<li>C\u00edlen\u00e1 \u0161et\u0159en\u00ed spojen\u00e1 s anal\u00fdzou mikrobiologick\u00fdch n\u00e1lez\u016f v biologick\u00e9m materi\u00e1lu a mikrobiologick\u00fdch kontrol prost\u0159ed\u00ed v\u010detn\u011b doporu\u010den\u00ed protiepidemick\u00fdch opat\u0159en\u00ed.<\/li>\n<li>Spolu\u00fa\u010dast na monitoringu vodn\u00edho hospod\u00e1\u0159stv\u00ed v NemJi.<\/li>\n<li>Spolu\u00fa\u010dast na monitoringu kvality vnit\u0159n\u00edho prost\u0159ed\u00ed nemocnice a dozor nad dodr\u017eov\u00e1n\u00edm kvalitativn\u00edch parametr\u016f v prostor\u00e1ch s definovanou t\u0159\u00eddou \u010distoty ovzdu\u0161\u00ed.<\/li>\n<li>Monitoring kvalitativn\u00edch ukazatel\u016f v oblasti pracovn\u00edho prost\u0159ed\u00ed pro zam\u011bstnance i pacienty.<\/li>\n<li>Kontrola kvality pran\u00ed nemocni\u010dn\u00edho pr\u00e1dla a bezpe\u010dn\u00e9 manipulace s pr\u00e1dlem.<\/li>\n<li>Kontroln\u00ed \u010dinnost pro dodr\u017eov\u00e1n\u00ed technologick\u00e9ho postupu a nastaven\u00fdch re\u017eim\u016f p\u0159i\u00a0\u00a0\u00faklidu ve zdravotnick\u00e9m za\u0159\u00edzen\u00ed, zaji\u0161\u0165ov\u00e1n\u00ed \u0161kolen\u00ed provozn\u00edch pracovnic, hygienicko-epidemiolgick\u00e9 auditu \u00faklidu.<\/li>\n<li>Monitoring zdravotn\u00ed nez\u00e1vadnosti p\u0159ipraven\u00e9 stravy pro pacienty i zam\u011bstnance, bezpe\u010dn\u00e9ho transportu, v\u00fddeje a manipulace s j\u00eddlem.<\/li>\n<li>\u0158e\u0161\u00ed zji\u0161t\u011bn\u00e9 neshody a na\u0159izuje n\u00e1pravn\u00e1 opat\u0159en\u00ed v hygienicko-epidemiologick\u00e9 oblasti za \u00fa\u010delem odstran\u011bn\u00ed z\u00e1vad v r\u00e1mci zaji\u0161t\u011bn\u00ed bezpe\u010dn\u00e9ho prost\u0159ed\u00ed pro pacienty a zdravotnick\u00fd person\u00e1l.<\/li>\n<\/ul>\n<\/div><\/li><\/ul><\/div><\/div><\/article><\/section>\n<p>&nbsp;<\/p>\n<\/div>\n<\/div><\/div>\n<\/div>\n<\/div>\n<\/div>\n<\/div>\n<\/div>\n\n","protected":false},"excerpt":{"rendered":"","protected":false},"author":1,"featured_media":25330,"parent":25327,"menu_order":0,"comment_status":"closed","ping_status":"closed","template":"","meta":{"pgc_sgb_lightbox_settings":"","footnotes":"","_links_to":"","_links_to_target":""},"categories":[85],"class_list":["post-25342","page","type-page","status-publish","has-post-thumbnail","hentry","category-page-oddeleni"],"publishpress_future_action":{"enabled":false,"date":"2026-04-28 20:50:28","action":"change-status","newStatus":"draft","terms":[],"taxonomy":"category","extraData":[]},"publishpress_future_workflow_manual_trigger":{"enabledWorkflows":[]},"_links":{"self":[{"href":"https:\/\/webnemji.azurewebsites.net\/en\/wp-json\/wp\/v2\/pages\/25342","targetHints":{"allow":["GET"]}}],"collection":[{"href":"https:\/\/webnemji.azurewebsites.net\/en\/wp-json\/wp\/v2\/pages"}],"about":[{"href":"https:\/\/webnemji.azurewebsites.net\/en\/wp-json\/wp\/v2\/types\/page"}],"author":[{"embeddable":true,"href":"https:\/\/webnemji.azurewebsites.net\/en\/wp-json\/wp\/v2\/users\/1"}],"replies":[{"embeddable":true,"href":"https:\/\/webnemji.azurewebsites.net\/en\/wp-json\/wp\/v2\/comments?post=25342"}],"version-history":[{"count":0,"href":"https:\/\/webnemji.azurewebsites.net\/en\/wp-json\/wp\/v2\/pages\/25342\/revisions"}],"up":[{"embeddable":true,"href":"https:\/\/webnemji.azurewebsites.net\/en\/wp-json\/wp\/v2\/pages\/25327"}],"wp:featuredmedia":[{"embeddable":true,"href":"https:\/\/webnemji.azurewebsites.net\/en\/wp-json\/wp\/v2\/media\/25330"}],"wp:attachment":[{"href":"https:\/\/webnemji.azurewebsites.net\/en\/wp-json\/wp\/v2\/media?parent=25342"}],"wp:term":[{"taxonomy":"category","embeddable":true,"href":"https:\/\/webnemji.azurewebsites.net\/en\/wp-json\/wp\/v2\/categories?post=25342"}],"curies":[{"name":"wp","href":"https:\/\/api.w.org\/{rel}","templated":true}]}}