{"id":25540,"date":"2023-11-06T08:09:54","date_gmt":"2023-11-06T07:09:54","guid":{"rendered":"https:\/\/test.nemji.cz\/?page_id=25540"},"modified":"2025-06-11T11:27:54","modified_gmt":"2025-06-11T09:27:54","slug":"informovane-souhlasy","status":"publish","type":"page","link":"https:\/\/webnemji.azurewebsites.net\/en\/oddeleni\/oddeleni-zobrazovacich-metod\/informovane-souhlasy\/","title":{"rendered":"Informed consents"},"content":{"rendered":"<div id=\"cmsmasters_row_6iluctg3hk\" class=\"cmsmasters_row cmsmasters_color_scheme_default cmsmasters_row_top_default cmsmasters_row_bot_default cmsmasters_row_boxed\">\n<div class=\"cmsmasters_row_outer_parent\">\n<div class=\"cmsmasters_row_overlay\"><\/div>\n<div class=\"cmsmasters_row_outer\">\n<div class=\"cmsmasters_row_inner\">\n<div class=\"cmsmasters_row_margin\">\n<div id=\"cmsmasters_column_sybg7he2sg\" class=\"cmsmasters_column one_first\">\n<div class=\"cmsmasters_column_inner\"><div id=\"cmsmasters_heading_b3c74b95a0\" class=\"cmsmasters_heading_wrap cmsmasters_heading_align_center pageheadingtitle\">\n\t<h1 class=\"cmsmasters_heading\">Odd\u011blen\u00ed zobrazovac\u00edch metod<\/h1>\n<\/div>\n<\/div><\/div>\n<\/div>\n<\/div>\n<\/div>\n<\/div>\n<\/div>\n<div id=\"cmsmasters_row_ly5ze1hf8e\" class=\"cmsmasters_row cmsmasters_color_scheme_default cmsmasters_row_top_default cmsmasters_row_bot_default cmsmasters_row_boxed\">\n<div class=\"cmsmasters_row_outer_parent\">\n<div class=\"cmsmasters_row_outer\">\n<div class=\"cmsmasters_row_inner\">\n<div class=\"cmsmasters_row_margin\">\n<div id=\"cmsmasters_column_v67ee6nvg7\" class=\"cmsmasters_column one_first\">\n<div class=\"cmsmasters_column_inner\"><div class=\"cmsmasters_text\">\n<p><nav aria-label=\"breadcrumbs\">\n            <div class=\"breadcrumb-container theme1\">\n                <ol>\n                                    <\/ol>\n            <\/div>\n        <\/nav>    <script type=\"application\/ld+json\">\n        {\n            \"@context\": \"http:\/\/schema.org\",\n            \"@type\": \"BreadcrumbList\",\n            \"itemListElement\": [\n                            ]\n        }\n    <\/script>\n   \n    <script>\n            <\/script>\n<\/p>\n<\/div>\n<\/div><\/div>\n<\/div>\n<\/div>\n<\/div>\n<\/div>\n<\/div>\n<div id=\"cmsmasters_row_3f2f8816dd\" class=\"cmsmasters_row cmsmasters_color_scheme_default cmsmasters_row_top_default cmsmasters_row_bot_default cmsmasters_row_boxed\">\n<div class=\"cmsmasters_row_outer_parent\">\n<div class=\"cmsmasters_row_outer\">\n<div class=\"cmsmasters_row_inner\">\n<div class=\"cmsmasters_row_margin\">\n<div id=\"cmsmasters_column_0a1c5940f5\" class=\"cmsmasters_column one_third stickyinfocolumn\">\n<div class=\"cmsmasters_column_inner\"><div id=\"cmsmasters_heading_rva6m2t32d\" class=\"cmsmasters_heading_wrap cmsmasters_heading_align_center\">\n\t<h3 class=\"cmsmasters_heading\">Informace o odd\u011blen\u00ed<\/h3>\n<\/div>\n<div id=\"cmsmasters_divider_dpp34mcdj5\" class=\"cmsmasters_divider cmsmasters_divider_width_short cmsmasters_divider_pos_center\"><\/div>\n<div class=\"cmsmasters_sidebar sidebar_layout_11 sidebar-custom-menu\"><aside id=\"nav_menu-51\" class=\"widget widget_nav_menu\"><div class=\"menu-oddeleni-ozm-container\"><ul id=\"menu-oddeleni-ozm\" class=\"menu\"><li id=\"menu-item-25012\" class=\"menu-item menu-item-type-custom menu-item-object-custom menu-item-25012\"><a href=\"\/oddeleni\/oddeleni-zobrazovacich-metod\/#popis-oddeleni\" data-ps2id-api=\"true\"><i class=\"fa-solid fa-info\"><\/i> Popis odd\u011blen\u00ed<\/a><\/li>\n<li id=\"menu-item-25013\" class=\"menu-item menu-item-type-custom menu-item-object-custom menu-item-25013\"><a href=\"\/oddeleni\/oddeleni-zobrazovacich-metod\/#personalni-obsazeni\" data-ps2id-api=\"true\"><i class=\"fa-solid fa-user-doctor\"><\/i> Person\u00e1ln\u00ed obsazen\u00ed<\/a><\/li>\n<li id=\"menu-item-25014\" class=\"menu-item menu-item-type-custom menu-item-object-custom menu-item-25014\"><a href=\"\/oddeleni\/oddeleni-zobrazovacich-metod\/#oteviraci-hodiny\" data-ps2id-api=\"true\"><i class=\"fa-regular fa-clock\"><\/i> Ordina\u010dn\u00ed hodiny<\/a><\/li>\n<li id=\"menu-item-25015\" class=\"menu-item menu-item-type-custom menu-item-object-custom menu-item-25015\"><a href=\"\/oddeleni\/oddeleni-zobrazovacich-metod\/#kontaktni-informace\" data-ps2id-api=\"true\"><i class=\"fa-solid fa-phone\"><\/i> Kontaktn\u00ed informace<\/a><\/li>\n<li id=\"menu-item-25016\" class=\"menu-item menu-item-type-custom menu-item-object-custom menu-item-25016\"><a href=\"\/oddeleni\/oddeleni-zobrazovacich-metod\/#kde-nas-najdete\" data-ps2id-api=\"true\"><i class=\"fa-solid fa-location-dot\"><\/i> Kde n\u00e1s najdete<\/a><\/li>\n<li id=\"menu-item-25017\" class=\"menu-item menu-item-type-custom menu-item-object-custom menu-item-25017\"><a href=\"\/oddeleni\/oddeleni-zobrazovacich-metod\/#fotogalerie\" data-ps2id-api=\"true\"><i class=\"fa-solid fa-camera\"><\/i> Fotogalerie<\/a><\/li>\n<li id=\"menu-item-25018\" class=\"menu-custom-separator menu-item menu-item-type-custom menu-item-object-custom menu-item-25018\"><hr class=\"mhm-menu-separator\"><\/li>\n<li id=\"menu-item-25210\" class=\"static-link menu-item menu-item-type-custom menu-item-object-custom menu-item-25210\"><a href=\"\/oddeleni\/oddeleni-zobrazovacich-metod\/spektrum-pece\/\" data-ps2id-api=\"true\"><i class=\"fa-solid fa-stethoscope\"><\/i> Spektrum p\u00e9\u010de<\/a><\/li>\n<li id=\"menu-item-25566\" class=\"static-link menu-item menu-item-type-custom menu-item-object-custom menu-item-25566\"><a href=\"\/oddeleni\/oddeleni-zobrazovacich-metod\/informovane-souhlasy\/\" data-ps2id-api=\"true\"><i class=\"fa-solid fa-circle-info\"><\/i>Informovan\u00e9 souhlasy<\/a><\/li>\n<li id=\"menu-item-25565\" class=\"static-link menu-item menu-item-type-custom menu-item-object-custom menu-item-25565\"><a href=\"\/oddeleni\/oddeleni-zobrazovacich-metod\/nadstandardni-sluzby\/\" data-ps2id-api=\"true\"><i class=\"fa-solid fa-square-plus\"><\/i>Nadstandardn\u00ed slu\u017eby<\/a><\/li>\n<li id=\"menu-item-29920\" class=\"static-link menu-item menu-item-type-custom menu-item-object-custom menu-item-29920\"><a href=\"https:\/\/portal.eambulance.cz\/Reservation\/Home\/ReservationSchedule?organizationIdentifier=1&#038;ambulanceIdentifier=125&#038;returnUrl=%2FReservation%2FHome%2FHospital%2F1%2FAmbulance\" data-ps2id-api=\"true\"><i class=\"fa-solid fa-globe\"><\/i> On-line objedn\u00e1n\u00ed na mamograf<\/a><\/li>\n<\/ul><\/div><\/aside><div class=\"cl\"><\/div>\n<\/div>\n<\/div><\/div>\n<div id=\"cmsmasters_column_k7vlyuz4yq\" class=\"cmsmasters_column two_third\">\n<div class=\"cmsmasters_column_inner\"><div id=\"cmsmasters_heading_0cx4mcjjyd\" class=\"cmsmasters_heading_wrap cmsmasters_heading_align_left\">\n\t<h2 class=\"cmsmasters_heading\">Informovan\u00e9 souhlasy<\/h2>\n<\/div>\n<div id=\"cmsmasters_divider_kul4awri6m\" class=\"cmsmasters_divider cmsmasters_divider_width_short cmsmasters_divider_pos_left\"><\/div>\n<div class=\"cmsmasters_text download-links-large\">\n<p><a href=\"\/wp-content\/uploads\/2024\/06\/IS-Magneticka-rezonance.pdf\" target=\"_blank\" rel=\"noopener\">IS Magnetick\u00e1 rezonance<\/a><\/p>\n<p><a href=\"\/wp-content\/uploads\/2024\/06\/IS-Magneticka-rezonance-mala-panev.pdf\" target=\"_blank\" rel=\"noopener\">IS Magnetick\u00e1 rezonance mal\u00e1 p\u00e1nev<\/a><\/p>\n<p><a href=\"\/wp-content\/uploads\/2025\/06\/info-letak_MR-prostaty.pdf\" target=\"_blank\" rel=\"noopener\">Informa\u010dn\u00ed let\u00e1k k Magnetick\u00e9 rezonanci prostaty<\/a><\/p>\n<p><a href=\"\/wp-content\/uploads\/2024\/06\/IS-CT-vysetrni.pdf\" target=\"_blank\" rel=\"noopener\">IS- CT vy\u0161et\u0159en\u00ed<\/a><\/p>\n<p><a href=\"\/wp-content\/uploads\/2024\/06\/IS-tehotne-pacientky.pdf\" target=\"_blank\" rel=\"noopener\">IS &#8211; t\u011bhotn\u00e9 pacientky<\/a><\/p>\n<p><a href=\"\/wp-content\/uploads\/2024\/06\/IS-Radiofrekvencni-ablace.pdf\" target=\"_blank\" rel=\"noopener\">IS &#8211; Radiofrekven\u010dn\u00ed ablace<\/a><\/p>\n<p><a href=\"\/wp-content\/uploads\/2024\/06\/IS-zavedeniodstraneni-kavalniho-filtru.pdf\" target=\"_blank\" rel=\"noopener\">IS-zaveden\u00ed\/odstran\u011bn\u00ed kav\u00e1ln\u00edho filtru<\/a><\/p>\n<p><a href=\"\/wp-content\/uploads\/2024\/06\/IS-vertebroplastika-kyfoplastka.pdf\" target=\"_blank\" rel=\"noopener\">IS-vertebroplastika, kyfoplastka<\/a><\/p>\n<p><a href=\"\/wp-content\/uploads\/2024\/06\/IS-punkcni-biopsie-MG.pdf\" target=\"_blank\" rel=\"noopener\">IS-punk\u010dn\u00ed biopsie MG<\/a><\/p>\n<p><a href=\"\/wp-content\/uploads\/2024\/06\/IS-punkce-drenaz-CT.pdf\" target=\"_blank\" rel=\"noopener\">IS-punkce, dren\u00e1\u017e CT<\/a><\/p>\n<p><a href=\"\/wp-content\/uploads\/2024\/06\/IS-perkutanni-transhepaticka-drenaz.pdf\" target=\"_blank\" rel=\"noopener\">IS-perkut\u00e1nn\u00ed transhepatick\u00e1 dren\u00e1\u017e<\/a><\/p>\n<p><a href=\"\/wp-content\/uploads\/2024\/06\/IS-ozonoterapie.pdf\" target=\"_blank\" rel=\"noopener\">IS-ozonoterapie<\/a><\/p>\n<p><a href=\"\/wp-content\/uploads\/2024\/06\/IS-obstrk-nervoveho-korene-PRT.pdf\" target=\"_blank\" rel=\"noopener\">IS-obst\u0159k nervov\u00e9ho ko\u0159ene (PRT)<\/a><\/p>\n<p><a href=\"\/wp-content\/uploads\/2024\/06\/IS-biopsie-pod-CT.pdf\" target=\"_blank\" rel=\"noopener\">IS-biopsie pod CT<\/a><\/p>\n<p><a href=\"\/wp-content\/uploads\/2024\/06\/IS-aplikace-kontrastni-latky.pdf\" target=\"_blank\" rel=\"noopener\">IS-aplikace kontrastn\u00ed l\u00e1tky<\/a><\/p>\n<p><a href=\"\/wp-content\/uploads\/2024\/06\/IS-Angioplastika-perifernich-tepen.pdf\" target=\"_blank\" rel=\"noopener\">IS-Angioplastika perifern\u00edch tepen<\/a><\/p>\n<p>&nbsp;<\/p>\n<\/div>\n\n<div id=\"cmsmasters_divider_hgdnxm8b9\" class=\"cl\"><\/div>\n<\/div><\/div>\n<\/div>\n<\/div>\n<\/div>\n<\/div>\n<\/div>\n<div id=\"cmsmasters_row_4kb0apw7ag\" class=\"cmsmasters_row cmsmasters_color_scheme_default cmsmasters_row_top_default cmsmasters_row_bot_default cmsmasters_row_boxed\">\n<div class=\"cmsmasters_row_outer_parent\">\n<div class=\"cmsmasters_row_outer\">\n<div class=\"cmsmasters_row_inner\">\n<div class=\"cmsmasters_row_margin\">\n<div id=\"cmsmasters_column_nwwitfqy0a\" class=\"cmsmasters_column one_first\">\n<div class=\"cmsmasters_column_inner\"><\/div><\/div>\n<\/div>\n<\/div>\n<\/div>\n<\/div>\n<\/div>\n\n","protected":false},"excerpt":{"rendered":"","protected":false},"author":5,"featured_media":25042,"parent":25009,"menu_order":0,"comment_status":"closed","ping_status":"closed","template":"","meta":{"pgc_sgb_lightbox_settings":"","footnotes":"","_links_to":"","_links_to_target":""},"categories":[85],"class_list":["post-25540","page","type-page","status-publish","has-post-thumbnail","hentry","category-page-oddeleni"],"publishpress_future_action":{"enabled":false,"date":"2026-04-13 20:44:20","action":"change-status","newStatus":"draft","terms":[],"taxonomy":"category","extraData":[]},"publishpress_future_workflow_manual_trigger":{"enabledWorkflows":[]},"_links":{"self":[{"href":"https:\/\/webnemji.azurewebsites.net\/en\/wp-json\/wp\/v2\/pages\/25540","targetHints":{"allow":["GET"]}}],"collection":[{"href":"https:\/\/webnemji.azurewebsites.net\/en\/wp-json\/wp\/v2\/pages"}],"about":[{"href":"https:\/\/webnemji.azurewebsites.net\/en\/wp-json\/wp\/v2\/types\/page"}],"author":[{"embeddable":true,"href":"https:\/\/webnemji.azurewebsites.net\/en\/wp-json\/wp\/v2\/users\/5"}],"replies":[{"embeddable":true,"href":"https:\/\/webnemji.azurewebsites.net\/en\/wp-json\/wp\/v2\/comments?post=25540"}],"version-history":[{"count":0,"href":"https:\/\/webnemji.azurewebsites.net\/en\/wp-json\/wp\/v2\/pages\/25540\/revisions"}],"up":[{"embeddable":true,"href":"https:\/\/webnemji.azurewebsites.net\/en\/wp-json\/wp\/v2\/pages\/25009"}],"wp:featuredmedia":[{"embeddable":true,"href":"https:\/\/webnemji.azurewebsites.net\/en\/wp-json\/wp\/v2\/media\/25042"}],"wp:attachment":[{"href":"https:\/\/webnemji.azurewebsites.net\/en\/wp-json\/wp\/v2\/media?parent=25540"}],"wp:term":[{"taxonomy":"category","embeddable":true,"href":"https:\/\/webnemji.azurewebsites.net\/en\/wp-json\/wp\/v2\/categories?post=25540"}],"curies":[{"name":"wp","href":"https:\/\/api.w.org\/{rel}","templated":true}]}}