{"id":25601,"date":"2023-11-06T11:56:38","date_gmt":"2023-11-06T10:56:38","guid":{"rendered":"https:\/\/test.nemji.cz\/?page_id=25601"},"modified":"2024-05-10T09:39:40","modified_gmt":"2024-05-10T07:39:40","slug":"seznam-vysetreni-onm","status":"publish","type":"page","link":"https:\/\/webnemji.azurewebsites.net\/en\/oddeleni\/oddeleni-nuklearni-mediciny\/seznam-vysetreni-onm\/","title":{"rendered":"Seznam vy\u0161et\u0159en\u00ed ONM a PET centra Jihlava"},"content":{"rendered":"<div id=\"cmsmasters_row_6iluctg3hk\" class=\"cmsmasters_row cmsmasters_color_scheme_default cmsmasters_row_top_default cmsmasters_row_bot_default cmsmasters_row_boxed\">\n<div class=\"cmsmasters_row_outer_parent\">\n<div class=\"cmsmasters_row_overlay\"><\/div>\n<div class=\"cmsmasters_row_outer\">\n<div class=\"cmsmasters_row_inner\">\n<div class=\"cmsmasters_row_margin\">\n<div id=\"cmsmasters_column_sybg7he2sg\" class=\"cmsmasters_column one_first\">\n<div class=\"cmsmasters_column_inner\"><div id=\"cmsmasters_heading_b3c74b95a0\" class=\"cmsmasters_heading_wrap cmsmasters_heading_align_center pageheadingtitle\">\n\t<h1 class=\"cmsmasters_heading\">Odd\u011blen\u00ed nukle\u00e1rn\u00ed medic\u00edny<\/h1>\n<\/div>\n<\/div><\/div>\n<\/div>\n<\/div>\n<\/div>\n<\/div>\n<\/div>\n<div id=\"cmsmasters_row_ly5ze1hf8e\" class=\"cmsmasters_row cmsmasters_color_scheme_default cmsmasters_row_top_default cmsmasters_row_bot_default cmsmasters_row_boxed\">\n<div class=\"cmsmasters_row_outer_parent\">\n<div class=\"cmsmasters_row_outer\">\n<div class=\"cmsmasters_row_inner\">\n<div class=\"cmsmasters_row_margin\">\n<div id=\"cmsmasters_column_v67ee6nvg7\" class=\"cmsmasters_column one_first\">\n<div class=\"cmsmasters_column_inner\"><div class=\"cmsmasters_text\">\n<p><nav aria-label=\"breadcrumbs\">\n            <div class=\"breadcrumb-container theme1\">\n                <ol>\n                                    <\/ol>\n            <\/div>\n        <\/nav>    <script type=\"application\/ld+json\">\n        {\n            \"@context\": \"http:\/\/schema.org\",\n            \"@type\": \"BreadcrumbList\",\n            \"itemListElement\": [\n                            ]\n        }\n    <\/script>\n   \n    <script>\n            <\/script>\n<\/p>\n<\/div>\n<\/div><\/div>\n<\/div>\n<\/div>\n<\/div>\n<\/div>\n<\/div>\n<div id=\"cmsmasters_row_3f2f8816dd\" class=\"cmsmasters_row cmsmasters_color_scheme_default cmsmasters_row_top_default cmsmasters_row_bot_default cmsmasters_row_boxed\">\n<div class=\"cmsmasters_row_outer_parent\">\n<div class=\"cmsmasters_row_outer\">\n<div class=\"cmsmasters_row_inner\">\n<div class=\"cmsmasters_row_margin\">\n<div id=\"cmsmasters_column_0a1c5940f5\" class=\"cmsmasters_column one_third stickyinfocolumn\">\n<div class=\"cmsmasters_column_inner\"><div id=\"cmsmasters_heading_rva6m2t32d\" class=\"cmsmasters_heading_wrap cmsmasters_heading_align_center\">\n\t<h3 class=\"cmsmasters_heading\">Informace o odd\u011blen\u00ed<\/h3>\n<\/div>\n<div id=\"cmsmasters_divider_dpp34mcdj5\" class=\"cmsmasters_divider cmsmasters_divider_width_short cmsmasters_divider_pos_center\"><\/div>\n<div class=\"cmsmasters_sidebar sidebar_layout_11 sidebar-custom-menu\"><aside id=\"nav_menu-54\" class=\"widget widget_nav_menu\"><div class=\"menu-oddeleni-onm-container\"><ul id=\"menu-oddeleni-onm\" class=\"menu\"><li id=\"menu-item-25590\" class=\"menu-item menu-item-type-custom menu-item-object-custom menu-item-25590\"><a href=\"\/oddeleni\/oddeleni-nuklearni-mediciny\/#popis-oddeleni\" data-ps2id-api=\"true\"><i class=\"fa-solid fa-info\"><\/i> Popis odd\u011blen\u00ed<\/a><\/li>\n<li id=\"menu-item-25591\" class=\"menu-item menu-item-type-custom menu-item-object-custom menu-item-25591\"><a href=\"\/oddeleni\/oddeleni-nuklearni-mediciny\/#personalni-obsazeni\" data-ps2id-api=\"true\"><i class=\"fa-solid fa-user-doctor\"><\/i> Person\u00e1ln\u00ed obsazen\u00ed<\/a><\/li>\n<li id=\"menu-item-25592\" class=\"menu-item menu-item-type-custom menu-item-object-custom menu-item-25592\"><a href=\"\/oddeleni\/oddeleni-nuklearni-mediciny\/#oteviraci-hodiny\" data-ps2id-api=\"true\"><i class=\"fa-regular fa-clock\"><\/i> Ordina\u010dn\u00ed hodiny<\/a><\/li>\n<li id=\"menu-item-25593\" class=\"menu-item menu-item-type-custom menu-item-object-custom menu-item-25593\"><a href=\"\/oddeleni\/oddeleni-nuklearni-mediciny\/#kontaktni-informace\" data-ps2id-api=\"true\"><i class=\"fa-solid fa-phone\"><\/i> Kontaktn\u00ed informace<\/a><\/li>\n<li id=\"menu-item-25594\" class=\"menu-item menu-item-type-custom menu-item-object-custom menu-item-25594\"><a href=\"\/oddeleni\/oddeleni-nuklearni-mediciny\/#kde-nas-najdete\" data-ps2id-api=\"true\"><i class=\"fa-solid fa-location-dot\"><\/i> Kde n\u00e1s najdete<\/a><\/li>\n<li id=\"menu-item-25595\" class=\"menu-item menu-item-type-custom menu-item-object-custom menu-item-25595\"><a href=\"\/oddeleni\/oddeleni-nuklearni-mediciny\/#fotogalerie\" data-ps2id-api=\"true\"><i class=\"fa-solid fa-camera\"><\/i> Fotogalerie<\/a><\/li>\n<li id=\"menu-item-25596\" class=\"menu-custom-separator menu-item menu-item-type-custom menu-item-object-custom menu-item-25596\"><hr class=\"mhm-menu-separator\"><\/li>\n<li id=\"menu-item-25597\" class=\"static-link menu-item menu-item-type-custom menu-item-object-custom menu-item-25597\"><a href=\"\/oddeleni\/oddeleni-nuklearni-mediciny\/seznam-vysetreni-onm\/\" data-ps2id-api=\"true\"><i class=\"fa-solid fa-stethoscope\"><\/i> Seznam vy\u0161et\u0159en\u00ed ONM<\/a><\/li>\n<li id=\"menu-item-25598\" class=\"static-link menu-item menu-item-type-custom menu-item-object-custom menu-item-25598\"><a href=\"\/oddeleni\/oddeleni-nuklearni-mediciny\/informace-pro-lekare\/\" data-ps2id-api=\"true\"><i class=\"fa-solid fa-circle-info\"><\/i>Informace pro l\u00e9ka\u0159e<\/a><\/li>\n<li id=\"menu-item-25599\" class=\"static-link menu-item menu-item-type-custom menu-item-object-custom menu-item-25599\"><a href=\"\/oddeleni\/oddeleni-nuklearni-mediciny\/informace-pro-pacienty\/\" data-ps2id-api=\"true\"><i class=\"fa-solid fa-clipboard-check\"><\/i> Informace pro pacienty<\/a><\/li>\n<li id=\"menu-item-25637\" class=\"static-link menu-item menu-item-type-custom menu-item-object-custom menu-item-25637\"><a href=\"\/oddeleni\/oddeleni-nuklearni-mediciny\/zadanky-na-vysetreni\/\" data-ps2id-api=\"true\"><i class=\"fa-solid fa-clipboard-list\"><\/i>\u017d\u00e1danky na vy\u0161et\u0159en\u00ed<\/a><\/li>\n<\/ul><\/div><\/aside><div class=\"cl\"><\/div>\n<\/div>\n<\/div><\/div>\n<div id=\"cmsmasters_column_k7vlyuz4yq\" class=\"cmsmasters_column two_third\">\n<div class=\"cmsmasters_column_inner\"><div id=\"cmsmasters_heading_0cx4mcjjyd\" class=\"cmsmasters_heading_wrap cmsmasters_heading_align_left\">\n\t<h2 class=\"cmsmasters_heading\">Seznam vy\u0161et\u0159en\u00ed ONM a PET<\/h2>\n<\/div>\n<div id=\"cmsmasters_divider_kul4awri6m\" class=\"cmsmasters_divider cmsmasters_divider_width_short cmsmasters_divider_pos_left\"><\/div>\n<div class=\"cmsmasters_text\">\n<h5><strong>P\u0159ehled prov\u00e1d\u011bn\u00fdch vy\u0161et\u0159en\u00ed Diagnostick\u00e9 metody SPECT\/CT na ONM:<\/strong><\/h5>\n<ul>\n<li>Celot\u011blov\u00e1 scintigrafie [99mTc] &#8211; MIBI.<\/li>\n<li>Scintigrafie mozku [123I] &#8211; DatScan.<\/li>\n<li>Scintigrafie \u0161t\u00edtn\u00e9 \u017el\u00e1zy [99mTc] \u2013TcO4.<\/li>\n<li>Scintigrafie p\u0159\u00ed\u0161t\u00edtn\u00fdch t\u011bl\u00edsek [99mTc] \u2013MIBI.<\/li>\n<li>Scintigrafie plic ventila\u010dn\u00ed [81mKr].<\/li>\n<li>Scintigrafie plic perfuzn\u00ed [99mTc]-MAA.<\/li>\n<li>Lymfoscintigrafie [99mTc] -nanokoloid.<\/li>\n<li>Scintigrafie sentinelov\u00fdch uzlin [99mTc] -nanokoloid.<\/li>\n<li>Scintigrafie j\u00edcnu a gastroesofage\u00e1ln\u00edho refluxu [99mTc].<\/li>\n<li>Scintigrafie ledvin statick\u00e1 [99mTc]\u2013DMSA.<\/li>\n<li>Scintigrafie ledvin dynamick\u00e1 [99mTc]\u2013MAG3.<\/li>\n<li>Charcotova osteoartropatie [99mTc] -fosfon\u00e1ty.<\/li>\n<li>Imunoscintigrafie [99mTc] -Scintimun.<\/li>\n<li>Vy\u0161et\u0159en\u00ed LDCT.<\/li>\n<\/ul>\n<h5><strong>Terapeutick\u00e9 metody na ONM:<\/strong><\/h5>\n<ul>\n<li>Terapie kostn\u00edch metast\u00e1z [223Ra] &#8211; Xofigo.<\/li>\n<li>Radionuklidov\u00e1 synovektomie [90Y] &#8211; citr\u00e1t.<\/li>\n<\/ul>\n<h5><strong>Diagnostick\u00e9 metody PET\/CT na ONM:<\/strong><\/h5>\n<ul>\n<li>[18F] \u2013 FDG PET\/CT trupu.<\/li>\n<li>[18F] \u2013 FCH PET\/CT trupu.<\/li>\n<li>[18F] \u2013 AX PET\/CT trupu.<\/li>\n<\/ul>\n<\/div>\n<\/div><\/div>\n<\/div>\n<\/div>\n<\/div>\n<\/div>\n<\/div>\n\n","protected":false},"excerpt":{"rendered":"","protected":false},"author":5,"featured_media":25041,"parent":25543,"menu_order":0,"comment_status":"closed","ping_status":"closed","template":"","meta":{"pgc_sgb_lightbox_settings":"","footnotes":"","_links_to":"","_links_to_target":""},"categories":[85],"class_list":["post-25601","page","type-page","status-publish","has-post-thumbnail","hentry","category-page-oddeleni"],"publishpress_future_action":{"enabled":false,"date":"2026-04-17 10:25:26","action":"change-status","newStatus":"draft","terms":[],"taxonomy":"category","extraData":[]},"publishpress_future_workflow_manual_trigger":{"enabledWorkflows":[]},"_links":{"self":[{"href":"https:\/\/webnemji.azurewebsites.net\/en\/wp-json\/wp\/v2\/pages\/25601","targetHints":{"allow":["GET"]}}],"collection":[{"href":"https:\/\/webnemji.azurewebsites.net\/en\/wp-json\/wp\/v2\/pages"}],"about":[{"href":"https:\/\/webnemji.azurewebsites.net\/en\/wp-json\/wp\/v2\/types\/page"}],"author":[{"embeddable":true,"href":"https:\/\/webnemji.azurewebsites.net\/en\/wp-json\/wp\/v2\/users\/5"}],"replies":[{"embeddable":true,"href":"https:\/\/webnemji.azurewebsites.net\/en\/wp-json\/wp\/v2\/comments?post=25601"}],"version-history":[{"count":0,"href":"https:\/\/webnemji.azurewebsites.net\/en\/wp-json\/wp\/v2\/pages\/25601\/revisions"}],"up":[{"embeddable":true,"href":"https:\/\/webnemji.azurewebsites.net\/en\/wp-json\/wp\/v2\/pages\/25543"}],"wp:featuredmedia":[{"embeddable":true,"href":"https:\/\/webnemji.azurewebsites.net\/en\/wp-json\/wp\/v2\/media\/25041"}],"wp:attachment":[{"href":"https:\/\/webnemji.azurewebsites.net\/en\/wp-json\/wp\/v2\/media?parent=25601"}],"wp:term":[{"taxonomy":"category","embeddable":true,"href":"https:\/\/webnemji.azurewebsites.net\/en\/wp-json\/wp\/v2\/categories?post=25601"}],"curies":[{"name":"wp","href":"https:\/\/api.w.org\/{rel}","templated":true}]}}