{"id":25644,"date":"2023-11-06T14:36:00","date_gmt":"2023-11-06T13:36:00","guid":{"rendered":"https:\/\/test.nemji.cz\/?page_id=25644"},"modified":"2025-10-10T07:32:01","modified_gmt":"2025-10-10T05:32:01","slug":"zadanky-na-vysetreni","status":"publish","type":"page","link":"https:\/\/webnemji.azurewebsites.net\/en\/oddeleni\/oddeleni-nuklearni-mediciny\/zadanky-na-vysetreni\/","title":{"rendered":"Applications for examination"},"content":{"rendered":"<div id=\"cmsmasters_row_6iluctg3hk\" class=\"cmsmasters_row cmsmasters_color_scheme_default cmsmasters_row_top_default cmsmasters_row_bot_default cmsmasters_row_boxed\">\n<div class=\"cmsmasters_row_outer_parent\">\n<div class=\"cmsmasters_row_overlay\"><\/div>\n<div class=\"cmsmasters_row_outer\">\n<div class=\"cmsmasters_row_inner\">\n<div class=\"cmsmasters_row_margin\">\n<div id=\"cmsmasters_column_sybg7he2sg\" class=\"cmsmasters_column one_first\">\n<div class=\"cmsmasters_column_inner\"><div id=\"cmsmasters_heading_b3c74b95a0\" class=\"cmsmasters_heading_wrap cmsmasters_heading_align_center pageheadingtitle\">\n\t<h1 class=\"cmsmasters_heading\">Odd\u011blen\u00ed nukle\u00e1rn\u00ed medic\u00edny<\/h1>\n<\/div>\n<\/div><\/div>\n<\/div>\n<\/div>\n<\/div>\n<\/div>\n<\/div>\n<div id=\"cmsmasters_row_ly5ze1hf8e\" class=\"cmsmasters_row cmsmasters_color_scheme_default cmsmasters_row_top_default cmsmasters_row_bot_default cmsmasters_row_boxed\">\n<div class=\"cmsmasters_row_outer_parent\">\n<div class=\"cmsmasters_row_outer\">\n<div class=\"cmsmasters_row_inner\">\n<div class=\"cmsmasters_row_margin\">\n<div id=\"cmsmasters_column_v67ee6nvg7\" class=\"cmsmasters_column one_first\">\n<div class=\"cmsmasters_column_inner\"><div class=\"cmsmasters_text\">\n<p><nav aria-label=\"breadcrumbs\">\n            <div class=\"breadcrumb-container theme1\">\n                <ol>\n                                    <\/ol>\n            <\/div>\n        <\/nav>    <script type=\"application\/ld+json\">\n        {\n            \"@context\": \"http:\/\/schema.org\",\n            \"@type\": \"BreadcrumbList\",\n            \"itemListElement\": [\n                            ]\n        }\n    <\/script>\n   \n    <script>\n            <\/script>\n<\/p>\n<\/div>\n<\/div><\/div>\n<\/div>\n<\/div>\n<\/div>\n<\/div>\n<\/div>\n<div id=\"cmsmasters_row_3f2f8816dd\" class=\"cmsmasters_row cmsmasters_color_scheme_default cmsmasters_row_top_default cmsmasters_row_bot_default cmsmasters_row_boxed\">\n<div class=\"cmsmasters_row_outer_parent\">\n<div class=\"cmsmasters_row_outer\">\n<div class=\"cmsmasters_row_inner\">\n<div class=\"cmsmasters_row_margin\">\n<div id=\"cmsmasters_column_0a1c5940f5\" class=\"cmsmasters_column one_third stickyinfocolumn\">\n<div class=\"cmsmasters_column_inner\"><div id=\"cmsmasters_heading_rva6m2t32d\" class=\"cmsmasters_heading_wrap cmsmasters_heading_align_center\">\n\t<h3 class=\"cmsmasters_heading\">Informace o odd\u011blen\u00ed<\/h3>\n<\/div>\n<div id=\"cmsmasters_divider_dpp34mcdj5\" class=\"cmsmasters_divider cmsmasters_divider_width_short cmsmasters_divider_pos_center\"><\/div>\n<div class=\"cmsmasters_sidebar sidebar_layout_11 sidebar-custom-menu\"><aside id=\"nav_menu-54\" class=\"widget widget_nav_menu\"><div class=\"menu-oddeleni-onm-container\"><ul id=\"menu-oddeleni-onm\" class=\"menu\"><li id=\"menu-item-25590\" class=\"menu-item menu-item-type-custom menu-item-object-custom menu-item-25590\"><a href=\"\/oddeleni\/oddeleni-nuklearni-mediciny\/#popis-oddeleni\" data-ps2id-api=\"true\"><i class=\"fa-solid fa-info\"><\/i> Popis odd\u011blen\u00ed<\/a><\/li>\n<li id=\"menu-item-25591\" class=\"menu-item menu-item-type-custom menu-item-object-custom menu-item-25591\"><a href=\"\/oddeleni\/oddeleni-nuklearni-mediciny\/#personalni-obsazeni\" data-ps2id-api=\"true\"><i class=\"fa-solid fa-user-doctor\"><\/i> Person\u00e1ln\u00ed obsazen\u00ed<\/a><\/li>\n<li id=\"menu-item-25592\" class=\"menu-item menu-item-type-custom menu-item-object-custom menu-item-25592\"><a href=\"\/oddeleni\/oddeleni-nuklearni-mediciny\/#oteviraci-hodiny\" data-ps2id-api=\"true\"><i class=\"fa-regular fa-clock\"><\/i> Ordina\u010dn\u00ed hodiny<\/a><\/li>\n<li id=\"menu-item-25593\" class=\"menu-item menu-item-type-custom menu-item-object-custom menu-item-25593\"><a href=\"\/oddeleni\/oddeleni-nuklearni-mediciny\/#kontaktni-informace\" data-ps2id-api=\"true\"><i class=\"fa-solid fa-phone\"><\/i> Kontaktn\u00ed informace<\/a><\/li>\n<li id=\"menu-item-25594\" class=\"menu-item menu-item-type-custom menu-item-object-custom menu-item-25594\"><a href=\"\/oddeleni\/oddeleni-nuklearni-mediciny\/#kde-nas-najdete\" data-ps2id-api=\"true\"><i class=\"fa-solid fa-location-dot\"><\/i> Kde n\u00e1s najdete<\/a><\/li>\n<li id=\"menu-item-25595\" class=\"menu-item menu-item-type-custom menu-item-object-custom menu-item-25595\"><a href=\"\/oddeleni\/oddeleni-nuklearni-mediciny\/#fotogalerie\" data-ps2id-api=\"true\"><i class=\"fa-solid fa-camera\"><\/i> Fotogalerie<\/a><\/li>\n<li id=\"menu-item-25596\" class=\"menu-custom-separator menu-item menu-item-type-custom menu-item-object-custom menu-item-25596\"><hr class=\"mhm-menu-separator\"><\/li>\n<li id=\"menu-item-25597\" class=\"static-link menu-item menu-item-type-custom menu-item-object-custom menu-item-25597\"><a href=\"\/oddeleni\/oddeleni-nuklearni-mediciny\/seznam-vysetreni-onm\/\" data-ps2id-api=\"true\"><i class=\"fa-solid fa-stethoscope\"><\/i> Seznam vy\u0161et\u0159en\u00ed ONM<\/a><\/li>\n<li id=\"menu-item-25598\" class=\"static-link menu-item menu-item-type-custom menu-item-object-custom menu-item-25598\"><a href=\"\/oddeleni\/oddeleni-nuklearni-mediciny\/informace-pro-lekare\/\" data-ps2id-api=\"true\"><i class=\"fa-solid fa-circle-info\"><\/i>Informace pro l\u00e9ka\u0159e<\/a><\/li>\n<li id=\"menu-item-25599\" class=\"static-link menu-item menu-item-type-custom menu-item-object-custom menu-item-25599\"><a href=\"\/oddeleni\/oddeleni-nuklearni-mediciny\/informace-pro-pacienty\/\" data-ps2id-api=\"true\"><i class=\"fa-solid fa-clipboard-check\"><\/i> Informace pro pacienty<\/a><\/li>\n<li id=\"menu-item-25637\" class=\"static-link menu-item menu-item-type-custom menu-item-object-custom menu-item-25637\"><a href=\"\/oddeleni\/oddeleni-nuklearni-mediciny\/zadanky-na-vysetreni\/\" data-ps2id-api=\"true\"><i class=\"fa-solid fa-clipboard-list\"><\/i>\u017d\u00e1danky na vy\u0161et\u0159en\u00ed<\/a><\/li>\n<\/ul><\/div><\/aside><div class=\"cl\"><\/div>\n<\/div>\n<\/div><\/div>\n<div id=\"cmsmasters_column_k7vlyuz4yq\" class=\"cmsmasters_column two_third\">\n<div class=\"cmsmasters_column_inner\"><div id=\"cmsmasters_heading_0cx4mcjjyd\" class=\"cmsmasters_heading_wrap cmsmasters_heading_align_left\">\n\t<h2 class=\"cmsmasters_heading\">\u017d\u00e1danky na vy\u0161et\u0159en\u00ed<\/h2>\n<\/div>\n<div id=\"cmsmasters_divider_kul4awri6m\" class=\"cmsmasters_divider cmsmasters_divider_width_short cmsmasters_divider_pos_left\"><\/div>\n<div class=\"cmsmasters_text download-links-large\">\n<p><a href=\"\/wp-content\/uploads\/2025\/05\/Cholin.pdf\" rel=\"noopener\">\u017d\u00e1danka do PET CT CHOLIN<\/a><\/p>\n<p><a href=\"\/wp-content\/uploads\/2025\/05\/Axumin.pdf\" rel=\"noopener\">\u017d\u00e1danka do PET CT 18F FLUCICLOVIN (Auxumin)<\/a><\/p>\n<p><a href=\"\/wp-content\/uploads\/2025\/05\/FDG.pdf\" rel=\"noopener\">\u017d\u00e1danka do PET CT 18F FDG<\/a><\/p>\n<p><a href=\"\/wp-content\/uploads\/2025\/10\/Vizamyl.pdf\" rel=\"noopener\">\u017d\u00e1danka na PET\/CT &#8211; Vizamyl<\/a><\/p>\n<\/div>\n<\/div><\/div>\n<\/div>\n<\/div>\n<\/div>\n<\/div>\n<\/div>\n\n","protected":false},"excerpt":{"rendered":"","protected":false},"author":5,"featured_media":25041,"parent":25543,"menu_order":0,"comment_status":"closed","ping_status":"closed","template":"","meta":{"pgc_sgb_lightbox_settings":"","footnotes":"","_links_to":"","_links_to_target":""},"categories":[85],"class_list":["post-25644","page","type-page","status-publish","has-post-thumbnail","hentry","category-page-oddeleni"],"publishpress_future_action":{"enabled":false,"date":"2026-04-20 11:37:02","action":"change-status","newStatus":"draft","terms":[],"taxonomy":"category","extraData":[]},"publishpress_future_workflow_manual_trigger":{"enabledWorkflows":[]},"_links":{"self":[{"href":"https:\/\/webnemji.azurewebsites.net\/en\/wp-json\/wp\/v2\/pages\/25644","targetHints":{"allow":["GET"]}}],"collection":[{"href":"https:\/\/webnemji.azurewebsites.net\/en\/wp-json\/wp\/v2\/pages"}],"about":[{"href":"https:\/\/webnemji.azurewebsites.net\/en\/wp-json\/wp\/v2\/types\/page"}],"author":[{"embeddable":true,"href":"https:\/\/webnemji.azurewebsites.net\/en\/wp-json\/wp\/v2\/users\/5"}],"replies":[{"embeddable":true,"href":"https:\/\/webnemji.azurewebsites.net\/en\/wp-json\/wp\/v2\/comments?post=25644"}],"version-history":[{"count":0,"href":"https:\/\/webnemji.azurewebsites.net\/en\/wp-json\/wp\/v2\/pages\/25644\/revisions"}],"up":[{"embeddable":true,"href":"https:\/\/webnemji.azurewebsites.net\/en\/wp-json\/wp\/v2\/pages\/25543"}],"wp:featuredmedia":[{"embeddable":true,"href":"https:\/\/webnemji.azurewebsites.net\/en\/wp-json\/wp\/v2\/media\/25041"}],"wp:attachment":[{"href":"https:\/\/webnemji.azurewebsites.net\/en\/wp-json\/wp\/v2\/media?parent=25644"}],"wp:term":[{"taxonomy":"category","embeddable":true,"href":"https:\/\/webnemji.azurewebsites.net\/en\/wp-json\/wp\/v2\/categories?post=25644"}],"curies":[{"name":"wp","href":"https:\/\/api.w.org\/{rel}","templated":true}]}}