{"id":25699,"date":"2023-11-07T08:06:16","date_gmt":"2023-11-07T07:06:16","guid":{"rendered":"https:\/\/test.nemji.cz\/?page_id=25699"},"modified":"2024-01-23T09:12:21","modified_gmt":"2024-01-23T08:12:21","slug":"whistleblowing","status":"publish","type":"page","link":"https:\/\/webnemji.azurewebsites.net\/en\/o-nemocnici\/whistleblowing\/","title":{"rendered":"Whistleblowing"},"content":{"rendered":"<div id=\"cmsmasters_row_0b6bd5f67e\" class=\"cmsmasters_row cmsmasters_color_scheme_default heroblocks cmsmasters_row_top_default cmsmasters_row_bot_default cmsmasters_row_boxed\">\n<div id=\"heroboxes\" class=\"cmsmasters_row_outer_parent\">\n<div class=\"cmsmasters_row_overlay\"><\/div>\n<div class=\"cmsmasters_row_outer\">\n<div class=\"cmsmasters_row_inner\">\n<div class=\"cmsmasters_row_margin\">\n<div id=\"cmsmasters_column_b6d3203234\" class=\"cmsmasters_column one_first\">\n<div class=\"cmsmasters_column_inner\"><div id=\"cmsmasters_heading_a82262ad0f\" class=\"cmsmasters_heading_wrap cmsmasters_heading_align_center pageheadingtitle\" data-animation=\"fadeIn\" data-delay=\"0\">\n\t<h1 class=\"cmsmasters_heading\">O nemocnici<\/h1>\n<\/div><div id=\"cmsmasters_heading_bqs8sxy54\" class=\"cmsmasters_heading_wrap cmsmasters_heading_align_center\">\n\t<h3 class=\"cmsmasters_heading\">Whistleblowing<\/h3>\n<\/div>\n<\/div><\/div>\n<\/div>\n<\/div>\n<\/div>\n<\/div>\n<\/div>\n<div id=\"cmsmasters_row_ye86s73t1e\" class=\"cmsmasters_row cmsmasters_color_scheme_default cmsmasters_row_top_default cmsmasters_row_bot_default cmsmasters_row_boxed\">\n<div class=\"cmsmasters_row_outer_parent\">\n<div class=\"cmsmasters_row_outer\">\n<div class=\"cmsmasters_row_inner\">\n<div class=\"cmsmasters_row_margin\">\n<div id=\"cmsmasters_column_28ktroisgc\" class=\"cmsmasters_column one_first\">\n<div class=\"cmsmasters_column_inner\"><div class=\"cmsmasters_text\">\n<p><nav aria-label=\"breadcrumbs\">\n            <div class=\"breadcrumb-container theme1\">\n                <ol>\n                                    <\/ol>\n            <\/div>\n        <\/nav>    <script type=\"application\/ld+json\">\n        {\n            \"@context\": \"http:\/\/schema.org\",\n            \"@type\": \"BreadcrumbList\",\n            \"itemListElement\": [\n                            ]\n        }\n    <\/script>\n   \n    <script>\n            <\/script>\n<\/p>\n<\/div>\n<\/div><\/div>\n<\/div>\n<\/div>\n<\/div>\n<\/div>\n<\/div>\n<div id=\"cmsmasters_row_7c1c11db73\" class=\"cmsmasters_row cmsmasters_color_scheme_default cmsmasters_row_top_default cmsmasters_row_bot_default cmsmasters_row_boxed\">\n<div class=\"cmsmasters_row_outer_parent\">\n<div class=\"cmsmasters_row_outer\">\n<div class=\"cmsmasters_row_inner\">\n<div class=\"cmsmasters_row_margin\">\n<div id=\"cmsmasters_column_18105c8427\" class=\"cmsmasters_column one_third stickyinfocolumn\">\n<div class=\"cmsmasters_column_inner\"><div id=\"cmsmasters_heading_06oshyxaep\" class=\"cmsmasters_heading_wrap cmsmasters_heading_align_center\">\n\t<h3 class=\"cmsmasters_heading\">O nemocnici<\/h3>\n<\/div>\n<div id=\"cmsmasters_divider_fk418hu6k\" class=\"cmsmasters_divider cmsmasters_divider_width_short cmsmasters_divider_pos_center\"><\/div>\n<div class=\"cmsmasters_sidebar sidebar_layout_11 sidebar-custom-menu\"><aside id=\"nav_menu-4\" class=\"widget widget_nav_menu\"><div class=\"menu-o-nemocnici-container\"><ul id=\"menu-o-nemocnici\" class=\"menu\"><li id=\"menu-item-15789\" class=\"static-link menu-item menu-item-type-post_type menu-item-object-page menu-item-15789\"><a href=\"https:\/\/webnemji.azurewebsites.net\/en\/o-nemocnici\/\" data-ps2id-api=\"true\"><i class=\"fa-solid fa-circle-info\"><\/i> Z\u00e1kladn\u00ed informace<\/a><\/li>\n<li id=\"menu-item-15339\" class=\"static-link menu-item menu-item-type-post_type menu-item-object-page menu-item-15339\"><a href=\"https:\/\/webnemji.azurewebsites.net\/en\/o-nemocnici\/jak-se-k-nam-dostanete\/\" data-ps2id-api=\"true\"><i class=\"fa-solid fa-bus\"><\/i> Jak se k n\u00e1m dostanete<\/a><\/li>\n<li id=\"menu-item-15351\" class=\"static-link menu-item menu-item-type-post_type menu-item-object-page menu-item-15351\"><a href=\"https:\/\/webnemji.azurewebsites.net\/en\/o-nemocnici\/orientacni-plan-nemocnice\/\" data-ps2id-api=\"true\"><i class=\"fa-solid fa-map-location-dot\"><\/i> Orienta\u010dn\u00ed pl\u00e1n nemocnice<\/a><\/li>\n<li id=\"menu-item-15603\" class=\"static-link menu-item menu-item-type-post_type menu-item-object-page menu-item-15603\"><a href=\"https:\/\/webnemji.azurewebsites.net\/en\/o-nemocnici\/organizacni-struktura\/\" data-ps2id-api=\"true\"><i class=\"fa-solid fa-sitemap\"><\/i> Organiza\u010dn\u00ed struktura<\/a><\/li>\n<li id=\"menu-item-15335\" class=\"static-link menu-item menu-item-type-post_type menu-item-object-page menu-item-15335\"><a href=\"https:\/\/webnemji.azurewebsites.net\/en\/o-nemocnici\/historie-nemocnice\/\" data-ps2id-api=\"true\"><i class=\"fa-solid fa-book-medical\"><\/i> Historie nemocnice<\/a><\/li>\n<li id=\"menu-item-15334\" class=\"static-link menu-item menu-item-type-post_type menu-item-object-page menu-item-15334\"><a href=\"https:\/\/webnemji.azurewebsites.net\/en\/o-nemocnici\/vyrocni-zpravy\/\" data-ps2id-api=\"true\"><i class=\"fa-regular fa-calendar-days\"><\/i> V\u00fdro\u010dn\u00ed zpr\u00e1vy<\/a><\/li>\n<li id=\"menu-item-31370\" class=\"static-link menu-item menu-item-type-custom menu-item-object-custom menu-item-31370\"><a href=\"\/informace-o-prumerne-cekaci-dobe\/\" data-ps2id-api=\"true\"><i class=\"fa-solid fa-circle-info\"><\/i> \u010cekac\u00ed doba na pl\u00e1novan\u00e9 v\u00fdkony a vy\u0161et\u0159en\u00ed<\/a><\/li>\n<li id=\"menu-item-31374\" class=\"menu-item menu-item-type-custom menu-item-object-custom menu-item-31374\"><a href=\"\/hodnoceni-cinnosti-traumacentra\/\" data-ps2id-api=\"true\"><i class=\"fa-solid fa-book-medical\"><\/i> Hodnocen\u00ed \u010dinnosti a v\u00fdkonnosti Traumacentra II. typu<\/a><\/li>\n<li id=\"menu-item-22171\" class=\"menu-custom-separator menu-item menu-item-type-custom menu-item-object-custom menu-item-22171\"><hr class=\"mhm-menu-separator\"><\/li>\n<li id=\"menu-item-29142\" class=\"static-link menu-item menu-item-type-custom menu-item-object-custom menu-item-29142\"><a href=\"\/o-nemocnici\/evropske-fondy\/\" data-ps2id-api=\"true\"><i class=\"fa-solid fa-euro-sign\"><\/i> Evropsk\u00e9 fondy<\/a><\/li>\n<li id=\"menu-item-15788\" class=\"static-link menu-item menu-item-type-post_type menu-item-object-page menu-item-15788\"><a href=\"https:\/\/webnemji.azurewebsites.net\/en\/o-nemocnici\/zpracovavane-osobni-udaje\/\" data-ps2id-api=\"true\"><i class=\"fa-solid fa-lock\"><\/i> Zpracov\u00e1van\u00e9 osobn\u00ed \u00fadaje<\/a><\/li>\n<li id=\"menu-item-27819\" class=\"static-link menu-item menu-item-type-post_type menu-item-object-page menu-item-27819\"><a href=\"https:\/\/webnemji.azurewebsites.net\/en\/o-nemocnici\/ombudsman\/\" data-ps2id-api=\"true\"><i class=\"fa-solid fa-user-shield\"><\/i> Nemocni\u010dn\u00ed ombudsman<\/a><\/li>\n<li id=\"menu-item-25702\" class=\"static-link menu-item menu-item-type-post_type menu-item-object-page menu-item-25702\"><a href=\"https:\/\/webnemji.azurewebsites.net\/en\/o-nemocnici\/whistleblowing\/\" data-ps2id-api=\"true\"><i class=\"fa-solid fa-bullhorn\"><\/i> Whistleblowing<\/a><\/li>\n<li id=\"menu-item-26755\" class=\"static-link menu-item menu-item-type-post_type menu-item-object-page menu-item-26755\"><a href=\"https:\/\/webnemji.azurewebsites.net\/en\/oddeleni\/ict\/kyberbezpecnost\/\" data-ps2id-api=\"true\"><i class=\"fa-solid fa-shield-halved\"><\/i> Kyberbezpe\u010dnost<\/a><\/li>\n<li id=\"menu-item-27077\" class=\"static-link menu-item menu-item-type-post_type menu-item-object-page menu-item-27077\"><a href=\"https:\/\/webnemji.azurewebsites.net\/en\/o-nemocnici\/povinne-zverejnovane-informace\/\" data-ps2id-api=\"true\"><i class=\"fa-solid fa-info\"><\/i> Povinn\u011b zve\u0159ej\u0148ovan\u00e9 informace<\/a><\/li>\n<li id=\"menu-item-28025\" class=\"static-link menu-item menu-item-type-post_type menu-item-object-page menu-item-28025\"><a href=\"https:\/\/webnemji.azurewebsites.net\/en\/o-nemocnici\/kamerovy-system\/\" data-ps2id-api=\"true\"><i class=\"fa-solid fa-video\"><\/i> Kamerov\u00fd syst\u00e9m<\/a><\/li>\n<\/ul><\/div><\/aside><div class=\"cl\"><\/div>\n<\/div>\n<\/div><\/div>\n<div id=\"cmsmasters_column_b598bb73ec\" class=\"cmsmasters_column two_third\">\n<div class=\"cmsmasters_column_inner\"><div id=\"cmsmasters_heading_d5ke3xr81b\" class=\"cmsmasters_heading_wrap cmsmasters_heading_align_left\">\n\t<h2 class=\"cmsmasters_heading\">Whistleblowing<\/h2>\n<\/div>\n<div id=\"cmsmasters_divider_nt42gbq9o9\" class=\"cmsmasters_divider cmsmasters_divider_width_short cmsmasters_divider_pos_left\"><\/div>\n<div class=\"cmsmasters_text\">\n<h5><strong>Informace o ochran\u011b oznamovatel\u016f (Whistleblowing)<\/strong><\/h5>\n<p>Na z\u00e1klad\u011b aktu\u00e1ln\u00edho zn\u011bn\u00ed z\u00e1kona o ochran\u011b oznamovatel\u016f &#8211; Whistleblowing (d\u00e1le jen &#8222;Z\u00e1kon&#8220;), kter\u00fd byl vyd\u00e1n v n\u00e1vaznosti na sm\u011brnici Evropsk\u00e9ho parlamentu a Rady (EU), o ochran\u011b osob, kter\u00e9 oznamuj\u00ed poru\u0161en\u00ed pr\u00e1va Unie, vznikla Nemocnici Jihlava p. o. jako povinn\u00e9mu subjektu mj. i povinnost ur\u010dit p\u0159\u00edslu\u0161nou osobu a zav\u00e9st vnit\u0159n\u00ed oznamovac\u00ed syst\u00e9m (d\u00e1le jen &#8222;VOS&#8220;) k p\u0159ij\u00edm\u00e1n\u00ed ozn\u00e1men\u00ed, nastavit pravidla pro zp\u016fsoby oznamov\u00e1n\u00ed, samotn\u00e9 nakl\u00e1d\u00e1n\u00ed s ozn\u00e1men\u00edm, zaji\u0161t\u011bn\u00ed ochrany toto\u017enosti oznamovatele a dal\u0161\u00edch osob, ochranu informac\u00ed uveden\u00fdch v ozn\u00e1men\u00ed a komunikaci s oznamovatelem. Sou\u010dasn\u011b m\u00e1 Nemocnice Jihlava p. o. povinnost zajistit uve\u0159ejn\u011bn\u00ed t\u011bchto informac\u00ed zp\u016fsobem umo\u017e\u0148uj\u00edc\u00edm d\u00e1lkov\u00fd p\u0159\u00edstup.<\/p>\n<p>Nemocnice Jihlava p. o. m\u00e1 p\u0159\u00edslu\u0161n\u00e9 postupy p\u0159i ochran\u011b oznamovatel\u016f upraveny v samostatn\u00e9m \u0159\u00edzen\u00e9m dokumentu.<\/p>\n<p>&nbsp;<\/p>\n<h5><strong>P\u0159\u00edslu\u0161n\u00e1 osoba<\/strong><\/h5>\n<p>Jako p\u0159\u00edslu\u0161n\u00e1 osoba Nemocnic\u00ed Jihlava p. o. pro p\u0159ij\u00edm\u00e1n\u00ed a vy\u0159izov\u00e1n\u00ed ozn\u00e1men\u00ed ve smyslu \u00a7 9 odst. 1 Z\u00e1kona je ur\u010den Bc. Pohankov\u00e1 Jana.<\/p>\n<div class=\"abcfslGridCntr personalni-obsazeni abcfslMLRAuto slv174_t19992_L abcfslGridCntr_19992\"><div class=\"abcfslItemCntrLst abcfslPadBMB30 abcfClrFix\" style=\"padding-bottom: 0;\"><div class=\"abcfslLstCol abcfslLstCol-4 abcfslImgColLst\"><div class=\"abcfslImgCntrLst abcfslMLRPc\"><img decoding=\"async\"  src=\"\/wp-content\/uploads\/2023\/08\/AdobeStock_560154975-Prevedeny-801x1024.png\" class=\"ProfileImage\" alt=\"Bc. Jana Pohankov\u00e1\"  itemprop=\"image\"  \/><\/div><\/div><div class=\"abcfslLstCol abcfslLstCol-8 abcfslTxtColLst\"><div class=\"abcfslTxtCntrLst  abcfslPadLPc5\" style=\"padding-left: 20px;\"><h4 class=\"abcfslF18_6 MP-F1\"><span class=\"abcfslSpanMP2\">Bc. Jana <\/span><span class=\"abcfslSpanMP1\">Pohankov\u00e1 <\/span><\/h4><h5 class=\"abcfslF14_6 T-F2\">Whistleblower officer<\/h5><div class=\"abcfslMT10  abcfslF14 profile-department-link CE-F8\"><p><a href=\"\/o-nemocnici\/whistleblowing\/\">Whistleblowing<\/a><\/p>\n<\/div><div class=\"abcfslMT5  abcfslF14 LT-F5\"><span><i class=\"fa-solid fa-envelope\"><\/i>\u00a0&nbsp;<\/span><span class=\"profile-department-link\"><a href=\"mailto:whistleblowing@nemji.cz\">whistleblowing@nemji.cz<\/a><\/span><\/div><div class=\"abcfslMT5  abcfslF14 LT-F4\"><span><i class=\"fa-solid fa-phone\"><\/i>\u00a0&nbsp;<\/span><span class=\"profile-department-link\"><a href=\"tel:+420705791533\">+420 705 791 533<\/a><\/span><\/div><\/div><\/div><\/div><\/div>\n<p><span style=\"font-size: 20px;\"><strong><a href=\"\/wp-content\/uploads\/2023\/12\/certifikat-Bc-Jana-Pohankova.pdf\" target=\"_blank\" rel=\"noopener\">Certifik\u00e1t &#8211; specialista whistleblowingu<\/a><\/strong><\/span><\/p>\n<p>&nbsp;<\/p>\n<p>&nbsp;<\/p>\n<\/div>\n<div class=\"cmsmasters_text msform-links\">\n<h5><strong>Ozn\u00e1men\u00ed o mo\u017en\u00e9m protipr\u00e1vn\u00edm jedn\u00e1n\u00ed<\/strong><\/h5>\n<p><a href=\"https:\/\/forms.office.com\/e\/QHZ4bQnRii\" target=\"_blank\" rel=\"noopener\">Ozn\u00e1men\u00ed o mo\u017en\u00e9m protipr\u00e1vn\u00edm jedn\u00e1n\u00ed<\/a><\/p>\n<\/div>\n<div id=\"cmsmasters_divider_3t9rxau8c\" class=\"cmsmasters_divider cmsmasters_divider_width_short cmsmasters_divider_pos_left\"><\/div>\n<div class=\"cmsmasters_text download-links-large\">\n<h5><strong>Extern\u00ed oznamovac\u00ed syst\u00e9m &#8211; ozn\u00e1men\u00ed o mo\u017en\u00e9m protipr\u00e1vn\u00edm jedn\u00e1n\u00ed<\/strong><\/h5>\n<p><a href=\"https:\/\/oznamovatel.justice.cz\/chci-podat-oznameni\/\" target=\"_blank\" rel=\"noopener\">Extern\u00ed oznamovac\u00ed syst\u00e9m Ministerstva spravedlnosti \u010cesk\u00e9 republiky<\/a><\/p>\n<\/div>\n<\/div><\/div>\n<\/div>\n<\/div>\n<\/div>\n<\/div>\n<\/div>\n\n","protected":false},"excerpt":{"rendered":"","protected":false},"author":1,"featured_media":25700,"parent":529,"menu_order":0,"comment_status":"closed","ping_status":"closed","template":"","meta":{"pgc_sgb_lightbox_settings":"","footnotes":"","_links_to":"","_links_to_target":""},"categories":[87],"class_list":["post-25699","page","type-page","status-publish","has-post-thumbnail","hentry","category-page-o-nemocnici"],"publishpress_future_action":{"enabled":false,"date":"2026-04-24 06:18:16","action":"change-status","newStatus":"draft","terms":[],"taxonomy":"category","extraData":[]},"publishpress_future_workflow_manual_trigger":{"enabledWorkflows":[]},"_links":{"self":[{"href":"https:\/\/webnemji.azurewebsites.net\/en\/wp-json\/wp\/v2\/pages\/25699","targetHints":{"allow":["GET"]}}],"collection":[{"href":"https:\/\/webnemji.azurewebsites.net\/en\/wp-json\/wp\/v2\/pages"}],"about":[{"href":"https:\/\/webnemji.azurewebsites.net\/en\/wp-json\/wp\/v2\/types\/page"}],"author":[{"embeddable":true,"href":"https:\/\/webnemji.azurewebsites.net\/en\/wp-json\/wp\/v2\/users\/1"}],"replies":[{"embeddable":true,"href":"https:\/\/webnemji.azurewebsites.net\/en\/wp-json\/wp\/v2\/comments?post=25699"}],"version-history":[{"count":0,"href":"https:\/\/webnemji.azurewebsites.net\/en\/wp-json\/wp\/v2\/pages\/25699\/revisions"}],"up":[{"embeddable":true,"href":"https:\/\/webnemji.azurewebsites.net\/en\/wp-json\/wp\/v2\/pages\/529"}],"wp:featuredmedia":[{"embeddable":true,"href":"https:\/\/webnemji.azurewebsites.net\/en\/wp-json\/wp\/v2\/media\/25700"}],"wp:attachment":[{"href":"https:\/\/webnemji.azurewebsites.net\/en\/wp-json\/wp\/v2\/media?parent=25699"}],"wp:term":[{"taxonomy":"category","embeddable":true,"href":"https:\/\/webnemji.azurewebsites.net\/en\/wp-json\/wp\/v2\/categories?post=25699"}],"curies":[{"name":"wp","href":"https:\/\/api.w.org\/{rel}","templated":true}]}}