{"id":25718,"date":"2023-11-07T10:50:55","date_gmt":"2023-11-07T09:50:55","guid":{"rendered":"https:\/\/test.nemji.cz\/?page_id=25718"},"modified":"2023-11-30T07:55:01","modified_gmt":"2023-11-30T06:55:01","slug":"ambulance","status":"publish","type":"page","link":"https:\/\/webnemji.azurewebsites.net\/en\/oddeleni\/usek-hojeni-ran\/ambulance\/","title":{"rendered":"Wound Healing Unit Clinics"},"content":{"rendered":"<div id=\"cmsmasters_row_6iluctg3hk\" class=\"cmsmasters_row cmsmasters_color_scheme_default cmsmasters_row_top_default cmsmasters_row_bot_default cmsmasters_row_boxed\">\n<div class=\"cmsmasters_row_outer_parent\">\n<div class=\"cmsmasters_row_overlay\"><\/div>\n<div class=\"cmsmasters_row_outer\">\n<div class=\"cmsmasters_row_inner\">\n<div class=\"cmsmasters_row_margin\">\n<div id=\"cmsmasters_column_sybg7he2sg\" class=\"cmsmasters_column one_first\">\n<div class=\"cmsmasters_column_inner\"><div id=\"cmsmasters_heading_b3c74b95a0\" class=\"cmsmasters_heading_wrap cmsmasters_heading_align_center pageheadingtitle\">\n\t<h1 class=\"cmsmasters_heading\">\u00dasek hojen\u00ed ran<\/h1>\n<\/div>\n<\/div><\/div>\n<\/div>\n<\/div>\n<\/div>\n<\/div>\n<\/div>\n<div id=\"cmsmasters_row_ly5ze1hf8e\" class=\"cmsmasters_row cmsmasters_color_scheme_default cmsmasters_row_top_default cmsmasters_row_bot_default cmsmasters_row_boxed\">\n<div class=\"cmsmasters_row_outer_parent\">\n<div class=\"cmsmasters_row_outer\">\n<div class=\"cmsmasters_row_inner\">\n<div class=\"cmsmasters_row_margin\">\n<div id=\"cmsmasters_column_v67ee6nvg7\" class=\"cmsmasters_column one_first\">\n<div class=\"cmsmasters_column_inner\"><div class=\"cmsmasters_text\">\n<p><nav aria-label=\"breadcrumbs\">\n            <div class=\"breadcrumb-container theme1\">\n                <ol>\n                                    <\/ol>\n            <\/div>\n        <\/nav>    <script type=\"application\/ld+json\">\n        {\n            \"@context\": \"http:\/\/schema.org\",\n            \"@type\": \"BreadcrumbList\",\n            \"itemListElement\": [\n                            ]\n        }\n    <\/script>\n   \n    <script>\n            <\/script>\n<\/p>\n<\/div>\n<\/div><\/div>\n<\/div>\n<\/div>\n<\/div>\n<\/div>\n<\/div>\n<div id=\"cmsmasters_row_3f2f8816dd\" class=\"cmsmasters_row cmsmasters_color_scheme_default cmsmasters_row_top_default cmsmasters_row_bot_default cmsmasters_row_boxed\">\n<div class=\"cmsmasters_row_outer_parent\">\n<div class=\"cmsmasters_row_outer\">\n<div class=\"cmsmasters_row_inner\">\n<div class=\"cmsmasters_row_margin\">\n<div id=\"cmsmasters_column_0a1c5940f5\" class=\"cmsmasters_column one_third stickyinfocolumn\">\n<div class=\"cmsmasters_column_inner\"><div id=\"cmsmasters_heading_rva6m2t32d\" class=\"cmsmasters_heading_wrap cmsmasters_heading_align_center\">\n\t<h3 class=\"cmsmasters_heading\">Informace o odd\u011blen\u00ed<\/h3>\n<\/div>\n<div id=\"cmsmasters_divider_dpp34mcdj5\" class=\"cmsmasters_divider cmsmasters_divider_width_short cmsmasters_divider_pos_center\"><\/div>\n<div class=\"cmsmasters_sidebar sidebar_layout_11 sidebar-custom-menu\"><aside id=\"nav_menu-53\" class=\"widget widget_nav_menu\"><div class=\"menu-oddeleni-uhr-container\"><ul id=\"menu-oddeleni-uhr\" class=\"menu\"><li id=\"menu-item-25412\" class=\"menu-item menu-item-type-custom menu-item-object-custom menu-item-25412\"><a href=\"\/oddeleni\/usek-hojeni-ran\/#popis-oddeleni\" data-ps2id-api=\"true\"><i class=\"fa-solid fa-info\"><\/i> Popis odd\u011blen\u00ed<\/a><\/li>\n<li id=\"menu-item-25413\" class=\"menu-item menu-item-type-custom menu-item-object-custom menu-item-25413\"><a href=\"\/oddeleni\/usek-hojeni-ran\/#personalni-obsazeni\" data-ps2id-api=\"true\"><i class=\"fa-solid fa-user-doctor\"><\/i> Person\u00e1ln\u00ed obsazen\u00ed<\/a><\/li>\n<li id=\"menu-item-25414\" class=\"menu-item menu-item-type-custom menu-item-object-custom menu-item-25414\"><a href=\"\/oddeleni\/usek-hojeni-ran\/#oteviraci-hodiny\" data-ps2id-api=\"true\"><i class=\"fa-regular fa-clock\"><\/i> Otev\u00edrac\u00ed hodiny<\/a><\/li>\n<li id=\"menu-item-25415\" class=\"menu-item menu-item-type-custom menu-item-object-custom menu-item-25415\"><a href=\"\/oddeleni\/usek-hojeni-ran\/#kontaktni-informace\" data-ps2id-api=\"true\"><i class=\"fa-solid fa-phone\"><\/i> Kontaktn\u00ed informace<\/a><\/li>\n<li id=\"menu-item-25416\" class=\"menu-item menu-item-type-custom menu-item-object-custom menu-item-25416\"><a href=\"\/oddeleni\/usek-hojeni-ran\/#kde-nas-najdete\" data-ps2id-api=\"true\"><i class=\"fa-solid fa-location-dot\"><\/i> Kde n\u00e1s najdete<\/a><\/li>\n<li id=\"menu-item-27156\" class=\"menu-item menu-item-type-custom menu-item-object-custom menu-item-27156\"><a href=\"\/oddeleni\/usek-hojeni-ran\/#fotogalerie\" data-ps2id-api=\"true\"><i class=\"fa-solid fa-location-dot\"><\/i> Fotogalerie<\/a><\/li>\n<li id=\"menu-item-25680\" class=\"menu-custom-separator menu-item menu-item-type-custom menu-item-object-custom menu-item-25680\"><hr class=\"mhm-menu-separator\"><\/li>\n<li id=\"menu-item-25681\" class=\"static-link menu-item menu-item-type-custom menu-item-object-custom menu-item-25681\"><a href=\"\/oddeleni\/usek-hojeni-ran\/ambulance\" data-ps2id-api=\"true\"><i class=\"fa-solid fa-house-medical\"><\/i> Ambulance<\/a><\/li>\n<\/ul><\/div><\/aside><div class=\"cl\"><\/div>\n<\/div>\n<\/div><\/div>\n<div id=\"cmsmasters_column_k7vlyuz4yq\" class=\"cmsmasters_column two_third\">\n<div class=\"cmsmasters_column_inner\"><div class=\"cmsmasters_text hide-index\">\n<p>Ambulance hojen\u00ed ran<\/p>\n<\/div>\n<div id=\"cmsmasters_heading_0cx4mcjjyd\" class=\"cmsmasters_heading_wrap cmsmasters_heading_align_left\">\n\t<h2 class=\"cmsmasters_heading\">Ambulance \u00faseku hojen\u00ed ran<\/h2>\n<\/div>\n<div id=\"cmsmasters_divider_kul4awri6m\" class=\"cmsmasters_divider cmsmasters_divider_width_short cmsmasters_divider_pos_left\"><\/div>\n<div id=\"cmsmasters_divider_6etaua2ynr\" class=\"cl\"><\/div>\n<div class=\"cmsmasters_text\">\n<section id='' \n                class='helpie-faq accordions ' \n                data-collection='' \n                data-pagination='0' \n                data-search='0' \n                data-pagination-enabled='0'\n                role='region'\n                aria-label='FAQ Section'\n                aria-live='polite'><article class=\"accordion \"><div class='helpie-faq-row'><div class='helpie-faq-col helpie-faq-col-12' ><ul><li class=\"accordion__item \"><div class=\"accordion__header \" \r\n                id=\"accordion-header-post-25771\"\r\n                role=\"button\"\r\n                aria-expanded=\"false\"\r\n                aria-controls=\"accordion-content-post-25771\"\r\n                data-id=\"post-25771\" \r\n                data-item=\"hfaq-post-25771\" \r\n                style=\"background:transparent;\" \r\n                data-tags=\"\"\r\n                tabindex=\"0\"><div class=\"accordion__title\">Ambulance hojen\u00ed ran<\/div><\/div><div id=\"accordion-content-post-25771\" \r\n                class=\"accordion__body\" \r\n                role=\"region\"\r\n                aria-labelledby=\"accordion-header-post-25771\"\r\n                style=\"background:transparent;\"><p>Po propu\u0161t\u011bn\u00ed pacienta do dom\u00e1c\u00edho o\u0161et\u0159ov\u00e1n\u00ed p\u0159eb\u00edr\u00e1me pacienta s\u202fnehoj\u00edc\u00ed se r\u00e1nou, v\u202fp\u0159\u00edpad\u011b jeho z\u00e1jmu, do sv\u00e9 p\u00e9\u010de v\u202f\u201csestersk\u00e9\u201c ambulanci hojen\u00ed ran. Ambulantn\u00ed o\u0161et\u0159ovatelskou p\u00e9\u010di o pacienty s\u202fnehoj\u00edc\u00ed se r\u00e1nou prov\u00e1d\u00edme ve sd\u00edlen\u00e9 ambulanci Centra l\u00e9\u010dby chronick\u00fdch ran Nemocnice Jihlava p.o.<\/p>\n<p>Na vy\u017e\u00e1d\u00e1n\u00ed l\u00e9ka\u0159\u016f v\u0161ech odbornost\u00ed hodnot\u00edme r\u00e1ny \u010di ko\u017en\u00ed defekty i v\u202fodborn\u00fdch ambulanc\u00edch\u202fnebo ambulanc\u00edch Urgentn\u00edho p\u0159\u00edjmu, navrhujeme vhodn\u00e9 materi\u00e1ly f\u00e1zov\u00e9ho hojen\u00ed a spolupracujeme s l\u00e9ka\u0159em p\u0159i administrativ\u011b spojen\u00e9 se zah\u00e1jen\u00ed f\u00e1zov\u00e9ho hojen\u00ed sign\u00e1ln\u00edm k\u00f3dem pro poji\u0161\u0165ovny a p\u0159i preskripci materi\u00e1l\u016f.\u00a0Tyto pacienty pot\u00e9 o\u0161et\u0159ujeme ve smluven\u00fdch dnech po dohod\u011b s\u00a0ambulantn\u00edm l\u00e9ka\u0159em\u00a0v\u202f\u201csestersk\u00e9\u201c ambulanci hojen\u00ed ran.<\/p>\n<p>V ambulanci centra l\u00e9\u010dby chronick\u00fdch ran Nemocnice Jihlava p. o. se v ordina\u010dn\u00edch hodin\u00e1ch 2x\/t\u00fdden aktivn\u011b \u00fa\u010dastn\u00edme o\u0161et\u0159ovatelsk\u00e9 p\u00e9\u010de o pacienty MUDr. \u010cecha a MUDr. Hona.<\/p>\n<table style=\"border-collapse: collapse;width: 99.2089%;height: 158px\" border=\"1\">\n<tbody>\n<tr style=\"height: 24px\">\n<td style=\"width: 16.9857%;height: 24px\"><strong>Telefon:<\/strong><\/td>\n<td class=\"xl28\" style=\"width: 83.0143%;height: 24px\" width=\"256\" height=\"17\">+420 567 157 907<\/td>\n<\/tr>\n<tr style=\"height: 18px\">\n<td style=\"width: 16.9857%;height: 18px\" colspan=\"2\">\n<div>\n<hr \/>\n<\/div>\n<\/td>\n<\/tr>\n<tr style=\"height: 28px\">\n<td style=\"width: 16.9857%;height: 28px\"><strong>Ordina\u010dn\u00ed hodiny:<\/strong><\/td>\n<td style=\"width: 83.0143%;height: 28px\">\n<table style=\"border-collapse: collapse;width: 100%\" border=\"1\">\n<tbody>\n<tr>\n<td style=\"width: 11.6175%\"><strong>PO &#8211; P\u00c1:<\/strong><\/td>\n<td style=\"width: 88.3825%\">6:30 \u2013 15:00<\/td>\n<\/tr>\n<\/tbody>\n<\/table>\n<\/td>\n<\/tr>\n<tr style=\"height: 18px\">\n<td style=\"width: 16.9857%;height: 18px\" colspan=\"2\">\n<div>\n<hr \/>\n<\/div>\n<\/td>\n<\/tr>\n<tr style=\"height: 24px\">\n<td style=\"width: 16.9857%;height: 24px\"><strong>Kde n\u00e1s najdete:<br \/>\n<\/strong><\/td>\n<td style=\"width: 83.0143%;height: 24px\">Budova B, p\u0159\u00edzem\u00ed &#8211; \u010dek\u00e1rna jednodenn\u00ed chirurgie (b\u00fdval\u00fd urgent)<\/td>\n<\/tr>\n<\/tbody>\n<\/table>\n<\/div><\/li><li class=\"accordion__item \"><div class=\"accordion__header \" \r\n                id=\"accordion-header-post-34417\"\r\n                role=\"button\"\r\n                aria-expanded=\"false\"\r\n                aria-controls=\"accordion-content-post-34417\"\r\n                data-id=\"post-34417\" \r\n                data-item=\"hfaq-post-34417\" \r\n                style=\"background:transparent;\" \r\n                data-tags=\"\"\r\n                tabindex=\"0\"><div class=\"accordion__title\">O\u0161et\u0159en\u00ed pop\u00e1lenin v dom\u00e1c\u00edm prost\u0159ed\u00ed<\/div><\/div><div id=\"accordion-content-post-34417\" \r\n                class=\"accordion__body\" \r\n                role=\"region\"\r\n                aria-labelledby=\"accordion-header-post-34417\"\r\n                style=\"background:transparent;\"><p>Pop\u00e1lenina je po\u0161kozen\u00ed k\u016f\u017ee teplem (opa\u0159en\u00edm, p\u0159\u00edm\u00fdm kontaktem se zdrojem tepla \u010di ohn\u011bm), chemik\u00e1liemi, elektrick\u00fdm proudem, slune\u010dn\u00edmi paprsky nebo z\u00e1\u0159en\u00edm.\u00a0Rozli\u0161ujeme 4. stupn\u011b:<\/p>\n<ul>\n<li>Pop\u00e1leninu\u00a0<strong>1. stupn\u011b<\/strong>\u00a0typick\u00e9 za\u010derven\u00e1n\u00ed ozna\u010dov\u00e1no jako eryt\u00e9m:<br \/>\nDoporu\u010dujeme o\u0161et\u0159ovat: zchlad\u00edme proudem studen\u00e9 vody klidn\u011b 10 i v\u00edce minut, ide\u00e1ln\u011b do vymizen\u00ed pocitu bolesti. Na posti\u017een\u00e9 m\u00edsto pot\u00e9 m\u016f\u017eete aplikovat spreje, nap\u0159. Bepanthen spray, Hemacut spray. Alfasilver spray a Argogen spray (obsahuje st\u0159\u00edbro, kter\u00e9 z\u00e1rove\u0148 p\u016fsob\u00ed antisepticky). D\u00e1le r\u016fzn\u00e9 masti a kr\u00e9my nap\u0159. Bepanthen kr\u00e9m, M\u011bs\u00ed\u010dkov\u00e1 mast, Kalciov\u00e1 mast.<\/li>\n<li>Pop\u00e1leninu\u00a0<strong>2. stupn\u011b<\/strong>\u00a0typick\u00fd puch\u00fd\u0159 ozna\u010dov\u00e1no jako bula: Doporu\u010dujeme o\u0161et\u0159ovat: pop\u00e1len\u00e9 m\u00edsto je op\u011bt vhodn\u00e9 zchladit proudem studen\u00e9 vody. Vznikl\u00e9 puch\u00fd\u0159e v \u017e\u00e1dn\u00e9m p\u0159\u00edpad\u011b nepropichujte, r\u00e1na by se mohla infikovat! Posti\u017een\u00e1 m\u00edsta m\u016f\u017eete o\u0161et\u0159it r\u016fzn\u00fdmi gely na pop\u00e1leniny jako nap\u0159. Flamigel, Hemagel, Hydrogelov\u00e9 n\u00e1plasti a stejn\u011b tak pou\u017e\u00edt i spreje nebo kryt\u00ed jako je nap\u0159. mastn\u00fd tyl.<\/li>\n<li>Pop\u00e1leninu\u00a0<strong>3. a 4. stupn\u011b<\/strong>\u00a0typick\u00fd zuhelnat\u011bn\u00ed k\u016f\u017ee ozna\u010dov\u00e1no jako p\u0159\u00ed\u0161kvar:<br \/>\n<h4>Je pot\u0159eba v\u017edy vyhledat l\u00e9ka\u0159skou pomoc<\/h4>\n<\/li>\n<\/ul>\n<\/div><\/li><li class=\"accordion__item \"><div class=\"accordion__header \" \r\n                id=\"accordion-header-post-33630\"\r\n                role=\"button\"\r\n                aria-expanded=\"false\"\r\n                aria-controls=\"accordion-content-post-33630\"\r\n                data-id=\"post-33630\" \r\n                data-item=\"hfaq-post-33630\" \r\n                style=\"background:transparent;\" \r\n                data-tags=\"\"\r\n                tabindex=\"0\"><div class=\"accordion__title\">P\u00e9\u010de o jizvu po operaci<\/div><\/div><div id=\"accordion-content-post-33630\" \r\n                class=\"accordion__body\" \r\n                role=\"region\"\r\n                aria-labelledby=\"accordion-header-post-33630\"\r\n                style=\"background:transparent;\"><div>\n<p>Po operaci je d\u016fle\u017eit\u00e9 spr\u00e1vn\u011b pe\u010dovat o jizvu, abyste minimalizovali riziko komplikac\u00ed a zajistili co nejlep\u0161\u00ed hojen\u00ed. Maz\u00e1n\u00ed jizvy by m\u011blo za\u010d\u00edt a\u017e po zhojen\u00ed r\u00e1ny a odstran\u011bn\u00ed steh\u016f. Jakmile je jizva zhojen\u00e1, m\u016f\u017eete za\u010d\u00edt pou\u017e\u00edvat speci\u00e1ln\u00ed gel nebo kr\u00e9m, kter\u00fd pom\u016f\u017ee redukovat viditelnost jizvy a zm\u00edrnit p\u0159\u00edpadn\u00e9 ne\u017e\u00e1douc\u00ed p\u0159\u00edznaky.<\/p>\n<\/div>\n<div><strong>Pro spr\u00e1vnou p\u00e9\u010di o jizvu po operaci doporu\u010dujeme:<\/strong><\/div>\n<ul>\n<li>D\u016fkladn\u00e1 hygiena jizvy vodou a m\u00fddlem \u2013 jemn\u011b ji oplachujte a osu\u0161te<\/li>\n<li>Pravideln\u00e9 pou\u017e\u00edv\u00e1n\u00ed hydrata\u010dn\u00edho kr\u00e9mu \u010di gelu na jizvy<\/li>\n<li>Vyh\u00fdbat se slunci a pou\u017e\u00edvat ochrann\u00e9 prost\u0159edky<\/li>\n<\/ul>\n<div>P\u00e9\u010de o jizvy po operaci je d\u016fle\u017eit\u00e1 f\u00e1ze procesu hojen\u00ed. M\u016f\u017ee z\u00e1sadn\u011b ovlivnit v\u00fdsledky hojen\u00ed a vzhled jizvy.<\/div>\n<div>Jedn\u00edm z nejlep\u0161\u00edch \u010das\u016f pro za\u010d\u00e1tek maz\u00e1n\u00ed jizvy je ve chv\u00edli, kdy se r\u00e1na zcela zahoj\u00ed a k\u016f\u017ee se zahoj\u00ed nad n\u00ed bez krust. Ide\u00e1ln\u011b by to m\u011blo b\u00fdt t\u00fdden a\u017e 10 dn\u00ed po operaci, ale v\u017edy je lep\u0161\u00ed se poradit s l\u00e9ka\u0159em nebo specialistou.<\/div>\n<div>Pro p\u00e9\u010di o jizvu existuje mnoho produkt\u016f na trhu. Doporu\u010dujeme pou\u017e\u00edvat produkty s obsahem silikonu, kter\u00fd pom\u00e1h\u00e1 hydratovat jizvu a zabra\u0148uje tvorb\u011b ne\u017e\u00e1douc\u00edch jizvov\u00fdch p\u0159\u00edznak\u016f. Je tak\u00e9 d\u016fle\u017eit\u00e9 pravideln\u011b mas\u00edrovat jizvu, aby se zlep\u0161ila pru\u017enost k\u016f\u017ee a minimalizovaly se otoky. Nezapome\u0148te v\u0161ak, \u017ee ka\u017ed\u00e1 jizva je jedine\u010dn\u00e1 a m\u016f\u017ee vy\u017eadovat individu\u00e1ln\u00ed p\u00e9\u010di.<\/div>\n<\/div><\/li><\/ul><\/div><\/div><\/article><\/section>\n<\/div>\n<\/div><\/div>\n<\/div>\n<\/div>\n<\/div>\n<\/div>\n<\/div>\n<div id=\"cmsmasters_row_4kb0apw7ag\" class=\"cmsmasters_row cmsmasters_color_scheme_default cmsmasters_row_top_default cmsmasters_row_bot_default cmsmasters_row_boxed\">\n<div class=\"cmsmasters_row_outer_parent\">\n<div class=\"cmsmasters_row_outer\">\n<div class=\"cmsmasters_row_inner\">\n<div class=\"cmsmasters_row_margin\">\n<div id=\"cmsmasters_column_nwwitfqy0a\" class=\"cmsmasters_column one_first\">\n<div class=\"cmsmasters_column_inner\"><\/div><\/div>\n<\/div>\n<\/div>\n<\/div>\n<\/div>\n<\/div>\n\n","protected":false},"excerpt":{"rendered":"","protected":false},"author":5,"featured_media":25758,"parent":25419,"menu_order":0,"comment_status":"closed","ping_status":"closed","template":"","meta":{"pgc_sgb_lightbox_settings":"","footnotes":"","_links_to":"","_links_to_target":""},"categories":[85],"class_list":["post-25718","page","type-page","status-publish","has-post-thumbnail","hentry","category-page-oddeleni"],"publishpress_future_action":{"enabled":false,"date":"2026-04-16 08:12:04","action":"change-status","newStatus":"draft","terms":[],"taxonomy":"category","extraData":[]},"publishpress_future_workflow_manual_trigger":{"enabledWorkflows":[]},"_links":{"self":[{"href":"https:\/\/webnemji.azurewebsites.net\/en\/wp-json\/wp\/v2\/pages\/25718","targetHints":{"allow":["GET"]}}],"collection":[{"href":"https:\/\/webnemji.azurewebsites.net\/en\/wp-json\/wp\/v2\/pages"}],"about":[{"href":"https:\/\/webnemji.azurewebsites.net\/en\/wp-json\/wp\/v2\/types\/page"}],"author":[{"embeddable":true,"href":"https:\/\/webnemji.azurewebsites.net\/en\/wp-json\/wp\/v2\/users\/5"}],"replies":[{"embeddable":true,"href":"https:\/\/webnemji.azurewebsites.net\/en\/wp-json\/wp\/v2\/comments?post=25718"}],"version-history":[{"count":0,"href":"https:\/\/webnemji.azurewebsites.net\/en\/wp-json\/wp\/v2\/pages\/25718\/revisions"}],"up":[{"embeddable":true,"href":"https:\/\/webnemji.azurewebsites.net\/en\/wp-json\/wp\/v2\/pages\/25419"}],"wp:featuredmedia":[{"embeddable":true,"href":"https:\/\/webnemji.azurewebsites.net\/en\/wp-json\/wp\/v2\/media\/25758"}],"wp:attachment":[{"href":"https:\/\/webnemji.azurewebsites.net\/en\/wp-json\/wp\/v2\/media?parent=25718"}],"wp:term":[{"taxonomy":"category","embeddable":true,"href":"https:\/\/webnemji.azurewebsites.net\/en\/wp-json\/wp\/v2\/categories?post=25718"}],"curies":[{"name":"wp","href":"https:\/\/api.w.org\/{rel}","templated":true}]}}