{"id":26032,"date":"2023-11-09T11:50:23","date_gmt":"2023-11-09T10:50:23","guid":{"rendered":"https:\/\/test.nemji.cz\/?page_id=26032"},"modified":"2025-08-19T07:51:52","modified_gmt":"2025-08-19T05:51:52","slug":"duchovni-pece","status":"publish","type":"page","link":"https:\/\/webnemji.azurewebsites.net\/en\/oddeleni\/centrum-sp-pece\/duchovni-pece\/","title":{"rendered":"Spiritual care"},"content":{"rendered":"<div id=\"cmsmasters_row_6iluctg3hk\" class=\"cmsmasters_row cmsmasters_color_scheme_default cmsmasters_row_top_default cmsmasters_row_bot_default cmsmasters_row_boxed\">\n<div class=\"cmsmasters_row_outer_parent\">\n<div class=\"cmsmasters_row_overlay\"><\/div>\n<div class=\"cmsmasters_row_outer\">\n<div class=\"cmsmasters_row_inner\">\n<div class=\"cmsmasters_row_margin\">\n<div id=\"cmsmasters_column_sybg7he2sg\" class=\"cmsmasters_column one_first\">\n<div class=\"cmsmasters_column_inner\"><div id=\"cmsmasters_heading_b3c74b95a0\" class=\"cmsmasters_heading_wrap cmsmasters_heading_align_center pageheadingtitle\">\n\t<h1 class=\"cmsmasters_heading\">Duchovn\u00ed p\u00e9\u010de<\/h1>\n<\/div>\n<\/div><\/div>\n<\/div>\n<\/div>\n<\/div>\n<\/div>\n<\/div>\n<div id=\"cmsmasters_row_ly5ze1hf8e\" class=\"cmsmasters_row cmsmasters_color_scheme_default cmsmasters_row_top_default cmsmasters_row_bot_default cmsmasters_row_boxed\">\n<div class=\"cmsmasters_row_outer_parent\">\n<div class=\"cmsmasters_row_outer\">\n<div class=\"cmsmasters_row_inner\">\n<div class=\"cmsmasters_row_margin\">\n<div id=\"cmsmasters_column_v67ee6nvg7\" class=\"cmsmasters_column one_first\">\n<div class=\"cmsmasters_column_inner\"><div class=\"cmsmasters_text\">\n<p><nav aria-label=\"breadcrumbs\">\n            <div class=\"breadcrumb-container theme1\">\n                <ol>\n                                    <\/ol>\n            <\/div>\n        <\/nav>    <script type=\"application\/ld+json\">\n        {\n            \"@context\": \"http:\/\/schema.org\",\n            \"@type\": \"BreadcrumbList\",\n            \"itemListElement\": [\n                            ]\n        }\n    <\/script>\n   \n    <script>\n            <\/script>\n<\/p>\n<\/div>\n<\/div><\/div>\n<\/div>\n<\/div>\n<\/div>\n<\/div>\n<\/div>\n<div id=\"cmsmasters_row_3f2f8816dd\" class=\"cmsmasters_row cmsmasters_color_scheme_default cmsmasters_row_top_default cmsmasters_row_bot_default cmsmasters_row_boxed\">\n<div class=\"cmsmasters_row_outer_parent\">\n<div class=\"cmsmasters_row_outer\">\n<div class=\"cmsmasters_row_inner\">\n<div class=\"cmsmasters_row_margin\">\n<div id=\"cmsmasters_column_0a1c5940f5\" class=\"cmsmasters_column one_third stickyinfocolumn\">\n<div class=\"cmsmasters_column_inner\"><div id=\"cmsmasters_heading_rva6m2t32d\" class=\"cmsmasters_heading_wrap cmsmasters_heading_align_center\">\n\t<h3 class=\"cmsmasters_heading\">Informace o odd\u011blen\u00ed<\/h3>\n<\/div>\n<div id=\"cmsmasters_divider_dpp34mcdj5\" class=\"cmsmasters_divider cmsmasters_divider_width_short cmsmasters_divider_pos_center\"><\/div>\n<div class=\"cmsmasters_sidebar sidebar_layout_11 sidebar-custom-menu\"><aside id=\"nav_menu-55\" class=\"widget widget_nav_menu\"><div class=\"menu-duchovni-pece-container\"><ul id=\"menu-duchovni-pece\" class=\"menu\"><li id=\"menu-item-26056\" class=\"menu-item menu-item-type-custom menu-item-object-custom menu-item-26056\"><a href=\"\/oddeleni\/centrum-sp-pece\/duchovni-pece\/#popis-oddeleni\" data-ps2id-api=\"true\"><i class=\"fa-solid fa-info\"><\/i> Duchovn\u00ed p\u00e9\u010de<\/a><\/li>\n<li id=\"menu-item-26057\" class=\"menu-item menu-item-type-custom menu-item-object-custom menu-item-26057\"><a href=\"\/oddeleni\/centrum-sp-pece\/duchovni-pece\/#personalni-obsazeni\" data-ps2id-api=\"true\"><i class=\"fa-solid fa-user-doctor\"><\/i> Person\u00e1ln\u00ed obsazen\u00ed<\/a><\/li>\n<li id=\"menu-item-26058\" class=\"menu-item menu-item-type-custom menu-item-object-custom menu-item-26058\"><a href=\"\/oddeleni\/centrum-sp-pece\/duchovni-pece\/#kontaktni-hodiny\" data-ps2id-api=\"true\"><i class=\"fa-solid fa-door-open\"><\/i> M\u0161e<\/a><\/li>\n<li id=\"menu-item-26061\" class=\"menu-custom-separator menu-item menu-item-type-custom menu-item-object-custom menu-item-26061\"><hr class=\"mhm-menu-separator\"><\/li>\n<li id=\"menu-item-33897\" class=\"menu-item menu-item-type-custom menu-item-object-custom menu-item-33897\"><a href=\"\/oddeleni\/centrum-sp-pece\/socialnici\/\" data-ps2id-api=\"true\"><i class=\"fa-solid fa-people-pulling\"><\/i>Zdravotn\u011b soci\u00e1ln\u00ed pracovn\u00edci<\/a><\/li>\n<li id=\"menu-item-33896\" class=\"menu-item menu-item-type-custom menu-item-object-custom menu-item-33896\"><a href=\"\/oddeleni\/centrum-sp-pece\/dobrovolnici\/\" data-ps2id-api=\"true\"><i class=\"fa-solid fa-hand-holding-heart\"><\/i>Dobrovoln\u00edci<\/a><\/li>\n<li id=\"menu-item-33888\" class=\"menu-item menu-item-type-custom menu-item-object-custom menu-item-33888\"><a href=\"\/oddeleni\/centrum-sp-pece\/SPIS\" data-ps2id-api=\"true\"><i class=\"fa-solid fa-hand-holding-hand\"><\/i>SPIS &#8211; krizov\u00e1 intervence<\/a><\/li>\n<li id=\"menu-item-33895\" class=\"menu-item menu-item-type-custom menu-item-object-custom menu-item-33895\"><a href=\"\/oddeleni\/centrum-sp-pece\/Intervize\" data-ps2id-api=\"true\"><i class=\"fa-solid fa-users-viewfinder\"><\/i>Intervize<\/a><\/li>\n<\/ul><\/div><\/aside><div class=\"cl\"><\/div>\n<\/div>\n<\/div><\/div>\n<div id=\"cmsmasters_column_k7vlyuz4yq\" class=\"cmsmasters_column two_third\">\n<div class=\"cmsmasters_column_inner\"><div class=\"cmsmasters_text scroll-location\">\n<p><a id=\"popis-oddeleni\"><\/a><\/p>\n<\/div>\n<div id=\"cmsmasters_heading_0cx4mcjjyd\" class=\"cmsmasters_heading_wrap cmsmasters_heading_align_left\">\n\t<h2 class=\"cmsmasters_heading\">Duchovn\u00ed p\u00e9\u010de v Nemocnici Jihlava<\/h2>\n<\/div>\n<div id=\"cmsmasters_divider_kul4awri6m\" class=\"cmsmasters_divider cmsmasters_divider_width_short cmsmasters_divider_pos_left\"><\/div>\n<div class=\"cmsmasters_text\">\n<p>V jihlavsk\u00e9 nemocnici poskytuj\u00ed duchovn\u00ed slu\u017eby nemocni\u010dn\u00ed kaplani: \u0159\u00edmskokatolick\u00fd far\u00e1\u0159\u00a0<strong>R.D. Mgr. Jakub T\u016fma, <\/strong>kter\u00fd je p\u0159\u00edtomen ka\u017ed\u00fd<strong> \u010cTVRTEK\u00a0<\/strong>a evangelick\u00e1 far\u00e1\u0159ka<strong> Mgr. Mark\u00e9ta Sl\u00e1mov\u00e1, <\/strong>kterou zde m\u016f\u017eete potkat ka\u017ed\u00e9 <strong>POND\u011aL\u00cd.<\/strong><\/p>\n<p>Oba nab\u00edzej\u00ed duchovn\u00ed rozhovor a \u00fat\u011bchu pro pacienty, jejich bl\u00edzk\u00e9 a person\u00e1l. V p\u0159\u00edpad\u011b urgentn\u00ed pot\u0159eby se dostav\u00ed i v jin\u00e9 dny, p\u0159\u00edpadn\u011b za sebe zajist\u00ed n\u00e1hradu. Na po\u017e\u00e1d\u00e1n\u00ed zprost\u0159edkuj\u00ed kontakt s duchovn\u00edmi jin\u00fdch c\u00edrkv\u00ed a n\u00e1bo\u017eensk\u00fdch spole\u010dnost\u00ed. Pravideln\u011b obch\u00e1z\u00ed pacienty podle informac\u00ed nasb\u00edran\u00fdch zdravotn\u011b soci\u00e1ln\u00edmi pracovn\u00edky a ostatn\u00edm person\u00e1lem.<\/p>\n<p><strong>Mgr. Jakub T\u016fma<\/strong> ud\u00edl\u00ed sv\u00e1tosti a pravideln\u011b ve \u010dtvrtek slou\u017e\u00ed m\u0161i v na\u0161\u00ed nemocni\u010dn\u00ed kapli.<\/p>\n<p><a href=\"\/wp-content\/uploads\/2023\/11\/mse.jpg\"><img loading=\"lazy\" decoding=\"async\" class=\"alignnone wp-image-26038\" src=\"\/wp-content\/uploads\/2023\/11\/mse.jpg\" alt=\"m\u0161e\" width=\"506\" height=\"286\" srcset=\"\/wp-content\/uploads\/2023\/11\/mse.jpg 734w, \/wp-content\/uploads\/2023\/11\/mse-300x170.jpg 300w, \/wp-content\/uploads\/2023\/11\/mse-18x10.jpg 18w, \/wp-content\/uploads\/2023\/11\/mse-580x328.jpg 580w\" sizes=\"auto, (max-width: 506px) 100vw, 506px\" \/><\/a><\/p>\n<p>Pro pacienty je mo\u017en\u00fd doprovod dobrovoln\u00edka na m\u0161e. V p\u0159\u00edpad\u011b pot\u0159eby se nev\u00e1hejte obr\u00e1tit na <a href=\"\/oddeleni\/centrum-sp-pece\/#personalni-obsazeni\"><span style=\"text-decoration: underline;\"><strong>\u017dofii Voj\u00e1\u010dkovou<\/strong><\/span><\/a> na tel. \u010d\u00edsle <a href=\"tel:+420703847244\"><span style=\"text-decoration: underline;\"><strong>+420 703 847 244<\/strong><\/span><\/a><\/p>\n<\/div>\n<div id=\"cmsmasters_heading_jn7yaliny\" class=\"cmsmasters_heading_wrap cmsmasters_heading_align_left\">\n\t<h2 class=\"cmsmasters_heading\">Rozpis bohoslu\u017eeb<\/h2>\n<\/div><div id=\"cmsmasters_icon_box_dhlvbi5x9f\" class=\"cmsmasters_icon_box cmsmasters_icon_box_left box_icon_type_icon cmsmasters-icon-clock-1 sidebar-icons-contact\">\n<div class=\"icon_box_inner\">\n<h6 class=\"icon_box_heading\">M\u0161e<\/h6>\n<div class=\"icon_box_text\">\n<p>Bohoslu\u017eba prob\u00edh\u00e1 <strong>ka\u017ed\u00fd \u010dtvrtek <\/strong>v nemocni\u010dn\u00ed kapli<\/p>\n<p>15:00 sv\u00e1tost sm\u00ed\u0159en\u00ed nebo duchovn\u00ed rozhovor<br \/>\n15:30 m\u0161e svat\u00e1<\/p>\n<\/div>\n<\/div>\n<\/div>\n<div id=\"cmsmasters_divider_hgdnxm8b9\" class=\"cl\"><\/div>\n<div class=\"cmsmasters_text\">\n<p><a id=\"personalni-obsazeni\"><\/a><\/p>\n<\/div>\n<div id=\"cmsmasters_heading_6105a9c140\" class=\"cmsmasters_heading_wrap cmsmasters_heading_align_left\">\n\t<h2 class=\"cmsmasters_heading\">Duchovn\u00ed<\/h2>\n<\/div>\n<div id=\"cmsmasters_divider_zpp0ewe88n\" class=\"cmsmasters_divider cmsmasters_divider_width_short cmsmasters_divider_pos_left\"><\/div>\n<div class=\"cmsmasters_text personalni-obsazeni\">\n<div class=\"abcfslGridCntr personalni-obsazeni abcfslMLRAuto slv174_t19992_L abcfslGridCntr_19992\"><div class=\"abcfslItemCntrLst abcfslPadBMB30 abcfClrFix\" style=\"padding-bottom: 0;\"><div class=\"abcfslLstCol abcfslLstCol-4 abcfslImgColLst\"><div class=\"abcfslImgCntrLst abcfslMLRPc\"><img decoding=\"async\"  src=\"\/wp-content\/uploads\/2023\/10\/tuma-min.png\" class=\"ProfileImage\" alt=\"R. D. Mgr. Jakub T\u016fma\"  itemprop=\"image\"  \/><\/div><\/div><div class=\"abcfslLstCol abcfslLstCol-8 abcfslTxtColLst\"><div class=\"abcfslTxtCntrLst  abcfslPadLPc5\" style=\"padding-left: 20px;\"><h4 class=\"abcfslF18_6 MP-F1\"><span class=\"abcfslSpanMP2\">R. D. Mgr. Jakub <\/span><span class=\"abcfslSpanMP1\">T\u016fma <\/span><\/h4><h5 class=\"abcfslF14_6 T-F2\">Vedouc\u00ed nemocni\u010dn\u00ed kaplan<\/h5><div class=\"abcfslMT10  abcfslF14 profile-department-link CE-F8\"><p><a href=\"\/oddeleni\/centrum-sp-pece\/\">CSPP, <\/a><a href=\"\/oddeleni\/konziliarni-paliativni-tym\/\">Konzili\u00e1rn\u00ed paliativn\u00ed t\u00fdm<\/a><\/p>\n<\/div><div class=\"abcfslMT5  abcfslF14 LT-F5\"><span><i class=\"fa-solid fa-envelope\"><\/i>\u00a0&nbsp;<\/span><span class=\"profile-department-link\"><a href=\"mailto:tumaj@nemji.cz\">tumaj@nemji.cz<\/a><\/span><\/div><div class=\"abcfslMT5  abcfslF14 LT-F4\"><span><i class=\"fa-solid fa-phone\"><\/i>\u00a0&nbsp;<\/span><span class=\"profile-department-link\"><a href=\"tel:+420775 632 771\">+420 775 632 771<\/a><\/span><\/div><\/div><\/div><\/div><div class=\"abcfslItemCntrLst abcfslPadBMB30 abcfClrFix\" style=\"padding-bottom: 0;\"><div class=\"abcfslLstCol abcfslLstCol-4 abcfslImgColLst\"><div class=\"abcfslImgCntrLst abcfslMLRPc\"><img decoding=\"async\"  src=\"\/wp-content\/uploads\/2025\/07\/slamovam.jpg\" class=\"ProfileImage\" alt=\"Mgr. Mark\u00e9ta Sl\u00e1mov\u00e1\"  itemprop=\"image\"  \/><\/div><\/div><div class=\"abcfslLstCol abcfslLstCol-8 abcfslTxtColLst\"><div class=\"abcfslTxtCntrLst  abcfslPadLPc5\" style=\"padding-left: 20px;\"><h4 class=\"abcfslF18_6 MP-F1\"><span class=\"abcfslSpanMP2\">Mgr. Mark\u00e9ta <\/span><span class=\"abcfslSpanMP1\">Sl\u00e1mov\u00e1 <\/span><\/h4><h5 class=\"abcfslF14_6 T-F2\">Nemocni\u010dn\u00ed kaplan<\/h5><div class=\"abcfslMT10  abcfslF14 profile-department-link CE-F8\"><p><a href=\"\/oddeleni\/centrum-sp-pece\/\">CSPP, <\/a><a href=\"\/oddeleni\/konziliarni-paliativni-tym\/\">Konzili\u00e1rn\u00ed paliativn\u00ed t\u00fdm<\/a><\/p>\n<\/div><div class=\"abcfslMT5  abcfslF14 LT-F5\"><span><i class=\"fa-solid fa-envelope\"><\/i>\u00a0&nbsp;<\/span><span class=\"profile-department-link\"><a href=\"mailto:slamovam@nemji.cz\">slamovam@nemji.cz<\/a><\/span><\/div><div class=\"abcfslMT5  abcfslF14 LT-F4\"><span><i class=\"fa-solid fa-phone\"><\/i>\u00a0&nbsp;<\/span><span class=\"profile-department-link\"><a href=\"tel:+420724974129\">+420 724 974 129<\/a><\/span><\/div><\/div><\/div><\/div><\/div>\n<\/div>\n\n<div id=\"cmsmasters_divider_lc4q5cug9\" class=\"cl\"><\/div>\n<div id=\"cmsmasters_divider_rusg61vdrs\" class=\"cmsmasters_divider cmsmasters_divider_width_short cmsmasters_divider_pos_left\"><\/div>\n<div class=\"cmsmasters_text\">\n<p><a id=\"kde-nas-najdete\"><\/a><\/p>\n<\/div>\n<div id=\"cmsmasters_heading_lyo3n3lbz\" class=\"cmsmasters_heading_wrap cmsmasters_heading_align_left\">\n\t<h2 class=\"cmsmasters_heading\">Kde n\u00e1s najdete<\/h2>\n<\/div>\n<div id=\"cmsmasters_divider_kpd8femfce\" class=\"cmsmasters_divider cmsmasters_divider_width_medium cmsmasters_divider_pos_left\"><\/div>\n<div id=\"cmsmasters_icon_box_sy0otzl12b\" class=\"cmsmasters_icon_box cmsmasters_icon_box_left box_icon_type_icon cmsmasters-icon-location sidebar-icons-contact\">\n<div class=\"icon_box_inner\">\n<h6 class=\"icon_box_heading\">Budova G, p\u0159\u00edzem\u00ed (mezi pokladnami a urgentn\u00edm p\u0159\u00edjmem)<\/h6>\n<div class=\"icon_box_text\">\n<p>Kaple<\/p>\n<\/div>\n<\/div>\n<\/div>\n\n<div id=\"cmsmasters_divider_rq3dpaefrn\" class=\"cl\"><\/div>\n<\/div><\/div>\n<\/div>\n<\/div>\n<\/div>\n<\/div>\n<\/div>\n\n","protected":false},"excerpt":{"rendered":"","protected":false},"author":5,"featured_media":26051,"parent":23833,"menu_order":0,"comment_status":"closed","ping_status":"closed","template":"","meta":{"pgc_sgb_lightbox_settings":"","footnotes":"","_links_to":"","_links_to_target":""},"categories":[85],"class_list":["post-26032","page","type-page","status-publish","has-post-thumbnail","hentry","category-page-oddeleni"],"publishpress_future_action":{"enabled":false,"date":"2026-04-12 00:36:31","action":"change-status","newStatus":"draft","terms":[],"taxonomy":"category","extraData":[]},"publishpress_future_workflow_manual_trigger":{"enabledWorkflows":[]},"_links":{"self":[{"href":"https:\/\/webnemji.azurewebsites.net\/en\/wp-json\/wp\/v2\/pages\/26032","targetHints":{"allow":["GET"]}}],"collection":[{"href":"https:\/\/webnemji.azurewebsites.net\/en\/wp-json\/wp\/v2\/pages"}],"about":[{"href":"https:\/\/webnemji.azurewebsites.net\/en\/wp-json\/wp\/v2\/types\/page"}],"author":[{"embeddable":true,"href":"https:\/\/webnemji.azurewebsites.net\/en\/wp-json\/wp\/v2\/users\/5"}],"replies":[{"embeddable":true,"href":"https:\/\/webnemji.azurewebsites.net\/en\/wp-json\/wp\/v2\/comments?post=26032"}],"version-history":[{"count":0,"href":"https:\/\/webnemji.azurewebsites.net\/en\/wp-json\/wp\/v2\/pages\/26032\/revisions"}],"up":[{"embeddable":true,"href":"https:\/\/webnemji.azurewebsites.net\/en\/wp-json\/wp\/v2\/pages\/23833"}],"wp:featuredmedia":[{"embeddable":true,"href":"https:\/\/webnemji.azurewebsites.net\/en\/wp-json\/wp\/v2\/media\/26051"}],"wp:attachment":[{"href":"https:\/\/webnemji.azurewebsites.net\/en\/wp-json\/wp\/v2\/media?parent=26032"}],"wp:term":[{"taxonomy":"category","embeddable":true,"href":"https:\/\/webnemji.azurewebsites.net\/en\/wp-json\/wp\/v2\/categories?post=26032"}],"curies":[{"name":"wp","href":"https:\/\/api.w.org\/{rel}","templated":true}]}}