{"id":26162,"date":"2023-11-10T08:48:45","date_gmt":"2023-11-10T07:48:45","guid":{"rendered":"https:\/\/test.nemji.cz\/?page_id=26162"},"modified":"2025-10-29T11:51:23","modified_gmt":"2025-10-29T10:51:23","slug":"plasticka-chirurgie","status":"publish","type":"page","link":"https:\/\/webnemji.azurewebsites.net\/en\/oddeleni\/chirurgicke-oddeleni\/plasticka-chirurgie\/","title":{"rendered":"Plastic surgery"},"content":{"rendered":"<div id=\"cmsmasters_row_6iluctg3hk\" class=\"cmsmasters_row cmsmasters_color_scheme_default cmsmasters_row_top_default cmsmasters_row_bot_default cmsmasters_row_boxed\">\n<div class=\"cmsmasters_row_outer_parent\">\n<div class=\"cmsmasters_row_overlay\"><\/div>\n<div class=\"cmsmasters_row_outer\">\n<div class=\"cmsmasters_row_inner\">\n<div class=\"cmsmasters_row_margin\">\n<div id=\"cmsmasters_column_sybg7he2sg\" class=\"cmsmasters_column one_first\">\n<div class=\"cmsmasters_column_inner\"><div id=\"cmsmasters_heading_b3c74b95a0\" class=\"cmsmasters_heading_wrap cmsmasters_heading_align_center pageheadingtitle\">\n\t<h1 class=\"cmsmasters_heading\">Plastick\u00e1 ambulance<\/h1>\n<\/div>\n<\/div><\/div>\n<\/div>\n<\/div>\n<\/div>\n<\/div>\n<\/div>\n<div id=\"cmsmasters_row_ly5ze1hf8e\" class=\"cmsmasters_row cmsmasters_color_scheme_default cmsmasters_row_top_default cmsmasters_row_bot_default cmsmasters_row_boxed\">\n<div class=\"cmsmasters_row_outer_parent\">\n<div class=\"cmsmasters_row_outer\">\n<div class=\"cmsmasters_row_inner\">\n<div class=\"cmsmasters_row_margin\">\n<div id=\"cmsmasters_column_v67ee6nvg7\" class=\"cmsmasters_column one_first\">\n<div class=\"cmsmasters_column_inner\"><div class=\"cmsmasters_text\">\n<p><nav aria-label=\"breadcrumbs\">\n            <div class=\"breadcrumb-container theme1\">\n                <ol>\n                                    <\/ol>\n            <\/div>\n        <\/nav>    <script type=\"application\/ld+json\">\n        {\n            \"@context\": \"http:\/\/schema.org\",\n            \"@type\": \"BreadcrumbList\",\n            \"itemListElement\": [\n                            ]\n        }\n    <\/script>\n   \n    <script>\n            <\/script>\n<\/p>\n<\/div>\n<\/div><\/div>\n<\/div>\n<\/div>\n<\/div>\n<\/div>\n<\/div>\n<div id=\"cmsmasters_row_3f2f8816dd\" class=\"cmsmasters_row cmsmasters_color_scheme_default cmsmasters_row_top_default cmsmasters_row_bot_default cmsmasters_row_boxed\">\n<div class=\"cmsmasters_row_outer_parent\">\n<div class=\"cmsmasters_row_outer\">\n<div class=\"cmsmasters_row_inner\">\n<div class=\"cmsmasters_row_margin\">\n<div id=\"cmsmasters_column_0a1c5940f5\" class=\"cmsmasters_column one_third stickyinfocolumn\">\n<div class=\"cmsmasters_column_inner\"><div id=\"cmsmasters_heading_rva6m2t32d\" class=\"cmsmasters_heading_wrap cmsmasters_heading_align_center\">\n\t<h3 class=\"cmsmasters_heading\">Informace o odd\u011blen\u00ed<\/h3>\n<\/div>\n<div id=\"cmsmasters_divider_dpp34mcdj5\" class=\"cmsmasters_divider cmsmasters_divider_width_short cmsmasters_divider_pos_center\"><\/div>\n<div class=\"cmsmasters_sidebar sidebar_layout_11 sidebar-custom-menu\"><aside id=\"nav_menu-13\" class=\"widget widget_nav_menu\"><div class=\"menu-oddeleni-chirurgie-container\"><ul id=\"menu-oddeleni-chirurgie\" class=\"menu\"><li id=\"menu-item-18610\" class=\"menu-item menu-item-type-custom menu-item-object-custom menu-item-18610\"><a href=\"\/oddeleni\/chirurgicke-oddeleni\/#popis-oddeleni\" data-ps2id-api=\"true\"><i class=\"fa-solid fa-info\"><\/i> Popis odd\u011blen\u00ed<\/a><\/li>\n<li id=\"menu-item-18611\" class=\"menu-item menu-item-type-custom menu-item-object-custom menu-item-18611\"><a href=\"\/oddeleni\/chirurgicke-oddeleni\/#personalni-obsazeni\" data-ps2id-api=\"true\"><i class=\"fa-solid fa-user-doctor\"><\/i> Person\u00e1ln\u00ed obsazen\u00ed<\/a><\/li>\n<li id=\"menu-item-18612\" class=\"menu-item menu-item-type-custom menu-item-object-custom menu-item-18612\"><a href=\"\/oddeleni\/chirurgicke-oddeleni\/#oteviraci-hodiny\" data-ps2id-api=\"true\"><i class=\"fa-regular fa-clock\"><\/i> Ordina\u010dn\u00ed hodiny<\/a><\/li>\n<li id=\"menu-item-18613\" class=\"menu-item menu-item-type-custom menu-item-object-custom menu-item-18613\"><a href=\"\/oddeleni\/chirurgicke-oddeleni\/#kontaktni-informace\" data-ps2id-api=\"true\"><i class=\"fa-solid fa-phone\"><\/i> Kontaktn\u00ed informace<\/a><\/li>\n<li id=\"menu-item-18614\" class=\"menu-item menu-item-type-custom menu-item-object-custom menu-item-18614\"><a href=\"\/oddeleni\/chirurgicke-oddeleni\/#kde-nas-najdete\" data-ps2id-api=\"true\"><i class=\"fa-solid fa-location-dot\"><\/i> Kde n\u00e1s najdete<\/a><\/li>\n<li id=\"menu-item-18615\" class=\"menu-item menu-item-type-custom menu-item-object-custom menu-item-18615\"><a href=\"\/oddeleni\/chirurgicke-oddeleni\/#fotogalerie\" data-ps2id-api=\"true\"><i class=\"fa-solid fa-camera\"><\/i> Fotogalerie<\/a><\/li>\n<li id=\"menu-item-18616\" class=\"menu-custom-separator menu-item menu-item-type-custom menu-item-object-custom menu-item-18616\"><hr class=\"mhm-menu-separator\"><\/li>\n<li id=\"menu-item-18617\" class=\"static-link menu-item menu-item-type-custom menu-item-object-custom menu-item-18617\"><a href=\"\/oddeleni\/chirurgicke-oddeleni\/chirurgicke-ambulance\/\" data-ps2id-api=\"true\"><i class=\"fa-solid fa-house-medical\"><\/i> Ambulance<\/a><\/li>\n<li id=\"menu-item-19106\" class=\"static-link menu-item menu-item-type-custom menu-item-object-custom menu-item-19106\"><a href=\"\/oddeleni\/chirurgicke-oddeleni\/luzkova-cast\/\" data-ps2id-api=\"true\"><i class=\"fa-solid fa-bed-pulse\"><\/i> L\u016f\u017ekov\u00e1 \u010d\u00e1st<\/a><\/li>\n<li id=\"menu-item-18619\" class=\"static-link menu-item menu-item-type-custom menu-item-object-custom menu-item-18619\"><a href=\"\/oddeleni\/chirurgicke-oddeleni\/spektrum-pece\/\" data-ps2id-api=\"true\"><i class=\"fa-solid fa-stethoscope\"><\/i> Spektrum p\u00e9\u010de<\/a><\/li>\n<li id=\"menu-item-18664\" class=\"static-link menu-item menu-item-type-custom menu-item-object-custom menu-item-18664\"><a href=\"\/oddeleni\/chirurgicke-oddeleni\/informace-pro-pacienty\/\" data-ps2id-api=\"true\"><i class=\"fa-regular fa-circle-question\"><\/i> Informace pro pacienty<\/a><\/li>\n<li id=\"menu-item-18620\" class=\"static-link menu-item menu-item-type-custom menu-item-object-custom menu-item-18620\"><a href=\"\/oddeleni\/chirurgicke-oddeleni\/nadstandardni-sluzby\/\" data-ps2id-api=\"true\"><i class=\"fa-solid fa-square-plus\"><\/i> Nadstandardn\u00ed slu\u017eby<\/a><\/li>\n<li id=\"menu-item-26155\" class=\"static-link menu-item menu-item-type-custom menu-item-object-custom menu-item-26155\"><a href=\"\/oddeleni\/chirurgicke-oddeleni\/plasticka-chirurgie\/\" data-ps2id-api=\"true\"><i class=\"fa-solid fa-syringe\"><\/i> Plastick\u00e1 chirurgie<\/a><\/li>\n<\/ul><\/div><\/aside><div class=\"cl\"><\/div>\n<\/div>\n<\/div><\/div>\n<div id=\"cmsmasters_column_k7vlyuz4yq\" class=\"cmsmasters_column two_third\">\n<div class=\"cmsmasters_column_inner\"><div id=\"cmsmasters_heading_6105a9c140\" class=\"cmsmasters_heading_wrap cmsmasters_heading_align_left\">\n\t<h2 class=\"cmsmasters_heading\">Person\u00e1ln\u00ed obsazen\u00ed<\/h2>\n<\/div>\n<div id=\"cmsmasters_divider_zpp0ewe88n\" class=\"cmsmasters_divider cmsmasters_divider_width_short cmsmasters_divider_pos_left\"><\/div>\n<div class=\"cmsmasters_text personalni-obsazeni\">\n<div class=\"abcfslGridCntr personalni-obsazeni abcfslMLRAuto slv174_t19992_L abcfslGridCntr_19992\"><div class=\"abcfslItemCntrLst abcfslPadBMB30 abcfClrFix\" style=\"padding-bottom: 0;\"><div class=\"abcfslLstCol abcfslLstCol-4 abcfslImgColLst\"><div class=\"abcfslImgCntrLst abcfslMLRPc\"><img decoding=\"async\"  src=\"\/wp-content\/uploads\/2023\/11\/5500d1a7-474d-4f9f-b948-814037293ad9.jpg\" class=\"ProfileImage\" alt=\"MUDr. Luk\u00e1\u0161 Proch\u00e1zka\"  itemprop=\"image\"  \/><\/div><\/div><div class=\"abcfslLstCol abcfslLstCol-8 abcfslTxtColLst\"><div class=\"abcfslTxtCntrLst  abcfslPadLPc5\" style=\"padding-left: 20px;\"><h4 class=\"abcfslF18_6 MP-F1\"><span class=\"abcfslSpanMP2\">MUDr. Luk\u00e1\u0161 <\/span><span class=\"abcfslSpanMP1\">Proch\u00e1zka <\/span><\/h4><h5 class=\"abcfslF14_6 T-F2\">Vedouc\u00ed l\u00e9ka\u0159<\/h5><div class=\"abcfslMT10  abcfslF14 profile-department-link CE-F8\"><p><a href=\"\/oddeleni\/chirurgicke-oddeleni\/plasticka-chirurgie\/\">Plastick\u00e1 chirurgie<\/a><\/p>\n<\/div><div class=\"abcfslMT5  abcfslF14 LT-F5\"><span><i class=\"fa-solid fa-envelope\"><\/i>\u00a0&nbsp;<\/span><span class=\"profile-department-link\"><a href=\"mailto:prochazkal@nemji.cz\">prochazkal@nemji.cz<\/a><\/span><\/div><div class=\"abcfslMT5  abcfslF14 LT-F4\"><span><i class=\"fa-solid fa-phone\"><\/i>\u00a0&nbsp;<\/span><span class=\"profile-department-link\"><a href=\"tel:+420567157278\">+420 567 157 278<\/a><\/span><\/div><\/div><\/div><\/div><div class=\"abcfslItemCntrLst abcfslPadBMB30 abcfClrFix\" style=\"padding-bottom: 0;\"><div class=\"abcfslLstCol abcfslLstCol-4 abcfslImgColLst\"><div class=\"abcfslImgCntrLst abcfslMLRPc\"><img decoding=\"async\"  src=\"\/wp-content\/uploads\/2023\/08\/Silueta_muz2-1-801x1024.png\" class=\"ProfileImage\" alt=\"MUDr. Lubor \u010cuta\"  itemprop=\"image\"  \/><\/div><\/div><div class=\"abcfslLstCol abcfslLstCol-8 abcfslTxtColLst\"><div class=\"abcfslTxtCntrLst  abcfslPadLPc5\" style=\"padding-left: 20px;\"><h4 class=\"abcfslF18_6 MP-F1\"><span class=\"abcfslSpanMP2\">MUDr. Lubor <\/span><span class=\"abcfslSpanMP1\">\u010cuta <\/span><\/h4><h5 class=\"abcfslF14_6 T-F2\">Plastick\u00fd chirurg<\/h5><div class=\"abcfslMT10  abcfslF14 profile-department-link CE-F8\"><p><a href=\"\/oddeleni\/chirurgicke-oddeleni\/plasticka-chirurgie\/\">Plastick\u00e1 chirurgie<\/a><\/p>\n<\/div><div class=\"abcfslMT5  abcfslF14 LT-F5\"><span><i class=\"fa-solid fa-envelope\"><\/i>\u00a0&nbsp;<\/span><span class=\"profile-department-link\"><a href=\"mailto:cutal@nemji.cz\">cutal@nemji.cz<\/a><\/span><\/div><div class=\"abcfslMT5  abcfslF14 LT-F4\"><span><i class=\"fa-solid fa-phone\"><\/i>\u00a0&nbsp;<\/span><span class=\"profile-department-link\"><a href=\"tel:+420567157168\">+420 567 157 618<\/a><\/span><\/div><\/div><\/div><\/div><\/div>\n<\/div>\n\n<div id=\"cmsmasters_divider_lc4q5cug9\" class=\"cl\"><\/div>\n<div id=\"cmsmasters_heading_hi6dt40tnv\" class=\"cmsmasters_heading_wrap cmsmasters_heading_align_left\">\n\t<h2 class=\"cmsmasters_heading\">Ordina\u010dn\u00ed hodiny<\/h2>\n<\/div>\n<div id=\"cmsmasters_divider_q206pc48ce\" class=\"cmsmasters_divider cmsmasters_divider_width_short cmsmasters_divider_pos_left\"><\/div>\n<div class=\"cmsmasters_text ordinacni-hodiny-table\">\n<h4 class=\"abcfslF18_6 MP-F1\"><span class=\"abcfslSpanMP2\">MUDr. Lubor\u00a0<\/span><span class=\"abcfslSpanMP1\">\u010cuta<\/span><\/h4>\n<table style=\"border-collapse: collapse; width: 100%; height: 58px;\" border=\"1\">\n<tbody>\n<tr style=\"height: 24px;\">\n<td style=\"width: 6.99422%; height: 10px;\"><strong><span style=\"color: #003c56;\">Pond\u011bl\u00ed:<\/span><\/strong><\/td>\n<td style=\"width: 93.0058%; height: 10px;\">Z\u00e1krokov\u00e1 ambulance<\/td>\n<\/tr>\n<tr style=\"height: 24px;\">\n<td style=\"width: 6.99422%; height: 24px;\"><strong><span style=\"color: #003c56;\">\u00dater\u00fd<\/span><\/strong><\/td>\n<td style=\"width: 93.0058%; height: 24px;\">Opera\u010dn\u00ed den<\/td>\n<\/tr>\n<tr style=\"height: 24px;\">\n<td style=\"width: 6.99422%; height: 10px;\"><strong><span style=\"color: #003c56;\">St\u0159eda<\/span><\/strong><\/td>\n<td style=\"width: 93.0058%; height: 10px;\">7:00 &#8211; 12:00, 12:30 &#8211; 14:00<\/td>\n<\/tr>\n<tr style=\"height: 24px;\">\n<td style=\"width: 6.99422%; height: 10px;\"><strong><span style=\"color: #003c56;\">\u010ctvrtek<\/span><\/strong><\/td>\n<td style=\"width: 93.0058%; height: 10px;\">Z\u00e1krokov\u00e1 ambulance<\/td>\n<\/tr>\n<tr style=\"height: 24px;\">\n<td style=\"width: 6.99422%; height: 24px;\"><strong><span style=\"color: #003c56;\">P\u00e1tek:<\/span><\/strong><\/td>\n<td style=\"width: 93.0058%; height: 24px;\">7:00 &#8211; 12:00, 12:30 &#8211; 14:00<\/td>\n<\/tr>\n<\/tbody>\n<\/table>\n<h4 class=\"abcfslF18_6 MP-F1\"><span class=\"abcfslSpanMP2\">MUDr. Luk\u00e1\u0161\u00a0<\/span><span class=\"abcfslSpanMP1\">Proch\u00e1zka<\/span><\/h4>\n<table style=\"border-collapse: collapse; width: 99.9073%; height: 132px;\" border=\"1\">\n<tbody>\n<tr style=\"height: 24px;\">\n<td style=\"width: 6.99422%; height: 10px;\"><strong><span style=\"color: #003c56;\">Pond\u011bl\u00ed:<\/span><\/strong><\/td>\n<td style=\"width: 93.0058%; height: 10px;\">8:00 &#8211; 12:00, 12:30 &#8211; 14:30<\/td>\n<\/tr>\n<tr style=\"height: 24px;\">\n<td style=\"width: 6.99422%; height: 24px;\"><strong><span style=\"color: #003c56;\">\u00dater\u00fd<\/span><\/strong><\/td>\n<td style=\"width: 93.0058%; height: 24px;\">Opera\u010dn\u00ed den<\/td>\n<\/tr>\n<tr style=\"height: 24px;\">\n<td style=\"width: 6.99422%; height: 10px;\"><strong><span style=\"color: #003c56;\">St\u0159eda<\/span><\/strong><\/td>\n<td style=\"width: 93.0058%; height: 10px;\">Z\u00e1krokov\u00e1 ambulance<\/td>\n<\/tr>\n<tr style=\"height: 24px;\">\n<td style=\"width: 6.99422%; height: 11px;\"><strong><span style=\"color: #003c56;\">P\u00e1tek:<\/span><\/strong><\/td>\n<td style=\"width: 93.0058%; height: 11px;\">Z\u00e1krokov\u00e1 ambulance<\/td>\n<\/tr>\n<\/tbody>\n<\/table>\n<p><strong>Nov\u00e9 pacienty k operac\u00edm odst\u00e1t\u00fdch u\u0161\u00ed do odvol\u00e1n\u00ed z kapacitn\u00edch d\u016fvod\u016f nep\u0159ij\u00edm\u00e1me (mimo ji\u017e objednan\u00fdch).<\/strong><\/p>\n<\/div>\n\n<div id=\"cmsmasters_divider_nh9w993rwh\" class=\"cl\"><\/div>\n<div id=\"cmsmasters_heading_5xxarfwhy\" class=\"cmsmasters_heading_wrap cmsmasters_heading_align_left\">\n\t<h2 class=\"cmsmasters_heading\">Kontaktn\u00ed informace<\/h2>\n<\/div>\n<div id=\"cmsmasters_divider_rusg61vdrs\" class=\"cmsmasters_divider cmsmasters_divider_width_short cmsmasters_divider_pos_left\"><\/div>\n<div id=\"cmsmasters_icon_box_9aja2xqzg\" class=\"cmsmasters_icon_box cmsmasters_icon_box_left box_icon_type_icon cmsmasters-icon-phone sidebar-icons-contact\">\n<div class=\"icon_box_inner\">\n<h6 class=\"icon_box_heading\">Ambulance MUDr. Luk\u00e1\u0161 Proch\u00e1zka<\/h6>\n<div class=\"icon_box_text\">\n<p><a href=\"tel:+420567157278\">+420 567 157 278<\/a><\/p>\n<\/div>\n<\/div>\n<\/div>\n<div id=\"cmsmasters_icon_box_e0kbnyg9ti\" class=\"cmsmasters_icon_box cmsmasters_icon_box_left box_icon_type_icon cmsmasters-icon-phone sidebar-icons-contact\">\n<div class=\"icon_box_inner\">\n<h6 class=\"icon_box_heading\">Ambulance MUDr. Lubor \u010cuta<\/h6>\n<div class=\"icon_box_text\">\n<p><a href=\"tel:+420567157618\">+420 567 157 618<\/a><\/p>\n<\/div>\n<\/div>\n<\/div>\n<div id=\"cmsmasters_divider_myfkhkxxn\" class=\"cl\"><\/div>\n<div id=\"cmsmasters_heading_lyo3n3lbz\" class=\"cmsmasters_heading_wrap cmsmasters_heading_align_left\">\n\t<h2 class=\"cmsmasters_heading\">Kde n\u00e1s najdete<\/h2>\n<\/div>\n<div id=\"cmsmasters_divider_kpd8femfce\" class=\"cmsmasters_divider cmsmasters_divider_width_short cmsmasters_divider_pos_left\"><\/div>\n<div id=\"cmsmasters_icon_box_ebylm81288\" class=\"cmsmasters_icon_box cmsmasters_icon_box_left box_icon_type_icon cmsmasters-icon-location sidebar-icons-contact\">\n<div class=\"icon_box_inner\">\n<h6 class=\"icon_box_heading\">Budova G, 4. poschod\u00ed<\/h6>\n<div class=\"icon_box_text\">\n<p>Plastick\u00e1 chirurgie<\/p>\n<\/div>\n<\/div>\n<\/div>\n\n<div id=\"cmsmasters_divider_xb41xah1jq\" class=\"cl\"><\/div>\n<div class=\"cmsmasters_text\">\n<div class=\"pgc-sgb-cb wp-block-pgcsimplygalleryblock-grid \" data-gallery-id=\"88838848\"><div class=\"sgb-preloader\" id=\"pr_88838848\">\n\t<div class=\"sgb-square\" style=\"background:#d4d4d4\"><\/div>\n\t<div class=\"sgb-square\" style=\"background:#d4d4d4\"><\/div>\n\t<div class=\"sgb-square\" style=\"background:#d4d4d4\"><\/div>\n\t<div class=\"sgb-square\" style=\"background:#d4d4d4\"><\/div><\/div><div class=\"simply-gallery-amp pgc_sgb_slider \"><noscript><div class=\"sgb-gallery\"><div class=\"sgb-item\"><a href=\"\/wp-content\/uploads\/2023\/11\/PLAST_plan.jpg\"><img decoding=\"async\" alt=\"\" width=\"300\" height=\"179\" loading=\"lazy\" src=\"\/wp-content\/uploads\/2023\/11\/PLAST_plan-300x179.jpg\" srcset=\"\/wp-content\/uploads\/2023\/11\/PLAST_plan-300x179.jpg 300w,\/wp-content\/uploads\/2023\/11\/PLAST_plan-1024x609.jpg 1024w,\/wp-content\/uploads\/2023\/11\/PLAST_plan.jpg 2374w\" sizes=\"auto, 250px\"\/><\/a><\/div><div class=\"sgb-item\"><a href=\"\/wp-content\/uploads\/2023\/08\/gynpor.jpg\"><img decoding=\"async\" alt=\"\" width=\"300\" height=\"214\" loading=\"lazy\" src=\"\/wp-content\/uploads\/2023\/08\/gynpor-300x214.jpg\" srcset=\"\/wp-content\/uploads\/2023\/08\/gynpor-300x214.jpg 300w,\/wp-content\/uploads\/2023\/08\/gynpor-1024x732.jpg 1024w,\/wp-content\/uploads\/2023\/08\/gynpor.jpg 2000w\" sizes=\"auto, 250px\"\/><\/a><div class=\"sgb-item-caption\"><em>Budova G<\/em><\/div><\/div><\/div><\/noscript><\/div><script type=\"application\/json\" class=\"sgb-data\">{\"collectionColumns\":4,\"thumbHieghtRation\":0.8,\"thumbSpacing\":10,\"thumbMobileSpacing\":10,\"externalLink\":false,\"captions\":false,\"captionHAlign\":\"bottom\",\"collectionthumbHoverTitleFontSize\":16,\"collectionthumbRoundedCorners\":20,\"collectionThumbSubMenuDownload\":false,\"collectionThumbSubMenuShare\":false,\"galleryType\":\"pgc_sgb_grid\",\"galleryId\":\"88838848\",\"images\":[{\"id\":26172,\"title\":\"PLAST_plan\",\"url\":\"\/wp-content\/uploads\/2023\/11\/PLAST_plan.jpg\",\"link\":\"https:\/\/test.nemji.cz\/?attachment_id=26172\",\"alt\":\"\",\"description\":\"\",\"caption\":\"\",\"mime\":\"image\/png\",\"type\":\"image\",\"width\":2374,\"height\":1413,\"sizes\":{\"thumbnail\":{\"height\":150,\"width\":150,\"url\":\"\/wp-content\/uploads\/2023\/11\/PLAST_plan-150x150.jpg\",\"orientation\":\"landscape\"},\"medium\":{\"height\":179,\"width\":300,\"url\":\"\/wp-content\/uploads\/2023\/11\/PLAST_plan-300x179.jpg\",\"orientation\":\"landscape\"},\"large\":{\"height\":609,\"width\":1024,\"url\":\"\/wp-content\/uploads\/2023\/11\/PLAST_plan-1024x609.jpg\",\"orientation\":\"landscape\"},\"full\":{\"url\":\"\/wp-content\/uploads\/2023\/11\/PLAST_plan.jpg\",\"height\":1413,\"width\":2374,\"orientation\":\"landscape\"}},\"imageMeta\":{\"aperture\":\"0\",\"credit\":\"\",\"camera\":\"\",\"caption\":\"\",\"created_timestamp\":\"0\",\"copyright\":\"\",\"focal_length\":\"0\",\"iso\":\"0\",\"shutter_speed\":\"0\",\"title\":\"\",\"orientation\":\"0\",\"keywords\":[]},\"meta\":false},{\"id\":16869,\"title\":\"gynpor\",\"url\":\"\/wp-content\/uploads\/2023\/08\/gynpor.jpg\",\"link\":\"https:\/\/test.nemji.cz\/gynpor-2\/\",\"alt\":\"\",\"description\":\"\",\"caption\":\"Budova G\",\"mime\":\"image\/jpeg\",\"type\":\"image\",\"width\":2000,\"height\":1429,\"sizes\":{\"thumbnail\":{\"height\":150,\"width\":150,\"url\":\"\/wp-content\/uploads\/2023\/08\/gynpor-150x150.jpg\",\"orientation\":\"landscape\"},\"medium\":{\"height\":214,\"width\":300,\"url\":\"\/wp-content\/uploads\/2023\/08\/gynpor-300x214.jpg\",\"orientation\":\"landscape\"},\"large\":{\"height\":732,\"width\":1024,\"url\":\"\/wp-content\/uploads\/2023\/08\/gynpor-1024x732.jpg\",\"orientation\":\"landscape\"},\"full\":{\"url\":\"\/wp-content\/uploads\/2023\/08\/gynpor.jpg\",\"height\":1429,\"width\":2000,\"orientation\":\"landscape\"}},\"imageMeta\":{\"aperture\":\"0\",\"credit\":\"\",\"camera\":\"\",\"caption\":\"\",\"created_timestamp\":\"0\",\"copyright\":\"\",\"focal_length\":\"0\",\"iso\":\"0\",\"shutter_speed\":\"0\",\"title\":\"\",\"orientation\":\"0\",\"keywords\":[]},\"meta\":false}],\"useClobalSettings\":true,\"shareFacebook\":false,\"shareTwitter\":false,\"sharePinterest\":false,\"sliderItemDownload\":false,\"shareCopyLink\":false,\"sliderItemTitleEnable\":true,\"sliderItemTitleFontSize\":16,\"sliderSlideshow\":false,\"sliderSlideshowDelay\":6,\"sliderSocialShareEnabled\":false,\"TrpContentRestriction\":{\"restriction_type\":\"exclude\",\"selected_languages\":[],\"panel_open\":true},\"itemsMetaDataCollection\":[]}<\/script><script>(function(){if(window.PGC_SGB && window.PGC_SGB.searcher){window.PGC_SGB.searcher.initBlocks()}})()<\/script><\/div>\n<\/div>\n<\/div><\/div>\n<\/div>\n<\/div>\n<\/div>\n<\/div>\n<\/div>\n\n","protected":false},"excerpt":{"rendered":"","protected":false},"author":1,"featured_media":17139,"parent":18606,"menu_order":0,"comment_status":"closed","ping_status":"closed","template":"","meta":{"pgc_sgb_lightbox_settings":"","footnotes":"","_links_to":"","_links_to_target":""},"categories":[85],"class_list":["post-26162","page","type-page","status-publish","has-post-thumbnail","hentry","category-page-oddeleni"],"publishpress_future_action":{"enabled":false,"date":"2026-05-03 05:10:56","action":"change-status","newStatus":"draft","terms":[],"taxonomy":"category","extraData":[]},"publishpress_future_workflow_manual_trigger":{"enabledWorkflows":[]},"_links":{"self":[{"href":"https:\/\/webnemji.azurewebsites.net\/en\/wp-json\/wp\/v2\/pages\/26162","targetHints":{"allow":["GET"]}}],"collection":[{"href":"https:\/\/webnemji.azurewebsites.net\/en\/wp-json\/wp\/v2\/pages"}],"about":[{"href":"https:\/\/webnemji.azurewebsites.net\/en\/wp-json\/wp\/v2\/types\/page"}],"author":[{"embeddable":true,"href":"https:\/\/webnemji.azurewebsites.net\/en\/wp-json\/wp\/v2\/users\/1"}],"replies":[{"embeddable":true,"href":"https:\/\/webnemji.azurewebsites.net\/en\/wp-json\/wp\/v2\/comments?post=26162"}],"version-history":[{"count":0,"href":"https:\/\/webnemji.azurewebsites.net\/en\/wp-json\/wp\/v2\/pages\/26162\/revisions"}],"up":[{"embeddable":true,"href":"https:\/\/webnemji.azurewebsites.net\/en\/wp-json\/wp\/v2\/pages\/18606"}],"wp:featuredmedia":[{"embeddable":true,"href":"https:\/\/webnemji.azurewebsites.net\/en\/wp-json\/wp\/v2\/media\/17139"}],"wp:attachment":[{"href":"https:\/\/webnemji.azurewebsites.net\/en\/wp-json\/wp\/v2\/media?parent=26162"}],"wp:term":[{"taxonomy":"category","embeddable":true,"href":"https:\/\/webnemji.azurewebsites.net\/en\/wp-json\/wp\/v2\/categories?post=26162"}],"curies":[{"name":"wp","href":"https:\/\/api.w.org\/{rel}","templated":true}]}}