{"id":27075,"date":"2023-11-16T06:49:30","date_gmt":"2023-11-16T05:49:30","guid":{"rendered":"https:\/\/test.nemji.cz\/?page_id=27075"},"modified":"2025-08-14T13:35:44","modified_gmt":"2025-08-14T11:35:44","slug":"povinne-zverejnovane-informace","status":"publish","type":"page","link":"https:\/\/webnemji.azurewebsites.net\/en\/o-nemocnici\/povinne-zverejnovane-informace\/","title":{"rendered":"Mandatorily published information"},"content":{"rendered":"<div id=\"cmsmasters_row_0b6bd5f67e\" class=\"cmsmasters_row cmsmasters_color_scheme_default heroblocks cmsmasters_row_top_default cmsmasters_row_bot_default cmsmasters_row_boxed\">\n<div id=\"heroboxes\" class=\"cmsmasters_row_outer_parent\">\n<div class=\"cmsmasters_row_overlay\"><\/div>\n<div class=\"cmsmasters_row_outer\">\n<div class=\"cmsmasters_row_inner\">\n<div class=\"cmsmasters_row_margin\">\n<div id=\"cmsmasters_column_b6d3203234\" class=\"cmsmasters_column one_first\">\n<div class=\"cmsmasters_column_inner\"><div id=\"cmsmasters_heading_a82262ad0f\" class=\"cmsmasters_heading_wrap cmsmasters_heading_align_center pageheadingtitle\" data-animation=\"fadeIn\" data-delay=\"0\">\n\t<h1 class=\"cmsmasters_heading\">O nemocnici<\/h1>\n<\/div><div id=\"cmsmasters_heading_bqs8sxy54\" class=\"cmsmasters_heading_wrap cmsmasters_heading_align_center\">\n\t<h3 class=\"cmsmasters_heading\">Povinn\u011b zve\u0159ej\u0148ovan\u00e9 informace<\/h3>\n<\/div>\n<\/div><\/div>\n<\/div>\n<\/div>\n<\/div>\n<\/div>\n<\/div>\n<div id=\"cmsmasters_row_ye86s73t1e\" class=\"cmsmasters_row cmsmasters_color_scheme_default cmsmasters_row_top_default cmsmasters_row_bot_default cmsmasters_row_boxed\">\n<div class=\"cmsmasters_row_outer_parent\">\n<div class=\"cmsmasters_row_outer\">\n<div class=\"cmsmasters_row_inner\">\n<div class=\"cmsmasters_row_margin\">\n<div id=\"cmsmasters_column_28ktroisgc\" class=\"cmsmasters_column one_first\">\n<div class=\"cmsmasters_column_inner\"><div class=\"cmsmasters_text\">\n<p><nav aria-label=\"breadcrumbs\">\n            <div class=\"breadcrumb-container theme1\">\n                <ol>\n                                    <\/ol>\n            <\/div>\n        <\/nav>    <script type=\"application\/ld+json\">\n        {\n            \"@context\": \"http:\/\/schema.org\",\n            \"@type\": \"BreadcrumbList\",\n            \"itemListElement\": [\n                            ]\n        }\n    <\/script>\n   \n    <script>\n            <\/script>\n<\/p>\n<\/div>\n<\/div><\/div>\n<\/div>\n<\/div>\n<\/div>\n<\/div>\n<\/div>\n<div id=\"cmsmasters_row_7c1c11db73\" class=\"cmsmasters_row cmsmasters_color_scheme_default cmsmasters_row_top_default cmsmasters_row_bot_default cmsmasters_row_boxed\">\n<div class=\"cmsmasters_row_outer_parent\">\n<div class=\"cmsmasters_row_outer\">\n<div class=\"cmsmasters_row_inner\">\n<div class=\"cmsmasters_row_margin\">\n<div id=\"cmsmasters_column_18105c8427\" class=\"cmsmasters_column one_third stickyinfocolumn\">\n<div class=\"cmsmasters_column_inner\"><div id=\"cmsmasters_heading_06oshyxaep\" class=\"cmsmasters_heading_wrap cmsmasters_heading_align_center\">\n\t<h3 class=\"cmsmasters_heading\">O nemocnici<\/h3>\n<\/div>\n<div id=\"cmsmasters_divider_fk418hu6k\" class=\"cmsmasters_divider cmsmasters_divider_width_short cmsmasters_divider_pos_center\"><\/div>\n<div class=\"cmsmasters_sidebar sidebar_layout_11 sidebar-custom-menu\"><aside id=\"nav_menu-4\" class=\"widget widget_nav_menu\"><div class=\"menu-o-nemocnici-container\"><ul id=\"menu-o-nemocnici\" class=\"menu\"><li id=\"menu-item-15789\" class=\"static-link menu-item menu-item-type-post_type menu-item-object-page menu-item-15789\"><a href=\"https:\/\/webnemji.azurewebsites.net\/en\/o-nemocnici\/\" data-ps2id-api=\"true\"><i class=\"fa-solid fa-circle-info\"><\/i> Z\u00e1kladn\u00ed informace<\/a><\/li>\n<li id=\"menu-item-15339\" class=\"static-link menu-item menu-item-type-post_type menu-item-object-page menu-item-15339\"><a href=\"https:\/\/webnemji.azurewebsites.net\/en\/o-nemocnici\/jak-se-k-nam-dostanete\/\" data-ps2id-api=\"true\"><i class=\"fa-solid fa-bus\"><\/i> Jak se k n\u00e1m dostanete<\/a><\/li>\n<li id=\"menu-item-15351\" class=\"static-link menu-item menu-item-type-post_type menu-item-object-page menu-item-15351\"><a href=\"https:\/\/webnemji.azurewebsites.net\/en\/o-nemocnici\/orientacni-plan-nemocnice\/\" data-ps2id-api=\"true\"><i class=\"fa-solid fa-map-location-dot\"><\/i> Orienta\u010dn\u00ed pl\u00e1n nemocnice<\/a><\/li>\n<li id=\"menu-item-15603\" class=\"static-link menu-item menu-item-type-post_type menu-item-object-page menu-item-15603\"><a href=\"https:\/\/webnemji.azurewebsites.net\/en\/o-nemocnici\/organizacni-struktura\/\" data-ps2id-api=\"true\"><i class=\"fa-solid fa-sitemap\"><\/i> Organiza\u010dn\u00ed struktura<\/a><\/li>\n<li id=\"menu-item-15335\" class=\"static-link menu-item menu-item-type-post_type menu-item-object-page menu-item-15335\"><a href=\"https:\/\/webnemji.azurewebsites.net\/en\/o-nemocnici\/historie-nemocnice\/\" data-ps2id-api=\"true\"><i class=\"fa-solid fa-book-medical\"><\/i> Historie nemocnice<\/a><\/li>\n<li id=\"menu-item-15334\" class=\"static-link menu-item menu-item-type-post_type menu-item-object-page menu-item-15334\"><a href=\"https:\/\/webnemji.azurewebsites.net\/en\/o-nemocnici\/vyrocni-zpravy\/\" data-ps2id-api=\"true\"><i class=\"fa-regular fa-calendar-days\"><\/i> V\u00fdro\u010dn\u00ed zpr\u00e1vy<\/a><\/li>\n<li id=\"menu-item-31370\" class=\"static-link menu-item menu-item-type-custom menu-item-object-custom menu-item-31370\"><a href=\"\/informace-o-prumerne-cekaci-dobe\/\" data-ps2id-api=\"true\"><i class=\"fa-solid fa-circle-info\"><\/i> \u010cekac\u00ed doba na pl\u00e1novan\u00e9 v\u00fdkony a vy\u0161et\u0159en\u00ed<\/a><\/li>\n<li id=\"menu-item-31374\" class=\"menu-item menu-item-type-custom menu-item-object-custom menu-item-31374\"><a href=\"\/hodnoceni-cinnosti-traumacentra\/\" data-ps2id-api=\"true\"><i class=\"fa-solid fa-book-medical\"><\/i> Hodnocen\u00ed \u010dinnosti a v\u00fdkonnosti Traumacentra II. typu<\/a><\/li>\n<li id=\"menu-item-22171\" class=\"menu-custom-separator menu-item menu-item-type-custom menu-item-object-custom menu-item-22171\"><hr class=\"mhm-menu-separator\"><\/li>\n<li id=\"menu-item-29142\" class=\"static-link menu-item menu-item-type-custom menu-item-object-custom menu-item-29142\"><a href=\"\/o-nemocnici\/evropske-fondy\/\" data-ps2id-api=\"true\"><i class=\"fa-solid fa-euro-sign\"><\/i> Evropsk\u00e9 fondy<\/a><\/li>\n<li id=\"menu-item-15788\" class=\"static-link menu-item menu-item-type-post_type menu-item-object-page menu-item-15788\"><a href=\"https:\/\/webnemji.azurewebsites.net\/en\/o-nemocnici\/zpracovavane-osobni-udaje\/\" data-ps2id-api=\"true\"><i class=\"fa-solid fa-lock\"><\/i> Zpracov\u00e1van\u00e9 osobn\u00ed \u00fadaje<\/a><\/li>\n<li id=\"menu-item-27819\" class=\"static-link menu-item menu-item-type-post_type menu-item-object-page menu-item-27819\"><a href=\"https:\/\/webnemji.azurewebsites.net\/en\/o-nemocnici\/ombudsman\/\" data-ps2id-api=\"true\"><i class=\"fa-solid fa-user-shield\"><\/i> Nemocni\u010dn\u00ed ombudsman<\/a><\/li>\n<li id=\"menu-item-25702\" class=\"static-link menu-item menu-item-type-post_type menu-item-object-page menu-item-25702\"><a href=\"https:\/\/webnemji.azurewebsites.net\/en\/o-nemocnici\/whistleblowing\/\" data-ps2id-api=\"true\"><i class=\"fa-solid fa-bullhorn\"><\/i> Whistleblowing<\/a><\/li>\n<li id=\"menu-item-26755\" class=\"static-link menu-item menu-item-type-post_type menu-item-object-page menu-item-26755\"><a href=\"https:\/\/webnemji.azurewebsites.net\/en\/oddeleni\/ict\/kyberbezpecnost\/\" data-ps2id-api=\"true\"><i class=\"fa-solid fa-shield-halved\"><\/i> Kyberbezpe\u010dnost<\/a><\/li>\n<li id=\"menu-item-27077\" class=\"static-link menu-item menu-item-type-post_type menu-item-object-page menu-item-27077\"><a href=\"https:\/\/webnemji.azurewebsites.net\/en\/o-nemocnici\/povinne-zverejnovane-informace\/\" data-ps2id-api=\"true\"><i class=\"fa-solid fa-info\"><\/i> Povinn\u011b zve\u0159ej\u0148ovan\u00e9 informace<\/a><\/li>\n<li id=\"menu-item-28025\" class=\"static-link menu-item menu-item-type-post_type menu-item-object-page menu-item-28025\"><a href=\"https:\/\/webnemji.azurewebsites.net\/en\/o-nemocnici\/kamerovy-system\/\" data-ps2id-api=\"true\"><i class=\"fa-solid fa-video\"><\/i> Kamerov\u00fd syst\u00e9m<\/a><\/li>\n<\/ul><\/div><\/aside><div class=\"cl\"><\/div>\n<\/div>\n<\/div><\/div>\n<div id=\"cmsmasters_column_b598bb73ec\" class=\"cmsmasters_column two_third\">\n<div class=\"cmsmasters_column_inner\"><div id=\"cmsmasters_heading_d5ke3xr81b\" class=\"cmsmasters_heading_wrap cmsmasters_heading_align_left\">\n\t<h2 class=\"cmsmasters_heading\">Povinn\u011b zve\u0159ej\u0148ovan\u00e9 informace<\/h2>\n<\/div>\n<div id=\"cmsmasters_divider_nt42gbq9o9\" class=\"cmsmasters_divider cmsmasters_divider_width_short cmsmasters_divider_pos_left\"><\/div>\n<div class=\"cmsmasters_text\">\n<h4><span style=\"font-size: medium;\"><strong>Informace dle z\u00e1kona \u010d. 106\/1999 Sb.<\/strong><\/span><\/h4>\n<p>Povinn\u011b zve\u0159ej\u0148ovan\u00e9 informace podle vyhl\u00e1\u0161ky \u010d. 442\/2006, kter\u00e1 stanov\u00ed strukturu informac\u00ed zve\u0159ej\u0148ovan\u00fdch o povinn\u00e9m subjektu dle \u00a7 5 odst. 1 a 2 z\u00e1kona \u010d. 106\/1999 Sb., o\u00a0svobodn\u00e9m p\u0159\u00edstupu k informac\u00edm, ve zn\u011bn\u00ed pozd\u011bj\u0161\u00edch p\u0159edpis\u016f.<\/p>\n<p>&nbsp;<\/p>\n<h5><strong>1. N\u00e1zev<\/strong><\/h5>\n<p>Nemocnice Jihlava, p\u0159\u00edsp\u011bvkov\u00e1 organizace<\/p>\n<p>&nbsp;<\/p>\n<h5><strong>2. D\u016fvod a zp\u016fsob zalo\u017een\u00ed<\/strong><\/h5>\n<p>Nemocnice Jihlava byla z\u0159\u00edzena na z\u00e1klad\u011b z\u0159izovac\u00ed listiny schv\u00e1len\u00e9 usnesen\u00edm \u010d. 074\/02\/2003\/ZK na jedn\u00e1n\u00ed Zastupitelstva Kraje Vyso\u010dina dne 31. 3. 2003.<\/p>\n<p>&nbsp;<\/p>\n<h5><strong>3. Organiza\u010dn\u00ed struktura<\/strong><\/h5>\n<p><span style=\"text-decoration: underline;\"><strong><a href=\"\/o-nemocnici\/organizacni-struktura\/\">Organiza\u010dn\u00ed struktura<\/a><\/strong><\/span><\/p>\n<p>&nbsp;<\/p>\n<h5><strong>4. Kontaktn\u00ed spojen\u00ed<\/strong><\/h5>\n<h5><strong>4.1 Kontaktn\u00ed po\u0161tovn\u00ed adresa<\/strong><\/h5>\n<p>Nemocnice Jihlava, p\u0159\u00edsp\u011bvkov\u00e1 organizace<br \/>\nVrchlick\u00e9ho 59<br \/>\n586 33 Jihlava<\/p>\n<p>&nbsp;<\/p>\n<h5><strong>4.2 Adresa \u00fa\u0159adovny pro osobn\u00ed n\u00e1v\u0161t\u011bvu<\/strong><\/h5>\n<p>Nemocnice Jihlava, p\u0159\u00edsp\u011bvkov\u00e1 organizace<br \/>\nVrchlick\u00e9ho 59<br \/>\n586 33 Jihlava<\/p>\n<p>&nbsp;<\/p>\n<h5><strong>4.3 \u00da\u0159edn\u00ed hodiny<\/strong><\/h5>\n<p><strong>Sekretari\u00e1t nemocnice:<\/strong><\/p>\n<ul class=\"hodnota\">\n<li>Pond\u011bl\u00ed: 7:00 &#8211; 15:30<\/li>\n<li>\u00dater\u00fd: 7:00 &#8211; 15:30<\/li>\n<li>St\u0159eda: 7:00 &#8211; 15:30<\/li>\n<li>\u010ctvrtek: 7:00 &#8211; 15:30<\/li>\n<li>P\u00e1tek: 7:00 &#8211; 15:30<\/li>\n<\/ul>\n<p>&nbsp;<\/p>\n<h5><strong>4.4 Telefonn\u00ed \u010d\u00edsla<\/strong><\/h5>\n<p>pevn\u00e1 linka: <a href=\"tel:+420567157111\"><span style=\"text-decoration: underline;\"><strong>+420 567 157 111<\/strong><\/span><\/a><\/p>\n<p><span style=\"text-decoration: underline;\"><strong><a href=\"\/kontakty\/\">Telefonn\u00ed seznam<\/a><\/strong><\/span><\/p>\n<p>&nbsp;<\/p>\n<h5><strong>4.5 \u010c\u00edsla faxu<\/strong><\/h5>\n<p>+420 567 301 212<\/p>\n<p>&nbsp;<\/p>\n<h5><strong>4.6 Adresa internetov\u00e9 str\u00e1nky<\/strong><\/h5>\n<p>ofici\u00e1ln\u00ed:\u00a0<span style=\"text-decoration: underline;\"><strong><a href=\"\/\" target=\"_blank\" rel=\"noopener\">www.nemji.cz<\/a><\/strong><\/span><\/p>\n<p>&nbsp;<\/p>\n<h5><strong>4.7 Adresa e-podatelny<\/strong><\/h5>\n<p>Podatelna: <span style=\"text-decoration: underline;\"><strong><a href=\"mailto:podatelna@nemji.cz\">podatelna<\/a><a href=\"mailto:podatelna@nemji.c\">@nemji.c<\/a>z<\/strong><\/span><\/p>\n<p>ID datov\u00e9 schr\u00e1nky: 4srk6jw<\/p>\n<p class=\"black\">Po p\u0159ijet\u00ed elektronick\u00e9ho pod\u00e1n\u00ed je elektronick\u00e1 p\u00edsemnost p\u0159ed\u00e1na do spisov\u00e9 slu\u017eby nemocnice. Dal\u0161\u00ed postup zpracov\u00e1n\u00ed je ji\u017e stejn\u00fd jako u b\u011b\u017en\u00e9ho pod\u00e1n\u00ed.<\/p>\n<p>&nbsp;<\/p>\n<h5><strong>4.8 Dal\u0161\u00ed elektronick\u00e9 adresy<\/strong><\/h5>\n<p>pracovn\u00edk pro styk s\u00a0ve\u0159ejnost\u00ed:\u00a0<span style=\"text-decoration: underline;\"><strong><a href=\"mailto:zachrlovam@nemji.cz\">zachrlovam@nemji.cz<\/a><\/strong><\/span><\/p>\n<h5><strong>5. I\u010c<\/strong><\/h5>\n<p>00090638<\/p>\n<p>&nbsp;<\/p>\n<h5><strong>6. DI\u010c<\/strong><\/h5>\n<p>CZ00090638<\/p>\n<p>&nbsp;<\/p>\n<h5><strong>7. \u017d\u00e1dosti o informace<\/strong><\/h5>\n<p><span style=\"text-decoration: underline;\"><strong><a href=\"\/wp-content\/uploads\/2023\/11\/Postup-pro-podani-a-vyrizeni-zadosti-o-poskytnuti-informaci-dle-zakona-1061.pdf\" target=\"_blank\" rel=\"noopener\">Postup pro pod\u00e1n\u00ed a vy\u0159\u00edzen\u00ed \u017e\u00e1dosti o poskytnut\u00ed informac\u00ed dle z\u00e1kona 106\/1999<\/a><\/strong><\/span><\/p>\n<p>&nbsp;<\/p>\n<h5><strong>8. Vzory licen\u010dn\u00edch smluv<\/strong><\/h5>\n<p><span style=\"text-decoration: underline;\"><strong><a href=\"\/wp-content\/uploads\/2023\/11\/Navrh-licencni-smlouvy.pdf\" target=\"_blank\" rel=\"noopener\">N\u00e1vrh licen\u010dn\u00ed smlouvy<\/a><\/strong><\/span><\/p>\n<p>&nbsp;<\/p>\n<h5><strong>9. V\u00fdro\u010dn\u00ed zpr\u00e1va podle z\u00e1kona \u010d. 106\/1999 Sb.<\/strong><\/h5>\n<p><span style=\"text-decoration: underline;\"><strong><a href=\"\/wp-content\/uploads\/2023\/11\/Nemocnice-Jihlava-vyrocni-zprava-za-rok-2010.pdf\" target=\"_blank\" rel=\"noopener\">V\u00fdro\u010dn\u00ed zpr\u00e1va 2010<\/a><\/strong><\/span><br \/>\n<span style=\"text-decoration: underline;\"><strong><a href=\"\/wp-content\/uploads\/2023\/11\/Vyrocni-zprava-2013.pdf\" target=\"_blank\" rel=\"noopener\">V\u00fdro\u010dn\u00ed zpr\u00e1va 2013<\/a><\/strong><\/span><br \/>\n<span style=\"text-decoration: underline;\"><strong><a href=\"\/wp-content\/uploads\/2023\/11\/VZ2017.pdf\" target=\"_blank\" rel=\"noopener\">V\u00fdro\u010dn\u00ed zpr\u00e1va 2017<\/a><\/strong><\/span><br \/>\n<span style=\"text-decoration: underline;\"><strong><a href=\"\/wp-content\/uploads\/2023\/11\/vyrocni-zprava-2018.pdf\" target=\"_blank\" rel=\"noopener\">V\u00fdro\u010dn\u00ed zpr\u00e1va 2018<\/a><\/strong><\/span><br \/>\n<span style=\"text-decoration: underline;\"><strong><a href=\"\/wp-content\/uploads\/2023\/11\/vyrocnizprava_2019.pdf\" target=\"_blank\" rel=\"noopener\">V\u00fdro\u010dn\u00ed zpr\u00e1va 2019<\/a><\/strong><\/span><br \/>\n<span style=\"text-decoration: underline;\"><strong><a href=\"\/wp-content\/uploads\/2023\/11\/VZ2020.pdf\" target=\"_blank\" rel=\"noopener\">V\u00fdro\u010dn\u00ed zpr\u00e1va 2020<\/a><\/strong><\/span><br \/>\n<span style=\"text-decoration: underline;\"><strong><a href=\"\/wp-content\/uploads\/2023\/11\/vyrocni-zprava-2021.pdf\" target=\"_blank\" rel=\"noopener\">V\u00fdro\u010dn\u00ed zpr\u00e1va 2021<\/a><\/strong><\/span><br \/>\n<span style=\"text-decoration: underline;\"><strong><a href=\"\/wp-content\/uploads\/2023\/11\/VZ2022.pdf\" target=\"_blank\" rel=\"noopener\">V\u00fdro\u010dn\u00ed zpr\u00e1va 2022<\/a><br \/>\n<a href=\"\/wp-content\/uploads\/2024\/08\/VZ-o-cinnosti-2023.pdf\" target=\"_blank\" rel=\"noopener\">V\u00fdro\u010dn\u00ed zpr\u00e1va 2023<\/a><br \/>\n<a href=\"\/wp-content\/uploads\/2025\/08\/VZ_o_cinnosti_2024.pdf\" target=\"_blank\" rel=\"noopener\">V\u00fdro\u010dn\u00ed zpr\u00e1va 2024<\/a><br \/>\n<\/strong><\/span><\/p>\n<p><span style=\"text-decoration: underline;\"><strong><a href=\"\/wp-content\/uploads\/2023\/11\/vzorodvolani106.pdf\" target=\"_blank\" rel=\"noopener\">Vzor odvol\u00e1n\u00ed podle \u00a7 16 z\u00e1kona \u010d. 106\/1999 Sb., o svobodn\u00e9m p\u0159\u00edstupu k informac\u00edm<\/a><\/strong><\/span><\/p>\n<p>&nbsp;<\/p>\n<p><span style=\"text-decoration: underline;\"><strong><a href=\"\/wp-content\/uploads\/2023\/11\/106-2009.pdf\" target=\"_blank\" rel=\"noopener\">Z\u00e1kon o svobodn\u00e9m p\u0159\u00edstupu k informac\u00edm \u010d. 106\/1999 Sb.<\/a><\/strong><\/span><\/p>\n<p>&nbsp;<\/p>\n<h5><strong>10. Informace k rozpo\u010dtu<\/strong><\/h5>\n<p><strong><a href=\"https:\/\/www.kr-vysocina.cz\/rozpocty-a-strednedobe-vyhledy-po\/ms-87675\/p1=87675\" target=\"_blank\" rel=\"noopener\"><u>Informace k rozpo\u010dtu<\/u><\/a><\/strong><\/p>\n<h5 class=\"black\"><span style=\"text-decoration: underline;\"><strong><br \/>\n<\/strong><\/span><strong>11. V\u00fdro\u010dn\u00ed zpr\u00e1vy nemocnice<\/strong><\/h5>\n<p class=\"black\"><strong><span style=\"text-decoration: underline;\"><a href=\"\/o-nemocnici\/vyrocni-zpravy\/\">V\u00fdro\u010dn\u00ed zpr\u00e1vy o \u010dinnosti a hospoda\u0159en\u00ed nemocnice<\/a><\/span><\/strong><\/p>\n<h5><strong>12. \u010cekac\u00ed doba na pl\u00e1novan\u00e9 v\u00fdkony a vy\u0161et\u0159en\u00ed<\/strong><\/h5>\n<p><strong><span style=\"text-decoration: underline;\"><a href=\"\/o-nemocnici\/informace-o-prumerne-cekaci-dobe\/\">Informace o pr\u016fm\u011brn\u00e9 \u010dekac\u00ed dob\u011b na pl\u00e1novan\u00e9 v\u00fdkony<\/a><\/span><\/strong><\/p>\n<h5><strong>13. Hodnocen\u00ed \u010dinnosti a v\u00fdkonnosti Traumacentra II. typu<\/strong><\/h5>\n<p><strong><span style=\"text-decoration: underline;\"><a href=\"\/o-nemocnici\/hodnoceni-cinnosti-traumacentra\/\">Hodnocen\u00ed traumacentra<\/a><\/span><\/strong><\/p>\n<\/div>\n<\/div><\/div>\n<\/div>\n<\/div>\n<\/div>\n<\/div>\n<\/div>\n\n","protected":false},"excerpt":{"rendered":"","protected":false},"author":1,"featured_media":27148,"parent":529,"menu_order":0,"comment_status":"closed","ping_status":"closed","template":"","meta":{"pgc_sgb_lightbox_settings":"","footnotes":"","_links_to":"","_links_to_target":""},"categories":[87],"class_list":["post-27075","page","type-page","status-publish","has-post-thumbnail","hentry","category-page-o-nemocnici"],"publishpress_future_action":{"enabled":false,"date":"2026-04-20 11:32:09","action":"change-status","newStatus":"draft","terms":[],"taxonomy":"category","extraData":[]},"publishpress_future_workflow_manual_trigger":{"enabledWorkflows":[]},"_links":{"self":[{"href":"https:\/\/webnemji.azurewebsites.net\/en\/wp-json\/wp\/v2\/pages\/27075","targetHints":{"allow":["GET"]}}],"collection":[{"href":"https:\/\/webnemji.azurewebsites.net\/en\/wp-json\/wp\/v2\/pages"}],"about":[{"href":"https:\/\/webnemji.azurewebsites.net\/en\/wp-json\/wp\/v2\/types\/page"}],"author":[{"embeddable":true,"href":"https:\/\/webnemji.azurewebsites.net\/en\/wp-json\/wp\/v2\/users\/1"}],"replies":[{"embeddable":true,"href":"https:\/\/webnemji.azurewebsites.net\/en\/wp-json\/wp\/v2\/comments?post=27075"}],"version-history":[{"count":0,"href":"https:\/\/webnemji.azurewebsites.net\/en\/wp-json\/wp\/v2\/pages\/27075\/revisions"}],"up":[{"embeddable":true,"href":"https:\/\/webnemji.azurewebsites.net\/en\/wp-json\/wp\/v2\/pages\/529"}],"wp:featuredmedia":[{"embeddable":true,"href":"https:\/\/webnemji.azurewebsites.net\/en\/wp-json\/wp\/v2\/media\/27148"}],"wp:attachment":[{"href":"https:\/\/webnemji.azurewebsites.net\/en\/wp-json\/wp\/v2\/media?parent=27075"}],"wp:term":[{"taxonomy":"category","embeddable":true,"href":"https:\/\/webnemji.azurewebsites.net\/en\/wp-json\/wp\/v2\/categories?post=27075"}],"curies":[{"name":"wp","href":"https:\/\/api.w.org\/{rel}","templated":true}]}}