{"id":27490,"date":"2023-11-22T11:16:32","date_gmt":"2023-11-22T10:16:32","guid":{"rendered":"https:\/\/test.nemji.cz\/?page_id=27490"},"modified":"2026-01-06T09:31:22","modified_gmt":"2026-01-06T08:31:22","slug":"pochvaly","status":"publish","type":"page","link":"https:\/\/webnemji.azurewebsites.net\/en\/o-nemocnici\/ombudsman\/pochvaly\/","title":{"rendered":"Praise"},"content":{"rendered":"<div id=\"cmsmasters_row_6iluctg3hk\" class=\"cmsmasters_row cmsmasters_color_scheme_default heroblocks cmsmasters_row_top_default cmsmasters_row_bot_default cmsmasters_row_boxed\">\n<div id=\"heroboxes\" class=\"cmsmasters_row_outer_parent\">\n<div class=\"cmsmasters_row_overlay\"><\/div>\n<div class=\"cmsmasters_row_outer\">\n<div class=\"cmsmasters_row_inner\">\n<div class=\"cmsmasters_row_margin\">\n<div id=\"cmsmasters_column_sybg7he2sg\" class=\"cmsmasters_column one_first\">\n<div class=\"cmsmasters_column_inner\"><div id=\"cmsmasters_heading_b3c74b95a0\" class=\"cmsmasters_heading_wrap cmsmasters_heading_align_center pageheadingtitle\" data-animation=\"fadeIn\" data-delay=\"100\">\n\t<h1 class=\"cmsmasters_heading\">Pochvaly nemocnici Jihlava<\/h1>\n<\/div><div id=\"cmsmasters_heading_fnvw1kp5rt\" class=\"cmsmasters_heading_wrap cmsmasters_heading_align_center\" data-animation=\"fadeIn\" data-delay=\"150\">\n\t<h3 class=\"cmsmasters_heading\">Nemocnice Jihlava, p\u0159\u00edsp\u011bvkov\u00e1 organizace<\/h3>\n<\/div>\n<\/div><\/div>\n<\/div>\n<\/div>\n<\/div>\n<\/div>\n<\/div>\n<div id=\"cmsmasters_row_ly5ze1hf8e\" class=\"cmsmasters_row cmsmasters_color_scheme_default cmsmasters_row_top_default cmsmasters_row_bot_default cmsmasters_row_boxed\">\n<div class=\"cmsmasters_row_outer_parent\">\n<div class=\"cmsmasters_row_outer\">\n<div class=\"cmsmasters_row_inner\">\n<div class=\"cmsmasters_row_margin\">\n<div id=\"cmsmasters_column_v67ee6nvg7\" class=\"cmsmasters_column one_first\">\n<div class=\"cmsmasters_column_inner\"><div class=\"cmsmasters_text\">\n<p><nav aria-label=\"breadcrumbs\">\n            <div class=\"breadcrumb-container theme1\">\n                <ol>\n                                    <\/ol>\n            <\/div>\n        <\/nav>    <script type=\"application\/ld+json\">\n        {\n            \"@context\": \"http:\/\/schema.org\",\n            \"@type\": \"BreadcrumbList\",\n            \"itemListElement\": [\n                            ]\n        }\n    <\/script>\n   \n    <script>\n            <\/script>\n<\/p>\n<\/div>\n<\/div><\/div>\n<\/div>\n<\/div>\n<\/div>\n<\/div>\n<\/div>\n<div id=\"cmsmasters_row_3f2f8816dd\" class=\"cmsmasters_row cmsmasters_color_scheme_default cmsmasters_row_top_default cmsmasters_row_bot_default cmsmasters_row_boxed\">\n<div class=\"cmsmasters_row_outer_parent\">\n<div class=\"cmsmasters_row_outer\">\n<div class=\"cmsmasters_row_inner\">\n<div class=\"cmsmasters_row_margin\">\n<div id=\"cmsmasters_column_0a1c5940f5\" class=\"cmsmasters_column one_third stickyinfocolumn\">\n<div class=\"cmsmasters_column_inner\"><div id=\"cmsmasters_heading_rva6m2t32d\" class=\"cmsmasters_heading_wrap cmsmasters_heading_align_center\">\n\t<h3 class=\"cmsmasters_heading\">Ombudsman<\/h3>\n<\/div>\n<div id=\"cmsmasters_divider_dpp34mcdj5\" class=\"cmsmasters_divider cmsmasters_divider_width_short cmsmasters_divider_pos_center\"><\/div>\n<div class=\"cmsmasters_sidebar sidebar_layout_11 sidebar-custom-menu\"><aside id=\"nav_menu-94\" class=\"widget widget_nav_menu\"><div class=\"menu-ombudsman-container\"><ul id=\"menu-ombudsman\" class=\"menu\"><li id=\"menu-item-34789\" class=\"static-link menu-item menu-item-type-custom menu-item-object-custom menu-item-34789\"><a href=\"\/o-nemocnici\/ombudsman\/\" data-ps2id-api=\"true\"><i class=\"fa-solid fa-file-shield\"><\/i>Z\u00e1kladn\u00ed informace<\/a><\/li>\n<li id=\"menu-item-34792\" class=\"static-link menu-item menu-item-type-custom menu-item-object-custom menu-item-34792\"><a href=\"\/o-nemocnici\/ombudsman\/pochvaly\/\" data-ps2id-api=\"true\"><i class=\"fa-solid fa-person-chalkboard\"><\/i> Pochvaly<\/a><\/li>\n<li id=\"menu-item-34791\" class=\"static-link menu-item menu-item-type-custom menu-item-object-custom menu-item-34791\"><a href=\"\/o-nemocnici\/ombudsman\/stiznosti\/\" data-ps2id-api=\"true\"><i class=\"fa-solid fa-person-chalkboard\"><\/i> St\u00ed\u017enosti<\/a><\/li>\n<li id=\"menu-item-34790\" class=\"static-link menu-item menu-item-type-custom menu-item-object-custom menu-item-34790\"><a href=\"\/o-nemocnici\/ombudsman\/kodex\/\" data-ps2id-api=\"true\"><i class=\"fa-solid fa-certificate\"><\/i> Etick\u00fd kodex Ombudsmana<\/a><\/li>\n<\/ul><\/div><\/aside><div class=\"cl\"><\/div>\n<\/div>\n<\/div><\/div>\n<div id=\"cmsmasters_column_k7vlyuz4yq\" class=\"cmsmasters_column two_third\">\n<div class=\"cmsmasters_column_inner\"><div id=\"cmsmasters_heading_ra6mn0pvp\" class=\"cmsmasters_heading_wrap cmsmasters_heading_align_left\">\n\t<h2 class=\"cmsmasters_heading\">Pochvaly<\/h2>\n<\/div>\n<div id=\"cmsmasters_divider_kul4awri6m\" class=\"cmsmasters_divider cmsmasters_divider_width_short cmsmasters_divider_pos_left\"><\/div>\n<div class=\"cmsmasters_text\">\n<p>N\u00e1zory a zku\u0161enosti pacient\u016f a n\u00e1v\u0161t\u011bvn\u00edk\u016f Nemocnice Jihlava jsou pro n\u00e1s velmi cenn\u00fdm zdrojem informac\u00ed. Pokud chcete vyj\u00e1d\u0159it svoji spokojenost s\u00a0na\u0161\u00ed p\u00e9\u010d\u00ed a poskytovan\u00fdmi slu\u017ebami, m\u016f\u017eete vyplnit formul\u00e1\u0159 o pochvale.<\/p>\n<p>&nbsp;<\/p>\n<h5><strong>Jak m\u016f\u017eete p\u0159edat pochvalu?<\/strong><\/h5>\n<ul>\n<li><a href=\"https:\/\/forms.cloud.microsoft\/e\/F54D0qUEEk\"><strong>Elektronicky &#8211; formul\u00e1\u0159<\/strong><\/a><\/li>\n<li><strong>P\u00edsemn\u011b<\/strong><\/li>\n<\/ul>\n<p>&nbsp;<\/p>\n<h5><strong>P\u00edsemnou pochvalu ode\u0161lete na adresu:<\/strong><\/h5>\n<p>Nemocnice Jihlava, p\u0159\u00edsp\u011bvkov\u00e1 organizace<br \/>\nNemocni\u010dn\u00ed ombudsman<br \/>\n586 01 Vrchlick\u00e9ho 59<\/p>\n<p>&nbsp;<\/p>\n<h5><strong>E-mail:<\/strong><\/h5>\n<p><span style=\"text-decoration: underline; font-size: 16px;\"><strong><a href=\"mailto:ombudsman@nemji.cz\" target=\"_blank\" rel=\"noopener\">ombudsman@nemji.cz<\/a><\/strong><\/span><\/p>\n<p>&nbsp;<\/p>\n<h5><strong>Nebo p\u0159edejte osobn\u011b:<\/strong><\/h5>\n<ul>\n<li>Na Sekretari\u00e1t Nemocnice Jihlava p. o. 7:00 \u2013 15:30 hodin.<\/li>\n<li>Nemocni\u010dn\u00edmu ombudsmanovi 9:00 \u2013 15:00 hodin.<\/li>\n<li>Na Informa\u010dn\u00ed centrum nemocnice mimo pracovn\u00ed dobu, o v\u00edkendech, sv\u00e1tc\u00edch.<\/li>\n<li>Na odd\u011blen\u00ed sest\u0159e.<\/li>\n<\/ul>\n<p>&nbsp;<\/p>\n<\/div>\n<div class=\"cmsmasters_text\">\n<p><\/p>\n<\/div>\n<div id=\"cmsmasters_divider_u0g3prgmdr\" class=\"cl\"><\/div>\n<\/div><\/div>\n<\/div>\n<\/div>\n<\/div>\n<\/div>\n<\/div>\n\n","protected":false},"excerpt":{"rendered":"","protected":false},"author":5,"featured_media":23379,"parent":27582,"menu_order":0,"comment_status":"closed","ping_status":"closed","template":"","meta":{"pgc_sgb_lightbox_settings":"","footnotes":"","_links_to":"","_links_to_target":""},"categories":[85],"class_list":["post-27490","page","type-page","status-publish","has-post-thumbnail","hentry","category-page-oddeleni"],"publishpress_future_action":{"enabled":false,"date":"2026-04-19 01:49:09","action":"change-status","newStatus":"draft","terms":[],"taxonomy":"category","extraData":[]},"publishpress_future_workflow_manual_trigger":{"enabledWorkflows":[]},"_links":{"self":[{"href":"https:\/\/webnemji.azurewebsites.net\/en\/wp-json\/wp\/v2\/pages\/27490","targetHints":{"allow":["GET"]}}],"collection":[{"href":"https:\/\/webnemji.azurewebsites.net\/en\/wp-json\/wp\/v2\/pages"}],"about":[{"href":"https:\/\/webnemji.azurewebsites.net\/en\/wp-json\/wp\/v2\/types\/page"}],"author":[{"embeddable":true,"href":"https:\/\/webnemji.azurewebsites.net\/en\/wp-json\/wp\/v2\/users\/5"}],"replies":[{"embeddable":true,"href":"https:\/\/webnemji.azurewebsites.net\/en\/wp-json\/wp\/v2\/comments?post=27490"}],"version-history":[{"count":0,"href":"https:\/\/webnemji.azurewebsites.net\/en\/wp-json\/wp\/v2\/pages\/27490\/revisions"}],"up":[{"embeddable":true,"href":"https:\/\/webnemji.azurewebsites.net\/en\/wp-json\/wp\/v2\/pages\/27582"}],"wp:featuredmedia":[{"embeddable":true,"href":"https:\/\/webnemji.azurewebsites.net\/en\/wp-json\/wp\/v2\/media\/23379"}],"wp:attachment":[{"href":"https:\/\/webnemji.azurewebsites.net\/en\/wp-json\/wp\/v2\/media?parent=27490"}],"wp:term":[{"taxonomy":"category","embeddable":true,"href":"https:\/\/webnemji.azurewebsites.net\/en\/wp-json\/wp\/v2\/categories?post=27490"}],"curies":[{"name":"wp","href":"https:\/\/api.w.org\/{rel}","templated":true}]}}