{"id":27562,"date":"2023-11-22T13:42:29","date_gmt":"2023-11-22T12:42:29","guid":{"rendered":"https:\/\/test.nemji.cz\/?page_id=27562"},"modified":"2023-11-27T08:19:26","modified_gmt":"2023-11-27T07:19:26","slug":"cile","status":"publish","type":"page","link":"https:\/\/webnemji.azurewebsites.net\/en\/kvalita\/cile\/","title":{"rendered":"Resort Security Objectives"},"content":{"rendered":"<div id=\"cmsmasters_row_6iluctg3hk\" class=\"cmsmasters_row cmsmasters_color_scheme_default heroblocks cmsmasters_row_top_default cmsmasters_row_bot_default cmsmasters_row_boxed\">\n<div id=\"heroboxes\" class=\"cmsmasters_row_outer_parent\">\n<div class=\"cmsmasters_row_overlay\"><\/div>\n<div class=\"cmsmasters_row_outer\">\n<div class=\"cmsmasters_row_inner\">\n<div class=\"cmsmasters_row_margin\">\n<div id=\"cmsmasters_column_sybg7he2sg\" class=\"cmsmasters_column one_first\">\n<div class=\"cmsmasters_column_inner\"><div id=\"cmsmasters_heading_b3c74b95a0\" class=\"cmsmasters_heading_wrap cmsmasters_heading_align_center pageheadingtitle\" data-animation=\"fadeIn\" data-delay=\"100\">\n\t<h1 class=\"cmsmasters_heading\">Kvalita a bezpe\u010dn\u00e1 p\u00e9\u010de<\/h1>\n<\/div><div id=\"cmsmasters_heading_qs45qlx2iq\" class=\"cmsmasters_heading_wrap cmsmasters_heading_align_center\" data-animation=\"fadeIn\" data-delay=\"150\">\n\t<h3 class=\"cmsmasters_heading\">Nemocnice Jihlava, p\u0159\u00edsp\u011bvkov\u00e1 organizace<\/h3>\n<\/div>\n<\/div><\/div>\n<\/div>\n<\/div>\n<\/div>\n<\/div>\n<\/div>\n<div id=\"cmsmasters_row_ly5ze1hf8e\" class=\"cmsmasters_row cmsmasters_color_scheme_default cmsmasters_row_top_default cmsmasters_row_bot_default cmsmasters_row_boxed\">\n<div class=\"cmsmasters_row_outer_parent\">\n<div class=\"cmsmasters_row_outer\">\n<div class=\"cmsmasters_row_inner\">\n<div class=\"cmsmasters_row_margin\">\n<div id=\"cmsmasters_column_v67ee6nvg7\" class=\"cmsmasters_column one_first\">\n<div class=\"cmsmasters_column_inner\"><div class=\"cmsmasters_text\">\n<p><nav aria-label=\"breadcrumbs\">\n            <div class=\"breadcrumb-container theme1\">\n                <ol>\n                                    <\/ol>\n            <\/div>\n        <\/nav>    <script type=\"application\/ld+json\">\n        {\n            \"@context\": \"http:\/\/schema.org\",\n            \"@type\": \"BreadcrumbList\",\n            \"itemListElement\": [\n                            ]\n        }\n    <\/script>\n   \n    <script>\n            <\/script>\n<\/p>\n<\/div>\n<\/div><\/div>\n<\/div>\n<\/div>\n<\/div>\n<\/div>\n<\/div>\n<div id=\"cmsmasters_row_3f2f8816dd\" class=\"cmsmasters_row cmsmasters_color_scheme_default cmsmasters_row_top_default cmsmasters_row_bot_default cmsmasters_row_boxed\">\n<div class=\"cmsmasters_row_outer_parent\">\n<div class=\"cmsmasters_row_outer\">\n<div class=\"cmsmasters_row_inner\">\n<div class=\"cmsmasters_row_margin\">\n<div id=\"cmsmasters_column_0a1c5940f5\" class=\"cmsmasters_column one_third stickyinfocolumn\">\n<div class=\"cmsmasters_column_inner\"><div id=\"cmsmasters_heading_rva6m2t32d\" class=\"cmsmasters_heading_wrap cmsmasters_heading_align_center\">\n\t<h3 class=\"cmsmasters_heading\">Kvalita a bezpe\u010dn\u00e1 p\u00e9\u010de<\/h3>\n<\/div>\n<div id=\"cmsmasters_divider_dpp34mcdj5\" class=\"cmsmasters_divider cmsmasters_divider_width_short cmsmasters_divider_pos_center\"><\/div>\n<div class=\"cmsmasters_sidebar sidebar_layout_11 sidebar-custom-menu\"><aside id=\"nav_menu-58\" class=\"widget widget_nav_menu\"><div class=\"menu-kvalita-container\"><ul id=\"menu-kvalita\" class=\"menu\"><li id=\"menu-item-27327\" class=\"static-link menu-item menu-item-type-custom menu-item-object-custom menu-item-27327\"><a href=\"\/kvalita\/#namestek\" data-ps2id-api=\"true\"><i class=\"fa-solid fa-person-arrow-up-from-line\"><\/i> Vedouc\u00ed odd\u011blen\u00ed managementu kvality<\/a><\/li>\n<li id=\"menu-item-27329\" class=\"static-link menu-item menu-item-type-custom menu-item-object-custom menu-item-27329\"><a href=\"\/kvalita\/certifikaty\" data-ps2id-api=\"true\"><i class=\"fa-solid fa-certificate\"><\/i> Certifik\u00e1t kvality<\/a><\/li>\n<li id=\"menu-item-27436\" class=\"static-link menu-item menu-item-type-custom menu-item-object-custom menu-item-27436\"><a href=\"\/kvalita\/rizeni_kvality\/\" data-ps2id-api=\"true\"><i class=\"fa-solid fa-file-shield\"><\/i>Syst\u00e9m \u0159\u00edzen\u00ed kvality a bezpe\u010d\u00ed slu\u017eeb<\/a><\/li>\n<li id=\"menu-item-27442\" class=\"static-link menu-item menu-item-type-custom menu-item-object-custom menu-item-27442\"><a href=\"\/kvalita\/cile\/\" data-ps2id-api=\"true\"><i class=\"fa-solid fa-lock-open\"><\/i>Resortn\u00ed bezpe\u010dnostn\u00ed c\u00edle<\/a><\/li>\n<li id=\"menu-item-27328\" class=\"static-link menu-item menu-item-type-custom menu-item-object-custom menu-item-27328\"><a href=\"\/kvalita\/hodnoceni\/\" data-ps2id-api=\"true\"><i class=\"fa-solid fa-newspaper\"><\/i> Hodnocen\u00ed spokojenosti<\/a><\/li>\n<li id=\"menu-item-27452\" class=\"static-link menu-item menu-item-type-custom menu-item-object-custom menu-item-27452\"><a href=\"\/kvalita\/podporujici_zdravi\/\" data-ps2id-api=\"true\"><i class=\"fa-solid fa-house-medical-flag\"><\/i>Nemocnice podporuj\u00edc\u00ed zdrav\u00ed<\/a><\/li>\n<li id=\"menu-item-27453\" class=\"static-link menu-item menu-item-type-custom menu-item-object-custom menu-item-27453\"><a href=\"\/kvalita\/bezpecnost\/\" data-ps2id-api=\"true\"><i class=\"fa-solid fa-shield-halved\"><\/i>Politika bezpe\u010dnosti informac\u00ed<\/a><\/li>\n<\/ul><\/div><\/aside><div class=\"cl\"><\/div>\n<\/div>\n<\/div><\/div>\n<div id=\"cmsmasters_column_k7vlyuz4yq\" class=\"cmsmasters_column two_third\">\n<div class=\"cmsmasters_column_inner\"><div id=\"cmsmasters_heading_78xfzhxo79\" class=\"cmsmasters_heading_wrap cmsmasters_heading_align_left\">\n\t<h2 class=\"cmsmasters_heading\">Resortn\u00ed bezpe\u010dnostn\u00ed c\u00edle<\/h2>\n<\/div>\n<div id=\"cmsmasters_divider_o91bo7ky6j\" class=\"cmsmasters_divider cmsmasters_divider_width_short cmsmasters_divider_pos_left\"><\/div>\n<div class=\"cmsmasters_text\">\n<p>Ministerstvo zdravotnictv\u00ed \u010cR vyhl\u00e1silo Resortn\u00ed bezpe\u010dnostn\u00ed c\u00edle, kter\u00e9 vych\u00e1zej\u00ed z\u00a0anal\u00fdzy nejrizikov\u011bj\u0161\u00edch proces\u016f ve\u00a0zdravotnictv\u00ed a\u00a0z\u00a0doporu\u010den\u00ed\u00a0Sv\u011btov\u00e9 zdravotnick\u00e9 organizace\u00a0i\u00a0Evropsk\u00e9 unie. Jde o soubor bezpe\u010dnostn\u00ed opat\u0159en\u00ed, kter\u00fdmi zaji\u0161\u0165ujeme kvalitn\u00ed a bezpe\u010dn\u00e9 poskytov\u00e1n\u00ed zdravotn\u00edch slu\u017eeb ve zdravotnick\u00e9 organizaci. Postupy a realizace v\u0161ech resortn\u00edch bezpe\u010dnostn\u00edch c\u00edl\u016f jsou upraveny vnit\u0159n\u00edmi p\u0159edpisy nemocnice.<\/p>\n<style type=\"text\/css\"><\/style><section id='' \n                class='helpie-faq accordions groupSettings-424__enabled' \n                data-collection='' \n                data-pagination='0' \n                data-search='0' \n                data-pagination-enabled='0'\n                role='region'\n                aria-label='FAQ Section'\n                aria-live='polite'><article class=\"accordion \"><div class='helpie-faq-row'><div class='helpie-faq-col helpie-faq-col-12' ><ul><li class=\"accordion__item \"><div class=\"accordion__header \" \r\n                id=\"accordion-header-post-27570\"\r\n                role=\"button\"\r\n                aria-expanded=\"false\"\r\n                aria-controls=\"accordion-content-post-27570\"\r\n                data-id=\"post-27570\" \r\n                data-item=\"hfaq-post-27570\" \r\n                style=\"background:transparent;\" \r\n                data-tags=\"\"\r\n                tabindex=\"0\"><div class=\"accordion__title\">1.\tBezpe\u010dn\u00e1 identifikace pacient\u016f<\/div><\/div><div id=\"accordion-content-post-27570\" \r\n                class=\"accordion__body\" \r\n                role=\"region\"\r\n                aria-labelledby=\"accordion-header-post-27570\"\r\n                style=\"background:transparent;\"><p>Jde o bezpe\u010dnostn\u00ed opat\u0159en\u00ed, kter\u00fdm p\u0159edch\u00e1z\u00edme z\u00e1m\u011bn\u011b pacient\u016f, laboratorn\u00edch vzork\u016f nebo l\u00e9\u010div\u00fdch p\u0159\u00edpravk\u016f. P\u0159i p\u0159ijet\u00ed do na\u0161\u00ed nemocnice V\u00e1m p\u0159ij\u00edmaj\u00edc\u00ed sestra um\u00edst\u00ed na z\u00e1p\u011bst\u00ed identifika\u010dn\u00ed n\u00e1ramek, kter\u00fd slou\u017e\u00ed k prevenci z\u00e1m\u011bny a p\u0159isp\u00edv\u00e1 k zaji\u0161t\u011bn\u00ed Va\u0161eho bezpe\u010d\u00ed. Na n\u00e1ramku je uvedeno Va\u0161e jm\u00e9no, p\u0159\u00edjmen\u00ed a QR k\u00f3d, ve kter\u00e9m jsou zad\u00e1ny Va\u0161e identifika\u010dn\u00ed \u00fadaje.<\/p>\n<\/div><\/li><li class=\"accordion__item \"><div class=\"accordion__header \" \r\n                id=\"accordion-header-post-27571\"\r\n                role=\"button\"\r\n                aria-expanded=\"false\"\r\n                aria-controls=\"accordion-content-post-27571\"\r\n                data-id=\"post-27571\" \r\n                data-item=\"hfaq-post-27571\" \r\n                style=\"background:transparent;\" \r\n                data-tags=\"\"\r\n                tabindex=\"0\"><div class=\"accordion__title\">2.\tBezpe\u010dnost p\u0159i pou\u017e\u00edv\u00e1n\u00ed rizikov\u00fdch l\u00e9\u010div<\/div><\/div><div id=\"accordion-content-post-27571\" \r\n                class=\"accordion__body\" \r\n                role=\"region\"\r\n                aria-labelledby=\"accordion-header-post-27571\"\r\n                style=\"background:transparent;\"><p>Klademe d\u016fraz na bezpe\u010dn\u00e9 uskladn\u011bn\u00ed a pod\u00e1v\u00e1n\u00ed rizikov\u00fdch l\u00e9\u010div (n\u00e1vykov\u00e9 l\u00e1tky, hepariny, inzuliny, koncentrovan\u00e9 elektrolyty). V Nemocnici Jihlava jsou rizikov\u00e1 l\u00e9\u010diva na ka\u017ed\u00e9m odd\u011blen\u00ed ulo\u017eena odd\u011blen\u011b od b\u011b\u017en\u011b u\u017e\u00edvan\u00fdch l\u00e9\u010div, aby bylo zamezeno p\u0159\u00edpadn\u00e9mu zneu\u017eit\u00ed \u010di nespr\u00e1vn\u00e9mu pod\u00e1n\u00ed l\u00e9\u010diva. P\u0159ed manipulac\u00ed s rizikov\u00fdm l\u00e9\u010divem je nastaven\u00fdmi opat\u0159en\u00edmi zdravotnick\u00fd pracovn\u00edk opakovan\u011b upozorn\u011bn na rizikovost p\u0159i jejich aplikaci.<\/p>\n<\/div><\/li><li class=\"accordion__item \"><div class=\"accordion__header \" \r\n                id=\"accordion-header-post-27572\"\r\n                role=\"button\"\r\n                aria-expanded=\"false\"\r\n                aria-controls=\"accordion-content-post-27572\"\r\n                data-id=\"post-27572\" \r\n                data-item=\"hfaq-post-27572\" \r\n                style=\"background:transparent;\" \r\n                data-tags=\"\"\r\n                tabindex=\"0\"><div class=\"accordion__title\">3.\tPrevence z\u00e1m\u011bny pacienta, v\u00fdkonu a strany p\u0159i opera\u010dn\u00edch v\u00fdkonech<\/div><\/div><div id=\"accordion-content-post-27572\" \r\n                class=\"accordion__body\" \r\n                role=\"region\"\r\n                aria-labelledby=\"accordion-header-post-27572\"\r\n                style=\"background:transparent;\"><p>Pou\u017e\u00edv\u00e1me standardizovan\u00fd zp\u016fsob ozna\u010dov\u00e1n\u00ed m\u00edsta v\u00fdkonu, p\u0159i kter\u00e9m ve spolupr\u00e1ci s\u00a0pacientem l\u00e9ka\u0159 v\u00a0p\u0159edopera\u010dn\u00ed p\u0159\u00edprav\u011b ozna\u010d\u00ed m\u00edsto opera\u010dn\u00edho v\u00fdkonu. P\u0159ed zah\u00e1jen\u00edm opera\u010dn\u00edho v\u00fdkonu prov\u00e1d\u00edme tzv.\u00a0<strong>p\u0159edopera\u010dn\u00ed<\/strong> <strong>bezpe\u010dnostn\u00ed proceduru<\/strong>, jej\u00edm\u017e c\u00edlem je ov\u011b\u0159en\u00ed spr\u00e1vnosti identifikace pacienta, opera\u010dn\u00edho v\u00fdkonu, opera\u010dn\u00edho pole, n\u00e1stroj\u016f a implant\u00e1t\u016f, p\u0159ipravenost p\u0159\u00edstroj\u016f a spr\u00e1vn\u011b proveden\u00e9 antibiotick\u00e1 profylaxe.<\/p>\n<\/div><\/li><li class=\"accordion__item \"><div class=\"accordion__header \" \r\n                id=\"accordion-header-post-27573\"\r\n                role=\"button\"\r\n                aria-expanded=\"false\"\r\n                aria-controls=\"accordion-content-post-27573\"\r\n                data-id=\"post-27573\" \r\n                data-item=\"hfaq-post-27573\" \r\n                style=\"background:transparent;\" \r\n                data-tags=\"\"\r\n                tabindex=\"0\"><div class=\"accordion__title\">4.\tPrevence p\u00e1d\u016f pacient\u016f<\/div><\/div><div id=\"accordion-content-post-27573\" \r\n                class=\"accordion__body\" \r\n                role=\"region\"\r\n                aria-labelledby=\"accordion-header-post-27573\"\r\n                style=\"background:transparent;\"><p>S\u00a0pobytem pacienta ve zdravotnick\u00e9m za\u0159\u00edzen\u00ed se zvy\u0161uje pravd\u011bpodobnost p\u00e1du. Proto p\u0159i vstupn\u00edm vy\u0161et\u0159en\u00ed prov\u00e1d\u00ed sestry u v\u0161ech pacient\u016f na l\u016f\u017ekov\u00fdch odd\u011blen\u00edch hodnocen\u00ed rizika p\u00e1du pacienta. Pro v\u0161echny pacienty jsou stanovena preventivn\u00ed opat\u0159en\u00ed vedouc\u00ed ke sn\u00ed\u017een\u00ed rizika. Pro \u00fasp\u011b\u0161nost nastaven\u00e9 prevence p\u00e1du je nezbytn\u00e1 spolupr\u00e1ce pacienta.<\/p>\n<\/div><\/li><li class=\"accordion__item \"><div class=\"accordion__header \" \r\n                id=\"accordion-header-post-27574\"\r\n                role=\"button\"\r\n                aria-expanded=\"false\"\r\n                aria-controls=\"accordion-content-post-27574\"\r\n                data-id=\"post-27574\" \r\n                data-item=\"hfaq-post-27574\" \r\n                style=\"background:transparent;\" \r\n                data-tags=\"\"\r\n                tabindex=\"0\"><div class=\"accordion__title\">5.\tZaveden\u00ed optim\u00e1ln\u00edch postup\u016f hygieny rukou p\u0159i poskytov\u00e1n\u00ed zdravotn\u00ed p\u00e9\u010de<\/div><\/div><div id=\"accordion-content-post-27574\" \r\n                class=\"accordion__body\" \r\n                role=\"region\"\r\n                aria-labelledby=\"accordion-header-post-27574\"\r\n                style=\"background:transparent;\"><p>Z\u00e1kladn\u00edm opat\u0159en\u00edm zam\u011b\u0159en\u00fdm na sni\u017eov\u00e1n\u00ed rizika vzniku nemocni\u010dn\u00ed infekce je hygiena rukou. Klademe velk\u00fd d\u016fraz na zav\u00e1d\u011bn\u00ed a dodr\u017eov\u00e1n\u00ed spr\u00e1vn\u00fdch postup\u016f hygieny rukou b\u011bhem poskytov\u00e1n\u00ed zdravotn\u00ed p\u00e9\u010de. Zdravotni\u010dt\u00ed pracovn\u00edci prov\u00e1d\u00ed hygienickou dezinfekci rukou p\u0159ed kontaktem s\u00a0pacientem, p\u0159ed aseptick\u00fdmi \u010dinnostmi, po expozici biologick\u00fdm materi\u00e1lem, po kontaktu s\u00a0pacientem a s\u00a0jeho okol\u00edm.<\/p>\n<\/div><\/li><li class=\"accordion__item \"><div class=\"accordion__header \" \r\n                id=\"accordion-header-post-27575\"\r\n                role=\"button\"\r\n                aria-expanded=\"false\"\r\n                aria-controls=\"accordion-content-post-27575\"\r\n                data-id=\"post-27575\" \r\n                data-item=\"hfaq-post-27575\" \r\n                style=\"background:transparent;\" \r\n                data-tags=\"\"\r\n                tabindex=\"0\"><div class=\"accordion__title\">6.\tBezpe\u010dn\u00e1 komunikace<\/div><\/div><div id=\"accordion-content-post-27575\" \r\n                class=\"accordion__body\" \r\n                role=\"region\"\r\n                aria-labelledby=\"accordion-header-post-27575\"\r\n                style=\"background:transparent;\"><p>Bezpe\u010dn\u00e1, efektivn\u00ed komunikace mezi zdravotnick\u00fdmi pracovn\u00edky je d\u016fle\u017eit\u00fdm n\u00e1strojem k zaji\u0161t\u011bn\u00ed bezpe\u010dn\u00e9 a kvalitn\u00ed p\u00e9\u010de o pacienta. Mezi zdravotnick\u00fdmi pracovn\u00edky v\u00a0Nemocnici Jihlava jsme zavedli\u00a0jednotn\u00fd postup pro \u00fastn\u00ed a telefonickou komunikaci p\u0159i ordinov\u00e1n\u00ed l\u00e9\u010div a hl\u00e1\u0161en\u00ed laboratorn\u00edch v\u00fdsledk\u016f\u00a0pacient\u016f.<\/p>\n<\/div><\/li><li class=\"accordion__item \"><div class=\"accordion__header \" \r\n                id=\"accordion-header-post-27576\"\r\n                role=\"button\"\r\n                aria-expanded=\"false\"\r\n                aria-controls=\"accordion-content-post-27576\"\r\n                data-id=\"post-27576\" \r\n                data-item=\"hfaq-post-27576\" \r\n                style=\"background:transparent;\" \r\n                data-tags=\"\"\r\n                tabindex=\"0\"><div class=\"accordion__title\">7.\tBezpe\u010dn\u00e9 p\u0159ed\u00e1v\u00e1n\u00ed pacient\u016f<\/div><\/div><div id=\"accordion-content-post-27576\" \r\n                class=\"accordion__body\" \r\n                role=\"region\"\r\n                aria-labelledby=\"accordion-header-post-27576\"\r\n                style=\"background:transparent;\"><p>Bezpe\u010dn\u00e9 p\u0159ed\u00e1v\u00e1n\u00ed pacient\u016f mezi sm\u011bnami, p\u0159ed\u00e1n\u00ed pacienta k v\u00fdkonu \u010di po v\u00fdkonu nebo p\u0159i p\u0159ed\u00e1v\u00e1n\u00ed pacienta na jin\u00e9 odd\u011blen\u00ed \u010di pracovi\u0161t\u011b, je prov\u00e1d\u011bno kompetentn\u00edmi zdravotn\u00edky v\u010detn\u011b p\u0159\u00edslu\u0161n\u00fdch z\u00e1znam\u016f do zdravotnick\u00e9 dokumentace.<\/p>\n<\/div><\/li><li class=\"accordion__item \"><div class=\"accordion__header \" \r\n                id=\"accordion-header-post-27577\"\r\n                role=\"button\"\r\n                aria-expanded=\"false\"\r\n                aria-controls=\"accordion-content-post-27577\"\r\n                data-id=\"post-27577\" \r\n                data-item=\"hfaq-post-27577\" \r\n                style=\"background:transparent;\" \r\n                data-tags=\"\"\r\n                tabindex=\"0\"><div class=\"accordion__title\">8.\tPrevence vzniku dekubit\u016f u hospitalizovan\u00fdch pacient\u016f<\/div><\/div><div id=\"accordion-content-post-27577\" \r\n                class=\"accordion__body\" \r\n                role=\"region\"\r\n                aria-labelledby=\"accordion-header-post-27577\"\r\n                style=\"background:transparent;\"><p>P\u0159i vstupn\u00edm vy\u0161et\u0159en\u00ed prov\u00e1d\u00ed sestry u v\u0161ech pacient\u016f na l\u016f\u017ekov\u00fdch odd\u011blen\u00edch hodnocen\u00ed rizika vzniku dekubit\u016f, podle kter\u00e9ho p\u0159ipravuj\u00ed a realizuj\u00ed preventivn\u00ed opat\u0159en\u00ed, kter\u00e1 sni\u017euj\u00ed riziko jejich vzniku. Nemocnice Jihlava v\u011bnuje velkou pozornost problematice prevence a l\u00e9\u010dby dekubit\u016f. Pro pacienty s\u00a0rizikem vzniku dekubit\u016f je na odd\u011blen\u00edch k dispozici velk\u00e9 mno\u017estv\u00ed polohovac\u00edch pom\u016fcek a antidekubitn\u00ed matrace do l\u016f\u017eek, kter\u00e9 v\u00fdrazn\u011b sni\u017euj\u00ed riziko tlaku na predilek\u010dn\u00ed m\u00edsta. V\u00a0problematice dekubit\u016f se aktivn\u011b vzd\u011bl\u00e1v\u00e1me.<\/p>\n<\/div><\/li><\/ul><\/div><\/div><\/article><\/section>\n<\/div>\n<\/div><\/div>\n<\/div>\n<\/div>\n<\/div>\n<\/div>\n<\/div>\n\n","protected":false},"excerpt":{"rendered":"","protected":false},"author":5,"featured_media":23379,"parent":23307,"menu_order":0,"comment_status":"closed","ping_status":"closed","template":"","meta":{"pgc_sgb_lightbox_settings":"","footnotes":"","_links_to":"","_links_to_target":""},"categories":[85],"class_list":["post-27562","page","type-page","status-publish","has-post-thumbnail","hentry","category-page-oddeleni"],"publishpress_future_action":{"enabled":false,"date":"2026-04-28 17:13:59","action":"change-status","newStatus":"draft","terms":[],"taxonomy":"category","extraData":[]},"publishpress_future_workflow_manual_trigger":{"enabledWorkflows":[]},"_links":{"self":[{"href":"https:\/\/webnemji.azurewebsites.net\/en\/wp-json\/wp\/v2\/pages\/27562","targetHints":{"allow":["GET"]}}],"collection":[{"href":"https:\/\/webnemji.azurewebsites.net\/en\/wp-json\/wp\/v2\/pages"}],"about":[{"href":"https:\/\/webnemji.azurewebsites.net\/en\/wp-json\/wp\/v2\/types\/page"}],"author":[{"embeddable":true,"href":"https:\/\/webnemji.azurewebsites.net\/en\/wp-json\/wp\/v2\/users\/5"}],"replies":[{"embeddable":true,"href":"https:\/\/webnemji.azurewebsites.net\/en\/wp-json\/wp\/v2\/comments?post=27562"}],"version-history":[{"count":0,"href":"https:\/\/webnemji.azurewebsites.net\/en\/wp-json\/wp\/v2\/pages\/27562\/revisions"}],"up":[{"embeddable":true,"href":"https:\/\/webnemji.azurewebsites.net\/en\/wp-json\/wp\/v2\/pages\/23307"}],"wp:featuredmedia":[{"embeddable":true,"href":"https:\/\/webnemji.azurewebsites.net\/en\/wp-json\/wp\/v2\/media\/23379"}],"wp:attachment":[{"href":"https:\/\/webnemji.azurewebsites.net\/en\/wp-json\/wp\/v2\/media?parent=27562"}],"wp:term":[{"taxonomy":"category","embeddable":true,"href":"https:\/\/webnemji.azurewebsites.net\/en\/wp-json\/wp\/v2\/categories?post=27562"}],"curies":[{"name":"wp","href":"https:\/\/api.w.org\/{rel}","templated":true}]}}