{"id":28020,"date":"2023-12-05T14:26:10","date_gmt":"2023-12-05T13:26:10","guid":{"rendered":"https:\/\/test.nemji.cz\/?page_id=28020"},"modified":"2024-01-23T09:43:34","modified_gmt":"2024-01-23T08:43:34","slug":"kamerovy-system","status":"publish","type":"page","link":"https:\/\/webnemji.azurewebsites.net\/en\/o-nemocnici\/kamerovy-system\/","title":{"rendered":"Video surveillance system"},"content":{"rendered":"<div id=\"cmsmasters_row_0b6bd5f67e\" class=\"cmsmasters_row cmsmasters_color_scheme_default heroblocks cmsmasters_row_top_default cmsmasters_row_bot_default cmsmasters_row_boxed\">\n<div id=\"heroboxes\" class=\"cmsmasters_row_outer_parent\">\n<div class=\"cmsmasters_row_overlay\"><\/div>\n<div class=\"cmsmasters_row_outer\">\n<div class=\"cmsmasters_row_inner\">\n<div class=\"cmsmasters_row_margin\">\n<div id=\"cmsmasters_column_b6d3203234\" class=\"cmsmasters_column one_first\">\n<div class=\"cmsmasters_column_inner\"><div id=\"cmsmasters_heading_a82262ad0f\" class=\"cmsmasters_heading_wrap cmsmasters_heading_align_center pageheadingtitle\" data-animation=\"fadeIn\" data-delay=\"0\">\n\t<h1 class=\"cmsmasters_heading\">O nemocnici<\/h1>\n<\/div><div id=\"cmsmasters_heading_bqs8sxy54\" class=\"cmsmasters_heading_wrap cmsmasters_heading_align_center\">\n\t<h3 class=\"cmsmasters_heading\">Kamerov\u00fd syst\u00e9m<\/h3>\n<\/div>\n<\/div><\/div>\n<\/div>\n<\/div>\n<\/div>\n<\/div>\n<\/div>\n<div id=\"cmsmasters_row_xr8d1q4h3q\" class=\"cmsmasters_row cmsmasters_color_scheme_default cmsmasters_row_top_default cmsmasters_row_bot_default cmsmasters_row_boxed\">\n<div class=\"cmsmasters_row_outer_parent\">\n<div class=\"cmsmasters_row_outer\">\n<div class=\"cmsmasters_row_inner\">\n<div class=\"cmsmasters_row_margin\">\n<div id=\"cmsmasters_column_iyq9osonk\" class=\"cmsmasters_column one_first\">\n<div class=\"cmsmasters_column_inner\"><div class=\"cmsmasters_text\">\n<p><nav aria-label=\"breadcrumbs\">\n            <div class=\"breadcrumb-container theme1\">\n                <ol>\n                                    <\/ol>\n            <\/div>\n        <\/nav>    <script type=\"application\/ld+json\">\n        {\n            \"@context\": \"http:\/\/schema.org\",\n            \"@type\": \"BreadcrumbList\",\n            \"itemListElement\": [\n                            ]\n        }\n    <\/script>\n   \n    <script>\n            <\/script>\n<\/p>\n<\/div>\n<\/div><\/div>\n<\/div>\n<\/div>\n<\/div>\n<\/div>\n<\/div>\n<div id=\"cmsmasters_row_7c1c11db73\" class=\"cmsmasters_row cmsmasters_color_scheme_default cmsmasters_row_top_default cmsmasters_row_bot_default cmsmasters_row_boxed\">\n<div class=\"cmsmasters_row_outer_parent\">\n<div class=\"cmsmasters_row_outer\">\n<div class=\"cmsmasters_row_inner\">\n<div class=\"cmsmasters_row_margin\">\n<div id=\"cmsmasters_column_18105c8427\" class=\"cmsmasters_column one_third stickyinfocolumn\">\n<div class=\"cmsmasters_column_inner\"><div id=\"cmsmasters_heading_06oshyxaep\" class=\"cmsmasters_heading_wrap cmsmasters_heading_align_center\">\n\t<h3 class=\"cmsmasters_heading\">O nemocnici<\/h3>\n<\/div>\n<div id=\"cmsmasters_divider_fk418hu6k\" class=\"cmsmasters_divider cmsmasters_divider_width_short cmsmasters_divider_pos_center\"><\/div>\n<div class=\"cmsmasters_sidebar sidebar_layout_11 sidebar-custom-menu\"><aside id=\"nav_menu-4\" class=\"widget widget_nav_menu\"><div class=\"menu-o-nemocnici-container\"><ul id=\"menu-o-nemocnici\" class=\"menu\"><li id=\"menu-item-15789\" class=\"static-link menu-item menu-item-type-post_type menu-item-object-page menu-item-15789\"><a href=\"https:\/\/webnemji.azurewebsites.net\/en\/o-nemocnici\/\" data-ps2id-api=\"true\"><i class=\"fa-solid fa-circle-info\"><\/i> Z\u00e1kladn\u00ed informace<\/a><\/li>\n<li id=\"menu-item-15339\" class=\"static-link menu-item menu-item-type-post_type menu-item-object-page menu-item-15339\"><a href=\"https:\/\/webnemji.azurewebsites.net\/en\/o-nemocnici\/jak-se-k-nam-dostanete\/\" data-ps2id-api=\"true\"><i class=\"fa-solid fa-bus\"><\/i> Jak se k n\u00e1m dostanete<\/a><\/li>\n<li id=\"menu-item-15351\" class=\"static-link menu-item menu-item-type-post_type menu-item-object-page menu-item-15351\"><a href=\"https:\/\/webnemji.azurewebsites.net\/en\/o-nemocnici\/orientacni-plan-nemocnice\/\" data-ps2id-api=\"true\"><i class=\"fa-solid fa-map-location-dot\"><\/i> Orienta\u010dn\u00ed pl\u00e1n nemocnice<\/a><\/li>\n<li id=\"menu-item-15603\" class=\"static-link menu-item menu-item-type-post_type menu-item-object-page menu-item-15603\"><a href=\"https:\/\/webnemji.azurewebsites.net\/en\/o-nemocnici\/organizacni-struktura\/\" data-ps2id-api=\"true\"><i class=\"fa-solid fa-sitemap\"><\/i> Organiza\u010dn\u00ed struktura<\/a><\/li>\n<li id=\"menu-item-15335\" class=\"static-link menu-item menu-item-type-post_type menu-item-object-page menu-item-15335\"><a href=\"https:\/\/webnemji.azurewebsites.net\/en\/o-nemocnici\/historie-nemocnice\/\" data-ps2id-api=\"true\"><i class=\"fa-solid fa-book-medical\"><\/i> Historie nemocnice<\/a><\/li>\n<li id=\"menu-item-15334\" class=\"static-link menu-item menu-item-type-post_type menu-item-object-page menu-item-15334\"><a href=\"https:\/\/webnemji.azurewebsites.net\/en\/o-nemocnici\/vyrocni-zpravy\/\" data-ps2id-api=\"true\"><i class=\"fa-regular fa-calendar-days\"><\/i> V\u00fdro\u010dn\u00ed zpr\u00e1vy<\/a><\/li>\n<li id=\"menu-item-31370\" class=\"static-link menu-item menu-item-type-custom menu-item-object-custom menu-item-31370\"><a href=\"\/informace-o-prumerne-cekaci-dobe\/\" data-ps2id-api=\"true\"><i class=\"fa-solid fa-circle-info\"><\/i> \u010cekac\u00ed doba na pl\u00e1novan\u00e9 v\u00fdkony a vy\u0161et\u0159en\u00ed<\/a><\/li>\n<li id=\"menu-item-31374\" class=\"menu-item menu-item-type-custom menu-item-object-custom menu-item-31374\"><a href=\"\/hodnoceni-cinnosti-traumacentra\/\" data-ps2id-api=\"true\"><i class=\"fa-solid fa-book-medical\"><\/i> Hodnocen\u00ed \u010dinnosti a v\u00fdkonnosti Traumacentra II. typu<\/a><\/li>\n<li id=\"menu-item-22171\" class=\"menu-custom-separator menu-item menu-item-type-custom menu-item-object-custom menu-item-22171\"><hr class=\"mhm-menu-separator\"><\/li>\n<li id=\"menu-item-29142\" class=\"static-link menu-item menu-item-type-custom menu-item-object-custom menu-item-29142\"><a href=\"\/o-nemocnici\/evropske-fondy\/\" data-ps2id-api=\"true\"><i class=\"fa-solid fa-euro-sign\"><\/i> Evropsk\u00e9 fondy<\/a><\/li>\n<li id=\"menu-item-15788\" class=\"static-link menu-item menu-item-type-post_type menu-item-object-page menu-item-15788\"><a href=\"https:\/\/webnemji.azurewebsites.net\/en\/o-nemocnici\/zpracovavane-osobni-udaje\/\" data-ps2id-api=\"true\"><i class=\"fa-solid fa-lock\"><\/i> Zpracov\u00e1van\u00e9 osobn\u00ed \u00fadaje<\/a><\/li>\n<li id=\"menu-item-27819\" class=\"static-link menu-item menu-item-type-post_type menu-item-object-page menu-item-27819\"><a href=\"https:\/\/webnemji.azurewebsites.net\/en\/o-nemocnici\/ombudsman\/\" data-ps2id-api=\"true\"><i class=\"fa-solid fa-user-shield\"><\/i> Nemocni\u010dn\u00ed ombudsman<\/a><\/li>\n<li id=\"menu-item-25702\" class=\"static-link menu-item menu-item-type-post_type menu-item-object-page menu-item-25702\"><a href=\"https:\/\/webnemji.azurewebsites.net\/en\/o-nemocnici\/whistleblowing\/\" data-ps2id-api=\"true\"><i class=\"fa-solid fa-bullhorn\"><\/i> Whistleblowing<\/a><\/li>\n<li id=\"menu-item-26755\" class=\"static-link menu-item menu-item-type-post_type menu-item-object-page menu-item-26755\"><a href=\"https:\/\/webnemji.azurewebsites.net\/en\/oddeleni\/ict\/kyberbezpecnost\/\" data-ps2id-api=\"true\"><i class=\"fa-solid fa-shield-halved\"><\/i> Kyberbezpe\u010dnost<\/a><\/li>\n<li id=\"menu-item-27077\" class=\"static-link menu-item menu-item-type-post_type menu-item-object-page menu-item-27077\"><a href=\"https:\/\/webnemji.azurewebsites.net\/en\/o-nemocnici\/povinne-zverejnovane-informace\/\" data-ps2id-api=\"true\"><i class=\"fa-solid fa-info\"><\/i> Povinn\u011b zve\u0159ej\u0148ovan\u00e9 informace<\/a><\/li>\n<li id=\"menu-item-28025\" class=\"static-link menu-item menu-item-type-post_type menu-item-object-page menu-item-28025\"><a href=\"https:\/\/webnemji.azurewebsites.net\/en\/o-nemocnici\/kamerovy-system\/\" data-ps2id-api=\"true\"><i class=\"fa-solid fa-video\"><\/i> Kamerov\u00fd syst\u00e9m<\/a><\/li>\n<\/ul><\/div><\/aside><div class=\"cl\"><\/div>\n<\/div>\n<\/div><\/div>\n<div id=\"cmsmasters_column_b598bb73ec\" class=\"cmsmasters_column two_third\">\n<div class=\"cmsmasters_column_inner\"><div id=\"cmsmasters_heading_723nvo7pwm\" class=\"cmsmasters_heading_wrap cmsmasters_heading_align_left\">\n\t<h2 class=\"cmsmasters_heading\">Kamerov\u00fd syst\u00e9m<\/h2>\n<\/div>\n<div id=\"cmsmasters_divider_a5p2pmhgts\" class=\"cmsmasters_divider cmsmasters_divider_width_short cmsmasters_divider_pos_left\"><\/div>\n<div class=\"cmsmasters_text\">\n<h5><b><span class=\"zvyrazneni\">Kontakt na spr\u00e1vce kamerov\u00e9ho syst\u00e9mu:<\/span><\/b><\/h5>\n<div class=\"abcfslGridCntr personalni-obsazeni abcfslMLRAuto slv174_t19992_L abcfslGridCntr_19992\"><div class=\"abcfslItemCntrLst abcfslPadBMB30 abcfClrFix\" style=\"padding-bottom: 0;\"><div class=\"abcfslLstCol abcfslLstCol-4 abcfslImgColLst\"><div class=\"abcfslImgCntrLst abcfslMLRPc\"><a href=\"https:\/\/www.nemji.cz\/profil\/zazimal\/\" target=\"_blank\" rel=\"noopener\"><img decoding=\"async\"  src=\"\/wp-content\/uploads\/2023\/09\/mnf_00001057pas-797x1024.jpg\" class=\"ProfileImage\" alt=\"Mgr. David Za\u017e\u00edmal\"  itemprop=\"image\"  \/><\/a><\/div><\/div><div class=\"abcfslLstCol abcfslLstCol-8 abcfslTxtColLst\"><div class=\"abcfslTxtCntrLst  abcfslPadLPc5\" style=\"padding-left: 20px;\"><h4 class=\"abcfslF18_6 MP-F1\"><span class=\"abcfslSpanMP2\">Mgr. David <\/span><span class=\"abcfslSpanMP1\">Za\u017e\u00edmal <\/span><\/h4><h5 class=\"abcfslF14_6 T-F2\">N\u00e1m\u011bstek pro informatiku a kybernetickou bezpe\u010dnost<\/h5><div class=\"abcfslMT10  abcfslF14 profile-department-link CE-F8\"><div><span style=\"font-size: 14px;\"><a href=\"\/kontakty\/usek-ict\/\">ICT<\/a>, <a href=\"\/kontakty\/vedeni-nemocnice\/\">veden\u00ed nemocnice<\/a><\/span><\/div>\n<\/div><div class=\"abcfslMT5  abcfslF14 LT-F5\"><span><i class=\"fa-solid fa-envelope\"><\/i>\u00a0&nbsp;<\/span><span class=\"profile-department-link\"><a href=\"mailto:zazimald@nemji.cz\">zazimald@nemji.cz<\/a><\/span><\/div><div class=\"abcfslMT5  abcfslF14 LT-F4\"><span><i class=\"fa-solid fa-phone\"><\/i>\u00a0&nbsp;<\/span><span class=\"profile-department-link\"><a href=\"tel:+420567157855\">+420 567 157 855<\/a><br>\u00a0\u00a0\u00a0\u00a0\u00a0\u00a0<a href=\"tel:+420737346628\">+420 737 346 628<\/a><\/span><\/div><\/div><\/div><\/div><\/div>\n<p>&nbsp;<\/p>\n<\/div>\n<div class=\"cmsmasters_text\">\n<h5><strong><span style=\"font-size: medium;\">Jak\u00e9 va\u0161e osobn\u00ed \u00fadaje a za jak\u00fdm \u00fa\u010delem jsou kamerov\u00fdm syst\u00e9mem zpracov\u00e1v\u00e1ny? A jak\u00fd je pr\u00e1vn\u00ed z\u00e1klad tohoto zpracov\u00e1n\u00ed?<\/span><\/strong><\/h5>\n<p>V r\u00e1mci prostor na\u0161\u00ed organizace jsou instalov\u00e1ny venkovn\u00ed i vnit\u0159n\u00ed kamery, kter\u00e9 vzhledem ke sv\u00e9mu um\u00edst\u011bn\u00ed zab\u00edraj\u00ed prostor, v n\u011bm\u017e se pohybuj\u00ed pacienti, osoby bl\u00edzk\u00e9 pacient\u016fm, dodavatel\u00e9 i dal\u0161\u00ed t\u0159et\u00ed osoby. Prostory, kter\u00e9 jsou zab\u00edr\u00e1ny kamerov\u00fdm syst\u00e9mem, jsou v\u017edy \u0159\u00e1dn\u011b a z\u0159eteln\u011b ozna\u010deny. Kamery funguj\u00ed v nep\u0159etr\u017eit\u00e9m re\u017eimu.<\/p>\n<p>V r\u00e1mci kamerov\u00e9ho syst\u00e9mu m\u016f\u017eeme zpracov\u00e1vat n\u00e1sleduj\u00edc\u00ed\u00a0osobn\u00ed \u00fadaje: v\u00e1\u0161 vzhled, pohlav\u00ed, p\u0159ibli\u017en\u00fd v\u011bk.<\/p>\n<p>D\u016fvodem zpracov\u00e1n\u00ed t\u011bchto va\u0161ich osobn\u00edch \u00fadaj\u016f je n\u00e1\u0161 opr\u00e1vn\u011bn\u00fd z\u00e1jem na ochran\u011b na\u0161ich pr\u00e1v a\u00a0opr\u00e1vn\u011bn\u00fdch z\u00e1jm\u016f, zejm\u00e9na pak ochran\u011b \u017eivota a zdrav\u00ed pacient\u016f (nap\u0159. p\u00e1dy), zam\u011bstnanc\u016f, ale i ve\u0159ejnosti vstupuj\u00edc\u00ed do prostor NemJi, ostraze objektu, ochran\u011b majetku na\u0161eho i va\u0161eho a\u00a0prevence proti vandalismu.<\/p>\n<p>&nbsp;<\/p>\n<h5><strong><span style=\"font-size: medium;\">Kdo m\u016f\u017ee tyto z\u00e1b\u011bry vid\u011bt a je mo\u017en\u00e9 je p\u0159edat do zahrani\u010d\u00ed?<\/span><\/strong><\/h5>\n<p>Va\u0161e osobn\u00ed \u00fadaje z kamerov\u00e9ho syst\u00e9mu z\u00e1sadn\u011b spravujeme uvnit\u0159 organizace. \u00dadaje p\u0159ed\u00e1v\u00e1me mimo organizaci pouze, pokud to vy\u017eaduje pr\u00e1vn\u00ed p\u0159edpis \u010di je takov\u00e9 p\u0159ed\u00e1n\u00ed nutn\u00e9 k prov\u011b\u0159ov\u00e1n\u00ed nebo dokazov\u00e1n\u00ed nastal\u00fdch incident\u016f \u010di protipr\u00e1vn\u00edho jedn\u00e1n\u00ed. V souladu s p\u0159edchoz\u00ed v\u011btou tak m\u016f\u017ee b\u00fdt kamerov\u00fd z\u00e1znam p\u0159ed\u00e1n zejm\u00e9na org\u00e1n\u016fm \u010dinn\u00fdm v trestn\u00edm \u0159\u00edzen\u00ed, spr\u00e1vn\u00edm org\u00e1n\u016fm nebo soud\u016fm. V\u00a0jin\u00fdch p\u0159\u00edpadech \u00fadaje p\u0159ed\u00e1me pouze na z\u00e1klad\u011b Va\u0161eho v\u00fdslovn\u00e9ho souhlasu.<\/p>\n<p>&nbsp;<\/p>\n<h5><strong><span style=\"font-size: medium;\">Jak dlouho a v\u00a0jak\u00e9 form\u011b kamerov\u00e9 z\u00e1znamy uchov\u00e1v\u00e1me?<\/span><\/strong><\/h5>\n<p>V r\u00e1mci kamerov\u00e9ho syst\u00e9mu je prov\u00e1d\u011bn i dlouhodob\u00fd a nep\u0159etr\u017eit\u00fd z\u00e1znam z\u00e1b\u011br\u016f. Tento z\u00e1znam je uchov\u00e1v\u00e1n po dobu 30 dn\u016f. N\u00e1sledn\u011b je automaticky p\u0159emaz\u00e1n nov\u00fdm z\u00e1znamem a nelze jej nijak obnovit. Kopii z\u00e1znamu vytv\u00e1\u0159\u00edme pouze v p\u0159\u00edpad\u011b, \u017ee je na n\u011bm zaznamen\u00e1na ud\u00e1lost, kterou pot\u0159ebujeme pro\u0161et\u0159it. Tuto kopii uchov\u00e1v\u00e1me zabezpe\u010denou po dobu nutnou k \u0159\u00e1dn\u00e9mu pro\u0161et\u0159en\u00ed takov\u00e9 ud\u00e1losti a v p\u0159\u00edpad\u011b, \u017ee je ve v\u011bci zah\u00e1jeno soudn\u00ed \u0159\u00edzen\u00ed, po celou dobu takov\u00e9ho \u0159\u00edzen\u00ed. Z\u00e1znamy uchov\u00e1v\u00e1me v elektronick\u00e9 podob\u011b.<\/p>\n<\/div>\n<\/div><\/div>\n<\/div>\n<\/div>\n<\/div>\n<\/div>\n<\/div>\n\n","protected":false},"excerpt":{"rendered":"","protected":false},"author":1,"featured_media":28026,"parent":529,"menu_order":0,"comment_status":"closed","ping_status":"closed","template":"","meta":{"pgc_sgb_lightbox_settings":"","footnotes":"","_links_to":"","_links_to_target":""},"categories":[87],"class_list":["post-28020","page","type-page","status-publish","has-post-thumbnail","hentry","category-page-o-nemocnici"],"publishpress_future_action":{"enabled":false,"date":"2026-04-17 20:26:19","action":"change-status","newStatus":"draft","terms":[],"taxonomy":"category","extraData":[]},"publishpress_future_workflow_manual_trigger":{"enabledWorkflows":[]},"_links":{"self":[{"href":"https:\/\/webnemji.azurewebsites.net\/en\/wp-json\/wp\/v2\/pages\/28020","targetHints":{"allow":["GET"]}}],"collection":[{"href":"https:\/\/webnemji.azurewebsites.net\/en\/wp-json\/wp\/v2\/pages"}],"about":[{"href":"https:\/\/webnemji.azurewebsites.net\/en\/wp-json\/wp\/v2\/types\/page"}],"author":[{"embeddable":true,"href":"https:\/\/webnemji.azurewebsites.net\/en\/wp-json\/wp\/v2\/users\/1"}],"replies":[{"embeddable":true,"href":"https:\/\/webnemji.azurewebsites.net\/en\/wp-json\/wp\/v2\/comments?post=28020"}],"version-history":[{"count":0,"href":"https:\/\/webnemji.azurewebsites.net\/en\/wp-json\/wp\/v2\/pages\/28020\/revisions"}],"up":[{"embeddable":true,"href":"https:\/\/webnemji.azurewebsites.net\/en\/wp-json\/wp\/v2\/pages\/529"}],"wp:featuredmedia":[{"embeddable":true,"href":"https:\/\/webnemji.azurewebsites.net\/en\/wp-json\/wp\/v2\/media\/28026"}],"wp:attachment":[{"href":"https:\/\/webnemji.azurewebsites.net\/en\/wp-json\/wp\/v2\/media?parent=28020"}],"wp:term":[{"taxonomy":"category","embeddable":true,"href":"https:\/\/webnemji.azurewebsites.net\/en\/wp-json\/wp\/v2\/categories?post=28020"}],"curies":[{"name":"wp","href":"https:\/\/api.w.org\/{rel}","templated":true}]}}