{"id":28028,"date":"2023-12-06T09:31:42","date_gmt":"2023-12-06T08:31:42","guid":{"rendered":"https:\/\/test.nemji.cz\/?page_id=28028"},"modified":"2026-04-02T11:42:53","modified_gmt":"2026-04-02T09:42:53","slug":"vzdelavani","status":"publish","type":"page","link":"https:\/\/webnemji.azurewebsites.net\/en\/vzdelavani\/","title":{"rendered":"Specialist education"},"content":{"rendered":"<div id=\"cmsmasters_row_ksciwp6ujf\" class=\"cmsmasters_row cmsmasters_color_scheme_default heroblocks cmsmasters_row_top_default cmsmasters_row_bot_default cmsmasters_row_boxed\">\n<div id=\"heroboxes\" class=\"cmsmasters_row_outer_parent\">\n<div class=\"cmsmasters_row_overlay\"><\/div>\n<div class=\"cmsmasters_row_outer\">\n<div class=\"cmsmasters_row_inner\">\n<div class=\"cmsmasters_row_margin\">\n<div id=\"cmsmasters_column_bxgnwqgwt\" class=\"cmsmasters_column one_first\">\n<div class=\"cmsmasters_column_inner\"><div id=\"cmsmasters_heading_mkdgjovddq\" class=\"cmsmasters_heading_wrap cmsmasters_heading_align_center pageheadingtitle\" data-animation=\"fadeIn\" data-delay=\"100\">\n\t<h1 class=\"cmsmasters_heading\">Vzd\u011bl\u00e1v\u00e1n\u00ed odborn\u00e9 ve\u0159ejnosti<\/h1>\n<\/div><div id=\"cmsmasters_heading_gb7vg9rtje\" class=\"cmsmasters_heading_wrap cmsmasters_heading_align_center\" data-animation=\"fadeIn\" data-delay=\"150\">\n\t<h3 class=\"cmsmasters_heading\">Nemocnice Jihlava, p\u0159\u00edsp\u011bvkov\u00e1 organizace<\/h3>\n<\/div>\n<\/div><\/div>\n<\/div>\n<\/div>\n<\/div>\n<\/div>\n<\/div>\n<div id=\"cmsmasters_row_bj7zxjapxj\" class=\"cmsmasters_row cmsmasters_color_scheme_default cmsmasters_row_top_default cmsmasters_row_bot_default cmsmasters_row_boxed\">\n<div class=\"cmsmasters_row_outer_parent\">\n<div class=\"cmsmasters_row_outer\">\n<div class=\"cmsmasters_row_inner\">\n<div class=\"cmsmasters_row_margin\">\n<div id=\"cmsmasters_column_22eksm2374\" class=\"cmsmasters_column one_first\">\n<div class=\"cmsmasters_column_inner\"><div class=\"cmsmasters_text\">\n<p><nav aria-label=\"breadcrumbs\">\n            <div class=\"breadcrumb-container theme1\">\n                <ol>\n                                    <\/ol>\n            <\/div>\n        <\/nav>    <script type=\"application\/ld+json\">\n        {\n            \"@context\": \"http:\/\/schema.org\",\n            \"@type\": \"BreadcrumbList\",\n            \"itemListElement\": [\n                            ]\n        }\n    <\/script>\n   \n    <script>\n            <\/script>\n<\/p>\n<\/div>\n<\/div><\/div>\n<\/div>\n<\/div>\n<\/div>\n<\/div>\n<\/div>\n<div id=\"cmsmasters_row_ldf2o8mry4\" class=\"cmsmasters_row cmsmasters_color_scheme_default cmsmasters_row_top_default cmsmasters_row_bot_default cmsmasters_row_boxed\">\n<div class=\"cmsmasters_row_outer_parent\">\n<div class=\"cmsmasters_row_outer\">\n<div class=\"cmsmasters_row_inner\">\n<div class=\"cmsmasters_row_margin\">\n<div id=\"cmsmasters_column_gg7lw4yg2b\" class=\"cmsmasters_column one_third stickyinfocolumn\">\n<div class=\"cmsmasters_column_inner\"><div id=\"cmsmasters_heading_p15yq2mpjk\" class=\"cmsmasters_heading_wrap cmsmasters_heading_align_center\">\n\t<h3 class=\"cmsmasters_heading\">Vzd\u011bl\u00e1v\u00e1n\u00ed<\/h3>\n<\/div>\n<div id=\"cmsmasters_divider_l6t6q1gvwr\" class=\"cmsmasters_divider cmsmasters_divider_width_short cmsmasters_divider_pos_center\"><\/div>\n<div class=\"cmsmasters_sidebar sidebar_layout_11 sidebar-custom-menu\"><aside id=\"nav_menu-60\" class=\"widget widget_nav_menu\"><div class=\"menu-vzdelavani-container\"><ul id=\"menu-vzdelavani\" class=\"menu\"><li id=\"menu-item-28954\" class=\"menu-item menu-item-type-custom menu-item-object-custom menu-item-28954\"><a href=\"\/vzdelavani\/#nelekari\" data-ps2id-api=\"true\"><i class=\"fa-solid fa-users-between-lines\"><\/i>Celo\u017eivotn\u00ed vzd\u011bl\u00e1v\u00e1n\u00ed nel\u00e9ka\u0159sk\u00fdch zdravotnick\u00fdch pracovn\u00edk\u016f<\/a><\/li>\n<li id=\"menu-item-29066\" class=\"menu-item menu-item-type-custom menu-item-object-custom menu-item-29066\"><a href=\"\/vzdelavani\/#rezidenti\" data-ps2id-api=\"true\"><i class=\"fa-solid fa-users-between-lines\"><\/i>Nel\u00e9ka\u0159sk\u00e1 reziden\u010dn\u00ed m\u00edsta<\/a><\/li>\n<li id=\"menu-item-30809\" class=\"menu-item menu-item-type-custom menu-item-object-custom menu-item-30809\"><a href=\"\/vzdelavani-odborne-verejnosti-lekari\/#lekari\" data-ps2id-api=\"true\"><i class=\"fa-solid fa-users\"><\/i>Specializa\u010dn\u00ed vzd\u011bl\u00e1v\u00e1n\u00ed l\u00e9ka\u0159\u016f<\/a><\/li>\n<li id=\"menu-item-30814\" class=\"static-link menu-item menu-item-type-custom menu-item-object-custom menu-item-30814\"><a href=\"\/vzdelavani-odborne-verejnosti-lekari\/#rezidenti\" data-ps2id-api=\"true\"><i class=\"fa-solid fa-users\"><\/i>L\u00e9ka\u0159sk\u00e1 reziden\u010dn\u00ed m\u00edsta<\/a><\/li>\n<li id=\"menu-item-32409\" class=\"menu-item menu-item-type-custom menu-item-object-custom menu-item-32409\"><a href=\"https:\/\/nemocnice.tritius.cz\/library\/jihlava\/\" data-ps2id-api=\"true\"><i class=\"fa-solid fa-book\"><\/i>L\u00e9ka\u0159sk\u00e1 knihovna<\/a><\/li>\n<li id=\"menu-item-28955\" class=\"static-link menu-item menu-item-type-custom menu-item-object-custom menu-item-28955\"><a href=\"\/vzdelavani\/kontakt_vzdelavani\" data-ps2id-api=\"true\"><i class=\"fa-solid fa-user\"><\/i> Kontakt<\/a><\/li>\n<\/ul><\/div><\/aside><div class=\"cl\"><\/div>\n<\/div>\n<\/div><\/div>\n<div id=\"cmsmasters_column_rf5nlcobhl\" class=\"cmsmasters_column two_third\">\n<div class=\"cmsmasters_column_inner\"><div class=\"cmsmasters_text\">\n<p><a id=\"nelekari\"><\/a><\/p>\n<\/div>\n<div id=\"cmsmasters_heading_tkvja2wsw\" class=\"cmsmasters_heading_wrap cmsmasters_heading_align_left\">\n\t<h2 class=\"cmsmasters_heading\">Vzd\u011bl\u00e1v\u00e1n\u00ed odborn\u00e9 ve\u0159ejnosti &#8211; nel\u00e9ka\u0159i<\/h2>\n<\/div>\n<div id=\"cmsmasters_divider_al0t253cl\" class=\"cmsmasters_divider cmsmasters_divider_width_short cmsmasters_divider_pos_left\"><\/div>\n<div class=\"cmsmasters_text download-links-large\">\n<h3>Celo\u017eivotn\u00ed vzd\u011bl\u00e1v\u00e1n\u00ed nel\u00e9ka\u0159sk\u00fdch zdravotnick\u00fdch pracovn\u00edk\u016f<\/h3>\n<h4><span style=\"text-decoration: underline;\">Akreditovan\u00e9 kvalifika\u010dn\u00ed kurzy<\/span><\/h4>\n<p>Absolvov\u00e1n\u00edm akreditovan\u00e9ho kvalifika\u010dn\u00edho kurzu se z\u00edsk\u00e1v\u00e1 zp\u016fsobilost k v\u00fdkonu p\u0159\u00edslu\u0161n\u00e9ho zdravotnick\u00e9ho povol\u00e1n\u00ed podle z\u00e1kona \u010d. 201\/2017 Sb., o nel\u00e9ka\u0159sk\u00fdch zdravotnick\u00fdch povol\u00e1n\u00edch, v platn\u00e9m zn\u011bn\u00ed.<br \/>\nNemocnice Jihlava, p. o. z\u00edskala akreditaci k vykon\u00e1v\u00e1n\u00ed kurzu Sanit\u00e1\u0159. Podrobn\u011bj\u0161\u00ed informace naleznete na n\u00ed\u017ee uveden\u00e9m odkazu.<\/p>\n<p><i><\/i><strong>P\u0159ij\u00edm\u00e1me p\u0159ihl\u00e1\u0161ky do podzimn\u00edho kurzu 2026. Z d\u016fvodu rychl\u00e9ho napln\u011bn\u00ed kurz\u016f, pros\u00edme z\u00e1jemce o kurz, aby sv\u00e9 p\u0159ihl\u00e1\u0161ky zas\u00edlali co nejd\u0159\u00edve. D\u011bkujeme.<\/strong><\/p>\n<style type=\"text\/css\"><\/style><section id='' \n                class='helpie-faq accordions groupSettings-433__enabled' \n                data-collection='' \n                data-pagination='0' \n                data-search='0' \n                data-pagination-enabled='0'\n                role='region'\n                aria-label='FAQ Section'\n                aria-live='polite'><article class=\"accordion \"><div class='helpie-faq-row'><div class='helpie-faq-col helpie-faq-col-12' ><ul><li class=\"accordion__item \"><div class=\"accordion__header \" \r\n                id=\"accordion-header-post-28920\"\r\n                role=\"button\"\r\n                aria-expanded=\"false\"\r\n                aria-controls=\"accordion-content-post-28920\"\r\n                data-id=\"post-28920\" \r\n                data-item=\"hfaq-post-28920\" \r\n                style=\"background:transparent;\" \r\n                data-tags=\"\"\r\n                tabindex=\"0\"><div class=\"accordion__title\">AKK Sanit\u00e1\u0159<\/div><\/div><div id=\"accordion-content-post-28920\" \r\n                class=\"accordion__body\" \r\n                role=\"region\"\r\n                aria-labelledby=\"accordion-header-post-28920\"\r\n                style=\"background:transparent;\"><p><a href=\"\/wp-content\/uploads\/2024\/01\/Prihlaska-do-AKK-SANITAR-1.docx\" rel=\"noopener\">P\u0159ihl\u00e1\u0161ka do AKK Sanit\u00e1\u0159<\/a><br \/>\n<a href=\"\/wp-content\/uploads\/2024\/01\/zadost_o_zapocteni_kurzu.pdf\" target=\"_blank\" rel=\"noopener\">\u017d\u00e1dost o zapo\u010dten\u00ed kurzu<\/a><\/p>\n<\/div><\/li><\/ul><\/div><\/div><\/article><\/section>\n<h4><span style=\"text-decoration: underline;\">Certifikovan\u00e9 kurzy<\/span><\/h4>\n<p>Certifikovan\u00fd kurz uskute\u010d\u0148uje akreditovan\u00e9 za\u0159\u00edzen\u00ed, kter\u00e9mu byla ud\u011blena \u010di prodlou\u017eena akreditace Ministerstvem zdravotnictv\u00ed.<\/p>\n<p>Certifikovan\u00fdm kurzem zdravotni\u010dt\u00ed pracovn\u00edci nebo jin\u00ed odborn\u00ed pracovn\u00edci z\u00edsk\u00e1vaj\u00ed zvl\u00e1\u0161tn\u00ed odbornou zp\u016fsobilost pro \u00fazce vymezen\u00e9 zdravotnick\u00e9 \u010dinnosti, kter\u00e9 prohlubuj\u00ed z\u00edskanou odbornou nebo specializovanou zp\u016fsobilost. Certifikovan\u00fdm kurzem nelze nahradit z\u00edsk\u00e1n\u00ed odborn\u00e9 nebo specializovan\u00e9 zp\u016fsobilosti k v\u00fdkonu zdravotnick\u00e9ho povol\u00e1n\u00ed.<\/p>\n<p>Seznam certifikovan\u00fdch kurz\u016f naleznete v odkazu n\u00ed\u017ee.<\/p>\n<style type=\"text\/css\"><\/style><section id='' \n                class='helpie-faq accordions groupSettings-439__enabled' \n                data-collection='' \n                data-pagination='0' \n                data-search='0' \n                data-pagination-enabled='0'\n                role='region'\n                aria-label='FAQ Section'\n                aria-live='polite'><article class=\"accordion \"><div class='helpie-faq-row'><div class='helpie-faq-col helpie-faq-col-12' ><ul><li class=\"accordion__item \"><div class=\"accordion__header \" \r\n                id=\"accordion-header-post-29027\"\r\n                role=\"button\"\r\n                aria-expanded=\"false\"\r\n                aria-controls=\"accordion-content-post-29027\"\r\n                data-id=\"post-29027\" \r\n                data-item=\"hfaq-post-29027\" \r\n                style=\"background:transparent;\" \r\n                data-tags=\"\"\r\n                tabindex=\"0\"><div class=\"accordion__title\">Pokyny pro o\u0161et\u0159ovatelskou p\u00e9\u010di<\/div><\/div><div id=\"accordion-content-post-29027\" \r\n                class=\"accordion__body\" \r\n                role=\"region\"\r\n                aria-labelledby=\"accordion-header-post-29027\"\r\n                style=\"background:transparent;\"><p><a href=\"\/wp-content\/uploads\/2024\/01\/SV_Pokyny_OP-v-internich-oborech.pdf\" target=\"_blank\" rel=\"noopener\">Pokyny pro OP v intern\u00edch oborech<\/a><br \/>\n<a href=\"\/wp-content\/uploads\/2024\/01\/Pokyny_Osetrovatelska-pece-o-pacienty-s-bolesti.pdf\" target=\"_blank\" rel=\"noopener\">Pokyny pro OP o pacienty s bolest\u00ed<\/a><br \/>\n<a href=\"\/wp-content\/uploads\/2024\/01\/Pokyny_Prace-sestry-v-anesteziologii.pdf\" target=\"_blank\" rel=\"noopener\">Pokyny pr\u00e1ce sestry v anesteziologii<\/a><br \/>\n<a href=\"\/wp-content\/uploads\/2024\/01\/Pokyny_Specificka-osetrovatelska-pece-o-nehojici-se-rany-a-defekty-1.pdf\" target=\"_blank\" rel=\"noopener\">Pokyny &#8211; specifick\u00e1 OP o nehoj\u00edc\u00ed se r\u00e1ny a defekty<\/a><br \/>\n<a href=\"\/wp-content\/uploads\/2024\/01\/Pokyny_Umela-plicni-ventilace.pdf\" target=\"_blank\" rel=\"noopener\">Pokyny &#8211; um\u011bl\u00e1 plicn\u00ed ventilace<\/a><\/p>\n<\/div><\/li><\/ul><\/div><\/div><\/article><\/section>\n<h4><span style=\"text-decoration: underline;\">Specializa\u010dn\u00ed vzd\u011bl\u00e1v\u00e1n\u00ed<\/span><\/h4>\n<p>Specializa\u010dn\u00ed vzd\u011bl\u00e1v\u00e1n\u00ed (d\u00e1le jen SV) je jednou z forem celo\u017eivotn\u00edho vzd\u011bl\u00e1v\u00e1n\u00ed, kter\u00e9 je stanoveno v \u00a7 53 \u2013 54 z\u00e1kona \u010d. 96\/2004 Sb., z\u00e1kon o nel\u00e9ka\u0159sk\u00fdch zdravotnick\u00fdch povol\u00e1n\u00edch, ve zn\u011bn\u00ed pozd\u011bj\u0161\u00edch p\u0159edpis\u016f (d\u00e1le jen \u201ez\u00e1kon \u010d. 96\/2004 Sb.\u201c).<\/p>\n<p>\u00da\u010delem SV zdravotnick\u00fdch pracovn\u00edk\u016f a jin\u00fdch odborn\u00fdch pracovn\u00edk\u016f je z\u00edsk\u00e1n\u00ed specializovan\u00e9 zp\u016fsobilosti k v\u00fdkonu specializovan\u00fdch \u010dinnost\u00ed p\u0159\u00edslu\u0161n\u00e9ho zdravotnick\u00e9ho povol\u00e1n\u00ed dle \u00a7 54 \u2013 164, vyhl\u00e1\u0161ky \u010d. 55\/2011 Sb., o \u010dinnostech zdravotnick\u00fdch pracovn\u00edk\u016f a jin\u00fdch odborn\u00fdch pracovn\u00edk\u016f.<br \/>\nNemocnice Jihlava, p. o. z\u00edskala akreditace k uskute\u010d\u0148ov\u00e1n\u00ed specializa\u010dn\u00edho vzd\u011bl\u00e1v\u00e1n\u00ed praktick\u00e9 \u010d\u00e1sti v oborech, kter\u00e9 naleznete v p\u0159\u00edloze.<\/p>\n<style type=\"text\/css\"><\/style><section id='' \n                class='helpie-faq accordions groupSettings-440__enabled' \n                data-collection='' \n                data-pagination='0' \n                data-search='0' \n                data-pagination-enabled='0'\n                role='region'\n                aria-label='FAQ Section'\n                aria-live='polite'><article class=\"accordion \"><div class='helpie-faq-row'><div class='helpie-faq-col helpie-faq-col-12' ><ul><li class=\"accordion__item \"><div class=\"accordion__header \" \r\n                id=\"accordion-header-post-29056\"\r\n                role=\"button\"\r\n                aria-expanded=\"false\"\r\n                aria-controls=\"accordion-content-post-29056\"\r\n                data-id=\"post-29056\" \r\n                data-item=\"hfaq-post-29056\" \r\n                style=\"background:transparent;\" \r\n                data-tags=\"\"\r\n                tabindex=\"0\"><div class=\"accordion__title\">Seznam ud\u011blen\u00fdch akreditac\u00ed specializa\u010dn\u00edho vzd\u011bl\u00e1v\u00e1n\u00ed a pokyny<\/div><\/div><div id=\"accordion-content-post-29056\" \r\n                class=\"accordion__body\" \r\n                role=\"region\"\r\n                aria-labelledby=\"accordion-header-post-29056\"\r\n                style=\"background:transparent;\"><p><a href=\"\/wp-content\/uploads\/2024\/01\/Seznam-udelenych-akreditaci-SV.xlsx\" rel=\"noopener\">Seznam ud\u011blen\u00fdch akreditac\u00ed SV<\/a><\/p>\n<p><a href=\"\/wp-content\/uploads\/2024\/01\/SV_Pokyny_Zdravotni-laborant-Mikrobiologie.pdf\" target=\"_blank\" rel=\"noopener\">Pokyny_Zdravotn\u00ed laborant &#8211; Mikrobiologie<\/a><\/p>\n<p><a href=\"\/wp-content\/uploads\/2024\/01\/SV_Pokyny_Zdravotni-laborant-Alergologie-a-klinicka-imunologie.pdf\" target=\"_blank\" rel=\"noopener\">Pokyny_Zdravotn\u00ed laborant &#8211; Alergologie a klinick\u00e1 imunologie<\/a><\/p>\n<p><a href=\"\/wp-content\/uploads\/2024\/01\/SV_Pokyny_Intenzivni-pece-v-pediatrii.pdf\" target=\"_blank\" rel=\"noopener\">Pokyny_Intenzivn\u00ed p\u00e9\u010de v pediatrii<\/a><\/p>\n<p><a href=\"\/wp-content\/uploads\/2024\/01\/SV_Pokyny_OP-v-pediatrii.pdf\" target=\"_blank\" rel=\"noopener\">Pokyny_OP v pediatrii<\/a><\/p>\n<p><a href=\"\/wp-content\/uploads\/2024\/01\/Pokyny_Intenzivni-pece.pdf\" target=\"_blank\" rel=\"noopener\">Pokyny_Intenzivn\u00ed p\u00e9\u010de<\/a><\/p>\n<p><a href=\"\/wp-content\/uploads\/2024\/01\/SV_Pokyny_OP-v-internich-oborech.pdf\" target=\"_blank\" rel=\"noopener\">Pokyny_OP v intern\u00edch oborech<\/a><\/p>\n<\/div><\/li><\/ul><\/div><\/div><\/article><\/section>\n<\/div>\n<div class=\"cmsmasters_text\">\n<p><\/p>\n<\/div>\n<div id=\"cmsmasters_divider_1jf3klbqau\" class=\"cmsmasters_divider cmsmasters_divider_width_long cmsmasters_divider_pos_left\"><\/div>\n<div class=\"cmsmasters_text download-links-large\">\n<h3>Studium na Vysok\u00e9 \u0161kole polytechnick\u00e9 Jihlava<\/h3>\n<\/div>\n<div class=\"cmsmasters_text\">\n<p>Vysok\u00e1 \u0161kola polytechnick\u00e1 Jihlava poskytuje vzd\u011bl\u00e1n\u00ed ve\u00a0t\u0159\u00edlet\u00fdch bakal\u00e1\u0159sk\u00fdch studijn\u00edch programech z\u00e1jemc\u016fm se st\u0159edo\u0161kolsk\u00fdm vzd\u011bl\u00e1n\u00edm ukon\u010den\u00fdm maturitou. \u00dasp\u011b\u0161n\u00fd absolvent z\u00edsk\u00e1 titul bakal\u00e1\u0159 (Bc.).<\/p>\n<h4><span style=\"text-decoration: underline;\">V\u0161eobecn\u00e9 o\u0161et\u0159ovatelstv\u00ed \u00a0<\/span><\/h4>\n<p>Studijn\u00ed program V\u0161eobecn\u00e9 o\u0161et\u0159ovatelstv\u00ed poskytuje prakticky zam\u011b\u0159en\u00e9 bakal\u00e1\u0159sk\u00e9 vzd\u011bl\u00e1n\u00ed pro n\u00e1sledn\u00fd v\u00fdkon zdravotnick\u00e9ho povol\u00e1n\u00ed bez odborn\u00e9ho dohledu. Je koncipov\u00e1n v souladu se Sm\u011brnic\u00ed Evropsk\u00e9ho parlamentu a Rady 2005\/36\/ES o uzn\u00e1v\u00e1n\u00ed odborn\u00fdch kvalifikac\u00ed p\u0159i poskytov\u00e1n\u00ed slu\u017eeb a d\u00e1v\u00e1 absolventovi z\u00e1kladn\u00ed p\u0159edpoklady k v\u00fdkonu regulovan\u00e9ho povol\u00e1n\u00ed na \u00fazem\u00ed Evropsk\u00e9 unie. Studium prob\u00edh\u00e1 v\u00a0prezen\u010dn\u00ed i kombinovan\u00e9 form\u011b a jeho ned\u00edlnou sou\u010d\u00e1st tvo\u0159\u00ed praxe v\u00a0d\u00e9lce 57 t\u00fddn\u016f. V\u00edce informac\u00ed o programu, term\u00ednech i e-p\u0159ihl\u00e1\u0161ce naleznete <strong><a href=\"https:\/\/www.vspj.cz\/cs\/zajemce-o-studium\/e-prihlaska?oborwid=16\">ZDE<\/a><\/strong>.<\/p>\n<h4><span style=\"text-decoration: underline;\">Porodn\u00ed asistence<\/span><\/h4>\n<p>Studijn\u00ed program Porodn\u00ed asistence poskytuje prakticky zam\u011b\u0159en\u00e9 bakal\u00e1\u0159sk\u00e9 vzd\u011bl\u00e1n\u00ed v\u00a0oblasti porodn\u00ed asistence. Je koncipov\u00e1n v souladu se Sm\u011brnic\u00ed Evropsk\u00e9ho parlamentu a Rady 2005\/36\/ES o uzn\u00e1v\u00e1n\u00ed odborn\u00fdch kvalifikac\u00ed p\u0159i poskytov\u00e1n\u00ed slu\u017eeb a d\u00e1v\u00e1 absolventovi z\u00e1kladn\u00ed p\u0159edpoklady k\u00a0v\u00fdkonu regulovan\u00e9ho povol\u00e1n\u00ed v\u00a0oblasti EU. Studium prob\u00edh\u00e1 pouze\u00a0prezen\u010dn\u00ed formou a jeho ned\u00edlnou sou\u010d\u00e1st tvo\u0159\u00ed praxe v celkov\u00e9 d\u00e9lce 57 t\u00fddn\u016f. V\u00edce informac\u00ed o programu, term\u00ednech i e-p\u0159ihl\u00e1\u0161ce naleznete <strong><a href=\"https:\/\/www.vspj.cz\/cs\/zajemce-o-studium\/e-prihlaska?oborwid=15\">ZDE<\/a><\/strong>.<\/p>\n<\/div>\n<div class=\"cmsmasters_text\">\n<p><a id=\"rezidenti\"><\/a><\/p>\n<\/div>\n<div id=\"cmsmasters_divider_2smn4bima9\" class=\"cmsmasters_divider cmsmasters_divider_width_long cmsmasters_divider_pos_left\"><\/div>\n<div id=\"cmsmasters_divider_af6ad1w8fh\" class=\"cmsmasters_divider cmsmasters_divider_width_long cmsmasters_divider_pos_left\"><\/div>\n<div class=\"cmsmasters_text download-links-large\">\n<h3>Nel\u00e9ka\u0159sk\u00e1 reziden\u010dn\u00ed m\u00edsta 2025<\/h3>\n<p>&nbsp;<\/p>\n<\/div>\n<div class=\"cmsmasters_text download-links-large\">\n<p><strong><a href=\"\/wp-content\/uploads\/2025\/06\/Text-inzeratu-na-vyberove-rizeni-na-RM-nelekari-2025-1.pdf\">Vyhl\u00e1\u0161en\u00ed v\u00fdb\u011brov\u00e9ho \u0159\u00edzen\u00ed 2025<\/a><\/strong><\/p>\n<p><strong><a href=\"\/wp-content\/uploads\/2025\/06\/Prihlaska_do_vyberoveho_rizeni_2025.pdf\">P\u0159ihl\u00e1\u0161ka do v\u00fdb\u011brov\u00e9ho \u0159\u00edzen\u00ed RMN 2025<\/a><\/strong><\/p>\n<p><strong><a href=\"\/wp-content\/uploads\/2025\/06\/Osobni_dotaznik_rezidenta_RMN_2025.pdf\">Osobn\u00ed dotazn\u00edk rezidenta 2025<\/a><\/strong><\/p>\n<\/div>\n<div id=\"cmsmasters_divider_ueyj63yju\" class=\"cmsmasters_divider cmsmasters_divider_width_long cmsmasters_divider_pos_left\"><\/div>\n<div id=\"cmsmasters_divider_0upnl91mv\" class=\"cmsmasters_divider cmsmasters_divider_width_long cmsmasters_divider_pos_left\"><\/div>\n<div id=\"cmsmasters_divider_7xn9i6w5io\" class=\"cmsmasters_divider cmsmasters_divider_width_long cmsmasters_divider_pos_left\"><\/div>\n<div class=\"cmsmasters_text download-links-large\">\n<h3>Nel\u00e9ka\u0159sk\u00e1 reziden\u010dn\u00ed m\u00edsta 2024<\/h3>\n<p>&nbsp;<\/p>\n<\/div>\n<div class=\"cmsmasters_text download-links-large\">\n<p><strong><a href=\"\/wp-content\/uploads\/2024\/06\/Vyhlaseni-vyberoveho-rizeni-RMN-2024.pdf\">Vyhl\u00e1\u0161en\u00ed v\u00fdb\u011brov\u00e9ho \u0159\u00edzen\u00ed 2024<\/a><\/strong><\/p>\n<p><strong><a href=\"\/wp-content\/uploads\/2024\/06\/Prihlaska-do-vyberoveho-rizeni-RMN-2024.pdf\">P\u0159ihl\u00e1\u0161ka do v\u00fdb\u011brov\u00e9ho \u0159\u00edzen\u00ed RMN 2024<\/a><\/strong><\/p>\n<p><strong><a href=\"\/wp-content\/uploads\/2024\/06\/Osobni-dotaznik-rezidenta-RMN-2024.pdf\">Osobn\u00ed dotazn\u00edk rezidenta 2024<\/a><\/strong><\/p>\n<\/div>\n<div class=\"cmsmasters_text\">\n<p><\/p>\n<\/div>\n<\/div><\/div>\n<\/div>\n<\/div>\n<\/div>\n<\/div>\n<\/div>\n\n","protected":false},"excerpt":{"rendered":"","protected":false},"author":5,"featured_media":26771,"parent":0,"menu_order":0,"comment_status":"closed","ping_status":"closed","template":"","meta":{"pgc_sgb_lightbox_settings":"","footnotes":"","_links_to":"","_links_to_target":""},"categories":[],"class_list":["post-28028","page","type-page","status-publish","has-post-thumbnail","hentry"],"publishpress_future_action":{"enabled":false,"date":"2026-04-18 00:11:29","action":"change-status","newStatus":"draft","terms":[],"taxonomy":"category","extraData":[]},"publishpress_future_workflow_manual_trigger":{"enabledWorkflows":[]},"_links":{"self":[{"href":"https:\/\/webnemji.azurewebsites.net\/en\/wp-json\/wp\/v2\/pages\/28028","targetHints":{"allow":["GET"]}}],"collection":[{"href":"https:\/\/webnemji.azurewebsites.net\/en\/wp-json\/wp\/v2\/pages"}],"about":[{"href":"https:\/\/webnemji.azurewebsites.net\/en\/wp-json\/wp\/v2\/types\/page"}],"author":[{"embeddable":true,"href":"https:\/\/webnemji.azurewebsites.net\/en\/wp-json\/wp\/v2\/users\/5"}],"replies":[{"embeddable":true,"href":"https:\/\/webnemji.azurewebsites.net\/en\/wp-json\/wp\/v2\/comments?post=28028"}],"version-history":[{"count":1,"href":"https:\/\/webnemji.azurewebsites.net\/en\/wp-json\/wp\/v2\/pages\/28028\/revisions"}],"predecessor-version":[{"id":35636,"href":"https:\/\/webnemji.azurewebsites.net\/en\/wp-json\/wp\/v2\/pages\/28028\/revisions\/35636"}],"wp:featuredmedia":[{"embeddable":true,"href":"https:\/\/webnemji.azurewebsites.net\/en\/wp-json\/wp\/v2\/media\/26771"}],"wp:attachment":[{"href":"https:\/\/webnemji.azurewebsites.net\/en\/wp-json\/wp\/v2\/media?parent=28028"}],"wp:term":[{"taxonomy":"category","embeddable":true,"href":"https:\/\/webnemji.azurewebsites.net\/en\/wp-json\/wp\/v2\/categories?post=28028"}],"curies":[{"name":"wp","href":"https:\/\/api.w.org\/{rel}","templated":true}]}}