{"id":28216,"date":"2023-12-20T14:49:00","date_gmt":"2023-12-20T13:49:00","guid":{"rendered":"https:\/\/test.nemji.cz\/?page_id=28216"},"modified":"2023-12-20T14:49:00","modified_gmt":"2023-12-20T13:49:00","slug":"historie-onk","status":"publish","type":"page","link":"https:\/\/webnemji.azurewebsites.net\/en\/oddeleni\/onkologicke-oddeleni\/historie-onk\/","title":{"rendered":"Historie Onkologick\u00e9ho odd\u011blen\u00ed"},"content":{"rendered":"<div id=\"cmsmasters_row_6iluctg3hk\" class=\"cmsmasters_row cmsmasters_color_scheme_default cmsmasters_row_top_default cmsmasters_row_bot_default cmsmasters_row_boxed\">\n<div class=\"cmsmasters_row_outer_parent\">\n<div class=\"cmsmasters_row_overlay\"><\/div>\n<div class=\"cmsmasters_row_outer\">\n<div class=\"cmsmasters_row_inner\">\n<div class=\"cmsmasters_row_margin\">\n<div id=\"cmsmasters_column_sybg7he2sg\" class=\"cmsmasters_column one_first\">\n<div class=\"cmsmasters_column_inner\"><div id=\"cmsmasters_heading_b3c74b95a0\" class=\"cmsmasters_heading_wrap cmsmasters_heading_align_center pageheadingtitle\">\n\t<h1 class=\"cmsmasters_heading\">Historie Onkologick\u00e9ho odd\u011blen\u00ed<\/h1>\n<\/div>\n<\/div><\/div>\n<\/div>\n<\/div>\n<\/div>\n<\/div>\n<\/div>\n<div id=\"cmsmasters_row_ly5ze1hf8e\" class=\"cmsmasters_row cmsmasters_color_scheme_default cmsmasters_row_top_default cmsmasters_row_bot_default cmsmasters_row_boxed\">\n<div class=\"cmsmasters_row_outer_parent\">\n<div class=\"cmsmasters_row_outer\">\n<div class=\"cmsmasters_row_inner\">\n<div class=\"cmsmasters_row_margin\">\n<div id=\"cmsmasters_column_v67ee6nvg7\" class=\"cmsmasters_column one_first\">\n<div class=\"cmsmasters_column_inner\"><div class=\"cmsmasters_text\">\n<p><nav aria-label=\"breadcrumbs\">\n            <div class=\"breadcrumb-container theme1\">\n                <ol>\n                                    <\/ol>\n            <\/div>\n        <\/nav>    <script type=\"application\/ld+json\">\n        {\n            \"@context\": \"http:\/\/schema.org\",\n            \"@type\": \"BreadcrumbList\",\n            \"itemListElement\": [\n                            ]\n        }\n    <\/script>\n   \n    <script>\n            <\/script>\n<\/p>\n<\/div>\n<\/div><\/div>\n<\/div>\n<\/div>\n<\/div>\n<\/div>\n<\/div>\n<div id=\"cmsmasters_row_3f2f8816dd\" class=\"cmsmasters_row cmsmasters_color_scheme_default cmsmasters_row_top_default cmsmasters_row_bot_default cmsmasters_row_boxed\">\n<div class=\"cmsmasters_row_outer_parent\">\n<div class=\"cmsmasters_row_outer\">\n<div class=\"cmsmasters_row_inner\">\n<div class=\"cmsmasters_row_margin\">\n<div id=\"cmsmasters_column_0a1c5940f5\" class=\"cmsmasters_column one_third stickyinfocolumn\">\n<div class=\"cmsmasters_column_inner\"><div id=\"cmsmasters_heading_rva6m2t32d\" class=\"cmsmasters_heading_wrap cmsmasters_heading_align_center\">\n\t<h3 class=\"cmsmasters_heading\">Informace o odd\u011blen\u00ed<\/h3>\n<\/div>\n<div id=\"cmsmasters_divider_dpp34mcdj5\" class=\"cmsmasters_divider cmsmasters_divider_width_short cmsmasters_divider_pos_center\"><\/div>\n<div class=\"cmsmasters_sidebar sidebar_layout_11 sidebar-custom-menu\"><aside id=\"nav_menu-27\" class=\"widget widget_nav_menu\"><div class=\"menu-oddeleni-onkologie-container\"><ul id=\"menu-oddeleni-onkologie\" class=\"menu\"><li id=\"menu-item-21990\" class=\"menu-item menu-item-type-custom menu-item-object-custom menu-item-21990\"><a href=\"\/oddeleni\/onkologicke-oddeleni\/#popis-oddeleni\" data-ps2id-api=\"true\"><i class=\"fa-solid fa-info\"><\/i> Popis odd\u011blen\u00ed<\/a><\/li>\n<li id=\"menu-item-21991\" class=\"menu-item menu-item-type-custom menu-item-object-custom menu-item-21991\"><a href=\"\/oddeleni\/onkologicke-oddeleni\/#personalni-obsazeni\" data-ps2id-api=\"true\"><i class=\"fa-solid fa-user-doctor\"><\/i> Person\u00e1ln\u00ed obsazen\u00ed<\/a><\/li>\n<li id=\"menu-item-21992\" class=\"menu-item menu-item-type-custom menu-item-object-custom menu-item-21992\"><a href=\"\/oddeleni\/onkologicke-oddeleni\/#ordinacni-hodiny\" data-ps2id-api=\"true\"><i class=\"fa-regular fa-clock\"><\/i> Ordina\u010dn\u00ed hodiny<\/a><\/li>\n<li id=\"menu-item-21993\" class=\"menu-item menu-item-type-custom menu-item-object-custom menu-item-21993\"><a href=\"\/oddeleni\/onkologicke-oddeleni\/#kontaktni-informace\" data-ps2id-api=\"true\"><i class=\"fa-solid fa-phone\"><\/i> Kontaktn\u00ed informace<\/a><\/li>\n<li id=\"menu-item-21994\" class=\"menu-item menu-item-type-custom menu-item-object-custom menu-item-21994\"><a href=\"\/oddeleni\/onkologicke-oddeleni\/#kde-nas-najdete\" data-ps2id-api=\"true\"><i class=\"fa-solid fa-location-dot\"><\/i> Kde n\u00e1s najdete<\/a><\/li>\n<li id=\"menu-item-21995\" class=\"menu-item menu-item-type-custom menu-item-object-custom menu-item-21995\"><a href=\"\/oddeleni\/onkologicke-oddeleni\/#fotogalerie\" data-ps2id-api=\"true\"><i class=\"fa-solid fa-camera\"><\/i> Fotogalerie<\/a><\/li>\n<li id=\"menu-item-21996\" class=\"menu-custom-separator menu-item menu-item-type-custom menu-item-object-custom menu-item-21996\"><hr class=\"mhm-menu-separator\"><\/li>\n<li id=\"menu-item-28403\" class=\"static-link menu-item menu-item-type-custom menu-item-object-custom menu-item-28403\"><a href=\"\/oddeleni\/onkologicke-oddeleni\/onkologicke-ambulance\/\" data-ps2id-api=\"true\"><i class=\"fa-solid fa-house-medical\"><\/i>Ambulance<\/a><\/li>\n<li id=\"menu-item-22052\" class=\"static-link menu-item menu-item-type-custom menu-item-object-custom menu-item-22052\"><a href=\"\/oddeleni\/onkologicke-oddeleni\/spektrum-pece\/\" data-ps2id-api=\"true\"><i class=\"fa-solid fa-stethoscope\"><\/i> Spektrum p\u00e9\u010de<\/a><\/li>\n<li id=\"menu-item-21998\" class=\"static-link menu-item menu-item-type-custom menu-item-object-custom menu-item-21998\"><a href=\"\/oddeleni\/onkologicke-oddeleni\/luzkova-cast\/\" data-ps2id-api=\"true\"><i class=\"fa-solid fa-bed-pulse\"><\/i> L\u016f\u017ekov\u00e1 \u010d\u00e1st<\/a><\/li>\n<li id=\"menu-item-35398\" class=\"static-link menu-item menu-item-type-custom menu-item-object-custom menu-item-35398\"><a href=\"\/oddeleni\/onkologicke-oddeleni\/komplexni-onkologicke-centrum\/\" data-ps2id-api=\"true\"><i class=\"fa-solid fa-arrows-to-dot\"><\/i>Komplexn\u00ed onkologick\u00e9 centrum<\/a><\/li>\n<li id=\"menu-item-35616\" class=\"static-link menu-item menu-item-type-custom menu-item-object-custom menu-item-35616\"><a href=\"\/oddeleni\/onkologicke-oddeleni\/pacientska-rada\/\" data-ps2id-api=\"true\"><i class=\"fa-solid fa-users\"><\/i> Pacientsk\u00e1 rada<\/a><\/li>\n<li id=\"menu-item-22057\" class=\"static-link menu-item menu-item-type-custom menu-item-object-custom menu-item-22057\"><a href=\"\/oddeleni\/onkologicke-oddeleni\/kooperujici-onkologicka-skupina-kraje-vysocina\/\" data-ps2id-api=\"true\"><i class=\"fa-solid fa-people-group\"><\/i> Kooperuj\u00edc\u00ed onkologick\u00e1 skupina Kraje Vyso\u010dina<\/a><\/li>\n<li id=\"menu-item-35181\" class=\"static-link menu-item menu-item-type-custom menu-item-object-custom menu-item-35181\"><a href=\"\/oddeleni\/onkologicke-oddeleni\/onko-koo\/\" data-ps2id-api=\"true\"><i class=\"fa-solid fa-hand-holding-heart\"><\/i> Koordin\u00e1to\u0159i onkologick\u00e9 p\u00e9\u010de<\/a><\/li>\n<li id=\"menu-item-28218\" class=\"menu-item menu-item-type-custom menu-item-object-custom menu-item-28218\"><a href=\"\/oddeleni\/onkologicke-oddeleni\/historie-onk\/\" data-ps2id-api=\"true\"><i class=\"fa-solid fa-ribbon\"><\/i>Historie Onkologick\u00e9ho odd\u011blen\u00ed<\/a><\/li>\n<\/ul><\/div><\/aside><div class=\"cl\"><\/div>\n<\/div>\n<\/div><\/div>\n<div id=\"cmsmasters_column_k7vlyuz4yq\" class=\"cmsmasters_column two_third\">\n<div class=\"cmsmasters_column_inner\"><div id=\"cmsmasters_heading_0cx4mcjjyd\" class=\"cmsmasters_heading_wrap cmsmasters_heading_align_left\">\n\t<h2 class=\"cmsmasters_heading\">Historie Onkologick\u00e9ho odd\u011blen\u00ed<\/h2>\n<\/div>\n<div id=\"cmsmasters_divider_kul4awri6m\" class=\"cmsmasters_divider cmsmasters_divider_width_short cmsmasters_divider_pos_left\"><\/div>\n<div class=\"cmsmasters_text\">\n<p>Pou\u017e\u00edv\u00e1n\u00ed ionizuj\u00edc\u00edho z\u00e1\u0159en\u00ed p\u0159i l\u00e9\u010db\u011b zhoubn\u00fdch i nezhoubn\u00fdch onemocn\u011bn\u00ed na Jihlavsku se datuje od roku 1928, kdy byl v jihlavsk\u00e9 nemocnici otev\u0159en pavilon chirurgie, v jeho\u017e suter\u00e9nu byla sou\u010dasn\u011b zprovozn\u011bna i rentgenov\u00e1 stanice<\/p>\n<p>Po vzniku Jihlavsk\u00e9ho kraje v\u00a0roce 1949 vznikla v jihlavsk\u00e9 nemocnici \u0159ada specializovan\u00fdch odd\u011blen\u00ed. Jedn\u00edm z\u00a0nich bylo i <strong>odd\u011blen\u00ed radiologick\u00e9<\/strong>, uveden\u00e9 do provozu 1.\u010dervence 1950. Jeho prvn\u00edm p\u0159ednostou se stal dosavadn\u00ed l\u00e9ka\u0159 rentgenologick\u00e9ho \u00fastavu v\u00a0Olomouci MUDr. Vladim\u00edr Mal\u00fd.<\/p>\n<p>Odd\u011blen\u00ed m\u011blo \u010d\u00e1st radiologickou (=diagnostickou) a radioterapeutickou. Za\u010d\u00e1tkem 50.let do\u0161lo k\u00a0roz\u0161\u00ed\u0159en\u00ed odd\u011blen\u00ed o l\u016f\u017ekovou \u010d\u00e1st. Zaj\u00edmavost\u00ed z\u00a0dne\u0161n\u00edho hlediska je d\u016fvod, pro\u010d radiologie l\u016f\u017eka po\u017eadovala. Bylo to proto, \u017ee bylo t\u0159eba hospitalizovat nemocn\u00e9 s\u00a0t\u011b\u017ek\u00fdmi reakcemi po oz\u00e1\u0159en\u00ed.<\/p>\n<p>O nemocn\u00e9 se zpo\u010d\u00e1tku staraly milosrdn\u00e9 sestry III. \u0159\u00e1du sv. Franti\u0161ka v Brn\u011b. V letech 1954-1955 byly vyst\u0159\u00edd\u00e1ny civiln\u00edm, st\u0159edn\u011b zdravotn\u00edm person\u00e1lem. Koncem 50.let m\u011bla l\u016f\u017ekov\u00e1 \u010d\u00e1st 24 l\u016f\u017eek. Pro oza\u0159ov\u00e1n\u00ed slou\u017eily hloubkov\u00e9 rtg oza\u0159ova\u010de Stabilivolt a Siemens bombe a kontaktn\u00ed rtg od firmy Siemens poch\u00e1zej\u00edc\u00ed je\u0161t\u011b z p\u0159edv\u00e1le\u010dn\u00e9ho obdob\u00ed.<\/p>\n<p>P\u0159esto\u017ee v roce 1960 do\u0161lo k reorganizaci st\u00e1topr\u00e1vn\u00edho uspo\u0159\u00e1d\u00e1n\u00ed a jihlavsk\u00e1 nemocnice ztratila statut krajsk\u00e9ho za\u0159\u00edzen\u00ed, na rozvoji radiologick\u00e9ho odd\u011blen\u00ed se tyto skute\u010dnosti nijak v\u00fdrazn\u011b neodrazily. V roce 1959 byly zah\u00e1jeny stavebn\u00ed \u00fapravy suter\u00e9nu chirurgick\u00e9ho pavilonu, aby zde mohl b\u00fdt instalov\u00e1n prvn\u00ed kobaltov\u00fd z\u00e1\u0159i\u010d (tzv. kobaltov\u00e1 bomba). Nov\u00fd p\u0159\u00edstroj GUT-400-2 sov\u011btsk\u00e9 provenience byl uveden do provozu 3. ledna 1961 a znamenal v\u00fdraznou kvalitativn\u00ed zm\u011bnu oproti dosud pou\u017e\u00edvan\u00fdm rentgenov\u00fdm z\u00e1\u0159i\u010d\u016fm. Nen\u00ed bez zaj\u00edmavosti, \u017ee tento z\u00e1\u0159i\u010d byl v Jihlav\u011b instalov\u00e1n jako prvn\u00ed na ji\u017en\u00ed Morav\u011b, dokonce d\u0159\u00edve ne\u017e v Brn\u011b na \u017dlut\u00e9m Kopci. Mo\u017enosti l\u00e9\u010dby z\u00e1\u0159en\u00edm byly d\u00e1le zv\u00fd\u0161eny zakoupen\u00edm za\u0159\u00edzen\u00ed na l\u00e9\u010dbu r\u00e1diem a adaptac\u00ed jedn\u00e9 z m\u00edstnost\u00ed v suter\u00e9nu na \u201eradiov\u00fd\u201c pokoj se 2 l\u016f\u017eky.<\/p>\n<p>Pokra\u010duj\u00edc\u00ed zv\u00fd\u0161en\u00fd v\u00fdskyt n\u00e1dorov\u00fdch onemocn\u011bn\u00ed, rozvoj oza\u0159ovac\u00edch technik, zav\u00e1d\u011bn\u00ed nov\u00fdch l\u00e9\u010debn\u00fdch postup\u016f a zejm\u00e9na prudk\u00fd n\u00e1stup nov\u00fdch protin\u00e1dorov\u00fdch l\u00e9k\u016f-cytostatik v l\u00e9\u010db\u011b n\u00e1dorov\u00fdch onemocn\u011bn\u00ed vedl k st\u00e1le v\u011bt\u0161\u00edmu odd\u011blov\u00e1n\u00ed p\u016fvodn\u00ed jednotn\u00e9 radiologie na sm\u011br radiodiagnostick\u00fd a radioterapeutick\u00fd. 1. \u00fanora 1972 se vy\u010dlenilo samostatn\u00e9 <strong>Radioterapeutick\u00e9 odd\u011blen\u00ed<\/strong>, jeho\u017e p\u0159ednostou se stal MUDr. Jan \u0160t\u011bp\u00e1nek. Po\u010det nemocni\u010dn\u00edch l\u016f\u017eek postupn\u011b vzrostl na 37, jejich um\u00edst\u011bn\u00ed v st\u00e1vaj\u00edc\u00edch prostor\u00e1ch bylo ale st\u00e1le provizorn\u00ed.<\/p>\n<p>Otev\u0159en\u00ed nov\u00e9ho intern\u00edho pavilonu v tzv. Nov\u00e9 nemocnici v\u00a0roce 1983 znamenalo roz\u0161\u00ed\u0159en\u00ed po\u010dtu l\u016f\u017eek na 64 a z\u00e1rove\u0148 do\u0161lo i ke zv\u00fd\u0161en\u00ed pohodl\u00ed a soukrom\u00ed pro pacienty. T\u00edm ov\u0161em sou\u010dasn\u011b do\u0161lo k\u00a0odd\u011blen\u00ed l\u016f\u017ekov\u00e9 \u010d\u00e1sti od oza\u0159ovac\u00edho traktu, pon\u011bvad\u017e l\u00e9\u010dba z\u00e1\u0159en\u00edm byla i nad\u00e1le provozov\u00e1na ve zcela nevyhovuj\u00edc\u00edch podm\u00ednk\u00e1ch suter\u00e9nu chirurgie ve Star\u00e9 nemocnici a hospitalizovan\u00ed pacienti sem byli na oz\u00e1\u0159en\u00ed dov\u00e1\u017eeni sanitn\u00edmi vozy. Pl\u00e1nov\u00e1n\u00ed l\u00e9\u010dby se prov\u00e1d\u011blo z\u00a0dne\u0161n\u00edho hlediska primitivn\u00edm zp\u016fsobem, org\u00e1ny se zakreslovaly s pomoc\u00ed\u00a0anatomick\u00e9ho atlasu a izod\u00f3zn\u00ed pl\u00e1ny se skl\u00e1daly ru\u010dn\u011b. P\u0159esto se na oza\u0159ovn\u00e1ch prov\u00e1d\u011bly n\u011bkter\u00e9 zcela unik\u00e1tn\u00ed techniky, jako nap\u0159. peropera\u010dn\u00ed oza\u0159ov\u00e1n\u00ed n\u00e1dor\u016f mo\u010dov\u00e9ho m\u011bch\u00fd\u0159e \u010di oza\u0159ov\u00e1n\u00ed kostn\u00edch metast\u00e1z vysok\u00fdmi frakcemi z\u00e1\u0159en\u00ed. Koncem 70.let do\u0161lo k\u00a0v\u00fdm\u011bn\u011b kobaltov\u00e9ho z\u00e1\u0159i\u010de GUT za modern\u011bj\u0161\u00ed Chisostat od \u010ds. firmy Chirana a sou\u010dasn\u011b i hloubkov\u00e9 rtg z\u00e1\u0159i\u010de nahradil ma\u010farsk\u00fd THX-250.\u00a0Dozimetrie svazk\u016f a dal\u0161\u00ed m\u011b\u0159en\u00ed byly prov\u00e1d\u011bny zpo\u010d\u00e1tku extern\u011b, teprve v\u00a0roce 1982 byl p\u0159ijat fyzik na \u010d\u00e1ste\u010dn\u00fd \u00favazek.<\/p>\n<p>V\u00a0roce 1986 byla dokon\u010dena <strong>v\u00fdstavba<\/strong> <strong>nov\u00fdch oza\u0159oven<\/strong> v\u00a0r\u00e1mci Nov\u00e9 nemocnice a slavnostn\u00ed otev\u0159en\u00ed se konalo 2.\u00a0\u00fanora 1987. T\u00edm do\u0161lo kone\u010dn\u011b ke spojen\u00ed l\u016f\u017ekov\u00e9 \u010d\u00e1sti s\u00a0terapeutickou a ambulantn\u00ed. Nov\u00fd are\u00e1l soust\u0159edil na podm\u00ednky tehdej\u0161\u00edho \u010ceskoslovenska nejmodern\u011bj\u0161\u00ed oza\u0159ovac\u00ed techniku pokr\u00fdvaj\u00edc\u00ed cel\u00e9 spektrum indikac\u00ed l\u00e9\u010dby z\u00e1\u0159en\u00edm. Oza\u0159ovny byly postupn\u011b vybaveny 2 nov\u00fdmi megavolt\u00e1\u017en\u00edmi zdroji z\u00e1\u0159en\u00ed: kobaltov\u00fdm oza\u0159ova\u010dem Chisobalt 2n-B-75\u00a0\u00a0s\u00a0oto\u010dn\u00fdm ramenem a tedy mo\u017enost\u00ed pohybov\u00e9 terapie a urychlova\u010dem typu betatron Ostron E-19L, ob\u011bma dom\u00e1c\u00ed provenience. Ke kontaktn\u00ed rtg terapii povrchov\u00fdch n\u00e1dor\u016f byl zakoupen ma\u010farsk\u00fd MFT 60 Medicor. D\u00e1le odd\u011blen\u00ed obdr\u017eelo star\u0161\u00ed p\u0159\u00edstroje z\u00a0Radioterapeutick\u00e9ho \u00fastavu v\u00a0Praze na Bulovce. Jednalo se o hloubkov\u00fd rtg oza\u0159ova\u010d Stabilipan firmy Siemens, kontaktn\u00ed rtg p\u0159\u00edstroj Monopan od stejn\u00e9 firmy a \u010desk\u00fd simul\u00e1tor Chirasim, slou\u017e\u00edc\u00ed k pl\u00e1nov\u00e1n\u00ed l\u00e9\u010dby za standardn\u00edch podm\u00ednek v\u00a0oza\u0159ovac\u00ed poloze. Na oza\u0159ovn\u00e1ch byla prov\u00e1d\u011bna i brachyterapie. K\u00a0tomu slou\u017eila sada st\u00e1le dopl\u0148ovan\u00fdch radiov\u00fdch a pozd\u011bji i cesiov\u00fdch) tub a jehel. P\u0159i intrakavit\u00e1rn\u00edch aplikac\u00edch byla pou\u017e\u00edv\u00e1na metoda manu\u00e1ln\u00edho afterloadingu a nemocn\u00ed byli po dobu aplikace um\u00eds\u0165ov\u00e1ni na 4 speci\u00e1ln\u00ed \u201eradiov\u00e1\u201c l\u016f\u017eka. Pl\u00e1nov\u00e1n\u00ed l\u00e9\u010dby bylo d\u00edky roz\u0161i\u0159uj\u00edc\u00edmu se zav\u00e1d\u011bn\u00ed v\u00fdpo\u010detn\u00ed techniky v\u00a080.letech mo\u017eno prov\u00e1d\u011bt pomoc\u00ed pl\u00e1novac\u00edho programu ing.Macha. Po instalaci CT na Radiodiagnostick\u00e9m odd\u011blen\u00ed v\u00a0roce 1991 bylo \u010d\u00edm d\u00e1l v\u00edce vyu\u017e\u00edv\u00e1no k\u00a0pl\u00e1nov\u00e1n\u00ed i CT sken\u016f, co\u017e v\u00fdznamn\u011b zp\u0159esnilo proces pl\u00e1nov\u00e1n\u00ed a umo\u017enilo z\u00edskat informace o d\u00e1vkov\u00e9m rozlo\u017een\u00ed v\u00a0cel\u00e9m oza\u0159ovan\u00e9m objemu.<\/p>\n<p>Radioterapeutick\u00e9 odd\u011blen\u00ed v\u00a0Jihlav\u011b poskytovalo p\u00e9\u010di nemocn\u00fdm ve <strong>sp\u00e1dov\u00e9 oblasti<\/strong> s\u00a0cca 500\u00a0000 obyvateli. Jednalo se o tehdej\u0161\u00ed okresy Jihlava, \u017d\u010f\u00e1r nad S\u00e1zavou a T\u0159eb\u00ed\u010d a p\u0159\u00edhrani\u010dn\u00ed \u010d\u00e1sti okres\u016f Jind\u0159ich\u016fv Hradec (Da\u010dicko), Pelh\u0159imov a Havl\u00ed\u010dk\u016fv Brod. Odd\u011blen\u00ed prov\u00e1d\u011blo (krom\u011b l\u00e9\u010dby cytostatick\u00e9 a hormon\u00e1ln\u00ed) tak\u00e9 kurativn\u00ed i paliativn\u00ed l\u00e9\u010dbu z\u00e1\u0159en\u00edm pro v\u0161echny b\u011b\u017en\u00e9 typy zhoubn\u00fdch n\u00e1dor\u016f u dosp\u011bl\u00fdch pacient\u016f. Ned\u00edlnou sou\u010d\u00e1st\u00ed byla i aplikace z\u00e1\u0159en\u00ed u nezhoubn\u00fdch chorob.<\/p>\n<p>Prudk\u00fd rozvoj techniky a d\u016fraz na st\u00e1l\u00e9 zkvalit\u0148ov\u00e1n\u00ed l\u00e9\u010dby z\u00e1\u0159en\u00edm znamenaly za\u010d\u00e1tkem 90.let st\u00e1le v\u011bt\u0161\u00ed pot\u00ed\u017ee pro v\u011bt\u0161inu radioterapeutick\u00fdch pracovi\u0161\u0165 v\u00a0\u010cR. Bylo z\u0159ejm\u00e9, \u017ee po\u0159\u00edzen\u00ed nov\u00e9 techniky bude mo\u017en\u00e9 jen d\u00edky st\u00e1tn\u00edm dotac\u00edm. Proto v\u00a0roce 1994 na popud MZ \u010cR vypracovala odborn\u00e1 Spole\u010dnost radia\u010dn\u00ed onkologie, biologie a fyziky (SROBF) koncepci dal\u0161\u00edho rozvoje oboru. Bylo navr\u017eeno vybavit v\u00a0letech 1994-1999 formou p\u0159\u00edm\u00fdch dotac\u00ed ze st\u00e1tn\u00edho rozpo\u010dtu pot\u0159ebnou technikou 11 vybran\u00fdch pracovi\u0161\u0165. Jednalo se pracovi\u0161t\u011b ve fakultn\u00edch nemocnic\u00edch a d\u00e1le pracovi\u0161t\u011b s\u00a0region\u00e1ln\u00edm charakterem. Jedn\u00edm z\u00a0nich bylo RTO Jihlava. K\u00a0realizaci tohoto z\u00e1m\u011bru v\u0161ak v\u00a0p\u0159\u00edpad\u011b Jihlavy nedo\u0161lo.<\/p>\n<p>Po p\u0159ijet\u00ed Atomov\u00e9ho z\u00e1kona v\u00a0roce 1997 bylo jasn\u00e9, \u017ee dal\u0161\u00ed provoz odd\u011blen\u00ed ve st\u00e1vaj\u00edc\u00edch podm\u00ednk\u00e1ch nebude mo\u017en\u00fd. V\u00a0srpnu 2002 bylo nutno zastavit provoz na betatronu. V\u00a0kv\u011btnu 2003 pak byl rozhodnut\u00edm S\u00daJB ukon\u010den provoz i na kobaltov\u00e9m oza\u0159ova\u010di, \u010d\u00edm\u017e do\u0161lo k\u00a0\u00fapln\u00e9mu zastaven\u00ed l\u00e9\u010dby z\u00e1\u0159en\u00edm u n\u00e1dorov\u00fdch onemocn\u011bn\u00ed v\u00a0jihlavsk\u00e9 nemocnici a pacienty bylo nutno na oza\u0159ov\u00e1n\u00ed dov\u00e1\u017eet na pracovi\u0161t\u011b radioterapie v\u00a0Havl\u00ed\u010dkov\u011b Brod\u011b.<\/p>\n<p>V \u010dervenci 2003 veden\u00ed Nemocnice Jihlava se souhlasem z\u0159izovatele podepsalo smlouvu s firmou Amedis, s.r.o. o poskytnut\u00ed \u0161pi\u010dkov\u00e9 oza\u0159ovac\u00ed techniky firmy Varian formou leasingu. Slavnostn\u00ed otev\u0159en\u00ed nov\u00fdch oza\u0159oven se uskute\u010dnilo 6. \u00fanora 2004.<\/p>\n<p>Od roku 2014 onkologick\u00e9 odd\u011blen\u00ed disponovalo <strong>2 line\u00e1rn\u00edmi urychlova\u010di a simul\u00e1torem od firmy Varian<\/strong>, zakoupen\u00fdmi z fond\u016f EU. K\u00a0posledn\u00edch v\u00fdznamn\u00e9 modernizaci vybaven\u00ed oza\u0159oven do\u0161lo v\u00a0roce 2022, kdy byly instalov\u00e1ny 2 nejmodern\u011bj\u0161\u00ed line\u00e1rn\u00ed urychlova\u010de Truebeam fy. Varian, p\u0159\u00edstroj pro aplikaci brachyterapie Bravos a CT-simul\u00e1tor fy. Siemens. Technick\u00e9 parametry p\u0159\u00edstroj\u016f umo\u017e\u0148uj\u00ed prov\u00e1d\u011bn\u00ed velmi pokro\u010dil\u00fdch oza\u0159ovac\u00edch technik. Tyto techniky umo\u017e\u0148uj\u00ed dodat do oblasti n\u00e1doru vysokou d\u00e1vku z\u00e1\u0159en\u00ed a z\u00e1rove\u0148 v\u00fdznamn\u011b \u0161et\u0159it okoln\u00ed tk\u00e1n\u011b a org\u00e1ny. Zv\u00fd\u0161en\u00edm d\u00e1vky do posti\u017een\u00e9 oblasti se z\u00e1rove\u0148 i v\u00fdznamn\u011b zvy\u0161uje pravd\u011bpodobnost \u00fapln\u00e9ho zni\u010den\u00ed n\u00e1doru a vyl\u00e9\u010den\u00ed pacienta.<\/p>\n<p><strong>Ambulantn\u00ed trakt<\/strong> pro poskytov\u00e1n\u00ed syst\u00e9mov\u00e9 l\u00e9\u010dby, dispenzarizaci pacient\u016f a prov\u00e1d\u011bn\u00ed jedn\u00e1n\u00ed multioborov\u00fdch t\u00fdm\u016f byl d\u00edky zvy\u0161ov\u00e1n\u00ed po\u010dtu pacient\u016f a zav\u00e1d\u011bn\u00ed nov\u00fdch prepar\u00e1t\u016f neust\u00e1le roz\u0161i\u0159ov\u00e1n a d\u00edky tomu i p\u0159esunov\u00e1n nejprve z\u00a0are\u00e1lu oza\u0159oven do 1.patra a pot\u00e9 do 4. patra intern\u00edho pavilonu jihlavsk\u00e9 nemocnice. V\u00a0sou\u010dasn\u00e9 dob\u011b zahrnuje ambulanci dispenz\u00e1rn\u00ed, konzili\u00e1rn\u00ed, 3 ambulance klinick\u00e9 onkologie a chemoterapeutick\u00fd stacion\u00e1\u0159. Stacion\u00e1\u0159 m\u00e1 2 aplika\u010dn\u00ed m\u00edstnosti s 1 l\u016f\u017ekem a 9 k\u0159esly pro ambulantn\u00ed pod\u00e1v\u00e1n\u00ed chemoterapie, biologick\u00e9 l\u00e9\u010dby a imunoterapie. K\u0159esla jsou vybavena stojany s inf\u00fazn\u00edmi pumpami a d\u00e1vkova\u010di. P\u0159\u00edprava a \u0159ed\u011bn\u00ed cytostatik prob\u00edhaly a\u017e do roku 2007 v\u00a0r\u00e1mci odd\u011blen\u00ed. Od\u00a0\u010dervna 2007, kdy bylo uvedeno do provozu nov\u00e9 odd\u011blen\u00ed l\u00e9k\u00e1rny,\u00a0je p\u0159\u00edprava farmak centralizovan\u00e1. V\u00a0sou\u010dasn\u00e9 dob\u011b prob\u00edh\u00e1 v\u00a0modern\u00edm provozu l\u00e9k\u00e1rny, vybaven\u00e9m 2 izol\u00e1tory a vzduchotechnikou.<\/p>\n<p><strong>L\u016f\u017ekov\u00e1 \u010d\u00e1st<\/strong>\u00a0m\u00e1 aktu\u00e1ln\u011b 35 l\u016f\u017eek standardn\u00edch a v\u00a0r\u00e1mci sdru\u017een\u00fdch JIP jsou vy\u010dlen\u011bna 2 l\u016f\u017eka intenzivn\u00ed intern\u00ed p\u00e9\u010de pro onkologick\u00e9 pacienty.<\/p>\n<\/div>\n<\/div><\/div>\n<\/div>\n<\/div>\n<\/div>\n<\/div>\n<\/div>\n\n","protected":false},"excerpt":{"rendered":"","protected":false},"author":5,"featured_media":17130,"parent":21973,"menu_order":0,"comment_status":"closed","ping_status":"closed","template":"","meta":{"pgc_sgb_lightbox_settings":"","footnotes":"","_links_to":"","_links_to_target":""},"categories":[85],"class_list":["post-28216","page","type-page","status-publish","has-post-thumbnail","hentry","category-page-oddeleni"],"publishpress_future_action":{"enabled":false,"date":"2026-04-30 14:01:33","action":"change-status","newStatus":"draft","terms":[],"taxonomy":"category","extraData":[]},"publishpress_future_workflow_manual_trigger":{"enabledWorkflows":[]},"_links":{"self":[{"href":"https:\/\/webnemji.azurewebsites.net\/en\/wp-json\/wp\/v2\/pages\/28216","targetHints":{"allow":["GET"]}}],"collection":[{"href":"https:\/\/webnemji.azurewebsites.net\/en\/wp-json\/wp\/v2\/pages"}],"about":[{"href":"https:\/\/webnemji.azurewebsites.net\/en\/wp-json\/wp\/v2\/types\/page"}],"author":[{"embeddable":true,"href":"https:\/\/webnemji.azurewebsites.net\/en\/wp-json\/wp\/v2\/users\/5"}],"replies":[{"embeddable":true,"href":"https:\/\/webnemji.azurewebsites.net\/en\/wp-json\/wp\/v2\/comments?post=28216"}],"version-history":[{"count":0,"href":"https:\/\/webnemji.azurewebsites.net\/en\/wp-json\/wp\/v2\/pages\/28216\/revisions"}],"up":[{"embeddable":true,"href":"https:\/\/webnemji.azurewebsites.net\/en\/wp-json\/wp\/v2\/pages\/21973"}],"wp:featuredmedia":[{"embeddable":true,"href":"https:\/\/webnemji.azurewebsites.net\/en\/wp-json\/wp\/v2\/media\/17130"}],"wp:attachment":[{"href":"https:\/\/webnemji.azurewebsites.net\/en\/wp-json\/wp\/v2\/media?parent=28216"}],"wp:term":[{"taxonomy":"category","embeddable":true,"href":"https:\/\/webnemji.azurewebsites.net\/en\/wp-json\/wp\/v2\/categories?post=28216"}],"curies":[{"name":"wp","href":"https:\/\/api.w.org\/{rel}","templated":true}]}}