{"id":29068,"date":"2024-01-25T12:20:40","date_gmt":"2024-01-25T11:20:40","guid":{"rendered":"https:\/\/webnemji.azurewebsites.net\/?page_id=29068"},"modified":"2026-02-18T14:28:21","modified_gmt":"2026-02-18T13:28:21","slug":"kontakt_vzdelavani","status":"publish","type":"page","link":"https:\/\/webnemji.azurewebsites.net\/en\/vzdelavani\/kontakt_vzdelavani\/","title":{"rendered":"Kontakt vzd\u011bl\u00e1v\u00e1n\u00ed"},"content":{"rendered":"<div id=\"cmsmasters_row_ksciwp6ujf\" class=\"cmsmasters_row cmsmasters_color_scheme_default heroblocks cmsmasters_row_top_default cmsmasters_row_bot_default cmsmasters_row_boxed\">\n<div id=\"heroboxes\" class=\"cmsmasters_row_outer_parent\">\n<div class=\"cmsmasters_row_overlay\"><\/div>\n<div class=\"cmsmasters_row_outer\">\n<div class=\"cmsmasters_row_inner\">\n<div class=\"cmsmasters_row_margin\">\n<div id=\"cmsmasters_column_bxgnwqgwt\" class=\"cmsmasters_column one_first\">\n<div class=\"cmsmasters_column_inner\"><div id=\"cmsmasters_heading_mkdgjovddq\" class=\"cmsmasters_heading_wrap cmsmasters_heading_align_center pageheadingtitle\" data-animation=\"fadeIn\" data-delay=\"100\">\n\t<h1 class=\"cmsmasters_heading\">Vzd\u011bl\u00e1v\u00e1n\u00ed odborn\u00e9 ve\u0159ejnosti<\/h1>\n<\/div><div id=\"cmsmasters_heading_gb7vg9rtje\" class=\"cmsmasters_heading_wrap cmsmasters_heading_align_center\" data-animation=\"fadeIn\" data-delay=\"150\">\n\t<h3 class=\"cmsmasters_heading\">Nemocnice Jihlava, p\u0159\u00edsp\u011bvkov\u00e1 organizace<\/h3>\n<\/div>\n<\/div><\/div>\n<\/div>\n<\/div>\n<\/div>\n<\/div>\n<\/div>\n<div id=\"cmsmasters_row_bj7zxjapxj\" class=\"cmsmasters_row cmsmasters_color_scheme_default cmsmasters_row_top_default cmsmasters_row_bot_default cmsmasters_row_boxed\">\n<div class=\"cmsmasters_row_outer_parent\">\n<div class=\"cmsmasters_row_outer\">\n<div class=\"cmsmasters_row_inner\">\n<div class=\"cmsmasters_row_margin\">\n<div id=\"cmsmasters_column_22eksm2374\" class=\"cmsmasters_column one_first\">\n<div class=\"cmsmasters_column_inner\"><div class=\"cmsmasters_text\">\n<p><nav aria-label=\"breadcrumbs\">\n            <div class=\"breadcrumb-container theme1\">\n                <ol>\n                                    <\/ol>\n            <\/div>\n        <\/nav>    <script type=\"application\/ld+json\">\n        {\n            \"@context\": \"http:\/\/schema.org\",\n            \"@type\": \"BreadcrumbList\",\n            \"itemListElement\": [\n                            ]\n        }\n    <\/script>\n   \n    <script>\n            <\/script>\n<\/p>\n<\/div>\n<\/div><\/div>\n<\/div>\n<\/div>\n<\/div>\n<\/div>\n<\/div>\n<div id=\"cmsmasters_row_ldf2o8mry4\" class=\"cmsmasters_row cmsmasters_color_scheme_default cmsmasters_row_top_default cmsmasters_row_bot_default cmsmasters_row_boxed\">\n<div class=\"cmsmasters_row_outer_parent\">\n<div class=\"cmsmasters_row_outer\">\n<div class=\"cmsmasters_row_inner\">\n<div class=\"cmsmasters_row_margin\">\n<div id=\"cmsmasters_column_gg7lw4yg2b\" class=\"cmsmasters_column one_third stickyinfocolumn\">\n<div class=\"cmsmasters_column_inner\"><div id=\"cmsmasters_heading_p15yq2mpjk\" class=\"cmsmasters_heading_wrap cmsmasters_heading_align_center\">\n\t<h3 class=\"cmsmasters_heading\">Konference a semin\u00e1\u0159e<\/h3>\n<\/div>\n<div id=\"cmsmasters_divider_l6t6q1gvwr\" class=\"cmsmasters_divider cmsmasters_divider_width_short cmsmasters_divider_pos_center\"><\/div>\n<div class=\"cmsmasters_sidebar sidebar_layout_11 sidebar-custom-menu\"><aside id=\"nav_menu-60\" class=\"widget widget_nav_menu\"><div class=\"menu-vzdelavani-container\"><ul id=\"menu-vzdelavani\" class=\"menu\"><li id=\"menu-item-28954\" class=\"menu-item menu-item-type-custom menu-item-object-custom menu-item-28954\"><a href=\"\/vzdelavani\/#nelekari\" data-ps2id-api=\"true\"><i class=\"fa-solid fa-users-between-lines\"><\/i>Celo\u017eivotn\u00ed vzd\u011bl\u00e1v\u00e1n\u00ed nel\u00e9ka\u0159sk\u00fdch zdravotnick\u00fdch pracovn\u00edk\u016f<\/a><\/li>\n<li id=\"menu-item-29066\" class=\"menu-item menu-item-type-custom menu-item-object-custom menu-item-29066\"><a href=\"\/vzdelavani\/#rezidenti\" data-ps2id-api=\"true\"><i class=\"fa-solid fa-users-between-lines\"><\/i>Nel\u00e9ka\u0159sk\u00e1 reziden\u010dn\u00ed m\u00edsta<\/a><\/li>\n<li id=\"menu-item-30809\" class=\"menu-item menu-item-type-custom menu-item-object-custom menu-item-30809\"><a href=\"\/vzdelavani-odborne-verejnosti-lekari\/#lekari\" data-ps2id-api=\"true\"><i class=\"fa-solid fa-users\"><\/i>Specializa\u010dn\u00ed vzd\u011bl\u00e1v\u00e1n\u00ed l\u00e9ka\u0159\u016f<\/a><\/li>\n<li id=\"menu-item-30814\" class=\"static-link menu-item menu-item-type-custom menu-item-object-custom menu-item-30814\"><a href=\"\/vzdelavani-odborne-verejnosti-lekari\/#rezidenti\" data-ps2id-api=\"true\"><i class=\"fa-solid fa-users\"><\/i>L\u00e9ka\u0159sk\u00e1 reziden\u010dn\u00ed m\u00edsta<\/a><\/li>\n<li id=\"menu-item-32409\" class=\"menu-item menu-item-type-custom menu-item-object-custom menu-item-32409\"><a href=\"https:\/\/nemocnice.tritius.cz\/library\/jihlava\/\" data-ps2id-api=\"true\"><i class=\"fa-solid fa-book\"><\/i>L\u00e9ka\u0159sk\u00e1 knihovna<\/a><\/li>\n<li id=\"menu-item-28955\" class=\"static-link menu-item menu-item-type-custom menu-item-object-custom menu-item-28955\"><a href=\"\/vzdelavani\/kontakt_vzdelavani\" data-ps2id-api=\"true\"><i class=\"fa-solid fa-user\"><\/i> Kontakt<\/a><\/li>\n<\/ul><\/div><\/aside><div class=\"cl\"><\/div>\n<\/div>\n<\/div><\/div>\n<div id=\"cmsmasters_column_rf5nlcobhl\" class=\"cmsmasters_column two_third\">\n<div class=\"cmsmasters_column_inner\"><div id=\"cmsmasters_heading_tkvja2wsw\" class=\"cmsmasters_heading_wrap cmsmasters_heading_align_left\">\n\t<h2 class=\"cmsmasters_heading\">Kontakt<\/h2>\n<\/div>\n<div id=\"cmsmasters_divider_cdx2rdy8pf\" class=\"cmsmasters_divider cmsmasters_divider_width_short cmsmasters_divider_pos_left\"><\/div>\n<div id=\"cmsmasters_divider_eekkx34qz\" class=\"cl\"><\/div>\n<div class=\"cmsmasters_text\">\n<h3 class=\"property-278 subtitle-277\" title=\"Referentka vzd\u011bl\u00e1v\u00e1n\u00ed\" data-log-name=\"JobTitle\">Referentka vzd\u011bl\u00e1v\u00e1n\u00ed &#8211; obracejte se v p\u0159\u00edpad\u011b:<\/h3>\n<ul>\n<li>Akreditace vzd\u011bl\u00e1v\u00e1n\u00ed l\u00e9ka\u0159\u016f a NLZP,<\/li>\n<li>agenda vzd\u011bl\u00e1v\u00e1n\u00ed NLZP,<\/li>\n<li>administrativa prax\u00ed a st\u00e1\u017e\u00ed NLZP,<\/li>\n<li>organizace konferenc\u00ed a semin\u00e1\u0159\u016f.<\/li>\n<\/ul>\n<\/div>\n<div class=\"cmsmasters_text\">\n<div class=\"abcfslGridCntr personalni-obsazeni abcfslMLRAuto slv174_t19992_L abcfslGridCntr_19992\"><div class=\"abcfslItemCntrLst abcfslPadBMB30 abcfClrFix\" style=\"padding-bottom: 0;\"><div class=\"abcfslLstCol abcfslLstCol-4 abcfslImgColLst\"><div class=\"abcfslImgCntrLst abcfslMLRPc\"><img decoding=\"async\"  src=\"\/wp-content\/uploads\/2023\/10\/zdarsova2-796x1024.jpg\" class=\"ProfileImage\" alt=\"Iva Zdarsov\u00e1\"  itemprop=\"image\"  \/><\/div><\/div><div class=\"abcfslLstCol abcfslLstCol-8 abcfslTxtColLst\"><div class=\"abcfslTxtCntrLst  abcfslPadLPc5\" style=\"padding-left: 20px;\"><h4 class=\"abcfslF18_6 MP-F1\"><span class=\"abcfslSpanMP2\">Iva <\/span><span class=\"abcfslSpanMP1\">Zdarsov\u00e1 <\/span><\/h4><h5 class=\"abcfslF14_6 T-F2\">Tajemn\u00edk V\u011bdeck\u00e9 rady JIMEA, referentka vzd\u011bl\u00e1v\u00e1n\u00ed<\/h5><div class=\"abcfslMT10  abcfslF14 profile-department-link CE-F8\"><p><a href=\"\/kontakty\/ekonomicke-oddeleni\/#oddeleni-personalni-a-mzdove\">Odd\u011blen\u00ed person\u00e1ln\u00ed a mzdov\u00e9<\/a><\/p>\n<\/div><div class=\"abcfslMT5  abcfslF14 LT-F5\"><span><i class=\"fa-solid fa-envelope\"><\/i>\u00a0&nbsp;<\/span><span class=\"profile-department-link\"><a href=\"mailto:zdarsovai@nemji.cz\">zdarsovai@nemji.cz<\/a><\/span><\/div><div class=\"abcfslMT5  abcfslF14 LT-F4\"><span><i class=\"fa-solid fa-phone\"><\/i>\u00a0&nbsp;<\/span><span class=\"profile-department-link\"><a href=\"tel:+420567157161\">+420 567 157 161<\/a><\/span><\/div><\/div><\/div><\/div><\/div>\n<\/div>\n<div id=\"cmsmasters_divider_812a00f0fw\" class=\"cl\"><\/div>\n<div class=\"cmsmasters_text\">\n<h3 class=\"property-278 subtitle-277\" title=\"Referentka vzd\u011bl\u00e1v\u00e1n\u00ed\" data-log-name=\"JobTitle\">Referentka vzd\u011bl\u00e1v\u00e1n\u00ed &#8211; obracejte se v p\u0159\u00edpad\u011b:<\/h3>\n<ul>\n<li>Agenda vzd\u011bl\u00e1v\u00e1n\u00ed l\u00e9ka\u0159\u016f,<\/li>\n<li>Syst\u00e9m Administrace pro vzd\u011bl\u00e1v\u00e1n\u00ed zdravotn\u00edk\u016f<\/li>\n<\/ul>\n<\/div>\n<div class=\"cmsmasters_text\">\n<div class=\"abcfslGridCntr personalni-obsazeni abcfslMLRAuto slv174_t19992_L abcfslGridCntr_19992\"><div class=\"abcfslItemCntrLst abcfslPadBMB30 abcfClrFix\" style=\"padding-bottom: 0;\"><div class=\"abcfslLstCol abcfslLstCol-4 abcfslImgColLst\"><div class=\"abcfslImgCntrLst abcfslMLRPc\"><img decoding=\"async\"  src=\"\/wp-content\/uploads\/2026\/02\/hanackovaj.jpg\" class=\"ProfileImage\" alt=\"Ing. Jana Han\u00e1\u010dkov\u00e1\"  itemprop=\"image\"  \/><\/div><\/div><div class=\"abcfslLstCol abcfslLstCol-8 abcfslTxtColLst\"><div class=\"abcfslTxtCntrLst  abcfslPadLPc5\" style=\"padding-left: 20px;\"><h4 class=\"abcfslF18_6 MP-F1\"><span class=\"abcfslSpanMP2\">Ing. Jana <\/span><span class=\"abcfslSpanMP1\">Han\u00e1\u010dkov\u00e1 <\/span><\/h4><h5 class=\"abcfslF14_6 T-F2\">Referentka OPM<\/h5><div class=\"abcfslMT10  abcfslF14 profile-department-link CE-F8\"><p><a href=\"\/kontakty\/ekonomicke-oddeleni\/#oddeleni-personalni-a-mzdove\">Odd\u011blen\u00ed person\u00e1ln\u00ed a mzdov\u00e9<\/a><\/p>\n<\/div><div class=\"abcfslMT5  abcfslF14 LT-F5\"><span><i class=\"fa-solid fa-envelope\"><\/i>\u00a0&nbsp;<\/span><span class=\"profile-department-link\"><a href=\"mailto:hanackovaj@nemji.cz\">hanackovaj@nemji.cz<\/a><\/span><\/div><div class=\"abcfslMT5  abcfslF14 LT-F4\"><span><i class=\"fa-solid fa-phone\"><\/i>\u00a0&nbsp;<\/span><span class=\"profile-department-link\"><a href=\"tel:+420 774621081\">+420 774 621 081<\/a><\/span><\/div><\/div><\/div><\/div><\/div>\n<\/div>\n<div id=\"cmsmasters_divider_m89hzbj3r\" class=\"cl\"><\/div>\n<div class=\"cmsmasters_text\">\n<h3 class=\"property-278 subtitle-277\" title=\"Referentka vzd\u011bl\u00e1v\u00e1n\u00ed\" data-log-name=\"JobTitle\">Referentka vzd\u011bl\u00e1v\u00e1n\u00ed &#8211; obracejte se v p\u0159\u00edpad\u011b:<\/h3>\n<ul>\n<li>Agenda vzd\u011bl\u00e1v\u00e1n\u00ed medik\u016f &#8211; st\u00e1\u017ee,<\/li>\n<li>Byt medik\u016f &#8211; rezervace ubytov\u00e1n\u00ed.<\/li>\n<\/ul>\n<\/div>\n<div class=\"cmsmasters_text\">\n<div class=\"abcfslGridCntr personalni-obsazeni abcfslMLRAuto slv174_t19992_L abcfslGridCntr_19992\"><div class=\"abcfslItemCntrLst abcfslPadBMB30 abcfClrFix\" style=\"padding-bottom: 0;\"><div class=\"abcfslLstCol abcfslLstCol-4 abcfslImgColLst\"><div class=\"abcfslImgCntrLst abcfslMLRPc\"><img decoding=\"async\"  src=\"\/wp-content\/uploads\/2023\/09\/Filipkova-796x1024.jpg\" class=\"ProfileImage\" alt=\"Ing. Lenka Fil\u00edpkov\u00e1\"  itemprop=\"image\"  \/><\/div><\/div><div class=\"abcfslLstCol abcfslLstCol-8 abcfslTxtColLst\"><div class=\"abcfslTxtCntrLst  abcfslPadLPc5\" style=\"padding-left: 20px;\"><h4 class=\"abcfslF18_6 MP-F1\"><span class=\"abcfslSpanMP2\">Ing. Lenka <\/span><span class=\"abcfslSpanMP1\">Fil\u00edpkov\u00e1 <\/span><\/h4><h5 class=\"abcfslF14_6 T-F2\">Referentka OPM<\/h5><div class=\"abcfslMT10  abcfslF14 profile-department-link CE-F8\"><p><a href=\"\/kontakty\/ekonomicke-oddeleni\/#oddeleni-personalni-a-mzdove\">Odd\u011blen\u00ed person\u00e1ln\u00ed a mzdov\u00e9<\/a><\/p>\n<\/div><div class=\"abcfslMT5  abcfslF14 LT-F5\"><span><i class=\"fa-solid fa-envelope\"><\/i>\u00a0&nbsp;<\/span><span class=\"profile-department-link\"><a href=\"mailto:filipkoval@nemji.cz\">filipkoval@nemji.cz<\/a><\/span><\/div><div class=\"abcfslMT5  abcfslF14 LT-F4\"><span><i class=\"fa-solid fa-phone\"><\/i>\u00a0&nbsp;<\/span><span class=\"profile-department-link\"><a href=\"tel:+420567157950\">+420 567 157 950<\/a><\/span><\/div><\/div><\/div><\/div><\/div>\n<\/div>\n<div id=\"cmsmasters_divider_w64impf5qc\" class=\"cl\"><\/div>\n<div class=\"cmsmasters_text\">\n<h3>Mentor klinick\u00e9 praxe &#8211; obracejte se v p\u0159\u00edpad\u011b:<\/h3>\n<ul>\n<li>Realizace exkurz\u00ed a st\u00e1\u017e\u00ed pro studenty,<\/li>\n<li>aplikace mentoringu do klinick\u00e9 praxe,<\/li>\n<li>zaji\u0161t\u011bn\u00ed individu\u00e1ln\u00edch prax\u00ed s mentorem nap\u0159\u00ed\u010d v\u0161emi odd\u011blen\u00edmi nemocnice,<\/li>\n<li>podpora vzd\u011bl\u00e1v\u00e1n\u00ed NLZP.<\/li>\n<\/ul>\n<\/div>\n<div class=\"cmsmasters_text\">\n<div class=\"abcfslGridCntr personalni-obsazeni abcfslMLRAuto slv174_t19992_L abcfslGridCntr_19992\"><div class=\"abcfslItemCntrLst abcfslPadBMB30 abcfClrFix\" style=\"padding-bottom: 0;\"><div class=\"abcfslLstCol abcfslLstCol-4 abcfslImgColLst\"><div class=\"abcfslImgCntrLst abcfslMLRPc\"><img decoding=\"async\"  src=\"\/wp-content\/uploads\/2024\/01\/kourkova.jpg\" class=\"ProfileImage\" alt=\"Mgr. Petra Kourkov\u00e1, MBA\"  itemprop=\"image\"  \/><\/div><\/div><div class=\"abcfslLstCol abcfslLstCol-8 abcfslTxtColLst\"><div class=\"abcfslTxtCntrLst  abcfslPadLPc5\" style=\"padding-left: 20px;\"><h4 class=\"abcfslF18_6 MP-F1\"><span class=\"abcfslSpanMP2\">Mgr. Petra <\/span><span class=\"abcfslSpanMP1\">Kourkov\u00e1, MBA <\/span><\/h4><h5 class=\"abcfslF14_6 T-F2\">Mentor klinick\u00e9 praxe, Vedouc\u00ed intervizor<\/h5><div class=\"abcfslMT5  abcfslF14 LT-F5\"><span><i class=\"fa-solid fa-envelope\"><\/i>\u00a0&nbsp;<\/span><span class=\"profile-department-link\"><a href=\"mailto:kourkovap@nemji.cz\">kourkovap@nemji.cz<\/a><\/span><\/div><div class=\"abcfslMT5  abcfslF14 LT-F4\"><span><i class=\"fa-solid fa-phone\"><\/i>\u00a0&nbsp;<\/span><span class=\"profile-department-link\"><a href=\"tel:+420 567 157 957\">+420 567 157 957<\/a><\/span><\/div><\/div><\/div><\/div><\/div>\n<\/div>\n<\/div><\/div>\n<\/div>\n<\/div>\n<\/div>\n<\/div>\n<\/div>\n\n","protected":false},"excerpt":{"rendered":"","protected":false},"author":5,"featured_media":23377,"parent":28028,"menu_order":0,"comment_status":"closed","ping_status":"closed","template":"","meta":{"pgc_sgb_lightbox_settings":"","footnotes":"","_links_to":"","_links_to_target":""},"categories":[],"class_list":["post-29068","page","type-page","status-publish","has-post-thumbnail","hentry"],"publishpress_future_action":{"enabled":false,"date":"2026-04-18 01:37:12","action":"change-status","newStatus":"draft","terms":[],"taxonomy":"category","extraData":[]},"publishpress_future_workflow_manual_trigger":{"enabledWorkflows":[]},"_links":{"self":[{"href":"https:\/\/webnemji.azurewebsites.net\/en\/wp-json\/wp\/v2\/pages\/29068","targetHints":{"allow":["GET"]}}],"collection":[{"href":"https:\/\/webnemji.azurewebsites.net\/en\/wp-json\/wp\/v2\/pages"}],"about":[{"href":"https:\/\/webnemji.azurewebsites.net\/en\/wp-json\/wp\/v2\/types\/page"}],"author":[{"embeddable":true,"href":"https:\/\/webnemji.azurewebsites.net\/en\/wp-json\/wp\/v2\/users\/5"}],"replies":[{"embeddable":true,"href":"https:\/\/webnemji.azurewebsites.net\/en\/wp-json\/wp\/v2\/comments?post=29068"}],"version-history":[{"count":0,"href":"https:\/\/webnemji.azurewebsites.net\/en\/wp-json\/wp\/v2\/pages\/29068\/revisions"}],"up":[{"embeddable":true,"href":"https:\/\/webnemji.azurewebsites.net\/en\/wp-json\/wp\/v2\/pages\/28028"}],"wp:featuredmedia":[{"embeddable":true,"href":"https:\/\/webnemji.azurewebsites.net\/en\/wp-json\/wp\/v2\/media\/23377"}],"wp:attachment":[{"href":"https:\/\/webnemji.azurewebsites.net\/en\/wp-json\/wp\/v2\/media?parent=29068"}],"wp:term":[{"taxonomy":"category","embeddable":true,"href":"https:\/\/webnemji.azurewebsites.net\/en\/wp-json\/wp\/v2\/categories?post=29068"}],"curies":[{"name":"wp","href":"https:\/\/api.w.org\/{rel}","templated":true}]}}