{"id":29281,"date":"2024-01-30T13:53:25","date_gmt":"2024-01-30T12:53:25","guid":{"rendered":"https:\/\/webnemji.azurewebsites.net\/?page_id=29281"},"modified":"2024-11-01T14:24:18","modified_gmt":"2024-11-01T13:24:18","slug":"kontaktni-centrum","status":"publish","type":"page","link":"https:\/\/webnemji.azurewebsites.net\/en\/kontaktni-centrum\/","title":{"rendered":"Contact Centre"},"content":{"rendered":"<div id=\"cmsmasters_row_ksciwp6ujf\" class=\"cmsmasters_row cmsmasters_color_scheme_default heroblocks cmsmasters_row_top_default cmsmasters_row_bot_default cmsmasters_row_boxed\">\n<div id=\"heroboxes\" class=\"cmsmasters_row_outer_parent\">\n<div class=\"cmsmasters_row_overlay\"><\/div>\n<div class=\"cmsmasters_row_outer\">\n<div class=\"cmsmasters_row_inner\">\n<div class=\"cmsmasters_row_margin\">\n<div id=\"cmsmasters_column_bxgnwqgwt\" class=\"cmsmasters_column one_first\">\n<div class=\"cmsmasters_column_inner\"><div id=\"cmsmasters_heading_mkdgjovddq\" class=\"cmsmasters_heading_wrap cmsmasters_heading_align_center pageheadingtitle\">\n\t<h1 class=\"cmsmasters_heading\">Kontaktn\u00ed centrum<\/h1>\n<\/div>\n<\/div><\/div>\n<\/div>\n<\/div>\n<\/div>\n<\/div>\n<\/div>\n<div id=\"cmsmasters_row_bj7zxjapxj\" class=\"cmsmasters_row cmsmasters_color_scheme_default cmsmasters_row_top_default cmsmasters_row_bot_default cmsmasters_row_boxed\">\n<div class=\"cmsmasters_row_outer_parent\">\n<div class=\"cmsmasters_row_outer\">\n<div class=\"cmsmasters_row_inner\">\n<div class=\"cmsmasters_row_margin\">\n<div id=\"cmsmasters_column_22eksm2374\" class=\"cmsmasters_column one_first\">\n<div class=\"cmsmasters_column_inner\"><div class=\"cmsmasters_text\">\n<p><nav aria-label=\"breadcrumbs\">\n            <div class=\"breadcrumb-container theme1\">\n                <ol>\n                                    <\/ol>\n            <\/div>\n        <\/nav>    <script type=\"application\/ld+json\">\n        {\n            \"@context\": \"http:\/\/schema.org\",\n            \"@type\": \"BreadcrumbList\",\n            \"itemListElement\": [\n                            ]\n        }\n    <\/script>\n   \n    <script>\n            <\/script>\n<\/p>\n<\/div>\n<\/div><\/div>\n<\/div>\n<\/div>\n<\/div>\n<\/div>\n<\/div>\n<div id=\"cmsmasters_row_ldf2o8mry4\" class=\"cmsmasters_row cmsmasters_color_scheme_default cmsmasters_row_top_default cmsmasters_row_bot_default cmsmasters_row_boxed\">\n<div class=\"cmsmasters_row_outer_parent\">\n<div class=\"cmsmasters_row_outer\">\n<div class=\"cmsmasters_row_inner\">\n<div class=\"cmsmasters_row_margin\">\n<div id=\"cmsmasters_column_gg7lw4yg2b\" class=\"cmsmasters_column one_third stickyinfocolumn\">\n<div class=\"cmsmasters_column_inner\"><div id=\"cmsmasters_heading_p15yq2mpjk\" class=\"cmsmasters_heading_wrap cmsmasters_heading_align_center\">\n\t<h3 class=\"cmsmasters_heading\">Kontaktn\u00ed centrum<\/h3>\n<\/div>\n<div id=\"cmsmasters_divider_l6t6q1gvwr\" class=\"cmsmasters_divider cmsmasters_divider_width_short cmsmasters_divider_pos_center\"><\/div>\n<div class=\"cmsmasters_sidebar sidebar_layout_11 sidebar-custom-menu\"><aside id=\"nav_menu-63\" class=\"widget widget_nav_menu\"><div class=\"menu-kontaktni-centrum-container\"><ul id=\"menu-kontaktni-centrum\" class=\"menu\"><li id=\"menu-item-29474\" class=\"menu-item menu-item-type-custom menu-item-object-custom menu-item-29474\"><a href=\"\/kontaktni-centrum\/#popis\" data-ps2id-api=\"true\"><i class=\"fa-solid fa-info\"><\/i> Popis odd\u011blen\u00ed<\/a><\/li>\n<li id=\"menu-item-29475\" class=\"menu-item menu-item-type-custom menu-item-object-custom menu-item-29475\"><a href=\"\/kontaktni-centrum\/#obsazeni\" data-ps2id-api=\"true\"><i class=\"fa-solid fa-user-doctor\"><\/i> Person\u00e1ln\u00ed obsazen\u00ed<\/a><\/li>\n<li id=\"menu-item-29476\" class=\"menu-item menu-item-type-custom menu-item-object-custom menu-item-29476\"><a href=\"\/kontaktni-centrum\/#doba\" data-ps2id-api=\"true\"><i class=\"fa-regular fa-clock\"><\/i> Pracovn\u00ed doba<\/a><\/li>\n<li id=\"menu-item-29504\" class=\"menu-item menu-item-type-custom menu-item-object-custom menu-item-29504\"><a href=\"\/kontaktni-centrum\/#kontakt\" data-ps2id-api=\"true\"><i class=\"fa-solid fa-phone\"><\/i>Kontakt<\/a><\/li>\n<li id=\"menu-item-29479\" class=\"menu-item menu-item-type-custom menu-item-object-custom menu-item-29479\"><a href=\"\/kontaktni-centrum\/#kde-nas-najdete\" data-ps2id-api=\"true\"><i class=\"fa-solid fa-location-dot\"><\/i> Kde n\u00e1s najdete<\/a><\/li>\n<li id=\"menu-item-29516\" class=\"menu-custom-separator menu-item menu-item-type-custom menu-item-object-custom menu-item-29516\"><hr class=\"mhm-menu-separator\"><\/li>\n<li id=\"menu-item-29481\" class=\"static-link menu-item menu-item-type-custom menu-item-object-custom menu-item-29481\"><a href=\"https:\/\/portal.eambulance.cz\/\" data-ps2id-api=\"true\"><i class=\"fa-solid fa-notes-medical\"><\/i> Port\u00e1l pacienta (eAmbulance)<\/a><\/li>\n<\/ul><\/div><\/aside><div class=\"cl\"><\/div>\n<\/div>\n<\/div><\/div>\n<div id=\"cmsmasters_column_rf5nlcobhl\" class=\"cmsmasters_column two_third\">\n<div class=\"cmsmasters_column_inner\"><div class=\"cmsmasters_text\">\n<p><a id=\"popis\"><\/a><\/p>\n<\/div>\n<div id=\"cmsmasters_heading_tkvja2wsw\" class=\"cmsmasters_heading_wrap cmsmasters_heading_align_left\">\n\t<h2 class=\"cmsmasters_heading\">\u00dasek kontaktn\u00edho centra<\/h2>\n<\/div>\n<div id=\"cmsmasters_divider_al0t253cl\" class=\"cmsmasters_divider cmsmasters_divider_width_short cmsmasters_divider_pos_left\"><\/div>\n<div class=\"cmsmasters_text download-links-large\">\n<p>Pracovn\u00edci kontaktn\u00edho centra vy\u0159izuj\u00ed administrativn\u00ed p\u0159\u00edjem k\u00a0hospitalizaci. Zalo\u017een\u00ed identifika\u010dn\u00edch dat do syst\u00e9mu a vytvo\u0159en\u00ed z\u00e1kladu pro zdravotnickou dokumentaci pacient\u016f v\u00fdrazn\u011b se tak zrychl\u00ed samotn\u00fd p\u0159\u00edjem na dan\u00e9m odd\u011blen\u00ed.<\/p>\n<p>Velice vyu\u017e\u00edvanou slu\u017ebou na\u0161imi pacienty je &#8222;eAmbulance&#8220;. Jde o dal\u0161\u00ed agendu spojenou s kontaktn\u00edm centrem.<\/p>\n<\/div>\n<div class=\"cmsmasters_text\">\n<p><a id=\"obsazeni\"><\/a><\/p>\n<\/div>\n<div id=\"cmsmasters_heading_bv6zmtvlxg\" class=\"cmsmasters_heading_wrap cmsmasters_heading_align_left\">\n\t<h2 class=\"cmsmasters_heading\">Person\u00e1ln\u00ed obsazen\u00ed<\/h2>\n<\/div>\n<div id=\"cmsmasters_divider_m1g6xvi2v\" class=\"cmsmasters_divider cmsmasters_divider_width_short cmsmasters_divider_pos_left\"><\/div>\n<div class=\"cmsmasters_text\">\n<div class=\"abcfslGridCntr personalni-obsazeni abcfslMLRAuto slv174_t19992_L abcfslGridCntr_19992\"><div class=\"abcfslItemCntrLst abcfslPadBMB30 abcfClrFix\" style=\"padding-bottom: 0;\"><div class=\"abcfslLstCol abcfslLstCol-4 abcfslImgColLst\"><div class=\"abcfslImgCntrLst abcfslMLRPc\"><img decoding=\"async\"  src=\"\/wp-content\/uploads\/2024\/02\/cmuntovas2.jpg\" class=\"ProfileImage\" alt=\"\u0160\u00e1rka Cmuntov\u00e1\"  itemprop=\"image\"  \/><\/div><\/div><div class=\"abcfslLstCol abcfslLstCol-8 abcfslTxtColLst\"><div class=\"abcfslTxtCntrLst  abcfslPadLPc5\" style=\"padding-left: 20px;\"><h4 class=\"abcfslF18_6 MP-F1\"><span class=\"abcfslSpanMP2\">\u0160\u00e1rka <\/span><span class=\"abcfslSpanMP1\">Cmuntov\u00e1 <\/span><\/h4><h5 class=\"abcfslF14_6 T-F2\">Kontaktn\u00ed pracovn\u00edk - vedouc\u00ed sestra<\/h5><div class=\"abcfslMT10  abcfslF14 profile-department-link CE-F8\"><p><a href=\"https:\/\/www.nemji.cz\/kontaktni-centrum\/\">Kontaktn\u00ed centrum<\/a><\/p>\n<\/div><div class=\"abcfslMT5  abcfslF14 LT-F5\"><span><i class=\"fa-solid fa-envelope\"><\/i>\u00a0&nbsp;<\/span><span class=\"profile-department-link\"><a href=\"mailto:cmuntovas@nemji.cz\">cmuntovas@nemji.cz<\/a><\/span><\/div><div class=\"abcfslMT5  abcfslF14 LT-F4\"><span><i class=\"fa-solid fa-phone\"><\/i>\u00a0&nbsp;<\/span><span class=\"profile-department-link\"><a href=\"tel:+420567157555\">+420 567 157 555<\/a><\/span><\/div><\/div><\/div><\/div><\/div>\n<\/div>\n\n<div id=\"cmsmasters_divider_h7nkol9jkd\" class=\"cmsmasters_divider cmsmasters_divider_width_long cmsmasters_divider_pos_left\"><\/div>\n<div class=\"cmsmasters_text\">\n<p><a id=\"doba\"><\/a><\/p>\n<\/div>\n<div id=\"cmsmasters_heading_hcfrvf6jm\" class=\"cmsmasters_heading_wrap cmsmasters_heading_align_left\">\n\t<h2 class=\"cmsmasters_heading\">Pracovn\u00ed doba<\/h2>\n<\/div>\n<div id=\"cmsmasters_divider_dqjzdnisf\" class=\"cmsmasters_divider cmsmasters_divider_width_short cmsmasters_divider_pos_left\"><\/div>\n<div class=\"cmsmasters_text ordinacni-hodiny-table\">\n<table style=\"border-collapse: collapse; width: 100%; height: 48px;\" border=\"1\">\n<tbody>\n<tr style=\"height: 24px;\">\n<td style=\"width: 8.93543%; height: 24px;\"><strong><span style=\"color: #003c56;\">Po &#8211; St:<\/span><\/strong><\/td>\n<td style=\"width: 91.0646%; height: 24px;\">7:00 &#8211; 12:00\u00a0 12:30 &#8211; 15:00<\/td>\n<\/tr>\n<tr style=\"height: 24px;\">\n<td style=\"width: 8.93543%; height: 24px;\"><strong><span style=\"color: #003c56;\">\u010ct &#8211; P\u00e1:<\/span><\/strong><\/td>\n<td style=\"width: 91.0646%; height: 24px;\">7:00 &#8211; 12:00<\/td>\n<\/tr>\n<\/tbody>\n<\/table>\n<\/div>\n\n<div id=\"cmsmasters_divider_4j9am21qhq\" class=\"cmsmasters_divider cmsmasters_divider_width_long cmsmasters_divider_pos_left\"><\/div>\n<div class=\"cmsmasters_text\">\n<p><a id=\"kontakt\"><\/a><\/p>\n<\/div>\n<div id=\"cmsmasters_heading_au0su446g\" class=\"cmsmasters_heading_wrap cmsmasters_heading_align_left\">\n\t<h2 class=\"cmsmasters_heading\">Kontakt<\/h2>\n<\/div>\n<div id=\"cmsmasters_divider_1jf3klbqau\" class=\"cmsmasters_divider cmsmasters_divider_width_short cmsmasters_divider_pos_left\"><\/div>\n<div id=\"cmsmasters_icon_box_cway15m39p\" class=\"cmsmasters_icon_box cmsmasters_icon_box_left box_icon_type_icon cmsmasters-icon-phone sidebar-icons-contact\">\n<div class=\"icon_box_inner\">\n<h6 class=\"icon_box_heading\">Kontaktn\u00ed centrum<\/h6>\n<div class=\"icon_box_text\">\n<p><a href=\"tel:+420567157443\">+420 567 157 443<\/a><\/p>\n<\/div>\n<\/div>\n<\/div>\n<div class=\"cmsmasters_text\">\n<p><\/p>\n<\/div>\n<div id=\"cmsmasters_divider_jjzzc5ehwl\" class=\"cmsmasters_divider cmsmasters_divider_width_long cmsmasters_divider_pos_left\"><\/div>\n<div class=\"cmsmasters_text\">\n<p><a id=\"kde-nas-najdete\"><\/a><\/p>\n<\/div>\n<div id=\"cmsmasters_heading_t8k6z37gpu\" class=\"cmsmasters_heading_wrap cmsmasters_heading_align_left\">\n\t<h2 class=\"cmsmasters_heading\">Kde n\u00e1s najdete<\/h2>\n<\/div>\n<div id=\"cmsmasters_divider_7od5qx0pc\" class=\"cmsmasters_divider cmsmasters_divider_width_short cmsmasters_divider_pos_left\"><\/div>\n<div id=\"cmsmasters_icon_box_xgt8a12zg8\" class=\"cmsmasters_icon_box cmsmasters_icon_box_left box_icon_type_icon cmsmasters-icon-location-1 sidebar-icons-contact\">\n<div class=\"icon_box_inner\">\n<h6 class=\"icon_box_heading\">Budova A, p\u0159\u00edzem\u00ed (Hlavn\u00ed vchod)<\/h6>\n<div class=\"icon_box_text\">\n<p>Kontaktn\u00ed centrum<\/p>\n<\/div>\n<\/div>\n<\/div>\n<div class=\"cmsmasters_text\">\n<p><a href=\"\/wp-content\/uploads\/2024\/02\/kontakt_centrum.jpg\"><img loading=\"lazy\" decoding=\"async\" class=\"alignleft wp-image-29556\" src=\"\/wp-content\/uploads\/2024\/02\/kontakt_centrum.jpg\" alt=\"kontaktn\u00ed centrum\" width=\"347\" height=\"259\" srcset=\"\/wp-content\/uploads\/2024\/02\/kontakt_centrum.jpg 1600w, \/wp-content\/uploads\/2024\/02\/kontakt_centrum-300x224.jpg 300w, \/wp-content\/uploads\/2024\/02\/kontakt_centrum-1024x766.jpg 1024w, \/wp-content\/uploads\/2024\/02\/kontakt_centrum-768x575.jpg 768w, \/wp-content\/uploads\/2024\/02\/kontakt_centrum-1536x1149.jpg 1536w, \/wp-content\/uploads\/2024\/02\/kontakt_centrum-16x12.jpg 16w, \/wp-content\/uploads\/2024\/02\/kontakt_centrum-580x434.jpg 580w, \/wp-content\/uploads\/2024\/02\/kontakt_centrum-860x643.jpg 860w, \/wp-content\/uploads\/2024\/02\/kontakt_centrum-1160x868.jpg 1160w\" sizes=\"auto, (max-width: 347px) 100vw, 347px\" \/><\/a><\/p>\n<\/div>\n<div id=\"cmsmasters_divider_7bnbxur6x\" class=\"cmsmasters_divider cmsmasters_divider_width_long cmsmasters_divider_pos_left\"><\/div>\n<\/div><\/div>\n<\/div>\n<\/div>\n<\/div>\n<\/div>\n<\/div>\n\n","protected":false},"excerpt":{"rendered":"","protected":false},"author":5,"featured_media":26771,"parent":0,"menu_order":0,"comment_status":"closed","ping_status":"closed","template":"","meta":{"pgc_sgb_lightbox_settings":"","footnotes":"","_links_to":"","_links_to_target":""},"categories":[],"class_list":["post-29281","page","type-page","status-publish","has-post-thumbnail","hentry"],"publishpress_future_action":{"enabled":false,"date":"2026-04-28 11:25:25","action":"change-status","newStatus":"draft","terms":[],"taxonomy":"category","extraData":[]},"publishpress_future_workflow_manual_trigger":{"enabledWorkflows":[]},"_links":{"self":[{"href":"https:\/\/webnemji.azurewebsites.net\/en\/wp-json\/wp\/v2\/pages\/29281","targetHints":{"allow":["GET"]}}],"collection":[{"href":"https:\/\/webnemji.azurewebsites.net\/en\/wp-json\/wp\/v2\/pages"}],"about":[{"href":"https:\/\/webnemji.azurewebsites.net\/en\/wp-json\/wp\/v2\/types\/page"}],"author":[{"embeddable":true,"href":"https:\/\/webnemji.azurewebsites.net\/en\/wp-json\/wp\/v2\/users\/5"}],"replies":[{"embeddable":true,"href":"https:\/\/webnemji.azurewebsites.net\/en\/wp-json\/wp\/v2\/comments?post=29281"}],"version-history":[{"count":0,"href":"https:\/\/webnemji.azurewebsites.net\/en\/wp-json\/wp\/v2\/pages\/29281\/revisions"}],"wp:featuredmedia":[{"embeddable":true,"href":"https:\/\/webnemji.azurewebsites.net\/en\/wp-json\/wp\/v2\/media\/26771"}],"wp:attachment":[{"href":"https:\/\/webnemji.azurewebsites.net\/en\/wp-json\/wp\/v2\/media?parent=29281"}],"wp:term":[{"taxonomy":"category","embeddable":true,"href":"https:\/\/webnemji.azurewebsites.net\/en\/wp-json\/wp\/v2\/categories?post=29281"}],"curies":[{"name":"wp","href":"https:\/\/api.w.org\/{rel}","templated":true}]}}