{"id":29535,"date":"2024-02-07T10:16:27","date_gmt":"2024-02-07T09:16:27","guid":{"rendered":"https:\/\/webnemji.azurewebsites.net\/?page_id=29535"},"modified":"2024-03-20T11:48:55","modified_gmt":"2024-03-20T10:48:55","slug":"historie-ict","status":"publish","type":"page","link":"https:\/\/webnemji.azurewebsites.net\/en\/oddeleni\/ict\/historie-ict\/","title":{"rendered":"ICT history"},"content":{"rendered":"<div id=\"cmsmasters_row_6iluctg3hk\" class=\"cmsmasters_row cmsmasters_color_scheme_default cmsmasters_row_top_default cmsmasters_row_bot_default cmsmasters_row_boxed\">\n<div class=\"cmsmasters_row_outer_parent\">\n<div class=\"cmsmasters_row_overlay\"><\/div>\n<div class=\"cmsmasters_row_outer\">\n<div class=\"cmsmasters_row_inner\">\n<div class=\"cmsmasters_row_margin\">\n<div id=\"cmsmasters_column_sybg7he2sg\" class=\"cmsmasters_column one_first\">\n<div class=\"cmsmasters_column_inner\"><div id=\"cmsmasters_heading_b3c74b95a0\" class=\"cmsmasters_heading_wrap cmsmasters_heading_align_center pageheadingtitle\">\n\t<h1 class=\"cmsmasters_heading\">Historie ICT Nemocnice Jihlava<\/h1>\n<\/div>\n<\/div><\/div>\n<\/div>\n<\/div>\n<\/div>\n<\/div>\n<\/div>\n<div id=\"cmsmasters_row_ly5ze1hf8e\" class=\"cmsmasters_row cmsmasters_color_scheme_default cmsmasters_row_top_default cmsmasters_row_bot_default cmsmasters_row_boxed\">\n<div class=\"cmsmasters_row_outer_parent\">\n<div class=\"cmsmasters_row_outer\">\n<div class=\"cmsmasters_row_inner\">\n<div class=\"cmsmasters_row_margin\">\n<div id=\"cmsmasters_column_v67ee6nvg7\" class=\"cmsmasters_column one_first\">\n<div class=\"cmsmasters_column_inner\"><div class=\"cmsmasters_text\">\n<p><nav aria-label=\"breadcrumbs\">\n            <div class=\"breadcrumb-container theme1\">\n                <ol>\n                                    <\/ol>\n            <\/div>\n        <\/nav>    <script type=\"application\/ld+json\">\n        {\n            \"@context\": \"http:\/\/schema.org\",\n            \"@type\": \"BreadcrumbList\",\n            \"itemListElement\": [\n                            ]\n        }\n    <\/script>\n   \n    <script>\n            <\/script>\n<\/p>\n<\/div>\n<\/div><\/div>\n<\/div>\n<\/div>\n<\/div>\n<\/div>\n<\/div>\n<div id=\"cmsmasters_row_3f2f8816dd\" class=\"cmsmasters_row cmsmasters_color_scheme_default cmsmasters_row_top_default cmsmasters_row_bot_default cmsmasters_row_boxed\">\n<div class=\"cmsmasters_row_outer_parent\">\n<div class=\"cmsmasters_row_outer\">\n<div class=\"cmsmasters_row_inner\">\n<div class=\"cmsmasters_row_margin\">\n<div id=\"cmsmasters_column_0a1c5940f5\" class=\"cmsmasters_column one_third stickyinfocolumn\">\n<div class=\"cmsmasters_column_inner\"><div id=\"cmsmasters_heading_rva6m2t32d\" class=\"cmsmasters_heading_wrap cmsmasters_heading_align_center\">\n\t<h3 class=\"cmsmasters_heading\">Informace o odd\u011blen\u00ed<\/h3>\n<\/div>\n<div id=\"cmsmasters_divider_dpp34mcdj5\" class=\"cmsmasters_divider cmsmasters_divider_width_short cmsmasters_divider_pos_center\"><\/div>\n<div class=\"cmsmasters_sidebar sidebar_layout_11 sidebar-custom-menu\"><aside id=\"nav_menu-64\" class=\"widget widget_nav_menu\"><div class=\"menu-ict-container\"><ul id=\"menu-ict\" class=\"menu\"><li id=\"menu-item-29413\" class=\"menu-item menu-item-type-custom menu-item-object-custom menu-item-29413\"><a href=\"\/oddeleni\/ict\/#popis-oddeleni\" data-ps2id-api=\"true\"><i class=\"fa-solid fa-info\"><\/i> Popis odd\u011blen\u00ed<\/a><\/li>\n<li id=\"menu-item-29414\" class=\"static-link menu-item menu-item-type-custom menu-item-object-custom menu-item-29414\"><a href=\"\/kontakty\/usek-ict\/\" data-ps2id-api=\"true\"><i class=\"fa-solid fa-user-doctor\"><\/i> Person\u00e1ln\u00ed obsazen\u00ed<\/a><\/li>\n<li id=\"menu-item-29415\" class=\"menu-item menu-item-type-custom menu-item-object-custom menu-item-29415\"><a href=\"\/oddeleni\/ICT\/#oteviraci-hodiny\" data-ps2id-api=\"true\"><i class=\"fa-regular fa-clock\"><\/i> Pracovn\u00ed doba<\/a><\/li>\n<li id=\"menu-item-29466\" class=\"menu-item menu-item-type-custom menu-item-object-custom menu-item-29466\"><a href=\"\/oddeleni\/ICT\/#napsali\" data-ps2id-api=\"true\"><i class=\"fa-regular fa-newspaper\"><\/i>Napsali o n\u00e1s<\/a><\/li>\n<li id=\"menu-item-29417\" class=\"menu-item menu-item-type-custom menu-item-object-custom menu-item-29417\"><a href=\"\/oddeleni\/ICT\/#kde-nas-najdete\" data-ps2id-api=\"true\"><i class=\"fa-solid fa-location-dot\"><\/i> Kde n\u00e1s najdete<\/a><\/li>\n<li id=\"menu-item-29418\" class=\"menu-item menu-item-type-custom menu-item-object-custom menu-item-29418\"><a href=\"\/oddeleni\/ICT\/#fotogalerie\" data-ps2id-api=\"true\"><i class=\"fa-solid fa-camera\"><\/i> Fotogalerie<\/a><\/li>\n<li id=\"menu-item-29517\" class=\"menu-custom-separator menu-item menu-item-type-custom menu-item-object-custom menu-item-29517\"><hr class=\"mhm-menu-separator\"><\/li>\n<li id=\"menu-item-32404\" class=\"static-link menu-item menu-item-type-custom menu-item-object-custom menu-item-32404\"><a href=\"\/oddeleni\/ict\/pkict\/\" data-ps2id-api=\"true\"><i class=\"fa-solid fa-file-shield\"><\/i>P\u0159\u00edru\u010dka kvality ICT<\/a><\/li>\n<li id=\"menu-item-35564\" class=\"menu-item menu-item-type-custom menu-item-object-custom menu-item-35564\"><a href=\"\/oddeleni\/ict\/citlivost_info\/\" data-ps2id-api=\"true\"><i class=\"fa-solid fa-tag\"><\/i>Ozna\u010dov\u00e1n\u00ed citlivosti informac\u00ed<\/a><\/li>\n<li id=\"menu-item-35565\" class=\"menu-item menu-item-type-custom menu-item-object-custom menu-item-35565\"><a href=\"\/o-nemocnici\/kyberbezpecnost\/\" data-ps2id-api=\"true\"><i class=\"fa-solid fa-shield-halved\"><\/i> Kyberbezpe\u010dnost<\/a><\/li>\n<li id=\"menu-item-30736\" class=\"static-link menu-item menu-item-type-custom menu-item-object-custom menu-item-30736\"><a href=\"\/oddeleni\/ict\/wifi\/\" data-ps2id-api=\"true\"><i class=\"fa-solid fa-wifi\"><\/i>WiFi p\u0159ipojen\u00ed<\/a><\/li>\n<li id=\"menu-item-29561\" class=\"static-link menu-item menu-item-type-custom menu-item-object-custom menu-item-29561\"><a href=\"\/oddeleni\/ict\/historie-ict\/\" data-ps2id-api=\"true\"><i class=\"fa-solid fa-computer\"><\/i>Historie ICT<\/a><\/li>\n<li id=\"menu-item-29578\" class=\"static-link menu-item menu-item-type-custom menu-item-object-custom menu-item-29578\"><a href=\"\/kariera\/volne-pracovni-pozice\/#hfaq-post-29288\" data-ps2id-api=\"true\"><i class=\"fa-solid fa-id-card-clip\"><\/i>Pracovn\u00ed p\u0159\u00edle\u017eitosti<\/a><\/li>\n<li id=\"menu-item-29470\" class=\"menu-item menu-item-type-custom menu-item-object-custom menu-item-29470\"><a href=\"http:\/\/get.teamviewer.com\/bntmts4\" data-ps2id-api=\"true\"><i class=\"fa-solid fa-headset\"><\/i>Podpora ICT (TeamViewer)<\/a><\/li>\n<\/ul><\/div><\/aside><div class=\"cl\"><\/div>\n<\/div>\n<\/div><\/div>\n<div id=\"cmsmasters_column_k7vlyuz4yq\" class=\"cmsmasters_column two_third\">\n<div class=\"cmsmasters_column_inner\"><div class=\"cmsmasters_text scroll-location\">\n<p><a id=\"popis-oddeleni\"><\/a><\/p>\n<\/div>\n<div id=\"cmsmasters_heading_0cx4mcjjyd\" class=\"cmsmasters_heading_wrap cmsmasters_heading_align_left\">\n\t<h2 class=\"cmsmasters_heading\">Popis odd\u011blen\u00ed<\/h2>\n<\/div>\n<div id=\"cmsmasters_divider_kul4awri6m\" class=\"cmsmasters_divider cmsmasters_divider_width_short cmsmasters_divider_pos_left\"><\/div>\n<div class=\"cmsmasters_text\">\n<h5><strong>Z\u00a0historie V\u00fdpo\u010detn\u00edho st\u0159ediska O\u00daNZ \/ Nemocnice Jihlava<\/strong><\/h5>\n<p>Do O\u00daNZ Jihlava jsem nastoupil po ukon\u010den\u00ed vysoko\u0161kolsk\u00e9ho studia na \u010cVUT v\u00a0Praze v\u00a0roce 1984. Studoval jsem specializaci l\u00e9ka\u0159sk\u00e1 elektronika, kter\u00e1 se v\u00a0t\u00e9 dob\u011b v\u00a0Praze otev\u00edrala jednou za dva roky. V\u00a0tehdej\u0161\u00edm Okresn\u00edm \u00fastavu n\u00e1rodn\u00edho zdrav\u00ed jsem se l\u00e9ka\u0159sk\u00e9 technice v\u011bnoval jako t\u0159et\u00ed vysoko\u0161kol\u00e1k nel\u00e9ka\u0159. Slu\u017eebn\u011b nejstar\u0161\u00ed byl tehdy ing. Josef Sv\u00e1tek, kter\u00fd se ale v\u011bnoval administrativ\u011b a pracoval na technick\u00e9m odboru \u0159editelstv\u00ed O\u00daNZ. Jeho starost\u00ed byly n\u00e1kupy zdravotnick\u00e9 techniky a v\u0161e, co s\u00a0t\u00edm souviselo. Druh\u00fdm profesn\u00edm kolegou byl ing. Jaroslav B\u00e1rtl, kter\u00fd se v\u011bnoval oprav\u00e1m n\u011bkter\u00e9 techniky a jeho dom\u00e9nou byla hlavn\u011b dom\u00e1c\u00ed elektrotechnika pou\u017e\u00edvan\u00e1 v\u00a0nemocnici i jednotliv\u00fdmi zam\u011bstnanci. L\u00e9ka\u0159sk\u00e1 elektronika, tak jak jsem ji studoval a jak ji ch\u00e1peme dnes, byla tehdy v\u00a0Jihlav\u011b v\u00a0plenk\u00e1ch. Skoro bych \u0159ekl, \u017ee si se mnou\u00a0 m\u016fj zam\u011bstnavatel nev\u011bd\u011bl rady.<\/p>\n<p>V\u0161echno zl\u00e9 b\u00fdv\u00e1 i k n\u011b\u010demu dobr\u00e9. Do n\u00e1stupu na vojenskou jednoro\u010dn\u00ed slu\u017ebu jsem absolvoval tzv. kole\u010dko po v\u0161ech odd\u011blen\u00edch, kter\u00e9 alespo\u0148 okrajov\u011b pou\u017e\u00edvaly elektroniku. Tedy hlavn\u011b ARO, JIPky, chirurgii, internu, a tak\u00e9 nukle\u00e1rn\u00ed medic\u00ednu, hematologii a biochemickou laborato\u0159. Rentgenologick\u00e9 odd\u011blen\u00ed bylo tehdy prakticky v\u00fdhradn\u011b spravov\u00e1no p\u0159\u00edmo techniky od dodavatel\u016f. V t\u00e9 dob\u011b v cel\u00e9m O\u00daNZ nebyl ani jedin\u00fd po\u010d\u00edta\u010d, nebylo ani CT \u010di NMR, v\u011bt\u0161ina diagnostick\u00e9 techniky byla postaven\u00e1 na analogov\u00fdch technologi\u00edch. M\u00e1m na mysli nap\u0159\u00edklad monitory EKG, EEG, analyz\u00e1tory v laborato\u0159\u00edch \u010di zobrazovac\u00ed techniku na RTG \u010di na odd\u011blen\u00ed nukle\u00e1rn\u00ed medic\u00edny.<\/p>\n<p>Po n\u00e1vratu z\u00a0vojensk\u00e9 slu\u017eby se mnoho zm\u011bnilo. Hlavn\u011b do\u0161lo k\u00a0person\u00e1ln\u00ed obm\u011bn\u011b ve veden\u00ed nemocnice a O\u00daNZ. S\u00a0nov\u00fdm veden\u00edm, kter\u00e9 bylo tehdy samoz\u0159ejm\u011b velmi prov\u00e1z\u00e1no se stranickou strukturou, p\u0159i\u0161la ale i snaha naj\u00edt nov\u00e9 p\u0159\u00edstupy a hlavn\u011b uk\u00e1zat v\u00fdsledky v\u00a0r\u00e1mci tzv. p\u0159estavby. Najednou se podm\u00ednky zm\u011bnily jako m\u00e1vnut\u00edm proutku. Nastoupil jsem jako technik na odd\u011blen\u00ed klinick\u00e9 biochemie, kde popravd\u011b nebyl dal\u0161\u00ed technik pot\u0159eba. V\u0161e excelentn\u011b zvl\u00e1dal tehdej\u0161\u00ed vrchn\u00ed laborant Jarom\u00edr Meduna, kter\u00fd m\u011bl obrovskou zku\u0161enost a tak\u00e9 byl nesm\u00edrn\u011b manu\u00e1ln\u011b zru\u010dn\u00fd. J\u00e1 jsem ale dostal voln\u00fd \u00fakol pod\u00edvat se, co by se dalo d\u011blat jinak a s\u00a0nov\u00fdmi technologiemi nejen v\u00a0laborato\u0159\u00edch. \u00a0Tehdej\u0161\u00ed \u0159editel O\u00daNZ Dr. Zeman i technick\u00fd n\u00e1m\u011bstek Ing. Havran m\u011b nechali, a\u0165 p\u0159ich\u00e1z\u00edm s\u00a0nov\u00fdmi n\u00e1pady a nesna\u017eili se mne nijak brzdit, tedy s\u00a0v\u00fdjimkou pen\u011bz.\u00a0 O t\u011bch jsem rozhodovat nemohl. Nicm\u00e9n\u011b shodou okolnost\u00ed i na dal\u0161\u00edch odd\u011blen\u00edch byli v\u00a0t\u00e9 dob\u011b ambici\u00f3zn\u00ed l\u00e9ka\u0159i, kte\u0159\u00ed sv\u00fdm tehdej\u0161\u00edm \u0161\u00e9f\u016fm cht\u011bli k\u00a0jejich v\u011bt\u0161\u00ed \u010di men\u0161\u00ed radosti uk\u00e1zat, \u017ee dovedou n\u011bco nov\u00e9ho. K\u00a0jedn\u00e9 z\u00a0prvn\u00edch v\u011bc\u00ed pat\u0159ilo zaveden\u00ed implantac\u00ed kardiostimul\u00e1tor\u016f.\u00a0 Dr. Pavel Sv\u00edtil a Dr. Jaroslav \u0160ihan mne oslovili se \u017e\u00e1dost\u00ed o technick\u00e9 zabezpe\u010den\u00ed tehdy v\u00a0Jihlav\u011b nov\u00e9ho v\u00fdkonu a j\u00e1 se toho s\u00a0radost\u00ed ujal. Postupn\u011b jsem na sebe za\u010dal soust\u0159e\u010fovat v\u0161echny aktivity t\u00fdkaj\u00edc\u00ed se nov\u00fdch postup\u016f a technologi\u00ed. Dnes u\u017e \u00fasm\u011bvn\u011b p\u016fsob\u00ed moje nad\u0161en\u00ed, kdy\u017e se v\u00a0nemocnici objevil prvn\u00ed tehdy osmibitov\u00fd mikropo\u010d\u00edta\u010d z\u00a0produkce JZD Slu\u0161ovice. Sna\u017eil jsem se zajistit novou techniku, jak to jen bylo mo\u017en\u00e9. N\u00e1kupy p\u0159es tehdej\u0161\u00ed TUZEX a p\u0159es prodejny s\u00a0pou\u017eit\u00fdm zbo\u017e\u00edm, postupn\u00e9 n\u00e1kupy osmibitov\u00fdch po\u010d\u00edta\u010d\u016f TESLA pro jednor\u00e1zov\u00e9 nasazen\u00ed pro laboratorn\u00ed v\u00fdpo\u010dty, a\u017e po tehdej\u0161\u00ed neuv\u011b\u0159iteln\u00e9 probl\u00e9my s\u00a0n\u00e1kupem techniky ze zahrani\u010d\u00ed. To by bylo na samostatn\u00e9 vypr\u00e1v\u011bn\u00ed.<\/p>\n<p>N\u011bkdy na p\u0159elomu rok\u016f 1986\/87 s\u00edl\u00ed my\u0161lenka na vytvo\u0159en\u00ed\u00a0 samostatn\u00e9ho odd\u011blen\u00ed, kter\u00e9 by se v\u011bnovalo jenom l\u00e9ka\u0159sk\u00e9 elektronice a nastupuj\u00edc\u00edm po\u010d\u00edta\u010d\u016fm. Nev\u00edm p\u0159esn\u011b kdy, ale jednoho dne toto odd\u011blen\u00ed vzniklo a j\u00e1 jsem m\u011bl to \u0161t\u011bst\u00ed, \u017ee jsem st\u00e1l v\u00a0jeho \u010dele, a ne\u0161t\u011bst\u00ed, \u017ee jsem byl tak\u00e9 jedin\u00fd zam\u011bstnanec. Lid\u00e9 nebyli, tak\u017ee to byl ke v\u0161em aktivit\u00e1m dal\u0161\u00ed \u00fakol. Sehnat a p\u0159esv\u011bd\u010dit budouc\u00ed spolupracovn\u00edky, \u017ee ta pr\u00e1ce m\u00e1 smysl a budoucnost. Z\u00a0tehdej\u0161\u00edho Podniku v\u00fdpo\u010detn\u00ed techniky se poda\u0159ilo p\u0159et\u00e1hnou kolegu a excelentn\u00edho technika Vladim\u00edra P\u00e1nka, z\u00a0\u00fa\u010dt\u00e1rny p\u0159i\u0161la neuv\u011b\u0159iteln\u011b nad\u0161en\u00e1 a rychle se u\u010d\u00edc\u00ed Jaroslava V\u00edtkovi\u010dov\u00e1 a z\u00a0pra\u017esk\u00e9ho Institutu mikroelektronick\u00fdch aplikac\u00ed konstrukt\u00e9r ing. Milan Vil\u00edmek. Celkem nesourod\u00e1 parta, kter\u00e1 \u0161la d\u011blat n\u011bco zaj\u00edmav\u00e9ho a nov\u00e9ho, za minim\u00e1ln\u00ed platy. Dostali jsme k\u00a0dispozici jednu bu\u0148ku v\u00a0tehdej\u0161\u00edm pavilonu dlouhodob\u011b nemocn\u00fdch, ve \u010dtvrt\u00e9m pat\u0159e, kter\u00e9 bylo tehdy u\u017e\u00edv\u00e1no rehabilita\u010dn\u00edm l\u016f\u017ekov\u00fdm odd\u011blen\u00edm.<\/p>\n<p>Laboratorn\u00ed informa\u010dn\u00ed syst\u00e9my, od osmibitov\u00fdch po\u010d\u00edta\u010d\u016f po prvn\u00ed PC, po\u010d\u00e1tky elektronick\u00e9 komunikace s\u00a0jednotliv\u00fdmi pracovi\u0161ti, postupn\u00e9 vytv\u00e1\u0159en\u00ed ekonomick\u00fdch agend, nasazen\u00ed PC v\u00a0diagnostice a terapii, to v\u0161echno vznikalo na zhruba pades\u00e1ti \u010dtvere\u010dn\u00edch metrech, na kter\u00fdch jsme klop\u00fdtali o kabely, techniku, r\u016fzn\u00e1 rozhran\u00ed a stohy odborn\u00e9 literatury. V\u00fdsledkem byly nejen des\u00edtky r\u016fzn\u00fdch zlep\u0161ovac\u00edch n\u00e1vrh\u016f, za kter\u00e9 jsme byli oce\u0148ov\u00e1ni a zv\u00e1ni na r\u016fzn\u00e1 nemocni\u010dn\u00ed i universitn\u00ed pracovi\u0161t\u011b \u010di jeden sv\u011btov\u00fd patent, ale hlavn\u011b neuv\u011b\u0159iteln\u011b dobr\u00fd pocit z\u00a0pr\u00e1ce a z\u00a0vytvo\u0159en\u00e9ho kolektivu.<\/p>\n<p>Po listopadu 1989 jsem z\u00a0odd\u011blen\u00ed ode\u0161el do soukrom\u00e9ho a pozd\u011bji do ve\u0159ejn\u00e9ho sektoru. Vzpom\u00ednky na za\u010d\u00e1tky v\u00a0O\u00daNZ Jihlava, na tehdej\u0161\u00ed kolegy a kolegyn\u011b nejen na na\u0161em odd\u011blen\u00ed, na v\u0161echny, kte\u0159\u00ed se na na\u0161ich aktivit\u00e1ch pod\u00edleli, mne ale stejn\u011b prov\u00e1zej\u00ed dodnes.<\/p>\n<p style=\"text-align: right;\">V Praze 12. 4. 2011<\/p>\n<h5 style=\"text-align: right;\">Franti\u0161ek Dohnal<\/h5>\n<p style=\"text-align: right;\">prezident Nejvy\u0161\u0161\u00edho kontroln\u00edho \u00fa\u0159adu<\/p>\n<p>&nbsp;<\/p>\n<h5 style=\"text-align: left;\"><strong>Dopln\u011bn\u00ed po dotazu na up\u0159esn\u011bn\u00ed:<\/strong><\/h5>\n<p>K patentu &#8211; tehdy prakticky nebylo mo\u017en\u00e9 m\u00edt patent, ten z\u00edsk\u00e1val socialistick\u00fd st\u00e1t. Autor dostal tzv. autorsk\u00e9 osv\u011bd\u010den\u00ed. V tomto p\u0159\u00edpad\u011b m\u00e1 \u010d\u00edslo 240218, vydal ho \u00da\u0159ad pro vyn\u00e1lezy a objevy v Praze dne 15.3.1988. Dr\u017eitelem\u00a0 je Franti\u0161ek Dohnal, Jihlava N\u00e1zev:\u00a0Za\u0159\u00edzen\u00ed pro synchronizaci prokl\u00e1d\u00e1n\u00ed \u0159\u00e1dk\u016f u scintigrafick\u00e9 diagnostiky.<\/p>\n<p>Ostatn\u00ed jsem si neschov\u00e1val. Spousta p\u0159\u00edpravk\u016f ke kardiostimulaci, \u201einterfejsy\u201c k laboratorn\u00edm p\u0159\u00edstroj\u016fm, \u201eud\u011bl\u00e1tka\u201c k PC, to byly des\u00edtky v\u011bc\u00ed\u2026<\/p>\n<p><strong>Patent<\/strong> &#8211; Popis vyn\u00e1lezu k autorsk\u00e9mu osv\u011bd\u010den\u00ed je k nahl\u00e9dnut\u00ed <strong><a href=\"\/wp-content\/uploads\/2024\/02\/0240218_patent.pdf\" target=\"_blank\" rel=\"noopener\">zde<\/a><\/strong><\/p>\n<\/div>\n\n<div id=\"cmsmasters_divider_hgdnxm8b9\" class=\"cl\"><\/div>\n<\/div><\/div>\n<\/div>\n<\/div>\n<\/div>\n<\/div>\n<\/div>\n<div id=\"cmsmasters_row_4kb0apw7ag\" class=\"cmsmasters_row cmsmasters_color_scheme_default cmsmasters_row_top_default cmsmasters_row_bot_default cmsmasters_row_boxed\">\n<div class=\"cmsmasters_row_outer_parent\">\n<div class=\"cmsmasters_row_outer\">\n<div class=\"cmsmasters_row_inner\">\n<div class=\"cmsmasters_row_margin\">\n<div id=\"cmsmasters_column_nwwitfqy0a\" class=\"cmsmasters_column one_first\">\n<div class=\"cmsmasters_column_inner\"><\/div><\/div>\n<\/div>\n<\/div>\n<\/div>\n<\/div>\n<\/div>\n\n","protected":false},"excerpt":{"rendered":"","protected":false},"author":5,"featured_media":29548,"parent":29423,"menu_order":0,"comment_status":"closed","ping_status":"closed","template":"","meta":{"pgc_sgb_lightbox_settings":"","footnotes":"","_links_to":"","_links_to_target":""},"categories":[85],"class_list":["post-29535","page","type-page","status-publish","has-post-thumbnail","hentry","category-page-oddeleni"],"publishpress_future_action":{"enabled":false,"date":"2026-04-12 18:43:19","action":"change-status","newStatus":"draft","terms":[],"taxonomy":"category","extraData":[]},"publishpress_future_workflow_manual_trigger":{"enabledWorkflows":[]},"_links":{"self":[{"href":"https:\/\/webnemji.azurewebsites.net\/en\/wp-json\/wp\/v2\/pages\/29535","targetHints":{"allow":["GET"]}}],"collection":[{"href":"https:\/\/webnemji.azurewebsites.net\/en\/wp-json\/wp\/v2\/pages"}],"about":[{"href":"https:\/\/webnemji.azurewebsites.net\/en\/wp-json\/wp\/v2\/types\/page"}],"author":[{"embeddable":true,"href":"https:\/\/webnemji.azurewebsites.net\/en\/wp-json\/wp\/v2\/users\/5"}],"replies":[{"embeddable":true,"href":"https:\/\/webnemji.azurewebsites.net\/en\/wp-json\/wp\/v2\/comments?post=29535"}],"version-history":[{"count":0,"href":"https:\/\/webnemji.azurewebsites.net\/en\/wp-json\/wp\/v2\/pages\/29535\/revisions"}],"up":[{"embeddable":true,"href":"https:\/\/webnemji.azurewebsites.net\/en\/wp-json\/wp\/v2\/pages\/29423"}],"wp:featuredmedia":[{"embeddable":true,"href":"https:\/\/webnemji.azurewebsites.net\/en\/wp-json\/wp\/v2\/media\/29548"}],"wp:attachment":[{"href":"https:\/\/webnemji.azurewebsites.net\/en\/wp-json\/wp\/v2\/media?parent=29535"}],"wp:term":[{"taxonomy":"category","embeddable":true,"href":"https:\/\/webnemji.azurewebsites.net\/en\/wp-json\/wp\/v2\/categories?post=29535"}],"curies":[{"name":"wp","href":"https:\/\/api.w.org\/{rel}","templated":true}]}}