{"id":29777,"date":"2024-02-22T13:41:51","date_gmt":"2024-02-22T12:41:51","guid":{"rendered":"https:\/\/webnemji.azurewebsites.net\/?page_id=29777"},"modified":"2025-07-14T07:33:54","modified_gmt":"2025-07-14T05:33:54","slug":"pracoviste-lekarske-genetiky","status":"publish","type":"page","link":"https:\/\/webnemji.azurewebsites.net\/en\/oddeleni\/pracoviste-lekarske-genetiky\/","title":{"rendered":"Department of Medical Genetics"},"content":{"rendered":"<div id=\"cmsmasters_row_6iluctg3hk\" class=\"cmsmasters_row cmsmasters_color_scheme_default cmsmasters_row_top_default cmsmasters_row_bot_default cmsmasters_row_boxed\">\n<div class=\"cmsmasters_row_outer_parent\">\n<div class=\"cmsmasters_row_overlay\"><\/div>\n<div class=\"cmsmasters_row_outer\">\n<div class=\"cmsmasters_row_inner\">\n<div class=\"cmsmasters_row_margin\">\n<div id=\"cmsmasters_column_sybg7he2sg\" class=\"cmsmasters_column one_first\">\n<div class=\"cmsmasters_column_inner\"><div id=\"cmsmasters_heading_b3c74b95a0\" class=\"cmsmasters_heading_wrap cmsmasters_heading_align_center pageheadingtitle\">\n\t<h1 class=\"cmsmasters_heading\">Pracovi\u0161t\u011b l\u00e9ka\u0159sk\u00e9 genetiky<\/h1>\n<\/div>\n<\/div><\/div>\n<\/div>\n<\/div>\n<\/div>\n<\/div>\n<\/div>\n<div id=\"cmsmasters_row_ly5ze1hf8e\" class=\"cmsmasters_row cmsmasters_color_scheme_default cmsmasters_row_top_default cmsmasters_row_bot_default cmsmasters_row_boxed\">\n<div class=\"cmsmasters_row_outer_parent\">\n<div class=\"cmsmasters_row_outer\">\n<div class=\"cmsmasters_row_inner\">\n<div class=\"cmsmasters_row_margin\">\n<div id=\"cmsmasters_column_v67ee6nvg7\" class=\"cmsmasters_column one_first\">\n<div class=\"cmsmasters_column_inner\"><div class=\"cmsmasters_text\">\n<p><nav aria-label=\"breadcrumbs\">\n            <div class=\"breadcrumb-container theme1\">\n                <ol>\n                                    <\/ol>\n            <\/div>\n        <\/nav>    <script type=\"application\/ld+json\">\n        {\n            \"@context\": \"http:\/\/schema.org\",\n            \"@type\": \"BreadcrumbList\",\n            \"itemListElement\": [\n                            ]\n        }\n    <\/script>\n   \n    <script>\n            <\/script>\n<\/p>\n<\/div>\n<\/div><\/div>\n<\/div>\n<\/div>\n<\/div>\n<\/div>\n<\/div>\n<div id=\"cmsmasters_row_3f2f8816dd\" class=\"cmsmasters_row cmsmasters_color_scheme_default cmsmasters_row_top_default cmsmasters_row_bot_default cmsmasters_row_boxed\">\n<div class=\"cmsmasters_row_outer_parent\">\n<div class=\"cmsmasters_row_outer\">\n<div class=\"cmsmasters_row_inner\">\n<div class=\"cmsmasters_row_margin\">\n<div id=\"cmsmasters_column_0a1c5940f5\" class=\"cmsmasters_column one_third stickyinfocolumn\">\n<div class=\"cmsmasters_column_inner\"><div id=\"cmsmasters_heading_rva6m2t32d\" class=\"cmsmasters_heading_wrap cmsmasters_heading_align_center\">\n\t<h3 class=\"cmsmasters_heading\">Informace o odd\u011blen\u00ed<\/h3>\n<\/div>\n<div id=\"cmsmasters_divider_dpp34mcdj5\" class=\"cmsmasters_divider cmsmasters_divider_width_short cmsmasters_divider_pos_center\"><\/div>\n<div class=\"cmsmasters_sidebar sidebar_layout_11 sidebar-custom-menu\"><aside id=\"nav_menu-65\" class=\"widget widget_nav_menu\"><div class=\"menu-gen-container\"><ul id=\"menu-gen\" class=\"menu\"><li id=\"menu-item-29779\" class=\"menu-item menu-item-type-custom menu-item-object-custom menu-item-29779\"><a href=\"\/oddeleni\/pracoviste-lekarske-genetiky\/#popis-oddeleni\" data-ps2id-api=\"true\"><i class=\"fa-solid fa-info\"><\/i> Popis odd\u011blen\u00ed<\/a><\/li>\n<li id=\"menu-item-29780\" class=\"menu-item menu-item-type-custom menu-item-object-custom menu-item-29780\"><a href=\"\/oddeleni\/pracoviste-lekarske-genetiky\/#personalni-obsazeni\" data-ps2id-api=\"true\"><i class=\"fa-solid fa-user-doctor\"><\/i> Person\u00e1ln\u00ed obsazen\u00ed<\/a><\/li>\n<li id=\"menu-item-29781\" class=\"menu-item menu-item-type-custom menu-item-object-custom menu-item-29781\"><a href=\"\/oddeleni\/pracoviste-lekarske-genetiky\/#ordinacni-hodiny\" data-ps2id-api=\"true\"><i class=\"fa-regular fa-clock\"><\/i> Ordina\u010dn\u00ed hodiny<\/a><\/li>\n<li id=\"menu-item-29782\" class=\"menu-item menu-item-type-custom menu-item-object-custom menu-item-29782\"><a href=\"\/oddeleni\/pracoviste-lekarske-genetiky\/#kontaktni-informace\" data-ps2id-api=\"true\"><i class=\"fa-solid fa-phone\"><\/i> Kontaktn\u00ed informace<\/a><\/li>\n<li id=\"menu-item-29783\" class=\"menu-item menu-item-type-custom menu-item-object-custom menu-item-29783\"><a href=\"\/oddeleni\/pracoviste-lekarske-genetiky\/#kde-nas-najdete\" data-ps2id-api=\"true\"><i class=\"fa-solid fa-location-dot\"><\/i> Kde n\u00e1s najdete<\/a><\/li>\n<li id=\"menu-item-29784\" class=\"menu-item menu-item-type-custom menu-item-object-custom menu-item-29784\"><a href=\"\/oddeleni\/pracoviste-lekarske-genetiky\/#fotogalerie\" data-ps2id-api=\"true\"><i class=\"fa-solid fa-camera\"><\/i> Fotogalerie<\/a><\/li>\n<li id=\"menu-item-29785\" class=\"menu-custom-separator menu-item menu-item-type-custom menu-item-object-custom menu-item-29785\"><hr class=\"mhm-menu-separator\"><\/li>\n<li id=\"menu-item-29786\" class=\"static-link menu-item menu-item-type-custom menu-item-object-custom menu-item-29786\"><a href=\"\/oddeleni\/pracoviste-lekarske-genetiky\/gen-amb\/\" data-ps2id-api=\"true\"><i class=\"fa-solid fa-house-medical\"><\/i> Ambulance<\/a><\/li>\n<\/ul><\/div><\/aside><div class=\"cl\"><\/div>\n<\/div>\n<\/div><\/div>\n<div id=\"cmsmasters_column_k7vlyuz4yq\" class=\"cmsmasters_column two_third\">\n<div class=\"cmsmasters_column_inner\"><div class=\"cmsmasters_text scroll-location\">\n<p><a id=\"popis-oddeleni\"><\/a><\/p>\n<\/div>\n<div id=\"cmsmasters_heading_0cx4mcjjyd\" class=\"cmsmasters_heading_wrap cmsmasters_heading_align_left\">\n\t<h2 class=\"cmsmasters_heading\">Popis odd\u011blen\u00ed<\/h2>\n<\/div>\n<div id=\"cmsmasters_divider_kul4awri6m\" class=\"cmsmasters_divider cmsmasters_divider_width_short cmsmasters_divider_pos_left\"><\/div>\n<div class=\"cmsmasters_text\">\n<p>Pracovi\u0161t\u011b l\u00e9ka\u0159sk\u00e9 genetiky (PLG) Nemocnice Jihlava se zab\u00fdv\u00e1 lidsk\u00fdm genomem a jeho poruchami s ohledem na jejich l\u00e9ka\u0159sk\u00e9 d\u016fsledky, tzn. vrozen\u00e9 nebo d\u011bdi\u010dn\u00e9 vady a choroby.<\/p>\n<p>Zam\u011b\u0159ujeme se na poradenstv\u00ed a zabezpe\u010den\u00ed genetick\u00e9 anal\u00fdzy u pacient\u016f a rodin s\u00a0v\u00fdskytem:<\/p>\n<ul type=\"disc\">\n<li>d\u011bdi\u010dn\u00fdch onkologick\u00fdch, neurologick\u00fdch, ko\u017en\u00edch, endokrinologick\u00fdch, nefrologick\u00fdch nemoc\u00ed, percep\u010dn\u00ed nesyndromov\u00e9 hluchoty a dal\u0161\u00edch skupin d\u011bdi\u010dn\u00fdch chorob z v\u011bt\u0161iny medicinsk\u00fdch obor\u016f.<\/li>\n<\/ul>\n<p>Nab\u00edz\u00edme genetick\u00e9 poradenstv\u00ed za \u00fa\u010delem poskytnut\u00ed v\u0161ech d\u016fle\u017eit\u00fdch informac\u00ed o chorob\u011b, vysv\u011btlen\u00edm v\u00fdsledk\u016f genetick\u00fdch test\u016f, rozebr\u00e1n\u00ed p\u0159\u00ed\u010diny nemoci, mo\u017enost\u00ed l\u00e9\u010dby a prevence, ur\u010den\u00ed typu d\u011bdi\u010dnosti a stanoven\u00ed rizika opakov\u00e1n\u00ed nemoci u potomk\u016f a v rodin\u011b.<\/p>\n<\/div>\n\n<div id=\"cmsmasters_divider_hgdnxm8b9\" class=\"cl\"><\/div>\n<div class=\"cmsmasters_text\">\n<p><a id=\"personalni-obsazeni\"><\/a><\/p>\n<\/div>\n<div id=\"cmsmasters_heading_6105a9c140\" class=\"cmsmasters_heading_wrap cmsmasters_heading_align_left\">\n\t<h2 class=\"cmsmasters_heading\">Person\u00e1ln\u00ed obsazen\u00ed<\/h2>\n<\/div>\n<div id=\"cmsmasters_divider_zpp0ewe88n\" class=\"cmsmasters_divider cmsmasters_divider_width_short cmsmasters_divider_pos_left\"><\/div>\n<div class=\"cmsmasters_text personalni-obsazeni\">\n<div class=\"abcfslGridCntr personalni-obsazeni abcfslMLRAuto slv174_t19992_L abcfslGridCntr_19992\"><div class=\"abcfslItemCntrLst abcfslPadBMB30 abcfClrFix\" style=\"padding-bottom: 0;\"><div class=\"abcfslLstCol abcfslLstCol-4 abcfslImgColLst\"><div class=\"abcfslImgCntrLst abcfslMLRPc\"><img decoding=\"async\"  src=\"\/wp-content\/uploads\/2023\/08\/Silueta_muz2-1.png\" class=\"ProfileImage\" alt=\"MUDr. Rastislav Beharka\"  itemprop=\"image\"  \/><\/div><\/div><div class=\"abcfslLstCol abcfslLstCol-8 abcfslTxtColLst\"><div class=\"abcfslTxtCntrLst  abcfslPadLPc5\" style=\"padding-left: 20px;\"><h4 class=\"abcfslF18_6 MP-F1\"><span class=\"abcfslSpanMP2\">MUDr. Rastislav <\/span><span class=\"abcfslSpanMP1\">Beharka <\/span><\/h4><h5 class=\"abcfslF14_6 T-F2\">L\u00e9ka\u0159<\/h5><div class=\"abcfslMT10  abcfslF14 profile-department-link CE-F8\"><p><a href=\"\/oddeleni\/pracoviste-lekarske-genetiky\/\">Ambulance l\u00e9ka\u0159sk\u00e9 genetiky<\/a><\/p>\n<\/div><div class=\"abcfslMT5  abcfslF14 LT-F5\"><span><i class=\"fa-solid fa-envelope\"><\/i>\u00a0&nbsp;<\/span><span class=\"profile-department-link\"><a href=\"mailto:beharkar@nemji.cz\">beharkar@nemji.cz<\/a><\/span><\/div><\/div><\/div><\/div><div class=\"abcfslItemCntrLst abcfslPadBMB30 abcfClrFix\" style=\"padding-bottom: 0;\"><div class=\"abcfslLstCol abcfslLstCol-4 abcfslImgColLst\"><div class=\"abcfslImgCntrLst abcfslMLRPc\"><img decoding=\"async\"  src=\"\/wp-content\/uploads\/2023\/08\/AdobeStock_560154975-Prevedeny.png\" class=\"ProfileImage\" alt=\"Kate\u0159ina Cejnkov\u00e1\"  itemprop=\"image\"  \/><\/div><\/div><div class=\"abcfslLstCol abcfslLstCol-8 abcfslTxtColLst\"><div class=\"abcfslTxtCntrLst  abcfslPadLPc5\" style=\"padding-left: 20px;\"><h4 class=\"abcfslF18_6 MP-F1\"><span class=\"abcfslSpanMP2\">Bc. V\u00e1clava <\/span><span class=\"abcfslSpanMP1\">\u0160usterov\u00e1 <\/span><\/h4><h5 class=\"abcfslF14_6 T-F2\">V\u0161eobecn\u00e1 sestra<\/h5><div class=\"abcfslMT10  abcfslF14 profile-department-link CE-F8\"><p><a href=\"\/oddeleni\/pracoviste-lekarske-genetiky\/\">Ambulance l\u00e9ka\u0159sk\u00e9 genetiky<\/a><\/p>\n<\/div><div class=\"abcfslMT5  abcfslF14 LT-F5\"><span><i class=\"fa-solid fa-envelope\"><\/i>\u00a0&nbsp;<\/span><span class=\"profile-department-link\"><a href=\"mailto:susterovav@nemji.cz\">susterovav@nemji.cz<\/a><\/span><\/div><div class=\"abcfslMT5  abcfslF14 LT-F4\"><span><i class=\"fa-solid fa-phone\"><\/i>\u00a0&nbsp;<\/span><span class=\"profile-department-link\"><a href=\"tel:+4205671579583\">+420 567 157 583<\/a><\/span><\/div><\/div><\/div><\/div><\/div>\n<\/div>\n\n<div id=\"cmsmasters_divider_0bxe2jw8st\" class=\"cl\"><\/div>\n<div class=\"cmsmasters_text\">\n<p><a id=\"oteviraci-hodiny\"><\/a><\/p>\n<\/div>\n<div id=\"cmsmasters_heading_hi6dt40tnv\" class=\"cmsmasters_heading_wrap cmsmasters_heading_align_left\">\n\t<h2 class=\"cmsmasters_heading\">Otev\u00edrac\u00ed hodiny<\/h2>\n<\/div>\n<div id=\"cmsmasters_divider_q206pc48ce\" class=\"cmsmasters_divider cmsmasters_divider_width_short cmsmasters_divider_pos_left\"><\/div>\n<div class=\"cmsmasters_text ordinacni-hodiny-table\">\n<table style=\"border-collapse: collapse; width: 100%; height: 54px;\" border=\"1\">\n<tbody>\n<tr style=\"height: 10px;\">\n<td style=\"width: 1.85688%; height: 10px;\"><strong><span style=\"color: #003c56;\">\u010ct<\/span><\/strong><\/td>\n<td style=\"width: 98.1431%; height: 10px;\">7:00 &#8211; 12:00 12:30 &#8211; 14:30 (pouze objednan\u00ed pacienti)<\/td>\n<\/tr>\n<\/tbody>\n<\/table>\n<p><span style=\"color: #0000ff;\">Telefonick\u00e9 objedn\u00e1n\u00ed je mo\u017en\u00e9 pouze ka\u017ed\u00fd \u010dtvrtek od 7:00 do 15:00<\/span><\/p>\n<\/div>\n\n<div id=\"cmsmasters_divider_nh9w993rwh\" class=\"cl\"><\/div>\n<div class=\"cmsmasters_text\">\n<p><a id=\"kontaktni-informace\"><\/a><\/p>\n<\/div>\n<div id=\"cmsmasters_heading_5xxarfwhy\" class=\"cmsmasters_heading_wrap cmsmasters_heading_align_left\">\n\t<h2 class=\"cmsmasters_heading\">Kontaktn\u00ed informace<\/h2>\n<\/div>\n<div id=\"cmsmasters_divider_rusg61vdrs\" class=\"cmsmasters_divider cmsmasters_divider_width_short cmsmasters_divider_pos_left\"><\/div>\n<div id=\"cmsmasters_icon_box_ikuo9uxntc\" class=\"cmsmasters_icon_box cmsmasters_icon_box_left box_icon_type_icon cmsmasters-icon-phone sidebar-icons-contact\">\n<div class=\"icon_box_inner\">\n<h6 class=\"icon_box_heading\">Ambulance l\u00e9ka\u0159sk\u00e9 genetiky - objedn\u00e1v\u00e1n\u00ed pacient\u016f (volat pouze ve \u010dtvrtek)<\/h6>\n<div class=\"icon_box_text\">\n<p><a href=\"tel:+420567157583\">+420 567 157 583<\/a><\/p>\n<\/div>\n<\/div>\n<\/div>\n\n<div id=\"cmsmasters_divider_myfkhkxxn\" class=\"cl\"><\/div>\n<div class=\"cmsmasters_text\">\n<p><a id=\"kde-nas-najdete\"><\/a><\/p>\n<\/div>\n<div id=\"cmsmasters_heading_lyo3n3lbz\" class=\"cmsmasters_heading_wrap cmsmasters_heading_align_left\">\n\t<h2 class=\"cmsmasters_heading\">Kde n\u00e1s najdete<\/h2>\n<\/div>\n<div id=\"cmsmasters_divider_7jx5bm6tmi\" class=\"cmsmasters_divider cmsmasters_divider_width_short cmsmasters_divider_pos_left\"><\/div>\n<div id=\"cmsmasters_icon_box_ebylm81288\" class=\"cmsmasters_icon_box cmsmasters_icon_box_left box_icon_type_icon cmsmasters-icon-location sidebar-icons-contact\">\n<div class=\"icon_box_inner\">\n<h6 class=\"icon_box_heading\">Budova G, 4. patro (b\u00fdval\u00fd Sanus)<\/h6>\n<div class=\"icon_box_text\">\n<p>Ambulance l\u00e9ka\u0159sk\u00e9 genetiky<\/p>\n<\/div>\n<\/div>\n<\/div>\n\n<div id=\"cmsmasters_divider_xb41xah1jq\" class=\"cl\"><\/div>\n<div class=\"cmsmasters_text\">\n<p><a href=\"\/wp-content\/uploads\/2023\/08\/NEMJI_plan-scaled.jpg\"><img loading=\"lazy\" decoding=\"async\" class=\"aligncenter wp-image-15811\" src=\"\/wp-content\/uploads\/2023\/08\/NEMJI_plan-scaled.jpg\" alt=\"mapka are\u00e1lu nemocnice\" width=\"262\" height=\"650\" srcset=\"\/wp-content\/uploads\/2023\/08\/NEMJI_plan-scaled.jpg 1031w, \/wp-content\/uploads\/2023\/08\/NEMJI_plan-121x300.jpg 121w, \/wp-content\/uploads\/2023\/08\/NEMJI_plan-412x1024.jpg 412w, \/wp-content\/uploads\/2023\/08\/NEMJI_plan-768x1907.jpg 768w, \/wp-content\/uploads\/2023\/08\/NEMJI_plan-619x1536.jpg 619w, \/wp-content\/uploads\/2023\/08\/NEMJI_plan-825x2048.jpg 825w, \/wp-content\/uploads\/2023\/08\/NEMJI_plan-5x12.jpg 5w, \/wp-content\/uploads\/2023\/08\/NEMJI_plan-580x1440.jpg 580w, \/wp-content\/uploads\/2023\/08\/NEMJI_plan-860x2135.jpg 860w, \/wp-content\/uploads\/2023\/08\/NEMJI_plan-1160x2880.jpg 1160w\" sizes=\"auto, (max-width: 262px) 100vw, 262px\" \/><\/a><\/p>\n<\/div>\n<div class=\"cmsmasters_text\">\n<p><a id=\"fotogalerie\"><\/a><\/p>\n<\/div>\n<div id=\"cmsmasters_heading_c54r1dun4g\" class=\"cmsmasters_heading_wrap cmsmasters_heading_align_left\">\n\t<h2 class=\"cmsmasters_heading\">Fotogalerie<\/h2>\n<\/div>\n<div id=\"cmsmasters_divider_kpd8femfce\" class=\"cmsmasters_divider cmsmasters_divider_width_short cmsmasters_divider_pos_left\"><\/div>\n<div class=\"cmsmasters_text\">\n<div class=\"pgc-sgb-cb wp-block-pgcsimplygalleryblock-grid \" data-gallery-id=\"36328962\"><div class=\"sgb-preloader\" id=\"pr_36328962\">\n\t<div class=\"sgb-square\" style=\"background:#d4d4d4\"><\/div>\n\t<div class=\"sgb-square\" style=\"background:#d4d4d4\"><\/div>\n\t<div class=\"sgb-square\" style=\"background:#d4d4d4\"><\/div>\n\t<div class=\"sgb-square\" style=\"background:#d4d4d4\"><\/div><\/div><div class=\"simply-gallery-amp pgc_sgb_slider \"><noscript><div class=\"sgb-gallery\"><div class=\"sgb-item\"><a href=\"https:\/\/webnemji.azurewebsites.net\/?attachment_id=29797\" target=\"_blank\"><img decoding=\"async\" alt=\"GEN DNA\" width=\"300\" height=\"73\" loading=\"lazy\" src=\"\/wp-content\/uploads\/2024\/02\/gen-300x73.jpg\" srcset=\"\/wp-content\/uploads\/2024\/02\/gen-300x73.jpg 300w,\/wp-content\/uploads\/2024\/02\/gen-1024x247.jpg 1024w,\/wp-content\/uploads\/2024\/02\/gen-scaled.jpg 2560w\" sizes=\"auto, 250px\"\/><\/a><\/div><\/div><\/noscript><\/div><script type=\"application\/json\" class=\"sgb-data\">{\"collectionColumns\":4,\"thumbHieghtRation\":0.8,\"thumbSpacing\":10,\"thumbMobileSpacing\":10,\"externalLink\":false,\"captionHAlign\":\"bottom\",\"collectionthumbHoverTitleFontSize\":16,\"collectionthumbRoundedCorners\":20,\"collectionThumbSubMenuDownload\":false,\"collectionThumbSubMenuShare\":false,\"galleryType\":\"pgc_sgb_grid\",\"galleryId\":\"36328962\",\"images\":[{\"id\":29797,\"title\":\"gen\",\"url\":\"\/wp-content\/uploads\/2024\/02\/gen-scaled.jpg\",\"link\":\"https:\/\/webnemji.azurewebsites.net\/?attachment_id=29797\",\"alt\":\"GEN DNA\",\"description\":\"\",\"caption\":\"\",\"mime\":\"image\/jpeg\",\"type\":\"image\",\"width\":2560,\"height\":619,\"sizes\":{\"thumbnail\":{\"height\":150,\"width\":150,\"url\":\"\/wp-content\/uploads\/2024\/02\/gen-150x150.jpg\",\"orientation\":\"landscape\"},\"medium\":{\"height\":73,\"width\":300,\"url\":\"\/wp-content\/uploads\/2024\/02\/gen-300x73.jpg\",\"orientation\":\"landscape\"},\"large\":{\"height\":247,\"width\":1024,\"url\":\"\/wp-content\/uploads\/2024\/02\/gen-1024x247.jpg\",\"orientation\":\"landscape\"},\"full\":{\"url\":\"\/wp-content\/uploads\/2024\/02\/gen-scaled.jpg\",\"height\":619,\"width\":2560,\"orientation\":\"landscape\"}},\"imageMeta\":{\"aperture\":\"0\",\"credit\":\"\",\"camera\":\"\",\"caption\":\"\",\"created_timestamp\":\"0\",\"copyright\":\"\",\"focal_length\":\"0\",\"iso\":\"0\",\"shutter_speed\":\"0\",\"title\":\"\",\"orientation\":\"0\",\"keywords\":[]},\"meta\":false,\"postlink\":\"https:\/\/webnemji.azurewebsites.net\/?attachment_id=29797\"}],\"shareFacebook\":false,\"shareTwitter\":false,\"sharePinterest\":false,\"sliderItemDownload\":false,\"shareCopyLink\":false,\"sliderItemTitleEnable\":true,\"sliderItemTitleFontSize\":16,\"sliderSlideshow\":false,\"sliderSlideshowDelay\":6,\"sliderSocialShareEnabled\":false,\"TrpContentRestriction\":{\"restriction_type\":\"exclude\",\"selected_languages\":[],\"panel_open\":true},\"itemsMetaDataCollection\":[]}<\/script><script>(function(){if(window.PGC_SGB && window.PGC_SGB.searcher){window.PGC_SGB.searcher.initBlocks()}})()<\/script><\/div>\n<\/div>\n\n<div id=\"cmsmasters_divider_rk65wry4r3\" class=\"cl\"><\/div>\n<\/div><\/div>\n<\/div>\n<\/div>\n<\/div>\n<\/div>\n<\/div>\n<div id=\"cmsmasters_row_2899tu3vh\" class=\"cmsmasters_row cmsmasters_color_scheme_default cmsmasters_row_top_default cmsmasters_row_bot_default cmsmasters_row_boxed\">\n<div class=\"cmsmasters_row_outer_parent\">\n<div class=\"cmsmasters_row_outer\">\n<div class=\"cmsmasters_row_inner\">\n<div class=\"cmsmasters_row_margin\">\n<div id=\"cmsmasters_column_s2xeyzgu7\" class=\"cmsmasters_column one_first\">\n<div class=\"cmsmasters_column_inner\"><\/div><\/div>\n<\/div>\n<\/div>\n<\/div>\n<\/div>\n<\/div>\n\n","protected":false},"excerpt":{"rendered":"","protected":false},"author":5,"featured_media":17127,"parent":12208,"menu_order":0,"comment_status":"closed","ping_status":"closed","template":"","meta":{"pgc_sgb_lightbox_settings":"","footnotes":"","_links_to":"","_links_to_target":""},"categories":[85],"class_list":["post-29777","page","type-page","status-publish","has-post-thumbnail","hentry","category-page-oddeleni"],"publishpress_future_action":{"enabled":false,"date":"2026-04-22 01:15:17","action":"change-status","newStatus":"draft","terms":[],"taxonomy":"category","extraData":[]},"publishpress_future_workflow_manual_trigger":{"enabledWorkflows":[]},"_links":{"self":[{"href":"https:\/\/webnemji.azurewebsites.net\/en\/wp-json\/wp\/v2\/pages\/29777","targetHints":{"allow":["GET"]}}],"collection":[{"href":"https:\/\/webnemji.azurewebsites.net\/en\/wp-json\/wp\/v2\/pages"}],"about":[{"href":"https:\/\/webnemji.azurewebsites.net\/en\/wp-json\/wp\/v2\/types\/page"}],"author":[{"embeddable":true,"href":"https:\/\/webnemji.azurewebsites.net\/en\/wp-json\/wp\/v2\/users\/5"}],"replies":[{"embeddable":true,"href":"https:\/\/webnemji.azurewebsites.net\/en\/wp-json\/wp\/v2\/comments?post=29777"}],"version-history":[{"count":0,"href":"https:\/\/webnemji.azurewebsites.net\/en\/wp-json\/wp\/v2\/pages\/29777\/revisions"}],"up":[{"embeddable":true,"href":"https:\/\/webnemji.azurewebsites.net\/en\/wp-json\/wp\/v2\/pages\/12208"}],"wp:featuredmedia":[{"embeddable":true,"href":"https:\/\/webnemji.azurewebsites.net\/en\/wp-json\/wp\/v2\/media\/17127"}],"wp:attachment":[{"href":"https:\/\/webnemji.azurewebsites.net\/en\/wp-json\/wp\/v2\/media?parent=29777"}],"wp:term":[{"taxonomy":"category","embeddable":true,"href":"https:\/\/webnemji.azurewebsites.net\/en\/wp-json\/wp\/v2\/categories?post=29777"}],"curies":[{"name":"wp","href":"https:\/\/api.w.org\/{rel}","templated":true}]}}