{"id":29834,"date":"2024-02-26T11:53:10","date_gmt":"2024-02-26T10:53:10","guid":{"rendered":"https:\/\/webnemji.azurewebsites.net\/?page_id=29834"},"modified":"2024-02-26T11:58:12","modified_gmt":"2024-02-26T10:58:12","slug":"gen-amb","status":"publish","type":"page","link":"https:\/\/webnemji.azurewebsites.net\/en\/oddeleni\/pracoviste-lekarske-genetiky\/gen-amb\/","title":{"rendered":"Medical genetics clinic"},"content":{"rendered":"<div id=\"cmsmasters_row_6iluctg3hk\" class=\"cmsmasters_row cmsmasters_color_scheme_default cmsmasters_row_top_default cmsmasters_row_bot_default cmsmasters_row_boxed\">\n<div class=\"cmsmasters_row_outer_parent\">\n<div class=\"cmsmasters_row_overlay\"><\/div>\n<div class=\"cmsmasters_row_outer\">\n<div class=\"cmsmasters_row_inner\">\n<div class=\"cmsmasters_row_margin\">\n<div id=\"cmsmasters_column_sybg7he2sg\" class=\"cmsmasters_column one_first\">\n<div class=\"cmsmasters_column_inner\"><div id=\"cmsmasters_heading_b3c74b95a0\" class=\"cmsmasters_heading_wrap cmsmasters_heading_align_center pageheadingtitle\">\n\t<h1 class=\"cmsmasters_heading\">Ambulance l\u00e9ka\u0159sk\u00e9 genetiky<\/h1>\n<\/div>\n<\/div><\/div>\n<\/div>\n<\/div>\n<\/div>\n<\/div>\n<\/div>\n<div id=\"cmsmasters_row_ly5ze1hf8e\" class=\"cmsmasters_row cmsmasters_color_scheme_default cmsmasters_row_top_default cmsmasters_row_bot_default cmsmasters_row_boxed\">\n<div class=\"cmsmasters_row_outer_parent\">\n<div class=\"cmsmasters_row_outer\">\n<div class=\"cmsmasters_row_inner\">\n<div class=\"cmsmasters_row_margin\">\n<div id=\"cmsmasters_column_v67ee6nvg7\" class=\"cmsmasters_column one_first\">\n<div class=\"cmsmasters_column_inner\"><div class=\"cmsmasters_text\">\n<p><nav aria-label=\"breadcrumbs\">\n            <div class=\"breadcrumb-container theme1\">\n                <ol>\n                                    <\/ol>\n            <\/div>\n        <\/nav>    <script type=\"application\/ld+json\">\n        {\n            \"@context\": \"http:\/\/schema.org\",\n            \"@type\": \"BreadcrumbList\",\n            \"itemListElement\": [\n                            ]\n        }\n    <\/script>\n   \n    <script>\n            <\/script>\n<\/p>\n<\/div>\n<\/div><\/div>\n<\/div>\n<\/div>\n<\/div>\n<\/div>\n<\/div>\n<div id=\"cmsmasters_row_3f2f8816dd\" class=\"cmsmasters_row cmsmasters_color_scheme_default cmsmasters_row_top_default cmsmasters_row_bot_default cmsmasters_row_boxed\">\n<div class=\"cmsmasters_row_outer_parent\">\n<div class=\"cmsmasters_row_outer\">\n<div class=\"cmsmasters_row_inner\">\n<div class=\"cmsmasters_row_margin\">\n<div id=\"cmsmasters_column_0a1c5940f5\" class=\"cmsmasters_column one_third stickyinfocolumn\">\n<div class=\"cmsmasters_column_inner\"><div id=\"cmsmasters_heading_rva6m2t32d\" class=\"cmsmasters_heading_wrap cmsmasters_heading_align_center\">\n\t<h3 class=\"cmsmasters_heading\">Informace o odd\u011blen\u00ed<\/h3>\n<\/div>\n<div id=\"cmsmasters_divider_dpp34mcdj5\" class=\"cmsmasters_divider cmsmasters_divider_width_short cmsmasters_divider_pos_center\"><\/div>\n<div class=\"cmsmasters_sidebar sidebar_layout_11 sidebar-custom-menu\"><aside id=\"nav_menu-65\" class=\"widget widget_nav_menu\"><div class=\"menu-gen-container\"><ul id=\"menu-gen\" class=\"menu\"><li id=\"menu-item-29779\" class=\"menu-item menu-item-type-custom menu-item-object-custom menu-item-29779\"><a href=\"\/oddeleni\/pracoviste-lekarske-genetiky\/#popis-oddeleni\" data-ps2id-api=\"true\"><i class=\"fa-solid fa-info\"><\/i> Popis odd\u011blen\u00ed<\/a><\/li>\n<li id=\"menu-item-29780\" class=\"menu-item menu-item-type-custom menu-item-object-custom menu-item-29780\"><a href=\"\/oddeleni\/pracoviste-lekarske-genetiky\/#personalni-obsazeni\" data-ps2id-api=\"true\"><i class=\"fa-solid fa-user-doctor\"><\/i> Person\u00e1ln\u00ed obsazen\u00ed<\/a><\/li>\n<li id=\"menu-item-29781\" class=\"menu-item menu-item-type-custom menu-item-object-custom menu-item-29781\"><a href=\"\/oddeleni\/pracoviste-lekarske-genetiky\/#ordinacni-hodiny\" data-ps2id-api=\"true\"><i class=\"fa-regular fa-clock\"><\/i> Ordina\u010dn\u00ed hodiny<\/a><\/li>\n<li id=\"menu-item-29782\" class=\"menu-item menu-item-type-custom menu-item-object-custom menu-item-29782\"><a href=\"\/oddeleni\/pracoviste-lekarske-genetiky\/#kontaktni-informace\" data-ps2id-api=\"true\"><i class=\"fa-solid fa-phone\"><\/i> Kontaktn\u00ed informace<\/a><\/li>\n<li id=\"menu-item-29783\" class=\"menu-item menu-item-type-custom menu-item-object-custom menu-item-29783\"><a href=\"\/oddeleni\/pracoviste-lekarske-genetiky\/#kde-nas-najdete\" data-ps2id-api=\"true\"><i class=\"fa-solid fa-location-dot\"><\/i> Kde n\u00e1s najdete<\/a><\/li>\n<li id=\"menu-item-29784\" class=\"menu-item menu-item-type-custom menu-item-object-custom menu-item-29784\"><a href=\"\/oddeleni\/pracoviste-lekarske-genetiky\/#fotogalerie\" data-ps2id-api=\"true\"><i class=\"fa-solid fa-camera\"><\/i> Fotogalerie<\/a><\/li>\n<li id=\"menu-item-29785\" class=\"menu-custom-separator menu-item menu-item-type-custom menu-item-object-custom menu-item-29785\"><hr class=\"mhm-menu-separator\"><\/li>\n<li id=\"menu-item-29786\" class=\"static-link menu-item menu-item-type-custom menu-item-object-custom menu-item-29786\"><a href=\"\/oddeleni\/pracoviste-lekarske-genetiky\/gen-amb\/\" data-ps2id-api=\"true\"><i class=\"fa-solid fa-house-medical\"><\/i> Ambulance<\/a><\/li>\n<\/ul><\/div><\/aside><div class=\"cl\"><\/div>\n<\/div>\n<\/div><\/div>\n<div id=\"cmsmasters_column_k7vlyuz4yq\" class=\"cmsmasters_column two_third\">\n<div class=\"cmsmasters_column_inner\"><div class=\"cmsmasters_text hide-index\">\n<p>Ambulance hojen\u00ed ran<\/p>\n<\/div>\n<div id=\"cmsmasters_heading_0cx4mcjjyd\" class=\"cmsmasters_heading_wrap cmsmasters_heading_align_left\">\n\t<h2 class=\"cmsmasters_heading\">Ambulance l\u00e9ka\u0159sk\u00e9 genetiky<\/h2>\n<\/div>\n<div id=\"cmsmasters_divider_kul4awri6m\" class=\"cmsmasters_divider cmsmasters_divider_width_short cmsmasters_divider_pos_left\"><\/div>\n<div id=\"cmsmasters_divider_6etaua2ynr\" class=\"cl\"><\/div>\n<div class=\"cmsmasters_text\">\n<style type=\"text\/css\"><\/style><section id='' \n                class='helpie-faq accordions groupSettings-449__enabled' \n                data-collection='' \n                data-pagination='0' \n                data-search='0' \n                data-pagination-enabled='0'\n                role='region'\n                aria-label='FAQ Section'\n                aria-live='polite'><article class=\"accordion \"><div class='helpie-faq-row'><div class='helpie-faq-col helpie-faq-col-12' ><ul><li class=\"accordion__item \"><div class=\"accordion__header \" \r\n                id=\"accordion-header-post-29831\"\r\n                role=\"button\"\r\n                aria-expanded=\"false\"\r\n                aria-controls=\"accordion-content-post-29831\"\r\n                data-id=\"post-29831\" \r\n                data-item=\"hfaq-post-29831\" \r\n                style=\"background:transparent;\" \r\n                data-tags=\"\"\r\n                tabindex=\"0\"><div class=\"accordion__title\">Ambulance l\u00e9ka\u0159sk\u00e9 genetiky<\/div><\/div><div id=\"accordion-content-post-29831\" \r\n                class=\"accordion__body\" \r\n                role=\"region\"\r\n                aria-labelledby=\"accordion-header-post-29831\"\r\n                style=\"background:transparent;\"><p>Nab\u00edz\u00edme genetick\u00e9 poradenstv\u00ed za \u00fa\u010delem poskytnut\u00ed v\u0161ech d\u016fle\u017eit\u00fdch informac\u00ed o chorob\u011b, vysv\u011btlen\u00edm v\u00fdsledk\u016f genetick\u00fdch test\u016f, rozebr\u00e1n\u00ed p\u0159\u00ed\u010diny nemoci, mo\u017enost\u00ed l\u00e9\u010dby a prevence, ur\u010den\u00ed typu d\u011bdi\u010dnosti a stanoven\u00ed rizika opakov\u00e1n\u00ed nemoci u potomk\u016f a v rodin\u011b.<\/p>\n<p>Objedn\u00e1v\u00e1n\u00ed pacient\u016f na tel: 567 157 583<br \/>\nTelefonick\u00e9 objedn\u00e1n\u00ed je mo\u017en\u00e9 pouze ka\u017ed\u00fd \u010dtvrtek od 7:00 do 15:00<\/p>\n<table style=\"border-collapse: collapse;width: 99.2089%;height: 158px\" border=\"1\">\n<tbody>\n<tr style=\"height: 10px\">\n<td style=\"width: 16.1284%;height: 10px\"><strong>L\u00e9ka\u0159i:<\/strong><\/td>\n<td class=\"xl26\" style=\"width: 83.8716%;height: 10px\" width=\"256\">MUDr. Rastislav Beharka<\/td>\n<\/tr>\n<tr style=\"height: 18px\">\n<td style=\"width: 100%;height: 18px\" colspan=\"2\">\n<div>\n<hr \/>\n<\/div>\n<\/td>\n<\/tr>\n<tr style=\"height: 24px\">\n<td style=\"width: 16.1284%;height: 24px\"><strong>Telefon:<\/strong><\/td>\n<td style=\"width: 83.8716%;height: 24px\">+420 567 157 583<\/td>\n<\/tr>\n<tr style=\"height: 18px\">\n<td style=\"width: 100%;height: 18px\" colspan=\"2\">\n<div>\n<hr \/>\n<\/div>\n<\/td>\n<\/tr>\n<tr style=\"height: 24px\">\n<td style=\"width: 16.1284%;height: 24px\"><strong>Zdravotn\u00ed sestry:<\/strong><\/td>\n<td style=\"width: 83.8716%;height: 24px\">Bc. V\u00e1clava \u0160usterov\u00e1<br \/>\nPetra Marynets, DiS.<\/td>\n<\/tr>\n<tr style=\"height: 18px\">\n<td style=\"width: 100%;height: 12px\" colspan=\"2\">\n<div>\n<hr \/>\n<\/div>\n<\/td>\n<\/tr>\n<tr style=\"height: 24px\">\n<td style=\"width: 16.1284%;height: 10px\">\n<div><strong>Ordina\u010dn\u00ed hodiny:<\/strong><\/div>\n<\/td>\n<td style=\"width: 83.8716%;height: 10px\">\n<table style=\"border-collapse: collapse;width: 99.1729%;height: 15px\" border=\"1\">\n<tbody>\n<tr style=\"height: 24px\">\n<td style=\"width: 3.5139%;height: 15px\"><strong>\u010ctvrtek<\/strong><\/td>\n<td style=\"width: 96.4861%;vertical-align: middle;height: 15px\">7:00 &#8211; 15:00 (pouze objednan\u00ed pacienti)<\/td>\n<\/tr>\n<\/tbody>\n<\/table>\n<\/td>\n<\/tr>\n<tr style=\"height: 18px\">\n<td style=\"width: 100%;height: 18px\" colspan=\"2\">\n<div>\n<hr \/>\n<\/div>\n<\/td>\n<\/tr>\n<tr style=\"height: 24px\">\n<td style=\"width: 16.1284%;height: 24px\"><strong>Kde n\u00e1s najdete:<\/strong><\/td>\n<td style=\"width: 83.8716%;height: 24px\">Budova G , 4. poschod\u00ed<\/td>\n<\/tr>\n<\/tbody>\n<\/table>\n<\/div><\/li><\/ul><\/div><\/div><\/article><\/section>\n<\/div>\n<\/div><\/div>\n<\/div>\n<\/div>\n<\/div>\n<\/div>\n<\/div>\n<div id=\"cmsmasters_row_4kb0apw7ag\" class=\"cmsmasters_row cmsmasters_color_scheme_default cmsmasters_row_top_default cmsmasters_row_bot_default cmsmasters_row_boxed\">\n<div class=\"cmsmasters_row_outer_parent\">\n<div class=\"cmsmasters_row_outer\">\n<div class=\"cmsmasters_row_inner\">\n<div class=\"cmsmasters_row_margin\">\n<div id=\"cmsmasters_column_nwwitfqy0a\" class=\"cmsmasters_column one_first\">\n<div class=\"cmsmasters_column_inner\"><\/div><\/div>\n<\/div>\n<\/div>\n<\/div>\n<\/div>\n<\/div>\n\n","protected":false},"excerpt":{"rendered":"","protected":false},"author":5,"featured_media":17127,"parent":29777,"menu_order":0,"comment_status":"closed","ping_status":"closed","template":"","meta":{"pgc_sgb_lightbox_settings":"","footnotes":"","_links_to":"","_links_to_target":""},"categories":[85],"class_list":["post-29834","page","type-page","status-publish","has-post-thumbnail","hentry","category-page-oddeleni"],"publishpress_future_action":{"enabled":false,"date":"2026-05-03 21:14:37","action":"change-status","newStatus":"draft","terms":[],"taxonomy":"category","extraData":[]},"publishpress_future_workflow_manual_trigger":{"enabledWorkflows":[]},"_links":{"self":[{"href":"https:\/\/webnemji.azurewebsites.net\/en\/wp-json\/wp\/v2\/pages\/29834","targetHints":{"allow":["GET"]}}],"collection":[{"href":"https:\/\/webnemji.azurewebsites.net\/en\/wp-json\/wp\/v2\/pages"}],"about":[{"href":"https:\/\/webnemji.azurewebsites.net\/en\/wp-json\/wp\/v2\/types\/page"}],"author":[{"embeddable":true,"href":"https:\/\/webnemji.azurewebsites.net\/en\/wp-json\/wp\/v2\/users\/5"}],"replies":[{"embeddable":true,"href":"https:\/\/webnemji.azurewebsites.net\/en\/wp-json\/wp\/v2\/comments?post=29834"}],"version-history":[{"count":0,"href":"https:\/\/webnemji.azurewebsites.net\/en\/wp-json\/wp\/v2\/pages\/29834\/revisions"}],"up":[{"embeddable":true,"href":"https:\/\/webnemji.azurewebsites.net\/en\/wp-json\/wp\/v2\/pages\/29777"}],"wp:featuredmedia":[{"embeddable":true,"href":"https:\/\/webnemji.azurewebsites.net\/en\/wp-json\/wp\/v2\/media\/17127"}],"wp:attachment":[{"href":"https:\/\/webnemji.azurewebsites.net\/en\/wp-json\/wp\/v2\/media?parent=29834"}],"wp:term":[{"taxonomy":"category","embeddable":true,"href":"https:\/\/webnemji.azurewebsites.net\/en\/wp-json\/wp\/v2\/categories?post=29834"}],"curies":[{"name":"wp","href":"https:\/\/api.w.org\/{rel}","templated":true}]}}