{"id":30052,"date":"2024-03-12T14:55:47","date_gmt":"2024-03-12T13:55:47","guid":{"rendered":"https:\/\/webnemji.azurewebsites.net\/?page_id=30052"},"modified":"2024-04-03T08:26:11","modified_gmt":"2024-04-03T06:26:11","slug":"ambulance-paliativni-mediciny","status":"publish","type":"page","link":"https:\/\/webnemji.azurewebsites.net\/en\/oddeleni\/konziliarni-paliativni-tym\/ambulance-paliativni-mediciny\/","title":{"rendered":"Palliative medicine clinics"},"content":{"rendered":"<div id=\"cmsmasters_row_6iluctg3hk\" class=\"cmsmasters_row cmsmasters_color_scheme_default cmsmasters_row_top_default cmsmasters_row_bot_default cmsmasters_row_boxed\">\n<div class=\"cmsmasters_row_outer_parent\">\n<div class=\"cmsmasters_row_overlay\"><\/div>\n<div class=\"cmsmasters_row_outer\">\n<div class=\"cmsmasters_row_inner\">\n<div class=\"cmsmasters_row_margin\">\n<div id=\"cmsmasters_column_sybg7he2sg\" class=\"cmsmasters_column one_first\">\n<div class=\"cmsmasters_column_inner\"><div id=\"cmsmasters_heading_b3c74b95a0\" class=\"cmsmasters_heading_wrap cmsmasters_heading_align_center pageheadingtitle\">\n\t<h1 class=\"cmsmasters_heading\">Ambulance paliativn\u00ed medic\u00edny<\/h1>\n<\/div>\n<\/div><\/div>\n<\/div>\n<\/div>\n<\/div>\n<\/div>\n<\/div>\n<div id=\"cmsmasters_row_ly5ze1hf8e\" class=\"cmsmasters_row cmsmasters_color_scheme_default cmsmasters_row_top_default cmsmasters_row_bot_default cmsmasters_row_boxed\">\n<div class=\"cmsmasters_row_outer_parent\">\n<div class=\"cmsmasters_row_outer\">\n<div class=\"cmsmasters_row_inner\">\n<div class=\"cmsmasters_row_margin\">\n<div id=\"cmsmasters_column_v67ee6nvg7\" class=\"cmsmasters_column one_first\">\n<div class=\"cmsmasters_column_inner\"><div class=\"cmsmasters_text\">\n<p><nav aria-label=\"breadcrumbs\">\n            <div class=\"breadcrumb-container theme1\">\n                <ol>\n                                    <\/ol>\n            <\/div>\n        <\/nav>    <script type=\"application\/ld+json\">\n        {\n            \"@context\": \"http:\/\/schema.org\",\n            \"@type\": \"BreadcrumbList\",\n            \"itemListElement\": [\n                            ]\n        }\n    <\/script>\n   \n    <script>\n            <\/script>\n<\/p>\n<\/div>\n<\/div><\/div>\n<\/div>\n<\/div>\n<\/div>\n<\/div>\n<\/div>\n<div id=\"cmsmasters_row_3f2f8816dd\" class=\"cmsmasters_row cmsmasters_color_scheme_default cmsmasters_row_top_default cmsmasters_row_bot_default cmsmasters_row_boxed\">\n<div class=\"cmsmasters_row_outer_parent\">\n<div class=\"cmsmasters_row_outer\">\n<div class=\"cmsmasters_row_inner\">\n<div class=\"cmsmasters_row_margin\">\n<div id=\"cmsmasters_column_0a1c5940f5\" class=\"cmsmasters_column one_third stickyinfocolumn\">\n<div class=\"cmsmasters_column_inner\"><div id=\"cmsmasters_heading_rva6m2t32d\" class=\"cmsmasters_heading_wrap cmsmasters_heading_align_center\">\n\t<h3 class=\"cmsmasters_heading\">Informace o odd\u011blen\u00ed<\/h3>\n<\/div>\n<div id=\"cmsmasters_divider_dpp34mcdj5\" class=\"cmsmasters_divider cmsmasters_divider_width_short cmsmasters_divider_pos_center\"><\/div>\n<div class=\"cmsmasters_sidebar sidebar_layout_11 sidebar-custom-menu\"><aside id=\"nav_menu-66\" class=\"widget widget_nav_menu\"><div class=\"menu-konziliarni-paliativni-tym-container\"><ul id=\"menu-konziliarni-paliativni-tym\" class=\"menu\"><li id=\"menu-item-30023\" class=\"menu-item menu-item-type-custom menu-item-object-custom menu-item-30023\"><a href=\"\/oddeleni\/konziliarni-paliativni-tym\/#popis-oddeleni\" data-ps2id-api=\"true\"><i class=\"fa-solid fa-info\"><\/i> Popis odd\u011blen\u00ed<\/a><\/li>\n<li id=\"menu-item-30024\" class=\"menu-item menu-item-type-custom menu-item-object-custom menu-item-30024\"><a href=\"\/oddeleni\/konziliarni-paliativni-tym\/#personalni-obsazeni\" data-ps2id-api=\"true\"><i class=\"fa-solid fa-user-doctor\"><\/i> Person\u00e1ln\u00ed obsazen\u00ed<\/a><\/li>\n<li id=\"menu-item-30025\" class=\"menu-item menu-item-type-custom menu-item-object-custom menu-item-30025\"><a href=\"\/oddeleni\/konziliarni-paliativni-tym\/#oteviraci-hodiny\" data-ps2id-api=\"true\"><i class=\"fa-regular fa-clock\"><\/i> Ordina\u010dn\u00ed hodiny<\/a><\/li>\n<li id=\"menu-item-30026\" class=\"menu-item menu-item-type-custom menu-item-object-custom menu-item-30026\"><a href=\"\/oddeleni\/konziliarni-paliativni-tym\/#kontaktni-informace\" data-ps2id-api=\"true\"><i class=\"fa-solid fa-phone\"><\/i> Kontaktn\u00ed informace<\/a><\/li>\n<li id=\"menu-item-30027\" class=\"menu-item menu-item-type-custom menu-item-object-custom menu-item-30027\"><a href=\"\/oddeleni\/konziliarni-paliativni-tym\/#kde-nas-najdete\" data-ps2id-api=\"true\"><i class=\"fa-solid fa-location-dot\"><\/i> Kde n\u00e1s najdete<\/a><\/li>\n<li id=\"menu-item-30028\" class=\"menu-item menu-item-type-custom menu-item-object-custom menu-item-30028\"><a href=\"\/oddeleni\/konziliarni-paliativni-tym\/#fotogalerie\" data-ps2id-api=\"true\"><i class=\"fa-solid fa-camera\"><\/i> Fotogalerie<\/a><\/li>\n<li id=\"menu-item-30029\" class=\"menu-custom-separator menu-item menu-item-type-custom menu-item-object-custom menu-item-30029\"><hr class=\"mhm-menu-separator\"><\/li>\n<li id=\"menu-item-30032\" class=\"static-link menu-item menu-item-type-custom menu-item-object-custom menu-item-30032\"><a href=\"\/oddeleni\/konziliarni-paliativni-tym\/ambulance-paliativni-mediciny\/\" data-ps2id-api=\"true\"><i class=\"fa-solid fa-house-medical\"><\/i> Ambulance<\/a><\/li>\n<\/ul><\/div><\/aside><div class=\"cl\"><\/div>\n<\/div>\n<\/div><\/div>\n<div id=\"cmsmasters_column_k7vlyuz4yq\" class=\"cmsmasters_column two_third\">\n<div class=\"cmsmasters_column_inner\"><div class=\"cmsmasters_text hide-index\">\n<p>Ambulance bolesti<\/p>\n<\/div>\n<div id=\"cmsmasters_heading_0cx4mcjjyd\" class=\"cmsmasters_heading_wrap cmsmasters_heading_align_left\">\n\t<h2 class=\"cmsmasters_heading\">Ambulance paliativn\u00ed medic\u00edny<\/h2>\n<\/div>\n<div id=\"cmsmasters_divider_kul4awri6m\" class=\"cmsmasters_divider cmsmasters_divider_width_short cmsmasters_divider_pos_left\"><\/div>\n<div id=\"cmsmasters_divider_6etaua2ynr\" class=\"cl\"><\/div>\n<div class=\"cmsmasters_text\">\n<style type=\"text\/css\"><\/style><section id='' \n                class='helpie-faq accordions groupSettings-454__enabled' \n                data-collection='' \n                data-pagination='0' \n                data-search='0' \n                data-pagination-enabled='0'\n                role='region'\n                aria-label='FAQ Section'\n                aria-live='polite'><article class=\"accordion \"><div class='helpie-faq-row'><div class='helpie-faq-col helpie-faq-col-12' ><ul><li class=\"accordion__item \"><div class=\"accordion__header \" \r\n                id=\"accordion-header-post-30200\"\r\n                role=\"button\"\r\n                aria-expanded=\"false\"\r\n                aria-controls=\"accordion-content-post-30200\"\r\n                data-id=\"post-30200\" \r\n                data-item=\"hfaq-post-30200\" \r\n                style=\"background:transparent;\" \r\n                data-tags=\"\"\r\n                tabindex=\"0\"><div class=\"accordion__title\">Ambulance paliativn\u00ed medic\u00edny<\/div><\/div><div id=\"accordion-content-post-30200\" \r\n                class=\"accordion__body\" \r\n                role=\"region\"\r\n                aria-labelledby=\"accordion-header-post-30200\"\r\n                style=\"background:transparent;\"><p>Ambulance je ur\u010dena pacient\u016fm se z\u00e1va\u017en\u00fdm \u017eivot ohro\u017euj\u00edc\u00edm onemocn\u011bn\u00edm a jejich bl\u00edzk\u00fdm. Poskytuje komplexn\u00ed podp\u016frnou p\u00e9\u010di pacient\u016fm zejm\u00e9na s\u00a0pokro\u010dil\u00fdm onkologick\u00fdm onemocn\u011bn\u00edm, ale i pacient\u016fm se z\u00e1va\u017en\u00fdmi chronick\u00fdmi nemocemi, jako je chronick\u00e9 srde\u010dn\u00ed selh\u00e1n\u00ed, CHOPN, chronick\u00e9 selh\u00e1n\u00ed ledvin, neurodegenerativn\u00ed nemoci apod.<\/p>\n<p>Spole\u010dn\u011b hled\u00e1me \u0159e\u0161en\u00ed pot\u00ed\u017e\u00ed, jako je bolest, du\u0161nost, nechutenstv\u00ed, nevolnost nebo zvracen\u00ed. V\u00a0ambulanci se v\u011bnujeme i psychick\u00e9 reakci na z\u00e1va\u017en\u00e9 onemocn\u011bn\u00ed v\u010detn\u011b nespavosti, \u00fazkost\u00ed \u010di deprese.<\/p>\n<p>Spole\u010dn\u011b s\u00a0pacientem a jeho bl\u00edzk\u00fdmi vytv\u00e1\u0159\u00edme pl\u00e1n dal\u0161\u00ed p\u00e9\u010de, v\u00a0souladu s\u00a0p\u0159\u00e1n\u00edm pacienta.<\/p>\n<p>Je mo\u017en\u00e1 jednor\u00e1zov\u00e1 konzultace nebo lze doch\u00e1zet na pravideln\u00e9 n\u00e1v\u0161t\u011bvy.<\/p>\n<p>Prim\u00e1rn\u00edm c\u00edlem je zlep\u0161en\u00ed kvality \u017eivota pacienta, zachov\u00e1n\u00ed jeho d\u016fstojnosti a poskytov\u00e1n\u00ed podpory pro rodinu<\/p>\n<table style=\"border-collapse: collapse;width: 99.2089%;height: 126px\" border=\"1\">\n<tbody>\n<tr style=\"height: 10px\">\n<td style=\"width: 16.9857%;height: 10px\"><strong>L\u00e9ka\u0159i:<\/strong><\/td>\n<td class=\"xl26\" style=\"width: 83.0143%;height: 10px\" width=\"256\">MUDr. Zuzana \u0160oukalov\u00e1<\/td>\n<\/tr>\n<tr style=\"height: 18px\">\n<td style=\"width: 100%;height: 18px\" colspan=\"2\">\n<div>\n<hr \/>\n<\/div>\n<\/td>\n<\/tr>\n<tr style=\"height: 24px\">\n<td style=\"width: 16.9857%;height: 24px\"><strong>Telefon:<\/strong><\/td>\n<td class=\"xl28\" style=\"width: 83.0143%;height: 24px\" width=\"256\" height=\"17\">+ 420 567 157 875<br \/>\n+ 420 705 749 454<\/td>\n<\/tr>\n<tr style=\"height: 18px\">\n<td style=\"width: 100%;height: 18px\" colspan=\"2\">\n<div>\n<hr \/>\n<\/div>\n<\/td>\n<\/tr>\n<tr style=\"height: 28px\">\n<td style=\"width: 16.9857%;height: 28px\"><strong>Ordina\u010dn\u00ed hodiny:<\/strong><\/td>\n<td style=\"width: 83.0143%;height: 28px\">\n<table style=\"border-collapse: collapse;width: 100%\" border=\"1\">\n<tbody>\n<tr>\n<td style=\"width: 11.6175%\"><strong>St\u0159eda<\/strong><\/td>\n<td style=\"width: 88.3825%\">07:00 \u2013 15:00<\/td>\n<\/tr>\n<\/tbody>\n<\/table>\n<\/td>\n<\/tr>\n<tr style=\"height: 18px\">\n<td style=\"width: 100%;height: 18px\" colspan=\"2\">\n<div>\n<hr \/>\n<\/div>\n<\/td>\n<\/tr>\n<tr style=\"height: 24px\">\n<td style=\"width: 16.9857%;height: 10px\"><strong>Kde n\u00e1s najdete:<br \/>\n<\/strong><\/td>\n<td style=\"width: 83.0143%;height: 10px\">Budova E, 4. patro &#8211; onkologick\u00e1 ambulance<\/td>\n<\/tr>\n<\/tbody>\n<\/table>\n<\/div><\/li><\/ul><\/div><\/div><\/article><\/section>\n<\/div>\n<\/div><\/div>\n<\/div>\n<\/div>\n<\/div>\n<\/div>\n<\/div>\n<div id=\"cmsmasters_row_4kb0apw7ag\" class=\"cmsmasters_row cmsmasters_color_scheme_default cmsmasters_row_top_default cmsmasters_row_bot_default cmsmasters_row_boxed\">\n<div class=\"cmsmasters_row_outer_parent\">\n<div class=\"cmsmasters_row_outer\">\n<div class=\"cmsmasters_row_inner\">\n<div class=\"cmsmasters_row_margin\">\n<div id=\"cmsmasters_column_nwwitfqy0a\" class=\"cmsmasters_column one_first\">\n<div class=\"cmsmasters_column_inner\"><\/div><\/div>\n<\/div>\n<\/div>\n<\/div>\n<\/div>\n<\/div>\n\n","protected":false},"excerpt":{"rendered":"","protected":false},"author":5,"featured_media":30305,"parent":30017,"menu_order":0,"comment_status":"closed","ping_status":"closed","template":"","meta":{"pgc_sgb_lightbox_settings":"","footnotes":"","_links_to":"","_links_to_target":""},"categories":[85],"class_list":["post-30052","page","type-page","status-publish","has-post-thumbnail","hentry","category-page-oddeleni"],"publishpress_future_action":{"enabled":false,"date":"2026-04-24 03:41:35","action":"change-status","newStatus":"draft","terms":[],"taxonomy":"category","extraData":[]},"publishpress_future_workflow_manual_trigger":{"enabledWorkflows":[]},"_links":{"self":[{"href":"https:\/\/webnemji.azurewebsites.net\/en\/wp-json\/wp\/v2\/pages\/30052","targetHints":{"allow":["GET"]}}],"collection":[{"href":"https:\/\/webnemji.azurewebsites.net\/en\/wp-json\/wp\/v2\/pages"}],"about":[{"href":"https:\/\/webnemji.azurewebsites.net\/en\/wp-json\/wp\/v2\/types\/page"}],"author":[{"embeddable":true,"href":"https:\/\/webnemji.azurewebsites.net\/en\/wp-json\/wp\/v2\/users\/5"}],"replies":[{"embeddable":true,"href":"https:\/\/webnemji.azurewebsites.net\/en\/wp-json\/wp\/v2\/comments?post=30052"}],"version-history":[{"count":0,"href":"https:\/\/webnemji.azurewebsites.net\/en\/wp-json\/wp\/v2\/pages\/30052\/revisions"}],"up":[{"embeddable":true,"href":"https:\/\/webnemji.azurewebsites.net\/en\/wp-json\/wp\/v2\/pages\/30017"}],"wp:featuredmedia":[{"embeddable":true,"href":"https:\/\/webnemji.azurewebsites.net\/en\/wp-json\/wp\/v2\/media\/30305"}],"wp:attachment":[{"href":"https:\/\/webnemji.azurewebsites.net\/en\/wp-json\/wp\/v2\/media?parent=30052"}],"wp:term":[{"taxonomy":"category","embeddable":true,"href":"https:\/\/webnemji.azurewebsites.net\/en\/wp-json\/wp\/v2\/categories?post=30052"}],"curies":[{"name":"wp","href":"https:\/\/api.w.org\/{rel}","templated":true}]}}