{"id":30716,"date":"2024-05-21T07:59:48","date_gmt":"2024-05-21T05:59:48","guid":{"rendered":"https:\/\/webnemji.azurewebsites.net\/?page_id=30716"},"modified":"2024-05-23T07:30:58","modified_gmt":"2024-05-23T05:30:58","slug":"wifi","status":"publish","type":"page","link":"https:\/\/webnemji.azurewebsites.net\/en\/oddeleni\/ict\/wifi\/","title":{"rendered":"Bezdr\u00e1tov\u00e1 technologie WiFi"},"content":{"rendered":"<div id=\"cmsmasters_row_6iluctg3hk\" class=\"cmsmasters_row cmsmasters_color_scheme_default cmsmasters_row_top_default cmsmasters_row_bot_default cmsmasters_row_boxed\">\n<div class=\"cmsmasters_row_outer_parent\">\n<div class=\"cmsmasters_row_overlay\"><\/div>\n<div class=\"cmsmasters_row_outer\">\n<div class=\"cmsmasters_row_inner\">\n<div class=\"cmsmasters_row_margin\">\n<div id=\"cmsmasters_column_sybg7he2sg\" class=\"cmsmasters_column one_first\">\n<div class=\"cmsmasters_column_inner\"><div id=\"cmsmasters_heading_b3c74b95a0\" class=\"cmsmasters_heading_wrap cmsmasters_heading_align_center pageheadingtitle\">\n\t<h1 class=\"cmsmasters_heading\">Bezdr\u00e1tov\u00e1 technologie &#8211; WiFi<\/h1>\n<\/div>\n<\/div><\/div>\n<\/div>\n<\/div>\n<\/div>\n<\/div>\n<\/div>\n<div id=\"cmsmasters_row_ly5ze1hf8e\" class=\"cmsmasters_row cmsmasters_color_scheme_default cmsmasters_row_top_default cmsmasters_row_bot_default cmsmasters_row_boxed\">\n<div class=\"cmsmasters_row_outer_parent\">\n<div class=\"cmsmasters_row_outer\">\n<div class=\"cmsmasters_row_inner\">\n<div class=\"cmsmasters_row_margin\">\n<div id=\"cmsmasters_column_v67ee6nvg7\" class=\"cmsmasters_column one_first\">\n<div class=\"cmsmasters_column_inner\"><div class=\"cmsmasters_text\">\n<p><nav aria-label=\"breadcrumbs\">\n            <div class=\"breadcrumb-container theme1\">\n                <ol>\n                                    <\/ol>\n            <\/div>\n        <\/nav>    <script type=\"application\/ld+json\">\n        {\n            \"@context\": \"http:\/\/schema.org\",\n            \"@type\": \"BreadcrumbList\",\n            \"itemListElement\": [\n                            ]\n        }\n    <\/script>\n   \n    <script>\n            <\/script>\n<\/p>\n<\/div>\n<\/div><\/div>\n<\/div>\n<\/div>\n<\/div>\n<\/div>\n<\/div>\n<div id=\"cmsmasters_row_3f2f8816dd\" class=\"cmsmasters_row cmsmasters_color_scheme_default cmsmasters_row_top_default cmsmasters_row_bot_default cmsmasters_row_boxed\">\n<div class=\"cmsmasters_row_outer_parent\">\n<div class=\"cmsmasters_row_outer\">\n<div class=\"cmsmasters_row_inner\">\n<div class=\"cmsmasters_row_margin\">\n<div id=\"cmsmasters_column_0a1c5940f5\" class=\"cmsmasters_column one_third stickyinfocolumn\">\n<div class=\"cmsmasters_column_inner\"><div id=\"cmsmasters_heading_rva6m2t32d\" class=\"cmsmasters_heading_wrap cmsmasters_heading_align_center\">\n\t<h3 class=\"cmsmasters_heading\">Informace o odd\u011blen\u00ed<\/h3>\n<\/div>\n<div id=\"cmsmasters_divider_dpp34mcdj5\" class=\"cmsmasters_divider cmsmasters_divider_width_short cmsmasters_divider_pos_center\"><\/div>\n<div class=\"cmsmasters_sidebar sidebar_layout_11 sidebar-custom-menu\"><aside id=\"nav_menu-64\" class=\"widget widget_nav_menu\"><div class=\"menu-ict-container\"><ul id=\"menu-ict\" class=\"menu\"><li id=\"menu-item-29413\" class=\"menu-item menu-item-type-custom menu-item-object-custom menu-item-29413\"><a href=\"\/oddeleni\/ict\/#popis-oddeleni\" data-ps2id-api=\"true\"><i class=\"fa-solid fa-info\"><\/i> Popis odd\u011blen\u00ed<\/a><\/li>\n<li id=\"menu-item-29414\" class=\"static-link menu-item menu-item-type-custom menu-item-object-custom menu-item-29414\"><a href=\"\/kontakty\/usek-ict\/\" data-ps2id-api=\"true\"><i class=\"fa-solid fa-user-doctor\"><\/i> Person\u00e1ln\u00ed obsazen\u00ed<\/a><\/li>\n<li id=\"menu-item-29415\" class=\"menu-item menu-item-type-custom menu-item-object-custom menu-item-29415\"><a href=\"\/oddeleni\/ICT\/#oteviraci-hodiny\" data-ps2id-api=\"true\"><i class=\"fa-regular fa-clock\"><\/i> Pracovn\u00ed doba<\/a><\/li>\n<li id=\"menu-item-29466\" class=\"menu-item menu-item-type-custom menu-item-object-custom menu-item-29466\"><a href=\"\/oddeleni\/ICT\/#napsali\" data-ps2id-api=\"true\"><i class=\"fa-regular fa-newspaper\"><\/i>Napsali o n\u00e1s<\/a><\/li>\n<li id=\"menu-item-29417\" class=\"menu-item menu-item-type-custom menu-item-object-custom menu-item-29417\"><a href=\"\/oddeleni\/ICT\/#kde-nas-najdete\" data-ps2id-api=\"true\"><i class=\"fa-solid fa-location-dot\"><\/i> Kde n\u00e1s najdete<\/a><\/li>\n<li id=\"menu-item-29418\" class=\"menu-item menu-item-type-custom menu-item-object-custom menu-item-29418\"><a href=\"\/oddeleni\/ICT\/#fotogalerie\" data-ps2id-api=\"true\"><i class=\"fa-solid fa-camera\"><\/i> Fotogalerie<\/a><\/li>\n<li id=\"menu-item-29517\" class=\"menu-custom-separator menu-item menu-item-type-custom menu-item-object-custom menu-item-29517\"><hr class=\"mhm-menu-separator\"><\/li>\n<li id=\"menu-item-32404\" class=\"static-link menu-item menu-item-type-custom menu-item-object-custom menu-item-32404\"><a href=\"\/oddeleni\/ict\/pkict\/\" data-ps2id-api=\"true\"><i class=\"fa-solid fa-file-shield\"><\/i>P\u0159\u00edru\u010dka kvality ICT<\/a><\/li>\n<li id=\"menu-item-35564\" class=\"menu-item menu-item-type-custom menu-item-object-custom menu-item-35564\"><a href=\"\/oddeleni\/ict\/citlivost_info\/\" data-ps2id-api=\"true\"><i class=\"fa-solid fa-tag\"><\/i>Ozna\u010dov\u00e1n\u00ed citlivosti informac\u00ed<\/a><\/li>\n<li id=\"menu-item-35565\" class=\"menu-item menu-item-type-custom menu-item-object-custom menu-item-35565\"><a href=\"\/o-nemocnici\/kyberbezpecnost\/\" data-ps2id-api=\"true\"><i class=\"fa-solid fa-shield-halved\"><\/i> Kyberbezpe\u010dnost<\/a><\/li>\n<li id=\"menu-item-30736\" class=\"static-link menu-item menu-item-type-custom menu-item-object-custom menu-item-30736\"><a href=\"\/oddeleni\/ict\/wifi\/\" data-ps2id-api=\"true\"><i class=\"fa-solid fa-wifi\"><\/i>WiFi p\u0159ipojen\u00ed<\/a><\/li>\n<li id=\"menu-item-29561\" class=\"static-link menu-item menu-item-type-custom menu-item-object-custom menu-item-29561\"><a href=\"\/oddeleni\/ict\/historie-ict\/\" data-ps2id-api=\"true\"><i class=\"fa-solid fa-computer\"><\/i>Historie ICT<\/a><\/li>\n<li id=\"menu-item-29578\" class=\"static-link menu-item menu-item-type-custom menu-item-object-custom menu-item-29578\"><a href=\"\/kariera\/volne-pracovni-pozice\/#hfaq-post-29288\" data-ps2id-api=\"true\"><i class=\"fa-solid fa-id-card-clip\"><\/i>Pracovn\u00ed p\u0159\u00edle\u017eitosti<\/a><\/li>\n<li id=\"menu-item-29470\" class=\"menu-item menu-item-type-custom menu-item-object-custom menu-item-29470\"><a href=\"http:\/\/get.teamviewer.com\/bntmts4\" data-ps2id-api=\"true\"><i class=\"fa-solid fa-headset\"><\/i>Podpora ICT (TeamViewer)<\/a><\/li>\n<\/ul><\/div><\/aside><div class=\"cl\"><\/div>\n<\/div>\n<\/div><\/div>\n<div id=\"cmsmasters_column_k7vlyuz4yq\" class=\"cmsmasters_column two_third\">\n<div class=\"cmsmasters_column_inner\"><div class=\"cmsmasters_text scroll-location\">\n<p><a id=\"popis-oddeleni\"><\/a><\/p>\n<\/div>\n<div id=\"cmsmasters_heading_0cx4mcjjyd\" class=\"cmsmasters_heading_wrap cmsmasters_heading_align_left\">\n\t<h2 class=\"cmsmasters_heading\">Bezdr\u00e1tov\u00e1 technologie WiFi &#8211; internet pro pacienty<\/h2>\n<\/div>\n<div id=\"cmsmasters_divider_1piiv9cepr\" class=\"cmsmasters_divider cmsmasters_divider_width_short cmsmasters_divider_pos_left\"><\/div>\n<div class=\"cmsmasters_text\">\n<p><img loading=\"lazy\" decoding=\"async\" class=\"wp-image-30720 alignleft\" src=\"\/wp-content\/uploads\/2024\/05\/logo-wifi.jpg\" alt=\"\" width=\"531\" height=\"105\" srcset=\"\/wp-content\/uploads\/2024\/05\/logo-wifi.jpg 450w, \/wp-content\/uploads\/2024\/05\/logo-wifi-300x59.jpg 300w, \/wp-content\/uploads\/2024\/05\/logo-wifi-18x4.jpg 18w\" sizes=\"auto, (max-width: 531px) 100vw, 531px\" \/><img loading=\"lazy\" decoding=\"async\" class=\"alignnone wp-image-30719\" src=\"\/wp-content\/uploads\/2024\/05\/eduroam.png\" alt=\"\" width=\"240\" height=\"98\" srcset=\"\/wp-content\/uploads\/2024\/05\/eduroam.png 184w, \/wp-content\/uploads\/2024\/05\/eduroam-18x7.png 18w\" sizes=\"auto, (max-width: 240px) 100vw, 240px\" \/><\/p>\n<\/div>\n\n<div id=\"cmsmasters_divider_h4866l1h8\" class=\"cmsmasters_divider cmsmasters_divider_width_medium cmsmasters_divider_pos_left\"><\/div>\n<div class=\"cmsmasters_text\">\n<p><strong>Aplikace pro jednoduch\u00e9 automatick\u00e9 nastaven\u00ed eduroam (doporu\u010dujeme):\u00a0<\/strong><a class=\"fui-Link ___1rxvrpe f2hkw1w f3rmtva f1ewtqcl fyind8e f1k6fduh f1w7gpdv fk6fouc fjoy568 figsok6 f1hu3pq6 f11qmguv f19f4twv f1tyq0we f1g0x7ka fhxju0i f1qch9an f1cnd47f fqv5qza f1vmzxwi f1o700av f13mvf36 f1cmlufx f9n3di6 f1ids18y f1tx3yz7 f1deo86v f1eh06m1 f1iescvh fhgqx19 f1olyrje f1p93eir f1nev41a f1h8hb77 f1lqvz6u f10aw75t fsle3fq f17ae5zn\" title=\"https:\/\/www.geteduroam.app\/\" href=\"https:\/\/www.geteduroam.app\/\" target=\"_blank\" rel=\"noreferrer noopener\" aria-label=\"Odkaz https:\/\/www.geteduroam.app\/\">https:\/\/www.geteduroam.app\/<\/a><\/p>\n<p><a href=\"\/wp-content\/uploads\/2024\/05\/eduroam.jpg\"><img loading=\"lazy\" decoding=\"async\" class=\"wp-image-30718 alignleft\" src=\"\/wp-content\/uploads\/2024\/05\/eduroam.jpg\" alt=\"\" width=\"202\" height=\"202\" srcset=\"\/wp-content\/uploads\/2024\/05\/eduroam.jpg 123w, \/wp-content\/uploads\/2024\/05\/eduroam-12x12.jpg 12w, \/wp-content\/uploads\/2024\/05\/eduroam-65x65.jpg 65w\" sizes=\"auto, (max-width: 202px) 100vw, 202px\" \/><\/a><\/p>\n<p><span class=\"ui-provider a b c d e f g h i j k l m n o p q r s t u v w x y z ab ac ae af ag ah ai aj ak\" dir=\"ltr\"><strong><br \/>\nKonfigura\u010dn\u00ed asistent s\u00edt\u011b eduroam:<\/strong><br \/>\n<a class=\"fui-Link ___1rxvrpe f2hkw1w f3rmtva f1ewtqcl fyind8e f1k6fduh f1w7gpdv fk6fouc fjoy568 figsok6 f1hu3pq6 f11qmguv f19f4twv f1tyq0we f1g0x7ka fhxju0i f1qch9an f1cnd47f fqv5qza f1vmzxwi f1o700av f13mvf36 f1cmlufx f9n3di6 f1ids18y f1tx3yz7 f1deo86v f1eh06m1 f1iescvh fhgqx19 f1olyrje f1p93eir f1nev41a f1h8hb77 f1lqvz6u f10aw75t fsle3fq f17ae5zn\" title=\"https:\/\/cat.eduroam.org\/?idp=5923&amp;profile=6412\" href=\"https:\/\/cat.eduroam.org\/?idp=5923&amp;profile=6412\" target=\"_blank\" rel=\"noreferrer noopener\" aria-label=\"Odkaz https:\/\/cat.eduroam.org\/?idp=5923&amp;profile=6412\">https:\/\/cat.eduroam.org\/?idp=5923&amp;profile=6412<\/a><\/span><\/p>\n<p>&nbsp;<\/p>\n<\/div>\n\n<div id=\"cmsmasters_divider_n1icug2et\" class=\"cl\"><\/div>\n<div class=\"cmsmasters_text\">\n<h4><strong>N\u00e1v\u0161t\u011bvn\u00edci i pacienti mohou bezplatn\u011b vyu\u017e\u00edt n\u00e1sleduj\u00edc\u00edch bezplatn\u00fdch wifi s\u00edt\u00ed<\/strong><\/h4>\n<ul>\n<li>N\u00e1zev bezdr\u00e1tov\u00e9 s\u00edt\u011b (SSID):\u00a0 \u00a0<strong>Nemocnice-Free <\/strong>(n\u00e1vod p\u0159ipojen\u00ed k t\u00e9to s\u00edti: pro opera\u010dn\u00ed syst\u00e9m <strong><a href=\"\/wp-content\/uploads\/2024\/05\/NemJi-Free-iOS.pdf\">iOS<\/a><\/strong>, nebo pro <strong><a href=\"\/wp-content\/uploads\/2024\/05\/Pripojeni-k-siti-Nemocnice-Free.pdf\">Android<\/a><\/strong>)<\/li>\n<li>N\u00e1zev bezdr\u00e1tov\u00e9 s\u00edt\u011b (SSID):\u00a0<strong>\u00a0 eduroam<\/strong><\/li>\n<\/ul>\n<p>N\u00e1m\u011bty a p\u0159ipom\u00ednky t\u00fdkaj\u00edc\u00ed se WiFi: <a class=\"fui-Link ___1rxvrpe f2hkw1w f3rmtva f1ewtqcl fyind8e f1k6fduh f1w7gpdv fk6fouc fjoy568 figsok6 f1hu3pq6 f11qmguv f19f4twv f1tyq0we f1g0x7ka fhxju0i f1qch9an f1cnd47f fqv5qza f1vmzxwi f1o700av f13mvf36 f1cmlufx f9n3di6 f1ids18y f1tx3yz7 f1deo86v f1eh06m1 f1iescvh fhgqx19 f1olyrje f1p93eir f1nev41a f1h8hb77 f1lqvz6u f10aw75t fsle3fq f17ae5zn\" title=\"mailto:wifi@nemji.cz\" href=\"mailto:wifi@nemji.cz\" target=\"_blank\" rel=\"noreferrer noopener\" aria-label=\"Odkaz wifi@nemji.cz\"><strong>wifi@nemji.cz<\/strong><\/a><\/p>\n<h4>Na\u0161e nemocnice je p\u0159ipojena k eduroamu<\/h4>\n<p><a class=\"fui-Link ___1rxvrpe f2hkw1w f3rmtva f1ewtqcl fyind8e f1k6fduh f1w7gpdv fk6fouc fjoy568 figsok6 f1hu3pq6 f11qmguv f19f4twv f1tyq0we f1g0x7ka fhxju0i f1qch9an f1cnd47f fqv5qza f1vmzxwi f1o700av f13mvf36 f1cmlufx f9n3di6 f1ids18y f1tx3yz7 f1deo86v f1eh06m1 f1iescvh fhgqx19 f1olyrje f1p93eir f1nev41a f1h8hb77 f1lqvz6u f10aw75t fsle3fq f17ae5zn\" title=\"https:\/\/www.eduroam.cz\/\" href=\"https:\/\/www.eduroam.cz\/\" target=\"_blank\" rel=\"noreferrer noopener\" aria-label=\"Odkaz eduroam\"><i>eduroam<\/i><\/a>\u00a0je mezin\u00e1rodn\u00ed projekt zab\u00fdvaj\u00edc\u00ed se podporou mobility a roamingu v s\u00edt\u00edch n\u00e1rodn\u00edho v\u00fdzkumu a vzd\u011bl\u00e1v\u00e1n\u00ed (NREN). V \u010cesk\u00e9 republice je tento projekt zast\u0159e\u0161ov\u00e1n sdru\u017een\u00edm\u00a0<a class=\"fui-Link ___1rxvrpe f2hkw1w f3rmtva f1ewtqcl fyind8e f1k6fduh f1w7gpdv fk6fouc fjoy568 figsok6 f1hu3pq6 f11qmguv f19f4twv f1tyq0we f1g0x7ka fhxju0i f1qch9an f1cnd47f fqv5qza f1vmzxwi f1o700av f13mvf36 f1cmlufx f9n3di6 f1ids18y f1tx3yz7 f1deo86v f1eh06m1 f1iescvh fhgqx19 f1olyrje f1p93eir f1nev41a f1h8hb77 f1lqvz6u f10aw75t fsle3fq f17ae5zn\" title=\"https:\/\/www.cesnet.cz\/\" href=\"https:\/\/www.cesnet.cz\/\" target=\"_blank\" rel=\"noreferrer noopener\" aria-label=\"Odkaz CESNET\">CESNET<\/a>. Byl tak u\u010din\u011bn dal\u0161\u00ed krok ke zv\u00fd\u0161en\u00ed kvality zaji\u0161t\u011bn\u00ed studia a presti\u017ee instituce.<\/p>\n<h4>Jeden \u00fa\u010det. Kdekoliv.<\/h4>\n<p>Registrovan\u00fd \u00fa\u010dastn\u00edk m\u016f\u017ee pou\u017e\u00edvat tuto bezdr\u00e1tovou s\u00ed\u0165 (kdekoliv je dostupn\u00e1) pomoc\u00ed jednoho u\u017eivatelsk\u00e9ho \u00fa\u010dtu. Spr\u00e1vu \u00fa\u010dtu prov\u00e1d\u00ed Va\u0161e organizace.<\/p>\n<p>Pou\u017eit\u00ed roamingu je jednoduch\u00e9, \u0159\u00e1dn\u011b nastaven\u00e9 za\u0159\u00edzen\u00ed \u00fa\u010dastn\u00edka se p\u0159ipojuje automaticky, jakmile je s\u00ed\u0165 eduroam k dispozici. Podobn\u011b jako funguje p\u0159ipojen\u00ed k zahrani\u010dn\u00edm s\u00edt\u00edm mobiln\u00edch oper\u00e1tor\u016f v r\u00e1mci roamingu. Odtud tak\u00e9 akronym:\u00a0<strong>edu<\/strong>cation\u00a0<strong>roam<\/strong>ing.<\/p>\n<p>Slu\u017eba je pro v\u0161echny \u00fa\u010dastn\u00edky zdarma.<\/p>\n<h4>Aktivace eduroam \u00fa\u010dtu<\/h4>\n<p>V<em> eduroamu<\/em> se pou\u017e\u00edv\u00e1 u\u017eivatelsk\u00e9 jm\u00e9no sest\u00e1vaj\u00edc\u00ed ze dvou \u010d\u00e1st\u00ed \u2013 samotn\u00e9ho u\u017eivatelsk\u00e9ho jm\u00e9na a realmu. Za u\u017eivatelsk\u00e9 jm\u00e9no, na n\u011b\u017e jste zvykl\u00ed z Va\u0161\u00ed \u0161koly\/instituce, budete v r\u00e1mci roamingu p\u0159id\u00e1vat znak <strong>@<\/strong> a V\u00e1\u0161 realm (tedy @nemji.cz pro zam\u011bstnance Nemocnice Jihlava). Ne\u017e budete moci roaming vyu\u017e\u00edvat, budete si tak\u00e9 muset nastavit eduroam heslo dle p\u0159ihl\u00e1\u0161en\u00ed ve Va\u0161\u00ed organizaci.<\/p>\n<h4>Pokryt\u00e9 prostory<\/h4>\n<p><i>eduroam<\/i>\u00a0je vys\u00edl\u00e1n v prostorech vybaven\u00fdch HPE Aruba hotspoty, tedy cca v 90% are\u00e1lu Nemocnice Jihlava.<\/p>\n<h4>Kde v\u0161ude se m\u016f\u017eete sv\u00fdm \u00fa\u010dtem p\u0159ipojit?<\/h4>\n<p><a class=\"fui-Link ___1rxvrpe f2hkw1w f3rmtva f1ewtqcl fyind8e f1k6fduh f1w7gpdv fk6fouc fjoy568 figsok6 f1hu3pq6 f11qmguv f19f4twv f1tyq0we f1g0x7ka fhxju0i f1qch9an f1cnd47f fqv5qza f1vmzxwi f1o700av f13mvf36 f1cmlufx f9n3di6 f1ids18y f1tx3yz7 f1deo86v f1eh06m1 f1iescvh fhgqx19 f1olyrje f1p93eir f1nev41a f1h8hb77 f1lqvz6u f10aw75t fsle3fq f17ae5zn\" title=\"https:\/\/monitor.eduroam.org\/map_service_loc.php\" href=\"https:\/\/monitor.eduroam.org\/map_service_loc.php\" target=\"_blank\" rel=\"noreferrer noopener\" aria-label=\"Odkaz https:\/\/monitor.eduroam.org\/map_service_loc.php\">https:\/\/monitor.eduroam.org\/map_service_loc.php<\/a><\/p>\n<\/div>\n<\/div><\/div>\n<\/div>\n<\/div>\n<\/div>\n<\/div>\n<\/div>\n<div id=\"cmsmasters_row_4kb0apw7ag\" class=\"cmsmasters_row cmsmasters_color_scheme_default cmsmasters_row_top_default cmsmasters_row_bot_default cmsmasters_row_boxed\">\n<div class=\"cmsmasters_row_outer_parent\">\n<div class=\"cmsmasters_row_outer\">\n<div class=\"cmsmasters_row_inner\">\n<div class=\"cmsmasters_row_margin\">\n<div id=\"cmsmasters_column_nwwitfqy0a\" class=\"cmsmasters_column one_first\">\n<div class=\"cmsmasters_column_inner\"><\/div><\/div>\n<\/div>\n<\/div>\n<\/div>\n<\/div>\n<\/div>\n\n","protected":false},"excerpt":{"rendered":"","protected":false},"author":5,"featured_media":29548,"parent":29423,"menu_order":0,"comment_status":"closed","ping_status":"closed","template":"","meta":{"pgc_sgb_lightbox_settings":"","footnotes":"","_links_to":"","_links_to_target":""},"categories":[85],"class_list":["post-30716","page","type-page","status-publish","has-post-thumbnail","hentry","category-page-oddeleni"],"publishpress_future_action":{"enabled":false,"date":"2026-04-12 13:16:27","action":"change-status","newStatus":"draft","terms":[],"taxonomy":"category","extraData":[]},"publishpress_future_workflow_manual_trigger":{"enabledWorkflows":[]},"_links":{"self":[{"href":"https:\/\/webnemji.azurewebsites.net\/en\/wp-json\/wp\/v2\/pages\/30716","targetHints":{"allow":["GET"]}}],"collection":[{"href":"https:\/\/webnemji.azurewebsites.net\/en\/wp-json\/wp\/v2\/pages"}],"about":[{"href":"https:\/\/webnemji.azurewebsites.net\/en\/wp-json\/wp\/v2\/types\/page"}],"author":[{"embeddable":true,"href":"https:\/\/webnemji.azurewebsites.net\/en\/wp-json\/wp\/v2\/users\/5"}],"replies":[{"embeddable":true,"href":"https:\/\/webnemji.azurewebsites.net\/en\/wp-json\/wp\/v2\/comments?post=30716"}],"version-history":[{"count":0,"href":"https:\/\/webnemji.azurewebsites.net\/en\/wp-json\/wp\/v2\/pages\/30716\/revisions"}],"up":[{"embeddable":true,"href":"https:\/\/webnemji.azurewebsites.net\/en\/wp-json\/wp\/v2\/pages\/29423"}],"wp:featuredmedia":[{"embeddable":true,"href":"https:\/\/webnemji.azurewebsites.net\/en\/wp-json\/wp\/v2\/media\/29548"}],"wp:attachment":[{"href":"https:\/\/webnemji.azurewebsites.net\/en\/wp-json\/wp\/v2\/media?parent=30716"}],"wp:term":[{"taxonomy":"category","embeddable":true,"href":"https:\/\/webnemji.azurewebsites.net\/en\/wp-json\/wp\/v2\/categories?post=30716"}],"curies":[{"name":"wp","href":"https:\/\/api.w.org\/{rel}","templated":true}]}}